{"id":21913,"date":"2018-01-02T01:04:46","date_gmt":"2018-01-02T01:04:46","guid":{"rendered":"http:\/\/biblian.is\/videy\/fyrra-korintubref-2-kafli\/"},"modified":"2018-01-02T01:04:46","modified_gmt":"2018-01-02T01:04:46","slug":"fyrra-korintubref-2-kafli","status":"publish","type":"page","link":"https:\/\/biblian.is\/videy\/fyrra-korintubref-2-kafli\/","title":{"rendered":"Fyrra Korintubr\u00e9f 2. kafli"},"content":{"rendered":"<div class=\"fyrirsognVidey\">P\u00e1ll forsvarar kristnibo\u00f0 sitt; segist m\u00e1lsnilldarlaust hafa kennt krossins l\u00e6rd\u00f3m, svo hans kraftur tilskrifist l\u00e6rd\u00f3minum einum, sem innihaldi \u00fev\u00edl\u00edkan v\u00edsd\u00f3m, sem heimsins vitringum hafi veri\u00f0 of h\u00e1r, nema \u00feeir uppl\u00fdstust af l\u00e6rd\u00f3minum sj\u00e1lfum.<\/div>\n<p><a name=\"1\"><span class=\"versanumer\">1<\/span><\/a>Og \u00feegar eg kom til y\u00f0ar, br\u00e6\u00f0ur! og bo\u00f0a\u00f0i y\u00f0ur vitnisbur\u00f0inn Gu\u00f0s, kom eg me\u00f0 enga framm\u00farskarandi or\u00f0snilld e\u00f0ur speki;<a name=\"2\"><span class=\"versanumer\">2<\/span><\/a>\u00fev\u00ed eg \u00e1setti m\u00e9r a\u00f0 l\u00e1ta ekki \u00e1 \u00fev\u00ed bera a\u00f0 eg vissi anna\u00f0 en l\u00e6rd\u00f3minn um Jes\u00fam Krist og hann krossfestann.<a name=\"3\"><span class=\"versanumer\">3<\/span><\/a>Me\u00f0 l\u00edtil\u00e6ti og \u00f3tta og mikilli hr\u00e6\u00f0slu var eg me\u00f0 y\u00f0ur.<a name=\"4\"><span class=\"versanumer\">4<\/span><\/a>Minn l\u00e6rd\u00f3mur og kenning var innifalinn ekki \u00ed fort\u00f6lum spaklegrar m\u00e1lsnilldar, heldur \u00ed augl\u00fdsingu anda og kraftar,<a name=\"5\"><span class=\"versanumer\">5<\/span><\/a>svo y\u00f0ar tr\u00fa v\u00e6ri ekki bygg\u00f0 \u00e1 mannlegri speki, heldur \u00e1 Gu\u00f0s krafti. <br \/><a name=\"6\"><span class=\"versanumer\">6<\/span><\/a>V\u00e9r t\u00f6lum a\u00f0 s\u00f6nnu speki me\u00f0al \u00feeirra fullkomnu, en \u00fe\u00f3 ekki speki \u00feessarar aldar, e\u00f0ur \u00feessarar aldar h\u00f6f\u00f0ingja, \u00far hv\u00f6rjum l\u00edfi\u00f0 mun ver\u00f0a,<a name=\"7\"><span class=\"versanumer\">7<\/span><\/a>heldur kennum v\u00e9r speki Gu\u00f0s leyndarr\u00e1\u00f0s, er \u00e1\u00f0ur var hulin, hv\u00f6rja Gu\u00f0 haf\u00f0i fr\u00e1 eil\u00edf\u00f0 fyrirhuga\u00f0 oss til d\u00fdr\u00f0ar <span class='VideyAth'>b)<\/span>.<a name=\"8\"><span class=\"versanumer\">8<\/span><\/a>Af \u00feessari speki vissi enginn \u00feessarar aldar h\u00f6f\u00f0ingja, \u00fev\u00ed ef \u00feeir hef\u00f0u \u00feekkt hana, hef\u00f0u \u00feeir ekki krossfest Drottin d\u00fdr\u00f0arinnar,<a name=\"9\"><span class=\"versanumer\">9<\/span><\/a>heldur <span class='VideyAth'>c)<\/span>, eins og skrifa\u00f0 stendur: auga hefir ekki s\u00e9\u00f0, ekki eyra heyrt og \u00ed einkis huga komi\u00f0, hva\u00f0 Gu\u00f0 hefir \u00feeim fyrirb\u00fai\u00f0, sem hann elska.<a name=\"10\"><span class=\"versanumer\">10<\/span><\/a>En oss hefir Gu\u00f0 opinbera\u00f0 hana fyrir sinn anda, \u00fev\u00ed andinn rannsakar allt og svo Gu\u00f0s leyndarr\u00e1\u00f0.<a name=\"11\"><span class=\"versanumer\">11<\/span><\/a>Hv\u00f6r veit hva\u00f0 \u00ed manninum b\u00fdr, nema mannsins andi, sem \u00ed honum er; svo veit eng\u00ednn hva\u00f0 \u00ed Gu\u00f0i b\u00fdr, nema Gu\u00f0s Andi.<a name=\"12\"><span class=\"versanumer\">12<\/span><\/a>V\u00e9r h\u00f6fum ekki me\u00f0teki\u00f0 heimsins anda, heldur \u00feann anda, sem fr\u00e1 Gu\u00f0i er, svo v\u00e9r \u00feekkjum \u00fe\u00e1 n\u00e1\u00f0, sem hann hefir oss veitta.<a name=\"13\"><span class=\"versanumer\">13<\/span><\/a>\u00deetta kennum v\u00e9r ekki me\u00f0 or\u00f0um, sem mannleg speki hefir oss kennt, heldur me\u00f0 or\u00f0um, er andinn hefir me\u00f0deilt oss og \u00fatlistum \u00fea\u00f0 andlega me\u00f0 andlegum or\u00f0um fyrir andlega sinnu\u00f0um.<a name=\"14\"><span class=\"versanumer\">14<\/span><\/a>En holdlega sinna\u00f0ur ma\u00f0ur skilur ekki \u00fea\u00f0 andlega, \u00fea\u00f0 er heimska fyrir honum og hann getur ekki skili\u00f0 \u00fea\u00f0, \u00fev\u00ed \u00fea\u00f0 hl\u00fdtur andlega a\u00f0 d\u00e6mast.<a name=\"15\"><span class=\"versanumer\">15<\/span><\/a>En hinn andlega sinna\u00f0i d\u00e6mir um allt, en ver\u00f0ur af engum d\u00e6mdur;<a name=\"16\"><span class=\"versanumer\">16<\/span><\/a>\u201e\u00fev\u00ed hv\u00f6r hefir \u00feekkt Drottins sinni, a\u00f0 hann geti fr\u00e6tt hann\u201c? en v\u00e9r h\u00f6fum Krists sinni.<\/p>\n<div class=\"footnoteVidey\">V. 2. Gal. 6,14.  V. 4. l\u00fdsti \u00fev\u00ed a\u00f0 hann hef\u00f0i s\u00edn uppt\u00f6k fr\u00e1 heil\u00f6gum anda og \u00feess vegna gu\u00f0legan kraft. J\u00f3h. 6,63.  V. 5. 1 Tess. 1,5.  V. 6. Jak. 3,15. Kap. 1,20.28.  V. 7. b. eil\u00edfrar fars\u00e6ldar.  V. 9. c. nl. kennum v\u00e9r. Esa. 64,3. samanb. vi\u00f0 65,17.  V. 13. V. 1.4. Gal. 1,11.12.  V. 14. og 15. a\u00f0rir geta ekki um \u00fea\u00f0 r\u00e9tt d\u00e6mt en \u00feeir, sem komnir eru a\u00f0 r\u00e9ttum skilningi \u00e1 Krists l\u00e6rd\u00f3mi og hj\u00e1 hv\u00f6rjum kristilegt hugarfar er drottnandi. \u00dev\u00edl\u00edkir geta r\u00e9tt d\u00e6mt um allt sem kristind\u00f3mi vi\u00f0kemur.  V. 16. Es. 40,13. Job. 15,8. R\u00f3m. 11,34.<\/div>\n","protected":false},"excerpt":{"rendered":"<p>P\u00e1ll forsvarar kristnibo\u00f0 sitt; segist m\u00e1lsnilldarlaust hafa kennt krossins l\u00e6rd\u00f3m, svo hans kraftur tilskrifist l\u00e6rd\u00f3minum einum, sem innihaldi \u00fev\u00edl\u00edkan v\u00edsd\u00f3m, sem heimsins vitringum hafi veri\u00f0 of h\u00e1r, nema \u00feeir uppl\u00fdstust af l\u00e6rd\u00f3minum sj\u00e1lfum. 1Og \u00feegar eg kom til y\u00f0ar, br\u00e6\u00f0ur! og bo\u00f0a\u00f0i y\u00f0ur vitnisbur\u00f0inn Gu\u00f0s, kom eg me\u00f0 enga framm\u00farskarandi or\u00f0snilld e\u00f0ur speki;2\u00fev\u00ed eg \u00e1setti m\u00e9r a\u00f0 l\u00e1ta ekki \u00e1 \u00fev\u00ed bera a\u00f0 eg vissi anna\u00f0 en l\u00e6rd\u00f3minn um Jes\u00fam Krist og hann krossfestann.3Me\u00f0 l\u00edtil\u00e6ti og \u00f3tta og mikilli hr\u00e6\u00f0slu var eg me\u00f0 y\u00f0ur.4Minn l\u00e6rd\u00f3mur og kenning var innifalinn ekki \u00ed fort\u00f6lum spaklegrar m\u00e1lsnilldar, heldur \u00ed augl\u00fdsingu anda og kraftar,5svo <a href=\"https:\/\/biblian.is\/videy\/fyrra-korintubref-2-kafli\/\"> [&#8230;]<\/a><\/p>\n","protected":false},"author":1,"featured_media":0,"parent":0,"menu_order":0,"comment_status":"open","ping_status":"open","template":"bibliukaflar.php","meta":{"footnotes":""},"class_list":["post-21913","page","type-page","status-publish","hentry"],"_links":{"self":[{"href":"https:\/\/biblian.is\/videy\/wp-json\/wp\/v2\/pages\/21913","targetHints":{"allow":["GET"]}}],"collection":[{"href":"https:\/\/biblian.is\/videy\/wp-json\/wp\/v2\/pages"}],"about":[{"href":"https:\/\/biblian.is\/videy\/wp-json\/wp\/v2\/types\/page"}],"author":[{"embeddable":true,"href":"https:\/\/biblian.is\/videy\/wp-json\/wp\/v2\/users\/1"}],"replies":[{"embeddable":true,"href":"https:\/\/biblian.is\/videy\/wp-json\/wp\/v2\/comments?post=21913"}],"version-history":[{"count":0,"href":"https:\/\/biblian.is\/videy\/wp-json\/wp\/v2\/pages\/21913\/revisions"}],"wp:attachment":[{"href":"https:\/\/biblian.is\/videy\/wp-json\/wp\/v2\/media?parent=21913"}],"curies":[{"name":"wp","href":"https:\/\/api.w.org\/{rel}","templated":true}]}}