{"id":21912,"date":"2018-01-02T01:04:46","date_gmt":"2018-01-02T01:04:46","guid":{"rendered":"http:\/\/biblian.is\/videy\/fyrra-korintubref-1-kafli\/"},"modified":"2018-01-02T01:04:46","modified_gmt":"2018-01-02T01:04:46","slug":"fyrra-korintubref-1-kafli","status":"publish","type":"page","link":"https:\/\/biblian.is\/videy\/fyrra-korintubref-1-kafli\/","title":{"rendered":"Fyrra Korintubr\u00e9f 1. kafli"},"content":{"rendered":"<div class=\"fyrirsognVidey\">P\u00e1ll \u00f3skar \u00feeim kristnu \u00ed Korintu Gu\u00f0s n\u00e1\u00f0ar. \u00deakkar Gu\u00f0i fyrir, a\u00f0 Krists l\u00e6rd\u00f3mur hafi fest r\u00e6tur hj\u00e1 \u00feeim og vonar, a\u00f0 \u00feekking hans og hl\u00fd\u00f0ni vi\u00f0 hann muni fara vaxandi. Lastar \u00f3samlyndi \u00feeirra; varar \u00fe\u00e1 vi\u00f0 a\u00f0 l\u00e1ta sig af heimsins vitringum fleka fr\u00e1 Krists einfalda l\u00e6rd\u00f3mi, sem heiminum a\u00f0 s\u00f6nnu \u00feyki heimskulegur, en innihaldi \u00fe\u00f3 gu\u00f0legan v\u00edsd\u00f3m og kraft. Gu\u00f0 hafi ena l\u00edtilm\u00f3tlegu \u00fatvali\u00f0, svo men ver\u00f0i allt a\u00f0 tilskrifa Gu\u00f0s n\u00e1\u00f0.<\/div>\n<p><a name=\"1\"><span class=\"versanumer\">1<\/span><\/a>P\u00e1ll, kalla\u00f0ur, a\u00f0 Gu\u00f0s vilja, til a\u00f0 vera postuli Jes\u00fa Krists og br\u00f3\u00f0ir S\u00f3stenes,<a name=\"2\"><span class=\"versanumer\">2<\/span><\/a>\u00f3skar n\u00e1\u00f0ar og fri\u00f0ar af Gu\u00f0i vorum F\u00f6\u00f0ur Drottni Jes\u00fa Kristi, Gu\u00f0s s\u00f6fnu\u00f0i \u00ed Korintuborg, y\u00f0ur sem fyrir Jes\u00fam Krist eru\u00f0 helga\u00f0ir, kalla\u00f0ir og heilagir <span class='VideyAth'>a)<\/span>,<a name=\"3\"><span class=\"versanumer\">3<\/span><\/a>\u00e1samt \u00f6llum \u00feeim hvar helst, sem \u00feeir eru, sem \u00e1kalla nafn Jes\u00fa Krists, vors og \u00feeirra Drottin. <br \/><a name=\"4\"><span class=\"versanumer\">4<\/span><\/a>Eg \u00feakka Gu\u00f0i m\u00ednum jafnan y\u00f0ar vegna, fyrir \u00fe\u00e1 Gu\u00f0s n\u00e1\u00f0, sem y\u00f0ur er gefin fyrir Jes\u00fam Krist;<a name=\"5\"><span class=\"versanumer\">5<\/span><\/a>\u00fev\u00ed a\u00f0 \u00fe\u00e9r eru\u00f0 fyrir hann \u00ed \u00f6llu au\u00f0ga\u00f0ir \u00ed alls konar l\u00e6rd\u00f3mi og \u00feekkingu,<a name=\"6\"><span class=\"versanumer\">6<\/span><\/a>me\u00f0 \u00fev\u00ed l\u00e6rd\u00f3mur Krists er or\u00f0inn hj\u00e1 y\u00f0ur r\u00f3tfestur,<a name=\"7\"><span class=\"versanumer\">7<\/span><\/a>og \u00fea\u00f0 svo, a\u00f0 \u00fe\u00e9r ekki eru\u00f0 varhluta af nokkurri n\u00e1\u00f0argj\u00f6f og v\u00e6nti\u00f0 opinberunar Drottins vors Jes\u00fa Krists,<a name=\"8\"><span class=\"versanumer\">8<\/span><\/a>er og mun styrkja y\u00f0ur allt til enda, svo a\u00f0 \u00fe\u00e9r s\u00e9u\u00f0 \u00f3straffanlegir \u00e1 degi Drottins vors Jes\u00fa Krists.<a name=\"9\"><span class=\"versanumer\">9<\/span><\/a>Tr\u00far er s\u00e1 Gu\u00f0, sem hefir kalla\u00f0 y\u00f0ur til samf\u00e9lags s\u00edns Sonar, Drottins vors Jes\u00fa Krists. <br \/><a name=\"10\"><span class=\"versanumer\">10<\/span><\/a>Eg \u00e1minni y\u00f0ur, br\u00e6\u00f0ur! \u00ed nafni Drottins vors Jes\u00fa Krists, a\u00f0 \u00fe\u00e9r s\u00e9u\u00f0 allir \u00e1 einu m\u00e1li og ekki s\u00e9u flokkadr\u00e6ttir y\u00f0ar \u00e1 milli, heldur s\u00e9u\u00f0 samlyndir og samd\u00f3ma;<a name=\"11\"><span class=\"versanumer\">11<\/span><\/a>\u00fev\u00ed m\u00e9r er sagt af heimilism\u00f6nnum Kl\u00f3e, br\u00e6\u00f0ur m\u00ednir! a\u00f0 deilur s\u00e9u y\u00f0ar \u00e1 milli.<a name=\"12\"><span class=\"versanumer\">12<\/span><\/a>Eg meina \u00feetta, a\u00f0 einn af y\u00f0ur segir: eg er P\u00e1ls <span class='VideyAth'>b)<\/span>; annar: eg er Apoll\u00f3s <span class='VideyAth'>c)<\/span>; \u00feri\u00f0ji: eg er Kefasar <span class='VideyAth'>d)<\/span>; fj\u00f3r\u00f0i: eg er sj\u00e1lfs Krists.<a name=\"13\"><span class=\"versanumer\">13<\/span><\/a>Er \u00fe\u00e1 b\u00fai\u00f0 a\u00f0 skipta Kristi \u00ed sundur? mun P\u00e1ll hafa veri\u00f0 krossfestur y\u00f0ar vegna? e\u00f0a eru\u00f0 \u00fe\u00e9r sk\u00edr\u00f0ir \u00ed P\u00e1ls nafni?<a name=\"14\"><span class=\"versanumer\">14<\/span><\/a>Gu\u00f0i s\u00e9 lof! a\u00f0 eg engan y\u00f0ar hefi sk\u00edrt nema Krispus og Kajus,<a name=\"15\"><span class=\"versanumer\">15<\/span><\/a>svo a\u00f0 enginn geti sagt: a\u00f0 eg hafi sk\u00edrt \u00ed m\u00ednu nafni.<a name=\"16\"><span class=\"versanumer\">16<\/span><\/a>Eg sk\u00edr\u00f0i l\u00edka Stef\u00e1ns heimilismenn, fleiri veit eg ekki til a\u00f0 eg hafi sk\u00edrt;<a name=\"17\"><span class=\"versanumer\">17<\/span><\/a>\u00fev\u00ed ekki sendi Kristur mig til a\u00f0 sk\u00edra, heldur til a\u00f0 kenna, ekki me\u00f0 or\u00f0speki, svo a\u00f0 l\u00e6rd\u00f3murinn um hinn krossfesta missti ekki kraft sinn.<a name=\"18\"><span class=\"versanumer\">18<\/span><\/a>L\u00e6rd\u00f3murinn um hinn krossfesta er \u00feeim heimska, er s\u00e6lunnar missa, en oss, sem h\u00f3lpnir erum, gu\u00f0legur kraftur;<a name=\"19\"><span class=\"versanumer\">19<\/span><\/a>\u00fev\u00ed skrifa\u00f0 er: eg vil a\u00f0 engu gj\u00f6ra spekinganna speki og \u00f3n\u00fdta viturleik hinna vitru.<a name=\"20\"><span class=\"versanumer\">20<\/span><\/a>Hvar stendur n\u00fa spekingurinn? hvar er hinn l\u00f6gl\u00e6r\u00f0i? hvar \u00feessarar aldar vitringur? hefir Gu\u00f0 ekki gj\u00f6rt speki \u00feessa heims a\u00f0 heimsku?<a name=\"21\"><span class=\"versanumer\">21<\/span><\/a>\u00fev\u00ed \u00fear e\u00f0 heimurinn me\u00f0 sinni Gu\u00f0s speki ekki \u00feekkti Gu\u00f0 af spekinni, \u00fe\u00e1 \u00fe\u00f3kna\u00f0ist Gu\u00f0i a\u00f0 gj\u00f6ra \u00fe\u00e1 me\u00f0 einfaldlegri kenning h\u00f3lpna, er henni vildu tr\u00faa.<a name=\"22\"><span class=\"versanumer\">22<\/span><\/a>Me\u00f0 \u00fev\u00ed Gy\u00f0ingar krefja t\u00e1kna og gr\u00edskir leita a\u00f0 speki, en v\u00e9r bo\u00f0um Krist \u00feann hinn krossfesta;<a name=\"23\"><span class=\"versanumer\">23<\/span><\/a>svo er Gy\u00f0ingum vor kenning til \u00e1steytingar, en hei\u00f0ingjum s\u00fdnist h\u00fan vera heimska.<a name=\"24\"><span class=\"versanumer\">24<\/span><\/a>\u00deeim \u00fear \u00e1 m\u00f3t, sem kalla\u00f0ir eru, b\u00e6\u00f0i Gy\u00f0ingum og Grikkjum, pr\u00e9dikum v\u00e9r Krist kraft Gu\u00f0s og speki;<a name=\"25\"><span class=\"versanumer\">25<\/span><\/a>\u00fev\u00ed \u00fea\u00f0 f\u00e1v\u00edslega Gu\u00f0s er m\u00f6nnum vitrara og \u00fea\u00f0 veika Gu\u00f0s er m\u00f6nnum kr\u00f6ftugra.<span class='VideyAth'>a)<\/span> <br \/><a name=\"26\"><span class=\"versanumer\">26<\/span><\/a>L\u00edti\u00f0 til y\u00f0ar k\u00f6llunar, br\u00e6\u00f0ur m\u00ednir! margir y\u00f0ar eru ekki, eftir manna\u00e1liti, spekingar, ekki margir voldugir, ekki margir st\u00f3r\u00e6tta\u00f0ir; heldur hefir Gu\u00f0 \u00fatvali\u00f0 \u00fe\u00e1 f\u00e1v\u00edsu heimsins,<a name=\"27\"><span class=\"versanumer\">27<\/span><\/a>svo a\u00f0 hinum vitru gj\u00f6r\u00f0ist kinnro\u00f0i og \u00fe\u00e1 ena l\u00edtilm\u00f3tlegu hefir Gu\u00f0 \u00fatvali\u00f0 s\u00e9r, svo a\u00f0 \u00feeim voldugu gj\u00f6r\u00f0ist kinnro\u00f0i;<a name=\"28\"><span class=\"versanumer\">28<\/span><\/a>\u00fe\u00e1 ena \u00f3g\u00f6fugu \u00ed heiminum og fyrirlitnu hefir Gu\u00f0 \u00fatvali\u00f0 og \u00fe\u00e1, sem ekkert \u00fe\u00f3tti \u00ed vari\u00f0, til \u00feess a\u00f0 gj\u00f6ra ekkert \u00far \u00feeim, sem nokku\u00f0 \u00fe\u00f3tti \u00ed vari\u00f0,<a name=\"29\"><span class=\"versanumer\">29<\/span><\/a>svo a\u00f0 enginn skuli hr\u00f3sa s\u00e9r fyrir Gu\u00f0i.<a name=\"30\"><span class=\"versanumer\">30<\/span><\/a>Honum er \u00fea\u00f0 a\u00f0 \u00feakka, a\u00f0 \u00fe\u00e9r eru\u00f0 komnir \u00ed samf\u00e9lag vi\u00f0 Jes\u00fam Krist, sem oss er or\u00f0inn speki fr\u00e1 Gu\u00f0i til r\u00e9ttl\u00e6tis, helgunar og endurlausnar;<a name=\"31\"><span class=\"versanumer\">31<\/span><\/a>\u00fev\u00ed skrifa\u00f0 er: s\u00e1, sem hr\u00f3sar s\u00e9r, hann hr\u00f3sar s\u00e9r af Gu\u00f0i.<\/p>\n<div class=\"footnoteVidey\">V. 2. a. \u00fe. e. kristna\u00f0ir og \u00fearvi\u00f0 Gu\u00f0i helga\u00f0ir.  V. 7. Kap. 12,4\u201311. 2 Kor. 8,7.  V. 9. 1 Kor. 10,13. 2 Tess. 3,3. l\u00e1ti\u00f0 y\u00f0ur f\u00e1 hlutdeild \u00ed hans n\u00e1\u00f0arg\u00e6\u00f0um.  V. 12. b. Nl. l\u00e6risveinn. c. Post. gb. 18,24. d. J\u00f3h. 1,42. sbr. Matt. 16,8.  V. 18. 2 Tess. 2,10. 2 T\u00edm. 4,4. R\u00f3m. 1,16. 1 Kor. 1,24.  V. 19. Es. 29,14.  V. 20. R\u00f3m. 1,21\u201323. V. 23. Post. gb. 17,18\u201321.  V. 27. a. \u00fe. e. \u00fe\u00e1 sem \u00e1litnir voru f\u00e1v\u00edsir. Flestir af \u00feeim, sem fyrst t\u00f3ku kristni voru \u00f3l\u00e6r\u00f0ir men.  V. 31. Jer. 9,23.<\/div>\n","protected":false},"excerpt":{"rendered":"<p>P\u00e1ll \u00f3skar \u00feeim kristnu \u00ed Korintu Gu\u00f0s n\u00e1\u00f0ar. \u00deakkar Gu\u00f0i fyrir, a\u00f0 Krists l\u00e6rd\u00f3mur hafi fest r\u00e6tur hj\u00e1 \u00feeim og vonar, a\u00f0 \u00feekking hans og hl\u00fd\u00f0ni vi\u00f0 hann muni fara vaxandi. Lastar \u00f3samlyndi \u00feeirra; varar \u00fe\u00e1 vi\u00f0 a\u00f0 l\u00e1ta sig af heimsins vitringum fleka fr\u00e1 Krists einfalda l\u00e6rd\u00f3mi, sem heiminum a\u00f0 s\u00f6nnu \u00feyki heimskulegur, en innihaldi \u00fe\u00f3 gu\u00f0legan v\u00edsd\u00f3m og kraft. Gu\u00f0 hafi ena l\u00edtilm\u00f3tlegu \u00fatvali\u00f0, svo men ver\u00f0i allt a\u00f0 tilskrifa Gu\u00f0s n\u00e1\u00f0. 1P\u00e1ll, kalla\u00f0ur, a\u00f0 Gu\u00f0s vilja, til a\u00f0 vera postuli Jes\u00fa Krists og br\u00f3\u00f0ir S\u00f3stenes,2\u00f3skar n\u00e1\u00f0ar og fri\u00f0ar af Gu\u00f0i vorum F\u00f6\u00f0ur Drottni Jes\u00fa Kristi, Gu\u00f0s s\u00f6fnu\u00f0i <a href=\"https:\/\/biblian.is\/videy\/fyrra-korintubref-1-kafli\/\"> [&#8230;]<\/a><\/p>\n","protected":false},"author":1,"featured_media":0,"parent":0,"menu_order":0,"comment_status":"open","ping_status":"open","template":"bibliukaflar.php","meta":{"footnotes":""},"class_list":["post-21912","page","type-page","status-publish","hentry"],"_links":{"self":[{"href":"https:\/\/biblian.is\/videy\/wp-json\/wp\/v2\/pages\/21912","targetHints":{"allow":["GET"]}}],"collection":[{"href":"https:\/\/biblian.is\/videy\/wp-json\/wp\/v2\/pages"}],"about":[{"href":"https:\/\/biblian.is\/videy\/wp-json\/wp\/v2\/types\/page"}],"author":[{"embeddable":true,"href":"https:\/\/biblian.is\/videy\/wp-json\/wp\/v2\/users\/1"}],"replies":[{"embeddable":true,"href":"https:\/\/biblian.is\/videy\/wp-json\/wp\/v2\/comments?post=21912"}],"version-history":[{"count":0,"href":"https:\/\/biblian.is\/videy\/wp-json\/wp\/v2\/pages\/21912\/revisions"}],"wp:attachment":[{"href":"https:\/\/biblian.is\/videy\/wp-json\/wp\/v2\/media?parent=21912"}],"curies":[{"name":"wp","href":"https:\/\/api.w.org\/{rel}","templated":true}]}}