{"id":21911,"date":"2018-01-02T01:04:46","date_gmt":"2018-01-02T01:04:46","guid":{"rendered":"http:\/\/biblian.is\/videy\/romverjabrefid-16-kafli\/"},"modified":"2018-01-02T01:04:46","modified_gmt":"2018-01-02T01:04:46","slug":"romverjabrefid-16-kafli","status":"publish","type":"page","link":"https:\/\/biblian.is\/videy\/romverjabrefid-16-kafli\/","title":{"rendered":"R\u00f3mverjabr\u00e9fi\u00f0 16. kafli"},"content":{"rendered":"<div class=\"fyrirsognVidey\">P\u00e1ll bi\u00f0ur Ph\u00e6be virktar og sendir kve\u00f0ju s\u00edna m\u00f6rgum nafngreindum kristnum og heila s\u00f6fnu\u00f0inum; varar vi\u00f0 villum\u00f6nnum; ber kve\u00f0ju fr\u00e1 \u00fdmsum; endar br\u00e9fi\u00f0 me\u00f0 \u00f3sk fyrir s\u00f6fnu\u00f0inum og lofgj\u00f6r\u00f0 til Gu\u00f0s.<\/div>\n<p><a name=\"1\"><span class=\"versanumer\">1<\/span><\/a>Eg fel y\u00f0ur \u00e1 hendur Pheben systur vora, hv\u00f6r e\u00f0 er \u00fej\u00f3nustukvinna safna\u00f0arins \u00ed Kenkreis,<a name=\"2\"><span class=\"versanumer\">2<\/span><\/a>a\u00f0 \u00fe\u00e9r me\u00f0taki\u00f0 hana \u00ed Drottni, svo sem heil\u00f6gum h\u00e6fir og li\u00f0sinni\u00f0 henni \u00ed hv\u00f6rjum helst hlut, sem h\u00fan y\u00f0ar vi\u00f0\u00fearf, \u00fev\u00ed h\u00fan hefir margra a\u00f0sto\u00f0 veri\u00f0 og l\u00edka m\u00edn.<a name=\"3\"><span class=\"versanumer\">3<\/span><\/a>Heilsi\u00f0 Priskillu og Akvilas m\u00ednum verkanautum \u00ed Drottni,<a name=\"4\"><span class=\"versanumer\">4<\/span><\/a><span class='VideyAth'>(hv\u00f6r e\u00f0 fyrir mitt l\u00edf hafa s\u00ednum h\u00e1lsi voga\u00f0)<\/span> hv\u00f6rjum eg ekki einn m\u00e1 \u00feakkir gjalda, heldur og allir safna\u00f0ir hei\u00f0ingjanna;<a name=\"5\"><span class=\"versanumer\">5<\/span><\/a>heilsi\u00f0 einninn \u00feeim safna\u00f0i, sem er \u00ed \u00feeirra h\u00fasi! heilsi\u00f0 Epenetus m\u00ednum elskulega, hv\u00f6r e\u00f0 er frumgr\u00f3\u00f0i Akkaju <span class='VideyAth'>a)<\/span> Kristi til handa!<a name=\"6\"><span class=\"versanumer\">6<\/span><\/a>heilsi\u00f0 Mar\u00edu, sem miki\u00f0 hefir erfi\u00f0a\u00f0 fyrir oss!<a name=\"7\"><span class=\"versanumer\">7<\/span><\/a>heilsi\u00f0 Andronikus og J\u00fan\u00edan, \u00e6ttm\u00f6nnum m\u00ednum og sambandingjum, hv\u00f6rjir nafnkenndir eru me\u00f0al postulanna og \u00e1\u00f0ur en eg ur\u00f0u Krists menn!<a name=\"8\"><span class=\"versanumer\">8<\/span><\/a>heilsi\u00f0 Ampleas m\u00ednum elskulega \u00ed Drottni!<a name=\"9\"><span class=\"versanumer\">9<\/span><\/a>heilsi\u00f0 Urbanus vorum verkanaut \u00ed Krist\u00f3 og Stakkys m\u00ednum elskulega!<a name=\"10\"><span class=\"versanumer\">10<\/span><\/a>heilsi\u00f0 Apelles, sem er reyndur g\u00f3\u00f0ur kristinn!<a name=\"11\"><span class=\"versanumer\">11<\/span><\/a>heilsi\u00f0 f\u00f3lki Aristobuli! heilsi\u00f0 Herodion fr\u00e6nda m\u00ednum! heilsi\u00f0 \u00feeim af f\u00f3lki Narkissi, sem eru Drottins!<a name=\"12\"><span class=\"versanumer\">12<\/span><\/a>heilsi\u00f0 Tryfenu og Tryf\u00f3su, sem hafa erfi\u00f0a\u00f0 \u00ed Drottni! heilsi\u00f0 Persis hinni elskulegu, hv\u00f6r e\u00f0 miki\u00f0 hefir erfi\u00f0a\u00f0 \u00ed Drottni!<a name=\"13\"><span class=\"versanumer\">13<\/span><\/a>heilsi\u00f0 R\u00fafus enum \u00fatvalda \u00ed Drottni og m\u00f3\u00f0ur hans og minni!<a name=\"14\"><span class=\"versanumer\">14<\/span><\/a>heilsi\u00f0 Asynkr\u00edtus, Flegon, Hermas, Patr\u00f3bas, Hermes og br\u00e6\u00f0runum, sem hj\u00e1 \u00feeim eru!<a name=\"15\"><span class=\"versanumer\">15<\/span><\/a>heilsi\u00f0 F\u00edl\u00f3l\u00f3gus og J\u00fal\u00edas, Nereus og systur hans og Olympu og \u00f6llum heil\u00f6gum sem me\u00f0 \u00feeim eru!<a name=\"16\"><span class=\"versanumer\">16<\/span><\/a>Heilsist innbyr\u00f0is me\u00f0 heil\u00f6gum kossi! y\u00f0ur heilsa Krists safna\u00f0ir! <br \/><a name=\"17\"><span class=\"versanumer\">17<\/span><\/a>En eg \u00e1minni y\u00f0ur, br\u00e6\u00f0ur! a\u00f0 \u00fe\u00e9r vari\u00f0 y\u00f0ur \u00e1 \u00feeim, er valda sundur\u00feykkju og hneyksli \u00e1 m\u00f3ti \u00feeim l\u00e6rd\u00f3mi, sem y\u00f0ur hefir veri\u00f0 kenndur og a\u00f0 \u00fe\u00e9r snei\u00f0i\u00f0 y\u00f0ur hj\u00e1 \u00feeim;<a name=\"18\"><span class=\"versanumer\">18<\/span><\/a>\u00fev\u00ed a\u00f0 \u00feessh\u00e1ttar menn \u00fej\u00f3na ekki Drottni vorum Jes\u00fa Kristi, heldur s\u00ednum maga og me\u00f0 bl\u00ed\u00f0m\u00e6lum og fagurgala t\u00e6la \u00feeir hj\u00f6rtu meinlausra.<a name=\"19\"><span class=\"versanumer\">19<\/span><\/a>Af \u00fev\u00ed y\u00f0ar hl\u00fd\u00f0ni er alkunnug or\u00f0in, \u00fe\u00e1 gle\u00f0st eg af y\u00f0ur, en eg vil a\u00f0 \u00fe\u00e9r s\u00e9u\u00f0 vitrir til ens g\u00f3\u00f0a, en einfaldir til ens illa.<a name=\"20\"><span class=\"versanumer\">20<\/span><\/a>En Gu\u00f0 fri\u00f0arins mun snarlega sundurtro\u00f0a Satan undir y\u00f0ar f\u00e6tur. N\u00e1\u00f0in Drottins vors Jes\u00fa Krists s\u00e9 me\u00f0 y\u00f0ur, Amen! <br \/><a name=\"21\"><span class=\"versanumer\">21<\/span><\/a>Y\u00f0ur heilsa: T\u00edm\u00f3teus minn sam\u00fej\u00f3n, L\u00fak\u00edus og Jason og S\u00f3sipater, \u00e6ttmenn m\u00ednir.<a name=\"22\"><span class=\"versanumer\">22<\/span><\/a>Eg Tert\u00edus, sem br\u00e9fi\u00f0 hefi skrifa\u00f0, heilsa y\u00f0ur \u00ed Drottni.<a name=\"23\"><span class=\"versanumer\">23<\/span><\/a>Y\u00f0ur heilsar Gajus h\u00fassb\u00f3ndi minn og heila safna\u00f0arins. Y\u00f0ur heilsar Erastus, gjaldkeri borgarinnar og Kvartus br\u00f3\u00f0ir.<a name=\"24\"><span class=\"versanumer\">24<\/span><\/a>N\u00e1\u00f0in Drottins vors Jes\u00fa Krists s\u00e9 me\u00f0 y\u00f0ur \u00f6llum, Amen!<br \/><a name=\"25\"><span class=\"versanumer\">25<\/span><\/a>En honum, sem m\u00e1ttugur er y\u00f0ur a\u00f0 styrkja eftir m\u00ednu evangel\u00ed\u00f3 og Jes\u00fa Krists pr\u00e9dikun, eftir augl\u00fdsingu \u00feess leyndard\u00f3ms, sem um eil\u00edf\u00f0art\u00edma hefir \u00ed \u00fe\u00f6gn legi\u00f0,<a name=\"26\"><span class=\"versanumer\">26<\/span><\/a>en var opinbera\u00f0ur fyrir sp\u00e1mannlegar Ritningar og n\u00fa eftir skipun eil\u00edfs Gu\u00f0s til hl\u00fd\u00f0ni tr\u00faarinnar me\u00f0al allra hei\u00f0ingja kunngj\u00f6r\u00f0ur.<a name=\"27\"><span class=\"versanumer\">27<\/span><\/a>Einum Gu\u00f0i s\u00e9, fyrir Jes\u00fam Krist, d\u00fdr\u00f0 um aldir, amen!<\/p>\n<div class=\"footnoteVidey\">V. 2. 3 J\u00f3h. v. 6.  V. 3. Post. g. b. 18,2.26. 2 T\u00edm. 4,19.  V. 4. \u00fe. e. gefi\u00f0 sig \u00ed dau\u00f0ans h\u00e6ttu.  V. 5. a. a\u00f0r: As\u00edu. 1. Kor. 16,15.19. K\u00f3l. 4,15.  V. 16. 1 Kor. 16,20. 2 Kor. 13,12.  V. 17. Matt. 7,15. 1 J\u00f3h. 4,1. Fil. 3,2. K\u00f3l. 2,8.18. Matt. 18,8. 18,17. 1 Kor. 5,9.11. 2 Tess. 3,6.14. T\u00edt. 3,10. 2 J\u00f3h. v. 10.  V. 18. Fil. 3,19. 2 P\u00e9t. 2,3. Esek. 13,18.  V. 19. Kap. 1,8. Jer. 4,22. 1 Kor. 14,20.  V. 20. Kap. 15,33. S\u00e1lm. 91,13.  V. 21. Post. g. b. 16,1.2. Fil. 2,19.  V. 23. 1 Kor. 1,14. 3 J\u00f3h. v. 1. Post. g. b. 19,22.  V. 24. v. 20. 1. Kor. 16,23. 1 Tess. 5,28.  V. 25. Ef. 3,18. Ef. 1,9.<\/div>\n","protected":false},"excerpt":{"rendered":"<p>P\u00e1ll bi\u00f0ur Ph\u00e6be virktar og sendir kve\u00f0ju s\u00edna m\u00f6rgum nafngreindum kristnum og heila s\u00f6fnu\u00f0inum; varar vi\u00f0 villum\u00f6nnum; ber kve\u00f0ju fr\u00e1 \u00fdmsum; endar br\u00e9fi\u00f0 me\u00f0 \u00f3sk fyrir s\u00f6fnu\u00f0inum og lofgj\u00f6r\u00f0 til Gu\u00f0s. 1Eg fel y\u00f0ur \u00e1 hendur Pheben systur vora, hv\u00f6r e\u00f0 er \u00fej\u00f3nustukvinna safna\u00f0arins \u00ed Kenkreis,2a\u00f0 \u00fe\u00e9r me\u00f0taki\u00f0 hana \u00ed Drottni, svo sem heil\u00f6gum h\u00e6fir og li\u00f0sinni\u00f0 henni \u00ed hv\u00f6rjum helst hlut, sem h\u00fan y\u00f0ar vi\u00f0\u00fearf, \u00fev\u00ed h\u00fan hefir margra a\u00f0sto\u00f0 veri\u00f0 og l\u00edka m\u00edn.3Heilsi\u00f0 Priskillu og Akvilas m\u00ednum verkanautum \u00ed Drottni,4(hv\u00f6r e\u00f0 fyrir mitt l\u00edf hafa s\u00ednum h\u00e1lsi voga\u00f0) hv\u00f6rjum eg ekki einn m\u00e1 \u00feakkir gjalda, heldur og allir <a href=\"https:\/\/biblian.is\/videy\/romverjabrefid-16-kafli\/\"> [&#8230;]<\/a><\/p>\n","protected":false},"author":1,"featured_media":0,"parent":0,"menu_order":0,"comment_status":"open","ping_status":"open","template":"bibliukaflar.php","meta":{"footnotes":""},"class_list":["post-21911","page","type-page","status-publish","hentry"],"_links":{"self":[{"href":"https:\/\/biblian.is\/videy\/wp-json\/wp\/v2\/pages\/21911","targetHints":{"allow":["GET"]}}],"collection":[{"href":"https:\/\/biblian.is\/videy\/wp-json\/wp\/v2\/pages"}],"about":[{"href":"https:\/\/biblian.is\/videy\/wp-json\/wp\/v2\/types\/page"}],"author":[{"embeddable":true,"href":"https:\/\/biblian.is\/videy\/wp-json\/wp\/v2\/users\/1"}],"replies":[{"embeddable":true,"href":"https:\/\/biblian.is\/videy\/wp-json\/wp\/v2\/comments?post=21911"}],"version-history":[{"count":0,"href":"https:\/\/biblian.is\/videy\/wp-json\/wp\/v2\/pages\/21911\/revisions"}],"wp:attachment":[{"href":"https:\/\/biblian.is\/videy\/wp-json\/wp\/v2\/media?parent=21911"}],"curies":[{"name":"wp","href":"https:\/\/api.w.org\/{rel}","templated":true}]}}