{"id":21910,"date":"2018-01-02T01:04:46","date_gmt":"2018-01-02T01:04:46","guid":{"rendered":"http:\/\/biblian.is\/videy\/romverjabrefid-15-kafli\/"},"modified":"2018-01-02T01:04:46","modified_gmt":"2018-01-02T01:04:46","slug":"romverjabrefid-15-kafli","status":"publish","type":"page","link":"https:\/\/biblian.is\/videy\/romverjabrefid-15-kafli\/","title":{"rendered":"R\u00f3mverjabr\u00e9fi\u00f0 15. kafli"},"content":{"rendered":"<div class=\"fyrirsognVidey\">S\u00e9rhv\u00f6r \u00e1 a\u00f0 lifa s\u00ednum n\u00e1unga til \u00fe\u00f3knunar a\u00f0 Krists d\u00e6mi; P\u00e1ll, sem hei\u00f0inna postuli, leyfir s\u00e9r a\u00f0 \u00e1minna R\u00f3mverja; segist vilja heims\u00e6kja \u00fe\u00e1 \u00feeim til uppbyggingar; \u00e1 me\u00f0an skuli \u00feeir bi\u00f0ja fyrir honum.<\/div>\n<p><a name=\"1\"><span class=\"versanumer\">1<\/span><\/a>En v\u00e9r, sem styrkvir erum, eigum a\u00f0 umbera breyskleika \u00feeirra \u00f3styrku og ekki a\u00f0 \u00fe\u00f3knast sj\u00e1lfum oss;<a name=\"2\"><span class=\"versanumer\">2<\/span><\/a>fyrir \u00fev\u00ed \u00fe\u00f3knist s\u00e9rhv\u00f6r af oss n\u00e1unganum \u00ed \u00fev\u00ed, sem gott er til uppbyggingar;<a name=\"3\"><span class=\"versanumer\">3<\/span><\/a>\u00fev\u00ed a\u00f0 einnin Kristur \u00fe\u00f3kna\u00f0ist ekki sj\u00e1lfum s\u00e9r, heldur svo sem skrifa\u00f0 er: lastyr\u00f0i \u00feeirra, sem lastm\u00e6la \u00fe\u00e9r, koma ni\u00f0ur \u00e1 m\u00e9r.<a name=\"4\"><span class=\"versanumer\">4<\/span><\/a>\u00dev\u00ed a\u00f0, hva\u00f0 helst, sem \u00e1\u00f0ur er skrifa\u00f0, \u00fea\u00f0 er \u00e1\u00f0ur skrifa\u00f0 oss til l\u00e6rd\u00f3ms, svo a\u00f0 v\u00e9r fyrir \u00feolinm\u00e6\u00f0ina og huggun Ritninganna hef\u00f0um vonina.<a name=\"5\"><span class=\"versanumer\">5<\/span><\/a>En Gu\u00f0 \u00feolinm\u00e6\u00f0innar og huggunarinnar gefi y\u00f0ur samlyndum a\u00f0 vera innbyr\u00f0is eftir Krist\u00f3 Jes\u00fa,<a name=\"6\"><span class=\"versanumer\">6<\/span><\/a>svo a\u00f0 \u00fe\u00e9r samhuga me\u00f0 einum munni d\u00fdrki\u00f0 Gu\u00f0 og F\u00f6\u00f0ur Drottins vors Jes\u00fa Krists.<a name=\"7\"><span class=\"versanumer\">7<\/span><\/a>\u00dear fyrir taki\u00f0 hv\u00f6r annan a\u00f0 s\u00e9r, svo sem Kristur hefir teki\u00f0 oss a\u00f0 s\u00e9r til d\u00fdr\u00f0ar Gu\u00f0i.<a name=\"8\"><span class=\"versanumer\">8<\/span><\/a>En eg segi Jes\u00fam Krist hafa veri\u00f0 \u00fej\u00f3nustumann umskurnarinnar, fyrir Gu\u00f0s sannleika sakir, til a\u00f0 sta\u00f0festa fyrirheitin til fe\u00f0ranna;<a name=\"9\"><span class=\"versanumer\">9<\/span><\/a>en a\u00f0 hei\u00f0ingjar skyldu d\u00fdrka Gu\u00f0 fyrir miskunnina, svo sem skrifa\u00f0 er: fyrir \u00fea\u00f0 skal eg vegsama \u00feig me\u00f0al hei\u00f0ingjanna og \u00fe\u00ednu nafni lofsyngja.<a name=\"10\"><span class=\"versanumer\">10<\/span><\/a>Og aftur segir Ritningin: fagni\u00f0 \u00fe\u00e9r hei\u00f0ingjar me\u00f0 hans f\u00f3lki! og aftur:<a name=\"11\"><span class=\"versanumer\">11<\/span><\/a>lofi\u00f0 Drottin allir hei\u00f0ingjar og pr\u00edsi\u00f0 hann allir l\u00fd\u00f0ir!<a name=\"12\"><span class=\"versanumer\">12<\/span><\/a>og enn aftur segir Esajas: vera mun r\u00f3tarkvistur Jessa\u00ed, s\u00e1 sem uppr\u00eds til a\u00f0 stj\u00f3rna hei\u00f0ingjunum, \u00e1 hann munu hei\u00f0ingjar vona. <br \/><a name=\"13\"><span class=\"versanumer\">13<\/span><\/a>En Gu\u00f0 vonarinnar fylli y\u00f0ur \u00f6llum fagna\u00f0i og fri\u00f0i \u00ed \u00fev\u00ed a\u00f0 tr\u00faa, a\u00f0 \u00fe\u00e9r hafi\u00f0 gn\u00f3glega von fyrir kraft heilags Anda. <br \/><a name=\"14\"><span class=\"versanumer\">14<\/span><\/a>En <span class='VideyAth'>a)<\/span> fullviss er eg, br\u00e6\u00f0ur m\u00ednir! og svo sj\u00e1lfur um y\u00f0ur, a\u00f0 \u00fe\u00e9r eru\u00f0 sj\u00e1lfir fullir g\u00f3\u00f0girni, uppfylltir af allri \u00feekkingu og megnugir <span class='VideyAth'>b)<\/span> a\u00f0 \u00e1minna hv\u00f6r annan.<a name=\"15\"><span class=\"versanumer\">15<\/span><\/a>En samt hefi eg djarflega skrifa\u00f0 y\u00f0ur, br\u00e6\u00f0ur m\u00ednir! sums sta\u00f0ar svo sem \u00fear a\u00f0 auki minnandi y\u00f0ur \u00e1 eftir \u00feeirri n\u00e1\u00f0, sem m\u00e9r er af Gu\u00f0i gefin,<a name=\"16\"><span class=\"versanumer\">16<\/span><\/a>a\u00f0 eg v\u00e6ri \u00fej\u00f3n Jes\u00fa Krists til hei\u00f0ingjanna, <span class='VideyAth'>c)<\/span> svo sem handt\u00e9randi Gu\u00f0s n\u00e1\u00f0arbo\u00f0skap, til \u00feess a\u00f0 offur <span class='VideyAth'>d)<\/span> hei\u00f0ingjanna yr\u00f0i \u00fe\u00f3knanlegt og helga\u00f0 af heil\u00f6gum anda;<a name=\"17\"><span class=\"versanumer\">17<\/span><\/a>\u00fear fyrir hefi eg hr\u00f3sun \u00ed Krist\u00f3 Jes\u00fa \u00ed \u00fev\u00ed, sem Gu\u00f0s er;<a name=\"18\"><span class=\"versanumer\">18<\/span><\/a>\u00fev\u00ed a\u00f0 ekki mundi eg dirfast a\u00f0 tala um nokku\u00f0 \u00fea\u00f0, er <span class='VideyAth'>e)<\/span> Kristur hafi ei verka\u00f0 fyrir mig, <span class='VideyAth'>f)<\/span> a\u00f0 koma hei\u00f0ingjum til hl\u00fd\u00f0ni <span class='VideyAth'>g)<\/span><a name=\"19\"><span class=\"versanumer\">19<\/span><\/a>me\u00f0 or\u00f0i og verki fyrir kraft t\u00e1kna og st\u00f3rmerkja, fyrir kraft Gu\u00f0s Anda, svo a\u00f0 eg fr\u00e1 Jer\u00fasalem og allt um kring inn til Illyrikum hefi kunngj\u00f6rt Krists n\u00e1\u00f0arbo\u00f0skap,<a name=\"20\"><span class=\"versanumer\">20<\/span><\/a>en svolei\u00f0is a\u00f0 eg matti \u00fea\u00f0 minn hei\u00f0ur, a\u00f0 bo\u00f0a n\u00e1\u00f0arbo\u00f0skapinn \u00fear, hvar Kristur ekki var <span class='VideyAth'>(\u00e1\u00f0ur)<\/span> nefndur, svo a\u00f0 ekki bygg\u00f0i eg ofan \u00e1 annarlegum grundv\u00f6ll;<a name=\"21\"><span class=\"versanumer\">21<\/span><\/a>heldur svo sem skrifa\u00f0 er: \u00feeir, hv\u00f6rjum ekkert var um hann sagt, skulu sj\u00e1, og \u00feeir, e\u00f0 ekki hafa heyrt, skulu skilja. <br \/><a name=\"22\"><span class=\"versanumer\">22<\/span><\/a>\u00dear fyrir hefi eg og oftlega hindrast fr\u00e1, a\u00f0 koma til y\u00f0ar;<a name=\"23\"><span class=\"versanumer\">23<\/span><\/a>en n\u00fa, af \u00fev\u00ed eg hefi eigi lengur r\u00fam \u00ed \u00feessum l\u00f6ndum, en hefi haft l\u00f6ngun a\u00f0 koma til y\u00f0ar \u00ed m\u00f6rg \u00e1r,<a name=\"24\"><span class=\"versanumer\">24<\/span><\/a>\u00fe\u00e1, \u00feegar eg fer\u00f0ast til Sp\u00e1nar, vona eg, \u00e1 fer\u00f0 minni a\u00f0 sj\u00e1 y\u00f0ur og ver\u00f0a af y\u00f0ur \u00e1 veg leiddur \u00feanga\u00f0 eftir \u00fea\u00f0, eg fyrst a\u00f0 nokkru leyti hefi fullsvala\u00f0 m\u00e9r hj\u00e1 y\u00f0ur;<a name=\"25\"><span class=\"versanumer\">25<\/span><\/a>en n\u00fa fer eg til Jer\u00fasalem \u00feeim heil\u00f6gu til \u00fe\u00e9nustu;<a name=\"26\"><span class=\"versanumer\">26<\/span><\/a>\u00fev\u00ed a\u00f0 Masedon\u00edu og Akkaju hefir \u00fe\u00f3knast a\u00f0 leggja saman nokkra gj\u00f6f til handa f\u00e1t\u00e6kum af \u00feeim heil\u00f6gu \u00ed Jer\u00fasalem.<a name=\"27\"><span class=\"versanumer\">27<\/span><\/a>\u00deeim hefir \u00fea\u00f0 \u00fe\u00f3knast, l\u00edka voru \u00feeir hinna skuldunautar, \u00fev\u00ed fyrst hei\u00f0ingjarnir eru or\u00f0nir hluttakandi andlegra <span class='VideyAth'>(g\u00e6\u00f0a)<\/span> fr\u00e1 \u00feeim, \u00fe\u00e1 eru \u00feeir og skyldugir a\u00f0 \u00fej\u00f3na \u00feeim \u00ed l\u00edkamlegum <span class='VideyAth'>(efnum)<\/span>.<a name=\"28\"><span class=\"versanumer\">28<\/span><\/a>En \u00feegar eg hefi \u00fea\u00f0 fullgj\u00f6rt og innsigla\u00f0 \u00feeim \u00feenna \u00e1v\u00f6xt, mun eg fara um hj\u00e1 y\u00f0ur til Sp\u00e1nar.<a name=\"29\"><span class=\"versanumer\">29<\/span><\/a>En eg veit a\u00f0 \u00feegar eg kem til y\u00f0ar, mun eg koma me\u00f0 fullri blessun Krists n\u00e1\u00f0arbo\u00f0skapar. <br \/><a name=\"30\"><span class=\"versanumer\">30<\/span><\/a>En eg <span class='VideyAth'>h)<\/span> bei\u00f0i y\u00f0ur, br\u00e6\u00f0ur! fyrir Drottin vorn Jes\u00fam Krist og <span class='VideyAth'>i)<\/span> fyrir k\u00e6rleika andans, a\u00f0 \u00fe\u00e9r vilji\u00f0 <span class='VideyAth'>k)<\/span> me\u00f0 m\u00e9r str\u00ed\u00f0a \u00ed b\u00e6num til Gu\u00f0s fyrir m\u00e9r,<a name=\"31\"><span class=\"versanumer\">31<\/span><\/a>a\u00f0 eg frelsa\u00f0ur ver\u00f0i fr\u00e1 \u00feeim vantr\u00fau\u00f0u \u00ed J\u00fadeu og mitt erindi til Jer\u00fasalem ver\u00f0i af \u00feeim heil\u00f6gu vel uppteki\u00f0,<a name=\"32\"><span class=\"versanumer\">32<\/span><\/a>svo a\u00f0 eg <span class='VideyAth'>l)<\/span> me\u00f0 f\u00f6gnu\u00f0i m\u00e6tti, <span class='VideyAth'>m)<\/span> a\u00f0 vilja Gu\u00f0s, til y\u00f0ar koma og endurn\u00e6ra mig \u00e1samt me\u00f0 y\u00f0ur.<a name=\"33\"><span class=\"versanumer\">33<\/span><\/a>En Gu\u00f0 fri\u00f0arins veri\u00f0 me\u00f0 \u00f6llum y\u00f0ur. Amen!<\/p>\n<div class=\"footnoteVidey\">V. 1. Kap. 14,1. 1. Tes. 5,14.  V. 2. 1 Kor. 9,19. 10,24.33. 13,5. Kap. 14,19.  V. 3. S\u00e1lm. 69,10.  V. 4. Kap. 4,23.24. 2 T\u00edm. 3,16.  V. 5. Kap. 12,16.  V. 6. Post. g. b. 1,14. 4,24. Ef. 1,3.  V. 8. Matt. 15,24. umskurnarinnar \u00fe. e. umskorinna nl. Gy\u00f0inga.  V. 9. Kap. 11,30. 2 Sam. 22,50.  V. 10. 5 M\u00f3s. 32,43. S\u00e1lm. 67,5.  V. 11. S\u00e1lm. 117,1.  V. 12. Esa. 11,10.  V. 13. Kap. 14,17.  V. 14. a. 2 P\u00e9t. 1,12. 1 J\u00f3h. 2,21. b. 1 Tess. 4,9. 5,11.  V. 15. Kap. 1,5. 12,3.  V. 16. c. Kap. 11,13. 2 T\u00edm. 1,11. d. Kap. 12,1.  V. 17. 1 Kor. 1,31.  V. 18. e. Matt. 10,19.20. f. Kap. 16,26. g. \u00fe. e. til a\u00f0 taka tr\u00fa.  V. 19. Mark. 16,17.  V. 20. 2 Kor. 10,15.16.  V. 21. Es. 52,15.  V. 22. Kap. 1,13.  V. 23. 1 Tess. 3,10.  V. 24. 1 Kor. 16,6.  V. 25. Post. g. b. 19,21.  V. 26. 1 Kor. 16,1. 2 Kor. 8,1. Gal. 2,10.  V. 27. Kap. 11,17. 1 Kor. 9,11. Gal. 6,6.  V. 28. \u00fe. e. er tr\u00falega b\u00fainn a\u00f0 afhenda \u00feeim gj\u00f6fina.  V. 29. Kap. 1,11.  V. 30. h. 2 Tess. 3,1.2. i. Fil. 2,1. k. Fil. 1,27. K\u00f3l. 4,12. Ef. 6,18.19.  V. 31. 2 Tess. 3,2.  V. 32. Kap. 1,10. 1 Kor. 4,19. m. Jak. 4,15. V. 33. Kap. 16,20. 1 Kor. 14,33. 2 Kor. 13,1.<\/div>\n","protected":false},"excerpt":{"rendered":"<p>S\u00e9rhv\u00f6r \u00e1 a\u00f0 lifa s\u00ednum n\u00e1unga til \u00fe\u00f3knunar a\u00f0 Krists d\u00e6mi; P\u00e1ll, sem hei\u00f0inna postuli, leyfir s\u00e9r a\u00f0 \u00e1minna R\u00f3mverja; segist vilja heims\u00e6kja \u00fe\u00e1 \u00feeim til uppbyggingar; \u00e1 me\u00f0an skuli \u00feeir bi\u00f0ja fyrir honum. 1En v\u00e9r, sem styrkvir erum, eigum a\u00f0 umbera breyskleika \u00feeirra \u00f3styrku og ekki a\u00f0 \u00fe\u00f3knast sj\u00e1lfum oss;2fyrir \u00fev\u00ed \u00fe\u00f3knist s\u00e9rhv\u00f6r af oss n\u00e1unganum \u00ed \u00fev\u00ed, sem gott er til uppbyggingar;3\u00fev\u00ed a\u00f0 einnin Kristur \u00fe\u00f3kna\u00f0ist ekki sj\u00e1lfum s\u00e9r, heldur svo sem skrifa\u00f0 er: lastyr\u00f0i \u00feeirra, sem lastm\u00e6la \u00fe\u00e9r, koma ni\u00f0ur \u00e1 m\u00e9r.4\u00dev\u00ed a\u00f0, hva\u00f0 helst, sem \u00e1\u00f0ur er skrifa\u00f0, \u00fea\u00f0 er \u00e1\u00f0ur skrifa\u00f0 oss til l\u00e6rd\u00f3ms, svo <a href=\"https:\/\/biblian.is\/videy\/romverjabrefid-15-kafli\/\"> [&#8230;]<\/a><\/p>\n","protected":false},"author":1,"featured_media":0,"parent":0,"menu_order":0,"comment_status":"open","ping_status":"open","template":"bibliukaflar.php","meta":{"footnotes":""},"class_list":["post-21910","page","type-page","status-publish","hentry"],"_links":{"self":[{"href":"https:\/\/biblian.is\/videy\/wp-json\/wp\/v2\/pages\/21910","targetHints":{"allow":["GET"]}}],"collection":[{"href":"https:\/\/biblian.is\/videy\/wp-json\/wp\/v2\/pages"}],"about":[{"href":"https:\/\/biblian.is\/videy\/wp-json\/wp\/v2\/types\/page"}],"author":[{"embeddable":true,"href":"https:\/\/biblian.is\/videy\/wp-json\/wp\/v2\/users\/1"}],"replies":[{"embeddable":true,"href":"https:\/\/biblian.is\/videy\/wp-json\/wp\/v2\/comments?post=21910"}],"version-history":[{"count":0,"href":"https:\/\/biblian.is\/videy\/wp-json\/wp\/v2\/pages\/21910\/revisions"}],"wp:attachment":[{"href":"https:\/\/biblian.is\/videy\/wp-json\/wp\/v2\/media?parent=21910"}],"curies":[{"name":"wp","href":"https:\/\/api.w.org\/{rel}","templated":true}]}}