{"id":21909,"date":"2018-01-02T01:04:40","date_gmt":"2018-01-02T01:04:40","guid":{"rendered":"http:\/\/biblian.is\/videy\/romverjabrefid-14-kafli\/"},"modified":"2018-01-02T01:04:40","modified_gmt":"2018-01-02T01:04:40","slug":"romverjabrefid-14-kafli","status":"publish","type":"page","link":"https:\/\/biblian.is\/videy\/romverjabrefid-14-kafli\/","title":{"rendered":"R\u00f3mverjabr\u00e9fi\u00f0 14. kafli"},"content":{"rendered":"<div class=\"fyrirsognVidey\">S\u00e1 styrkari v\u00e6gi til vi\u00f0 hinn veikari og \u00feessi ford\u00e6mi ekki hinn; s\u00e9rhv\u00f6r leiti d\u00fdr\u00f0ar Gu\u00f0s, hv\u00f6rjum v\u00e9r eigum allir reikning a\u00f0 standa; enginn hneyksli sinn br\u00f3\u00f0ur; e\u00f0a gj\u00f6ri neitt me\u00f0 efablendni.<\/div>\n<p><a name=\"1\"><span class=\"versanumer\">1<\/span><\/a>Taki\u00f0 a\u00f0 y\u00f0ur \u00feann, sem breyskur er \u00ed tr\u00fanni, \u00e1n d\u00f3ma um hans meiningar.<a name=\"2\"><span class=\"versanumer\">2<\/span><\/a>\u00deessi tr\u00fair alls megi neyta, en hinn, sem breyskur er, etur einasta maturtir.<a name=\"3\"><span class=\"versanumer\">3<\/span><\/a>S\u00e1 sem etur forsm\u00e1i ekki \u00feann, sem ekki etur, og hv\u00f6r, sem ekki etur, d\u00e6mi ekki \u00feann, sem etur; \u00fev\u00ed a\u00f0 Gu\u00f0 hefir teki\u00f0 hann a\u00f0 s\u00e9r.<a name=\"4\"><span class=\"versanumer\">4<\/span><\/a>Hv\u00f6r ert\u00fa, sem annarlegan \u00fej\u00f3n <span class='VideyAth'>h)<\/span> d\u00e6mir? s\u00ednum eigin Herra stendur hann e\u00f0a fellur; en standa mun hann, \u00fev\u00ed m\u00e1ttugur er Gu\u00f0 a\u00f0 l\u00e1ta hann standa. <br \/><a name=\"5\"><span class=\"versanumer\">5<\/span><\/a>\u00deessi tekur dag framyfir dag, en hinn d\u00e6mir eins um alla daga <span class='VideyAth'>i)<\/span>. S\u00e9rhv\u00f6r veri \u00ed sinni meiningu fullviss.<a name=\"6\"><span class=\"versanumer\">6<\/span><\/a>S\u00e1, sem af deginum heldur, heldur af honum vegna Drottins <span class='VideyAth'>k)<\/span> og s\u00e1, sem ekki gj\u00f6rir s\u00e9r daga mun, gj\u00f6rir hann ekki vegna Drottins. S\u00e1 sem etur <span class='VideyAth'>(alla f\u00e6\u00f0u)<\/span> etur Drottni, \u00fev\u00ed a\u00f0 hann gj\u00f6rir <span class='VideyAth'>l)<\/span> Gu\u00f0i \u00feakkir, s\u00e1 sem ekki etur, hann etur ekki Drottni til d\u00fdr\u00f0ar og gj\u00f6rir Gu\u00f0i \u00feakkir.<a name=\"7\"><span class=\"versanumer\">7<\/span><\/a>\u00dev\u00ed a\u00f0 enginn af oss lifir sj\u00e1lfum s\u00e9r og enginn deyr sj\u00e1lfum s\u00e9r;<a name=\"8\"><span class=\"versanumer\">8<\/span><\/a>\u00fev\u00ed a\u00f0 ef v\u00e9r lifum, lifum v\u00e9r Drottni, ef v\u00e9r deyjum, deyjum v\u00e9r Drottni; \u00fear fyrir hv\u00f6rt v\u00e9r lifum e\u00f0a deyjum, \u00fe\u00e1 <span class='VideyAth'>m)<\/span> erum v\u00e9r Drottins;<a name=\"9\"><span class=\"versanumer\">9<\/span><\/a>\u00fev\u00ed a\u00f0 til \u00feess er Kristur b\u00e6\u00f0i d\u00e1inn og upp aftur risinn og endurlifna\u00f0ur a\u00f0 hann skyldi drottna b\u00e6\u00f0i yfir dau\u00f0um og lifendum.<a name=\"10\"><span class=\"versanumer\">10<\/span><\/a>En \u00fe\u00fa, hva\u00f0 <span class='VideyAth'>n)<\/span> d\u00e6mir \u00fe\u00fa \u00feinn br\u00f3\u00f0ur? ellegar og \u00fe\u00fa, hva\u00f0 forsm\u00e1ir \u00fe\u00fa \u00feinn br\u00f3\u00f0ur? \u00fev\u00ed a\u00f0 <span class='VideyAth'>o)<\/span> allir munum v\u00e9r l\u00e1tnir m\u00e6ta fyrir d\u00f3mst\u00f3li Krists.<a name=\"11\"><span class=\"versanumer\">11<\/span><\/a>\u00dev\u00ed a\u00f0 skrifa\u00f0 er: svo sannarlega sem eg lifi, segir Drottinn, fyrir m\u00e9r skulu \u00f6ll kn\u00e9 sig beygja og allar tungur skulu vi\u00f0urkenna Gu\u00f0.<a name=\"12\"><span class=\"versanumer\">12<\/span><\/a>\u00dear fyrir mun s\u00e9rhv\u00f6r af oss fyrir sj\u00e1lfan sig Gu\u00f0i reikningsskap gj\u00f6ra. <br \/><a name=\"13\"><span class=\"versanumer\">13<\/span><\/a>\u00dear fyrir l\u00e1tum oss ekki framar d\u00e6ma hv\u00f6r annan, en d\u00e6mi\u00f0 <span class='VideyAth'>p)<\/span> heldur \u00fea\u00f0, a\u00f0 enginn <span class='VideyAth'>q)<\/span> setji nokkra \u00e1steytingu e\u00f0ur hneyksli fyrir sinn br\u00f3\u00f0ur.<a name=\"14\"><span class=\"versanumer\">14<\/span><\/a>Eg veit \u00fea\u00f0, og em \u00feess fullviss \u00ed Drottni Jes\u00fa, a\u00f0 ekkert er almennilegt \u00ed sj\u00e1lfu s\u00e9r, <span class='VideyAth'>a)<\/span> nema \u00feeim, sem reiknar eitthva\u00f0 almennilegt, honum er \u00fea\u00f0 almennilegt.<a name=\"15\"><span class=\"versanumer\">15<\/span><\/a>En ef \u00feinn br\u00f3\u00f0ir sturlast fyrir f\u00e6\u00f0unnar sakir, \u00fe\u00e1 gengur \u00fe\u00fa ekki framar eftir k\u00e6rleikanum; tort\u00fdn honum ekki me\u00f0 f\u00e6\u00f0slu \u00feinni, fyri hv\u00f6rn Kristur er d\u00e1inn!<a name=\"16\"><span class=\"versanumer\">16<\/span><\/a>l\u00e1ti\u00f0 y\u00f0ar <span class='VideyAth'>b)<\/span> g\u00f3\u00f0a ekki komast \u00ed illt r\u00e6mi,<a name=\"17\"><span class=\"versanumer\">17<\/span><\/a>\u00fev\u00ed a\u00f0 Gu\u00f0s r\u00edki er ekki matur og drykkur, <span class='VideyAth'>c)<\/span> heldur r\u00e9ttl\u00e6ti og fri\u00f0ur og f\u00f6gnu\u00f0ur \u00ed heil\u00f6gum Anda;<a name=\"18\"><span class=\"versanumer\">18<\/span><\/a>\u00fev\u00ed a\u00f0 hv\u00f6r, sem \u00fej\u00f3nar Kristi \u00ed \u00feessu, hann er Gu\u00f0i k\u00e6r og af m\u00f6nnum virtur.<a name=\"19\"><span class=\"versanumer\">19<\/span><\/a>L\u00e1tum oss \u00fe\u00e1 stunda \u00fea\u00f0, sem til fri\u00f0arins \u00fe\u00e9nar og sameiginlegrar uppbyggingar!<a name=\"20\"><span class=\"versanumer\">20<\/span><\/a>Ni\u00f0urbrj\u00f3t ekki fyrir f\u00e6\u00f0unnar sakir verki\u00f0 Gu\u00f0s! allt er a\u00f0 s\u00f6nnu hreint, en er \u00fe\u00f3 illt \u00feeim manni, sem etur vegna <span class='VideyAth'>(gefinnar)<\/span> \u00e1steytingar;<a name=\"21\"><span class=\"versanumer\">21<\/span><\/a>\u00fea\u00f0 er gott a\u00f0 eta hv\u00f6rki kj\u00f6t, n\u00e9 drekka v\u00edn, n\u00e9 <span class='VideyAth'>(gj\u00f6ra)<\/span> nokku\u00f0 \u00fea\u00f0, er \u00feinn br\u00f3\u00f0ir steytir sig \u00e1 e\u00f0a hneykslast af e\u00f0a veikist vi\u00f0.<br \/><a name=\"22\"><span class=\"versanumer\">22<\/span><\/a>\u00de\u00fa hefir <span class='VideyAth'>d)<\/span> tr\u00fana, haf hana hj\u00e1 sj\u00e1lfum \u00fe\u00e9r fyri Gu\u00f0i! s\u00e6ll er s\u00e1, sem ei <span class='VideyAth'>e)<\/span> ford\u00e6mir sj\u00e1lfan sig fyrir \u00fea\u00f0, sem hann heldur r\u00e9tt vera,<a name=\"23\"><span class=\"versanumer\">23<\/span><\/a>en s\u00e1, sem er efablandinn og etur \u00fe\u00f3, hann er sakfallinn; \u00fev\u00ed hann neytir ekki eftir tr\u00fa sinni, en allt \u00fea\u00f0, sem ekki er eftir tr\u00fa, er synd.<\/p>\n<div class=\"footnoteVidey\">V. 1. Kap. 15,1.7. Post. g. b. 20,35. 1 Kor. 8,9.11. 9,12.22. Gal. 6,1.  V. 2. 1 M\u00f3s. b. 1,29. 9,3.  V. 3. K\u00f3l. 2,16.  V. 4. h. Nl: Gu\u00f0s. Jak. 4,12.  V. 5. i. e\u00f0a: heldur alla daga jafna. Gal. 4,10. K\u00f3l. 2,16.  V. 6. k. \u201evegna Drottins\u201c, a\u00f0r: Gu\u00f0i til d\u00fdr\u00f0ar. 5 M\u00f3s. b. 8,10. l. 1 Kor. 10,31. 1 T\u00edm. 4,3.  V. 7. 2 Kor. 5,15. Gal. 2,20. 1 Tess. 5,10. 1 P\u00e9t. 4,2.  V. 8. m. 1 Kor. 6,20. 1 P\u00e9t. 1,19.  V. 9. Post. g. b. 10,42. 2 Kor. 5,15.  V. 10. n. L\u00fak. 6,37. o. Matt. 25,32. Post. g. b. 17,31. 2 Kor. 5,10.  V. 11. Esa. 45,23.  V. 12. Kap. 2,6.16. Matt. 12,36.  V. 13. p. einsetji\u00f0 y\u00f0ur. q. Matt. 18,7. 1 Kor. 10,32. 2 Kor. 6,3.  V. 14. a. ekkert (\u00e6tt) er \u00ed sj\u00e1lfu s\u00e9r \u00f3\u00e6ti Matt. 15,11. Post. g. b. 10,15. T\u00edt. 1,15.  V. 15. 1 Kor. 8,11.13.  V. 16. b. y\u00f0ar kristilegu fr\u00edheit, e\u00f0a g\u00f3\u00f0u tr\u00faarbr\u00f6g\u00f0.  V. 17. c. 1 Kor. 8,8.  V. 19. Kap. 15,2.  V. 20. sbr. v. 14.  V. 21. sbr. 1 Kor. 7,1. 8,13.  V. 22. d. fulla sannf\u00e6ringu. e. ei \u00fearf a\u00f0 \u00e1fella sj\u00e1lfan sig.<\/div>\n","protected":false},"excerpt":{"rendered":"<p>S\u00e1 styrkari v\u00e6gi til vi\u00f0 hinn veikari og \u00feessi ford\u00e6mi ekki hinn; s\u00e9rhv\u00f6r leiti d\u00fdr\u00f0ar Gu\u00f0s, hv\u00f6rjum v\u00e9r eigum allir reikning a\u00f0 standa; enginn hneyksli sinn br\u00f3\u00f0ur; e\u00f0a gj\u00f6ri neitt me\u00f0 efablendni. 1Taki\u00f0 a\u00f0 y\u00f0ur \u00feann, sem breyskur er \u00ed tr\u00fanni, \u00e1n d\u00f3ma um hans meiningar.2\u00deessi tr\u00fair alls megi neyta, en hinn, sem breyskur er, etur einasta maturtir.3S\u00e1 sem etur forsm\u00e1i ekki \u00feann, sem ekki etur, og hv\u00f6r, sem ekki etur, d\u00e6mi ekki \u00feann, sem etur; \u00fev\u00ed a\u00f0 Gu\u00f0 hefir teki\u00f0 hann a\u00f0 s\u00e9r.4Hv\u00f6r ert\u00fa, sem annarlegan \u00fej\u00f3n h) d\u00e6mir? s\u00ednum eigin Herra stendur hann e\u00f0a fellur; en standa mun <a href=\"https:\/\/biblian.is\/videy\/romverjabrefid-14-kafli\/\"> [&#8230;]<\/a><\/p>\n","protected":false},"author":1,"featured_media":0,"parent":0,"menu_order":0,"comment_status":"open","ping_status":"open","template":"bibliukaflar.php","meta":{"footnotes":""},"class_list":["post-21909","page","type-page","status-publish","hentry"],"_links":{"self":[{"href":"https:\/\/biblian.is\/videy\/wp-json\/wp\/v2\/pages\/21909","targetHints":{"allow":["GET"]}}],"collection":[{"href":"https:\/\/biblian.is\/videy\/wp-json\/wp\/v2\/pages"}],"about":[{"href":"https:\/\/biblian.is\/videy\/wp-json\/wp\/v2\/types\/page"}],"author":[{"embeddable":true,"href":"https:\/\/biblian.is\/videy\/wp-json\/wp\/v2\/users\/1"}],"replies":[{"embeddable":true,"href":"https:\/\/biblian.is\/videy\/wp-json\/wp\/v2\/comments?post=21909"}],"version-history":[{"count":0,"href":"https:\/\/biblian.is\/videy\/wp-json\/wp\/v2\/pages\/21909\/revisions"}],"wp:attachment":[{"href":"https:\/\/biblian.is\/videy\/wp-json\/wp\/v2\/media?parent=21909"}],"curies":[{"name":"wp","href":"https:\/\/api.w.org\/{rel}","templated":true}]}}