{"id":21908,"date":"2018-01-02T01:04:40","date_gmt":"2018-01-02T01:04:40","guid":{"rendered":"http:\/\/biblian.is\/videy\/romverjabrefid-13-kafli\/"},"modified":"2018-01-02T01:04:40","modified_gmt":"2018-01-02T01:04:40","slug":"romverjabrefid-13-kafli","status":"publish","type":"page","link":"https:\/\/biblian.is\/videy\/romverjabrefid-13-kafli\/","title":{"rendered":"R\u00f3mverjabr\u00e9fi\u00f0 13. kafli"},"content":{"rendered":"<div class=\"fyrirsognVidey\">\u00deeir tr\u00fau\u00f0u eiga a\u00f0 vera yfirvaldinu hl\u00fd\u00f0nir. Au\u00f0s\u00fdna \u00f6llum k\u00e6rleika; afleggja verk myrkranna.<\/div>\n<p><a name=\"1\"><span class=\"versanumer\">1<\/span><\/a>Hv\u00f6r ma\u00f0ur s\u00e9 yfirbo\u00f0num <span class='VideyAth'>g)<\/span> valdst\u00e9ttum undirgefinn; \u00fev\u00ed a\u00f0 ekki er valdst\u00e9tt nema fr\u00e1 Gu\u00f0i og \u00fe\u00e6r valdst\u00e9ttir, sem eru, \u00fe\u00e6r eru af Gu\u00f0i tilskikka\u00f0ar <span class='VideyAth'>h)<\/span>;<a name=\"2\"><span class=\"versanumer\">2<\/span><\/a>svo a\u00f0 hv\u00f6r, sem setur sig \u00ed m\u00f3ti valdst\u00e9ttinni, hann stendur \u00ed m\u00f3ti Gu\u00f0s skikkun, en \u00feeir sem \u00ed m\u00f3ti standa, munu f\u00e1 \u00feeirra d\u00f3m <span class='VideyAth'>(straff)<\/span>;<a name=\"3\"><span class=\"versanumer\">3<\/span><\/a>\u00fev\u00ed a\u00f0 valdsmennirnir eru eigi \u00f3tti g\u00f3\u00f0ra verka, heldur vondra. En ef \u00fe\u00fa vilt eigi \u00f3ttast valdst\u00e9ttina, \u00fe\u00e1 gj\u00f6r hva\u00f0 gott er og muntu lofst\u00edr af henni hafa;<a name=\"4\"><span class=\"versanumer\">4<\/span><\/a>\u00fev\u00ed a\u00f0 h\u00fan er Gu\u00f0s \u00fe\u00e9nari \u00fe\u00e9r til g\u00f3\u00f0s, en ef \u00fe\u00fa gj\u00f6rir illt m\u00e1ttu \u00f3ttast, \u00fev\u00ed h\u00fan ber sver\u00f0i\u00f0 ekki forgefins, \u00fev\u00ed a\u00f0 h\u00fan er Gu\u00f0s \u00fe\u00e9nari, hegnari til straffs \u00feeim, sem illt a\u00f0hefst.<a name=\"5\"><span class=\"versanumer\">5<\/span><\/a>\u00deess vegna er nau\u00f0synlegt undirgefinn a\u00f0 vera, ei alleina straffsins vegna, heldur og fyrir samviskunnar sakir.<a name=\"6\"><span class=\"versanumer\">6<\/span><\/a>\u00dear fyrir gjaldi\u00f0 \u00fe\u00e9r og skatt, \u00fev\u00ed a\u00f0 \u00feeir eru Gu\u00f0s \u00fej\u00f3nar, er \u00feessa sama eiga s\u00edfellt a\u00f0 g\u00e6ta.<a name=\"7\"><span class=\"versanumer\">7<\/span><\/a>L\u00e1ti\u00f0 \u00fev\u00ed \u00f6llum \u00ed t\u00e9, hva\u00f0 skylt er, \u00feeim skattinn, sem skatturinn, tollinn, sem tollurinn, \u00f3ttann, sem \u00f3ttinn, hei\u00f0ur, sem hei\u00f0urinn tilheyrir. <br \/><a name=\"8\"><span class=\"versanumer\">8<\/span><\/a>Veri\u00f0 engum um neitt skyldugir, nema \u00fea\u00f0 \u00fe\u00e9r elski\u00f0 hver annan; \u00fev\u00ed a\u00f0 hv\u00f6r, sem elskar annan, hefir l\u00f6gm\u00e1li\u00f0 uppfyllt;<a name=\"9\"><span class=\"versanumer\">9<\/span><\/a>\u00fev\u00ed \u00feetta: \u00fe\u00fa skalt ei h\u00f3r dr\u00fdgja; \u00fe\u00fa skalt ekki mann vega; \u00fe\u00fa skalt ekki stela; \u00fe\u00fa skalt ekki lj\u00fagvitni bera; \u00fe\u00fa skalt ekki girnast og s\u00e9 nokkurt anna\u00f0 bo\u00f0or\u00f0, \u00fe\u00e1 er \u00fea\u00f0 \u00ed \u00feessari grein innibundi\u00f0, \u00ed \u00feessari nefnil: elska skalt\u00fa n\u00e1unga \u00feinn sem sj\u00e1lfan \u00feig.<a name=\"10\"><span class=\"versanumer\">10<\/span><\/a>Elskan gj\u00f6rir ekki n\u00e1unganum mein; \u00fev\u00ed er elskan l\u00f6gm\u00e1lsins uppfylling.<br \/><a name=\"11\"><span class=\"versanumer\">11<\/span><\/a>Og a\u00f0 \u00fev\u00ed heldur, sem v\u00e9r vitum t\u00edmann a\u00f0 oss er m\u00e1l upp a\u00f0 r\u00edsa af svefni, \u00fev\u00ed a\u00f0 n\u00fa er hj\u00e1lpr\u00e6\u00f0i\u00f0 oss n\u00e6r, en \u00feegar v\u00e9r t\u00f3kum tr\u00fa.<a name=\"12\"><span class=\"versanumer\">12<\/span><\/a>N\u00f3ttin er umli\u00f0in, en dagurinn er kominn <span class='VideyAth'>a)<\/span>, leggjum \u00fev\u00ed af verk myrkursins og \u00edkl\u00e6\u00f0umst <span class='VideyAth'>b)<\/span> herkl\u00e6\u00f0um lj\u00f3ssins!<a name=\"13\"><span class=\"versanumer\">13<\/span><\/a>L\u00e1tum oss <span class='VideyAth'>c)<\/span> framganga eins og \u00e1 degi s\u00f3masamlega, ekki <span class='VideyAth'>d)<\/span> \u00ed \u00f3f\u00e1ti e\u00f0a ofdrykkju, ekki \u00ed <span class='VideyAth'>e)<\/span> saurlifna\u00f0i n\u00e9 muna\u00f0arl\u00edfi, ekki \u00ed <span class='VideyAth'>f)<\/span> \u00fer\u00e1ttun n\u00e9 \u00f6funds\u00fdki,<a name=\"14\"><span class=\"versanumer\">14<\/span><\/a>heldur <span class='VideyAth'>g)<\/span> \u00edkl\u00e6\u00f0ist Drottni Jes\u00fa Kristi! hafi\u00f0 og holdsins umsorgun ekki til a\u00f0 \u00e6sa girndir.<\/p>\n<div class=\"footnoteVidey\">V. 1. g. T\u00edt. 3,1. 1 P\u00e9t. 2,13. h. Or\u00f0skv. b. 8,15.16. Dan. 4,32. Spek. b. 6,3. J\u00f3h. 19,11.  V. 3. og 4. 1 P\u00e9t. 2,14.  V. 7. Matt. 22,21. Mark. 12,17. Jak. 2,8. 3 M\u00f3s. b. 19,18.  V. 8. Gal. 5,14. 1. T\u00edm. 1,5. Jak. 2,8.  V. 9. 2 M\u00f3s. b. 20,14. f. 3 M\u00f3s. b. 10,18. L\u00fak. 10,27. Jak. 2,8.  V. 10. 1 Kor. 13,4. Gal. 5,14.  V. 11. 1 Kor. 15,34. Ef. 5,14. 1 Tess. 5,6.  V. 12. a. 1 J\u00f3h. 2,8. Ef. 5,11. b. Ef. 6,10. f. 1 Tess. 5,8.  V. 13. c. Fil. 4,8. 1 Tess. 4,12. d. L\u00fak. 21,34. 1 Tess. 5,6. e. 1 Kor. 6,9. Ef. 5,5. f. Jak. 3,14.  V. 14. g. Gal. 3,27. K\u00f3l. 3,10. Opinb. b. 16,15. Or\u00f0skv. b. 23,20. Ef. 5,29. 1 P\u00e9t. 2,11. 1 J\u00f3h. 2,16.<\/div>\n","protected":false},"excerpt":{"rendered":"<p>\u00deeir tr\u00fau\u00f0u eiga a\u00f0 vera yfirvaldinu hl\u00fd\u00f0nir. Au\u00f0s\u00fdna \u00f6llum k\u00e6rleika; afleggja verk myrkranna. 1Hv\u00f6r ma\u00f0ur s\u00e9 yfirbo\u00f0num g) valdst\u00e9ttum undirgefinn; \u00fev\u00ed a\u00f0 ekki er valdst\u00e9tt nema fr\u00e1 Gu\u00f0i og \u00fe\u00e6r valdst\u00e9ttir, sem eru, \u00fe\u00e6r eru af Gu\u00f0i tilskikka\u00f0ar h);2svo a\u00f0 hv\u00f6r, sem setur sig \u00ed m\u00f3ti valdst\u00e9ttinni, hann stendur \u00ed m\u00f3ti Gu\u00f0s skikkun, en \u00feeir sem \u00ed m\u00f3ti standa, munu f\u00e1 \u00feeirra d\u00f3m (straff);3\u00fev\u00ed a\u00f0 valdsmennirnir eru eigi \u00f3tti g\u00f3\u00f0ra verka, heldur vondra. En ef \u00fe\u00fa vilt eigi \u00f3ttast valdst\u00e9ttina, \u00fe\u00e1 gj\u00f6r hva\u00f0 gott er og muntu lofst\u00edr af henni hafa;4\u00fev\u00ed a\u00f0 h\u00fan er Gu\u00f0s \u00fe\u00e9nari \u00fe\u00e9r til g\u00f3\u00f0s, en <a href=\"https:\/\/biblian.is\/videy\/romverjabrefid-13-kafli\/\"> [&#8230;]<\/a><\/p>\n","protected":false},"author":1,"featured_media":0,"parent":0,"menu_order":0,"comment_status":"open","ping_status":"open","template":"bibliukaflar.php","meta":{"footnotes":""},"class_list":["post-21908","page","type-page","status-publish","hentry"],"_links":{"self":[{"href":"https:\/\/biblian.is\/videy\/wp-json\/wp\/v2\/pages\/21908","targetHints":{"allow":["GET"]}}],"collection":[{"href":"https:\/\/biblian.is\/videy\/wp-json\/wp\/v2\/pages"}],"about":[{"href":"https:\/\/biblian.is\/videy\/wp-json\/wp\/v2\/types\/page"}],"author":[{"embeddable":true,"href":"https:\/\/biblian.is\/videy\/wp-json\/wp\/v2\/users\/1"}],"replies":[{"embeddable":true,"href":"https:\/\/biblian.is\/videy\/wp-json\/wp\/v2\/comments?post=21908"}],"version-history":[{"count":0,"href":"https:\/\/biblian.is\/videy\/wp-json\/wp\/v2\/pages\/21908\/revisions"}],"wp:attachment":[{"href":"https:\/\/biblian.is\/videy\/wp-json\/wp\/v2\/media?parent=21908"}],"curies":[{"name":"wp","href":"https:\/\/api.w.org\/{rel}","templated":true}]}}