{"id":21907,"date":"2018-01-02T01:04:40","date_gmt":"2018-01-02T01:04:40","guid":{"rendered":"http:\/\/biblian.is\/videy\/romverjabrefid-12-kafli\/"},"modified":"2018-01-02T01:04:40","modified_gmt":"2018-01-02T01:04:40","slug":"romverjabrefid-12-kafli","status":"publish","type":"page","link":"https:\/\/biblian.is\/videy\/romverjabrefid-12-kafli\/","title":{"rendered":"R\u00f3mverjabr\u00e9fi\u00f0 12. kafli"},"content":{"rendered":"<div class=\"fyrirsognVidey\">Postulinn \u00e1minnir \u00fe\u00e1 tr\u00fau\u00f0u til heilags framfer\u00f0is. A\u00f0 hv\u00f6r einn svo sem limur \u00e1 Krists l\u00edkama heg\u00f0i s\u00e9r r\u00e9ttilega. Einkum \u00ed au\u00f0s\u00fdningu k\u00e6rleiks verkanna.<\/div>\n<p><a name=\"1\"><span class=\"versanumer\">1<\/span><\/a>Svo <span class='VideyAth'>f)<\/span> \u00e1minni eg y\u00f0ur, br\u00e6\u00f0ur! fyrir miskunnsemdir Gu\u00f0s, a\u00f0 \u00fe\u00e9r <span class='VideyAth'>g)<\/span> framleggi\u00f0 y\u00f0ar l\u00edkami svo sem <span class='VideyAth'>h)<\/span> offur, lifandi, heilagt, Gu\u00f0i \u00feakkn\u00e6mt,<a name=\"2\"><span class=\"versanumer\">2<\/span><\/a>og <span class='VideyAth'>i)<\/span> lagi\u00f0 y\u00f0ur ei eftir \u00f6ld \u00feessari, heldur taki\u00f0 h\u00e1ttaskipti me\u00f0 <span class='VideyAth'>k)<\/span> endurn\u00fdjungu y\u00f0ar sinnis, a\u00f0 \u00fe\u00e9r megi\u00f0 reyna, hv\u00f6r s\u00e9 <span class='VideyAth'>l)<\/span> vilji Gu\u00f0s, hva\u00f0 <span class='VideyAth'>m)<\/span> gott er og <span class='VideyAth'>n)<\/span> <span class='VideyAth'>(Gu\u00f0i)<\/span> vel\u00fe\u00f3knanlegt og fullkomi\u00f0;<a name=\"3\"><span class=\"versanumer\">3<\/span><\/a>\u00fev\u00ed a\u00f0 eftir \u00feeirri <span class='VideyAth'>o)<\/span> n\u00e1\u00f0, sem m\u00e9r er gefin, segi eg og s\u00e9rhv\u00f6rjum, sem \u00e1 me\u00f0al y\u00f0ar er, <span class='VideyAth'>p)<\/span> a\u00f0 hugsa ekki h\u00e6rra en hugsa ber, heldur hugsa svo, a\u00f0 hann hugsi hyggilega, <span class='VideyAth'>q)<\/span> eftir \u00fev\u00ed, sem Gu\u00f0 hefir s\u00e9rhv\u00f6rjum \u00fatb\u00fdtt m\u00e6lir tr\u00faarinnar.<a name=\"4\"><span class=\"versanumer\">4<\/span><\/a>\u00dev\u00ed a\u00f0 svo sem v\u00e9r h\u00f6fum \u00e1 einum l\u00edkama marga limi, en limirnir hafa ekki sama verk,<a name=\"5\"><span class=\"versanumer\">5<\/span><\/a>svo erum v\u00e9r og margir einn l\u00edkami \u00ed Kristi, en hv\u00f6r fyri sig annars limur;<a name=\"6\"><span class=\"versanumer\">6<\/span><\/a>en h\u00f6fum <span class='VideyAth'>r)<\/span> margv\u00edslegar n\u00e1\u00f0arg\u00e1fur eftir \u00feeirri g\u00e1fu sem oss er gefin,<a name=\"7\"><span class=\"versanumer\">7<\/span><\/a>hv\u00f6rt heldur sp\u00e1d\u00f3m <span class='VideyAth'>s)<\/span> eftir reglu tr\u00faarinnar e\u00f0a <span class='VideyAth'>t)<\/span> emb\u00e6tti\u2014<span class='VideyAth'>u)<\/span> erum v\u00e9r hv\u00f6r annars limir\u2014\u00ed emb\u00e6ttinu, e\u00f0a kennandi \u00ed kenningunni,<a name=\"8\"><span class=\"versanumer\">8<\/span><\/a>e\u00f0a \u00e1minnandi \u00ed \u00e1minningunni; s\u00e1 <span class='VideyAth'>v)<\/span> \u00fatb\u00fdtandi \u00ed hreinskilninni, s\u00e1 <span class='VideyAth'>x)<\/span> fyrirr\u00e1\u00f0andi \u00ed kostg\u00e6fninni, s\u00e1 miskunnandi <span class='VideyAth'>y)<\/span> \u00ed h\u00fdrleikanum.<a name=\"9\"><span class=\"versanumer\">9<\/span><\/a>Elskan <span class='VideyAth'>z)<\/span> s\u00e9 fl\u00e6r\u00f0arlaus; hati\u00f0 <span class='VideyAth'>\u00fe)<\/span> hi\u00f0 vonda, en haldi\u00f0 fast vi\u00f0 \u00fea\u00f0 g\u00f3\u00f0a.<a name=\"10\"><span class=\"versanumer\">10<\/span><\/a>Veri\u00f0 <span class='VideyAth'>\u00e6)<\/span> \u00ed br\u00f3\u00f0urlegum k\u00e6rleika, innilega elskandi hv\u00f6r annan; hv\u00f6r <span class='VideyAth'>\u00f6)<\/span> ver\u00f0i fyrri til vir\u00f0ing a\u00f0 veita \u00f6\u00f0rum;<a name=\"11\"><span class=\"versanumer\">11<\/span><\/a>\u00ed i\u00f0ninni \u00f3latir, \u00ed andanum <span class='VideyAth'>a)<\/span> gl\u00f3andi, <span class='VideyAth'>b)<\/span> Drottni \u00fej\u00f3nandi,<a name=\"12\"><span class=\"versanumer\">12<\/span><\/a>\u00ed <span class='VideyAth'>c)<\/span> voninni gla\u00f0ir, <span class='VideyAth'>d)<\/span> \u00ed \u00fej\u00e1ningunni \u00feolinm\u00f3\u00f0ir, \u00ed b\u00e6ninni sta\u00f0fastir<span class='VideyAth'>a)<\/span>!<a name=\"13\"><span class=\"versanumer\">13<\/span><\/a>taki\u00f0 \u00fe\u00e1tt \u00ed nau\u00f0\u00feurftum heilagra! <span class='VideyAth'>b)<\/span> kostg\u00e6fi\u00f0 gestrisnina!<a name=\"14\"><span class=\"versanumer\">14<\/span><\/a>blessi\u00f0 \u00fe\u00e1, er ofs\u00e6kja y\u00f0ur! blessi\u00f0 en b\u00f6lvi\u00f0 ekki!<a name=\"15\"><span class=\"versanumer\">15<\/span><\/a>fagni\u00f0 me\u00f0 fagnendum og gr\u00e1ti\u00f0 me\u00f0 gr\u00e1tendum!<a name=\"16\"><span class=\"versanumer\">16<\/span><\/a>veri\u00f0 samhuga innbyr\u00f0is <span class='VideyAth'>c)<\/span>, hugsi\u00f0 ei h\u00e1tt, heldur haldi\u00f0 y\u00f0ur vi\u00f0 \u00fea\u00f0 l\u00e1ga! veri\u00f0 <span class='VideyAth'>d)<\/span> ei s\u00e9rvitrir!<a name=\"17\"><span class=\"versanumer\">17<\/span><\/a>Gjaldi\u00f0 <span class='VideyAth'>e)<\/span> engum illt fyrir illt! <span class='VideyAth'>f)<\/span> stundi\u00f0 \u00fea\u00f0, sem fyrir allra manna sj\u00f3num er s\u00f3masamlegt!<a name=\"18\"><span class=\"versanumer\">18<\/span><\/a>ef m\u00f6gulegt er \u00fe\u00e1 hafi\u00f0, svo miki\u00f0 sem \u00fe\u00e9r kunni\u00f0, fri\u00f0 vi\u00f0 alla menn!<a name=\"19\"><span class=\"versanumer\">19<\/span><\/a>hefni\u00f0 y\u00f0ar ekki sj\u00e1lfir, elskanlegir! heldur gefi\u00f0 r\u00fam rei\u00f0inni; \u00fev\u00ed a\u00f0 skrifa\u00f0 er: m\u00edn er hefndin, eg vil endurgjalda, segir Drottinn.<a name=\"20\"><span class=\"versanumer\">20<\/span><\/a>\u00dear fyrir ef \u00f3vin \u00feinn hungrar, \u00fe\u00e1 gef honum a\u00f0 eta, ef hann \u00feyrstir, \u00fe\u00e1 gef honum a\u00f0 drekka, \u00fev\u00ed \u00feegar \u00fe\u00fa gj\u00f6rir \u00feetta, \u00fe\u00e1 safnar \u00fe\u00fa gl\u00f3\u00f0um elds yfir h\u00f6fu\u00f0 honum!<a name=\"21\"><span class=\"versanumer\">21<\/span><\/a>l\u00e1t ei yfirvinna \u00feig af \u00fev\u00ed vonda, heldur yfirvinn \u00fe\u00fa \u00fea\u00f0 vonda me\u00f0 \u00fev\u00ed g\u00f3\u00f0a!<\/p>\n<div class=\"footnoteVidey\">V. 1. f. Fil. 2,1. g. Kap. 6,13.16. h. Fil. 4,18. 1 P\u00e9t. 2,5.  V. 2. i. 1 P\u00e9t. 1,14. 1 J\u00f3h. 2,15. k. Ef. 4,23. l. Ef. 5,17. K\u00f3l. 1,9. m. R\u00f3m. 12,9.21. n. Hebr. 13,21.  V. 3. o. Kap. 1,5. p. 1 Kor. 4,6. q. 1 Kor. 12,1. Ef. 4,7.16. \u00fe. e. sambo\u00f0i\u00f0 \u00feeirri g\u00e1fu, sem Gu\u00f0 hefir s\u00e9rhv\u00f6rjum \u00fatskammta\u00f0.  V. 4. 1 Kor. 12,12. Ef. 1,22.23.  V. 5. 1 Kor. 12,27. Ef. 5,33.  V. 6. r. 1 Kor. 12,4. 1 P\u00e9t. 4,10.11.  V. 7. s. \u00fe. e. \u00fe\u00e1 s\u00fdnum v\u00e9r \u00fea\u00f0 eftir sem vor tr\u00fa er til. t. 1 Kor. 12,28. u. \u00de. e. s\u00fdnum v\u00e9r \u00fea\u00f0 \u00ed \u00fev\u00ed emb\u00e6tti hve g\u00f3\u00f0ir limir v\u00e9r erum.  V. 8. v. \u00fe. e. Safna\u00f0anna \u00f6lmusugj\u00f6fum. 2 Kor. 8,2. x. Post. g. b. 20,28. 1 P\u00e9t. 5,2. 1 T\u00edm. 5,17. y. 2 Kor. 9,7.  V. 9. z. 1 T\u00edm. 1,5. \u00fe. S\u00e1lm. 36,5. 139,21. Amos. 5,15.  V. 10. \u00e6. Ef. 4,3. 1 Tess. 4,9. 1 P\u00e9t. 1,22. 2 P\u00e9t. 1,7. Fil. 2,3. 1 P\u00e9t. 2,17. 5,5. \u00f6. a\u00f0r: hagandi s\u00e9r eftir t\u00edmanum.  V. 11. a. Post. g. b. 18,25. Opinb. b. 3,15. b. L\u00fak. 10,20. R\u00f3m. 15,13. 2 Kor. 6,10.  V. 12. c. Hebr. 10,36. 12,1\u20133. d. L\u00fak. 18,1. Ef. 6,18.  V. 13. a. 1 Kor. 16,1. b. 1 P\u00e9t. 4,9.  V. 14. Matth. 5,44. 1 Kor. 4,12. 1 P\u00e9t. 3,9.  V. 15. S\u00e1lm. 35,13. S\u00edr. 7,35.  V. 16. c. Kap. 15,5. 1 Kor. 1,10. Fil. 2,2. S\u00e1lm. 133,1. d. Or\u00f0skv. b. 3,7. 26,12.16. Es. 5,21.  V. 17. e. Matt. 5,39.40. 1 P\u00e9t. 3,9. f. 2 Kor. 8,21.  V. 18. Mark. 9,50. Hebr. 12,14.  V. 19. 3 M\u00f3s. b. 19,18. Matt. 5,39. 1 Kor. 6,7. 5 M\u00f3s. b. 32,35. S\u00e1lm. 94,1. Hebr. 10,30.  V. 20. Or\u00f0skv. b. 25,21.22. Matt. 5,44.  V. 21. 1 Sam. b. 24,18.<\/div>\n","protected":false},"excerpt":{"rendered":"<p>Postulinn \u00e1minnir \u00fe\u00e1 tr\u00fau\u00f0u til heilags framfer\u00f0is. A\u00f0 hv\u00f6r einn svo sem limur \u00e1 Krists l\u00edkama heg\u00f0i s\u00e9r r\u00e9ttilega. Einkum \u00ed au\u00f0s\u00fdningu k\u00e6rleiks verkanna. 1Svo f) \u00e1minni eg y\u00f0ur, br\u00e6\u00f0ur! fyrir miskunnsemdir Gu\u00f0s, a\u00f0 \u00fe\u00e9r g) framleggi\u00f0 y\u00f0ar l\u00edkami svo sem h) offur, lifandi, heilagt, Gu\u00f0i \u00feakkn\u00e6mt,2og i) lagi\u00f0 y\u00f0ur ei eftir \u00f6ld \u00feessari, heldur taki\u00f0 h\u00e1ttaskipti me\u00f0 k) endurn\u00fdjungu y\u00f0ar sinnis, a\u00f0 \u00fe\u00e9r megi\u00f0 reyna, hv\u00f6r s\u00e9 l) vilji Gu\u00f0s, hva\u00f0 m) gott er og n) (Gu\u00f0i) vel\u00fe\u00f3knanlegt og fullkomi\u00f0;3\u00fev\u00ed a\u00f0 eftir \u00feeirri o) n\u00e1\u00f0, sem m\u00e9r er gefin, segi eg og s\u00e9rhv\u00f6rjum, sem \u00e1 me\u00f0al y\u00f0ar er, p) <a href=\"https:\/\/biblian.is\/videy\/romverjabrefid-12-kafli\/\"> [&#8230;]<\/a><\/p>\n","protected":false},"author":1,"featured_media":0,"parent":0,"menu_order":0,"comment_status":"open","ping_status":"open","template":"bibliukaflar.php","meta":{"footnotes":""},"class_list":["post-21907","page","type-page","status-publish","hentry"],"_links":{"self":[{"href":"https:\/\/biblian.is\/videy\/wp-json\/wp\/v2\/pages\/21907","targetHints":{"allow":["GET"]}}],"collection":[{"href":"https:\/\/biblian.is\/videy\/wp-json\/wp\/v2\/pages"}],"about":[{"href":"https:\/\/biblian.is\/videy\/wp-json\/wp\/v2\/types\/page"}],"author":[{"embeddable":true,"href":"https:\/\/biblian.is\/videy\/wp-json\/wp\/v2\/users\/1"}],"replies":[{"embeddable":true,"href":"https:\/\/biblian.is\/videy\/wp-json\/wp\/v2\/comments?post=21907"}],"version-history":[{"count":0,"href":"https:\/\/biblian.is\/videy\/wp-json\/wp\/v2\/pages\/21907\/revisions"}],"wp:attachment":[{"href":"https:\/\/biblian.is\/videy\/wp-json\/wp\/v2\/media?parent=21907"}],"curies":[{"name":"wp","href":"https:\/\/api.w.org\/{rel}","templated":true}]}}