{"id":21906,"date":"2018-01-02T01:04:40","date_gmt":"2018-01-02T01:04:40","guid":{"rendered":"http:\/\/biblian.is\/videy\/romverjabrefid-11-kafli\/"},"modified":"2018-01-02T01:04:40","modified_gmt":"2018-01-02T01:04:40","slug":"romverjabrefid-11-kafli","status":"publish","type":"page","link":"https:\/\/biblian.is\/videy\/romverjabrefid-11-kafli\/","title":{"rendered":"R\u00f3mverjabr\u00e9fi\u00f0 11. kafli"},"content":{"rendered":"<div class=\"fyrirsognVidey\">Gy\u00f0ingarnir eru ekki \u00fatsk\u00fafa\u00f0ir; \u00feeir, sem n\u00e1\u00f0ina \u00feiggja, eru \u00fatvaldir, hinir forhertir. \u00deeirra forher\u00f0ing gaf tilefni til hei\u00f0ingjanna umvendunar vi\u00f0 hv\u00f6rja Gy\u00f0ingar m\u00e6ttu \u00f6rvast til a\u00f0 fylgja \u00feeirra d\u00e6mi. Postulinn d\u00e1ist a\u00f0 Gu\u00f0s v\u00edsd\u00f3mi.<\/div>\n<p><a name=\"1\"><span class=\"versanumer\">1<\/span><\/a>Eg spyr \u00fe\u00e1: hefir Gu\u00f0 <span class='VideyAth'>d)<\/span> \u00fatsk\u00fafa\u00f0 sj\u00e1lfs s\u00edns f\u00f3lki? fj\u00e6rri s\u00e9 \u00fev\u00ed! \u00fev\u00ed a\u00f0 einnig <span class='VideyAth'>e)<\/span> eg er \u00cdsraelsma\u00f0ur, af s\u00e6\u00f0i <span class='VideyAth'>f)<\/span> Abrahams, \u00e6ttkv\u00edsl Benjam\u00edns.<a name=\"2\"><span class=\"versanumer\">2<\/span><\/a>Ekki hefir Gu\u00f0 \u00fatsk\u00fafa\u00f0 f\u00f3lki s\u00ednu, hv\u00f6rt hann fyrirfram \u00feekkti <span class='VideyAth'>(a\u00f0 vera sitt)<\/span>; e\u00f0a viti\u00f0 \u00fe\u00e9r ekki hva\u00f0 Ritningin segir um El\u00edas, hv\u00f6rninn hann gekk fram fyrir Gu\u00f0 \u00e1 m\u00f3ti \u00cdsrael segjandi:<a name=\"3\"><span class=\"versanumer\">3<\/span><\/a>Drottinn! sp\u00e1menn \u00fe\u00edna hafa \u00feeir \u00ed hel slegi\u00f0 og \u00f6lturum \u00fe\u00ednum umvelt og eg er einsamall eftirl\u00e1tinn og sitja \u00feeir um l\u00edf mitt;<a name=\"4\"><span class=\"versanumer\">4<\/span><\/a>en hva\u00f0 segir honum gu\u00f0legt andsvar? eg hefi eftirskili\u00f0 m\u00e9r sj\u00e1lfum sj\u00f6 \u00fe\u00fasundir manna, hv\u00f6rjir ekki hafa beygt s\u00edn kn\u00e9 fyrir Baal.<a name=\"5\"><span class=\"versanumer\">5<\/span><\/a>Svolei\u00f0is eru \u00fe\u00e1 einninn \u00e1 n\u00e6rverandi t\u00edma nokkrar leifar or\u00f0nar eftir \u00fatvalningu n\u00e1\u00f0arinnar.<a name=\"6\"><span class=\"versanumer\">6<\/span><\/a>En ef \u00fea\u00f0 er af n\u00e1\u00f0, \u00fe\u00e1 er \u00fea\u00f0 ekki framar af verkum, annars v\u00e6ri n\u00e1\u00f0in \u00fe\u00e1 ekki framar n\u00e1\u00f0, en ef \u00fea\u00f0 er af verkunum, \u00fe\u00e1 er \u00fea\u00f0 ekki framar n\u00e1\u00f0, ellegar verki\u00f0 ver\u00f0ur \u00fe\u00e1 ekki verk framar.<a name=\"7\"><span class=\"versanumer\">7<\/span><\/a>Hva\u00f0 \u00fe\u00e1? \u00fea\u00f0, sem \u00cdsrael <span class='VideyAth'>g)<\/span> leitar eftir, hlotna\u00f0ist honum ekki, en <span class='VideyAth'>h)<\/span> \u00fatvalningunni hlotna\u00f0ist \u00fea\u00f0, hinir a\u00f0rir ur\u00f0u forhertir.<a name=\"8\"><span class=\"versanumer\">8<\/span><\/a>Svo sem skrifa\u00f0 er: Gu\u00f0 gaf \u00feeim deyf\u00f0aranda, augu ekki til a\u00f0 sj\u00e1 og eyru til ekki a\u00f0 heyra allt til \u00feessa dags \u00ed dag er;<a name=\"9\"><span class=\"versanumer\">9<\/span><\/a>og Dav\u00ed\u00f0 segir: ver\u00f0i bor\u00f0 \u00feeirra a\u00f0 sn\u00f6ru og a\u00f0 gildru og a\u00f0 falli og \u00feeim a\u00f0 endurgjaldi!<a name=\"10\"><span class=\"versanumer\">10<\/span><\/a>formyrkvist augu \u00feeirra a\u00f0 \u00feeir sj\u00e1i ekki og beyg \u00e6t\u00ed\u00f0 \u00feeirra hrygg! <br \/><a name=\"11\"><span class=\"versanumer\">11<\/span><\/a>Eg spyr \u00feess vegna: r\u00e1ku \u00feeir sig \u00e1 til \u00feess, a\u00f0 \u00feeir skyldu falla? fj\u00e6rri s\u00e9 \u00fev\u00ed! heldur hefir af <span class='VideyAth'>a)<\/span> falli \u00feeirra sta\u00f0i\u00f0 heill hei\u00f0ingjum, til \u00feess a\u00f0 \u00feeir <span class='VideyAth'>(Gy\u00f0ingar)<\/span> mettust vi\u00f0 \u00fe\u00e1 <span class='VideyAth'>b)<\/span>.<a name=\"12\"><span class=\"versanumer\">12<\/span><\/a>En ef fall \u00feeirra er r\u00edkd\u00f3mur heimsins og ska\u00f0i \u00feeirra r\u00edkd\u00f3mur hei\u00f0ingjanna, hve miklu framar \u00feeirra fylling!<a name=\"13\"><span class=\"versanumer\">13<\/span><\/a>\u00fev\u00ed a\u00f0 vi\u00f0 y\u00f0ur, hei\u00f0ingja! tala eg; a\u00f0 \u00fev\u00ed leyti, sem eg er hei\u00f0inna manna postuli, vil eg mitt emb\u00e6tti hei\u00f0ra,<a name=\"14\"><span class=\"versanumer\">14<\/span><\/a>ef eg g\u00e6ti hvatt mitt hold <span class='VideyAth'>c)<\/span> <span class='VideyAth'>(m\u00edna \u00e6ttmenn)<\/span> til metna\u00f0ar <span class='VideyAth'>d)<\/span> og frelsa\u00f0 nokkra af \u00feeim,<a name=\"15\"><span class=\"versanumer\">15<\/span><\/a>\u00fev\u00ed ef \u00fatsk\u00fafan \u00feeirra er forl\u00edkan heimsins <span class='VideyAth'>(vi\u00f0 Gu\u00f0)<\/span>, hva\u00f0 mun \u00fe\u00e1 me\u00f0tekning \u00feeirra ver\u00f0a nema l\u00edf af dau\u00f0a?<a name=\"16\"><span class=\"versanumer\">16<\/span><\/a>En ef frumgr\u00f3\u00f0inn er heilagur, \u00fe\u00e1 og svo deigi\u00f0; og ef r\u00f3tin er heil\u00f6g, \u00fe\u00e1 og svo kvistirnir.<a name=\"17\"><span class=\"versanumer\">17<\/span><\/a>En \u00fe\u00f3tt sumir af kvistunum s\u00e9u afbrotnir, en \u00fe\u00fa sem varst villivi\u00f0smj\u00f6rsvi\u00f0ur ert gr\u00f3\u00f0ursettur \u00ed \u00feeirra sta\u00f0 og ert or\u00f0inn hluttakari \u00ed ol\u00edutr\u00e9sins r\u00f3t og fitu,<a name=\"18\"><span class=\"versanumer\">18<\/span><\/a>\u00fe\u00e1 st\u00e6r \u00feig ekki yfir kvistunum, en ef \u00fe\u00fa st\u00e6rir \u00feig\u2014\u00fe\u00e1 ber \u00fe\u00fa ekki r\u00f3tina, heldur r\u00f3tin \u00feig,\u2014<a name=\"19\"><span class=\"versanumer\">19<\/span><\/a>\u00fe\u00fa vilt m\u00e1ske segja: kvistirnir eru afbrotnir, svo eg yr\u00f0i innr\u00e6ttur;<a name=\"20\"><span class=\"versanumer\">20<\/span><\/a>a\u00f0 v\u00edsu; fyrir vantr\u00faar sakir eru \u00feeir afbrotnir, en <span class='VideyAth'>e)<\/span> vegna tr\u00faarinnar stendur \u00fe\u00fa, upphef \u00feig ekki! heldur <span class='VideyAth'>f)<\/span> \u00f3ttast!<a name=\"21\"><span class=\"versanumer\">21<\/span><\/a>\u00fev\u00ed a\u00f0 hafi Gu\u00f0 ekki \u00feyrmt enum n\u00e1tt\u00farlegu kvistum, \u00fe\u00e1 mun hann enganveginn \u00feyrma \u00fe\u00e9r.<a name=\"22\"><span class=\"versanumer\">22<\/span><\/a>Sj\u00e1 \u00fear fyrir g\u00f3\u00f0girni og strangleika Gu\u00f0s, strangleika vi\u00f0 \u00fe\u00e1, sem fallnir eru, en g\u00f3\u00f0girni vi\u00f0 \u00feig, ef \u00fe\u00fa vi\u00f0helst \u00ed g\u00f3\u00f0girninni, annars ver\u00f0ur \u00fe\u00fa og einnin afh\u00f6ggvinn.<a name=\"23\"><span class=\"versanumer\">23<\/span><\/a>En hinir <span class='VideyAth'>(f\u00f6llnu)<\/span> munu l\u00edka, ef \u00feeir ekki \u00e1fram halda \u00ed vantr\u00fanni, innr\u00e6tast, \u00fev\u00ed a\u00f0 m\u00e1ttugur er Gu\u00f0 aftur a\u00f0 innr\u00e6ta \u00fe\u00e1;<a name=\"24\"><span class=\"versanumer\">24<\/span><\/a>\u00fev\u00ed a\u00f0 ef \u00fe\u00fa ert afh\u00f6ggvinn \u00fev\u00ed ol\u00edutr\u00e9, sem af n\u00e1tt\u00farunni var villivi\u00f0ur og \u00ed m\u00f3ti n\u00e1tt\u00farunni ert innr\u00e6ttur g\u00f3\u00f0u ol\u00edutr\u00e9, hve miklu framar munu \u00feessir n\u00e1tt\u00farlegu kvistir innr\u00e6tast s\u00ednu eigin ol\u00edutr\u00e9?<a name=\"25\"><span class=\"versanumer\">25<\/span><\/a>\u00dev\u00ed a\u00f0 eg vil ekki, br\u00e6\u00f0ur! a\u00f0 y\u00f0ur s\u00e9 \u00f3kunnur \u00feessi leyndard\u00f3mur\u2014svo a\u00f0 \u00fe\u00e9r varist s\u00e9r\u00fe\u00f3tta\u2014a\u00f0 forher\u00f0ing er ske\u00f0 nokkurn part \u00ed \u00cdsrael, allt til \u00feess t\u00edma, a\u00f0 fylling hei\u00f0ingjanna er innkomin;<a name=\"26\"><span class=\"versanumer\">26<\/span><\/a>og svo mun allur \u00cdsrael frelsa\u00f0ur ver\u00f0a, eins og skrifa\u00f0 er: fr\u00e1 S\u00edon mun koma s\u00e1, sem frelsar og mun \u00fatr\u00fdma \u00f3gu\u00f0legu ath\u00e6fi fr\u00e1 Jakob,<a name=\"27\"><span class=\"versanumer\">27<\/span><\/a>og \u00feetta er hj\u00e1 m\u00e9r s\u00e1ttm\u00e1linn vi\u00f0 \u00fe\u00e1, \u00feegar eg hefi burtteki\u00f0 \u00feeirra syndir.<a name=\"28\"><span class=\"versanumer\">28<\/span><\/a>Eftir n\u00e1\u00f0arbo\u00f0skapnum <span class='VideyAth'>g)<\/span> eru \u00feeir a\u00f0 s\u00f6nnu \u00f3vinir <span class='VideyAth'>(Gu\u00f0s)<\/span> fyrir y\u00f0ar sakir, en eftir \u00fatvalningunni elska\u00f0ir fyrir fe\u00f0ranna sakir;<a name=\"29\"><span class=\"versanumer\">29<\/span><\/a>\u00fev\u00ed a\u00f0 n\u00e1\u00f0argjafir Gu\u00f0s og kallan eru \u00feannig, a\u00f0 hann kann ekki \u00feeirra a\u00f0 i\u00f0rast;<a name=\"30\"><span class=\"versanumer\">30<\/span><\/a>\u00fev\u00ed a\u00f0eins og \u00fe\u00e9r <span class='VideyAth'>(hei\u00f0ingjar)<\/span> for\u00f0um voru\u00f0 Gu\u00f0i \u00f3hl\u00fd\u00f0ugir, en hafi n\u00fa miskunn \u00f6\u00f0last vegna \u00feeirrar <span class='VideyAth'>(Gy\u00f0inga)<\/span> vantr\u00faar,<a name=\"31\"><span class=\"versanumer\">31<\/span><\/a>svo eru \u00feeir n\u00fa einnig \u00f3hl\u00fd\u00f0nir or\u00f0nir y\u00f0ur til miskunnar, svo a\u00f0 \u00feeir einnig miskunn \u00f6\u00f0list;<a name=\"32\"><span class=\"versanumer\">32<\/span><\/a>\u00fev\u00ed a\u00f0 Gu\u00f0 hefir alla innilukt undir \u00f3hl\u00fd\u00f0nina, til \u00feess a\u00f0 hann \u00f6llum miskunna\u00f0i.<br \/><a name=\"33\"><span class=\"versanumer\">33<\/span><\/a>\u00d3! \u00fe\u00e1 d\u00fdpt r\u00edkd\u00f3ms <span class='VideyAth'>a)<\/span> speki og \u00feekkingar Gu\u00f0s! hv\u00f6rsu <span class='VideyAth'>b)<\/span> \u00f3\u00fatgrundanlegir eru d\u00f3mar hans, og \u00f3sporr\u00e6kir vegir hans!<a name=\"34\"><span class=\"versanumer\">34<\/span><\/a>\u00fev\u00ed a\u00f0 hv\u00f6r hefir \u00feekkt sinni Drottins? e\u00f0a hv\u00f6r hefir r\u00e1\u00f0gjafi hans veri\u00f0?<a name=\"35\"><span class=\"versanumer\">35<\/span><\/a>hv\u00f6r hefir fyrri gefi\u00f0 honum og muni eiga laun a\u00f0 honum?<a name=\"36\"><span class=\"versanumer\">36<\/span><\/a>\u00dev\u00ed a\u00f0 <span class='VideyAth'>c)<\/span> af honum og <span class='VideyAth'>d)<\/span> fyrir hann og til hans eru allir hlutir. <span class='VideyAth'>e)<\/span> Honum s\u00e9 d\u00fdr\u00f0 um aldir, amen!<\/p>\n<div class=\"footnoteVidey\">V. 1. d. Jer. 31,37. e. 2 Kor. 11,22. F\u00edl. 3,5. f. Kap. 9,7.  V. 3. 1. K\u00f3ng. b. 19,10.  V. 4. 1 K\u00f3ng. b. 19,18.  V. 5. Kap. 9,27. eftir \u00fatv: n\u00e1\u00f0: \u00fe. e. er n\u00e1\u00f0 Gu\u00f0s hefir \u00fatvali\u00f0.  V. 6. Kap. 3,28. 4,5. Ef. 2,8. 5 M\u00f3s. 9,4.5.  V. 7. g. Kap. 9,31. h. \u00feeim \u00fatv\u00f6ldu leifum. V. 8. Esa. 6,9.10. 29,10. L\u00fak. 8,10.  V. 9. S\u00e1lm. 69,23.24.  V. 11. a. Post. g. b. 13,46. b. mettust vi\u00f0 \u00fe\u00e1 nl. \u00feegar \u00feeir sj\u00e1 hv\u00edl\u00edk heill \u00fea\u00f0 er fyrir hei\u00f0ingja a\u00f0 vera or\u00f0nir kristnir.  V. 12. \u00deeirra fylling \u00fe. e. \u00feegar \u00feeir fylla h\u00f3pinn, sbr. V. 26.  V. 13. Kap. 15,16. Gal. 1,6. 2,2.8. 1 T\u00edm. 2,7. Post. g. b. 9,15.  V. 14. c. Kap. 9,3. d. V. 11.  V. 15. sbr. v. 12.  V. 17. Jer. 11,16.  V. 19. Post. g. b. 13,46.  V. 20. e. 1 Kor. 10,12. f. Or\u00f0skv. b. 28,14. Esa. 66,2. Filipp. 2,11.  V. 21. 2 P\u00e9t. 2,4.5. V. 22. J\u00f3h. 15,2. Hebr. 3,6.  V. 23. 2 Kor. 3,16.  V. 24. Jer. 11,16.  V. 25. L\u00fak. 21,24.  V. 26. Es. 59,20. S\u00e1lm. 14,7.  V. 27. Jer. 31,33. Es. 27,9. Mich. 7,18.  V. 28. g. \u00ed tilliti til n\u00e1\u00f0arbo\u00f0skaparins.  V. 29. 2 T\u00edm. 2,13.  V. 32. Kap. 3,9. Gal. 3,22.  V. 33. a. \u00fe. e. n\u00e1\u00f0argn\u00e6g\u00f0ar, sbr. Kap. 2,4. 10,12. Ef. 2,7. 3,8. b. Spek. b. 9,13.17. 17,1.  V. 34. Job. 36,22. S\u00e1lm. 92,6. Jer. 23,18. Esa. 40,13.14.  V. 36. c. 1 Kor. 8,6. d. K\u00f3l. 1,16. e. 2 T\u00edm. 4,18.<\/div>\n","protected":false},"excerpt":{"rendered":"<p>Gy\u00f0ingarnir eru ekki \u00fatsk\u00fafa\u00f0ir; \u00feeir, sem n\u00e1\u00f0ina \u00feiggja, eru \u00fatvaldir, hinir forhertir. \u00deeirra forher\u00f0ing gaf tilefni til hei\u00f0ingjanna umvendunar vi\u00f0 hv\u00f6rja Gy\u00f0ingar m\u00e6ttu \u00f6rvast til a\u00f0 fylgja \u00feeirra d\u00e6mi. Postulinn d\u00e1ist a\u00f0 Gu\u00f0s v\u00edsd\u00f3mi. 1Eg spyr \u00fe\u00e1: hefir Gu\u00f0 d) \u00fatsk\u00fafa\u00f0 sj\u00e1lfs s\u00edns f\u00f3lki? fj\u00e6rri s\u00e9 \u00fev\u00ed! \u00fev\u00ed a\u00f0 einnig e) eg er \u00cdsraelsma\u00f0ur, af s\u00e6\u00f0i f) Abrahams, \u00e6ttkv\u00edsl Benjam\u00edns.2Ekki hefir Gu\u00f0 \u00fatsk\u00fafa\u00f0 f\u00f3lki s\u00ednu, hv\u00f6rt hann fyrirfram \u00feekkti (a\u00f0 vera sitt); e\u00f0a viti\u00f0 \u00fe\u00e9r ekki hva\u00f0 Ritningin segir um El\u00edas, hv\u00f6rninn hann gekk fram fyrir Gu\u00f0 \u00e1 m\u00f3ti \u00cdsrael segjandi:3Drottinn! sp\u00e1menn \u00fe\u00edna hafa \u00feeir \u00ed hel slegi\u00f0 og \u00f6lturum <a href=\"https:\/\/biblian.is\/videy\/romverjabrefid-11-kafli\/\"> [&#8230;]<\/a><\/p>\n","protected":false},"author":1,"featured_media":0,"parent":0,"menu_order":0,"comment_status":"open","ping_status":"open","template":"bibliukaflar.php","meta":{"footnotes":""},"class_list":["post-21906","page","type-page","status-publish","hentry"],"_links":{"self":[{"href":"https:\/\/biblian.is\/videy\/wp-json\/wp\/v2\/pages\/21906","targetHints":{"allow":["GET"]}}],"collection":[{"href":"https:\/\/biblian.is\/videy\/wp-json\/wp\/v2\/pages"}],"about":[{"href":"https:\/\/biblian.is\/videy\/wp-json\/wp\/v2\/types\/page"}],"author":[{"embeddable":true,"href":"https:\/\/biblian.is\/videy\/wp-json\/wp\/v2\/users\/1"}],"replies":[{"embeddable":true,"href":"https:\/\/biblian.is\/videy\/wp-json\/wp\/v2\/comments?post=21906"}],"version-history":[{"count":0,"href":"https:\/\/biblian.is\/videy\/wp-json\/wp\/v2\/pages\/21906\/revisions"}],"wp:attachment":[{"href":"https:\/\/biblian.is\/videy\/wp-json\/wp\/v2\/media?parent=21906"}],"curies":[{"name":"wp","href":"https:\/\/api.w.org\/{rel}","templated":true}]}}