{"id":21905,"date":"2018-01-02T01:04:40","date_gmt":"2018-01-02T01:04:40","guid":{"rendered":"http:\/\/biblian.is\/videy\/romverjabrefid-10-kafli\/"},"modified":"2018-01-02T01:04:40","modified_gmt":"2018-01-02T01:04:40","slug":"romverjabrefid-10-kafli","status":"publish","type":"page","link":"https:\/\/biblian.is\/videy\/romverjabrefid-10-kafli\/","title":{"rendered":"R\u00f3mverjabr\u00e9fi\u00f0 10. kafli"},"content":{"rendered":"<div class=\"fyrirsognVidey\">Gy\u00f0ingar leita forgefins eftir r\u00e9ttl\u00e6ti af l\u00f6gm\u00e1linu, \u00fev\u00ed \u00fea\u00f0 veitist \u00ed Jes\u00fa fyrir tr\u00fana. \u00deessi n\u00e1\u00f0 er Gy\u00f0ingum forgefins frambo\u00f0in.<\/div>\n<p><a name=\"1\"><span class=\"versanumer\">1<\/span><\/a>Br\u00e6\u00f0ur! \u00f3sk m\u00edns hjarta og b\u00e6n til Gu\u00f0s er fyrir \u00cdsrael um frelsi;<a name=\"2\"><span class=\"versanumer\">2<\/span><\/a>\u00fev\u00ed eg ber \u00feeim vitni, a\u00f0 \u00feeir hafa vandl\u00e6ting Gu\u00f0s vegna en ekki me\u00f0 skynsemd;<a name=\"3\"><span class=\"versanumer\">3<\/span><\/a>\u00fev\u00ed a\u00f0, \u00fear e\u00f0 \u00feeir \u00feekkja ekki Gu\u00f0s r\u00e9ttl\u00e6ti, en leitast vi\u00f0 a\u00f0 sta\u00f0festa sitt eigi\u00f0 r\u00e9ttl\u00e6ti, \u00fe\u00e1 hafa \u00feeir ekki undirkasta\u00f0 sig Gu\u00f0s r\u00e9ttl\u00e6ti.<a name=\"4\"><span class=\"versanumer\">4<\/span><\/a>\u00dev\u00ed a\u00f0 <span class='VideyAth'>f)<\/span> endir l\u00f6gm\u00e1lsins er Kristur, til r\u00e9ttl\u00e6tis s\u00e9rhv\u00f6rjum, <span class='VideyAth'>g)<\/span> sem tr\u00fair.<a name=\"5\"><span class=\"versanumer\">5<\/span><\/a>\u00dev\u00ed a\u00f0 M\u00f3ses skrifar um \u00fea\u00f0 r\u00e9ttl\u00e6ti, sem er af l\u00f6gm\u00e1linu: a\u00f0 s\u00e1 ma\u00f0ur, sem gj\u00f6rir \u00feessa hluti, muni lifa \u00fear af.<a name=\"6\"><span class=\"versanumer\">6<\/span><\/a>En \u00fea\u00f0 r\u00e9ttl\u00e6ti, sem er af tr\u00fanni segir svo: \u00fe\u00fa skalt ekki segja \u00ed hjarta \u00fe\u00ednu: hv\u00f6r mun uppst\u00edga \u00ed himininn, \u00fea\u00f0 er: til a\u00f0 s\u00e6kja Krist?<a name=\"7\"><span class=\"versanumer\">7<\/span><\/a>e\u00f0a hv\u00f6r mun ni\u00f0urst\u00edga \u00ed undirdj\u00fapi\u00f0, \u00fea\u00f0 er: til a\u00f0 s\u00e6kja Krist fr\u00e1 \u00feeim dau\u00f0u?<a name=\"8\"><span class=\"versanumer\">8<\/span><\/a>En hva\u00f0 segir \u00fea\u00f0 <span class='VideyAth'>h)<\/span>? n\u00e1l\u00e6gt er \u00fe\u00e9r bo\u00f0or\u00f0i\u00f0 <span class='VideyAth'>i)<\/span> \u00ed munni \u00fe\u00ednum og \u00ed hjarta \u00fe\u00ednu. \u00deetta er tr\u00faarinnar or\u00f0, hv\u00f6rt v\u00e9r pr\u00e9dikum;<a name=\"9\"><span class=\"versanumer\">9<\/span><\/a>\u00fev\u00ed a\u00f0 ef \u00fe\u00fa vi\u00f0urkennir me\u00f0 munni \u00fe\u00ednum, a\u00f0 Jes\u00fas er Drottinn, og tr\u00fair \u00ed hjarta \u00fe\u00ednu, a\u00f0 Gu\u00f0 hafi uppvaki\u00f0 hann fr\u00e1 dau\u00f0um, muntu h\u00f3lpinn ver\u00f0a,<a name=\"10\"><span class=\"versanumer\">10<\/span><\/a>\u00fev\u00ed a\u00f0 me\u00f0 hjartanu ver\u00f0ur tr\u00faa\u00f0, til r\u00e9ttl\u00e6tis, en me\u00f0 munninum vi\u00f0urkennt til hj\u00e1lpr\u00e6\u00f0is;<a name=\"11\"><span class=\"versanumer\">11<\/span><\/a>\u00fev\u00ed a\u00f0 Ritningin segir: hv\u00f6r, sem tr\u00fair \u00e1 hann, mun ekki til skammar ver\u00f0a.<a name=\"12\"><span class=\"versanumer\">12<\/span><\/a>\u00dev\u00ed a\u00f0 <span class='VideyAth'>a)<\/span> enginn greinarmunur er Gy\u00f0ings e\u00f0ur hins gr\u00edska; \u00fev\u00ed a\u00f0 s\u00e1 sami er <span class='VideyAth'>b)<\/span> allra Drottinn <span class='VideyAth'>c)<\/span> r\u00edkur <span class='VideyAth'>(n\u00e1\u00f0ar)<\/span> vi\u00f0 alla \u00fe\u00e1, sem hann \u00e1kalla;<a name=\"13\"><span class=\"versanumer\">13<\/span><\/a>\u00fev\u00ed a\u00f0 hv\u00f6r, sem \u00e1kallar nafni\u00f0 Drottins, mun h\u00f3lpinn ver\u00f0a.<a name=\"14\"><span class=\"versanumer\">14<\/span><\/a>Hv\u00f6rninn skulu \u00feeir \u00fe\u00e1 \u00e1kalla \u00feann, \u00e1 hv\u00f6rn \u00feeir ekki tr\u00fa\u00f0u? en hv\u00f6rninn skulu \u00feeir tr\u00faa \u00e1 \u00feann af hv\u00f6rjum \u00feeir ekki hafa heyrt? en hv\u00f6rninn skulu \u00feeir heyra \u00e1n pr\u00e9dikara?<a name=\"15\"><span class=\"versanumer\">15<\/span><\/a>en hv\u00f6rninn skulu \u00feeir pr\u00e9dika, nema \u00feeir s\u00e9u sendir? svo sem skrifa\u00f0 er: hv\u00f6rsu fallegir eru f\u00e6tur \u00feeirra, sem fri\u00f0inn bo\u00f0a, \u00feeirra, sem bo\u00f0a hi\u00f0 g\u00f3\u00f0a.<a name=\"16\"><span class=\"versanumer\">16<\/span><\/a>En \u00feeir hl\u00fdddu ekki allir gu\u00f0spjallinu, \u00fev\u00ed a\u00f0 Esa\u00edas segir: hv\u00f6r tr\u00fa\u00f0i vorri pr\u00e9dikun?<a name=\"17\"><span class=\"versanumer\">17<\/span><\/a>Svo kemur \u00fe\u00e1 tr\u00fain af heyrninni, en heyrnin fyrir Gu\u00f0s or\u00f0.<a name=\"18\"><span class=\"versanumer\">18<\/span><\/a>En eg spyr: hafa \u00feeir ekki heyrt? j\u00fa vissulega er um alla j\u00f6r\u00f0 \u00fatgenginn hlj\u00f3mur \u00feeirra og til endimarka heimsbygg\u00f0arinnar \u00feeirra or\u00f0.<a name=\"19\"><span class=\"versanumer\">19<\/span><\/a>En eg spyr: hefir \u00cdsrael ekki skili\u00f0 \u00fea\u00f0? fyrst segir M\u00f3ses: eg mun l\u00e1ta y\u00f0ur metast vi\u00f0 \u00f3\u00fej\u00f3\u00f0, og \u00e6sa y\u00f0ur til rei\u00f0i vi\u00f0 skynlausa \u00fej\u00f3\u00f0.<a name=\"20\"><span class=\"versanumer\">20<\/span><\/a>En Esa\u00edas \u00feorir l\u00edka a\u00f0 segja: eg er fundinn af \u00feeim, sem ekki leitu\u00f0u m\u00edn, og auglj\u00f3s or\u00f0inn \u00feeim, sem ekki spur\u00f0u a\u00f0 m\u00e9r,<a name=\"21\"><span class=\"versanumer\">21<\/span><\/a>en um \u00cdsrael segir hann: allan daginn \u00fatbreiddi eg hendur m\u00ednar til f\u00f3lks, sem er \u00f3hl\u00fd\u00f0i\u00f0 og \u00fever\u00fa\u00f0arfullt.<\/p>\n<div class=\"footnoteVidey\">V. 2. Post. g. b. 21,20. 22,3. Gal. 1,14. 4,17.  V. 3. Kap. 9,30. Gu\u00f0s r\u00e9ttl\u00e6ti, Gu\u00f0s r\u00e1\u00f0st\u00f6fun til manneskjanna r\u00e9ttl\u00e6tingar.  V. 4. f. Matt. 5,17. Gal. 3,22.24. g. J\u00f3h. 3,18. Post. g. b. 13,39.  V. 5. 3 M\u00f3s. b. 18,5. Esek. 20,11. L\u00fak. 10,28.  V. 6. 5 M\u00f3s. b. 30,12. f. V. 8. h. \u00dea\u00f0 \u00fe. e. tr\u00faar r\u00e9ttl\u00e6ti\u00f0. h. 5. M\u00f3s. b. 30,14.  V. 9. Matt. 10,32. 2 T\u00edm. 2,12.  V. 10. S\u00e1lm. 116,10. 2 Kor. 4,4.13. 1 P\u00e9t. 3,15.  V. 11. Esa. 28,6. S\u00e1lm. 25,3.  V. 12. a. Kap. 3,22.29. Post. g. b. 10,34. b. 1 T\u00edm. 2,5. c. Ef. 1,7. 2,7.  V. 13. J\u00f3el. 3,5.  V. 15. Jer. 23,21. 28,15. Es. 52,7. Nah. 2,1.  V. 16. 2 Tess. 1,8. Es. 53,1. J\u00f3h. 12,38.  V. 17. J\u00f3h. 17,20.  V. 18. S\u00e1lm. 19,5. Esa. 49,6. 2. Kor. 2,14. K\u00f3l. 1,6.23.  V. 19. 5 M\u00f3s. b. 32,21.  V. 20. Esa. 65,1.  V. 21. Esa. 65,2.<\/div>\n","protected":false},"excerpt":{"rendered":"<p>Gy\u00f0ingar leita forgefins eftir r\u00e9ttl\u00e6ti af l\u00f6gm\u00e1linu, \u00fev\u00ed \u00fea\u00f0 veitist \u00ed Jes\u00fa fyrir tr\u00fana. \u00deessi n\u00e1\u00f0 er Gy\u00f0ingum forgefins frambo\u00f0in. 1Br\u00e6\u00f0ur! \u00f3sk m\u00edns hjarta og b\u00e6n til Gu\u00f0s er fyrir \u00cdsrael um frelsi;2\u00fev\u00ed eg ber \u00feeim vitni, a\u00f0 \u00feeir hafa vandl\u00e6ting Gu\u00f0s vegna en ekki me\u00f0 skynsemd;3\u00fev\u00ed a\u00f0, \u00fear e\u00f0 \u00feeir \u00feekkja ekki Gu\u00f0s r\u00e9ttl\u00e6ti, en leitast vi\u00f0 a\u00f0 sta\u00f0festa sitt eigi\u00f0 r\u00e9ttl\u00e6ti, \u00fe\u00e1 hafa \u00feeir ekki undirkasta\u00f0 sig Gu\u00f0s r\u00e9ttl\u00e6ti.4\u00dev\u00ed a\u00f0 f) endir l\u00f6gm\u00e1lsins er Kristur, til r\u00e9ttl\u00e6tis s\u00e9rhv\u00f6rjum, g) sem tr\u00fair.5\u00dev\u00ed a\u00f0 M\u00f3ses skrifar um \u00fea\u00f0 r\u00e9ttl\u00e6ti, sem er af l\u00f6gm\u00e1linu: a\u00f0 s\u00e1 ma\u00f0ur, sem gj\u00f6rir \u00feessa hluti, <a href=\"https:\/\/biblian.is\/videy\/romverjabrefid-10-kafli\/\"> [&#8230;]<\/a><\/p>\n","protected":false},"author":1,"featured_media":0,"parent":0,"menu_order":0,"comment_status":"open","ping_status":"open","template":"bibliukaflar.php","meta":{"footnotes":""},"class_list":["post-21905","page","type-page","status-publish","hentry"],"_links":{"self":[{"href":"https:\/\/biblian.is\/videy\/wp-json\/wp\/v2\/pages\/21905","targetHints":{"allow":["GET"]}}],"collection":[{"href":"https:\/\/biblian.is\/videy\/wp-json\/wp\/v2\/pages"}],"about":[{"href":"https:\/\/biblian.is\/videy\/wp-json\/wp\/v2\/types\/page"}],"author":[{"embeddable":true,"href":"https:\/\/biblian.is\/videy\/wp-json\/wp\/v2\/users\/1"}],"replies":[{"embeddable":true,"href":"https:\/\/biblian.is\/videy\/wp-json\/wp\/v2\/comments?post=21905"}],"version-history":[{"count":0,"href":"https:\/\/biblian.is\/videy\/wp-json\/wp\/v2\/pages\/21905\/revisions"}],"wp:attachment":[{"href":"https:\/\/biblian.is\/videy\/wp-json\/wp\/v2\/media?parent=21905"}],"curies":[{"name":"wp","href":"https:\/\/api.w.org\/{rel}","templated":true}]}}