{"id":21904,"date":"2018-01-02T01:04:40","date_gmt":"2018-01-02T01:04:40","guid":{"rendered":"http:\/\/biblian.is\/videy\/romverjabrefid-9-kafli\/"},"modified":"2018-01-02T01:04:40","modified_gmt":"2018-01-02T01:04:40","slug":"romverjabrefid-9-kafli","status":"publish","type":"page","link":"https:\/\/biblian.is\/videy\/romverjabrefid-9-kafli\/","title":{"rendered":"R\u00f3mverjabr\u00e9fi\u00f0 9. kafli"},"content":{"rendered":"<div class=\"fyrirsognVidey\">Gu\u00f0s kallan af n\u00e1\u00f0, uppl\u00fdst me\u00f0 d\u00e6mum.<\/div>\n<p><a name=\"1\"><span class=\"versanumer\">1<\/span><\/a>Eg <span class='VideyAth'>a)<\/span> segi sannleika \u00ed Krist\u00f3 og l\u00fdg ekki\u2014m\u00edn samviska <span class='VideyAth'>b)<\/span> vitnar me\u00f0 m\u00e9r \u00ed heil\u00f6gum Anda\u2014<a name=\"2\"><span class=\"versanumer\">2<\/span><\/a>a\u00f0 m\u00e9r er angur miki\u00f0 og \u00f3afl\u00e1tanleg kv\u00f6l \u00ed hjarta m\u00ednu;<a name=\"3\"><span class=\"versanumer\">3<\/span><\/a>\u00fev\u00ed a\u00f0 eg \u00e6skti sj\u00e1lfur a\u00f0 vera \u00fatrekinn fr\u00e1 Krist\u00f3 fyrir br\u00e6\u00f0ur m\u00edna, \u00e6ttmenn m\u00edna eftir holdinu,<a name=\"4\"><span class=\"versanumer\">4<\/span><\/a>hv\u00f6rjir e\u00f0 eru \u00cdsraelsmenn, hv\u00f6rjum tilheyrir <span class='VideyAth'>c)<\/span> sona\u00fatvalningin, <span class='VideyAth'>d)<\/span> d\u00fdr\u00f0in og <span class='VideyAth'>e)<\/span> s\u00e1ttm\u00e1larnir og l\u00f6gm\u00e1lsgj\u00f6fin og <span class='VideyAth'>f)<\/span> helgihaldi\u00f0 og fyrirheitin,<a name=\"5\"><span class=\"versanumer\">5<\/span><\/a>hv\u00f6rra <span class='VideyAth'>g)<\/span> fe\u00f0urnir eru, og \u00feeir, af hv\u00f6rjum Kristur er kominn, a\u00f0 \u00fev\u00ed leyti, sem \u00fea\u00f0 er eftir holdinu, hv\u00f6r e\u00f0 er yfir \u00f6llum, Gu\u00f0 <span class='VideyAth'>(s\u00e9)<\/span> blessa\u00f0ur um aldir, amen! <br \/><a name=\"6\"><span class=\"versanumer\">6<\/span><\/a>Ekki \u00fev\u00edl\u00edkt a\u00f0 <span class='VideyAth'>h)<\/span> Gu\u00f0s or\u00f0 hafi brug\u00f0ist, \u00fev\u00ed a\u00f0 ekki eru allir <span class='VideyAth'>i)<\/span> af \u00cdsrael komnir \u00cdsraelsmenn,<a name=\"7\"><span class=\"versanumer\">7<\/span><\/a>og ekki af \u00fev\u00ed \u00feeir eru s\u00e6\u00f0i Abrahams, allir hans b\u00f6rn, heldur <span class='VideyAth'>(segir Ritningin)<\/span>: \u00ed \u00cdsak skal \u00fe\u00e9r s\u00e6\u00f0i kallast,<a name=\"8\"><span class=\"versanumer\">8<\/span><\/a>\u00fea\u00f0 er: ekki \u00feau holdsins b\u00f6rn eru Gu\u00f0s b\u00f6rn, heldur reiknast fyrirheitisins b\u00f6rn fyrir s\u00e6\u00f0i;<a name=\"9\"><span class=\"versanumer\">9<\/span><\/a>\u00fev\u00ed a\u00f0 or\u00f0 fyrirheitisins er \u00feetta: um \u00feenna t\u00edma mun eg aftur koma, og \u00fe\u00e1 skal Sara son eiga,<a name=\"10\"><span class=\"versanumer\">10<\/span><\/a>og ekki alleinasta <span class='VideyAth'>(vi\u00f0 hana)<\/span> heldur og\u2014\u00feegar Rebekka var \u00feungu\u00f0 af \u00feeim eina \u00cdsak f\u00f6\u00f0ur vorum,<a name=\"11\"><span class=\"versanumer\">11<\/span><\/a>\u00fev\u00ed a\u00f0 enn n\u00fa voru ekki <span class='VideyAth'>(tv\u00edburarnir)<\/span> f\u00e6ddir, n\u00e9 h\u00f6f\u00f0u gj\u00f6rt neitt gott e\u00f0ur illt, <span class='VideyAth'>(svo a\u00f0 fyrir\u00e6tlan Gu\u00f0s eftir \u00fatvalningu, sta\u00f0f\u00f6st v\u00e6ri, ekki vegna verkanna, heldur (eftir vilja) hans, sem kalla\u00f0i)<\/span>\u2014<a name=\"12\"><span class=\"versanumer\">12<\/span><\/a>\u00fe\u00e1 var sagt vi\u00f0 hana: s\u00e1 eldri skal \u00fej\u00f3na \u00feeim yngra!<a name=\"13\"><span class=\"versanumer\">13<\/span><\/a>svo sem skrifa\u00f0 er: Jakob elska\u00f0i eg, en Esa\u00fa hata\u00f0i eg.<a name=\"14\"><span class=\"versanumer\">14<\/span><\/a>Hva\u00f0 skulum v\u00e9r \u00fe\u00e1 segja? er \u00f3r\u00e9ttv\u00edsi hj\u00e1 Gu\u00f0i? \u00fea\u00f0 s\u00e9 fj\u00e6rri!<a name=\"15\"><span class=\"versanumer\">15<\/span><\/a>\u00fev\u00ed a\u00f0 hann segir vi\u00f0 M\u00f3sen: eg mun miskunna \u00feeim eg miskunna, eg mun aumkast yfir \u00feann, er eg aumkast;<a name=\"16\"><span class=\"versanumer\">16<\/span><\/a>\u00fear fyrir er \u00fea\u00f0 hv\u00f6rki komi\u00f0 undir kj\u00f6rum \u00feess, sem vill, n\u00e9 hins sem hleypur, heldur Gu\u00f0s, sem miskunnar;<a name=\"17\"><span class=\"versanumer\">17<\/span><\/a>\u00fev\u00ed Ritningin segir til fara\u00f3s: til \u00feess sama uppreisti eg \u00feig, a\u00f0 eg s\u00fdndi m\u00edna makt \u00e1 \u00fe\u00e9r og svo a\u00f0 mitt nafn kunngj\u00f6rt yr\u00f0i um alla j\u00f6r\u00f0ina.<a name=\"18\"><span class=\"versanumer\">18<\/span><\/a>Svo miskunnar hann \u00fe\u00e1 \u00feeim hann vill, en forher\u00f0ir \u00feann, hann vill.<a name=\"19\"><span class=\"versanumer\">19<\/span><\/a>\u00de\u00fa munt \u00fe\u00e1 vilja segja: hva\u00f0 getur hann \u00fe\u00e1 gefi\u00f0 til saka? \u00fev\u00ed a\u00f0 hv\u00f6r f\u00e6r hans vilja \u00ed m\u00f3ti sta\u00f0i\u00f0?<a name=\"20\"><span class=\"versanumer\">20<\/span><\/a>En, \u00f3 ma\u00f0ur! hv\u00f6r ert\u00fa, a\u00f0 vilja hafa sv\u00f6r vi\u00f0 Gu\u00f0? skyldi leirsm\u00ed\u00f0i\u00f0 segja vi\u00f0 \u00feann, sem bj\u00f3 \u00fea\u00f0 til: \u00fev\u00ed gj\u00f6r\u00f0ir \u00fe\u00fa mig svona?<a name=\"21\"><span class=\"versanumer\">21<\/span><\/a>e\u00f0a hefir ekki leirsmi\u00f0urinn vald, a\u00f0 gj\u00f6ra af sama sm\u00ed\u00f0isefni eitt ker til hei\u00f0urs en anna\u00f0 til vanhei\u00f0urs?<a name=\"22\"><span class=\"versanumer\">22<\/span><\/a>en ef Gu\u00f0\u2014\u00feegar hann vildi au\u00f0s\u00fdna rei\u00f0ina og kunngj\u00f6ra s\u00edna makt\u2014umbar me\u00f0 <span class='VideyAth'>k)<\/span> miklu langlundarge\u00f0i ker rei\u00f0innar <span class='VideyAth'>l)<\/span> undirb\u00fainn til fordj\u00f6rfunar,<a name=\"23\"><span class=\"versanumer\">23<\/span><\/a>og svo til <span class='VideyAth'>m)<\/span> a\u00f0 kunngj\u00f6ra r\u00edkd\u00f3m d\u00fdr\u00f0ar sinnar \u00e1 kerum miskunnarinnar <span class='VideyAth'>a)<\/span>, hv\u00f6r e\u00f0 hann hefir \u00e1\u00f0ur b\u00fai\u00f0 til d\u00fdr\u00f0ar,<a name=\"24\"><span class=\"versanumer\">24<\/span><\/a>hv\u00f6rja hann hefir og kalla\u00f0, \u00fea\u00f0 er oss, ekki einasta af Gy\u00f0ingum, heldur og af hei\u00f0ingjum,<a name=\"25\"><span class=\"versanumer\">25<\/span><\/a>svo sem hann og segir hj\u00e1 H\u00f3sea: Eg mun kalla \u00fea\u00f0, sem ekki var mitt f\u00f3lk, mitt f\u00f3lk, og \u00fe\u00e1, sem ekki var unnusta, m\u00edna unnustu,<a name=\"26\"><span class=\"versanumer\">26<\/span><\/a>og \u00fea\u00f0 mun ske \u00ed \u00feeim sta\u00f0, hvar til \u00feeirra var sagt: \u00fe\u00e9r eru\u00f0 ekki mitt f\u00f3lk, \u00fear skulu \u00feeir kalla\u00f0ir ver\u00f0a synir Gu\u00f0s lifanda.<a name=\"27\"><span class=\"versanumer\">27<\/span><\/a>En Esajas hr\u00f3par yfir \u00cdsrael: \u00fe\u00f3tt talan \u00cdsraelssona v\u00e6ri sem sj\u00e1varsandur, \u00fe\u00e1 skulu leifar einar <span class='VideyAth'>(f\u00e1einir)<\/span> frelsa\u00f0ir ver\u00f0a;<a name=\"28\"><span class=\"versanumer\">28<\/span><\/a>\u00fev\u00ed a\u00f0 s\u00e1 er, sem fullkomnar or\u00f0 <span class='VideyAth'>(hlutinn)<\/span> og flj\u00f3tt sker \u00far me\u00f0 r\u00e9ttv\u00edsi \u00fea\u00f0 or\u00f0 <span class='VideyAth'>(\u00feann hlut)<\/span>, er flj\u00f3tt tekur af, mun Drottinn gj\u00f6ra \u00e1 j\u00f6r\u00f0unni;<a name=\"29\"><span class=\"versanumer\">29<\/span><\/a>og svo sem <span class='VideyAth'>b)<\/span> Esajas sag\u00f0i fyrrum: nema Drottinn Sebaot hef\u00f0i eftirl\u00e1ti\u00f0 oss s\u00e6\u00f0i, v\u00e6rum v\u00e9r or\u00f0nir eins og <span class='VideyAth'>c)<\/span> S\u00f3d\u00f3ma og Gomorra v\u00e6rum v\u00e9r l\u00edkir or\u00f0nir.<a name=\"30\"><span class=\"versanumer\">30<\/span><\/a>Hva\u00f0 skulum v\u00e9r \u00fe\u00e1 segja? a\u00f0 hei\u00f0ingjarnir, sem ekki s\u00f3ttu eftir r\u00e9ttl\u00e6tinu, hafa n\u00e1\u00f0 r\u00e9ttl\u00e6tinu, en r\u00e9ttl\u00e6tinu, sem f\u00e6st me\u00f0 tr\u00fanni.<a name=\"31\"><span class=\"versanumer\">31<\/span><\/a>En \u00cdsrael, sem s\u00f3tti eftir l\u00f6gm\u00e1li r\u00e9ttl\u00e6tis, komst ekki a\u00f0 l\u00f6gm\u00e1li r\u00e9ttl\u00e6tisins.<a name=\"32\"><span class=\"versanumer\">32<\/span><\/a>Hvar fyrir? \u00fev\u00ed a\u00f0 <span class='VideyAth'>(hann s\u00f3tti eftir \u00fev\u00ed)<\/span>, ekki me\u00f0 tr\u00fanni, heldur svo sem me\u00f0 verkum l\u00f6gm\u00e1lsins, \u00fev\u00ed a\u00f0 \u00feeir hafa reki\u00f0 sig \u00e1 \u00feann \u00e1steytingarsteininn,<a name=\"33\"><span class=\"versanumer\">33<\/span><\/a>svo sem <span class='VideyAth'>d)<\/span> skrifa\u00f0 er: sj\u00e1! eg set \u00ed S\u00edon \u00e1steytingarstein og hr\u00f6sunarhellu og s\u00e9rhv\u00f6r, sem <span class='VideyAth'>e)<\/span> \u00e1 hann tr\u00fair mun ekki til skammar ver\u00f0a.<\/p>\n<div class=\"footnoteVidey\">V. 1. a. 1 T\u00edm. 2,7. b. Kap. 1,9.  V. 2. Kap. 10,1.  V. 3. 2 M\u00f3s. b. 32,32.  V. 4. c. 2 M\u00f3s. b. 4,22. 5 M\u00f3s. b. 7,6. S\u00e1lm. 147,19. Jer. 31,9. d. 2 M\u00f3s. b. 40,34. 3 M\u00f3s. b. 9,6. Esek. 10,4. e. Kap. 2,17. Ef. 2,12. 5 M\u00f3s. b. 29,4. f. 2 M\u00f3s. b. 12,25.26. 13,5.  V. 5. g. Matt. 1,1. f. Kap. 1,25.  V. 6. h. 4 M\u00f3s. b. 23,19. i. Kap. 2,28. J\u00f3h. 8,39. Opinb. b. 2,9.  V. 7. 1 M\u00f3s. b. 21,12. Gal. 4,23.  V. 8. Gal. 4,28. Kap. 3,29.  V. 9. 1 M\u00f3s. b. 18,10.  V. 10. 1 M\u00f3s. b. 25,21.  V. 12. 1 M\u00f3s. b. 25,23.  V. 13. Malak. 1,2.3. S\u00e1lm. 47,5.  V. 14. Kap. 3,5. 5 M\u00f3s. b. 32,4. 2 Kron. 19,7.  V. 15. 2 M\u00f3s. b. 33,19. R\u00f3m. 11,32.  V. 17. 2 M\u00f3s. b. 9,16.  V. 18. sbr. V. 15.  V. 20. Spek. b. 12,12. Esa. 45,9.  V. 21. Spek. b. 15,1. Esa. 64,7. Jer. 18,6. Matt. 20,15. 2 T\u00edm. 2,20.  V. 22. k. Kap. 2,4. l. \u00fe\u00e6r straffsver\u00f0u manneskjur. V. 23. m. K\u00f3l. 1,27. a. \u00c1 \u00feeim, yfir hv\u00f6rja Gu\u00f0 hefir miskunna\u00f0 sig.  V. 25. H\u00f3s. 2,25. 1 P\u00e9t. 2,10.  V. 26. H\u00f3s. 1,10.  V. 27. Es. 10,22.23. Kap. 11,5.  V. 28. Es. 28,22.  V. 29. b. Es. 1,9. c. 1 M\u00f3s. 19,24.25. Es. 13,19. Jer. 49,18. 50,40.  V. 31. Kap. 10,3. 11,17.  V. 32. 1 Kor. 1,23.  V. 33. d. S\u00e1lm. 18,22. Esa. 8,14. 28,16. Matt. 21,42. e. Kap. 10,11. S\u00e1lm. 2,12.<\/div>\n","protected":false},"excerpt":{"rendered":"<p>Gu\u00f0s kallan af n\u00e1\u00f0, uppl\u00fdst me\u00f0 d\u00e6mum. 1Eg a) segi sannleika \u00ed Krist\u00f3 og l\u00fdg ekki\u2014m\u00edn samviska b) vitnar me\u00f0 m\u00e9r \u00ed heil\u00f6gum Anda\u20142a\u00f0 m\u00e9r er angur miki\u00f0 og \u00f3afl\u00e1tanleg kv\u00f6l \u00ed hjarta m\u00ednu;3\u00fev\u00ed a\u00f0 eg \u00e6skti sj\u00e1lfur a\u00f0 vera \u00fatrekinn fr\u00e1 Krist\u00f3 fyrir br\u00e6\u00f0ur m\u00edna, \u00e6ttmenn m\u00edna eftir holdinu,4hv\u00f6rjir e\u00f0 eru \u00cdsraelsmenn, hv\u00f6rjum tilheyrir c) sona\u00fatvalningin, d) d\u00fdr\u00f0in og e) s\u00e1ttm\u00e1larnir og l\u00f6gm\u00e1lsgj\u00f6fin og f) helgihaldi\u00f0 og fyrirheitin,5hv\u00f6rra g) fe\u00f0urnir eru, og \u00feeir, af hv\u00f6rjum Kristur er kominn, a\u00f0 \u00fev\u00ed leyti, sem \u00fea\u00f0 er eftir holdinu, hv\u00f6r e\u00f0 er yfir \u00f6llum, Gu\u00f0 (s\u00e9) blessa\u00f0ur um aldir, amen! 6Ekki \u00fev\u00edl\u00edkt <a href=\"https:\/\/biblian.is\/videy\/romverjabrefid-9-kafli\/\"> [&#8230;]<\/a><\/p>\n","protected":false},"author":1,"featured_media":0,"parent":0,"menu_order":0,"comment_status":"open","ping_status":"open","template":"bibliukaflar.php","meta":{"footnotes":""},"class_list":["post-21904","page","type-page","status-publish","hentry"],"_links":{"self":[{"href":"https:\/\/biblian.is\/videy\/wp-json\/wp\/v2\/pages\/21904","targetHints":{"allow":["GET"]}}],"collection":[{"href":"https:\/\/biblian.is\/videy\/wp-json\/wp\/v2\/pages"}],"about":[{"href":"https:\/\/biblian.is\/videy\/wp-json\/wp\/v2\/types\/page"}],"author":[{"embeddable":true,"href":"https:\/\/biblian.is\/videy\/wp-json\/wp\/v2\/users\/1"}],"replies":[{"embeddable":true,"href":"https:\/\/biblian.is\/videy\/wp-json\/wp\/v2\/comments?post=21904"}],"version-history":[{"count":0,"href":"https:\/\/biblian.is\/videy\/wp-json\/wp\/v2\/pages\/21904\/revisions"}],"wp:attachment":[{"href":"https:\/\/biblian.is\/videy\/wp-json\/wp\/v2\/media?parent=21904"}],"curies":[{"name":"wp","href":"https:\/\/api.w.org\/{rel}","templated":true}]}}