{"id":21901,"date":"2018-01-02T01:04:40","date_gmt":"2018-01-02T01:04:40","guid":{"rendered":"http:\/\/biblian.is\/videy\/romverjabrefid-6-kafli\/"},"modified":"2018-01-02T01:04:40","modified_gmt":"2018-01-02T01:04:40","slug":"romverjabrefid-6-kafli","status":"publish","type":"page","link":"https:\/\/biblian.is\/videy\/romverjabrefid-6-kafli\/","title":{"rendered":"R\u00f3mverjabr\u00e9fi\u00f0 6. kafli"},"content":{"rendered":"<div class=\"fyrirsognVidey\">Krists n\u00e1\u00f0 leyfir oss ekki a\u00f0 syndga. \u00dev\u00ed a\u00f0 \u00fe\u00f3tt v\u00e9r s\u00e9um ekki undir l\u00f6gm\u00e1linu, megum v\u00e9r samt ekki gefa oss \u00ed syndarinnar \u00fej\u00f3nustu, hv\u00f6rrar ver\u00f0laun eru dau\u00f0i og fyrird\u00e6ming.<\/div>\n<p><a name=\"1\"><span class=\"versanumer\">1<\/span><\/a>Hva\u00f0 skulum v\u00e9r \u00fe\u00e1 segja? eigum v\u00e9r a\u00f0 liggja \u00ed syndinni, svo a\u00f0 n\u00e1\u00f0in yfirgn\u00e6fi?<a name=\"2\"><span class=\"versanumer\">2<\/span><\/a>\u00fea\u00f0 s\u00e9 langt fr\u00e1! v\u00e9r sem erum dau\u00f0ir syndinni, hv\u00f6rninn skyldum v\u00e9r enn \u00fe\u00e1 lifa \u00ed henni?<a name=\"3\"><span class=\"versanumer\">3<\/span><\/a>E\u00f0a viti\u00f0 \u00fe\u00e9r ekki, a\u00f0 v\u00e9r, svo margir sem sk\u00edr\u00f0ir erum til Jes\u00fa Krists, v\u00e9r erum sk\u00edr\u00f0ir til hans dau\u00f0a;<a name=\"4\"><span class=\"versanumer\">4<\/span><\/a>v\u00e9r erum \u00fear fyrir me\u00f0 honum greftra\u00f0ir \u00ed sk\u00edrninni til dau\u00f0ans, svo a\u00f0 l\u00edka sem Kristur er uppvakinn fr\u00e1 dau\u00f0um fyrir d\u00fdr\u00f0ina F\u00f6\u00f0ursins, svo eigum v\u00e9r einnin a\u00f0 ganga \u00ed endurn\u00fdjungu l\u00edfernisins;<a name=\"5\"><span class=\"versanumer\">5<\/span><\/a>\u00fev\u00ed ef v\u00e9r h\u00f6fum veri\u00f0 sameina\u00f0ir l\u00edkingu hans dau\u00f0a, munum v\u00e9r einnig upprisunnar;<a name=\"6\"><span class=\"versanumer\">6<\/span><\/a>\u00fev\u00ed a\u00f0 v\u00e9r vitum \u00feetta, a\u00f0 vor gamli ma\u00f0ur er me\u00f0 honum krossfestur, svo a\u00f0 m\u00e1ttlaus ver\u00f0i l\u00edkami syndarinnar, a\u00f0 ekki \u00fej\u00f3num v\u00e9r framar syndinni;<a name=\"7\"><span class=\"versanumer\">7<\/span><\/a>\u00fev\u00ed a\u00f0 hv\u00f6r einn dau\u00f0ur er fr\u00eda\u00f0ur fr\u00e1 syndinni,<a name=\"8\"><span class=\"versanumer\">8<\/span><\/a>en ef v\u00e9r erum dau\u00f0ir me\u00f0 Krist\u00f3, \u00fe\u00e1 tr\u00faum v\u00e9r, a\u00f0 v\u00e9r munum einnig me\u00f0 honum lifa,<a name=\"9\"><span class=\"versanumer\">9<\/span><\/a>vitandi \u00fea\u00f0, a\u00f0 Kristur, sem er uppvakinn fr\u00e1 dau\u00f0um, deyr ekki framar; dau\u00f0i drottnar ekki framar yfir honum;<a name=\"10\"><span class=\"versanumer\">10<\/span><\/a>\u00fev\u00ed a\u00f0 \u00fea\u00f0 hann d\u00f3, \u00fea\u00f0 d\u00f3 hann syndinni einu sinni, en \u00fea\u00f0 hann lifir, lifir hann Gu\u00f0i.<a name=\"11\"><span class=\"versanumer\">11<\/span><\/a>Svolei\u00f0is \u00e1l\u00edti\u00f0 einnig, a\u00f0 \u00fe\u00e9r sj\u00e1lfir s\u00e9u\u00f0 dau\u00f0ir syndinni, en lifi\u00f0 Gu\u00f0i \u00ed Krist\u00f3 Jes\u00fa vorum Drottni;<a name=\"12\"><span class=\"versanumer\">12<\/span><\/a>\u00fear fyrir r\u00edki ekki syndin \u00ed dau\u00f0legum l\u00edkama y\u00f0ar, til a\u00f0 hl\u00fd\u00f0a henni \u00ed hans girndum!<a name=\"13\"><span class=\"versanumer\">13<\/span><\/a>framleggi\u00f0 ekki y\u00f0ar limi rangl\u00e6tisverkf\u00e6ri syndinni, heldur framberi\u00f0 Gu\u00f0i sj\u00e1lfa y\u00f0ur, svo sem lifandi \u00far dau\u00f0um og limi y\u00f0ar r\u00e9ttl\u00e6tisverkf\u00e6ri Gu\u00f0i;<a name=\"14\"><span class=\"versanumer\">14<\/span><\/a>\u00fev\u00ed a\u00f0 syndin skal ekki drottna yfir y\u00f0ur, \u00fear e\u00f0 \u00fe\u00e9r eru\u00f0 ekki undir l\u00f6gm\u00e1li, heldur undir n\u00e1\u00f0.<a name=\"15\"><span class=\"versanumer\">15<\/span><\/a>Hva\u00f0 \u00fe\u00e1? skulum v\u00e9r syndga, fyrst v\u00e9r erum ekki undir l\u00f6gm\u00e1li, heldur undir n\u00e1\u00f0? fj\u00e6rri s\u00e9 \u00fev\u00ed!<br \/><a name=\"16\"><span class=\"versanumer\">16<\/span><\/a>Viti\u00f0 \u00fe\u00e9r ekki, a\u00f0 hv\u00f6rjum \u00fe\u00e9r framleggi\u00f0 y\u00f0ur sj\u00e1lfa \u00fej\u00f3na til hl\u00fd\u00f0ni, hans \u00fej\u00f3nar eru\u00f0 \u00fe\u00e9r, hv\u00f6rjum \u00fe\u00e9r hl\u00fd\u00f0i\u00f0, hv\u00f6rt heldur syndar til dau\u00f0a, e\u00f0a hl\u00fd\u00f0ni <span class='VideyAth'>a)<\/span> til r\u00e9ttl\u00e6tis.<a name=\"17\"><span class=\"versanumer\">17<\/span><\/a>En \u00fe\u00f6kk s\u00e9 Gu\u00f0i, a\u00f0 \u00fe\u00e9r, sem voru\u00f0 syndarinnar \u00fej\u00f3nar, eru\u00f0 af hjarta hl\u00fd\u00f0nir or\u00f0nir \u00fev\u00ed l\u00e6rd\u00f3msformi, sem y\u00f0ur hefir veri\u00f0 kennt,<a name=\"18\"><span class=\"versanumer\">18<\/span><\/a>og fr\u00edir fr\u00e1 syndinni, or\u00f0nir \u00fej\u00f3nar r\u00e9ttl\u00e6tisins.<a name=\"19\"><span class=\"versanumer\">19<\/span><\/a>Eg tala a\u00f0 manna v\u00edsu, sakir veikleika y\u00f0ar holds; \u00fev\u00ed a\u00f0 svo sem \u00fe\u00e9r hafi\u00f0 framlagt limi y\u00f0ar \u00fej\u00f3na \u00f3hreinleikanum og rangl\u00e6tinu til rangl\u00e6tis, svo framleggi\u00f0 n\u00fa limi y\u00f0ar r\u00e9ttl\u00e6tinu \u00fej\u00f3na til helgunar;<a name=\"20\"><span class=\"versanumer\">20<\/span><\/a>\u00fev\u00ed \u00feegar \u00fe\u00e9r voru\u00f0 syndarinnar \u00fej\u00f3nar, \u00fe\u00e1 voru\u00f0 \u00fe\u00e9r fr\u00edir fr\u00e1 r\u00e9ttl\u00e6tinu;<a name=\"21\"><span class=\"versanumer\">21<\/span><\/a>hv\u00f6rn \u00e1v\u00f6xt h\u00f6f\u00f0u\u00f0 \u00fe\u00e9r \u00fe\u00e1? \u00fea\u00f0, sem \u00fe\u00e9r n\u00fa skammist y\u00f0ar fyrir; \u00fev\u00ed a\u00f0 endalyktin \u00feess er dau\u00f0i.<a name=\"22\"><span class=\"versanumer\">22<\/span><\/a>En n\u00fa, \u00fear e\u00f0 \u00fe\u00e9r eru\u00f0 <span class='VideyAth'>a)<\/span> fr\u00edir fr\u00e1 syndinni og \u00fej\u00f3nustubundnir Gu\u00f0i, svo hafi\u00f0 \u00fe\u00e9r y\u00f0ar \u00e1v\u00f6xt til helgunar, en <span class='VideyAth'>b)<\/span> endalyktina eil\u00edft l\u00edf;<a name=\"23\"><span class=\"versanumer\">23<\/span><\/a>\u00fev\u00ed a\u00f0 <span class='VideyAth'>c)<\/span> laun syndarinnar er dau\u00f0i, en <span class='VideyAth'>d)<\/span> n\u00e1\u00f0arg\u00e1fa Gu\u00f0s er eil\u00edft l\u00edf \u00ed Jes\u00fa Krist\u00f3 vorum Drottni.<\/p>\n<div class=\"footnoteVidey\">V. 1. Gal. 2,17.  V. 2. v. 11. Gal. 6,14. 1 P\u00e9t. 2,24.  V. 3. Gal. 3,27.  V. 4. Kap. 8,11. Fil. 3,10.11. K\u00f3l. 2,12. Ef. 4,23. K\u00f3l. 3,8. f. 1 P\u00e9t. 2,1. 4,1.2.  V. 5. L\u00edkingu hans dau\u00f0a munum v\u00e9r einnig upprisunnar; e\u00f0a: honum me\u00f0 \u00fev\u00ed a\u00f0 l\u00edkjast dau\u00f0a hans, \u00fe\u00e1 eigum v\u00e9r og a\u00f0 vera \u00fea\u00f0 me\u00f0 \u00fev\u00ed a\u00f0 l\u00edkjast upprisu hans. Fil. 3,10.11.  V. 6. Gal. 2,20. 5,24.  V. 7. 1 P\u00e9t. 4,1.  V. 8. 2 T\u00edm. 2,11.  V. 9. Opinb. b. 1,18.  V. 10. Hebr. 7,27. 9,28.  V. 11. V. 2. 1 P\u00e9t. 2,24. Gal. 2,19.  V. 12. 1 M\u00f3s. b. 4,7.  V. 13. Kap. 12,1. L\u00fak. 1,74. Gal. 2,20. 1 P\u00e9t. 4,2. Hebr. 9,14.  V. 14. 1 M\u00f3s. b. 4,7.  V. 15. V. 1. Gal. 2,17. 1. Kor. 9,21.  V. 16. J\u00f3h. 8,34. 2 P\u00e9t. 2,19. a) \u00de. e. vi\u00f0 Gu\u00f0.  V. 17. 2 Kor. 2,9. Fil. 2,12.  V. 18. J\u00f3h. 8,32. Gal. 5,1.  V. 19. Kap. 3,5. veika skilnings. V. 13.  V. 20. J\u00f3h. 8,32.  V. 21. Kap. 8,6.  V. 22. a) v. 18. b) 1 P\u00e9t. 1,9.  V. 23. c) Kap. 5,12. Jak. 1,15. d) Kap. 11,6. 5,21. 1 P\u00e9t. 1,3.<\/div>\n","protected":false},"excerpt":{"rendered":"<p>Krists n\u00e1\u00f0 leyfir oss ekki a\u00f0 syndga. \u00dev\u00ed a\u00f0 \u00fe\u00f3tt v\u00e9r s\u00e9um ekki undir l\u00f6gm\u00e1linu, megum v\u00e9r samt ekki gefa oss \u00ed syndarinnar \u00fej\u00f3nustu, hv\u00f6rrar ver\u00f0laun eru dau\u00f0i og fyrird\u00e6ming. 1Hva\u00f0 skulum v\u00e9r \u00fe\u00e1 segja? eigum v\u00e9r a\u00f0 liggja \u00ed syndinni, svo a\u00f0 n\u00e1\u00f0in yfirgn\u00e6fi?2\u00fea\u00f0 s\u00e9 langt fr\u00e1! v\u00e9r sem erum dau\u00f0ir syndinni, hv\u00f6rninn skyldum v\u00e9r enn \u00fe\u00e1 lifa \u00ed henni?3E\u00f0a viti\u00f0 \u00fe\u00e9r ekki, a\u00f0 v\u00e9r, svo margir sem sk\u00edr\u00f0ir erum til Jes\u00fa Krists, v\u00e9r erum sk\u00edr\u00f0ir til hans dau\u00f0a;4v\u00e9r erum \u00fear fyrir me\u00f0 honum greftra\u00f0ir \u00ed sk\u00edrninni til dau\u00f0ans, svo a\u00f0 l\u00edka sem Kristur er uppvakinn fr\u00e1 dau\u00f0um fyrir <a href=\"https:\/\/biblian.is\/videy\/romverjabrefid-6-kafli\/\"> [&#8230;]<\/a><\/p>\n","protected":false},"author":1,"featured_media":0,"parent":0,"menu_order":0,"comment_status":"open","ping_status":"open","template":"bibliukaflar.php","meta":{"footnotes":""},"class_list":["post-21901","page","type-page","status-publish","hentry"],"_links":{"self":[{"href":"https:\/\/biblian.is\/videy\/wp-json\/wp\/v2\/pages\/21901","targetHints":{"allow":["GET"]}}],"collection":[{"href":"https:\/\/biblian.is\/videy\/wp-json\/wp\/v2\/pages"}],"about":[{"href":"https:\/\/biblian.is\/videy\/wp-json\/wp\/v2\/types\/page"}],"author":[{"embeddable":true,"href":"https:\/\/biblian.is\/videy\/wp-json\/wp\/v2\/users\/1"}],"replies":[{"embeddable":true,"href":"https:\/\/biblian.is\/videy\/wp-json\/wp\/v2\/comments?post=21901"}],"version-history":[{"count":0,"href":"https:\/\/biblian.is\/videy\/wp-json\/wp\/v2\/pages\/21901\/revisions"}],"wp:attachment":[{"href":"https:\/\/biblian.is\/videy\/wp-json\/wp\/v2\/media?parent=21901"}],"curies":[{"name":"wp","href":"https:\/\/api.w.org\/{rel}","templated":true}]}}