{"id":21900,"date":"2018-01-02T01:04:40","date_gmt":"2018-01-02T01:04:40","guid":{"rendered":"http:\/\/biblian.is\/videy\/romverjabrefid-5-kafli\/"},"modified":"2018-01-02T01:04:40","modified_gmt":"2018-01-02T01:04:40","slug":"romverjabrefid-5-kafli","status":"publish","type":"page","link":"https:\/\/biblian.is\/videy\/romverjabrefid-5-kafli\/","title":{"rendered":"R\u00f3mverjabr\u00e9fi\u00f0 5. kafli"},"content":{"rendered":"<div class=\"fyrirsognVidey\">Um \u00e1vexti r\u00e9ttl\u00e6tisins. Adam og Jes\u00fas, dau\u00f0inn og l\u00edfi\u00f0, l\u00f6gm\u00e1li\u00f0 og n\u00e1\u00f0arbo\u00f0skapurinn, sett hva\u00f0 \u00e1 m\u00f3ti \u00f6\u00f0ru.<\/div>\n<p><a name=\"1\"><span class=\"versanumer\">1<\/span><\/a>\u00dear fyrir h\u00f6fum v\u00e9r, r\u00e9ttl\u00e6ttir vegna tr\u00faarinnar, fri\u00f0 vi\u00f0 Gu\u00f0 fyrir Drottin vorn Jes\u00fam Krist,<a name=\"2\"><span class=\"versanumer\">2<\/span><\/a>fyrir hv\u00f6rn v\u00e9r einnin h\u00f6fum a\u00f0gang me\u00f0 tr\u00fanni til \u00feeirrar n\u00e1\u00f0ar, \u00ed hv\u00f6rri v\u00e9r st\u00f6ndum, og v\u00e9r hr\u00f3sum oss af von d\u00fdr\u00f0ar hj\u00e1 Gu\u00f0i;<a name=\"3\"><span class=\"versanumer\">3<\/span><\/a>en ekki einasta \u00fea\u00f0, heldur hr\u00f3sum v\u00e9r oss einnig af h\u00f6rmungunum, vitandi, a\u00f0 h\u00f6rmungin verkar \u00feolinm\u00e6\u00f0i,<a name=\"4\"><span class=\"versanumer\">4<\/span><\/a>en \u00feolinm\u00e6\u00f0in reynslu, en reynslan von,<a name=\"5\"><span class=\"versanumer\">5<\/span><\/a>en vonin bregst ekki; \u00fev\u00ed a\u00f0 elska Gu\u00f0s er \u00fathellt \u00ed hj\u00f6rtu vor fyrir heilagan Anda, sem oss er gefinn;<a name=\"6\"><span class=\"versanumer\">6<\/span><\/a>\u00fev\u00ed \u00feegar v\u00e9r enn \u00fe\u00e1 vorum breysklegir, hefir Kristur \u00e1 tilteknum t\u00edma d\u00e1i\u00f0 fyrir rangl\u00e1ta;<a name=\"7\"><span class=\"versanumer\">7<\/span><\/a>\u00fev\u00ed a\u00f0 fyrir r\u00e9ttl\u00e1tan <span class='VideyAth'>c)<\/span> mun varla nokkur deyja, en fyrir g\u00f3\u00f0an <span class='VideyAth'>d)<\/span> voga\u00f0i kannske einhv\u00f6r a\u00f0 deyja.<a name=\"8\"><span class=\"versanumer\">8<\/span><\/a>En Gu\u00f0 pr\u00edsar s\u00edna elsku til vor \u00ed \u00fev\u00ed, a\u00f0 \u00feegar v\u00e9r enn \u00fe\u00e1 vorum syndarar, er Kristur fyrir oss d\u00e1inn,<a name=\"9\"><span class=\"versanumer\">9<\/span><\/a>svo miklu heldur munum v\u00e9r \u00fear fyrir n\u00fa r\u00e9ttl\u00e6ttir \u00ed hans bl\u00f3\u00f0i, frelsast fyrir hann fr\u00e1 rei\u00f0inni;<a name=\"10\"><span class=\"versanumer\">10<\/span><\/a>\u00fev\u00ed a\u00f0 ef v\u00e9r, \u00fe\u00e1 v\u00e9r vorum \u00f3vinir, ur\u00f0um forl\u00edktir vi\u00f0 Gu\u00f0 fyrir dau\u00f0a hans Sonar, miklu meir munum v\u00e9r, \u00fe\u00e1 v\u00e9r erum \u00ed s\u00e1tt teknir, fyrir l\u00edf hans frelsa\u00f0ir ver\u00f0a;<a name=\"11\"><span class=\"versanumer\">11<\/span><\/a>og ekki \u00fea\u00f0 einasta, heldur og einnig hr\u00f3sum v\u00e9r oss af Gu\u00f0i fyrir Drottin vorn Jes\u00fam Krist, fyrir hv\u00f6rn v\u00e9r h\u00f6fum forl\u00edkunina fengi\u00f0.<a name=\"12\"><span class=\"versanumer\">12<\/span><\/a>\u00deess vegna, a\u00f0 l\u00edka svo sem syndin er fyrir eins mann sakir innkomin \u00ed heiminn, og dau\u00f0inn vegna syndarinnar, svo hefir og dau\u00f0inn runni\u00f0 inn til allra manna, af \u00fev\u00ed a\u00f0 allir hafa syndga\u00f0;<a name=\"13\"><span class=\"versanumer\">13<\/span><\/a>\u00fev\u00ed a\u00f0 \u00e1 undan l\u00f6gm\u00e1li var synd \u00ed heimi, en synd tilreiknast ekki me\u00f0an ei er l\u00f6gm\u00e1l.<a name=\"14\"><span class=\"versanumer\">14<\/span><\/a>Samt r\u00edkti dau\u00f0inn fr\u00e1 Adam til M\u00f3ses, einnig yfir \u00feeim, er ekki syndgu\u00f0u me\u00f0 l\u00edkri yfirtro\u00f0slu og Adam, hv\u00f6r e\u00f0 er fyrirmynd \u00feess eftirkomanda.<a name=\"15\"><span class=\"versanumer\">15<\/span><\/a>En ekki er eins og fallinu n\u00e1\u00f0argj\u00f6finni h\u00e1tta\u00f0; \u00fev\u00ed a\u00f0 ef margir d\u00f3u vi\u00f0 \u00feess eina fall, \u00fe\u00e1 hefir miklu meir n\u00e1\u00f0in Gu\u00f0s og g\u00e1fan af n\u00e1\u00f0inni \u00feess eina manns Jes\u00fa Krists veri\u00f0 yfirgn\u00e6fanleg handa \u00feeim m\u00f6rgu;<a name=\"16\"><span class=\"versanumer\">16<\/span><\/a>og ekki er gj\u00f6fin svo sem <span class='VideyAth'>(\u00fea\u00f0 er kom)<\/span> vegna \u00feess eina, er syndga\u00f0i; \u00fev\u00ed a\u00f0 d\u00f3murinn var\u00f0 eftir eitt <span class='VideyAth'>(fall)<\/span> til ford\u00e6mingar, en n\u00e1\u00f0argj\u00f6fin eftir m\u00f6rg f\u00f6ll, til r\u00e9ttl\u00e6tingar <span class='VideyAth'>a)<\/span>;<a name=\"17\"><span class=\"versanumer\">17<\/span><\/a>\u00fev\u00ed a\u00f0 ef dau\u00f0inn r\u00edkti yfir ens eina falli, vegna \u00feess eina, miklu meir munu \u00feeir, er me\u00f0teki\u00f0 hafa gn\u00e6g\u00f0ina n\u00e1\u00f0arinnar og gj\u00f6fina r\u00e9ttl\u00e6tisins, r\u00edkja \u00ed l\u00edfi fyrir \u00feann eina Jes\u00fam Krist.<a name=\"18\"><span class=\"versanumer\">18<\/span><\/a>Sannarlega \u00fear fyrir, svo sem vegna eins falls, <span class='VideyAth'>(d\u00f3mur er fallin)<\/span> \u00e1 alla menn til ford\u00e6mingar, svo er og vegna eins r\u00e9ttl\u00e6tingar n\u00e1\u00f0argj\u00f6fin veitt \u00f6llum m\u00f6nnum til l\u00edfs r\u00e9ttl\u00e6tis;<a name=\"19\"><span class=\"versanumer\">19<\/span><\/a>\u00fev\u00ed a\u00f0 eins og af \u00f3hl\u00fd\u00f0ninni \u00feess eina manns eru \u00feeir m\u00f6rgu syndugir or\u00f0nir, eins munu l\u00edka \u00feeir m\u00f6rgu, af hl\u00fd\u00f0ni \u00feess eina, r\u00e9ttl\u00e6ttir ver\u00f0a.<a name=\"20\"><span class=\"versanumer\">20<\/span><\/a>En l\u00f6gm\u00e1li\u00f0 innkom \u00fear a\u00f0 auki, svo falli\u00f0 yfirgn\u00e6f\u00f0i, en hvar syndin yfirgn\u00e6f\u00f0i, yfirgn\u00e6f\u00f0i n\u00e1\u00f0in miklu framar,<a name=\"21\"><span class=\"versanumer\">21<\/span><\/a>til \u00feess, a\u00f0eins og syndin r\u00edkti \u00ed dau\u00f0ann, svo skyldi og n\u00e1\u00f0in r\u00edkja fyrir r\u00e9ttl\u00e6tinguna til eil\u00edfs l\u00edfs, vegna Jes\u00fa Krists vors Drottins.<\/p>\n<div class=\"footnoteVidey\">V. 1. Post. g. b. 10,30. Ef. 2,14.  V. 2. J\u00f3h. 10,9. 14,6. Ef. 2,18. 3,12. Hebr. 10,19. 1 Kor. 15,1. Hebr. 3,6.  V. 3. 2 Kor. 11,23\u201332. Fil. 1,29. Jak. 1,2.  V. 5. Hebr. 6,18.19. 1 J\u00f3h. 4,16.  V. 6. Ef. 2,1. Kol. 2,13. Hebr. 9,15. 1 P\u00e9t. 3,18.  V. 7. c. saklausan, d. velgj\u00f6rarann.  V. 8. J\u00f3h. 15,13. f. 1 J\u00f3h. 3,16.  V. 10. 2 Kor. 5,48. Kol. 1,20.21.  V. 11. Jer. 9,24. 1 Kor. 1,31.  V. 12. 1 M\u00f3s. b. 3,6. 1 Kor. 15,21. 1 M\u00f3s. b. 2,17. R\u00f3m. 6,23.  V. 13. Kap. 4,15.  V. 14. 1 Kor. 15,21.22. V. 15. synd, syndafall. 1 Kor. 15,22. J\u00f3h. 1,16.17.  V. 16. a. E\u00f0a: d\u00f3murinn, sem einn gaf tilefni til, var\u00f0 til ford\u00e6mingar, en n\u00e1\u00f0argj\u00f6fin, sem m\u00f6rg f\u00f6ll g\u00e1fu tilefni til (var\u00f0) til r\u00e9ttl\u00e6tingar.  V. 18. 2 Cor. 5,15. 1 J\u00f3h. 2,2.  V. 19. Esa. 53,11.  V. 20. Kap. 4,15. 7,8. Gal. 3,19. L\u00fak. 7,47.  V. 24. Kap. 6,23.<\/div>\n","protected":false},"excerpt":{"rendered":"<p>Um \u00e1vexti r\u00e9ttl\u00e6tisins. Adam og Jes\u00fas, dau\u00f0inn og l\u00edfi\u00f0, l\u00f6gm\u00e1li\u00f0 og n\u00e1\u00f0arbo\u00f0skapurinn, sett hva\u00f0 \u00e1 m\u00f3ti \u00f6\u00f0ru. 1\u00dear fyrir h\u00f6fum v\u00e9r, r\u00e9ttl\u00e6ttir vegna tr\u00faarinnar, fri\u00f0 vi\u00f0 Gu\u00f0 fyrir Drottin vorn Jes\u00fam Krist,2fyrir hv\u00f6rn v\u00e9r einnin h\u00f6fum a\u00f0gang me\u00f0 tr\u00fanni til \u00feeirrar n\u00e1\u00f0ar, \u00ed hv\u00f6rri v\u00e9r st\u00f6ndum, og v\u00e9r hr\u00f3sum oss af von d\u00fdr\u00f0ar hj\u00e1 Gu\u00f0i;3en ekki einasta \u00fea\u00f0, heldur hr\u00f3sum v\u00e9r oss einnig af h\u00f6rmungunum, vitandi, a\u00f0 h\u00f6rmungin verkar \u00feolinm\u00e6\u00f0i,4en \u00feolinm\u00e6\u00f0in reynslu, en reynslan von,5en vonin bregst ekki; \u00fev\u00ed a\u00f0 elska Gu\u00f0s er \u00fathellt \u00ed hj\u00f6rtu vor fyrir heilagan Anda, sem oss er gefinn;6\u00fev\u00ed \u00feegar v\u00e9r enn \u00fe\u00e1 vorum breysklegir, <a href=\"https:\/\/biblian.is\/videy\/romverjabrefid-5-kafli\/\"> [&#8230;]<\/a><\/p>\n","protected":false},"author":1,"featured_media":0,"parent":0,"menu_order":0,"comment_status":"open","ping_status":"open","template":"bibliukaflar.php","meta":{"footnotes":""},"class_list":["post-21900","page","type-page","status-publish","hentry"],"_links":{"self":[{"href":"https:\/\/biblian.is\/videy\/wp-json\/wp\/v2\/pages\/21900","targetHints":{"allow":["GET"]}}],"collection":[{"href":"https:\/\/biblian.is\/videy\/wp-json\/wp\/v2\/pages"}],"about":[{"href":"https:\/\/biblian.is\/videy\/wp-json\/wp\/v2\/types\/page"}],"author":[{"embeddable":true,"href":"https:\/\/biblian.is\/videy\/wp-json\/wp\/v2\/users\/1"}],"replies":[{"embeddable":true,"href":"https:\/\/biblian.is\/videy\/wp-json\/wp\/v2\/comments?post=21900"}],"version-history":[{"count":0,"href":"https:\/\/biblian.is\/videy\/wp-json\/wp\/v2\/pages\/21900\/revisions"}],"wp:attachment":[{"href":"https:\/\/biblian.is\/videy\/wp-json\/wp\/v2\/media?parent=21900"}],"curies":[{"name":"wp","href":"https:\/\/api.w.org\/{rel}","templated":true}]}}