{"id":21899,"date":"2018-01-02T01:04:40","date_gmt":"2018-01-02T01:04:40","guid":{"rendered":"http:\/\/biblian.is\/videy\/romverjabrefid-4-kafli\/"},"modified":"2018-01-02T01:04:40","modified_gmt":"2018-01-02T01:04:40","slug":"romverjabrefid-4-kafli","status":"publish","type":"page","link":"https:\/\/biblian.is\/videy\/romverjabrefid-4-kafli\/","title":{"rendered":"R\u00f3mverjabr\u00e9fi\u00f0 4. kafli"},"content":{"rendered":"<div class=\"fyrirsognVidey\">Abrahams d\u00e6mi uppl\u00fdsir r\u00e9ttl\u00e6tingu af tr\u00fanni.<\/div>\n<p><a name=\"1\"><span class=\"versanumer\">1<\/span><\/a>Hva\u00f0 skulum v\u00e9r \u00fe\u00e1 segja, a\u00f0 vor fa\u00f0ir Abraham hafi fundi\u00f0 eftir holdinu?<a name=\"2\"><span class=\"versanumer\">2<\/span><\/a>\u00dev\u00ed a\u00f0 ef Abraham er r\u00e9ttl\u00e6ttur vegna verka, \u00fe\u00e1 hefir hann lofst\u00edr, en ekki hj\u00e1 Gu\u00f0i;<a name=\"3\"><span class=\"versanumer\">3<\/span><\/a>\u00fev\u00ed a\u00f0 hva\u00f0 segir Ritningin? En Abraham tr\u00fa\u00f0i Gu\u00f0i, og \u00fea\u00f0 var\u00f0 honum reikna\u00f0 til r\u00e9ttl\u00e6tis.<a name=\"4\"><span class=\"versanumer\">4<\/span><\/a>En \u00feeim sem verk vinnur, ver\u00f0a launin ekki af n\u00e1\u00f0 tilreiknu\u00f0, heldur eftir skyldu,<a name=\"5\"><span class=\"versanumer\">5<\/span><\/a>en \u00feeim er ekki verk vinnur, en tr\u00fair \u00e1 \u00feann, sem r\u00e9ttl\u00e6tir \u00f3gu\u00f0r\u00e6kinn, ver\u00f0ur tr\u00fa s\u00edn reiknu\u00f0 til r\u00e9ttl\u00e6tis;<a name=\"6\"><span class=\"versanumer\">6<\/span><\/a>svo sem og Dav\u00ed\u00f0 pr\u00edsar s\u00e6lu \u00feess manns, hv\u00f6rjum Gu\u00f0 tilreiknar r\u00e9ttl\u00e6ti\u00f0 \u00e1n verka.<a name=\"7\"><span class=\"versanumer\">7<\/span><\/a>S\u00e6lir eru \u00feeir, hv\u00f6rra afbrot eru fyrirgefin, og hv\u00f6rra syndir eru huldar.<a name=\"8\"><span class=\"versanumer\">8<\/span><\/a>S\u00e6ll er s\u00e1 ma\u00f0ur, hv\u00f6rjum Drottinn tilreiknar ekki synd!<a name=\"9\"><span class=\"versanumer\">9<\/span><\/a>Er n\u00fa s\u00e6la \u00feessi yfir umskurnina e\u00f0ur og yfir yfirh\u00fa\u00f0ina komin? \u00dev\u00ed a\u00f0 v\u00e9r segjum, a\u00f0 Abraham hafi tr\u00fain til r\u00e9ttl\u00e6tis reiknu\u00f0 veri\u00f0,<a name=\"10\"><span class=\"versanumer\">10<\/span><\/a>hv\u00f6rnin er h\u00fan \u00fe\u00e1 honum tilreiknu\u00f0? \u00feegar hann var \u00ed umskurn e\u00f0a me\u00f0 yfirh\u00fa\u00f0? ekki \u00ed umskurn, heldur me\u00f0 yfirh\u00fa\u00f0;<a name=\"11\"><span class=\"versanumer\">11<\/span><\/a>og hann me\u00f0t\u00f3k teikn umskurnar, sem innsigli r\u00e9ttl\u00e6tisins af tr\u00fa \u00feeirri, er hann haf\u00f0i, \u00ed yfirh\u00fa\u00f0inni, svo a\u00f0 hann v\u00e6ri fa\u00f0ir \u00feeirra sem tr\u00faa, og eru me\u00f0 yfirh\u00fa\u00f0inni, a\u00f0 einninn \u00feessum yr\u00f0i r\u00e9ttl\u00e6ti\u00f0 tilreikna\u00f0,<a name=\"12\"><span class=\"versanumer\">12<\/span><\/a>og undir eins fa\u00f0ir umskurnar <span class='VideyAth'>a)<\/span> \u00feeim, sem ekki alleina eru me\u00f0 umskurn, heldur og \u00feeim, sem ganga \u00ed f\u00f3tsporin tr\u00faar \u00feeirrar, er fa\u00f0ir vor Abraham haf\u00f0i me\u00f0 yfirh\u00fa\u00f0inni <span class='VideyAth'>b)<\/span>;<a name=\"13\"><span class=\"versanumer\">13<\/span><\/a>\u00fev\u00ed a\u00f0 ekki fyrir l\u00f6gm\u00e1li\u00f0 var Abraham og hans s\u00e6\u00f0i gefi\u00f0 \u00fea\u00f0 fyrirheit, a\u00f0 hann skyldi veraldarinnar erfingi ver\u00f0a, heldur fyrir r\u00e9ttl\u00e6ti tr\u00faarinnar;<a name=\"14\"><span class=\"versanumer\">14<\/span><\/a>\u00fev\u00ed a\u00f0 ef l\u00f6gm\u00e1lsmenn eru erfingjar, \u00fe\u00e1 er tr\u00fain kraftlaus og fyrirheiti\u00f0 \u00f3n\u00fdtt;<a name=\"15\"><span class=\"versanumer\">15<\/span><\/a>\u00fev\u00ed a\u00f0 l\u00f6gm\u00e1li\u00f0 verkar rei\u00f0i, og \u00fear sem ekki er l\u00f6gm\u00e1l, \u00fear er ekki heldur yfirtro\u00f0sla.<a name=\"16\"><span class=\"versanumer\">16<\/span><\/a>\u00dear fyrir vegna tr\u00faarinnar, svo \u00fea\u00f0 s\u00e9 af n\u00e1\u00f0, til a\u00f0 l\u00e1ta sta\u00f0fast vera fyrirheiti\u00f0 handa \u00f6llu s\u00e6\u00f0inu, ekki einasta \u00fev\u00ed, sem hefir l\u00f6gm\u00e1li\u00f0, heldur og svo \u00fev\u00ed, er hefir tr\u00fa Abrahams, hv\u00f6r e\u00f0 er fa\u00f0ir vor allra,<a name=\"17\"><span class=\"versanumer\">17<\/span><\/a><span class='VideyAth'>(svo sem skrifa\u00f0 er: \u00feig hefi eg settan f\u00f6\u00f0ur margra \u00fej\u00f3\u00f0a)<\/span> fyrir \u00fea\u00f0 hann tr\u00fa\u00f0i Gu\u00f0i, hv\u00f6r e\u00f0 lifandi gj\u00f6rir hina dau\u00f0u og kallar \u00fea\u00f0, sem ekki er, a\u00f0 \u00fea\u00f0 skuli vera.<a name=\"18\"><span class=\"versanumer\">18<\/span><\/a>Hann tr\u00fa\u00f0i framar von me\u00f0 von, a\u00f0 hann mundi ver\u00f0a fa\u00f0ir margra \u00fej\u00f3\u00f0a eftir \u00fev\u00ed sem sagt var: svo skal \u00feitt s\u00e6\u00f0i vera!<a name=\"19\"><span class=\"versanumer\">19<\/span><\/a>og \u00e1n \u00feess a\u00f0 veiklast \u00ed tr\u00fanni, virti hann ekki fyrir s\u00e9r sinn eigin l\u00edkama, \u00fe\u00e1 \u00feegar \u00fard\u00e1inn, er hann var hartn\u00e6r hundra\u00f0 \u00e1ra gamall, e\u00f0a a\u00f0 S a r a var \u00far barneign,<a name=\"20\"><span class=\"versanumer\">20<\/span><\/a>hann efa\u00f0ist ekki me\u00f0 vantr\u00fa um fyrirheiti\u00f0 Gu\u00f0s, heldur styrktist hann \u00ed tr\u00fanni, gefandi Gu\u00f0i d\u00fdr\u00f0ina,<a name=\"21\"><span class=\"versanumer\">21<\/span><\/a>fulltr\u00faa um a\u00f0 hva\u00f0 hann haf\u00f0i lofa\u00f0, \u00fea\u00f0 er hann m\u00e1ttugur a\u00f0 gj\u00f6ra;<a name=\"22\"><span class=\"versanumer\">22<\/span><\/a>\u00fear fyrir var honum \u00fea\u00f0 og til r\u00e9ttl\u00e6tis reikna\u00f0.<a name=\"23\"><span class=\"versanumer\">23<\/span><\/a>En \u00fea\u00f0 er ekki skrifa\u00f0 hans vegna alleina, a\u00f0 \u00fea\u00f0 var honum tilreikna\u00f0,<a name=\"24\"><span class=\"versanumer\">24<\/span><\/a>heldur og vor vegna, hv\u00f6rjum \u00fea\u00f0 mun tilreiknast, \u00feegar v\u00e9r tr\u00faum \u00e1 \u00feann, sem uppvakti Jes\u00fam Drottin vorn fr\u00e1 dau\u00f0um,<a name=\"25\"><span class=\"versanumer\">25<\/span><\/a>hv\u00f6r e\u00f0 framseldur er fyrir vorar misgj\u00f6r\u00f0ir, og uppvakinn til vorrar r\u00e9ttl\u00e6tingar.<\/p>\n<div class=\"footnoteVidey\">V. 1. 1 M\u00f3s. b. 17,5. Es. 51,2. umskurninni, a\u00f0rir: M\u00f3sis l\u00f6gm\u00e1li.  V. 2. Kap. 3,27. Ef. 2,9.  V. 3. 1 M\u00f3s. b. 15,16. Gal. 3,6.  V. 4. Kap. 11,6.  V. 5. Kap. 3,28. 2 Kor. 5,19.21. Fil. 3,3.  V. 7. S\u00e1lm. 32,1.2.  V. 10. 1 M\u00f3s. b. 15,6. 17,9.10.  V. 11. 1 M\u00f3s. b. 17,11. Gal. 3,6.7. V. 12. a. umskorinna, b. \u00f3umskorinn.  V. 13. 1 M\u00f3s. b. 15,16. f. 17,2.8.  V. 14. Gal. 3,18.  V. 15. Rei\u00f0i \u00fe. e. straff. Kap. 3,20. 5,13. 7,8.10. 1 Kor. 15,56. Gal. 3,19.  V. 16. vegna tr\u00faarinnar, undirskilst: f\u00e9kk Abraham lofor\u00f0i\u00f0 um arfleif\u00f0ina. Gal. 3,18.  V. 17. 1 M\u00f3s. 17,4.5. Hebr. 11,3.  V. 18. 1 M\u00f3s. b. 15,5.6.  V. 19. 1 M\u00f3s. b. 18,11.  V. 20. Hebr. 11,8. f.  V. 21. S\u00e1lm. 115,3. L\u00fak. 1,37.  V. 22. 1 M\u00f3s. b. 15,6.  V. 23. Kap. 15,4. 1 Kor. 10,6.11.  V. 24. Post. g. b. 2,24.  V. 25. Kap. 8,32. 1. J\u00f3h. 2,2.<\/div>\n","protected":false},"excerpt":{"rendered":"<p>Abrahams d\u00e6mi uppl\u00fdsir r\u00e9ttl\u00e6tingu af tr\u00fanni. 1Hva\u00f0 skulum v\u00e9r \u00fe\u00e1 segja, a\u00f0 vor fa\u00f0ir Abraham hafi fundi\u00f0 eftir holdinu?2\u00dev\u00ed a\u00f0 ef Abraham er r\u00e9ttl\u00e6ttur vegna verka, \u00fe\u00e1 hefir hann lofst\u00edr, en ekki hj\u00e1 Gu\u00f0i;3\u00fev\u00ed a\u00f0 hva\u00f0 segir Ritningin? En Abraham tr\u00fa\u00f0i Gu\u00f0i, og \u00fea\u00f0 var\u00f0 honum reikna\u00f0 til r\u00e9ttl\u00e6tis.4En \u00feeim sem verk vinnur, ver\u00f0a launin ekki af n\u00e1\u00f0 tilreiknu\u00f0, heldur eftir skyldu,5en \u00feeim er ekki verk vinnur, en tr\u00fair \u00e1 \u00feann, sem r\u00e9ttl\u00e6tir \u00f3gu\u00f0r\u00e6kinn, ver\u00f0ur tr\u00fa s\u00edn reiknu\u00f0 til r\u00e9ttl\u00e6tis;6svo sem og Dav\u00ed\u00f0 pr\u00edsar s\u00e6lu \u00feess manns, hv\u00f6rjum Gu\u00f0 tilreiknar r\u00e9ttl\u00e6ti\u00f0 \u00e1n verka.7S\u00e6lir eru \u00feeir, hv\u00f6rra afbrot eru fyrirgefin, og <a href=\"https:\/\/biblian.is\/videy\/romverjabrefid-4-kafli\/\"> [&#8230;]<\/a><\/p>\n","protected":false},"author":1,"featured_media":0,"parent":0,"menu_order":0,"comment_status":"open","ping_status":"open","template":"bibliukaflar.php","meta":{"footnotes":""},"class_list":["post-21899","page","type-page","status-publish","hentry"],"_links":{"self":[{"href":"https:\/\/biblian.is\/videy\/wp-json\/wp\/v2\/pages\/21899","targetHints":{"allow":["GET"]}}],"collection":[{"href":"https:\/\/biblian.is\/videy\/wp-json\/wp\/v2\/pages"}],"about":[{"href":"https:\/\/biblian.is\/videy\/wp-json\/wp\/v2\/types\/page"}],"author":[{"embeddable":true,"href":"https:\/\/biblian.is\/videy\/wp-json\/wp\/v2\/users\/1"}],"replies":[{"embeddable":true,"href":"https:\/\/biblian.is\/videy\/wp-json\/wp\/v2\/comments?post=21899"}],"version-history":[{"count":0,"href":"https:\/\/biblian.is\/videy\/wp-json\/wp\/v2\/pages\/21899\/revisions"}],"wp:attachment":[{"href":"https:\/\/biblian.is\/videy\/wp-json\/wp\/v2\/media?parent=21899"}],"curies":[{"name":"wp","href":"https:\/\/api.w.org\/{rel}","templated":true}]}}