{"id":21898,"date":"2018-01-02T01:04:40","date_gmt":"2018-01-02T01:04:40","guid":{"rendered":"http:\/\/biblian.is\/videy\/romverjabrefid-3-kafli\/"},"modified":"2018-01-02T01:04:40","modified_gmt":"2018-01-02T01:04:40","slug":"romverjabrefid-3-kafli","status":"publish","type":"page","link":"https:\/\/biblian.is\/videy\/romverjabrefid-3-kafli\/","title":{"rendered":"R\u00f3mverjabr\u00e9fi\u00f0 3. kafli"},"content":{"rendered":"<div class=\"fyrirsognVidey\">Gy\u00f0inganna yfirbur\u00f0ir, og \u00feeirra syndir. \u00deess vegna r\u00e9ttl\u00e6tist enginn af l\u00f6gm\u00e1linu, heldur vegna tr\u00faarinnar \u00e1 Jes\u00fam Krist.<\/div>\n<p><a name=\"1\"><span class=\"versanumer\">1<\/span><\/a>Hv\u00f6rjir eru \u00fe\u00e1 yfirbur\u00f0ir Gy\u00f0ingsins? e\u00f0a hv\u00f6r nytsemi umskurnarinnar?<a name=\"2\"><span class=\"versanumer\">2<\/span><\/a>miklir \u00e1 allan h\u00e1tt; einkanlega a\u00f0 s\u00f6nnu \u00feess vegna, a\u00f0 \u00feeim er tr\u00faa\u00f0 til or\u00f0anna Gu\u00f0s.<a name=\"3\"><span class=\"versanumer\">3<\/span><\/a>Hva\u00f0 \u00fe\u00e1, ef nokkrir hafa veri\u00f0 vantr\u00faa\u00f0ir, mundi vantr\u00fain \u00feeirra tr\u00fafestina Gu\u00f0s \u00f3n\u00fdta?<a name=\"4\"><span class=\"versanumer\">4<\/span><\/a>fj\u00e6rri s\u00e9 \u00fev\u00ed! Gu\u00f0 skal vera sannor\u00f0ur, \u00fe\u00f3tt hv\u00f6r einn ma\u00f0ur v\u00e6ri lygari, svo sem skrifa\u00f0 er: svo a\u00f0 \u00fe\u00fa hafir r\u00e9tt \u00ed \u00fe\u00ednum or\u00f0um, og vinnir \u00feegar \u00fe\u00fa d\u00e6mist.<a name=\"5\"><span class=\"versanumer\">5<\/span><\/a>En ef vort rangl\u00e6ti pr\u00edsar Gu\u00f0s r\u00e9ttl\u00e6ti, hva\u00f0 skulum v\u00e9r \u00fe\u00e1 segja? mun Gu\u00f0 vera rangl\u00e1tur, a\u00f0 hann l\u00e6tur rei\u00f0ina yfirdynja? <span class='VideyAth'>(eg gj\u00f6ri manni upp or\u00f0in)<\/span>,<a name=\"6\"><span class=\"versanumer\">6<\/span><\/a>\u00fea\u00f0 s\u00e9 langt fr\u00e1! \u00fev\u00ed a\u00f0 hv\u00f6rnin skal \u00fe\u00e1 Gu\u00f0 heiminn d\u00e6ma?<a name=\"7\"><span class=\"versanumer\">7<\/span><\/a>\u00fev\u00ed ef sannleikinn Gu\u00f0s hefir fyrir m\u00edna lygi yfirgn\u00e6ft honum til d\u00fdr\u00f0ar, hvar fyrir d\u00e6mist eg \u00fe\u00e1 enn n\u00fa sem syndari?<a name=\"8\"><span class=\"versanumer\">8<\/span><\/a>og eigum v\u00e9r ekki <span class='VideyAth'>(eins og v\u00e9r erum spotta\u00f0ir fyrir, og svo sem sumir m\u00e6la, a\u00f0 v\u00e9r kennum)<\/span>, a\u00f0 gj\u00f6ra hi\u00f0 illa, svo gott af lei\u00f0i? sl\u00edkra fyrird\u00e6ming er r\u00e9tt.<a name=\"9\"><span class=\"versanumer\">9<\/span><\/a>Hva\u00f0 \u00fe\u00e1? erum v\u00e9r fremri? aldeilis ekki; \u00fev\u00ed a\u00f0 v\u00e9r h\u00f6fum \u00e1\u00f0ur me\u00f0 r\u00f6kum s\u00fdnt, a\u00f0 b\u00e6\u00f0i Gy\u00f0ingar og gr\u00edskir, s\u00e9u allir undir synd,<a name=\"10\"><span class=\"versanumer\">10<\/span><\/a>svo sem skrifa\u00f0 er: enginn er r\u00e9ttl\u00e1tur og ekki einn, ekki er einn skynugur,<a name=\"11\"><span class=\"versanumer\">11<\/span><\/a>ekki er neinn sem a\u00f0 Gu\u00f0i leiti,<a name=\"12\"><span class=\"versanumer\">12<\/span><\/a>allir hafa \u00feeir fr\u00e1viki\u00f0, og eru til samans \u00f3n\u00fdtir or\u00f0nir, ekki er neinn, sem gott gj\u00f6ri, ekki einn einasti.<a name=\"13\"><span class=\"versanumer\">13<\/span><\/a>Opnu\u00f0 gr\u00f6f er barki \u00feeirra, me\u00f0 tungum s\u00ednum sv\u00edkja \u00feeir. H\u00f6ggormaeitur er undir v\u00f6rum \u00feeirra.<a name=\"14\"><span class=\"versanumer\">14<\/span><\/a>\u00deeirra munnur er fullur af b\u00f6lvun og beiskleika.<a name=\"15\"><span class=\"versanumer\">15<\/span><\/a>Flj\u00f3tir eru f\u00e6tur \u00feeirra til a\u00f0 \u00fathella bl\u00f3\u00f0i.<a name=\"16\"><span class=\"versanumer\">16<\/span><\/a>Tj\u00f3n og ey\u00f0ilegging er \u00e1 vegum \u00feeirra,<a name=\"17\"><span class=\"versanumer\">17<\/span><\/a>og veg fri\u00f0arins vita \u00feeir ekki.<a name=\"18\"><span class=\"versanumer\">18<\/span><\/a>Ekki er \u00f3tti Gu\u00f0s fyrir augum \u00feeirra.<a name=\"19\"><span class=\"versanumer\">19<\/span><\/a>En v\u00e9r vitum, a\u00f0 hva\u00f0 helst l\u00f6gm\u00e1li\u00f0 segir, \u00fea\u00f0 talar \u00fea\u00f0 til \u00feeirra, sem undir l\u00f6gm\u00e1linu eru, svo a\u00f0 hv\u00f6r einn munnur ver\u00f0i or\u00f0laus, og allur heimurinn <span class='VideyAth'>(ver\u00f0i)<\/span> sakfallinn vi\u00f0 Gu\u00f0. <br \/><a name=\"20\"><span class=\"versanumer\">20<\/span><\/a>\u00deess vegna mun af l\u00f6gm\u00e1lsverkum alls ekkert hold r\u00e9ttl\u00e6tast fyrir honum; \u00fev\u00ed a\u00f0 af l\u00f6gm\u00e1li kemur \u00feekking syndar.<br \/><a name=\"21\"><span class=\"versanumer\">21<\/span><\/a>En n\u00fa er \u00e1n l\u00f6gm\u00e1ls r\u00e9ttl\u00e6ting Gu\u00f0s opinberu\u00f0, umvitnu\u00f0 af l\u00f6gm\u00e1linu og sp\u00e1m\u00f6nnunum,<a name=\"22\"><span class=\"versanumer\">22<\/span><\/a>j\u00e1, r\u00e9ttl\u00e6ting Gu\u00f0s fyrir tr\u00fa \u00e1 Jes\u00fam Krist til allra og yfir alla <span class='VideyAth'>a)<\/span>, sem tr\u00faa, \u00fev\u00ed a\u00f0 h\u00e9r er enginn greinarmunur,<a name=\"23\"><span class=\"versanumer\">23<\/span><\/a>\u00fev\u00ed a\u00f0 allir hafa syndga\u00f0, og hafa skort \u00e1 lofst\u00edr hj\u00e1 Gu\u00f0i;<a name=\"24\"><span class=\"versanumer\">24<\/span><\/a>\u00feeir ver\u00f0a r\u00e9ttl\u00e6ttir \u00e1n ver\u00f0skuldunar af hans n\u00e1\u00f0 fyrir endurlausnina \u00ed Krist\u00f3 Jes\u00fa,<a name=\"25\"><span class=\"versanumer\">25<\/span><\/a>hv\u00f6rn Gu\u00f0 hefir framsett forl\u00edkunarf\u00f3rn, fyrir tr\u00fana, \u00ed hans bl\u00f3\u00f0i, til augl\u00fdsingar s\u00edns r\u00e9ttl\u00e6tis me\u00f0 fyrirgefningu syndanna, er \u00e1\u00f0ur dr\u00fdg\u00f0ar voru undir Gu\u00f0s \u00feolinm\u00e6\u00f0i;<a name=\"26\"><span class=\"versanumer\">26<\/span><\/a>til augl\u00fdsingar s\u00edns r\u00e9ttl\u00e6tis \u00e1 n\u00e6rverandi t\u00edma, til \u00feess, a\u00f0 hann r\u00e9ttl\u00e1tur s\u00e9, og r\u00e9ttl\u00e6tandi \u00feann, sem hefir tr\u00fana Jes\u00fa. <br \/><a name=\"27\"><span class=\"versanumer\">27<\/span><\/a>Hvar er \u00fe\u00e1 hr\u00f3sunin? h\u00fan er \u00fatiloku\u00f0; fyrir hv\u00f6rt l\u00f6gm\u00e1l? verkanna? nei, heldur fyrir l\u00f6gm\u00e1l tr\u00faarinnar;<a name=\"28\"><span class=\"versanumer\">28<\/span><\/a>\u00fear fyrir \u00e1lyktum v\u00e9r, a\u00f0 af tr\u00fa r\u00e9ttl\u00e6tist ma\u00f0ur \u00e1n l\u00f6gm\u00e1lsverka.<a name=\"29\"><span class=\"versanumer\">29<\/span><\/a>E\u00f0a er Gu\u00f0 einungis Gu\u00f0 Gy\u00f0inga? en ekki l\u00edka hei\u00f0ingja?<a name=\"30\"><span class=\"versanumer\">30<\/span><\/a>vissulega og svo hei\u00f0ingja, af \u00fev\u00ed, a\u00f0 einn er Gu\u00f0, sem r\u00e9ttl\u00e6ta mun umskurn af tr\u00fa, og yfirh\u00fa\u00f0 vegna tr\u00faarinnar.<a name=\"31\"><span class=\"versanumer\">31<\/span><\/a>Gj\u00f6rum v\u00e9r \u00fe\u00e1 l\u00f6gm\u00e1li\u00f0 \u00f3gilt fyrir tr\u00fana? fj\u00e6rri s\u00e9 \u00fev\u00ed! heldur sta\u00f0festum v\u00e9r l\u00f6gm\u00e1li\u00f0.<\/p>\n<div class=\"footnoteVidey\">V. 2. Kap. 9,4. 5 M\u00f3s. b. 4,7. S\u00e1lm. 147,19.  V. 3. Kap. 9,6. Hebr. 4,2. 2 T\u00edm. 2,13.  V. 4. J\u00f3h. 3,33. S\u00e1lm. 62,10. 116,11. S\u00e1lm. 51,6.  V. 5. Job. 8,3. 34,10. R\u00f3m. 9,14. Gal. 3,15.  V. 6. 1 M\u00f3s. b. 18,25. Post. gb. 17,31.  V. 8. 1 Sam. 15,24. f.  V. 9. Gy\u00f0ingar, Gal. 3,22.  V. 10. S\u00e1lm. 14,2.3. 53,2\u20134.  V. 13. S\u00e1lm. 5,10. 140,4.  V. 14. S\u00e1lm. 10,7. V. 15. Or\u00f0sk. b. 1,16. Esa. 59,7.  V. 18. 1 M\u00f3s. b. 20,11. S\u00e1lm. 36,2.  V. 19. Esek. 16,63.  V. 20. Gal. 2,16. engin manneskja, R\u00f3m. 7,7.  V. 21. Kap. 1,17. Filipp. 3,9. J\u00f3h. 5,46. Post. gb. 26,22.  V. 22. a. Til allra og yfir alla, \u00fe. e. \u00f6llum til handa. Kap. 10,12. Gal. 3,28. K\u00f3l. 3,11.  V. 23. v. 9. Kap. 11,32. \u00fe\u00e1 vantar \u00fea\u00f0, sem \u00feeim s\u00e9 til hr\u00f3ss e\u00f0a gildis hj\u00e1 Gu\u00f0i.  V. 24. Ef. 2,8. Tit. 3,5.7. Matth. 20,28. Ef. 1,7. 1 T\u00edm. 2,6.  V. 25. \u00ed hans bl\u00f3\u00f0i, og s. frv. \u00fe. e. me\u00f0 \u00fev\u00ed hann l\u00e9t hann deyja, til augl\u00fdsingar s\u00edns r\u00e9ttl\u00e6tis, \u00fear e\u00f0 hann eftir sinni \u00feolinm\u00e6\u00f0i haf\u00f0i gengi\u00f0 framhj\u00e1 syndunum er \u00e1\u00f0ur dr\u00fdg\u00f0ar voru. 2 Kor. 5,19. Kol. 1,20. 1 J\u00f3h. 2,2,4,10. Hebr. 4,15.16. Post. g. b. 13,38.39. 17,30.  V. 27. Kap. 4,2.  V. 28. Kap. 4,5. Gal. 2,16. Ef. 2,8.  V. 30. Gal. 3,20. umskorna, \u00fe. e. Gy\u00f0inga. \u00f3umskorna, \u00fe. e. hei\u00f0ingja.<\/div>\n","protected":false},"excerpt":{"rendered":"<p>Gy\u00f0inganna yfirbur\u00f0ir, og \u00feeirra syndir. \u00deess vegna r\u00e9ttl\u00e6tist enginn af l\u00f6gm\u00e1linu, heldur vegna tr\u00faarinnar \u00e1 Jes\u00fam Krist. 1Hv\u00f6rjir eru \u00fe\u00e1 yfirbur\u00f0ir Gy\u00f0ingsins? e\u00f0a hv\u00f6r nytsemi umskurnarinnar?2miklir \u00e1 allan h\u00e1tt; einkanlega a\u00f0 s\u00f6nnu \u00feess vegna, a\u00f0 \u00feeim er tr\u00faa\u00f0 til or\u00f0anna Gu\u00f0s.3Hva\u00f0 \u00fe\u00e1, ef nokkrir hafa veri\u00f0 vantr\u00faa\u00f0ir, mundi vantr\u00fain \u00feeirra tr\u00fafestina Gu\u00f0s \u00f3n\u00fdta?4fj\u00e6rri s\u00e9 \u00fev\u00ed! Gu\u00f0 skal vera sannor\u00f0ur, \u00fe\u00f3tt hv\u00f6r einn ma\u00f0ur v\u00e6ri lygari, svo sem skrifa\u00f0 er: svo a\u00f0 \u00fe\u00fa hafir r\u00e9tt \u00ed \u00fe\u00ednum or\u00f0um, og vinnir \u00feegar \u00fe\u00fa d\u00e6mist.5En ef vort rangl\u00e6ti pr\u00edsar Gu\u00f0s r\u00e9ttl\u00e6ti, hva\u00f0 skulum v\u00e9r \u00fe\u00e1 segja? mun Gu\u00f0 vera rangl\u00e1tur, a\u00f0 hann l\u00e6tur <a href=\"https:\/\/biblian.is\/videy\/romverjabrefid-3-kafli\/\"> [&#8230;]<\/a><\/p>\n","protected":false},"author":1,"featured_media":0,"parent":0,"menu_order":0,"comment_status":"open","ping_status":"open","template":"bibliukaflar.php","meta":{"footnotes":""},"class_list":["post-21898","page","type-page","status-publish","hentry"],"_links":{"self":[{"href":"https:\/\/biblian.is\/videy\/wp-json\/wp\/v2\/pages\/21898","targetHints":{"allow":["GET"]}}],"collection":[{"href":"https:\/\/biblian.is\/videy\/wp-json\/wp\/v2\/pages"}],"about":[{"href":"https:\/\/biblian.is\/videy\/wp-json\/wp\/v2\/types\/page"}],"author":[{"embeddable":true,"href":"https:\/\/biblian.is\/videy\/wp-json\/wp\/v2\/users\/1"}],"replies":[{"embeddable":true,"href":"https:\/\/biblian.is\/videy\/wp-json\/wp\/v2\/comments?post=21898"}],"version-history":[{"count":0,"href":"https:\/\/biblian.is\/videy\/wp-json\/wp\/v2\/pages\/21898\/revisions"}],"wp:attachment":[{"href":"https:\/\/biblian.is\/videy\/wp-json\/wp\/v2\/media?parent=21898"}],"curies":[{"name":"wp","href":"https:\/\/api.w.org\/{rel}","templated":true}]}}