{"id":21897,"date":"2018-01-02T01:04:40","date_gmt":"2018-01-02T01:04:40","guid":{"rendered":"http:\/\/biblian.is\/videy\/romverjabrefid-2-kafli\/"},"modified":"2018-01-02T01:04:40","modified_gmt":"2018-01-02T01:04:40","slug":"romverjabrefid-2-kafli","status":"publish","type":"page","link":"https:\/\/biblian.is\/videy\/romverjabrefid-2-kafli\/","title":{"rendered":"R\u00f3mverjabr\u00e9fi\u00f0 2. kafli"},"content":{"rendered":"<div class=\"fyrirsognVidey\">Gy\u00f0ingar, sem d\u00e6ma a\u00f0ra, munu ekki umfl\u00fdja d\u00f3m Gu\u00f0s, hv\u00f6r \u00e1n manngreinar\u00e1lits d\u00e6mir s\u00e9rhv\u00f6rn eftir hans verkum. \u00deeir hr\u00f3sa s\u00e9r forgefins af M\u00f3sis l\u00f6gm\u00e1li og umskurninni, \u00feegar \u00feeir ekki f\u00e6ra \u00feau s\u00e9r r\u00e9ttilega \u00ed nyt.<\/div>\n<p><a name=\"1\"><span class=\"versanumer\">1<\/span><\/a>\u00dear fyrir ertu \u00f3afsakanlegur, \u00f3 ma\u00f0ur! hv\u00f6r helst \u00fe\u00fa ert <span class='VideyAth'>a)<\/span>, sem d\u00e6mir, \u00fev\u00ed a\u00f0 me\u00f0 \u00fev\u00ed \u00fe\u00fa annan <span class='VideyAth'>b)<\/span> d\u00e6mir, ford\u00e6mir \u00fe\u00fa sj\u00e1lfan \u00feig, \u00feegar \u00fe\u00fa, sem d\u00e6mir, gj\u00f6rir hi\u00f0 sama.<a name=\"2\"><span class=\"versanumer\">2<\/span><\/a>V\u00e9r vitum, a\u00f0 Gu\u00f0s d\u00f3mur er r\u00e9ttur yfir \u00feeim, sem \u00fev\u00edl\u00edkt gj\u00f6ra.<a name=\"3\"><span class=\"versanumer\">3<\/span><\/a>En \u00feenkir \u00fe\u00fa \u00fea\u00f0, \u00f3 ma\u00f0ur! \u00fe\u00fa sem d\u00e6mir \u00fe\u00e1, er \u00fev\u00edl\u00edkt gj\u00f6ra, og gj\u00f6rir hi\u00f0 sama, a\u00f0 \u00fe\u00fa munir umfl\u00fdja Gu\u00f0s d\u00f3m?<a name=\"4\"><span class=\"versanumer\">4<\/span><\/a>E\u00f0a forsm\u00e1ir \u00fe\u00fa r\u00edkd\u00f3m hans g\u00e6sku, \u00feolinm\u00e6\u00f0i og langlundarge\u00f0s, og veist\u00fa ekki, a\u00f0 g\u00f3\u00f0girni Gu\u00f0s lei\u00f0ir \u00feig til yfirb\u00f3tar?<a name=\"5\"><span class=\"versanumer\">5<\/span><\/a>En me\u00f0 har\u00f0\u00fa\u00f0 \u00feinni og i\u00f0runarlausu hjarta safnar \u00fe\u00fa \u00fe\u00e9r sj\u00e1lfum rei\u00f0i \u00e1 degi rei\u00f0innar og opinberunar Gu\u00f0s r\u00e9ttd\u00e6mis,<a name=\"6\"><span class=\"versanumer\">6<\/span><\/a>s\u00e1 er s\u00e9rhv\u00f6rjum mun endurgjalda eftir hans verkum;<a name=\"7\"><span class=\"versanumer\">7<\/span><\/a>\u00feeim sem me\u00f0 st\u00f6\u00f0ugleika \u00ed g\u00f3\u00f0u verki leita vegsemdar og hei\u00f0urs og \u00f3dau\u00f0legleika, eil\u00edft l\u00edf,<a name=\"8\"><span class=\"versanumer\">8<\/span><\/a>en hinum, sem m\u00f3t\u00fer\u00f3anlegir eru, og ekki tr\u00faa sannleikanum, heldur hl\u00fd\u00f0nast rangl\u00e6tinu <span class='VideyAth'>c)<\/span> br\u00e6\u00f0i og rei\u00f0i;<a name=\"9\"><span class=\"versanumer\">9<\/span><\/a>\u00fej\u00e1ning og \u00ferenging <span class='VideyAth'>(mun koma)<\/span> yfir s\u00e9rhv\u00f6rs manns s\u00e1l, er illt fremur, fyrst Gy\u00f0ings, svo og hins gr\u00edska.<a name=\"10\"><span class=\"versanumer\">10<\/span><\/a>En vegsemd og hei\u00f0ur og fri\u00f0ur <span class='VideyAth'>(mun hlotnast)<\/span> s\u00e9rhv\u00f6rjum er gott i\u00f0kar, fyrst Gy\u00f0ingi svo og gr\u00edskum;<a name=\"11\"><span class=\"versanumer\">11<\/span><\/a>\u00fev\u00ed a\u00f0 ekki er manngreinar\u00e1lit hj\u00e1 Gu\u00f0i;<a name=\"12\"><span class=\"versanumer\">12<\/span><\/a>svo hv\u00f6rjir sem \u00e1n <span class='VideyAth'>d)<\/span> l\u00f6gm\u00e1ls syndgu\u00f0u, munu og \u00e1n l\u00f6gm\u00e1ls fellast, og \u00feeir, sem undir l\u00f6gm\u00e1linu syndgu\u00f0u, munu eftir l\u00f6gm\u00e1linu d\u00e6mast; \u2014<a name=\"13\"><span class=\"versanumer\">13<\/span><\/a>\u00fev\u00ed a\u00f0 ekki eru heyrendur l\u00f6gm\u00e1lsins r\u00e9ttl\u00e1tir fyrir Gu\u00f0i, heldur munu gj\u00f6rendur l\u00f6gm\u00e1lsins r\u00e9ttl\u00e6tast;<a name=\"14\"><span class=\"versanumer\">14<\/span><\/a>\u00fev\u00ed \u00feegar hei\u00f0ingjarnir, sem l\u00f6gm\u00e1li\u00f0 ekki hafa, gj\u00f6ra af n\u00e1tt\u00farunni, <span class='VideyAth'>e)<\/span> hva\u00f0 l\u00f6gm\u00e1linu er samkv\u00e6mt, \u00fe\u00e1 eru \u00feeir, \u00fe\u00f3tt ekki hafi \u00feeir l\u00f6gm\u00e1li\u00f0, sj\u00e1lfum s\u00e9r l\u00f6g;<a name=\"15\"><span class=\"versanumer\">15<\/span><\/a>\u00fear me\u00f0 s\u00fdna \u00feeir, a\u00f0 innihald l\u00f6gm\u00e1lsins s\u00e9 skrifa\u00f0 \u00ed \u00feeirra hj\u00f6rtum, hva\u00f0 og me\u00f0 \u00feeim sannar \u00feeirra samviska og hugrenningar, er innbyr\u00f0is \u00fdmist \u00e1klaga e\u00f0a afsaka\u2014<a name=\"16\"><span class=\"versanumer\">16<\/span><\/a>\u00e1 \u00feeim degi, \u00feegar Gu\u00f0 mun d\u00e6ma \u00fe\u00e6r huldu <span class='VideyAth'>(hugrenningar)<\/span> mannanna, eftir minni n\u00e1\u00f0arbo\u00f0skaparkenningu, fyrir Jes\u00fam Krist.<br \/><a name=\"17\"><span class=\"versanumer\">17<\/span><\/a>Sj\u00e1! \u00fe\u00fa nefnir \u00feig Gy\u00f0ing, og \u00feykist g\u00f3\u00f0ur fyrir \u00feig af l\u00f6gm\u00e1linu, og <span class='VideyAth'>f)<\/span> hr\u00f3sar \u00fe\u00e9r af Gu\u00f0i,<a name=\"18\"><span class=\"versanumer\">18<\/span><\/a>og \u00fe\u00fa veist viljann <span class='VideyAth'>(Gu\u00f0s)<\/span> og reynir hva\u00f0 milli ber, uppfr\u00e6ddur af l\u00f6gm\u00e1linu,<a name=\"19\"><span class=\"versanumer\">19<\/span><\/a>\u00fe\u00fa treystir \u00fe\u00e9r til a\u00f0 vera lei\u00f0togi blindra, lj\u00f3s \u00feeirra, sem eru \u00ed myrkri,<a name=\"20\"><span class=\"versanumer\">20<\/span><\/a>tyftunarma\u00f0ur f\u00e1v\u00edsra, l\u00e6rimeistari barna, sem hafir form \u00feekkingarinnar og sannleikans \u00ed l\u00f6gm\u00e1linu;<a name=\"21\"><span class=\"versanumer\">21<\/span><\/a>\u00fe\u00fa \u00fear fyrir, sem kennir \u00f6\u00f0rum, \u00fe\u00fa kennir ekki sj\u00e1lfum \u00fe\u00e9r! \u00fe\u00fa, sem pr\u00e9dikar, a\u00f0 ekki skuli stela, \u00fe\u00fa stelur!<a name=\"22\"><span class=\"versanumer\">22<\/span><\/a>\u00fe\u00fa, sem segir, a\u00f0 ekki skuli h\u00f3rd\u00f3m dr\u00fdgja, \u00fe\u00fa dr\u00fdgir h\u00f3r! \u00fe\u00fa, sem hefir andstygg\u00f0 \u00e1 skur\u00f0go\u00f0um, \u00fe\u00fa r\u00e6nir helgid\u00f3mum!<a name=\"23\"><span class=\"versanumer\">23<\/span><\/a>\u00fe\u00fa, sem <span class='VideyAth'>g)<\/span> hr\u00f3sar \u00fe\u00e9r af l\u00f6gm\u00e1linu, \u00fe\u00fa vanvir\u00f0ir Gu\u00f0 me\u00f0 yfirtro\u00f0slu l\u00f6gm\u00e1lsins!<a name=\"24\"><span class=\"versanumer\">24<\/span><\/a>\u00fev\u00ed a\u00f0 fyrir y\u00f0ar skuld ver\u00f0ur nafni\u00f0 Gu\u00f0s lasta\u00f0 me\u00f0al hei\u00f0ingjanna, svo sem skrifa\u00f0 er.<a name=\"25\"><span class=\"versanumer\">25<\/span><\/a>A\u00f0 s\u00f6nnu er umskurn nytsamleg, ef \u00fe\u00fa breytir eftir l\u00f6gm\u00e1linu, en ef \u00fe\u00fa ert l\u00f6gm\u00e1lsyfirtro\u00f0sluma\u00f0ur, \u00fe\u00e1 er umskurnin \u00fe\u00edn or\u00f0in a\u00f0 yfirh\u00fa\u00f0;<a name=\"26\"><span class=\"versanumer\">26<\/span><\/a>\u00fear fyrir ef <span class='VideyAth'>a)<\/span> yfirh\u00fa\u00f0in g\u00e6tir r\u00e9ttinda l\u00f6gm\u00e1lsins, mun ekki yfirh\u00fa\u00f0in hans reiknu\u00f0 ver\u00f0a fyrir umskurn?<a name=\"27\"><span class=\"versanumer\">27<\/span><\/a>Og s\u00fa n\u00e1tt\u00farlega yfirh\u00fa\u00f0, sem heldur l\u00f6gm\u00e1li\u00f0, mun d\u00e6ma \u00feig, sem \u00fer\u00e1tt fyrir b\u00f3kstaf og umskurn ert l\u00f6gm\u00e1lsyfirtro\u00f0sluma\u00f0ur;<a name=\"28\"><span class=\"versanumer\">28<\/span><\/a>\u00fev\u00ed a\u00f0 ekki er hann Gy\u00f0ingur, sem er \u00fea\u00f0 opinberlega, ekki heldur \u00fea\u00f0 umskurn, sem er opinberlega \u00e1 holdinu,<a name=\"29\"><span class=\"versanumer\">29<\/span><\/a>heldur hann, sem heimuglega er Gy\u00f0ingur og umskurn hjartans \u00ed anda en ekki b\u00f3kstaf, hv\u00f6rrar lofst\u00edr ekki er af m\u00f6nnum, heldur af Gu\u00f0i.<\/p>\n<div class=\"footnoteVidey\">V. 1. a. \u00de\u00f3 \u00fe\u00fa v\u00e6rir Gy\u00f0ingur. b. Matt. 7,2.  V. 4. 9,22. f. 2 P\u00e9t. 3,9.15. Spek. b. 12,10.  V. 6. S\u00e1lm. 62,13. 1 Kor. 3,8. Job. 34,11. Jer. 17,20. 32,19. Matt. 16,27. 2 Kor. 5,10.  V. 8. straff og hegning, 2 Tess. 1,8.  V. 9. Kap. 3,9. V. 11. 1 P\u00e9t. 6,9.  V. 12. c. \u00de. e. M\u00f3sis l\u00f6gm\u00e1ls.  V. 13. Jak. 1,22. Matt. 7,21.  V. 14. d. Matt. 7,12.  V. 16. Er me\u00f0 millisetning a\u00f0skili\u00f0 fr\u00e1 12 versinu. Pr\u00e9d. b. 12,14. 1 Kor. 4,5. 2 Kor. 5,10. Matt. 25,31. f. Post. gb. 17,31. J\u00f3h. 5,22. f.  V. 17. e. Kap. 5,11. V. 18. Fil. 1,10.  V. 19. Matt. 15,14.  V. 21. S\u00e1lm. 50,16. fl. Matt. 23,3. f.  V. 23. f. Kap. 9,4.  V. 24. Es. 52,5. 1 T\u00edm. 6,1. 2 Sam. 12,14. Es. 36,20\u201323.  V. 26. a. S\u00e1 \u00f3umskorni.  V. 28. J\u00f3h. 8,39. R\u00f3m. 9,7. f.  V. 29. Gal. 6,15. 1 P\u00e9t. 3,4. 5 M\u00f3s. b. 10,16. 30,6. Jer. 4,4. Fil. 3,2.3. K\u00f3l. 2,11. 1 Kor. 4,5. 1 Tess. 2,4.<\/div>\n","protected":false},"excerpt":{"rendered":"<p>Gy\u00f0ingar, sem d\u00e6ma a\u00f0ra, munu ekki umfl\u00fdja d\u00f3m Gu\u00f0s, hv\u00f6r \u00e1n manngreinar\u00e1lits d\u00e6mir s\u00e9rhv\u00f6rn eftir hans verkum. \u00deeir hr\u00f3sa s\u00e9r forgefins af M\u00f3sis l\u00f6gm\u00e1li og umskurninni, \u00feegar \u00feeir ekki f\u00e6ra \u00feau s\u00e9r r\u00e9ttilega \u00ed nyt. 1\u00dear fyrir ertu \u00f3afsakanlegur, \u00f3 ma\u00f0ur! hv\u00f6r helst \u00fe\u00fa ert a), sem d\u00e6mir, \u00fev\u00ed a\u00f0 me\u00f0 \u00fev\u00ed \u00fe\u00fa annan b) d\u00e6mir, ford\u00e6mir \u00fe\u00fa sj\u00e1lfan \u00feig, \u00feegar \u00fe\u00fa, sem d\u00e6mir, gj\u00f6rir hi\u00f0 sama.2V\u00e9r vitum, a\u00f0 Gu\u00f0s d\u00f3mur er r\u00e9ttur yfir \u00feeim, sem \u00fev\u00edl\u00edkt gj\u00f6ra.3En \u00feenkir \u00fe\u00fa \u00fea\u00f0, \u00f3 ma\u00f0ur! \u00fe\u00fa sem d\u00e6mir \u00fe\u00e1, er \u00fev\u00edl\u00edkt gj\u00f6ra, og gj\u00f6rir hi\u00f0 sama, a\u00f0 \u00fe\u00fa munir umfl\u00fdja Gu\u00f0s d\u00f3m?4E\u00f0a <a href=\"https:\/\/biblian.is\/videy\/romverjabrefid-2-kafli\/\"> [&#8230;]<\/a><\/p>\n","protected":false},"author":1,"featured_media":0,"parent":0,"menu_order":0,"comment_status":"open","ping_status":"open","template":"bibliukaflar.php","meta":{"footnotes":""},"class_list":["post-21897","page","type-page","status-publish","hentry"],"_links":{"self":[{"href":"https:\/\/biblian.is\/videy\/wp-json\/wp\/v2\/pages\/21897","targetHints":{"allow":["GET"]}}],"collection":[{"href":"https:\/\/biblian.is\/videy\/wp-json\/wp\/v2\/pages"}],"about":[{"href":"https:\/\/biblian.is\/videy\/wp-json\/wp\/v2\/types\/page"}],"author":[{"embeddable":true,"href":"https:\/\/biblian.is\/videy\/wp-json\/wp\/v2\/users\/1"}],"replies":[{"embeddable":true,"href":"https:\/\/biblian.is\/videy\/wp-json\/wp\/v2\/comments?post=21897"}],"version-history":[{"count":0,"href":"https:\/\/biblian.is\/videy\/wp-json\/wp\/v2\/pages\/21897\/revisions"}],"wp:attachment":[{"href":"https:\/\/biblian.is\/videy\/wp-json\/wp\/v2\/media?parent=21897"}],"curies":[{"name":"wp","href":"https:\/\/api.w.org\/{rel}","templated":true}]}}