{"id":21893,"date":"2018-01-02T01:04:40","date_gmt":"2018-01-02T01:04:40","guid":{"rendered":"http:\/\/biblian.is\/videy\/postulasagan-26-kafli\/"},"modified":"2018-01-02T01:04:40","modified_gmt":"2018-01-02T01:04:40","slug":"postulasagan-26-kafli","status":"publish","type":"page","link":"https:\/\/biblian.is\/videy\/postulasagan-26-kafli\/","title":{"rendered":"Postulasagan 26. kafli"},"content":{"rendered":"<div class=\"fyrirsognVidey\">P\u00e1ll segir l\u00edfs\u00f6gu s\u00edna, fr\u00e1 \u00fev\u00ed hann snerist til kristni; Festus og Agrippa vi\u00f0urkenna sakleysi P\u00e1ls.<\/div>\n<p><a name=\"1\"><span class=\"versanumer\">1<\/span><\/a>Agrippa sag\u00f0i n\u00fa vi\u00f0 P\u00e1l: \u00fe\u00e9r leyfist a\u00f0 tala fyrir \u00feig. P\u00e1ll r\u00e9tti \u00fe\u00e1 \u00fat h\u00f6ndina og forsvara\u00f0i sig \u00feannig:<a name=\"2\"><span class=\"versanumer\">2<\/span><\/a>heppinn tel eg mig, Agrippa konungur! a\u00f0 mega \u00ed dag afsaka mig fyrir \u00fe\u00e9r, \u00e1hr\u00e6randi allt hva\u00f0 Gy\u00f0ingar \u00e1saka mig um;<a name=\"3\"><span class=\"versanumer\">3<\/span><\/a>helst af \u00fev\u00ed \u00fe\u00fa n\u00fa ert kunnugur \u00f6llum Gy\u00f0inga si\u00f0venjum og vafaspursm\u00e1lum, \u00feess vegna bi\u00f0 eg \u00feig \u00feolinm\u00f3\u00f0lega a\u00f0 heyra mig.<a name=\"4\"><span class=\"versanumer\">4<\/span><\/a>Mitt l\u00edf og dagfar fr\u00e1 barn\u00e6sku, \u00fear e\u00f0 eg hefi fr\u00e1 \u00f6ndver\u00f0u alist upp hj\u00e1 \u00fej\u00f3\u00f0 minni \u00ed Jer\u00fasalem, er \u00f6llum Gy\u00f0ingum kunnugt,<a name=\"5\"><span class=\"versanumer\">5<\/span><\/a>\u00fev\u00ed \u00feeir hafa fr\u00e1 upphafi \u00feekkt mig a\u00f0 \u00fev\u00ed <span class='VideyAth'>(vildu \u00feeir a\u00f0eins unna m\u00e9r sannm\u00e6lis)<\/span>, a\u00f0 eg hefi sem far\u00edseari lifa\u00f0 eftir reglum strangasta flokks vorrar tr\u00faar <span class='VideyAth'>a)<\/span>.<a name=\"6\"><span class=\"versanumer\">6<\/span><\/a>Og n\u00fa send eg undir l\u00f6gs\u00f3kn, vegna vonar \u00e1 \u00fev\u00ed fyrirheiti, er Gu\u00f0 gaf fe\u00f0rum vorum,<a name=\"7\"><span class=\"versanumer\">7<\/span><\/a>hv\u00f6rt vorir t\u00f3lf kyn\u00fe\u00e6ttir me\u00f0 kappsamri \u00fej\u00f3nkun Gu\u00f0s, n\u00f3tt og dag, v\u00e6nta a\u00f0 hreppa. Fyrir \u00feessa von \u00e1k\u00e6rist eg, Agrippa konungur! af Gy\u00f0ingum.<a name=\"8\"><span class=\"versanumer\">8<\/span><\/a>Hv\u00f6rninn getur \u00fea\u00f0 \u00e1litist \u00f3tr\u00falegt hj\u00e1 y\u00f0ur, a\u00f0 Gu\u00f0 uppveki dau\u00f0a?<a name=\"9\"><span class=\"versanumer\">9<\/span><\/a>A\u00f0 s\u00f6nnu \u00e1leit eg \u00fea\u00f0 sj\u00e1lfur skyldu m\u00edna, a\u00f0 fyrirtaka margt gegn nafni Jes\u00fa fr\u00e1 Nasaret.<a name=\"10\"><span class=\"versanumer\">10<\/span><\/a>\u00dea\u00f0 gj\u00f6r\u00f0a eg og \u00ed Jer\u00fasalem, \u00fev\u00ed eg hneppti \u00ed myrkvastofur marga kristna, eftir fenginni fullmakt fr\u00e1 prestah\u00f6f\u00f0ingjunum, \u00fear til, og gaf mitt j\u00e1kv\u00e6\u00f0i til, \u00feegar \u00fe\u00e1 skyldi l\u00edfl\u00e1ta,<a name=\"11\"><span class=\"versanumer\">11<\/span><\/a>og \u00ed \u00f6llum samkunduh\u00fasum l\u00e9t eg \u00feeim \u00fer\u00e1sinnis refsa, og neyddi \u00fe\u00e1 til a\u00f0 tala illa um <span class='VideyAth'>(Jes\u00fam)<\/span>. J\u00e1, svo frekt \u00e6dda eg gegn \u00feeim, a\u00f0 eg elti \u00fe\u00e1 til framandi borga.<a name=\"12\"><span class=\"versanumer\">12<\/span><\/a>\u00deegar eg \u00feessa erindis var \u00e1 fer\u00f0 til Damaskus, a\u00f0 fengnum fullkomnum myndugleika fr\u00e1 hinum \u00e6\u00f0stu prestum,<a name=\"13\"><span class=\"versanumer\">13<\/span><\/a>s\u00e1 eg, \u00f3 konungur! \u00e1 veginum, um mi\u00f0jan dag, lj\u00f3s fr\u00e1 himni, hv\u00f6rju s\u00f3lskini bjartara, leiftra um mig og \u00fe\u00e1, sem m\u00e9r voru samfer\u00f0a.<a name=\"14\"><span class=\"versanumer\">14<\/span><\/a>V\u00e9r duttum \u00fe\u00e1 allir til jar\u00f0ar, og \u00fe\u00e1 heyr\u00f0a eg r\u00f6dd, er vi\u00f0 mig tala\u00f0i og sag\u00f0i \u00e1 hebresku: S\u00e1l! S\u00e1l! hv\u00ed ofs\u00e6kir \u00fe\u00fa mig? erfitt ver\u00f0ur \u00fe\u00e9r a\u00f0 spyrna m\u00f3ti broddinum <span class='VideyAth'>a)<\/span>.<a name=\"15\"><span class=\"versanumer\">15<\/span><\/a>Eg spur\u00f0i: hv\u00f6r ert \u00fe\u00fa? Herra! hann svara\u00f0i: eg em Jes\u00fas, hv\u00f6rn \u00fe\u00fa ofs\u00e6kir.<a name=\"16\"><span class=\"versanumer\">16<\/span><\/a>En r\u00eds \u00fe\u00fa upp og statt \u00e1 \u00fe\u00ednar f\u00e6tur, \u00fev\u00ed til \u00feess vitra\u00f0ist eg \u00fe\u00e9r, a\u00f0 eg setti \u00feig til a\u00f0 vera \u00fej\u00f3n og vott a\u00f0 \u00fev\u00ed \u00fe\u00fa s\u00e1st, og a\u00f0 \u00fev\u00ed, eg enn mun l\u00e1ta \u00feig sj\u00e1.<a name=\"17\"><span class=\"versanumer\">17<\/span><\/a>Eg skal hr\u00edfa \u00feig fr\u00e1 f\u00f3lki \u00fe\u00ednu og fr\u00e1 hei\u00f0ingjunum,<a name=\"18\"><span class=\"versanumer\">18<\/span><\/a>til hv\u00f6rra eg n\u00fa senda \u00feig, til a\u00f0 opna augu \u00feeirra, svo \u00feeir sn\u00faist fr\u00e1 myrkri til lj\u00f3ss, fr\u00e1 Satans valdi til Gu\u00f0s, og \u00f6\u00f0list fyrirgefningu syndanna, samt hlutdeild me\u00f0 \u00feeim, er helga\u00f0ir eru fyrir tr\u00fana \u00e1 mig.<a name=\"19\"><span class=\"versanumer\">19<\/span><\/a>\u00deess vegna vilda eg ekki, Agrippa konungur, \u00feverskallast gegn sl\u00edkri himneskri opinberun,<a name=\"20\"><span class=\"versanumer\">20<\/span><\/a>heldur bo\u00f0a\u00f0i eg fyrst \u00feeim \u00ed Damaskus og s\u00ed\u00f0an \u00ed Jer\u00fasalem og um bygg\u00f0arl\u00f6g Gy\u00f0ingalands, og hei\u00f0ingjum, a\u00f0 menn skyldu taka sinna skipti og sn\u00faa s\u00e9r til Gu\u00f0s og vinna sambo\u00f0in verk i\u00f0runinni.<a name=\"21\"><span class=\"versanumer\">21<\/span><\/a>Fyrir \u00feessara hluta skuld gripu Gy\u00f0ingar mig \u00ed musterinu, og leitu\u00f0ust vi\u00f0, a\u00f0 svipta mig l\u00edfi;<a name=\"22\"><span class=\"versanumer\">22<\/span><\/a>en fyrir Gu\u00f0s fulltingi hefir m\u00e9r au\u00f0nast a\u00f0 standa heill allt til \u00feessa dags, og vitna b\u00e6\u00f0i fyrir sm\u00e1um og st\u00f3rum, \u00e1n \u00feess eg kenni anna\u00f0 en \u00fea\u00f0, sem sp\u00e1mennirnir og M\u00f3ses h\u00f6f\u00f0u sagt a\u00f0 ske mundi:<a name=\"23\"><span class=\"versanumer\">23<\/span><\/a>a\u00f0 Kristur skyldi p\u00ednast, a\u00f0 hann skyldi ver\u00f0a s\u00e1 fyrsti, er fr\u00e1 dau\u00f0um risi, og a\u00f0 hann skyldi kynna Gy\u00f0ingal\u00fd\u00f0 og hei\u00f0num \u00fej\u00f3\u00f0um lj\u00f3si\u00f0 <span class='VideyAth'>b)<\/span>.<br \/><a name=\"24\"><span class=\"versanumer\">24<\/span><\/a>\u00c1\u00f0ur en P\u00e1ll haf\u00f0i enda\u00f0 \u00feetta forsvar sitt, kalla\u00f0i Festus h\u00e1st\u00f6fum: galinn ert\u00fa or\u00f0inn, P\u00e1ll! s\u00e1 mikli l\u00e6rd\u00f3mur \u00e6rir \u00feig.<a name=\"25\"><span class=\"versanumer\">25<\/span><\/a>Hann svara\u00f0i: ekki em eg galinn, voldugi Festus! heldur framf\u00e6ri eg s\u00f6nn og g\u00e6tileg or\u00f0,<a name=\"26\"><span class=\"versanumer\">26<\/span><\/a>Konungurinn skilur \u00feetta, og vi\u00f0 hann tala eg \u00fev\u00ed einar\u00f0lega, af \u00fev\u00ed eg \u00feykist vita a\u00f0 honum s\u00e9 ekkert af \u00feessu huli\u00f0, \u00fev\u00ed \u00fea\u00f0 er ekki \u00ed afkima ske\u00f0 <span class='VideyAth'>c)<\/span>.<a name=\"27\"><span class=\"versanumer\">27<\/span><\/a>Tr\u00fair \u00fe\u00fa, Agrippa konungur! sp\u00e1m\u00f6nnunum? eg veit \u00fe\u00fa tr\u00fair \u00feeim.<a name=\"28\"><span class=\"versanumer\">28<\/span><\/a>En Agrippa ansa\u00f0i P\u00e1li h\u00e9r til: innan skamms f\u00e6r \u00fe\u00fa mig til a\u00f0 ver\u00f0a kristinn.<a name=\"29\"><span class=\"versanumer\">29<\/span><\/a>P\u00e1ll svara\u00f0i: \u00feess bi\u00f0 eg Gu\u00f0, hv\u00f6rt \u00feess er lengur e\u00f0ur skemur a\u00f0 b\u00ed\u00f0a, a\u00f0 ekki einungis \u00fe\u00fa, heldur og allir, sem til m\u00edn heyra \u00ed dag, ver\u00f0i \u00fev\u00edl\u00edkir sem eg, a\u00f0 undanteknum \u00feessum fj\u00f6trum.<a name=\"30\"><span class=\"versanumer\">30<\/span><\/a>N\u00fa st\u00f3\u00f0 konungurinn upp og landstj\u00f3rnarinn og Bern\u00edke og \u00feeir, e\u00f0 hj\u00e1 \u00feeim s\u00e1tu;<a name=\"31\"><span class=\"versanumer\">31<\/span><\/a>og \u00fe\u00e1 \u00feeir voru burt gengnir, t\u00f6lu\u00f0u \u00feeir s\u00edn \u00e1 milli og s\u00f6g\u00f0u: \u00feessi ma\u00f0ur hefir ekkert frami\u00f0, sem dau\u00f0a s\u00e9 vert e\u00f0ur banda.<a name=\"32\"><span class=\"versanumer\">32<\/span><\/a>En Agrippa sag\u00f0i vi\u00f0 Festus: \u00feessum manni hef\u00f0i m\u00e1tt sleppa, ef hann hef\u00f0i ekki skoti\u00f0 s\u00e9r fyrir keisarann.<\/p>\n<div class=\"footnoteVidey\">V. 5. a. Nl. far\u00edseaflokksins.  V. 14. a. \u00de. e. a\u00f0 setja \u00feig m\u00f3ti m\u00ednu veldi.  V. 23. b. Algj\u00f6r\u00f0ari Gu\u00f0s \u00feekkingu.  V. 26. c. Jes\u00fa dau\u00f0i og upprisa og sp\u00e1mannanna sp\u00e1d\u00f3mar voru \u00f6llum alkunnir, v. 22, 23.  V. 28. \u00deetta segir Agrippa \u00ed skopi.<\/div>\n","protected":false},"excerpt":{"rendered":"<p>P\u00e1ll segir l\u00edfs\u00f6gu s\u00edna, fr\u00e1 \u00fev\u00ed hann snerist til kristni; Festus og Agrippa vi\u00f0urkenna sakleysi P\u00e1ls. 1Agrippa sag\u00f0i n\u00fa vi\u00f0 P\u00e1l: \u00fe\u00e9r leyfist a\u00f0 tala fyrir \u00feig. P\u00e1ll r\u00e9tti \u00fe\u00e1 \u00fat h\u00f6ndina og forsvara\u00f0i sig \u00feannig:2heppinn tel eg mig, Agrippa konungur! a\u00f0 mega \u00ed dag afsaka mig fyrir \u00fe\u00e9r, \u00e1hr\u00e6randi allt hva\u00f0 Gy\u00f0ingar \u00e1saka mig um;3helst af \u00fev\u00ed \u00fe\u00fa n\u00fa ert kunnugur \u00f6llum Gy\u00f0inga si\u00f0venjum og vafaspursm\u00e1lum, \u00feess vegna bi\u00f0 eg \u00feig \u00feolinm\u00f3\u00f0lega a\u00f0 heyra mig.4Mitt l\u00edf og dagfar fr\u00e1 barn\u00e6sku, \u00fear e\u00f0 eg hefi fr\u00e1 \u00f6ndver\u00f0u alist upp hj\u00e1 \u00fej\u00f3\u00f0 minni \u00ed Jer\u00fasalem, er \u00f6llum Gy\u00f0ingum kunnugt,5\u00fev\u00ed \u00feeir hafa <a href=\"https:\/\/biblian.is\/videy\/postulasagan-26-kafli\/\"> [&#8230;]<\/a><\/p>\n","protected":false},"author":1,"featured_media":0,"parent":0,"menu_order":0,"comment_status":"open","ping_status":"open","template":"bibliukaflar.php","meta":{"footnotes":""},"class_list":["post-21893","page","type-page","status-publish","hentry"],"_links":{"self":[{"href":"https:\/\/biblian.is\/videy\/wp-json\/wp\/v2\/pages\/21893","targetHints":{"allow":["GET"]}}],"collection":[{"href":"https:\/\/biblian.is\/videy\/wp-json\/wp\/v2\/pages"}],"about":[{"href":"https:\/\/biblian.is\/videy\/wp-json\/wp\/v2\/types\/page"}],"author":[{"embeddable":true,"href":"https:\/\/biblian.is\/videy\/wp-json\/wp\/v2\/users\/1"}],"replies":[{"embeddable":true,"href":"https:\/\/biblian.is\/videy\/wp-json\/wp\/v2\/comments?post=21893"}],"version-history":[{"count":0,"href":"https:\/\/biblian.is\/videy\/wp-json\/wp\/v2\/pages\/21893\/revisions"}],"wp:attachment":[{"href":"https:\/\/biblian.is\/videy\/wp-json\/wp\/v2\/media?parent=21893"}],"curies":[{"name":"wp","href":"https:\/\/api.w.org\/{rel}","templated":true}]}}