{"id":21891,"date":"2018-01-02T01:04:40","date_gmt":"2018-01-02T01:04:40","guid":{"rendered":"http:\/\/biblian.is\/videy\/postulasagan-24-kafli\/"},"modified":"2018-01-02T01:04:40","modified_gmt":"2018-01-02T01:04:40","slug":"postulasagan-24-kafli","status":"publish","type":"page","link":"https:\/\/biblian.is\/videy\/postulasagan-24-kafli\/","title":{"rendered":"Postulasagan 24. kafli"},"content":{"rendered":"<div class=\"fyrirsognVidey\">Gy\u00f0ingar \u00e1klaga P\u00e1l, en hann forsvarar sig kr\u00f6ftuglega; Felix skelfist vi\u00f0 r\u00e6\u00f0u P\u00e1ls, og skilur hann loks eftir \u00ed b\u00f6ndum.<\/div>\n<p><a name=\"1\"><span class=\"versanumer\">1<\/span><\/a>Fimm d\u00f6gum s\u00ed\u00f0ar f\u00f3r af sta\u00f0 \u00e6\u00f0sti presturinn Anan\u00edas me\u00f0 \u00f6ldungunum og m\u00e6lskumanni nokkrum, er h\u00e9t Tert\u00fallus og \u00feessir m\u00e6ttu fyrir landsh\u00f6f\u00f0ingjanum gegn P\u00e1li.<a name=\"2\"><span class=\"versanumer\">2<\/span><\/a>\u00de\u00e1 b\u00fai\u00f0 var a\u00f0 kalla hann fyrir, byrja\u00f0i Tert\u00fallus s\u00edna \u00e1k\u00e6ru svo m\u00e6landi:<a name=\"3\"><span class=\"versanumer\">3<\/span><\/a>mikils fri\u00f0ar erum v\u00e9r or\u00f0nir a\u00f0nj\u00f3tandi fyrir \u00fe\u00edna tilstilli og margar g\u00f3\u00f0ar tilskipanir \u00e1 \u00feessi \u00fej\u00f3\u00f0 \u00feinni umsj\u00e1 a\u00f0 \u00feakka, voldugasti Felix! \u00feetta j\u00e1tum v\u00e9r \u00e1 hverjum sta\u00f0 og stundu \u00feakkl\u00e1tlega;<a name=\"4\"><span class=\"versanumer\">4<\/span><\/a>en a\u00f0 eg \u00f3n\u00e1\u00f0i \u00feig sem skemst, bi\u00f0 eg a\u00f0 \u00fe\u00fa, eftir mildi \u00feinni, viljir heyra oss stuttlega.<a name=\"5\"><span class=\"versanumer\">5<\/span><\/a>\u00dear e\u00f0 v\u00e9r h\u00f6fum fundi\u00f0 \u00feenna mann ska\u00f0v\u00e6nan, sem dreps\u00f3tt, \u00fev\u00ed hann vekur \u00f3r\u00f3a me\u00f0al allra Gy\u00f0inga um alla v\u00ed\u00f0a ver\u00f6ld og er oddviti hins na\u00f0verska villuflokks,<a name=\"6\"><span class=\"versanumer\">6<\/span><\/a>og hefir jafnvel r\u00e1\u00f0ist \u00ed a\u00f0 vanhelga musteri\u00f0; \u00fe\u00e1 t\u00f3kum v\u00e9r hann fastan og vildum hafa d\u00e6mt hann samkv\u00e6mt vorum l\u00f6gum;<a name=\"7\"><span class=\"versanumer\">7<\/span><\/a>en \u00fe\u00fashundra\u00f0sh\u00f6f\u00f0inginn Lys\u00edas kom \u00fe\u00e1 a\u00f0, og me\u00f0 miklu ofr\u00edki \u00fereif hann \u00far vorum h\u00f6ndum,<a name=\"8\"><span class=\"versanumer\">8<\/span><\/a>og skipa\u00f0i hans \u00e1kl\u00f6gurum a\u00f0 fara til \u00fe\u00edn, og af honum getur <span class='VideyAth'>b)<\/span> \u00fe\u00fa, \u00feegar \u00fe\u00fa spyr hann, fengi\u00f0 sj\u00e1lfur a\u00f0 vita allt \u00fea\u00f0, sem v\u00e9r \u00e1k\u00e6rum hann um.<a name=\"9\"><span class=\"versanumer\">9<\/span><\/a>Gy\u00f0ingarnir \u00e1k\u00e6r\u00f0u P\u00e1l l\u00edka me\u00f0 honum <span class='VideyAth'>c)<\/span>, og s\u00f6g\u00f0u \u00feetta svo vera.<a name=\"10\"><span class=\"versanumer\">10<\/span><\/a>En P\u00e1ll svara\u00f0i, \u00fe\u00e1 landh\u00f6f\u00f0inginn haf\u00f0i bent honum a\u00f0 tala: \u00fear eg veit, a\u00f0 \u00fe\u00fa \u00ed m\u00f6rg \u00e1r hefir veri\u00f0 d\u00f3mari \u00feessarar \u00fej\u00f3\u00f0ar, mun eg \u00feess \u00f6ruggar forsvara mig;<a name=\"11\"><span class=\"versanumer\">11<\/span><\/a>me\u00f0 \u00fev\u00ed \u00fe\u00fa getur fengi\u00f0 a\u00f0 vita, a\u00f0 \u00fea\u00f0 eru ekki meir en t\u00f3lf dagar s\u00ed\u00f0an eg kom til Jer\u00fasalem a\u00f0 bi\u00f0jast fyrir,<a name=\"12\"><span class=\"versanumer\">12<\/span><\/a>og \u00fe\u00e1 hittu \u00feeir mig, hv\u00f6rki \u00ed or\u00f0a\u00fer\u00e6tu vi\u00f0 nokkurn mann, n\u00e9 \u00e6sandi f\u00f3lk til \u00f3spekta, hv\u00f6rki \u00ed musterinu, n\u00e9 \u00ed samkunduh\u00fasunum, n\u00e9 annarssta\u00f0ar \u00ed borginni,<a name=\"13\"><span class=\"versanumer\">13<\/span><\/a>og ekki heldur geta \u00feeir sanna\u00f0 \u00fea\u00f0, sem \u00feeir n\u00fa \u00e1k\u00e6ra mig um.<a name=\"14\"><span class=\"versanumer\">14<\/span><\/a>En \u00feetta j\u00e1ta eg \u00fe\u00e9r, a\u00f0 eg \u00fej\u00f3na Gu\u00f0i fe\u00f0ra minna, samkv\u00e6mt \u00feeirri tr\u00fa, sem \u00feeir kalla villud\u00f3m, og tr\u00fai \u00f6llu, sem skrifa\u00f0 stendur \u00ed l\u00f6gm\u00e1linu og sp\u00e1m\u00f6nnunum,<a name=\"15\"><span class=\"versanumer\">15<\/span><\/a>hafandi \u00fe\u00e1 von til Gu\u00f0s, hv\u00f6rja \u00feeir og sj\u00e1lfir hafa, a\u00f0 framli\u00f0nir muni uppr\u00edsa, b\u00e6\u00f0i vondir menn og g\u00f3\u00f0ir.<a name=\"16\"><span class=\"versanumer\">16<\/span><\/a>\u00dev\u00ed \u00e6si eg l\u00edka sj\u00e1lfan mig \u00ed \u00fev\u00ed a\u00f0 hafa jafnan \u00f3flekka\u00f0a samvisku, b\u00e6\u00f0i fyrir Gu\u00f0i og m\u00f6nnum.<a name=\"17\"><span class=\"versanumer\">17<\/span><\/a>Eg kom eftir fleiri \u00e1ra burtuveru <span class='VideyAth'>a)<\/span> me\u00f0 \u00f6lmusugjafir handa \u00fej\u00f3\u00f0 minni.<a name=\"18\"><span class=\"versanumer\">18<\/span><\/a>Me\u00f0an eg var a\u00f0 \u00feessu og var n\u00fdb\u00fainn a\u00f0 hreinsa mig \u00ed musterinu, hittu mig ekki me\u00f0 mannmerg\u00f0 n\u00e9 \u00f3r\u00f3a<a name=\"19\"><span class=\"versanumer\">19<\/span><\/a>nokkrir Gy\u00f0ingar fr\u00e1 As\u00edu, hv\u00f6rjir a\u00f0 hef\u00f0u \u00e1tt m\u00e6ta hj\u00e1 \u00fe\u00e9r, og \u00e1k\u00e6ra, ef nokku\u00f0 hef\u00f0u haft m\u00e9r \u00e1 m\u00f3ti.<a name=\"20\"><span class=\"versanumer\">20<\/span><\/a>E\u00f0ur segi \u00feessir sj\u00e1lfir til, hva\u00f0 \u00feeir hafi fundi\u00f0 sakn\u00e6mt hj\u00e1 m\u00e9r, \u00feegar eg st\u00f3\u00f0 fyrir r\u00e1\u00f0inu,<a name=\"21\"><span class=\"versanumer\">21<\/span><\/a>utan \u00fea\u00f0 s\u00e9 \u00feetta eina or\u00f0, er eg kva\u00f0 upp me\u00f0, \u00feegar eg st\u00f3\u00f0 milli \u00feeirra: eg l\u00f6gs\u00e6kist \u00ed dag af y\u00f0ur, s\u00f6kum upprisu framli\u00f0inna.<a name=\"22\"><span class=\"versanumer\">22<\/span><\/a>Felix skaut n\u00fa m\u00e1linu \u00e1 frest, uns hann \u00feekkti gj\u00f6r \u00feenna l\u00e6rd\u00f3m\u2014og sag\u00f0i: \u00feegar \u00fe\u00fashundra\u00f0sh\u00f6f\u00f0inginn Lys\u00edas kemur, skal eg skera \u00far m\u00e1li y\u00f0ar.<a name=\"23\"><span class=\"versanumer\">23<\/span><\/a>Og undir eins bau\u00f0 hann hundra\u00f0sh\u00f6f\u00f0ingjanum a\u00f0 var\u00f0veita P\u00e1l, en halda honum ekki bundnum og banna engum hans a\u00f0 \u00fej\u00f3na honum e\u00f0ur koma til hans.<br \/><a name=\"24\"><span class=\"versanumer\">24<\/span><\/a>Nokkrum d\u00f6gum seinna kom Felix, me\u00f0 konu sinni Dr\u00fasillu, sem var Gy\u00f0inga\u00e6ttar, og l\u00e9t s\u00e6kja P\u00e1l, og heyr\u00f0i hann um tr\u00fana \u00e1hr\u00e6randi Krist.<a name=\"25\"><span class=\"versanumer\">25<\/span><\/a>En er P\u00e1ll kom \u00e1 tal um r\u00e9ttl\u00e6ti, bindindi og tilvonandi d\u00f3m, skelfdist Felix og m\u00e6lti: far burt a\u00f0 sinni; \u00feegar eg f\u00e6 t\u00f3m, mun eg l\u00e1ta kalla \u00feig aftur.<a name=\"26\"><span class=\"versanumer\">26<\/span><\/a>Me\u00f0fram v\u00e6nti hann, a\u00f0 P\u00e1ll mundi gefa s\u00e9r f\u00e9 til a\u00f0 losast, \u00feess vegna l\u00e9t hann og oft kalla \u00e1 hann, og \u00e1tti vi\u00f0 hann samr\u00e6\u00f0ur.<a name=\"27\"><span class=\"versanumer\">27<\/span><\/a>A\u00f0 li\u00f0num tveim \u00e1rum, kom Pors\u00edus Festus \u00ed sta\u00f0 Felix til valda, og til a\u00f0 s\u00fdna Gy\u00f0ingum velvild, eftirskildi Felix P\u00e1l fj\u00f6tra\u00f0an.<\/p>\n<div class=\"footnoteVidey\">V. 8. b. \u00de. e. af P\u00e1li sj\u00e1lfum.  V. 9. c. Honum, nl. Tert\u00fallus.  V. 17. a. Nefnil. til Jer\u00fasalem.<\/div>\n","protected":false},"excerpt":{"rendered":"<p>Gy\u00f0ingar \u00e1klaga P\u00e1l, en hann forsvarar sig kr\u00f6ftuglega; Felix skelfist vi\u00f0 r\u00e6\u00f0u P\u00e1ls, og skilur hann loks eftir \u00ed b\u00f6ndum. 1Fimm d\u00f6gum s\u00ed\u00f0ar f\u00f3r af sta\u00f0 \u00e6\u00f0sti presturinn Anan\u00edas me\u00f0 \u00f6ldungunum og m\u00e6lskumanni nokkrum, er h\u00e9t Tert\u00fallus og \u00feessir m\u00e6ttu fyrir landsh\u00f6f\u00f0ingjanum gegn P\u00e1li.2\u00de\u00e1 b\u00fai\u00f0 var a\u00f0 kalla hann fyrir, byrja\u00f0i Tert\u00fallus s\u00edna \u00e1k\u00e6ru svo m\u00e6landi:3mikils fri\u00f0ar erum v\u00e9r or\u00f0nir a\u00f0nj\u00f3tandi fyrir \u00fe\u00edna tilstilli og margar g\u00f3\u00f0ar tilskipanir \u00e1 \u00feessi \u00fej\u00f3\u00f0 \u00feinni umsj\u00e1 a\u00f0 \u00feakka, voldugasti Felix! \u00feetta j\u00e1tum v\u00e9r \u00e1 hverjum sta\u00f0 og stundu \u00feakkl\u00e1tlega;4en a\u00f0 eg \u00f3n\u00e1\u00f0i \u00feig sem skemst, bi\u00f0 eg a\u00f0 \u00fe\u00fa, eftir mildi \u00feinni, viljir <a href=\"https:\/\/biblian.is\/videy\/postulasagan-24-kafli\/\"> [&#8230;]<\/a><\/p>\n","protected":false},"author":1,"featured_media":0,"parent":0,"menu_order":0,"comment_status":"open","ping_status":"open","template":"bibliukaflar.php","meta":{"footnotes":""},"class_list":["post-21891","page","type-page","status-publish","hentry"],"_links":{"self":[{"href":"https:\/\/biblian.is\/videy\/wp-json\/wp\/v2\/pages\/21891","targetHints":{"allow":["GET"]}}],"collection":[{"href":"https:\/\/biblian.is\/videy\/wp-json\/wp\/v2\/pages"}],"about":[{"href":"https:\/\/biblian.is\/videy\/wp-json\/wp\/v2\/types\/page"}],"author":[{"embeddable":true,"href":"https:\/\/biblian.is\/videy\/wp-json\/wp\/v2\/users\/1"}],"replies":[{"embeddable":true,"href":"https:\/\/biblian.is\/videy\/wp-json\/wp\/v2\/comments?post=21891"}],"version-history":[{"count":0,"href":"https:\/\/biblian.is\/videy\/wp-json\/wp\/v2\/pages\/21891\/revisions"}],"wp:attachment":[{"href":"https:\/\/biblian.is\/videy\/wp-json\/wp\/v2\/media?parent=21891"}],"curies":[{"name":"wp","href":"https:\/\/api.w.org\/{rel}","templated":true}]}}