{"id":21890,"date":"2018-01-02T01:04:40","date_gmt":"2018-01-02T01:04:40","guid":{"rendered":"http:\/\/biblian.is\/videy\/postulasagan-23-kafli\/"},"modified":"2018-01-02T01:04:40","modified_gmt":"2018-01-02T01:04:40","slug":"postulasagan-23-kafli","status":"publish","type":"page","link":"https:\/\/biblian.is\/videy\/postulasagan-23-kafli\/","title":{"rendered":"Postulasagan 23. kafli"},"content":{"rendered":"<div class=\"fyrirsognVidey\">P\u00e1ll vitnar um s\u00edna g\u00f3\u00f0u samvisku, en f\u00e6r kinnhest; talar um upprisuna, \u00fat af hv\u00f6rju Gy\u00f0ingar ver\u00f0a sundur\u00feykkir; herstj\u00f3rinn setur hann \u00ed kastalann; Gu\u00f0 hughreystir hann; Gy\u00f0inga r\u00e1\u00f0abrugg gegn P\u00e1li ver\u00f0ur uppv\u00edst; herstj\u00f3rinn sendir hann til landstj\u00f3rnarans Felix \u00ed Sesareu.<\/div>\n<p><a name=\"1\"><span class=\"versanumer\">1<\/span><\/a>P\u00e1ll hvessti augun \u00e1 r\u00e1\u00f0i\u00f0 og m\u00e6lti: br\u00e6\u00f0ur! eg hefi hvervetna me\u00f0 g\u00f3\u00f0ri samvisku heg\u00f0a\u00f0 m\u00e9r fyrir Gu\u00f0i, allt til \u00feessa dags.<a name=\"2\"><span class=\"versanumer\">2<\/span><\/a>\u00c6\u00f0sti presturinn Anan\u00edas skipa\u00f0i \u00feeim, er hj\u00e1 P\u00e1li st\u00f3\u00f0u, a\u00f0 lj\u00f3sta hann \u00e1 munninn.<a name=\"3\"><span class=\"versanumer\">3<\/span><\/a>P\u00e1ll sag\u00f0i \u00fe\u00e1 til hans: Gu\u00f0 mun lj\u00f3sta \u00feig, \u00fe\u00fa kalka\u00f0i veggur! <span class='VideyAth'>a)<\/span>\u2014\u00fe\u00fa situr h\u00e9r sem d\u00f3mari minn samkv\u00e6mt l\u00f6gm\u00e1linu, en skipar m\u00f3ti l\u00f6gum a\u00f0 sl\u00e1 mig.<a name=\"4\"><span class=\"versanumer\">4<\/span><\/a>\u00de\u00e1 s\u00f6g\u00f0u \u00feeir, sem hj\u00e1 st\u00f3\u00f0u: atyr\u00f0ir \u00fe\u00fa ypparsta prest Gu\u00f0s?<a name=\"5\"><span class=\"versanumer\">5<\/span><\/a>ekki vissa eg\u2014svara\u00f0i P\u00e1ll\u2014a\u00f0 \u00fea\u00f0 v\u00e6ri prestah\u00f6f\u00f0inginn; \u00fev\u00ed skrifa\u00f0 <span class='VideyAth'>b)<\/span> er: \u00fe\u00fa skalt ekki illm\u00e6la h\u00f6f\u00f0ingja \u00fe\u00edns f\u00f3lks.<a name=\"6\"><span class=\"versanumer\">6<\/span><\/a>\u00dear e\u00f0 P\u00e1ll vissi, a\u00f0 nokkrir voru sad\u00fasear, en nokkrir farisear, \u00fe\u00e1 sag\u00f0i hann h\u00e1tt \u00ed r\u00e1\u00f0inu: g\u00f3\u00f0ir menn og br\u00e6\u00f0ur! eg em fariseari og fariseara sonur.<a name=\"7\"><span class=\"versanumer\">7<\/span><\/a>Fyrir vonina <span class='VideyAth'>c)<\/span> og upprisu dau\u00f0ra l\u00f6gs\u00e6kist eg. A\u00f0 svo m\u00e6ltu var\u00f0 sundur\u00feykki milli far\u00edseanna og sad\u00faseanna og \u00feingheimurinn sundra\u00f0ist;<a name=\"8\"><span class=\"versanumer\">8<\/span><\/a>\u00fev\u00ed sad\u00fasear segja ekki s\u00e9 til upprisa framli\u00f0inna, n\u00e9 engill, n\u00e9 andi, en farisearnir vi\u00f0urkenna hv\u00f6rttveggja.<a name=\"9\"><span class=\"versanumer\">9<\/span><\/a>N\u00fa var\u00f0 h\u00e1va\u00f0i mikill; \u00feeir skriftl\u00e6r\u00f0u af far\u00edseanna flokki g\u00e1fu sig fram, f\u00e6r\u00f0u n\u00fa m\u00e1l sitt me\u00f0 kappi og s\u00f6g\u00f0u: ekkert illt finnum v\u00e9r \u00e1 \u00feessum manni, \u00fe\u00f3 hann beri fram, a\u00f0 andi hafi tala\u00f0 vi\u00f0 sig e\u00f0ur engill. <br \/><a name=\"10\"><span class=\"versanumer\">10<\/span><\/a>En er sundurlyndi\u00f0 var\u00f0 svo miki\u00f0, a\u00f0 \u00fe\u00fashundra\u00f0sh\u00f6f\u00f0inginn \u00f3tta\u00f0ist, a\u00f0 \u00feeir mundu sundursl\u00edta P\u00e1l, skipa\u00f0i hann herli\u00f0inu a\u00f0 fara ni\u00f0ur, til a\u00f0 hr\u00edfa hann fr\u00e1 \u00feeim, og flytja \u00ed herb\u00fa\u00f0irnar.<a name=\"11\"><span class=\"versanumer\">11<\/span><\/a>N\u00f3ttina eftir st\u00f3\u00f0 Drottinn hj\u00e1 honum og sag\u00f0i: vertu hughraustur! \u00fev\u00ed a\u00f0 l\u00edka sem \u00fe\u00fa hefir vitna\u00f0 um mig \u00ed Jer\u00fasalem, svo ber \u00fe\u00e9r einninn a\u00f0 vitna \u00ed R\u00f3m. <br \/><a name=\"12\"><span class=\"versanumer\">12<\/span><\/a>\u00deegar daga\u00f0i, gj\u00f6r\u00f0u Gy\u00f0ingar samt\u00f6k og heitstrengdu me\u00f0 d\u00fdrasta ei\u00f0i, a\u00f0 \u00feeir skyldu ekki eta n\u00e9 drekka fyrr enn \u00feeir hef\u00f0u P\u00e1l af d\u00f6gum r\u00e1\u00f0i\u00f0,<a name=\"13\"><span class=\"versanumer\">13<\/span><\/a>og v\u00f3ru \u00feeir yfir fj\u00f6rut\u00edu, sem bundist h\u00f6f\u00f0u \u00ed \u00feenna svardaga.<a name=\"14\"><span class=\"versanumer\">14<\/span><\/a>\u00deessir f\u00f3ru \u00e1 fund prestah\u00f6f\u00f0ingjanna og \u00f6ldunganna og s\u00f6g\u00f0u: v\u00e9r h\u00f6fum h\u00e1t\u00ed\u00f0lega form\u00e6lt oss, a\u00f0 neyta einkis, fyrri en v\u00e9r h\u00f6fum P\u00e1l af l\u00edfi teki\u00f0.<a name=\"15\"><span class=\"versanumer\">15<\/span><\/a>Bei\u00f0ist n\u00fa \u00e1samt me\u00f0 r\u00e1\u00f0inu opinberlega af \u00fe\u00fashundra\u00f0sh\u00f6f\u00f0ingjanum, a\u00f0 hann l\u00e1ti lei\u00f0a P\u00e1l ni\u00f0ur fyrir y\u00f0ur \u00e1 morgun, \u00fear e\u00f0 \u00fe\u00e9r \u00e6tli\u00f0 greinilegar a\u00f0 rannsaka m\u00e1l hans; en v\u00e9r erum rei\u00f0ub\u00fanir a\u00f0 r\u00e1\u00f0a hann af d\u00f6gum, \u00e1\u00f0ur en hann kemst til y\u00f0ar.<a name=\"16\"><span class=\"versanumer\">16<\/span><\/a>\u00deessa svikr\u00e6\u00f0is var\u00f0 \u00e1heyrsla systursonur P\u00e1ls, t\u00f3k sig \u00fev\u00ed til og f\u00f3r \u00ed herb\u00fa\u00f0irnar, a\u00f0 segja P\u00e1li fr\u00e1.<a name=\"17\"><span class=\"versanumer\">17<\/span><\/a>En P\u00e1ll kalla\u00f0i \u00e1 einn hundra\u00f0sh\u00f6f\u00f0ingjanna og m\u00e6lti: fylg \u00feessu ungmenni til \u00fe\u00fashundra\u00f0sh\u00f6f\u00f0ingjans, \u00fev\u00ed hann hefir nokku\u00f0 a\u00f0 segja honum.<a name=\"18\"><span class=\"versanumer\">18<\/span><\/a>Hundra\u00f0sh\u00f6f\u00f0inginn t\u00f3k ungmenni\u00f0 me\u00f0 s\u00e9r, f\u00f3r me\u00f0 hann til \u00fe\u00fashundra\u00f0sh\u00f6f\u00f0ingjans og sag\u00f0i: bandinginn P\u00e1ll kalla\u00f0i mig til s\u00edn, og ba\u00f0 mig f\u00e6ra \u00fe\u00e9r \u00feenna svein, er hef\u00f0i nokku\u00f0 a\u00f0 segja \u00fe\u00e9r.<a name=\"19\"><span class=\"versanumer\">19<\/span><\/a>\u00de\u00fashundra\u00f0sh\u00f6f\u00f0inginn t\u00f3k \u00fe\u00e1 sveininn vi\u00f0 h\u00f6nd, v\u00e9k honum afs\u00ed\u00f0is og spur\u00f0i: hva\u00f0 er \u00fea\u00f0, sem \u00fe\u00fa hefir a\u00f0 augl\u00fdsa m\u00e9r?<a name=\"20\"><span class=\"versanumer\">20<\/span><\/a>Hinn svara\u00f0i: Gy\u00f0ingar hafa komi\u00f0 s\u00e9r saman um a\u00f0 bi\u00f0ja \u00feig a\u00f0 f\u00e6ra P\u00e1l \u00e1 morgun fyrir r\u00e1\u00f0i\u00f0, \u00fear e\u00f0 \u00feeir \u00e6tli \u00fdtarlegar a\u00f0 yfirheyra hann;<a name=\"21\"><span class=\"versanumer\">21<\/span><\/a>en l\u00e1t \u00fe\u00fa ekki a\u00f0 or\u00f0um \u00feeirra, \u00fev\u00ed af \u00feeim sitja um P\u00e1l yfir fj\u00f6rut\u00edu manns, hv\u00f6rjir e\u00f0 hafa svari\u00f0 sig um a\u00f0 eta hv\u00f6rki n\u00e9 drekka, fyrri en \u00feeir hafi fyrirkomi\u00f0 honum, og \u00feeir eru \u00feegar rei\u00f0ub\u00fanir, og b\u00ed\u00f0a eftir bo\u00f0um fr\u00e1 \u00fe\u00e9r.<a name=\"22\"><span class=\"versanumer\">22<\/span><\/a>\u00de\u00fashundra\u00f0sh\u00f6f\u00f0inginn l\u00e9t hinn unga mann fara, en banna\u00f0i honum a\u00f0 segja nokkrum manni fr\u00e1, a\u00f0 hann hef\u00f0i opinbera\u00f0 s\u00e9r \u00feetta.<a name=\"23\"><span class=\"versanumer\">23<\/span><\/a>Kalla\u00f0i svo \u00e1 einhverja tvo hundra\u00f0sh\u00f6f\u00f0ingja og sag\u00f0i: b\u00fai\u00f0 \u00fat tv\u00f6 hundru\u00f0 str\u00ed\u00f0smenn, a\u00f0 \u00feeir fari til Sesareu, sj\u00f6t\u00edu riddara og tv\u00f6hundru\u00f0 skotmenn, eftir fyrstu eykt n\u00e6tur;<a name=\"24\"><span class=\"versanumer\">24<\/span><\/a>hafi\u00f0 og til rei\u00f0u fararskj\u00f3ta handa P\u00e1li, svo hann komist heill til landstj\u00f3rnarans Felix.<a name=\"25\"><span class=\"versanumer\">25<\/span><\/a>Hann skrifa\u00f0i og br\u00e9f \u00feessa innihalds:<a name=\"26\"><span class=\"versanumer\">26<\/span><\/a>\u201eKl\u00e1d\u00edus Lys\u00edas heilsar enum volduga landstj\u00f3rnara Felix.<a name=\"27\"><span class=\"versanumer\">27<\/span><\/a>\u00deenna mann h\u00f6f\u00f0u Gy\u00f0ingar handteki\u00f0 og \u00e6tlu\u00f0u a\u00f0 l\u00edfl\u00e1ta, en eg kom \u00fe\u00e1 a\u00f0 me\u00f0 str\u00ed\u00f0sf\u00f3lkinu og sleit hann af \u00feeim, eftir a\u00f0 eg var\u00f0 \u00feess v\u00eds, a\u00f0 hann v\u00e6ri r\u00f3mverskur.<a name=\"28\"><span class=\"versanumer\">28<\/span><\/a>En \u00fear e\u00f0 eg vildi vita, fyrir hv\u00f6rja s\u00f6k \u00feeir \u00e1k\u00e6r\u00f0u hann,<a name=\"29\"><span class=\"versanumer\">29<\/span><\/a>leidda eg hann fyrir \u00feeirra r\u00e1\u00f0, og fann \u00fe\u00e1, a\u00f0 sakargiftin \u00e1hr\u00e6r\u00f0i vafaspursm\u00e1l \u00ed \u00feeirra l\u00f6gum, en engan misverkna\u00f0, sem dau\u00f0a v\u00e6ri ver\u00f0ur e\u00f0ur banda.<a name=\"30\"><span class=\"versanumer\">30<\/span><\/a>En \u00feegar eg f\u00e9kk v\u00edsbending um a\u00f0 Gy\u00f0ingar s\u00e6tu \u00e1 svikr\u00e1\u00f0um vi\u00f0 mann \u00feenna, senda eg hann tafarlaust til \u00fe\u00edn, og hefi bo\u00f0i\u00f0 hans \u00e1kl\u00f6gurum a\u00f0 framf\u00e6ra fyrir \u00fe\u00e9r \u00fea\u00f0, sem \u00feeir hef\u00f0u \u00e1 m\u00f3ti honum. Vegni \u00fe\u00e9r vel!\u201c<a name=\"31\"><span class=\"versanumer\">31<\/span><\/a>Str\u00ed\u00f0smennirnir t\u00f3ku n\u00fa P\u00e1l, eins og \u00feeim var sagt, og fluttu hann um n\u00f3ttina til Ant\u00edpatris <span class='VideyAth'>a)<\/span>.<a name=\"32\"><span class=\"versanumer\">32<\/span><\/a>Daginn eftir l\u00e9tu \u00feeir riddarali\u00f0i\u00f0 fara me\u00f0 honum, en sneru aftur til kastalans.<a name=\"33\"><span class=\"versanumer\">33<\/span><\/a>Hinir h\u00e9ldu \u00e1fram til Sesareu og afhentu landstj\u00f3rnaranum P\u00e1l, \u00e1samt br\u00e9finu.<a name=\"34\"><span class=\"versanumer\">34<\/span><\/a>Felix las br\u00e9fi\u00f0, spur\u00f0i P\u00e1l: \u00far hv\u00f6rju landsh\u00f6f\u00f0ingja d\u00e6mi hann v\u00e6ri? og f\u00e9kk a\u00f0 vita a\u00f0 hann var fr\u00e1 Silis\u00edu,<a name=\"35\"><span class=\"versanumer\">35<\/span><\/a>sag\u00f0i hann \u00fe\u00e1: eg skal yfirheyra \u00feig, \u00feegar \u00e1k\u00e6rendur \u00fe\u00ednir m\u00e6ta; og hann skipa\u00f0i a\u00f0 var\u00f0veita hann \u00ed h\u00f6ll Her\u00f3desar.<\/p>\n<div class=\"footnoteVidey\">V. 2. a. \u00de. e. hr\u00e6snari.  V. 5. b. Sj\u00e1 2 M\u00f3s. 22,28.  V. 6. c. vorrar \u00fej\u00f3\u00f0ar, L\u00fak. 2,32.  V. 31. a. Ant\u00edpatris b\u00e6r, r\u00fama 1 \u00bd \u00feingmannalei\u00f0 fr\u00e1 Jer\u00fasalem, \u00e1 veginum til Sesareu. Her\u00f3des mikli haf\u00f0i byggt \u00feenna sta\u00f0, og nefnt hann eftir f\u00f6\u00f0ur s\u00ednum.<\/div>\n","protected":false},"excerpt":{"rendered":"<p>P\u00e1ll vitnar um s\u00edna g\u00f3\u00f0u samvisku, en f\u00e6r kinnhest; talar um upprisuna, \u00fat af hv\u00f6rju Gy\u00f0ingar ver\u00f0a sundur\u00feykkir; herstj\u00f3rinn setur hann \u00ed kastalann; Gu\u00f0 hughreystir hann; Gy\u00f0inga r\u00e1\u00f0abrugg gegn P\u00e1li ver\u00f0ur uppv\u00edst; herstj\u00f3rinn sendir hann til landstj\u00f3rnarans Felix \u00ed Sesareu. 1P\u00e1ll hvessti augun \u00e1 r\u00e1\u00f0i\u00f0 og m\u00e6lti: br\u00e6\u00f0ur! eg hefi hvervetna me\u00f0 g\u00f3\u00f0ri samvisku heg\u00f0a\u00f0 m\u00e9r fyrir Gu\u00f0i, allt til \u00feessa dags.2\u00c6\u00f0sti presturinn Anan\u00edas skipa\u00f0i \u00feeim, er hj\u00e1 P\u00e1li st\u00f3\u00f0u, a\u00f0 lj\u00f3sta hann \u00e1 munninn.3P\u00e1ll sag\u00f0i \u00fe\u00e1 til hans: Gu\u00f0 mun lj\u00f3sta \u00feig, \u00fe\u00fa kalka\u00f0i veggur! a)\u2014\u00fe\u00fa situr h\u00e9r sem d\u00f3mari minn samkv\u00e6mt l\u00f6gm\u00e1linu, en skipar m\u00f3ti l\u00f6gum a\u00f0 sl\u00e1 <a href=\"https:\/\/biblian.is\/videy\/postulasagan-23-kafli\/\"> [&#8230;]<\/a><\/p>\n","protected":false},"author":1,"featured_media":0,"parent":0,"menu_order":0,"comment_status":"open","ping_status":"open","template":"bibliukaflar.php","meta":{"footnotes":""},"class_list":["post-21890","page","type-page","status-publish","hentry"],"_links":{"self":[{"href":"https:\/\/biblian.is\/videy\/wp-json\/wp\/v2\/pages\/21890","targetHints":{"allow":["GET"]}}],"collection":[{"href":"https:\/\/biblian.is\/videy\/wp-json\/wp\/v2\/pages"}],"about":[{"href":"https:\/\/biblian.is\/videy\/wp-json\/wp\/v2\/types\/page"}],"author":[{"embeddable":true,"href":"https:\/\/biblian.is\/videy\/wp-json\/wp\/v2\/users\/1"}],"replies":[{"embeddable":true,"href":"https:\/\/biblian.is\/videy\/wp-json\/wp\/v2\/comments?post=21890"}],"version-history":[{"count":0,"href":"https:\/\/biblian.is\/videy\/wp-json\/wp\/v2\/pages\/21890\/revisions"}],"wp:attachment":[{"href":"https:\/\/biblian.is\/videy\/wp-json\/wp\/v2\/media?parent=21890"}],"curies":[{"name":"wp","href":"https:\/\/api.w.org\/{rel}","templated":true}]}}