{"id":21889,"date":"2018-01-02T01:04:35","date_gmt":"2018-01-02T01:04:35","guid":{"rendered":"http:\/\/biblian.is\/videy\/postulasagan-22-kafli\/"},"modified":"2018-01-02T01:04:35","modified_gmt":"2018-01-02T01:04:35","slug":"postulasagan-22-kafli","status":"publish","type":"page","link":"https:\/\/biblian.is\/videy\/postulasagan-22-kafli\/","title":{"rendered":"Postulasagan 22. kafli"},"content":{"rendered":"<div class=\"fyrirsognVidey\">P\u00e1ll segir fr\u00e1, hv\u00f6rninn hann snerist til kristni og f\u00e9kk kall a\u00f0 kenna hei\u00f0num \u00fej\u00f3\u00f0um; Gy\u00f0inga \u00f3hlj\u00f3\u00f0 m\u00f3ti honum; herstj\u00f3rinn \u00e6tlar a\u00f0 l\u00e1ta h\u00fa\u00f0str\u00fdkja hann, en vogar ekki, \u00fear e\u00f0 P\u00e1ll var r\u00f3mverskur borgari; lei\u00f0ir hann fyrir r\u00e1\u00f0i\u00f0.<\/div>\n<p><a name=\"1\"><span class=\"versanumer\">1<\/span><\/a>G\u00f3\u00f0ir menn, br\u00e6\u00f0ur og fe\u00f0ur! hlusti\u00f0 n\u00fa \u00e1 forsvar mitt fyrir y\u00f0ur!<a name=\"2\"><span class=\"versanumer\">2<\/span><\/a>En er \u00feeir heyr\u00f0u hann \u00e1varpa sig \u00e1 hebresku, ur\u00f0u \u00feeir enn hlj\u00f3\u00f0ari.<a name=\"3\"><span class=\"versanumer\">3<\/span><\/a>Eg em\u2014sag\u00f0i hann\u2014Gy\u00f0ingur f\u00e6ddur \u00ed Tarsus \u00ed Silis\u00edu, en uppalinn \u00ed \u00feessari borg vi\u00f0 f\u00e6tur Gamal\u00edels <span class='VideyAth'>c)<\/span>, mennta\u00f0ur \u00ed allri n\u00e1kv\u00e6mni fe\u00f0ranna l\u00f6gm\u00e1ls, og var vandl\u00e6tari vegna Gu\u00f0s, eins og \u00fe\u00e9r allir eru\u00f0 enn \u00ed dag;<a name=\"4\"><span class=\"versanumer\">4<\/span><\/a>og ofs\u00f3tti \u00feenna l\u00e6rd\u00f3m <span class='VideyAth'>d)<\/span> fram \u00ed dau\u00f0ann, batt menn og konur og afhenti \u00ed fangelsi,<a name=\"5\"><span class=\"versanumer\">5<\/span><\/a>hvar um \u00e6\u00f0stipresturinn og allt \u00f6ldungar\u00e1\u00f0i\u00f0 mun bera m\u00e9r vitni, \u00fev\u00ed af \u00feeim t\u00f3k eg og br\u00e9f til br\u00e6\u00f0ranna og f\u00f3r til Damaskus \u00ed \u00feeim tilgangi a\u00f0 flytja \u00fe\u00e1, er \u00fear v\u00e6ru, bundna til Jer\u00fasalem, svo \u00feeim yr\u00f0i hegnt.<a name=\"6\"><span class=\"versanumer\">6<\/span><\/a>\u00deegar eg var \u00e1 \u00feeirri fer\u00f0 og n\u00e1lga\u00f0ist Damaskus, bar svo til, n\u00e6r mi\u00f0jum degi, a\u00f0 um mig leiftra\u00f0i skyndilega lj\u00f3s miki\u00f0 af himni.<a name=\"7\"><span class=\"versanumer\">7<\/span><\/a>Eg f\u00e9ll til jar\u00f0ar og heyr\u00f0i raust, er sag\u00f0i til m\u00edn: S\u00e1l! S\u00e1l! \u00fev\u00ed ofs\u00e6kir \u00fe\u00fa mig?<a name=\"8\"><span class=\"versanumer\">8<\/span><\/a>eg svara\u00f0i: hver ert\u00fa? Herra! hann sag\u00f0i til m\u00edn: eg em Jes\u00fas af Nasaret, hvern \u00fe\u00fa ofs\u00e6kir.<a name=\"9\"><span class=\"versanumer\">9<\/span><\/a>Mennirnir, sem me\u00f0 m\u00e9r voru, s\u00e1u lj\u00f3si\u00f0 og ur\u00f0u felmtsfullir, en raust \u00feess, er vi\u00f0 mig tala\u00f0i, heyr\u00f0u \u00feeir ekki.<a name=\"10\"><span class=\"versanumer\">10<\/span><\/a>\u00de\u00e1 sag\u00f0a eg: Herra! hva\u00f0 skal eg gj\u00f6ra? Drottinn svara\u00f0i m\u00e9r: statt\u00fa upp og gakk til Damaskus, \u00fear ver\u00f0ur \u00fe\u00e9r kunngj\u00f6rt allt, sem \u00fe\u00e9r er \u00e6tla\u00f0 a\u00f0 gj\u00f6ra.<a name=\"11\"><span class=\"versanumer\">11<\/span><\/a>En af \u00fev\u00ed ofbirta lj\u00f3ssins haf\u00f0i gj\u00f6rt mig sj\u00f3nlausan, handleiddu samfer\u00f0amennirnir mig, svo eg komst til Damaskus.<a name=\"12\"><span class=\"versanumer\">12<\/span><\/a>\u00dear var einn gu\u00f0r\u00e6kinn ma\u00f0ur eftir l\u00f6gm\u00e1linu, Anan\u00edas a\u00f0 nafni, vel\u00feokka\u00f0ur af \u00f6llum Gy\u00f0ingum, er \u00fear bjuggu;<a name=\"13\"><span class=\"versanumer\">13<\/span><\/a>hann kom til m\u00edn, st\u00f3\u00f0 yfir m\u00e9r og sag\u00f0i: S\u00e1l, br\u00f3\u00f0ir! f\u00e1\u00f0\u00fa aftur sj\u00f3nina! og samstundis leit eg upp \u00e1 hann.<a name=\"14\"><span class=\"versanumer\">14<\/span><\/a>Hann sag\u00f0i \u00fe\u00e1: Gu\u00f0 fe\u00f0ra vorra hefir fyrirhuga\u00f0 \u00fe\u00e9r a\u00f0 \u00feekkja sinn vilja og a\u00f0 sj\u00e1 hinn R\u00e9ttl\u00e1ta og a\u00f0 heyra raust af hans munni;<a name=\"15\"><span class=\"versanumer\">15<\/span><\/a>\u00fev\u00ed \u00fe\u00fa \u00e1tt a\u00f0 ver\u00f0a hans vottur til allra manna, um \u00fea\u00f0 \u00fe\u00fa hefir s\u00e9\u00f0 og heyrt og hva\u00f0 hikar \u00fe\u00fa n\u00fa?<a name=\"16\"><span class=\"versanumer\">16<\/span><\/a>statt\u00fa upp, l\u00e1t sk\u00edra \u00feig og af\u00fevo syndir \u00fe\u00ednar og \u00e1kalla hans nafn.<a name=\"17\"><span class=\"versanumer\">17<\/span><\/a>\u00dea\u00f0 ske\u00f0i og, eftir a\u00f0 eg haf\u00f0i sn\u00fai\u00f0 aftur til Jer\u00fasalem og ba\u00f0st fyrir \u00ed musterinu, a\u00f0 eg var\u00f0 fr\u00e1 m\u00e9r numinn<a name=\"18\"><span class=\"versanumer\">18<\/span><\/a>og s\u00e1 hann sj\u00e1lfan talanda vi\u00f0 mig: fl\u00fdt \u00fe\u00e9r og far sem snarast burt \u00far Jer\u00fasalem, \u00fev\u00ed a\u00f0 ekki munu \u00feeir me\u00f0taka \u00feinn vitnisbur\u00f0 um mig.<a name=\"19\"><span class=\"versanumer\">19<\/span><\/a>\u00de\u00e1 svara\u00f0i eg: Herra! \u00feeir vita sj\u00e1lfir, a\u00f0 eg kasta\u00f0i \u00ed fangelsi og h\u00fa\u00f0fletti \u00ed samkundunum \u00fe\u00e1, sem tr\u00fa\u00f0u \u00e1 \u00feig,<a name=\"20\"><span class=\"versanumer\">20<\/span><\/a>og \u00feegar bl\u00f3\u00f0i Steph\u00e1ns, vitnis \u00fe\u00edns, var \u00fathellt, st\u00f3\u00f0 eg sj\u00e1lfur hj\u00e1, sam\u00feykkti \u00fev\u00ed og geymdi f\u00f6t \u00feeirra, sem sl\u00f3gu hann \u00ed hel.<a name=\"21\"><span class=\"versanumer\">21<\/span><\/a>En hann sag\u00f0i til m\u00edn: far\u00f0\u00fa! \u00fev\u00ed eg vil senda \u00feig langa lei\u00f0 til hei\u00f0ingja. <br \/><a name=\"22\"><span class=\"versanumer\">22<\/span><\/a>Allt a\u00f0 \u00feessu or\u00f0i hl\u00fdddu \u00feeir \u00e1, en n\u00fa h\u00f3fu \u00feeir upp raust s\u00edna og s\u00f6g\u00f0u: burt me\u00f0 \u00fev\u00edl\u00edkan mann af j\u00f6r\u00f0inni! \u00fev\u00ed \u00fea\u00f0 h\u00e6fir ekki hann lifi.<a name=\"23\"><span class=\"versanumer\">23<\/span><\/a>N\u00fa sem \u00feeir hr\u00f3pu\u00f0u og fleyg\u00f0u kl\u00e6\u00f0um s\u00ednum og jusu mold \u00ed loft upp,<a name=\"24\"><span class=\"versanumer\">24<\/span><\/a>skipa\u00f0i \u00fe\u00fashundra\u00f0sh\u00f6f\u00f0inginn a\u00f0 lei\u00f0a hann inn \u00ed herb\u00fa\u00f0irnar og me\u00f0 svipum a\u00f0 k\u00faga hann til sagna, svo hann fengi a\u00f0 vita, fyrir hverja s\u00f6k \u00feeir hr\u00f3pu\u00f0u svo gegn honum.<a name=\"25\"><span class=\"versanumer\">25<\/span><\/a>\u00deegar \u00feeir f\u00f3ru \u00fe\u00e1 a\u00f0 strengja hann me\u00f0 taugum, segir P\u00e1ll vi\u00f0 hundra\u00f0sh\u00f6f\u00f0ingjann, er hj\u00e1 st\u00f3\u00f0: er y\u00f0ur leyft a\u00f0 h\u00fa\u00f0str\u00fdkja r\u00f3mverskan mann, og \u00fea\u00f0 \u00f3d\u00e6mdan?<a name=\"26\"><span class=\"versanumer\">26<\/span><\/a>En sem hundra\u00f0sh\u00f6f\u00f0inginn heyr\u00f0i \u00fea\u00f0, gekk hann til \u00fe\u00fashundra\u00f0sh\u00f6f\u00f0ingjans, innti honum fr\u00e1 og sag\u00f0i; hva\u00f0 \u00e6tlar\u00f0\u00fa a\u00f0 gj\u00f6ra? ma\u00f0urinn er r\u00f3mverskur.<a name=\"27\"><span class=\"versanumer\">27<\/span><\/a>\u00de\u00fashundra\u00f0sh\u00f6f\u00f0inginn kom \u00fe\u00e1 og tala\u00f0i til P\u00e1ls: seg m\u00e9r, ert\u00fa ma\u00f0ur r\u00f3mverskur? hann ansa\u00f0i: j\u00e1!<a name=\"28\"><span class=\"versanumer\">28<\/span><\/a>\u00fe\u00fashundra\u00f0sh\u00f6f\u00f0inginn svara\u00f0i: fyrir \u00e6ri\u00f0 f\u00e9 m\u00e1tti eg kaupa \u00feenna borgarar\u00e9tt. Hinn gegndi til: en eg em svo f\u00e6ddur.<a name=\"29\"><span class=\"versanumer\">29<\/span><\/a>Jafnskj\u00f3tt hvurfu \u00feeir fr\u00e1, er \u00e1ttu a\u00f0 k\u00faga hann til sagna og \u00fe\u00fashundra\u00f0sh\u00f6f\u00f0inginn var\u00f0 hr\u00e6ddur, \u00fe\u00e1 hann var\u00f0 \u00feess v\u00eds, a\u00f0 hann var r\u00f3mverskur, af \u00fev\u00ed hann haf\u00f0i l\u00e1ti\u00f0 binda hann.<br \/><a name=\"30\"><span class=\"versanumer\">30<\/span><\/a>Daginn eftir vildi hann vita me\u00f0 vissu, hva\u00f0 Gy\u00f0ingar hef\u00f0u a\u00f0 \u00e1k\u00e6ra P\u00e1l um, leysti hann, bau\u00f0 a\u00f0 h\u00f6fu\u00f0prestarnir og allt r\u00e1\u00f0i\u00f0 skyldi koma saman, og l\u00e9t lei\u00f0a P\u00e1l ni\u00f0ur fyri \u00fe\u00e1.<\/p>\n<div class=\"footnoteVidey\">V. 3. c. Sj\u00e1 5,34. \u00de. e: var l\u00e6risveinn hans.  V. 4. d. \u00de. e. Krists l\u00e6rd\u00f3m, 7.58. 9,1.2.<\/div>\n","protected":false},"excerpt":{"rendered":"<p>P\u00e1ll segir fr\u00e1, hv\u00f6rninn hann snerist til kristni og f\u00e9kk kall a\u00f0 kenna hei\u00f0num \u00fej\u00f3\u00f0um; Gy\u00f0inga \u00f3hlj\u00f3\u00f0 m\u00f3ti honum; herstj\u00f3rinn \u00e6tlar a\u00f0 l\u00e1ta h\u00fa\u00f0str\u00fdkja hann, en vogar ekki, \u00fear e\u00f0 P\u00e1ll var r\u00f3mverskur borgari; lei\u00f0ir hann fyrir r\u00e1\u00f0i\u00f0. 1G\u00f3\u00f0ir menn, br\u00e6\u00f0ur og fe\u00f0ur! hlusti\u00f0 n\u00fa \u00e1 forsvar mitt fyrir y\u00f0ur!2En er \u00feeir heyr\u00f0u hann \u00e1varpa sig \u00e1 hebresku, ur\u00f0u \u00feeir enn hlj\u00f3\u00f0ari.3Eg em\u2014sag\u00f0i hann\u2014Gy\u00f0ingur f\u00e6ddur \u00ed Tarsus \u00ed Silis\u00edu, en uppalinn \u00ed \u00feessari borg vi\u00f0 f\u00e6tur Gamal\u00edels c), mennta\u00f0ur \u00ed allri n\u00e1kv\u00e6mni fe\u00f0ranna l\u00f6gm\u00e1ls, og var vandl\u00e6tari vegna Gu\u00f0s, eins og \u00fe\u00e9r allir eru\u00f0 enn \u00ed dag;4og ofs\u00f3tti \u00feenna l\u00e6rd\u00f3m <a href=\"https:\/\/biblian.is\/videy\/postulasagan-22-kafli\/\"> [&#8230;]<\/a><\/p>\n","protected":false},"author":1,"featured_media":0,"parent":0,"menu_order":0,"comment_status":"open","ping_status":"open","template":"bibliukaflar.php","meta":{"footnotes":""},"class_list":["post-21889","page","type-page","status-publish","hentry"],"_links":{"self":[{"href":"https:\/\/biblian.is\/videy\/wp-json\/wp\/v2\/pages\/21889","targetHints":{"allow":["GET"]}}],"collection":[{"href":"https:\/\/biblian.is\/videy\/wp-json\/wp\/v2\/pages"}],"about":[{"href":"https:\/\/biblian.is\/videy\/wp-json\/wp\/v2\/types\/page"}],"author":[{"embeddable":true,"href":"https:\/\/biblian.is\/videy\/wp-json\/wp\/v2\/users\/1"}],"replies":[{"embeddable":true,"href":"https:\/\/biblian.is\/videy\/wp-json\/wp\/v2\/comments?post=21889"}],"version-history":[{"count":0,"href":"https:\/\/biblian.is\/videy\/wp-json\/wp\/v2\/pages\/21889\/revisions"}],"wp:attachment":[{"href":"https:\/\/biblian.is\/videy\/wp-json\/wp\/v2\/media?parent=21889"}],"curies":[{"name":"wp","href":"https:\/\/api.w.org\/{rel}","templated":true}]}}