{"id":21888,"date":"2018-01-02T01:04:35","date_gmt":"2018-01-02T01:04:35","guid":{"rendered":"http:\/\/biblian.is\/videy\/postulasagan-21-kafli\/"},"modified":"2018-01-02T01:04:35","modified_gmt":"2018-01-02T01:04:35","slug":"postulasagan-21-kafli","status":"publish","type":"page","link":"https:\/\/biblian.is\/videy\/postulasagan-21-kafli\/","title":{"rendered":"Postulasagan 21. kafli"},"content":{"rendered":"<div class=\"fyrirsognVidey\">P\u00e1ll kemur til T\u00fdrus, T\u00f3lemais og Sesareu, hvar d\u00e6tur Filippusar sp\u00e1, og Agapus fyrirsegir P\u00e1li fangelsi; P\u00e1li er teki\u00f0 vel \u00ed Jer\u00fasalem; hann segir fr\u00e1 framkv\u00e6mdum s\u00ednum; honum er r\u00e1\u00f0i\u00f0, s\u00f6kum Gy\u00f0inga, a\u00f0 l\u00e1ta hreinsa sig \u00ed musterinu, hvar hann er gripinn; yfirma\u00f0ur kastalans frelsar hann og leyfir honum a\u00f0 forsvara sig.<\/div>\n<p><a name=\"1\"><span class=\"versanumer\">1<\/span><\/a>Eftir a\u00f0 v\u00e9r h\u00f6f\u00f0um sliti\u00f0 oss fr\u00e1 \u00feeim og vorum komnir \u00ed r\u00famsj\u00f3, sigldum v\u00e9r beinlei\u00f0is til K\u00f3s, og n\u00e6sta dag til R\u00f3dus, og \u00fea\u00f0an til Patara.<a name=\"2\"><span class=\"versanumer\">2<\/span><\/a>\u00dear fundum v\u00e9r skip, er var fer\u00f0b\u00fai\u00f0 til F\u00f6nis\u00edu, stigum \u00e1 \u00fea\u00f0 og sigldum burt.<a name=\"3\"><span class=\"versanumer\">3<\/span><\/a>En sem v\u00e9r fengum landsj\u00f3n af K\u00fdpur, l\u00e9tum v\u00e9r hana \u00e1 bakbor\u00f0a og sigldum svo til S\u00fdrlands og t\u00f3kum h\u00f6fn \u00ed T\u00fdrus, hvar skipi\u00f0 \u00e1tti a\u00f0 leggja upp farminn.<a name=\"4\"><span class=\"versanumer\">4<\/span><\/a>\u00dear fundum v\u00e9r l\u00e6risveinana og dv\u00f6ldum hj\u00e1 \u00feeim sj\u00f6 daga. \u00deeir s\u00f6g\u00f0u P\u00e1li af andagift, a\u00f0 hann ekki skyldi fara upp til Jer\u00fasalem.<a name=\"5\"><span class=\"versanumer\">5<\/span><\/a>Samt f\u00f3rum v\u00e9r a\u00f0 \u00feessum sj\u00f6 d\u00f6gum li\u00f0num af sta\u00f0, og fylgdu \u00feeir oss allir, \u00e1samt konum og b\u00f6rnum, \u00fat fyrir sta\u00f0inn; \u00fear f\u00e9llum v\u00e9r \u00e1 kn\u00e9 \u00ed fj\u00f6runni og b\u00e1\u00f0umst fyrir;<a name=\"6\"><span class=\"versanumer\">6<\/span><\/a>og eftir a\u00f0 v\u00e9r h\u00f6f\u00f0um kvatt hv\u00f6rjir a\u00f0ra, stigum v\u00e9r \u00e1 skip.<a name=\"7\"><span class=\"versanumer\">7<\/span><\/a>\u00deeir sneru heim til s\u00edn, en v\u00e9r endu\u00f0um siglinguna, \u00fe\u00e1 v\u00e9r f\u00f3rum fr\u00e1 T\u00fdrus og komum til T\u00f3lemais <span class='VideyAth'>a)<\/span>, heilsu\u00f0um br\u00e6\u00f0runum og t\u00f6f\u00f0um hj\u00e1 \u00feeim einn dag.<a name=\"8\"><span class=\"versanumer\">8<\/span><\/a>Daginn eftir f\u00f3rum v\u00e6r \u00e1 burt og komum til Sesareu, \u00fear gengum v\u00e9r inn \u00ed h\u00fas Filippusar gu\u00f0spjallara <span class='VideyAth'>b)<\/span>, sem var einn af \u00feeim sj\u00f6, og settumst a\u00f0 hj\u00e1 honum.<a name=\"9\"><span class=\"versanumer\">9<\/span><\/a>Hann \u00e1tti fj\u00f3rar \u00f3giftar d\u00e6gur, er sp\u00e1\u00f0u;<a name=\"10\"><span class=\"versanumer\">10<\/span><\/a>og sem v\u00e9r dv\u00f6ldum \u00fear ekki allf\u00e1a daga, kom sp\u00e1ma\u00f0ur nokkur ofan fr\u00e1 J\u00fadeu, Agapus a\u00f0 nafni;<a name=\"11\"><span class=\"versanumer\">11<\/span><\/a>hann kom til vor, t\u00f3k upp linda P\u00e1ls, batt hendur s\u00ednar og f\u00e6tur og m\u00e6lti: svo segir Andinn s\u00e1 hinn heilagi: \u00feann mann, er \u00feetta belti \u00e1, munu Gy\u00f0ingar \u00feannig binda \u00ed Jer\u00fasalem og ofurselja \u00ed hei\u00f0ingja hendur.<a name=\"12\"><span class=\"versanumer\">12<\/span><\/a>\u00deegar v\u00e9r heyr\u00f0um sl\u00edkt, b\u00e1\u00f0um v\u00e9r og \u00feeir, sem \u00ed borginni voru, P\u00e1l, a\u00f0 fara ekki upp til Jer\u00fasalem; en hann svara\u00f0i:<a name=\"13\"><span class=\"versanumer\">13<\/span><\/a>hv\u00ed gr\u00e1ti\u00f0 \u00fe\u00e9r og hrelli\u00f0 huga minn? eg em rei\u00f0ub\u00fainn ekki einungis a\u00f0 l\u00e1ta mig binda, heldur og a\u00f0 deyja \u00ed Jer\u00fasalem, s\u00f6kum nafns Drottins Jes\u00fa.<a name=\"14\"><span class=\"versanumer\">14<\/span><\/a>\u00dear hann ekki vildi fallast \u00e1 r\u00e1\u00f0 vort, \u00fe\u00f6gnu\u00f0um v\u00e9r og s\u00f6g\u00f0um: ver\u00f0i Drottins vilji! <br \/><a name=\"15\"><span class=\"versanumer\">15<\/span><\/a>\u00deegar allt var n\u00fa tilb\u00fai\u00f0 til fer\u00f0arinnar f\u00f3rum v\u00e9r upp til Jer\u00fasalem.<a name=\"16\"><span class=\"versanumer\">16<\/span><\/a>Nokkrir af l\u00e6risveinunum fr\u00e1 Sesareu f\u00f3ru me\u00f0 og fylgdu oss til Mnasons fr\u00e1 K\u00fdpur, sem var gamall l\u00e6risveinn; hj\u00e1 honum skyldum v\u00e9r gista.<a name=\"17\"><span class=\"versanumer\">17<\/span><\/a>\u00de\u00e1 v\u00e9r komum til Jer\u00fasalem, t\u00f3ku br\u00e6\u00f0urnir oss feginsamlega,<a name=\"18\"><span class=\"versanumer\">18<\/span><\/a>og n\u00e6sta dag gekk P\u00e1ll me\u00f0 oss til Jakobs, hvar allir \u00f6ldungarnir v\u00f3ru samankomnir.<a name=\"19\"><span class=\"versanumer\">19<\/span><\/a>Eftir a\u00f0 hann haf\u00f0i heilsa\u00f0 \u00feeim, innti hann \u00feeim skilmerkilega s\u00e9rhva\u00f0 eina, sem Gu\u00f0 haf\u00f0i framkv\u00e6mt fyrir hans \u00fej\u00f3nustu, me\u00f0al hei\u00f0inna \u00fej\u00f3\u00f0a.<a name=\"20\"><span class=\"versanumer\">20<\/span><\/a>Vi\u00f0 \u00feessar fregnir vegs\u00f6mu\u00f0u \u00feeir Drottin, og s\u00f6g\u00f0u vi\u00f0 hann: \u00fe\u00fa s\u00e9r, br\u00f3\u00f0ir! hv\u00f6rsu margar \u00fe\u00fasundir Gy\u00f0inga hafa tr\u00fa teki\u00f0. Allir \u00feeir eru vandir a\u00f0 \u00fev\u00ed a\u00f0 l\u00f6gm\u00e1li\u00f0 s\u00e9 haldi\u00f0,<a name=\"21\"><span class=\"versanumer\">21<\/span><\/a>en \u00feeim er sagt um \u00feig, a\u00f0 \u00fe\u00fa kennir \u00f6llum Gy\u00f0ingum, er b\u00faa me\u00f0al hei\u00f0ingja, fr\u00e1fall fr\u00e1 M\u00f3se <span class='VideyAth'>c)<\/span> me\u00f0 \u00feeim umm\u00e6lum, a\u00f0 \u00feeir eigi hv\u00f6rki a\u00f0 umskera b\u00f6rn s\u00edn, n\u00e9 fylgja hans setningum.<a name=\"22\"><span class=\"versanumer\">22<\/span><\/a>Hva\u00f0 er h\u00e9r vi\u00f0 a\u00f0 gj\u00f6ra? vafalaust hl\u00fdtur almenningur a\u00f0 koma saman, \u00fev\u00ed menn munu heyra a\u00f0 \u00fe\u00fa s\u00e9rt kominn.<a name=\"23\"><span class=\"versanumer\">23<\/span><\/a>Gj\u00f6r n\u00fa \u00fea\u00f0, sem v\u00e9r segjum \u00fe\u00e9r! hj\u00e1 oss eru fj\u00f3rir menn, sem bundnir eru heiti;<a name=\"24\"><span class=\"versanumer\">24<\/span><\/a>tak \u00fe\u00e1 til \u00fe\u00edn, hreinsa \u00feig me\u00f0 \u00feeim og kosta upp \u00e1 \u00fe\u00e1, a\u00f0 \u00feeir f\u00e1i raka\u00f0 h\u00f6fu\u00f0 s\u00edn <span class='VideyAth'>d)<\/span>, \u00fe\u00e1 mega allir sj\u00e1 a\u00f0 ekkert er til \u00ed \u00fev\u00ed, sem um \u00feig er tala\u00f0, heldur a\u00f0 \u00fe\u00fa sj\u00e1lfur haldir l\u00f6gm\u00e1li\u00f0.<a name=\"25\"><span class=\"versanumer\">25<\/span><\/a>En hva\u00f0 hei\u00f0ingjana \u00e1hr\u00e6rir, sem vi\u00f0 tr\u00fa hafa teki\u00f0, \u00fe\u00e1 erum v\u00e9r b\u00fanir a\u00f0 gefa \u00fat br\u00e9f og h\u00f6fum \u00farskur\u00f0a\u00f0, a\u00f0 \u00feeir \u00feurfi ekkert sl\u00edkt a\u00f0 halda, utan snei\u00f0a hj\u00e1 skur\u00f0g\u00f3\u00f0af\u00f3rn og bl\u00f3\u00f0i og k\u00f6fnu\u00f0u og frillul\u00edfi.<a name=\"26\"><span class=\"versanumer\">26<\/span><\/a>\u00de\u00e1 t\u00f3k P\u00e1ll mennina til s\u00edn, og daginn eftir, \u00fe\u00e1 hann haf\u00f0i hreinsa\u00f0 sig, gekk hann me\u00f0 \u00feeim \u00ed musteri\u00f0 og l\u00fdsti \u00fev\u00ed <span class='VideyAth'>e)<\/span>, a\u00f0 hann \u00e6tla\u00f0i a\u00f0 \u00fatenda hreinsunar dagana, \u00feanga\u00f0 til hv\u00f6rs eins \u00feeirra f\u00f3rn v\u00e6ri framborin. <br \/><a name=\"27\"><span class=\"versanumer\">27<\/span><\/a>En undir \u00fea\u00f0 \u00feeir sj\u00f6 dagar voru a\u00f0 enda, \u00fe\u00e1 J\u00fa\u00f0ar fr\u00e1 As\u00edu s\u00e1u P\u00e1l \u00ed musterinu, \u00e6stu \u00feeir allan l\u00fd\u00f0inn og l\u00f6g\u00f0u \u00e1 hann hendur og hr\u00f3pu\u00f0u:<a name=\"28\"><span class=\"versanumer\">28<\/span><\/a>g\u00f3\u00f0ir \u00cdsraelsmenn! hj\u00e1lpi\u00f0! h\u00e9r er ma\u00f0urinn, sem allssta\u00f0ar er a\u00f0 kenna \u00f6llum, \u00ed m\u00f3ti \u00fej\u00f3\u00f0, l\u00f6gm\u00e1li og sta\u00f0 \u00feessum. \u00dear ofan \u00e1 hefir hann innleitt Grikki \u00ed musteri\u00f0 og saurga\u00f0 \u00feenna heilaga sta\u00f0.<a name=\"29\"><span class=\"versanumer\">29<\/span><\/a>\u00deeir h\u00f6f\u00f0u s\u00e9\u00f0 \u00e1\u00f0ur Tr\u00f3f\u00edmus fr\u00e1 Efesus me\u00f0 honum \u00ed borginni og hugsu\u00f0u, a\u00f0 P\u00e1ll hef\u00f0i leitt hann \u00ed musteri\u00f0.<a name=\"30\"><span class=\"versanumer\">30<\/span><\/a>\u00d6ll borgin var\u00f0 n\u00fa uppv\u00e6g, og m\u00fagurinn flykktist saman, greip P\u00e1l og dr\u00f3 hann \u00fat \u00far musterinu, og strax var dyrunum l\u00e6st.<a name=\"31\"><span class=\"versanumer\">31<\/span><\/a>En \u00ed \u00fev\u00ed \u00feeir leitast vi\u00f0 a\u00f0 l\u00edfl\u00e1ta hann, barst s\u00fa saga upp til \u00fe\u00fashundra\u00f0sh\u00f6f\u00f0ingja herflokksins <span class='VideyAth'>a)<\/span>, a\u00f0 \u00f6ll Jer\u00fasalem v\u00e6ri \u00ed uppn\u00e1mi.<a name=\"32\"><span class=\"versanumer\">32<\/span><\/a>Hann t\u00f3k \u00fe\u00e1 \u00ed snarr\u00e6\u00f0i str\u00ed\u00f0sf\u00f3lk og hundra\u00f0sh\u00f6f\u00f0ingja og hlj\u00f3p ni\u00f0ur til \u00feeirra; en \u00feegar hinir s\u00e1u \u00fe\u00fashundra\u00f0sh\u00f6f\u00f0ingjann og str\u00ed\u00f0smennina, h\u00e6ttu \u00feeir a\u00f0 lemja P\u00e1l.<a name=\"33\"><span class=\"versanumer\">33<\/span><\/a>\u00de\u00fashundra\u00f0sh\u00f6f\u00f0inginn kom n\u00fa til, t\u00f3k P\u00e1l og skipa\u00f0i a\u00f0 binda hann me\u00f0 tveimur vi\u00f0jum, spur\u00f0i svo, hv\u00f6r hann v\u00e6ri og hva\u00f0 hann hef\u00f0i a\u00f0hafst;<a name=\"34\"><span class=\"versanumer\">34<\/span><\/a>en sitt kalla\u00f0i hv\u00f6r \u00far mannfj\u00f6ldanum, og er hann gat ekkert \u00e1rei\u00f0anlegt uppg\u00f6tva\u00f0, s\u00f6kum \u00f3r\u00f3ans, bau\u00f0 hann a\u00f0 lei\u00f0a hann \u00ed herb\u00fa\u00f0irnar <span class='VideyAth'>b)<\/span>.<a name=\"35\"><span class=\"versanumer\">35<\/span><\/a>\u00de\u00e1 komi\u00f0 var a\u00f0 tr\u00f6ppunum, hlutu str\u00ed\u00f0smennirnir a\u00f0 bera P\u00e1l, s\u00f6kum \u00e1fergju m\u00fagans;<a name=\"36\"><span class=\"versanumer\">36<\/span><\/a>\u00fev\u00ed \u00feorri f\u00f3lksins flykktist me\u00f0 og hr\u00f3pa\u00f0i: l\u00e1t hann ekki lifa!<a name=\"37\"><span class=\"versanumer\">37<\/span><\/a>R\u00e9tt \u00ed \u00fev\u00ed P\u00e1ll skyldi innl\u00e1tast \u00ed herb\u00fa\u00f0irnar, sag\u00f0i hann vi\u00f0 \u00fe\u00fashundra\u00f0sh\u00f6f\u00f0ingjann: leyfist m\u00e9r a\u00f0 tala nokkur or\u00f0 vi\u00f0 \u00feig? hann ansa\u00f0i: kannt\u00fa gr\u00edsku?<a name=\"38\"><span class=\"versanumer\">38<\/span><\/a>ert\u00fa ekki s\u00e1 egypski ma\u00f0ur, sem fyrir skemmstu vaktir styrj\u00f6ld og f\u00e6r\u00f0ir \u00fat \u00e1 ey\u00f0im\u00f6rk fj\u00f6gur \u00fe\u00fasund flugumenn?<a name=\"39\"><span class=\"versanumer\">39<\/span><\/a>P\u00e1ll svara\u00f0i: eg em Gy\u00f0ingur, \u00e6tta\u00f0ur fr\u00e1 Tarsus og borgari \u00feessa nafnkennda sta\u00f0ar \u00ed Silis\u00edu: eg bi\u00f0 \u00fev\u00ed, leyf m\u00e9r a\u00f0 tala til f\u00f3lksins!<a name=\"40\"><span class=\"versanumer\">40<\/span><\/a>A\u00f0 \u00fev\u00ed leyfi fengnu nam P\u00e1ll sta\u00f0ar \u00e1 tr\u00f6ppunum og banda\u00f0i hendinni til f\u00f3lksins, og er gott hlj\u00f3\u00f0 f\u00e9kkst tala\u00f0i hann til \u00feeirra \u00e1 hebreska tungu og sag\u00f0i:<\/p>\n<div class=\"footnoteVidey\">V. 7. a. T\u00f3lemais, l\u00edtil borg og h\u00f6fn sem \u00e1\u00f0ur tilheyr\u00f0i Asser \u00e6ttkv\u00edsl, en \u00fe\u00e1 var bygg\u00f0 af hei\u00f0num m\u00f6nnum.  V. 8. b. Sbr. 8,5. ff. 6,3.6.  V. 21. c. P\u00e1ll haf\u00f0i einungis kennt, a\u00f0 umskurn o. s. frv. v\u00e6ri ekkert h\u00f6fu\u00f0atri\u00f0i til a\u00f0 \u00fe\u00f3knast Gu\u00f0i, heldur hl\u00fd\u00f0ni vi\u00f0 Gu\u00f0s bo\u00f0, (1 Kor. 7,18\u201319), en Gy\u00f0ingar b\u00e6ttu \u00fev\u00ed vi\u00f0, a\u00f0 hann banna\u00f0i hl\u00fd\u00f0ni vi\u00f0 M\u00f3sisl\u00f6g, K. 18,13.  V. 22. \u00de. e. kristnir \u00ed Jer\u00fasalem.  V. 24. d. Leyst heit s\u00edn, 4 M\u00f3s. 6,17.18.  V. 25. Sj\u00e1 15,20.  V. 26. e. Nl. fyrir prestunum.  V. 31. a. \u00de. e. \u00feess r\u00f3mverska setuli\u00f0s \u00ed Jer\u00fasalem.  V. 34. b. \u00dear sem \u00feeir r\u00f3mversku str\u00ed\u00f0smenn h\u00f6f\u00f0u sitt a\u00f0setur \u00ed Kastalanum Antonia, sem Her\u00f3des mikli l\u00e9t byggja.<\/div>\n","protected":false},"excerpt":{"rendered":"<p>P\u00e1ll kemur til T\u00fdrus, T\u00f3lemais og Sesareu, hvar d\u00e6tur Filippusar sp\u00e1, og Agapus fyrirsegir P\u00e1li fangelsi; P\u00e1li er teki\u00f0 vel \u00ed Jer\u00fasalem; hann segir fr\u00e1 framkv\u00e6mdum s\u00ednum; honum er r\u00e1\u00f0i\u00f0, s\u00f6kum Gy\u00f0inga, a\u00f0 l\u00e1ta hreinsa sig \u00ed musterinu, hvar hann er gripinn; yfirma\u00f0ur kastalans frelsar hann og leyfir honum a\u00f0 forsvara sig. 1Eftir a\u00f0 v\u00e9r h\u00f6f\u00f0um sliti\u00f0 oss fr\u00e1 \u00feeim og vorum komnir \u00ed r\u00famsj\u00f3, sigldum v\u00e9r beinlei\u00f0is til K\u00f3s, og n\u00e6sta dag til R\u00f3dus, og \u00fea\u00f0an til Patara.2\u00dear fundum v\u00e9r skip, er var fer\u00f0b\u00fai\u00f0 til F\u00f6nis\u00edu, stigum \u00e1 \u00fea\u00f0 og sigldum burt.3En sem v\u00e9r fengum landsj\u00f3n af K\u00fdpur, l\u00e9tum <a href=\"https:\/\/biblian.is\/videy\/postulasagan-21-kafli\/\"> [&#8230;]<\/a><\/p>\n","protected":false},"author":1,"featured_media":0,"parent":0,"menu_order":0,"comment_status":"open","ping_status":"open","template":"bibliukaflar.php","meta":{"footnotes":""},"class_list":["post-21888","page","type-page","status-publish","hentry"],"_links":{"self":[{"href":"https:\/\/biblian.is\/videy\/wp-json\/wp\/v2\/pages\/21888","targetHints":{"allow":["GET"]}}],"collection":[{"href":"https:\/\/biblian.is\/videy\/wp-json\/wp\/v2\/pages"}],"about":[{"href":"https:\/\/biblian.is\/videy\/wp-json\/wp\/v2\/types\/page"}],"author":[{"embeddable":true,"href":"https:\/\/biblian.is\/videy\/wp-json\/wp\/v2\/users\/1"}],"replies":[{"embeddable":true,"href":"https:\/\/biblian.is\/videy\/wp-json\/wp\/v2\/comments?post=21888"}],"version-history":[{"count":0,"href":"https:\/\/biblian.is\/videy\/wp-json\/wp\/v2\/pages\/21888\/revisions"}],"wp:attachment":[{"href":"https:\/\/biblian.is\/videy\/wp-json\/wp\/v2\/media?parent=21888"}],"curies":[{"name":"wp","href":"https:\/\/api.w.org\/{rel}","templated":true}]}}