{"id":21886,"date":"2018-01-02T01:04:35","date_gmt":"2018-01-02T01:04:35","guid":{"rendered":"http:\/\/biblian.is\/videy\/postulasagan-19-kafli\/"},"modified":"2018-01-02T01:04:35","modified_gmt":"2018-01-02T01:04:35","slug":"postulasagan-19-kafli","status":"publish","type":"page","link":"https:\/\/biblian.is\/videy\/postulasagan-19-kafli\/","title":{"rendered":"Postulasagan 19. kafli"},"content":{"rendered":"<div class=\"fyrirsognVidey\">P\u00e1ll veitir nokkrum \u00ed Efesus Andans g\u00e1fur; kennir \u00fear \u00ed tv\u00f6 \u00e1r, og gj\u00f6rir fur\u00f0uverk. S\u00e6ringam\u00f6nnum er mis\u00feyrmt af dj\u00f6ful\u00f3\u00f0um manni; margir sn\u00faa s\u00e9r til kristni; \u00feegar P\u00e1ll \u00e6tlar til Grikklands, vekur Demetr\u00edus upphlaup.<\/div>\n<p><a name=\"1\"><span class=\"versanumer\">1<\/span><\/a>\u00dea\u00f0 ske\u00f0i me\u00f0an Appoll\u00f3s var \u00ed Korintu, a\u00f0 P\u00e1ll, eftir fer\u00f0 s\u00edna um As\u00eduuppl\u00f6nd, kom til Efesus, og hitti fyrir nokkra l\u00e6risveina, sem hann sag\u00f0i vi\u00f0:<a name=\"2\"><span class=\"versanumer\">2<\/span><\/a>hafi\u00f0 \u00fe\u00e9r me\u00f0teki\u00f0 heilagan Anda \u00fe\u00e1 \u00fe\u00e9r ur\u00f0u\u00f0 tr\u00faa\u00f0ir? \u00feeir sv\u00f6ru\u00f0u: nei, vi\u00f0 h\u00f6fum ekki svo miki\u00f0 sem heyrt, a\u00f0 heilagur Andi s\u00e9 til.<a name=\"3\"><span class=\"versanumer\">3<\/span><\/a>Hann spur\u00f0i \u00fe\u00e1: upp \u00e1 hva\u00f0 eru\u00f0 \u00fe\u00e9r \u00fe\u00e1 sk\u00edr\u00f0ir? \u00feeir s\u00f6g\u00f0u: upp \u00e1 J\u00f3hannesar sk\u00edrn <span class='VideyAth'>e)<\/span>.<a name=\"4\"><span class=\"versanumer\">4<\/span><\/a>P\u00e1ll ansa\u00f0i: a\u00f0 v\u00edsu sk\u00edr\u00f0i J\u00f3hannes me\u00f0 i\u00f0runarsk\u00edrn <span class='VideyAth'>f)<\/span>, \u00fev\u00ed hann sag\u00f0i f\u00f3lkinu a\u00f0 tr\u00faa \u00e1 \u00feann, sem eftir sig k\u00e6mi, \u00fea\u00f0 er \u00e1 Jes\u00fam Krist.<a name=\"5\"><span class=\"versanumer\">5<\/span><\/a>\u00deegar \u00feeir heyr\u00f0u \u00fea\u00f0, l\u00e9tu \u00feeir sig sk\u00edra \u00ed nafni Drottins Jes\u00fa.<a name=\"6\"><span class=\"versanumer\">6<\/span><\/a>Og sem P\u00e1ll haf\u00f0i lagt hendur yfir \u00fe\u00e1, kom yfir \u00fe\u00e1 heilagur Andi, svo \u00feeir t\u00f6lu\u00f0u tungum og sp\u00e1\u00f0u.<a name=\"7\"><span class=\"versanumer\">7<\/span><\/a>Alls voru \u00feessir h\u00e9r um bil t\u00f3lf karlmenn a\u00f0 t\u00f6lu.<a name=\"8\"><span class=\"versanumer\">8<\/span><\/a>N\u00fa gekk hann \u00ed samkunduh\u00fasi\u00f0 og kenndi einar\u00f0lega um \u00ferj\u00e1 m\u00e1nu\u00f0i og leiddi til sannf\u00e6ringar um \u00fea\u00f0, er vi\u00f0v\u00e9k Gu\u00f0s r\u00edki.<a name=\"9\"><span class=\"versanumer\">9<\/span><\/a>En er nokkrir settu sig \u00ed \u00fever\u00fa\u00f0 og l\u00e9tu ekki skipast, heldur hallm\u00e6ltu l\u00e6rd\u00f3minum \u00ed f\u00f3lksins \u00e1heyrn, h\u00e6tti hann vi\u00f0 \u00fe\u00e1, skildi l\u00e6risveinana fr\u00e1, og kenndi hv\u00f6rn dag, \u00ed sk\u00f3la eins manns, er T\u00fdrannus h\u00e9t.<a name=\"10\"><span class=\"versanumer\">10<\/span><\/a>\u00deessu f\u00f3r fram tv\u00f6 \u00e1r, svo allir, sem bjuggu \u00ed As\u00edu, b\u00e6\u00f0i Gy\u00f0ingar og Grikkjar, heyr\u00f0u l\u00e6rd\u00f3m Drottins;<a name=\"11\"><span class=\"versanumer\">11<\/span><\/a>einnin gj\u00f6r\u00f0i Gu\u00f0 \u00f3almenn kraftaverk fyrir hendur P\u00e1ls,<a name=\"12\"><span class=\"versanumer\">12<\/span><\/a>svo a\u00f0 jafnvel \u00feegar sveitad\u00fakar sem P\u00e1ll bar n\u00e6st s\u00e9r, og fyriskyrtur <span class='VideyAth'>a)<\/span> voru lag\u00f0ar yfir sj\u00faka, \u00fe\u00e1 yfirg\u00e1fu sj\u00fakd\u00f3marnir \u00fe\u00e1, og illir andar gengu \u00fat af \u00feeim. <br \/><a name=\"13\"><span class=\"versanumer\">13<\/span><\/a>\u00de\u00e1 t\u00f3ku nokkrir umhlaupandi s\u00e6ringamenn Gy\u00f0ingakyns s\u00e9r fyrir, a\u00f0 nefna yfir \u00feeim, er \u00fej\u00e1\u00f0ust af illum \u00f6ndum, nafn Herrans Jes\u00fa, segjandi: eg s\u00e6ri ykkur vi\u00f0 Jes\u00fam, hv\u00f6rn P\u00e1ll pr\u00e9dikar.<a name=\"14\"><span class=\"versanumer\">14<\/span><\/a>Me\u00f0al \u00feeirra, er \u00feetta gj\u00f6r\u00f0u, voru sj\u00f6 synir Skevu, eins Gy\u00f0inga h\u00f6fu\u00f0prests.<a name=\"15\"><span class=\"versanumer\">15<\/span><\/a>\u00de\u00e1 svara\u00f0i hinn vondi andi: Jes\u00fam \u00feekki eg, og vi\u00f0 P\u00e1l kannast eg, en hv\u00f6rjir eru\u00f0 \u00fe\u00e9r?<a name=\"16\"><span class=\"versanumer\">16<\/span><\/a>Og ma\u00f0urinn, sem s\u00e1 vondi andi var \u00ed, flaug \u00e1 \u00fe\u00e1, var\u00f0 \u00feeim yfirsterkari og l\u00e9t \u00fe\u00e1 finna til afl s\u00edns, svo a\u00f0 \u00feeir fl\u00fa\u00f0u naktir og s\u00e6r\u00f0ir \u00far h\u00fasinu.<a name=\"17\"><span class=\"versanumer\">17<\/span><\/a>\u00deetta var\u00f0 kunnugt \u00f6llum Gy\u00f0ingum og Grikkjum, er bjuggu \u00ed Efesus, og \u00f3tta sl\u00f3 yfir alla, og nafn Drottins Jes\u00fa mikla\u00f0ist.<a name=\"18\"><span class=\"versanumer\">18<\/span><\/a>Margir sem vi\u00f0 tr\u00fa h\u00f6f\u00f0u teki\u00f0, komu n\u00fa, j\u00e1tu\u00f0ust og s\u00f6g\u00f0u fr\u00e1 ath\u00e6fi <span class='VideyAth'>b)<\/span> s\u00ednu.<a name=\"19\"><span class=\"versanumer\">19<\/span><\/a>L\u00edka komu margir, er fari\u00f0 h\u00f6f\u00f0u me\u00f0 kukl, me\u00f0 b\u00e6kur, og brenndu \u00fe\u00e6r \u00f6llum \u00e1sj\u00e1andi. Ver\u00f0 \u00feeirra var reikna\u00f0 saman og var upph\u00e6\u00f0 \u00feess fimmt\u00edu \u00fe\u00fasund silfur peningar.<a name=\"20\"><span class=\"versanumer\">20<\/span><\/a>Or\u00f0 Drottins v\u00f3x \u00feanninn og efldist kr\u00f6ftuglega. <br \/><a name=\"21\"><span class=\"versanumer\">21<\/span><\/a>Eftir a\u00f0 \u00feetta var \u00e1orka\u00f0, setti P\u00e1ll s\u00e9r \u00ed huga a\u00f0 fer\u00f0ast um Masedon\u00edu og Akkeu til Jer\u00fasalem og sag\u00f0i: \u00feegar eg er b\u00fainn a\u00f0 vera \u00fear, ber m\u00e9r a\u00f0 sj\u00e1 R\u00f3m.<a name=\"22\"><span class=\"versanumer\">22<\/span><\/a>N\u00fa sendi hann tvo, sem voru honum vi\u00f0 h\u00f6nd, T\u00edm\u00f3teus og Erastus, til Masedon\u00edu, en dvaldi sj\u00e1lfur um t\u00edma \u00ed As\u00edu.<a name=\"23\"><span class=\"versanumer\">23<\/span><\/a>Um \u00fea\u00f0 leyti reis ekki alll\u00edtill \u00f3r\u00f3i \u00fat af l\u00e6rd\u00f3minum;<a name=\"24\"><span class=\"versanumer\">24<\/span><\/a>\u00fev\u00ed silfursmi\u00f0ur nokkur, a\u00f0 nafni Demetr\u00edus, sem bj\u00f3 til silfurmusteri <span class='VideyAth'>c)<\/span> D\u00ed\u00f6nu, afla\u00f0i \u00f6\u00f0rum smi\u00f0um st\u00f3rkostlegs \u00e1bata.<a name=\"25\"><span class=\"versanumer\">25<\/span><\/a>\u00deessa kalla\u00f0i hann saman, og a\u00f0ra, er unnu a\u00f0 \u00feessh\u00e1ttar, og sag\u00f0i: g\u00f3\u00f0ir menn! \u00fe\u00e9r viti\u00f0 a\u00f0 \u00e1 \u00feessu verki stendur okkar velmegan;<a name=\"26\"><span class=\"versanumer\">26<\/span><\/a>einninn sj\u00e1i\u00f0 \u00fe\u00e9r og heyri\u00f0, a\u00f0 ekki einungis \u00ed Efesusborg heldur n\u00e6r um gj\u00f6rvalla As\u00edu, hefir P\u00e1ll \u00feessi tali\u00f0 tr\u00fa um og fengi\u00f0 \u00e1 sitt m\u00e1l fj\u00f6lda f\u00f3lks, me\u00f0 \u00fev\u00ed a\u00f0 segja, a\u00f0 \u00fea\u00f0 s\u00e9u ekki Gu\u00f0ir, sem me\u00f0 h\u00f6ndum eru sm\u00ed\u00f0a\u00f0ir.<a name=\"27\"><span class=\"versanumer\">27<\/span><\/a>N\u00fa horfir \u00feetta ekki einungis i\u00f0n vorri til sm\u00e1nar, heldur einnig a\u00f0 musteri hinnar miklu D\u00ed\u00f6nu ver\u00f0i einkisvirt, j\u00e1, jafnvel a\u00f0 tign hennar gj\u00f6rey\u00f0ist, hv\u00f6rja \u00f6ll As\u00eda og jar\u00f0arkringlan d\u00fdrkar.<a name=\"28\"><span class=\"versanumer\">28<\/span><\/a>\u00de\u00e1 \u00feeir heyr\u00f0u \u00feetta, ur\u00f0u \u00feeir afarrei\u00f0ir, \u00e6ptu upp og s\u00f6g\u00f0u: mikil er D\u00edana Efesusmanna!<a name=\"29\"><span class=\"versanumer\">29<\/span><\/a>\u00d6ll borgin var\u00f0 n\u00fa uppv\u00e6g og allir \u00e6ddu samhuga til sj\u00f3narpl\u00e1ssins, hrifu me\u00f0 s\u00e9r Mased\u00f3nana, Kajus og Aritstarkus, f\u00f6runauta P\u00e1ls.<a name=\"30\"><span class=\"versanumer\">30<\/span><\/a>En er P\u00e1ll vildi ganga fram \u00ed mann\u00fer\u00f6ngina, leyf\u00f0u l\u00e6risveinarnir honum \u00fea\u00f0 ekki;<a name=\"31\"><span class=\"versanumer\">31<\/span><\/a>einninn sendu nokkrir Austur\u00e1lfuh\u00f6f\u00f0ingjar <span class='VideyAth'>d)<\/span>, \u00feeir e\u00f0 voru honum vinveittir, honum bo\u00f0, og r\u00e9\u00f0u honum fr\u00e1 a\u00f0 koma \u00e1 sj\u00f3narpl\u00e1ssi\u00f0.<a name=\"32\"><span class=\"versanumer\">32<\/span><\/a>A\u00f0rir hr\u00f3pu\u00f0u n\u00fa svo, en a\u00f0rir \u00f6\u00f0ruv\u00edsi, \u00fev\u00ed safna\u00f0urinn var uppv\u00e6gur, og f\u00e6stir vissu, hv\u00f6rs vegna \u00feeir voru \u00fear saman komnir.<a name=\"33\"><span class=\"versanumer\">33<\/span><\/a>N\u00fa var toga\u00f0ur fram \u00far mann\u00fer\u00f6nginni Alexander, hv\u00f6rjum Gy\u00f0ingar \u00fdttu fram; hann banda\u00f0i me\u00f0 hendinni og vildi forsvara sig fyrir f\u00f3lkinu.<a name=\"34\"><span class=\"versanumer\">34<\/span><\/a>En er \u00feeir vissu a\u00f0 hann var Gy\u00f0ingur, \u00e6ptu allir upp einum munni og hr\u00f3pu\u00f0u n\u00e6rri tv\u00e6r stundir: mikil er h\u00fan D\u00edana \u00ed Efesus!<a name=\"35\"><span class=\"versanumer\">35<\/span><\/a>Loksins gat sta\u00f0arskrifarinn st\u00f6\u00f0va\u00f0 f\u00f3lki\u00f0 og m\u00e6lti: Efesusmenn! hv\u00f6r er s\u00e1, er ekki viti a\u00f0 Efesusborg geymir musteri hinnar miklu D\u00ed\u00f6nu og \u00fea\u00f0 fr\u00e1 himni fallna b\u00edl\u00e6ti.<a name=\"36\"><span class=\"versanumer\">36<\/span><\/a>N\u00fa, \u00fear \u00feetta er \u00f3m\u00f3tm\u00e6lanlegt, svo ber y\u00f0ur a\u00f0 vera stilltum og ekki hrapa a\u00f0 neinu.<a name=\"37\"><span class=\"versanumer\">37<\/span><\/a>\u00de\u00e9r hafi\u00f0 dregi\u00f0 \u00feessa menn hinga\u00f0, sem hv\u00f6rki hafa r\u00e6nt hofin, n\u00e9 lasta\u00f0 gy\u00f0ju y\u00f0ar.<a name=\"38\"><span class=\"versanumer\">38<\/span><\/a>Hafi Demetr\u00edus og smi\u00f0irnir, lagsmenn hans, k\u00e6rum\u00e1l m\u00f3ti nokkrum, \u00fe\u00e1 eru \u00feingh\u00f6ld a\u00f0 f\u00e1 og landstj\u00f3rnarar til, eigist \u00feeir l\u00f6g vi\u00f0;<a name=\"39\"><span class=\"versanumer\">39<\/span><\/a>en s\u00e9 \u00fear anna\u00f0 \u00e1greiningsefni ykkar \u00e1 milli, sem \u00fe\u00e9r hafi\u00f0 innbyr\u00f0is, svo m\u00e1 gj\u00f6ra \u00fear um \u00e1 l\u00f6glegri samkomu.<a name=\"40\"><span class=\"versanumer\">40<\/span><\/a>En oss er b\u00fain h\u00e6tta a\u00f0 ver\u00f0a klaga\u00f0ir fyrir \u00feessa dags \u00f3r\u00f3a, \u00fear engin ors\u00f6k ver\u00f0ur borin fyrir, hvar me\u00f0 v\u00e9r kunnum a\u00f0 afsaka sl\u00edkt upphlaup. A\u00f0 svo m\u00e6ltu l\u00e9t hann manns\u00f6fnu\u00f0inn skiljast a\u00f0.<\/p>\n<div class=\"footnoteVidey\">V. 3. e. Hl\u00fd\u00f0ni vi\u00f0 hans l\u00e6rd\u00f3m, sj\u00e1 Matt. 3,3.5.6.10.11.  V. 4. f. Sem skuldbatt til lifna\u00f0arb\u00f3ta, L\u00fak. 3,10\u201314.  V. 12. a. \u00de. e. \u00fev\u00edl\u00edkar, sem handverksmenn hafa framan \u00e1 s\u00e9r til hl\u00edf\u00f0ar. P\u00e1ll var tjaldasmi\u00f0ur.  V. 18. b. \u00de. e. fr\u00e1 hj\u00e1tr\u00fa sinni, a\u00f0 \u00feeir h\u00f6f\u00f0u fari\u00f0 til s\u00e6ringamanna og annarra kunn\u00e1ttumanna.  V. 24. c. \u00de. e. l\u00edtil silfurh\u00fas, gj\u00f6r\u00f0 eftir go\u00f0ahofinu \u00ed Efesus.  V. 31. d. Austur\u00e1lfuh\u00f6f\u00f0ingjar (Asiarchei) k\u00f6llu\u00f0ust \u00feeir sem h\u00f6f\u00f0u umsj\u00f3n yfir borgum og kostu\u00f0u gle\u00f0ileiki \u00fe\u00e1 sem haldnir voru afgu\u00f0unum og keisurunum til hei\u00f0urs.<\/div>\n","protected":false},"excerpt":{"rendered":"<p>P\u00e1ll veitir nokkrum \u00ed Efesus Andans g\u00e1fur; kennir \u00fear \u00ed tv\u00f6 \u00e1r, og gj\u00f6rir fur\u00f0uverk. S\u00e6ringam\u00f6nnum er mis\u00feyrmt af dj\u00f6ful\u00f3\u00f0um manni; margir sn\u00faa s\u00e9r til kristni; \u00feegar P\u00e1ll \u00e6tlar til Grikklands, vekur Demetr\u00edus upphlaup. 1\u00dea\u00f0 ske\u00f0i me\u00f0an Appoll\u00f3s var \u00ed Korintu, a\u00f0 P\u00e1ll, eftir fer\u00f0 s\u00edna um As\u00eduuppl\u00f6nd, kom til Efesus, og hitti fyrir nokkra l\u00e6risveina, sem hann sag\u00f0i vi\u00f0:2hafi\u00f0 \u00fe\u00e9r me\u00f0teki\u00f0 heilagan Anda \u00fe\u00e1 \u00fe\u00e9r ur\u00f0u\u00f0 tr\u00faa\u00f0ir? \u00feeir sv\u00f6ru\u00f0u: nei, vi\u00f0 h\u00f6fum ekki svo miki\u00f0 sem heyrt, a\u00f0 heilagur Andi s\u00e9 til.3Hann spur\u00f0i \u00fe\u00e1: upp \u00e1 hva\u00f0 eru\u00f0 \u00fe\u00e9r \u00fe\u00e1 sk\u00edr\u00f0ir? \u00feeir s\u00f6g\u00f0u: upp \u00e1 J\u00f3hannesar sk\u00edrn e).4P\u00e1ll ansa\u00f0i: <a href=\"https:\/\/biblian.is\/videy\/postulasagan-19-kafli\/\"> [&#8230;]<\/a><\/p>\n","protected":false},"author":1,"featured_media":0,"parent":0,"menu_order":0,"comment_status":"open","ping_status":"open","template":"bibliukaflar.php","meta":{"footnotes":""},"class_list":["post-21886","page","type-page","status-publish","hentry"],"_links":{"self":[{"href":"https:\/\/biblian.is\/videy\/wp-json\/wp\/v2\/pages\/21886","targetHints":{"allow":["GET"]}}],"collection":[{"href":"https:\/\/biblian.is\/videy\/wp-json\/wp\/v2\/pages"}],"about":[{"href":"https:\/\/biblian.is\/videy\/wp-json\/wp\/v2\/types\/page"}],"author":[{"embeddable":true,"href":"https:\/\/biblian.is\/videy\/wp-json\/wp\/v2\/users\/1"}],"replies":[{"embeddable":true,"href":"https:\/\/biblian.is\/videy\/wp-json\/wp\/v2\/comments?post=21886"}],"version-history":[{"count":0,"href":"https:\/\/biblian.is\/videy\/wp-json\/wp\/v2\/pages\/21886\/revisions"}],"wp:attachment":[{"href":"https:\/\/biblian.is\/videy\/wp-json\/wp\/v2\/media?parent=21886"}],"curies":[{"name":"wp","href":"https:\/\/api.w.org\/{rel}","templated":true}]}}