{"id":21885,"date":"2018-01-02T01:04:35","date_gmt":"2018-01-02T01:04:35","guid":{"rendered":"http:\/\/biblian.is\/videy\/postulasagan-18-kafli\/"},"modified":"2018-01-02T01:04:35","modified_gmt":"2018-01-02T01:04:35","slug":"postulasagan-18-kafli","status":"publish","type":"page","link":"https:\/\/biblian.is\/videy\/postulasagan-18-kafli\/","title":{"rendered":"Postulasagan 18. kafli"},"content":{"rendered":"<div class=\"fyrirsognVidey\">P\u00e1ll kennir \u00ed Korintuborg; Gy\u00f0ingar standa \u00ed gegn honum, en Gu\u00f0 hughreystir hann; Gall\u00edon vill ekki d\u00e6ma hann; P\u00e1ll kemur til Efesus og fleiri sta\u00f0a; Apoll\u00f3s uppfr\u00e6\u00f0ist af Akv\u00edla og fer til Akkeu.<\/div>\n<p><a name=\"1\"><span class=\"versanumer\">1<\/span><\/a>Eftir \u00feetta f\u00f3r P\u00e1ll \u00far Atenuborg og kom til Korintuborgar;<a name=\"2\"><span class=\"versanumer\">2<\/span><\/a>\u00fear hitti hann Gy\u00f0ing, \u00e6tta\u00f0an fr\u00e1 Pontus, a\u00f0 nafni Akv\u00edlas og konu hans Priskillu. Hann var n\u00fdlega kominn \u00far \u00cdtal\u00edu, \u00fev\u00ed Kl\u00e1d\u00edus keisari haf\u00f0i skipa\u00f0, a\u00f0 allir Gy\u00f0ingar skyldu v\u00edkja \u00far R\u00f3m.<a name=\"3\"><span class=\"versanumer\">3<\/span><\/a>P\u00e1ll f\u00f3r til \u00feeirra og settist a\u00f0 hj\u00e1 \u00feeim, \u00fev\u00ed b\u00e1\u00f0ir h\u00f6f\u00f0u sama handverk, nefnilega tjaldsm\u00ed\u00f0i, og t\u00f3k til vinnu,<a name=\"4\"><span class=\"versanumer\">4<\/span><\/a>en kenndi hvern helgan dag \u00ed samkunduh\u00fasinu, og sannf\u00e6r\u00f0i b\u00e6\u00f0i Gy\u00f0inga og Grikki.<a name=\"5\"><span class=\"versanumer\">5<\/span><\/a>En er S\u00edlas og T\u00edm\u00f3theus komu fr\u00e1 Masedon\u00edu, var P\u00e1ll st\u00f6\u00f0ugt vi\u00f0 kenninguna og vitna\u00f0i fyrir Gy\u00f0ingum, a\u00f0 Jes\u00fas v\u00e6ri Kristur.<a name=\"6\"><span class=\"versanumer\">6<\/span><\/a>En er \u00feeir ur\u00f0u uppv\u00e6gir m\u00f3ti honum og sm\u00e1nyrtu hann, hristi hann dufti\u00f0 af kl\u00e6\u00f0um s\u00ednum, og sag\u00f0i: y\u00f0vart bl\u00f3\u00f0 s\u00e9 yfir y\u00f0ar h\u00f6f\u00f0i <span class='VideyAth'>a)<\/span>, eg em saklaus; h\u00e9r eftir fer eg til hei\u00f0ingja.<a name=\"7\"><span class=\"versanumer\">7<\/span><\/a>S\u00ed\u00f0an f\u00f3r hann \u00fea\u00f0an og kom \u00ed h\u00fas \u00feess manns, er h\u00e9t J\u00fastus, s\u00e1 d\u00fdrka\u00f0i Gu\u00f0 og \u00e1tti h\u00fas \u00e1fast vi\u00f0 samkunduna.<a name=\"8\"><span class=\"versanumer\">8<\/span><\/a>En Krispus, samkunduh\u00f6f\u00f0inginn, tr\u00fa\u00f0i \u00e1 Drottin, og allt hans heimaf\u00f3lk; l\u00edka t\u00f3ku margir Korintumenn tr\u00fa, \u00feeir e\u00f0 heyrt h\u00f6f\u00f0u l\u00e6rd\u00f3minn og voru \u00fear sk\u00edr\u00f0ir.<a name=\"9\"><span class=\"versanumer\">9<\/span><\/a>Eina n\u00f3tt sag\u00f0i Drottinn \u00ed vitrun til P\u00e1ls: \u00f3ttast ekki, heldur tala og \u00feeg ekki!<a name=\"10\"><span class=\"versanumer\">10<\/span><\/a>\u00fev\u00ed eg em me\u00f0 \u00fe\u00e9r, og enginn skal festa h\u00f6nd \u00e1 \u00fe\u00e9r til a\u00f0 gj\u00f6ra \u00fe\u00e9r illt, \u00fev\u00ed eg \u00e1 margt f\u00f3lk \u00ed \u00feessari borg.<a name=\"11\"><span class=\"versanumer\">11<\/span><\/a>Hann h\u00e9lt \u00fear kyrru fyrir \u00ed \u00ferj\u00fa missiri og kenndi \u00feeim Gu\u00f0s or\u00f0. <br \/><a name=\"12\"><span class=\"versanumer\">12<\/span><\/a>\u00deegar Gall\u00edon var landstj\u00f3rnari \u00ed Akkeu, t\u00f3ku Gy\u00f0ingar sig upp me\u00f0 einu samheldi, \u00e1 m\u00f3ti P\u00e1li og dr\u00f3gu hann fyrir d\u00f3mst\u00f3linn og s\u00f6g\u00f0u:<a name=\"13\"><span class=\"versanumer\">13<\/span><\/a>\u00feessi r\u00e6\u00f0ur m\u00f6nnum til \u00feeirrar gu\u00f0sd\u00fdrkunar, sem gagnst\u00e6\u00f0 er l\u00f6gm\u00e1linu.<a name=\"14\"><span class=\"versanumer\">14<\/span><\/a>\u00cd \u00fev\u00ed P\u00e1ll \u00e6tla\u00f0i a\u00f0 gegna til, svara\u00f0i Gall\u00edon Gy\u00f0ingum: ef h\u00e9r v\u00e6ri a\u00f0 gj\u00f6ra um \u00f3r\u00e9ttindi einhv\u00f6r e\u00f0ur illvirki, \u00fe\u00e1 skyldi eg, Gy\u00f0ingar! tilb\u00e6rilega veita ykkur \u00e1heyrn;<a name=\"15\"><span class=\"versanumer\">15<\/span><\/a>en fyrst \u00fea\u00f0 er \u00fer\u00e6ta um l\u00e6rd\u00f3m og n\u00f6fn <span class='VideyAth'>b)<\/span> og y\u00f0ar eigin l\u00f6g, \u00fe\u00e1 sj\u00e1i\u00f0 um \u00fea\u00f0 sj\u00e1lfir, \u00fev\u00ed eg girnist ekki a\u00f0 vera d\u00f3mari yfir sl\u00edku;<a name=\"16\"><span class=\"versanumer\">16<\/span><\/a>og hann rak \u00fe\u00e1 fr\u00e1 d\u00f3mst\u00f3lnum.<a name=\"17\"><span class=\"versanumer\">17<\/span><\/a>Allir \u00feeir gr\u00edsku t\u00f3ku \u00fe\u00e1 S\u00f3stenes, samkunduh\u00fassh\u00f6f\u00f0ingjann, og b\u00f6r\u00f0u hann fyrir d\u00f3mst\u00f3lnum, en Gall\u00edon skipti s\u00e9r ekki af \u00fev\u00ed. <br \/><a name=\"18\"><span class=\"versanumer\">18<\/span><\/a>P\u00e1ll bei\u00f0 \u00fear enn marga daga, s\u00ed\u00f0an kvaddi hann br\u00e6\u00f0urna, og sigldi til S\u00fdrlands, \u00e1samt Priskillu og Akv\u00edlas, \u00fe\u00e1 hann var b\u00fainn a\u00f0 raka h\u00f6fu\u00f0 sitt \u00ed Kenkrea, \u00fev\u00ed hann haf\u00f0i heitbundi\u00f0 sig.<a name=\"19\"><span class=\"versanumer\">19<\/span><\/a>\u00dear eftir f\u00f3r hann til Efesus, og skildi \u00feau \u00fear eftir, en gekk sj\u00e1lfur inn \u00ed samkunduh\u00fasi\u00f0 og tala\u00f0i fyrir Gy\u00f0ingum;<a name=\"20\"><span class=\"versanumer\">20<\/span><\/a>b\u00e1\u00f0u \u00feeir hann a\u00f0 tefja hj\u00e1 s\u00e9r um hr\u00ed\u00f0, en hann samsinnti \u00fev\u00ed ekki, heldur kvaddi \u00fe\u00e1 og sag\u00f0i:<a name=\"21\"><span class=\"versanumer\">21<\/span><\/a>m\u00e9r ber a\u00f0 halda h\u00e1t\u00ed\u00f0ina, sem \u00ed h\u00f6nd fer, \u00ed Jer\u00fasalem, en eg skal koma til y\u00f0ar aftur, ef Gu\u00f0 vill.<a name=\"22\"><span class=\"versanumer\">22<\/span><\/a>Svo f\u00f3r hann fr\u00e1 Efesus og kom ni\u00f0ur til Sesareu og \u00fea\u00f0an f\u00f3r hann upp til Jer\u00fasalem, og \u00fe\u00e1 hann haf\u00f0i kvatt s\u00f6fnu\u00f0inn, f\u00f3r hann ni\u00f0ur til Ant\u00edokk\u00edu.<a name=\"23\"><span class=\"versanumer\">23<\/span><\/a>H\u00e9r dvaldi hann nokkra stund, en f\u00f3r svo um gj\u00f6rvalt Galataland og Fryg\u00edu og styrkti alla l\u00e6risveinana.<br \/><a name=\"24\"><span class=\"versanumer\">24<\/span><\/a>En til Efesus kom Gy\u00f0ingur nokkur, Appoll\u00f3s a\u00f0 nafni, \u00e6tta\u00f0ur fr\u00e1 Alexandr\u00edu, t\u00f6lugur ma\u00f0ur og vel a\u00f0 s\u00e9r \u00ed Ritningunum,<a name=\"25\"><span class=\"versanumer\">25<\/span><\/a>hann haf\u00f0i fengi\u00f0 tils\u00f6gn \u00ed l\u00e6rd\u00f3mi Drottins og \u00fear e\u00f0 hann haf\u00f0i gl\u00f3andi andagift, tala\u00f0i hann og kenndi n\u00e1kv\u00e6mlega um Jes\u00fam, \u00feekti <span class='VideyAth'>a)<\/span> \u00fe\u00f3 ekki nema sk\u00edrn J\u00f3hannesar.<a name=\"26\"><span class=\"versanumer\">26<\/span><\/a>\u00deessi t\u00f3k sk\u00f6ruglega a\u00f0 pr\u00e9dika \u00ed samkunduh\u00fasinu og er Akv\u00edlas og Priskilla heyr\u00f0u \u00fea\u00f0, t\u00f3ku \u00feau hann a\u00f0 s\u00e9r og \u00fatlistu\u00f0u \u00edtarlega fyrir honum Gu\u00f0s veg <span class='VideyAth'>b)<\/span>.<a name=\"27\"><span class=\"versanumer\">27<\/span><\/a>En er hann f\u00fdsti a\u00f0 fara yfir um til Akkeu, hv\u00f6ttu br\u00e6\u00f0urnir <span class='VideyAth'>c)<\/span> hann til \u00feess, og skrifu\u00f0u l\u00e6risveinunum <span class='VideyAth'>d)<\/span> a\u00f0 taka honum vel. \u00de\u00e1 hann var \u00feanga\u00f0 kominn, var\u00f0 hann \u00feeim tr\u00fau\u00f0u til st\u00f3rrar nytsemi fyrir <span class='VideyAth'>(Gu\u00f0s n\u00e1\u00f0)<\/span>;<a name=\"28\"><span class=\"versanumer\">28<\/span><\/a>\u00fev\u00ed sk\u00f6ruglega hrakti hann Gy\u00f0inga opinberlega \u00ed or\u00f0avi\u00f0skiptum, og sanna\u00f0i kl\u00e1rlega af Ritningunum, a\u00f0 Jes\u00fas v\u00e6ri Kristur.<\/p>\n<div class=\"footnoteVidey\">V. 6. a. Kenni\u00f0 sj\u00e1lfum y\u00f0ur um y\u00f0ar t\u00f6pun.  V. 15. b. N\u00f6fn, \u00fe. e. tignarn\u00f6fn, er Gy\u00f0ingar h\u00e9ldu a\u00f0 Jes\u00fa ekki b\u00e6ri.  V. 18. 4 M\u00f3s. 6,9\u201321. V. 25. a. Hann \u00feekkti svo miki\u00f0 af l\u00e6rd\u00f3mi Jes\u00fa, sem J\u00f3hannes sk\u00edrari gat gefi\u00f0 uppl\u00fdsing um, sj\u00e1 L\u00fak. 3,2\u201318. 7,28 skgr.  V. 26. b. Krists l\u00e6rd\u00f3m.  V. 27. c. \u00deeir kristnu \u00ed Efesus. d. \u00deeim kristnu \u00ed Akkealandi.<\/div>\n","protected":false},"excerpt":{"rendered":"<p>P\u00e1ll kennir \u00ed Korintuborg; Gy\u00f0ingar standa \u00ed gegn honum, en Gu\u00f0 hughreystir hann; Gall\u00edon vill ekki d\u00e6ma hann; P\u00e1ll kemur til Efesus og fleiri sta\u00f0a; Apoll\u00f3s uppfr\u00e6\u00f0ist af Akv\u00edla og fer til Akkeu. 1Eftir \u00feetta f\u00f3r P\u00e1ll \u00far Atenuborg og kom til Korintuborgar;2\u00fear hitti hann Gy\u00f0ing, \u00e6tta\u00f0an fr\u00e1 Pontus, a\u00f0 nafni Akv\u00edlas og konu hans Priskillu. Hann var n\u00fdlega kominn \u00far \u00cdtal\u00edu, \u00fev\u00ed Kl\u00e1d\u00edus keisari haf\u00f0i skipa\u00f0, a\u00f0 allir Gy\u00f0ingar skyldu v\u00edkja \u00far R\u00f3m.3P\u00e1ll f\u00f3r til \u00feeirra og settist a\u00f0 hj\u00e1 \u00feeim, \u00fev\u00ed b\u00e1\u00f0ir h\u00f6f\u00f0u sama handverk, nefnilega tjaldsm\u00ed\u00f0i, og t\u00f3k til vinnu,4en kenndi hvern helgan dag \u00ed samkunduh\u00fasinu, og <a href=\"https:\/\/biblian.is\/videy\/postulasagan-18-kafli\/\"> [&#8230;]<\/a><\/p>\n","protected":false},"author":1,"featured_media":0,"parent":0,"menu_order":0,"comment_status":"open","ping_status":"open","template":"bibliukaflar.php","meta":{"footnotes":""},"class_list":["post-21885","page","type-page","status-publish","hentry"],"_links":{"self":[{"href":"https:\/\/biblian.is\/videy\/wp-json\/wp\/v2\/pages\/21885","targetHints":{"allow":["GET"]}}],"collection":[{"href":"https:\/\/biblian.is\/videy\/wp-json\/wp\/v2\/pages"}],"about":[{"href":"https:\/\/biblian.is\/videy\/wp-json\/wp\/v2\/types\/page"}],"author":[{"embeddable":true,"href":"https:\/\/biblian.is\/videy\/wp-json\/wp\/v2\/users\/1"}],"replies":[{"embeddable":true,"href":"https:\/\/biblian.is\/videy\/wp-json\/wp\/v2\/comments?post=21885"}],"version-history":[{"count":0,"href":"https:\/\/biblian.is\/videy\/wp-json\/wp\/v2\/pages\/21885\/revisions"}],"wp:attachment":[{"href":"https:\/\/biblian.is\/videy\/wp-json\/wp\/v2\/media?parent=21885"}],"curies":[{"name":"wp","href":"https:\/\/api.w.org\/{rel}","templated":true}]}}