{"id":21880,"date":"2018-01-02T01:04:35","date_gmt":"2018-01-02T01:04:35","guid":{"rendered":"http:\/\/biblian.is\/videy\/postulasagan-13-kafli\/"},"modified":"2018-01-02T01:04:35","modified_gmt":"2018-01-02T01:04:35","slug":"postulasagan-13-kafli","status":"publish","type":"page","link":"https:\/\/biblian.is\/videy\/postulasagan-13-kafli\/","title":{"rendered":"Postulasagan 13. kafli"},"content":{"rendered":"<div class=\"fyrirsognVidey\">Barnabas og S\u00e1l f\u00e1 k\u00f6llun a\u00f0 kenna hei\u00f0ingjum; Mark\u00fas yfirgefur \u00fe\u00e1; P\u00e1ll pr\u00e9dikar \u00ed Pisid\u00edu; Gy\u00f0ingar ver\u00f0a uppv\u00e6gir; P\u00e1ll og Barnabas fara til Ikon\u00edu.<\/div>\n<p><a name=\"1\"><span class=\"versanumer\">1<\/span><\/a>\u00cd S\u00f6fnu\u00f0inum \u00ed Ant\u00edokk\u00edu voru ekki allf\u00e1ir sp\u00e1menn og l\u00e6rife\u00f0ur <span class='VideyAth'>c)<\/span>, svo sem Barnabas, S\u00edmon, a\u00f0 auknefni N\u00edger, L\u00fas\u00edus fr\u00e1 S\u00fdrene, Manaen, samf\u00f3stri Her\u00f3desar Fj\u00f3r\u00f0ungsh\u00f6f\u00f0ingja, og S\u00e1l.<a name=\"2\"><span class=\"versanumer\">2<\/span><\/a>Eitt sinn er \u00feeir \u00fej\u00f3nu\u00f0u Drottni og f\u00f6stu\u00f0u, sag\u00f0i heilagur Andi: taki\u00f0 fr\u00e1 handa m\u00e9r Barnabas og S\u00e1l, til \u00feess verks, sem eg hefi \u00feeim \u00e6tla\u00f0.<a name=\"3\"><span class=\"versanumer\">3<\/span><\/a>\u00deeir f\u00f6stu\u00f0u \u00fe\u00e1 og b\u00e1\u00f0ust fyrir, l\u00f6g\u00f0u hendur yfir \u00fe\u00e1, og l\u00e9tu \u00fe\u00e1 svo fara.<a name=\"4\"><span class=\"versanumer\">4<\/span><\/a>\u00deessir, sem af heil\u00f6gum Anda voru \u00fatsendir, f\u00f3ru til Selevs\u00edu og sigldu \u00fea\u00f0an til S\u00fdprus.<a name=\"5\"><span class=\"versanumer\">5<\/span><\/a>En me\u00f0an \u00feeir voru \u00ed Salamis, bo\u00f0u\u00f0u \u00feeir Gu\u00f0s erindi \u00ed samkunduh\u00fasum Gy\u00f0inga. J\u00f3hannes h\u00f6f\u00f0u \u00feeir fyrir me\u00f0hj\u00e1lpara <span class='VideyAth'>d)<\/span>.<a name=\"6\"><span class=\"versanumer\">6<\/span><\/a>En sem \u00feeir f\u00f3ru um alla eyjuna til Pasus <span class='VideyAth'>e)<\/span>, fundu \u00feeir \u00fear t\u00f6fra mann nokkurn, falssp\u00e1mann, Gy\u00f0ingakyns, a\u00f0 nafni Bar-Jes\u00fas;<a name=\"7\"><span class=\"versanumer\">7<\/span><\/a>hann var me\u00f0 landstj\u00f3rnaranum Serg\u00edusi P\u00e1li, manni hyggnum, hv\u00f6r e\u00f0 bau\u00f0 til s\u00edn Barnabasi og S\u00e1li, og \u00f3ska\u00f0i a\u00f0 heyra Gu\u00f0s or\u00f0.<a name=\"8\"><span class=\"versanumer\">8<\/span><\/a>\u00de\u00e1 st\u00f3\u00f0 m\u00f3ti \u00feeim El\u00edmas, t\u00f6fravitringurinn\u2014\u00fev\u00ed svo \u00fe\u00fd\u00f0ir nafn \u00feetta\u2014hann reyndi til a\u00f0 sn\u00faa landstj\u00f3rnaranum fr\u00e1 tr\u00fanni.<a name=\"9\"><span class=\"versanumer\">9<\/span><\/a>En S\u00e1l, hv\u00f6r e\u00f0 og h\u00e9t P\u00e1ll, var\u00f0 fullur af heil\u00f6gum Anda, hvessti \u00e1 hann augun og sag\u00f0i:<a name=\"10\"><span class=\"versanumer\">10<\/span><\/a>\u00f3 \u00fe\u00fa dj\u00f6fulssonur! fullur alls fals og fl\u00e1r\u00e6\u00f0is, \u00f3vinur allrar r\u00e9ttv\u00edsi, l\u00e6tur \u00fe\u00fa aldrei af a\u00f0 rangsn\u00faa r\u00e9ttum vegum Drottins?<a name=\"11\"><span class=\"versanumer\">11<\/span><\/a>vit n\u00fa, a\u00f0 h\u00f6nd Drottins skal hitta \u00feig, og blindur skalt\u00fa ver\u00f0a og ekki sj\u00e1 s\u00f3l um t\u00edma. Jafnsnart f\u00e9ll yfir hann \u00feoka og myrkur, svo a\u00f0 hann r\u00e1fa\u00f0i um kring, og leita\u00f0i einhv\u00f6rs, er leiddi hann.<a name=\"12\"><span class=\"versanumer\">12<\/span><\/a>\u00deegar landstj\u00f3rnarinn leit \u00feenna atbur\u00f0, tr\u00fa\u00f0i hann og undra\u00f0ist kenningu Drottins.<br \/><a name=\"13\"><span class=\"versanumer\">13<\/span><\/a>P\u00e1ll og \u00feeir, sem me\u00f0 honum v\u00f3ru, sigldu n\u00fa fr\u00e1 Pasus, og komu til Perge \u00ed Pamfil\u00edu, utan J\u00f3hannes, hann skildi vi\u00f0 \u00fe\u00e1 og sneri aftur til Jer\u00fasalem.<a name=\"14\"><span class=\"versanumer\">14<\/span><\/a>Hinir h\u00e9ldu \u00e1fram fr\u00e1 Perge \u00ed Ant\u00edokk\u00edu \u00ed Pisid\u00edulandi, gengu inn \u00ed samkunduh\u00fasi\u00f0 \u00e1 hv\u00edldardegi og settust ni\u00f0ur.<a name=\"15\"><span class=\"versanumer\">15<\/span><\/a>En eftir a\u00f0 lesi\u00f0 haf\u00f0i veri\u00f0 \u00ed l\u00f6gm\u00e1linu og sp\u00e1m\u00f6nnunum, sendu samkunduforstj\u00f3rarnir til \u00feeirra og l\u00e9tu segja \u00feeim: g\u00f3\u00f0ir menn og br\u00e6\u00f0ur! ef \u00fe\u00e9r hafi\u00f0 nokku\u00f0 a\u00f0 m\u00e6la til uppbyggingar f\u00f3lkinu, \u00fe\u00e1 tali\u00f0.<a name=\"16\"><span class=\"versanumer\">16<\/span><\/a>P\u00e1ll st\u00f3\u00f0 \u00fe\u00e1 upp og eftir a\u00f0 hafa be\u00f0i\u00f0 s\u00e9r hlj\u00f3\u00f0s me\u00f0 hendinni, r\u00e6ddi svo: \u00fe\u00e9r \u00cdsraels menn! og \u00fe\u00e9r, sem Gu\u00f0 \u00f3ttist, heyri\u00f0!<a name=\"17\"><span class=\"versanumer\">17<\/span><\/a>Gu\u00f0 \u00feess f\u00f3lks \u00fatvaldi fe\u00f0ur vora og efldi f\u00f3lki\u00f0, me\u00f0an \u00fea\u00f0 var \u00fatlent \u00ed Egyptalandi; \u00fea\u00f0an \u00fatleiddi hann \u00fea\u00f0 me\u00f0 upplyftum armlegg,<a name=\"18\"><span class=\"versanumer\">18<\/span><\/a>og anna\u00f0ist \u00ed ey\u00f0im\u00f6rkinni n\u00e6rri fj\u00f6rut\u00edu \u00e1r.<a name=\"19\"><span class=\"versanumer\">19<\/span><\/a>S\u00ed\u00f0an afm\u00e1\u00f0i hann sj\u00f6 \u00fej\u00f3\u00f0ir \u00ed Kanaan og skipti me\u00f0 \u00feeim \u00feeirra landi.<a name=\"20\"><span class=\"versanumer\">20<\/span><\/a>Eftir \u00fea\u00f0, um n\u00e6rri \u00fev\u00ed fj\u00f6gur hundru\u00f0 og fimmt\u00edu \u00e1r, gaf hann \u00feeim d\u00f3mara, allt til Sam\u00faels sp\u00e1manns.<a name=\"21\"><span class=\"versanumer\">21<\/span><\/a>\u00de\u00e1 beiddust \u00feeir konungs, og Gu\u00f0 gaf \u00feeim S\u00e1l Kisson, mann af Benjam\u00edns\u00e6tt, \u00ed fj\u00f6rut\u00edu \u00e1r.<a name=\"22\"><span class=\"versanumer\">22<\/span><\/a>En er hann haf\u00f0i fellt hann, h\u00f3f hann Dav\u00ed\u00f0 \u00feeim til konungs, um hv\u00f6rn hann \u00fear hj\u00e1 vitna\u00f0i: \u201eeg hefi fundi\u00f0 Jesseson, sem m\u00e9r ge\u00f0jast, og framkv\u00e6ma mun allan minn vilja\u201c.<a name=\"23\"><span class=\"versanumer\">23<\/span><\/a>Af \u00feessa manns afsprengi l\u00e9t Gu\u00f0, eftir s\u00ednu fyrirheiti, koma \u00cdsraels Frelsara Jes\u00fam,<a name=\"24\"><span class=\"versanumer\">24<\/span><\/a>og r\u00e9tt \u00e1 undan hans komu bo\u00f0a\u00f0i J\u00f3hannes i\u00f0runarsk\u00edrn \u00f6llum \u00cdsraels l\u00fd\u00f0.<a name=\"25\"><span class=\"versanumer\">25<\/span><\/a>En er J\u00f3hannes haf\u00f0i enda\u00f0 sitt skei\u00f0, sag\u00f0i hann: eg em ekki s\u00e1, sem \u00fei\u00f0 haldi\u00f0, heldur sj\u00e1i\u00f0! s\u00e1 kemur eftir mig, hv\u00f6rs sk\u00f3\u00fevengi eg em ekki ver\u00f0ugur a\u00f0 leysa.<a name=\"26\"><span class=\"versanumer\">26<\/span><\/a>G\u00f3\u00f0ir menn og br\u00e6\u00f0ur! \u00fe\u00e9r ni\u00f0jar Abrahams, og hv\u00f6r einn y\u00f0ar \u00e1 me\u00f0al, sem \u00f3ttast Gu\u00f0! y\u00f0ur er sent or\u00f0 \u00feessa hj\u00e1lpr\u00e6\u00f0is;<a name=\"27\"><span class=\"versanumer\">27<\/span><\/a>\u00fev\u00ed Jer\u00fasalems borgarmenn og \u00feeirra h\u00f6f\u00f0ingjar, hafa, me\u00f0 van\u00feekkingu sinni \u00e1 honum og sp\u00e1mannanna sk\u00edrum or\u00f0um, sem hv\u00f6rn helgan dag eru lesin, og me\u00f0 \u00fev\u00ed a\u00f0 ford\u00e6ma hann, olla\u00f0 \u00fev\u00ed a\u00f0 \u00feau r\u00e6ttust.<a name=\"28\"><span class=\"versanumer\">28<\/span><\/a>\u00dev\u00ed jafnvel \u00fe\u00f3tt \u00feeir enga dau\u00f0as\u00f6k fyndi, kr\u00f6f\u00f0u \u00feeir samt af P\u00edlatusi a\u00f0 hann yr\u00f0i l\u00edfl\u00e1tinn.<a name=\"29\"><span class=\"versanumer\">29<\/span><\/a>Eftir a\u00f0 \u00feeir \u00feannig h\u00f6f\u00f0u uppfyllt allt hva\u00f0 um hann var rita\u00f0, var hann tekinn ni\u00f0ur af tr\u00e9nu og lag\u00f0ur \u00ed gr\u00f6f,<a name=\"30\"><span class=\"versanumer\">30<\/span><\/a>en Gu\u00f0 reisti hann fr\u00e1 dau\u00f0um,<a name=\"31\"><span class=\"versanumer\">31<\/span><\/a>svo hann s\u00e1st marga daga af \u00feeim, sem h\u00f6f\u00f0u fari\u00f0 me\u00f0 honum \u00far Gal\u00edleu upp til Jer\u00fasalem, hv\u00f6rjir a\u00f0 eru vottar hans til f\u00f3lksins,<a name=\"32\"><span class=\"versanumer\">32<\/span><\/a>og v\u00e9r berum y\u00f0ur \u00feessa gle\u00f0ifregn um fyrirheiti\u00f0, sem ske\u00f0i til fe\u00f0ranna, a\u00f0 Gu\u00f0 er b\u00fainn a\u00f0 efna \u00fea\u00f0 vi\u00f0 oss b\u00f6rn \u00feeirra,<a name=\"33\"><span class=\"versanumer\">33<\/span><\/a>me\u00f0 \u00fev\u00ed a\u00f0 l\u00e1ta Jes\u00fam uppr\u00edsa, eins og skrifa\u00f0 er \u00ed s\u00e1lminum: \u201e\u00fe\u00fa ert minn Sonur, \u00ed dag hefi eg \u00feig geti\u00f0\u201c.<a name=\"34\"><span class=\"versanumer\">34<\/span><\/a>En a\u00f0 hann haf\u00f0i reist hann fr\u00e1 dau\u00f0um, sem aldrei framar skyldi hverfa til rotnunar, \u00fear um tala\u00f0i hann \u00feanninn: \u201eeg mun efna vi\u00f0 y\u00f0ur \u00feann heilaga s\u00e1ttm\u00e1la sem eg gj\u00f6r\u00f0i vi\u00f0 Dav\u00ed\u00f0\u201c;<a name=\"35\"><span class=\"versanumer\">35<\/span><\/a>hv\u00f6rs vegna hann segir \u00e1 \u00f6\u00f0rum sta\u00f0: \u201e\u00fe\u00fa munt ekki leyfa a\u00f0 \u00feinn heilagi kenni rotnunar\u201c.<a name=\"36\"><span class=\"versanumer\">36<\/span><\/a>N\u00fa er Dav\u00ed\u00f0, eftir a\u00f0 hafa \u00fej\u00f3na\u00f0 a\u00f0 Gu\u00f0s tilgangi s\u00edna l\u00edfst\u00ed\u00f0, d\u00e1inn og lag\u00f0ur hj\u00e1 fe\u00f0rum s\u00ednum og kenndi rotnunar;<a name=\"37\"><span class=\"versanumer\">37<\/span><\/a>en s\u00e1, hv\u00f6rn Gu\u00f0 uppreisti, hann kenndi ekki rotnunar.<a name=\"38\"><span class=\"versanumer\">38<\/span><\/a>\u00dev\u00ed s\u00e9 y\u00f0ur vitanlegt, g\u00f3\u00f0ir menn og br\u00e6\u00f0ur, a\u00f0 hans vegna bo\u00f0ast y\u00f0ur syndafyrirgefning,<a name=\"39\"><span class=\"versanumer\">39<\/span><\/a>og \u00fea\u00f0, sem \u00fe\u00e9r, eftir M\u00f3sis l\u00f6gm\u00e1li, ekki g\u00e1tu\u00f0 fengi\u00f0 lausn fr\u00e1, vi\u00f0 \u00fea\u00f0 allt skulu\u00f0 \u00fe\u00e9r, hv\u00f6r og einn, sem \u00e1 hann tr\u00fai\u00f0, kvittir ver\u00f0a hans vegna.<a name=\"40\"><span class=\"versanumer\">40<\/span><\/a>Sj\u00e1i\u00f0 \u00fev\u00ed til, a\u00f0 ekki r\u00e6tist \u00e1 y\u00f0ur umm\u00e6li sp\u00e1mannanna: \u201egefi\u00f0 g\u00e6tur a\u00f0, \u00fe\u00e9r sm\u00e1narar!<a name=\"41\"><span class=\"versanumer\">41<\/span><\/a>undrist og ver\u00f0i\u00f0 a\u00f0 engu; \u00fev\u00ed gj\u00f6rning <span class='VideyAth'>a)<\/span> mun eg gj\u00f6ra \u00e1 y\u00f0ar d\u00f6gum, gj\u00f6rning, hv\u00f6rjum \u00fe\u00e9r ekki mundu\u00f0 tr\u00faa, \u00fe\u00f3 einhv\u00f6r seg\u00f0i y\u00f0ur hann\u201c.<a name=\"42\"><span class=\"versanumer\">42<\/span><\/a>\u00deegar \u00feeir gengu \u00fat, b\u00e1\u00f0u menn \u00fe\u00e1 a\u00f0 tala sama erindi n\u00e6sta helgan dag,<a name=\"43\"><span class=\"versanumer\">43<\/span><\/a>og er samkoman skildist a\u00f0, fylgdu margir Gy\u00f0ingar og gu\u00f0r\u00e6knir menn, er til Gy\u00f0inga tr\u00faar h\u00f6f\u00f0u sn\u00faist, P\u00e1li og Barnabasi, sem me\u00f0 umt\u00f6lum s\u00ednum hv\u00f6ttu \u00fe\u00e1 til a\u00f0 halda s\u00e9r f\u00f6stum vi\u00f0 Gu\u00f0s n\u00e1\u00f0. <br \/><a name=\"44\"><span class=\"versanumer\">44<\/span><\/a>Helgina n\u00e6st eftir kom n\u00e6stum gj\u00f6rv\u00f6ll borgin saman til a\u00f0 heyra Gu\u00f0s or\u00f0.<a name=\"45\"><span class=\"versanumer\">45<\/span><\/a>En er Gy\u00f0ingar litu mannmerg\u00f0ina, fylltust \u00feeir vandl\u00e6tingar og t\u00f6lu\u00f0u me\u00f0 m\u00f3tm\u00e6lum og lastyr\u00f0um gegn \u00fev\u00ed, sem P\u00e1ll kenndi.<a name=\"46\"><span class=\"versanumer\">46<\/span><\/a>P\u00e1ll og Barnabas s\u00f6g\u00f0u \u00fe\u00e1 einar\u00f0lega: Gu\u00f0s or\u00f0 hlaut fyrst a\u00f0 berast upp fyrir y\u00f0ur, en \u00fear \u00fe\u00e9r burtsk\u00fafi\u00f0 \u00fev\u00ed og meti\u00f0 y\u00f0ur sj\u00e1lfa ekki ver\u00f0uga eil\u00edfs l\u00edfs, sj\u00e1i\u00f0! \u00fe\u00e1 sn\u00faum v\u00e9r oss til hei\u00f0inna manna,<a name=\"47\"><span class=\"versanumer\">47<\/span><\/a>\u00fev\u00ed svo hefir Drottinn bo\u00f0i\u00f0 oss: \u201eeg hefi sett \u00feig til lj\u00f3ss hei\u00f0num \u00fej\u00f3\u00f0um, a\u00f0 \u00fe\u00fa s\u00e9rt til hj\u00e1lpr\u00e6\u00f0is til jar\u00f0arinnar ystu endimarka.\u201c<a name=\"48\"><span class=\"versanumer\">48<\/span><\/a>\u00deegar hei\u00f0ingjarnir heyr\u00f0u \u00feetta, gl\u00f6ddust \u00feeir og vegs\u00f6mu\u00f0u or\u00f0 Drottins, og svo margir, sem til eil\u00edfs l\u00edfs voru \u00e6tla\u00f0ir, ur\u00f0u tr\u00faa\u00f0ir.<a name=\"49\"><span class=\"versanumer\">49<\/span><\/a>N\u00fa \u00fatbreiddist or\u00f0 Drottins um allt bygg\u00f0arlagi\u00f0;<a name=\"50\"><span class=\"versanumer\">50<\/span><\/a>en Gy\u00f0ingar \u00e6stu upp m\u00e1lsmetandi konur sem teki\u00f0 h\u00f6f\u00f0u Gy\u00f0inga tr\u00fa og fyrirmenn borgarinnar, og v\u00f6ktu ofs\u00f3kn gegn P\u00e1li og Barnabasi, og r\u00e1ku \u00fe\u00e1 burt \u00far s\u00ednu h\u00e9ra\u00f0i.<a name=\"51\"><span class=\"versanumer\">51<\/span><\/a>\u00deeir hristu \u00fe\u00e1 dufti\u00f0 af f\u00f3tum s\u00e9r \u00e1 \u00fe\u00e1, og f\u00f3ru til Ikon\u00edu;<a name=\"52\"><span class=\"versanumer\">52<\/span><\/a>en l\u00e6risveinarnir <span class='VideyAth'>b)<\/span> fylltust f\u00f6gnu\u00f0i og helgum Anda.<\/p>\n<div class=\"footnoteVidey\">V. 1. c. sbr. 1 Kor. 12,10. Es. 4,11  V. 5.. d. Nl. \u00ed kristnibo\u00f0inu.  V. 6. \u00cd Pasus sat landsh\u00f6f\u00f0inginn.  V. 18. sj\u00e1 2 M\u00f3s. 4.7.8.9.10.12.-14.  V. 21. sj\u00e1 1 Sam. 8,5.  V. 22. 1 Sam. 13,11. 16,12. S\u00e1lm. 89,21.  V. 25. J\u00f3h. 1,20. L\u00fak. 3,16.  V. 33. S\u00e1lm. 2,7. sbr. 1,4.  V. 34. Es. 55,3.  V. 35. S\u00e1lm. 16,10.  V. 45. Habak. 1,5 ff. a. \u00de. e. d\u00f3mur Gu\u00f0s yfir \u00feeim vantr\u00fau\u00f0u.  V. 47. Es. 49,6.  V. 48. Sbr. R\u00f3m. 13,1; \u00f6ll g\u00e6\u00f0i, sem oss hlotnast, eru Gu\u00f0s r\u00e1\u00f0 og n\u00e1\u00f0argj\u00f6f.  V. 52. b. \u00fe. e. kristnir.<\/div>\n","protected":false},"excerpt":{"rendered":"<p>Barnabas og S\u00e1l f\u00e1 k\u00f6llun a\u00f0 kenna hei\u00f0ingjum; Mark\u00fas yfirgefur \u00fe\u00e1; P\u00e1ll pr\u00e9dikar \u00ed Pisid\u00edu; Gy\u00f0ingar ver\u00f0a uppv\u00e6gir; P\u00e1ll og Barnabas fara til Ikon\u00edu. 1\u00cd S\u00f6fnu\u00f0inum \u00ed Ant\u00edokk\u00edu voru ekki allf\u00e1ir sp\u00e1menn og l\u00e6rife\u00f0ur c), svo sem Barnabas, S\u00edmon, a\u00f0 auknefni N\u00edger, L\u00fas\u00edus fr\u00e1 S\u00fdrene, Manaen, samf\u00f3stri Her\u00f3desar Fj\u00f3r\u00f0ungsh\u00f6f\u00f0ingja, og S\u00e1l.2Eitt sinn er \u00feeir \u00fej\u00f3nu\u00f0u Drottni og f\u00f6stu\u00f0u, sag\u00f0i heilagur Andi: taki\u00f0 fr\u00e1 handa m\u00e9r Barnabas og S\u00e1l, til \u00feess verks, sem eg hefi \u00feeim \u00e6tla\u00f0.3\u00deeir f\u00f6stu\u00f0u \u00fe\u00e1 og b\u00e1\u00f0ust fyrir, l\u00f6g\u00f0u hendur yfir \u00fe\u00e1, og l\u00e9tu \u00fe\u00e1 svo fara.4\u00deessir, sem af heil\u00f6gum Anda voru \u00fatsendir, f\u00f3ru til Selevs\u00edu og <a href=\"https:\/\/biblian.is\/videy\/postulasagan-13-kafli\/\"> [&#8230;]<\/a><\/p>\n","protected":false},"author":1,"featured_media":0,"parent":0,"menu_order":0,"comment_status":"open","ping_status":"open","template":"bibliukaflar.php","meta":{"footnotes":""},"class_list":["post-21880","page","type-page","status-publish","hentry"],"_links":{"self":[{"href":"https:\/\/biblian.is\/videy\/wp-json\/wp\/v2\/pages\/21880","targetHints":{"allow":["GET"]}}],"collection":[{"href":"https:\/\/biblian.is\/videy\/wp-json\/wp\/v2\/pages"}],"about":[{"href":"https:\/\/biblian.is\/videy\/wp-json\/wp\/v2\/types\/page"}],"author":[{"embeddable":true,"href":"https:\/\/biblian.is\/videy\/wp-json\/wp\/v2\/users\/1"}],"replies":[{"embeddable":true,"href":"https:\/\/biblian.is\/videy\/wp-json\/wp\/v2\/comments?post=21880"}],"version-history":[{"count":0,"href":"https:\/\/biblian.is\/videy\/wp-json\/wp\/v2\/pages\/21880\/revisions"}],"wp:attachment":[{"href":"https:\/\/biblian.is\/videy\/wp-json\/wp\/v2\/media?parent=21880"}],"curies":[{"name":"wp","href":"https:\/\/api.w.org\/{rel}","templated":true}]}}