{"id":21878,"date":"2018-01-02T01:04:35","date_gmt":"2018-01-02T01:04:35","guid":{"rendered":"http:\/\/biblian.is\/videy\/postulasagan-11-kafli\/"},"modified":"2018-01-02T01:04:35","modified_gmt":"2018-01-02T01:04:35","slug":"postulasagan-11-kafli","status":"publish","type":"page","link":"https:\/\/biblian.is\/videy\/postulasagan-11-kafli\/","title":{"rendered":"Postulasagan 11. kafli"},"content":{"rendered":"<div class=\"fyrirsognVidey\">P\u00e9tur afsakar s\u00edna umgengni vi\u00f0 hei\u00f0ingja; kristnir, sem tv\u00edstrast h\u00f6f\u00f0u, kenna v\u00ed\u00f0a; P\u00e1ll og Barrabas pr\u00e9dika \u00ed Ant\u00edok\u00edu; Agapus sp\u00e1ir hall\u00e6ri, og \u00f6lmusum er safna\u00f0.<\/div>\n<p><a name=\"1\"><span class=\"versanumer\">1<\/span><\/a>\u00dea\u00f0 kom til eyrna postulunum og br\u00e6\u00f0runum \u00ed J\u00fad\u00e6u, a\u00f0 einnin hei\u00f0ingjar hef\u00f0u teki\u00f0 vi\u00f0 Gu\u00f0s or\u00f0i,<a name=\"2\"><span class=\"versanumer\">2<\/span><\/a>og \u00feegar P\u00e9tur kom heim til Jer\u00fasalem, \u00e1t\u00f6ldu hinir umskornu hann svo segjandi:<a name=\"3\"><span class=\"versanumer\">3<\/span><\/a>\u00fe\u00fa hefir heims\u00f3tt \u00f3umskorna og samneytt \u00feeim.<a name=\"4\"><span class=\"versanumer\">4<\/span><\/a>En P\u00e9tur innti \u00feeim \u00fe\u00e1 alla s\u00f6guna fr\u00e1 r\u00f3tum, og sag\u00f0i:<a name=\"5\"><span class=\"versanumer\">5<\/span><\/a>eg var \u00ed borginni Joppe \u00e1 b\u00e6n, og s\u00e1, fr\u00e1 m\u00e9r numinn, \u00ed s\u00fdn, ker koma fr\u00e1 himni, \u00e1s\u00fdndum sem l\u00ednd\u00fak, uppbundinn \u00ed fj\u00f3rum hornum, og fara a\u00f0 m\u00e9r;<a name=\"6\"><span class=\"versanumer\">6<\/span><\/a>og er eg festi sj\u00f3nir \u00e1 \u00fev\u00ed, var\u00f0 eg var vi\u00f0 og s\u00e1 \u00ed \u00fev\u00ed alls konar ferf\u00e6tt d\u00fdr, villid\u00fdr, skri\u00f0kvikindi og fugla himins.<a name=\"7\"><span class=\"versanumer\">7<\/span><\/a>Svo heyr\u00f0a eg raust, sem sag\u00f0i til m\u00edn: statt\u00fa upp, P\u00e9tur! sl\u00e1tra og et!<a name=\"8\"><span class=\"versanumer\">8<\/span><\/a>eg svara\u00f0i: nei, Drottinn, enganveginn! \u00fev\u00ed aldrei hefir neitt \u00f3heilagt e\u00f0ur \u00f3hreint komi\u00f0 m\u00e9r \u00ed munn.<a name=\"9\"><span class=\"versanumer\">9<\/span><\/a>\u00de\u00e1 sag\u00f0i raustin af himni \u00ed anna\u00f0 sinn: hva\u00f0 Gu\u00f0 hefir gj\u00f6rt hreint, \u00fea\u00f0 skalt\u00fa ekki meta vanheilagt.<a name=\"10\"><span class=\"versanumer\">10<\/span><\/a>\u00deetta ske\u00f0i \u00ferisvar sinnum, s\u00ed\u00f0an var allt aftur til himins upp dregi\u00f0;<a name=\"11\"><span class=\"versanumer\">11<\/span><\/a>og sj\u00e1! samstundis st\u00f3\u00f0u \u00fer\u00edr menn vi\u00f0 h\u00fasi\u00f0, sem v\u00e9r vorum \u00ed, sendir fr\u00e1 Sesareu til m\u00edn,<a name=\"12\"><span class=\"versanumer\">12<\/span><\/a>og Andinn sag\u00f0i m\u00e9r a\u00f0 fylgjast me\u00f0 \u00feeim hiklaust. Samfer\u00f0a m\u00e9r ur\u00f0u \u00feessir sex br\u00e6\u00f0ur, og v\u00e9r gengum inn \u00ed h\u00fas mannsins.<a name=\"13\"><span class=\"versanumer\">13<\/span><\/a>Hann sag\u00f0i okkur fr\u00e1, hv\u00f6rninn hann hef\u00f0i s\u00e9\u00f0 engil \u00ed h\u00fasi s\u00ednu, er st\u00f3\u00f0 \u00fear og sag\u00f0i vi\u00f0 hann: send\u00fa menn til Joppe og l\u00e1ttu s\u00e6kja S\u00edmon, sem kallast P\u00e9tur;<a name=\"14\"><span class=\"versanumer\">14<\/span><\/a>hann mun segja \u00fe\u00e9r \u00feau sannindi sem munu gj\u00f6ra \u00feig og allt \u00feitt h\u00fas h\u00f3lpi\u00f0.<a name=\"15\"><span class=\"versanumer\">15<\/span><\/a>En strax og eg f\u00f3r a\u00f0 tala, f\u00e9ll heilagur Andi yfir \u00fe\u00e1, eins og yfir oss \u00ed \u00f6ndver\u00f0u.<a name=\"16\"><span class=\"versanumer\">16<\/span><\/a>Eg minntist \u00fe\u00e1 or\u00f0a Drottins, er hann sag\u00f0i: J\u00f3hannes sk\u00edr\u00f0i me\u00f0 vatni, en \u00fe\u00e9r skulu\u00f0 sk\u00edrast me\u00f0 heil\u00f6gum Anda.<a name=\"17\"><span class=\"versanumer\">17<\/span><\/a>Fyrst Gu\u00f0 gaf \u00feeim n\u00fa s\u00f6mu gj\u00f6f og oss, \u00fe\u00e1 \u00feeir tr\u00fa\u00f0u \u00e1 Herrann Jes\u00fam Krist, hv\u00f6rninn var eg \u00feess \u00fe\u00e1 umkominn a\u00f0 aftra Gu\u00f0i?<a name=\"18\"><span class=\"versanumer\">18<\/span><\/a>\u00deegar \u00feeir h\u00f6f\u00f0u \u00feetta heyrt, \u00fe\u00f6gnu\u00f0u \u00feeir og vegs\u00f6mu\u00f0u Gu\u00f0 segjandi: Gu\u00f0 hefir \u00fe\u00e1 einnig unnt hei\u00f0num \u00fej\u00f3\u00f0um endurvitkunar til s\u00e1luhj\u00e1lpar. <br \/><a name=\"19\"><span class=\"versanumer\">19<\/span><\/a>\u00deeir, sem tv\u00edstrast h\u00f6f\u00f0u \u00ed ofs\u00f3kninni gegn Stef\u00e1ni, f\u00f3ru allt til F\u00f6nis\u00edulands, til S\u00fdpruseyjar og til Ant\u00edokk\u00eduborgar, en b\u00e1ru ekki l\u00e6rd\u00f3minn upp fyrir \u00f6\u00f0rum en Gy\u00f0ingum einum.<a name=\"20\"><span class=\"versanumer\">20<\/span><\/a>Samt voru nokkrir me\u00f0al \u00feeirra, \u00e6tta\u00f0ir \u00far S\u00fdprus og S\u00fdrene, sem, vi\u00f0 komu s\u00edna til Ant\u00edok\u00edu, t\u00f6lu\u00f0u fyrir Grikkjum fagna\u00f0arbo\u00f0skapinn um Herrann Jes\u00fas.<a name=\"21\"><span class=\"versanumer\">21<\/span><\/a>Og h\u00f6nd Drottins var me\u00f0 \u00feeim, svo a\u00f0 mikill fj\u00f6ldi tr\u00fa\u00f0i og sneri s\u00e9r til Drottins.<a name=\"22\"><span class=\"versanumer\">22<\/span><\/a>\u00deegar fregnin h\u00e9r barst til eyrna safna\u00f0arins \u00ed Jer\u00fasalem, sendi hann \u00fat Barnabas, a\u00f0 hann f\u00e6ri til Ant\u00edokkiu;<a name=\"23\"><span class=\"versanumer\">23<\/span><\/a>og sem hann kom og s\u00e1 n\u00e1\u00f0 Gu\u00f0s, gladdist hann, og upp\u00f6rva\u00f0i alla a\u00f0 halda s\u00e9r vi\u00f0 Drottin me\u00f0 einl\u00e6gu hjarta,<a name=\"24\"><span class=\"versanumer\">24<\/span><\/a>\u00fev\u00ed hann var g\u00f3\u00f0ur ma\u00f0ur, fullur heilags Anda og tr\u00faar; og mikill fj\u00f6ldi b\u00e6ttist Drottni.<a name=\"25\"><span class=\"versanumer\">25<\/span><\/a>\u00dea\u00f0an f\u00f3r Barnabas til Tarsus til a\u00f0 leita a\u00f0 S\u00e1l,<a name=\"26\"><span class=\"versanumer\">26<\/span><\/a>og er hann haf\u00f0i fundi\u00f0 hann, f\u00e9kk hann hann me\u00f0 s\u00e9r til Antiokk\u00edu, og var\u00f0 \u00fea\u00f0 af, a\u00f0 \u00feeir voru saman allt \u00e1ri\u00f0 hj\u00e1 \u00feeim s\u00f6fnu\u00f0i, og kenndu \u00fear fj\u00f6lda f\u00f3lks, svo a\u00f0 \u00ed Ant\u00edokk\u00edu nefndust l\u00e6risveinarnir fyrst k r i s t n i r.<a name=\"27\"><span class=\"versanumer\">27<\/span><\/a>Um s\u00f6mu mundir komu sp\u00e1menn fr\u00e1 Jer\u00fasalem til Ant\u00edokk\u00edu;<a name=\"28\"><span class=\"versanumer\">28<\/span><\/a>me\u00f0al \u00feeirra gekk einn fram, a\u00f0 nafni Agapus og sag\u00f0i fyrir, af andagift sinni, a\u00f0 miki\u00f0 hall\u00e6ri mundi koma yfir gj\u00f6rvallt landi\u00f0, hva\u00f0 og ske\u00f0i undir Kl\u00e1d\u00edus keisara.<a name=\"29\"><span class=\"versanumer\">29<\/span><\/a>l\u00e6risveinarnir \u00e1lyktu\u00f0u \u00fev\u00ed, hver eftir s\u00ednum efnum, a\u00f0 senda nokku\u00f0 til bjargar br\u00e6\u00f0runum, sem bjuggu \u00ed J\u00fadeu,<a name=\"30\"><span class=\"versanumer\">30<\/span><\/a>hva\u00f0 \u00feeir og gj\u00f6r\u00f0u, og sendu \u00fea\u00f0 me\u00f0 Barnabas og S\u00e1l til \u00f6ldunganna.<\/p>\n<div class=\"footnoteVidey\">V. 16. Kap. 1,5. samanb. me\u00f0 Matt. 3,11.  V. 19. Kap. 8,1.<\/div>\n","protected":false},"excerpt":{"rendered":"<p>P\u00e9tur afsakar s\u00edna umgengni vi\u00f0 hei\u00f0ingja; kristnir, sem tv\u00edstrast h\u00f6f\u00f0u, kenna v\u00ed\u00f0a; P\u00e1ll og Barrabas pr\u00e9dika \u00ed Ant\u00edok\u00edu; Agapus sp\u00e1ir hall\u00e6ri, og \u00f6lmusum er safna\u00f0. 1\u00dea\u00f0 kom til eyrna postulunum og br\u00e6\u00f0runum \u00ed J\u00fad\u00e6u, a\u00f0 einnin hei\u00f0ingjar hef\u00f0u teki\u00f0 vi\u00f0 Gu\u00f0s or\u00f0i,2og \u00feegar P\u00e9tur kom heim til Jer\u00fasalem, \u00e1t\u00f6ldu hinir umskornu hann svo segjandi:3\u00fe\u00fa hefir heims\u00f3tt \u00f3umskorna og samneytt \u00feeim.4En P\u00e9tur innti \u00feeim \u00fe\u00e1 alla s\u00f6guna fr\u00e1 r\u00f3tum, og sag\u00f0i:5eg var \u00ed borginni Joppe \u00e1 b\u00e6n, og s\u00e1, fr\u00e1 m\u00e9r numinn, \u00ed s\u00fdn, ker koma fr\u00e1 himni, \u00e1s\u00fdndum sem l\u00ednd\u00fak, uppbundinn \u00ed fj\u00f3rum hornum, og fara a\u00f0 m\u00e9r;6og er eg <a href=\"https:\/\/biblian.is\/videy\/postulasagan-11-kafli\/\"> [&#8230;]<\/a><\/p>\n","protected":false},"author":1,"featured_media":0,"parent":0,"menu_order":0,"comment_status":"open","ping_status":"open","template":"bibliukaflar.php","meta":{"footnotes":""},"class_list":["post-21878","page","type-page","status-publish","hentry"],"_links":{"self":[{"href":"https:\/\/biblian.is\/videy\/wp-json\/wp\/v2\/pages\/21878","targetHints":{"allow":["GET"]}}],"collection":[{"href":"https:\/\/biblian.is\/videy\/wp-json\/wp\/v2\/pages"}],"about":[{"href":"https:\/\/biblian.is\/videy\/wp-json\/wp\/v2\/types\/page"}],"author":[{"embeddable":true,"href":"https:\/\/biblian.is\/videy\/wp-json\/wp\/v2\/users\/1"}],"replies":[{"embeddable":true,"href":"https:\/\/biblian.is\/videy\/wp-json\/wp\/v2\/comments?post=21878"}],"version-history":[{"count":0,"href":"https:\/\/biblian.is\/videy\/wp-json\/wp\/v2\/pages\/21878\/revisions"}],"wp:attachment":[{"href":"https:\/\/biblian.is\/videy\/wp-json\/wp\/v2\/media?parent=21878"}],"curies":[{"name":"wp","href":"https:\/\/api.w.org\/{rel}","templated":true}]}}