{"id":21877,"date":"2018-01-02T01:04:35","date_gmt":"2018-01-02T01:04:35","guid":{"rendered":"http:\/\/biblian.is\/videy\/postulasagan-10-kafli\/"},"modified":"2018-01-02T01:04:35","modified_gmt":"2018-01-02T01:04:35","slug":"postulasagan-10-kafli","status":"publish","type":"page","link":"https:\/\/biblian.is\/videy\/postulasagan-10-kafli\/","title":{"rendered":"Postulasagan 10. kafli"},"content":{"rendered":"<div class=\"fyrirsognVidey\">Engill vitrast Kornel\u00edusi, sem sendir til P\u00e9turs; P\u00e9tur f\u00e6r s\u00fdn, og fer til Sesareu, heldur r\u00e6\u00f0u um Krist fyrir Kornel\u00edusi og \u00f6\u00f0rum hei\u00f0ingjum, er \u00f6\u00f0last heilagan Anda og l\u00e1ta sk\u00edrast.<\/div>\n<p><a name=\"1\"><span class=\"versanumer\">1<\/span><\/a>Ma\u00f0ur nokkur var \u00ed Sesareu, a\u00f0 nafni Kornel\u00edus, hundra\u00f0sh\u00f6f\u00f0ingi \u00ed \u00feeim herflokki, er kalla\u00f0ist hinn ital\u00edski;<a name=\"2\"><span class=\"versanumer\">2<\/span><\/a>hann var gu\u00f0r\u00e6kinn og \u00f3tta\u00f0ist Gu\u00f0, samt allt hans h\u00fas, gaf og f\u00f3lki miklar \u00f6lmusur og ba\u00f0 i\u00f0uglega til Gu\u00f0s.<a name=\"3\"><span class=\"versanumer\">3<\/span><\/a>\u00deessi s\u00e1 \u00ed vitrun, n\u00e6r n\u00edundu stundu dags, bers\u00fdnilega engil Drottins ganga inn til s\u00edn og segja vi\u00f0 sig: Kornel\u00edus!<a name=\"4\"><span class=\"versanumer\">4<\/span><\/a>en hann star\u00f0i felmtsfullur \u00e1 engilinn og spur\u00f0i: Herra! hva\u00f0 vilt\u00fa m\u00e9r? engillinn svara\u00f0i: \u00fe\u00ednar b\u00e6nir og \u00f6lmusugj\u00f6r\u00f0ir eru uppstignar til minnis fram fyrir Gu\u00f0 <span class='VideyAth'>b)<\/span>;<a name=\"5\"><span class=\"versanumer\">5<\/span><\/a>og send \u00fe\u00fa n\u00fa menn til Joppe a\u00f0 l\u00e1ta s\u00e6kja S\u00edmon \u00feann, er kallast P\u00e9tur,<a name=\"6\"><span class=\"versanumer\">6<\/span><\/a>og gistir hj\u00e1 s\u00fatara nokkrum S\u00edmoni, hv\u00f6rs h\u00fas liggur vi\u00f0 sj\u00f3inn.<a name=\"7\"><span class=\"versanumer\">7<\/span><\/a>\u00deegar engillinn, sem tala\u00f0i vi\u00f0 hann, var burtfarinn, kalla\u00f0i hann \u00e1 tvo h\u00faskarla s\u00edna, og einn gu\u00f0r\u00e6kinn str\u00ed\u00f0smann af \u00feeim, er honum voru handgengnastir,<a name=\"8\"><span class=\"versanumer\">8<\/span><\/a>sag\u00f0i \u00feeim fr\u00e1 \u00f6llu og sendi \u00fe\u00e1 til Joppe.<br \/><a name=\"9\"><span class=\"versanumer\">9<\/span><\/a>Daginn eftir, \u00fe\u00e1 \u00feeir voru \u00e1 lei\u00f0inni og n\u00e1lgu\u00f0ust borgina, st\u00e9 P\u00e9tur upp \u00e1 h\u00fass\u00feaki\u00f0 til a\u00f0 gj\u00f6ra b\u00e6n s\u00edna, um h\u00e1degi;<a name=\"10\"><span class=\"versanumer\">10<\/span><\/a>en me\u00f0 \u00fev\u00ed hann hungra\u00f0i, vildi hann matar neyta; en me\u00f0an veri\u00f0 var a\u00f0 matrei\u00f0a, var\u00f0 hann fr\u00e1 s\u00e9r numinn,<a name=\"11\"><span class=\"versanumer\">11<\/span><\/a>og s\u00e1 himininn opnast og eitt ker fara ni\u00f0ur, l\u00edkt st\u00f3rum l\u00ednd\u00fak, uppbundnum \u00ed fj\u00f3rum hornum, er l\u00e1ti\u00f0 var ni\u00f0ur s\u00edga til jar\u00f0ar.<a name=\"12\"><span class=\"versanumer\">12<\/span><\/a>\u00dear \u00ed voru allsh\u00e1ttu\u00f0 ferf\u00e6tt d\u00fdr, villid\u00fdr og skri\u00f0kvikindi og fuglar himins.<a name=\"13\"><span class=\"versanumer\">13<\/span><\/a>Jafnframt heyr\u00f0i hann raust segja til s\u00edn: statt upp, P\u00e9tur! sl\u00e1tra og et!<a name=\"14\"><span class=\"versanumer\">14<\/span><\/a>P\u00e9tur ansa\u00f0i: nei, Drottinn, enganveginn! \u00fev\u00ed aldrei hefi eg eti\u00f0 neitt vanheilagt e\u00f0ur \u00f3hreint.<a name=\"15\"><span class=\"versanumer\">15<\/span><\/a>\u00de\u00e1 sag\u00f0i r\u00f6ddin \u00ed anna\u00f0 sinn til hans: hva\u00f0 Gu\u00f0 hefir gj\u00f6rt hreint, \u00fea\u00f0 skalt \u00fe\u00fa ekki meta vanheilagt.<a name=\"16\"><span class=\"versanumer\">16<\/span><\/a>\u00deetta ske\u00f0i \u00ferem sinnum og keri\u00f0 var\u00f0 numi\u00f0 aftur til himins.<a name=\"17\"><span class=\"versanumer\">17<\/span><\/a>Me\u00f0an P\u00e9tur var n\u00fa a\u00f0 \u00edgrunda, hva\u00f0 s\u00fdn \u00feessi mundi \u00fe\u00fd\u00f0a, sj\u00e1! \u00fe\u00e1 st\u00f3\u00f0u sendimenn Kornel\u00edusar, sem b\u00fanir voru a\u00f0 kalla og spyrja,<a name=\"18\"><span class=\"versanumer\">18<\/span><\/a>hv\u00f6rt S\u00edmon, sem kallast P\u00e9tur, v\u00e6ri \u00fear ekki til gistingar.<a name=\"19\"><span class=\"versanumer\">19<\/span><\/a>En er P\u00e9tur hugleiddi s\u00fdnina, sag\u00f0i Andinn honum: sj\u00e1! \u00fer\u00edr menn leita \u00fe\u00edn,<a name=\"20\"><span class=\"versanumer\">20<\/span><\/a>statt\u00fa \u00feess vegna upp og st\u00edg ofan og far hiklaust me\u00f0 \u00feeim, \u00fev\u00ed eg hefi sent \u00fe\u00e1.<a name=\"21\"><span class=\"versanumer\">21<\/span><\/a>P\u00e9tur gekk \u00fe\u00e1 ni\u00f0ur til mannanna og sag\u00f0i: sj\u00e1i\u00f0! eg er s\u00e1, sem \u00fe\u00e9r spyrji\u00f0 a\u00f0; hv\u00f6rs erindis komi\u00f0 \u00fe\u00e9r?<a name=\"22\"><span class=\"versanumer\">22<\/span><\/a>\u00feeir sv\u00f6ru\u00f0u: hundra\u00f0sh\u00f6f\u00f0inginn Kornel\u00edus, ma\u00f0ur r\u00e1\u00f0vandur og gu\u00f0hr\u00e6ddur og or\u00f0s\u00e6ll af allri Gy\u00f0inga\u00fej\u00f3\u00f0, f\u00e9kk vitran af heil\u00f6gum engli, a\u00f0 senda eftir \u00fe\u00e9r til s\u00edn og heyra \u00fe\u00edn or\u00f0.<a name=\"23\"><span class=\"versanumer\">23<\/span><\/a>P\u00e9tur bau\u00f0 \u00feeim inn og veitti \u00feeim beina. Um morguninn st\u00f3\u00f0 hann upp og f\u00f3r me\u00f0 \u00feeim, og nokkrir af br\u00e6\u00f0runum, sem heima \u00e1ttu \u00ed Joppe, f\u00f3ru me\u00f0 honum.<a name=\"24\"><span class=\"versanumer\">24<\/span><\/a>N\u00e6sta dag komu \u00feeir til Sesareu. 24. N\u00e6sta dag komu \u00feeir til Sesareu. Kornel\u00edus v\u00e6nti \u00feeirra og haf\u00f0i bo\u00f0i\u00f0 til s\u00edn fr\u00e6ndum s\u00ednum og einkavinum.<a name=\"25\"><span class=\"versanumer\">25<\/span><\/a>\u00cd \u00fev\u00ed P\u00e9tur gekk inn, kom Kornel\u00edus \u00e1 m\u00f3ti honum, og laut honum me\u00f0 kn\u00e9falli.<a name=\"26\"><span class=\"versanumer\">26<\/span><\/a>P\u00e9tur reisti hann upp, og sag\u00f0i: statt\u00fa upp! eg em einnig ma\u00f0ur,<a name=\"27\"><span class=\"versanumer\">27<\/span><\/a>gaf sig \u00e1 tal vi\u00f0 hann, gekk s\u00ed\u00f0an inn, og fann \u00fear margmenni saman komi\u00f0.<a name=\"28\"><span class=\"versanumer\">28<\/span><\/a>Hann sag\u00f0i \u00fe\u00e1 til \u00feeirra: \u00fe\u00e9r viti\u00f0 hv\u00edl\u00edkt \u00f3d\u00e6\u00f0i \u00fea\u00f0 er Gy\u00f0ingi, a\u00f0 samlaga sig e\u00f0ur heims\u00e6kja \u00fatlendinga <span class='VideyAth'>a)<\/span>; en Gu\u00f0 er b\u00fainn a\u00f0 s\u00fdna m\u00e9r, a\u00f0 eg \u00e1 engan mann a\u00f0 kalla vanheilagan e\u00f0ur \u00f3hreinan, og \u00feess vegna kom eg m\u00f3tm\u00e6lislaust, \u00fe\u00e1 eftir m\u00e9r var sent.<a name=\"29\"><span class=\"versanumer\">29<\/span><\/a>En n\u00fa vilda eg spyrja, hv\u00f6rra orsaka vegna \u00fe\u00e9r hafi\u00f0 sent eftir m\u00e9r?<a name=\"30\"><span class=\"versanumer\">30<\/span><\/a>Kornel\u00edus svara\u00f0i: fr\u00e1 fj\u00f3r\u00f0a degi h\u00e9r fr\u00e1 til \u00feessarar stundar fasta\u00f0i eg, og um n\u00edundu stundu ba\u00f0st eg fyrir \u00ed h\u00fasi m\u00ednu; \u00fe\u00e1 ske\u00f0i \u00fea\u00f0, a\u00f0 ma\u00f0ur st\u00f3\u00f0 frammi fyrir m\u00e9r \u00ed sk\u00ednandi kl\u00e6\u00f0um, og sag\u00f0i:<a name=\"31\"><span class=\"versanumer\">31<\/span><\/a>Kornel\u00edus! \u00fe\u00edn b\u00e6n er heyr\u00f0, og \u00feinna \u00f6lmusugj\u00f6r\u00f0a er minnst fyrir Gu\u00f0i;<a name=\"32\"><span class=\"versanumer\">32<\/span><\/a>Send\u00fa \u00fev\u00ed til Joppe og l\u00e1tt\u00fa kalla hinga\u00f0 S\u00edmon, er kallast P\u00e9tur, er gistir \u00ed h\u00fasi S\u00edmonar s\u00fatara vi\u00f0 sj\u00f3inn; \u00fe\u00e1 hann kemur, mun hann fr\u00e6\u00f0a \u00feig.<a name=\"33\"><span class=\"versanumer\">33<\/span><\/a>\u00deess vegna senda eg strax til \u00fe\u00edn, og hefir \u00fe\u00fa gj\u00f6rt vel a\u00f0 \u00fe\u00fa komst. N\u00fa erum v\u00e9r h\u00e9r allir til sta\u00f0ar fyrir augs\u00fdn Gu\u00f0s, til a\u00f0 heyra allt hva\u00f0 \u00fe\u00e9r er af Gu\u00f0i umbo\u00f0i\u00f0.<a name=\"34\"><span class=\"versanumer\">34<\/span><\/a>\u00de\u00e1 lauk P\u00e9tur upp s\u00ednum munni, og sag\u00f0i: sannlega er eg kominn a\u00f0 raun um, a\u00f0 hj\u00e1 Gu\u00f0i er ekkert manngreinar\u00e1lit,<a name=\"35\"><span class=\"versanumer\">35<\/span><\/a>heldur er hv\u00f6r s\u00e1, sem \u00f3ttast hann og hagar s\u00e9r r\u00e1\u00f0vandlega, honum \u00fe\u00f3knanlegur af hva\u00f0a \u00fej\u00f3\u00f0, sem hann er.<a name=\"36\"><span class=\"versanumer\">36<\/span><\/a>\u00de\u00e9r hafi\u00f0 heyrt um \u00feann l\u00e6rd\u00f3m, sem Gu\u00f0 hefir sent \u00cdsraelsb\u00f6rnum, \u00feann er bo\u00f0ar fri\u00f0 fyri Jes\u00fam Krist, sem a\u00f0 er Drottinn allra.<a name=\"37\"><span class=\"versanumer\">37<\/span><\/a>\u00de\u00e9r \u00feekki\u00f0 \u00fe\u00e1 atbur\u00f0i, sem ske\u00f0 hafa um allt Gy\u00f0ingaland, og h\u00f3fust \u00ed Gal\u00edleu eftir \u00fe\u00e1 sk\u00edrn, sem J\u00f3hannes bo\u00f0a\u00f0i,<a name=\"38\"><span class=\"versanumer\">38<\/span><\/a>hv\u00f6rsu Gu\u00f0 smur\u00f0i Jes\u00fam af Nasaret me\u00f0 heil\u00f6gum Anda og krafti; a\u00f0 hann gekk \u00ed kring, gj\u00f6r\u00f0i gott og gr\u00e6ddi alla, sem af dj\u00f6flinum voru undiroka\u00f0ir;<a name=\"39\"><span class=\"versanumer\">39<\/span><\/a>\u00fev\u00ed Gu\u00f0 var me\u00f0 honum, og v\u00e9r erum vottar a\u00f0 \u00f6llu, sem hann gj\u00f6r\u00f0i \u00e1 Gy\u00f0ingalandi og \u00ed Jer\u00fasalem. \u00deennan afl\u00edfu\u00f0u \u00feeir og festu \u00e1 tr\u00e9,<a name=\"40\"><span class=\"versanumer\">40<\/span><\/a>en Gu\u00f0 uppvakti hann \u00e1 \u00feri\u00f0ja degi og gaf \u00fea\u00f0, a\u00f0 hann birtist,<a name=\"41\"><span class=\"versanumer\">41<\/span><\/a>ekki \u00f6llu f\u00f3lki, heldur \u00feeim af Gu\u00f0i \u00e1\u00f0ur \u00fatv\u00f6ldu vottum, oss, sem \u00e1tum og drukkum me\u00f0 honum, eftir a\u00f0 hann var upprisinn fr\u00e1 dau\u00f0um;<a name=\"42\"><span class=\"versanumer\">42<\/span><\/a>og hann bau\u00f0 oss a\u00f0 kunngj\u00f6ra f\u00f3lkinu og vitna, a\u00f0 hann s\u00e9 af Gu\u00f0i \u00fatvalinn D\u00f3mari lifendra og dau\u00f0ra.<a name=\"43\"><span class=\"versanumer\">43<\/span><\/a>Um \u00feenna vitna allir sp\u00e1menn, a\u00f0 vegna hans f\u00e1i hv\u00f6r, sem \u00e1 hann tr\u00fair, synda kvittun.<br \/><a name=\"44\"><span class=\"versanumer\">44<\/span><\/a>\u00c1\u00f0ur en P\u00e9tur haf\u00f0i \u00fattala\u00f0 \u00feessi or\u00f0, f\u00e9ll heilagur Andi yfir alla \u00fe\u00e1, sem r\u00e6\u00f0una heyr\u00f0u.<a name=\"45\"><span class=\"versanumer\">45<\/span><\/a>\u00de\u00e1 undru\u00f0ust \u00feeir tr\u00fau\u00f0u umskornu, sem me\u00f0 P\u00e9tri h\u00f6f\u00f0u komi\u00f0, a\u00f0 yfir hei\u00f0ingja skyldi \u00fathellast gj\u00f6f heilags Anda;<a name=\"46\"><span class=\"versanumer\">46<\/span><\/a>\u00fev\u00ed \u00feeir heyr\u00f0u \u00fe\u00e1 tala tungum og vegsama Gu\u00f0.<a name=\"47\"><span class=\"versanumer\">47<\/span><\/a>P\u00e9tur t\u00f3k \u00fe\u00e1 til or\u00f0a: getur nokkur varna\u00f0 \u00feeim vatnsins, a\u00f0 \u00feeir sk\u00edrist ekki, sem me\u00f0teki\u00f0 hafa heilagan Anda, eins og v\u00e9r?<a name=\"48\"><span class=\"versanumer\">48<\/span><\/a>og hann bau\u00f0 a\u00f0 sk\u00edra \u00fe\u00e1 \u00ed nafni Drottins. S\u00ed\u00f0an b\u00e1\u00f0u \u00feeir hann a\u00f0 dvelja hj\u00e1 s\u00e9r nokkra daga.<\/p>\n<div class=\"footnoteVidey\">V. 4. b. Sem l\u00e6tur \u00fe\u00e6r ekki gleymast.  V. 11. sbr Matt. 3,16. Mark. 1,10. L\u00fak. 3,21.  V. 14. sbr. 3 M\u00f3s. 11,4\u20138;10\u201312,29\u201331,41\u201347.  V. 16. Me\u00f0 \u00feessari vitrun undirbj\u00f3st P\u00e9tur til a\u00f0 pr\u00e9dika kristni fr\u00e6\u00f0i hei\u00f0num m\u00f6nnum, sbr. Kap. 15,7\u201320.  V. 28. a. Sbr. Kap. 11,3.  V. 34\u201335. sbr. Es. 2,13\u201322. V. 42, sbr. 1 Tess. 4,16\u201317.<\/div>\n","protected":false},"excerpt":{"rendered":"<p>Engill vitrast Kornel\u00edusi, sem sendir til P\u00e9turs; P\u00e9tur f\u00e6r s\u00fdn, og fer til Sesareu, heldur r\u00e6\u00f0u um Krist fyrir Kornel\u00edusi og \u00f6\u00f0rum hei\u00f0ingjum, er \u00f6\u00f0last heilagan Anda og l\u00e1ta sk\u00edrast. 1Ma\u00f0ur nokkur var \u00ed Sesareu, a\u00f0 nafni Kornel\u00edus, hundra\u00f0sh\u00f6f\u00f0ingi \u00ed \u00feeim herflokki, er kalla\u00f0ist hinn ital\u00edski;2hann var gu\u00f0r\u00e6kinn og \u00f3tta\u00f0ist Gu\u00f0, samt allt hans h\u00fas, gaf og f\u00f3lki miklar \u00f6lmusur og ba\u00f0 i\u00f0uglega til Gu\u00f0s.3\u00deessi s\u00e1 \u00ed vitrun, n\u00e6r n\u00edundu stundu dags, bers\u00fdnilega engil Drottins ganga inn til s\u00edn og segja vi\u00f0 sig: Kornel\u00edus!4en hann star\u00f0i felmtsfullur \u00e1 engilinn og spur\u00f0i: Herra! hva\u00f0 vilt\u00fa m\u00e9r? engillinn svara\u00f0i: \u00fe\u00ednar b\u00e6nir og <a href=\"https:\/\/biblian.is\/videy\/postulasagan-10-kafli\/\"> [&#8230;]<\/a><\/p>\n","protected":false},"author":1,"featured_media":0,"parent":0,"menu_order":0,"comment_status":"open","ping_status":"open","template":"bibliukaflar.php","meta":{"footnotes":""},"class_list":["post-21877","page","type-page","status-publish","hentry"],"_links":{"self":[{"href":"https:\/\/biblian.is\/videy\/wp-json\/wp\/v2\/pages\/21877","targetHints":{"allow":["GET"]}}],"collection":[{"href":"https:\/\/biblian.is\/videy\/wp-json\/wp\/v2\/pages"}],"about":[{"href":"https:\/\/biblian.is\/videy\/wp-json\/wp\/v2\/types\/page"}],"author":[{"embeddable":true,"href":"https:\/\/biblian.is\/videy\/wp-json\/wp\/v2\/users\/1"}],"replies":[{"embeddable":true,"href":"https:\/\/biblian.is\/videy\/wp-json\/wp\/v2\/comments?post=21877"}],"version-history":[{"count":0,"href":"https:\/\/biblian.is\/videy\/wp-json\/wp\/v2\/pages\/21877\/revisions"}],"wp:attachment":[{"href":"https:\/\/biblian.is\/videy\/wp-json\/wp\/v2\/media?parent=21877"}],"curies":[{"name":"wp","href":"https:\/\/api.w.org\/{rel}","templated":true}]}}