{"id":21876,"date":"2018-01-02T01:04:35","date_gmt":"2018-01-02T01:04:35","guid":{"rendered":"http:\/\/biblian.is\/videy\/postulasagan-9-kafli\/"},"modified":"2018-01-02T01:04:35","modified_gmt":"2018-01-02T01:04:35","slug":"postulasagan-9-kafli","status":"publish","type":"page","link":"https:\/\/biblian.is\/videy\/postulasagan-9-kafli\/","title":{"rendered":"Postulasagan 9. kafli"},"content":{"rendered":"<div class=\"fyrirsognVidey\">S\u00e1l sn\u00fdst til kristni, hann kennir, er ofs\u00f3ttur, kemur til Jer\u00fasalem, og ver\u00f0ur aftur a\u00f0 fl\u00fdja. S\u00f6fnu\u00f0urinn f\u00e6r r\u00f3; P\u00e9tur l\u00e6knar Eneas, uppvekur Tab\u00edtu.<\/div>\n<p><a name=\"1\"><span class=\"versanumer\">1<\/span><\/a>S\u00e1l linnti enn ekki \u00f3gnunum og manndr\u00e1pi vi\u00f0 l\u00e6risveina Drottins og n\u00fa gekk hann til prestah\u00f6f\u00f0ingjans,<a name=\"2\"><span class=\"versanumer\">2<\/span><\/a>og \u00f3ska\u00f0i af honum br\u00e9fa til samkundanna \u00ed Damaskus, svo a\u00f0 ef hann fyndi nokkra menn e\u00f0ur konur, sem teki\u00f0 hef\u00f0u \u00feessa tr\u00fa, \u00fe\u00e1 m\u00e6tti hann f\u00e6ra \u00fe\u00e1 bundna til Jer\u00fasalem.<a name=\"3\"><span class=\"versanumer\">3<\/span><\/a>\u00cd \u00feeirri fer\u00f0 bar svo til, \u00feegar hann n\u00e1lga\u00f0ist Damaskus, a\u00f0 um hann leiftra\u00f0i skyndilega lj\u00f3s af himni;<a name=\"4\"><span class=\"versanumer\">4<\/span><\/a>og sem hann datt til jar\u00f0ar, heyr\u00f0i hann r\u00f6dd segja vi\u00f0 sig: S\u00e1l! S\u00e1l! hv\u00ed ofs\u00e6kir \u00fe\u00fa mig?<a name=\"5\"><span class=\"versanumer\">5<\/span><\/a>hann ansa\u00f0i: Herra! hv\u00f6r ert \u00fe\u00fa? Drottinn svara\u00f0i: eg er Jes\u00fas, hv\u00f6rn \u00fe\u00fa ofs\u00e6kir.<a name=\"6\"><span class=\"versanumer\">6<\/span><\/a>En statt upp og gakk inn \u00ed borgina, \u00fear skal \u00fe\u00e9r ver\u00f0a sagt hva\u00f0 \u00fe\u00e9r ber a\u00f0 gj\u00f6ra.<a name=\"7\"><span class=\"versanumer\">7<\/span><\/a>F\u00f6runautar hans st\u00f3\u00f0u eins og h\u00f6ggdofa, \u00fev\u00ed \u00feeir heyr\u00f0u raustina, en s\u00e1u engan.<a name=\"8\"><span class=\"versanumer\">8<\/span><\/a>\u00deegar S\u00e1l komst \u00e1 f\u00e6tur og opna\u00f0i augun, s\u00e1 hann engan mann, en hinir leiddu hann vi\u00f0 h\u00f6nd s\u00e9r inn \u00ed borgina;<a name=\"9\"><span class=\"versanumer\">9<\/span><\/a>\u00fear var hann \u00ed \u00ferj\u00e1 daga sj\u00f3nlaus, og \u00e1t ekki n\u00e9 drakk.<br \/><a name=\"10\"><span class=\"versanumer\">10<\/span><\/a>En \u00ed Damaskus var l\u00e6risveinn nokkur, sem h\u00e9t Anan\u00edas. Vi\u00f0 hann sag\u00f0i Drottinn \u00ed s\u00fdn: Anan\u00edas! hinn ansa\u00f0i: h\u00e9r em eg, Herra!<a name=\"11\"><span class=\"versanumer\">11<\/span><\/a>Drottinn sag\u00f0i: statt upp og gakk \u00ed str\u00e6ti \u00fea\u00f0, sem kallast hi\u00f0 beina og spur\u00f0\u00fa \u00ed h\u00fasi J\u00fadasar eftir tarsiskum manni, sem heitir S\u00e1l,<a name=\"12\"><span class=\"versanumer\">12<\/span><\/a>\u00fev\u00ed sj\u00e1! hann bi\u00f0st fyrir, og hefir \u00ed s\u00fdn s\u00e9\u00f0 mann, a\u00f0 nafni Anan\u00edas, koma og leggja hendur yfir sig, svo hann yr\u00f0i aftur sj\u00e1andi.<a name=\"13\"><span class=\"versanumer\">13<\/span><\/a>Anan\u00edas svara\u00f0i: Drottinn! eg hefi heyrt af m\u00f6rgum um \u00feenna mann, hv\u00f6rsu miki\u00f0 illt hann hefir gj\u00f6rt \u00fe\u00ednum heil\u00f6gu \u00ed Jer\u00fasalem,<a name=\"14\"><span class=\"versanumer\">14<\/span><\/a>og a\u00f0 hann hefir fengi\u00f0 vald fr\u00e1 prestah\u00f6f\u00f0ingjunum til a\u00f0 binda h\u00e9r alla \u00fe\u00e1, sem vi\u00f0urkenna \u00feitt nafn.<a name=\"15\"><span class=\"versanumer\">15<\/span><\/a>En Drottinn sag\u00f0i til hans: far\u00f0\u00fa! \u00fev\u00ed \u00feessi er m\u00e9r \u00fatvali\u00f0 verkf\u00e6ri til a\u00f0 bera nafn mitt fram fyrir hei\u00f0nar \u00fej\u00f3\u00f0ir og konunga og fyrir \u00cdsraelsb\u00f6rn,<a name=\"16\"><span class=\"versanumer\">16<\/span><\/a>\u00fev\u00ed eg mun s\u00fdna honum, hv\u00f6rsu miki\u00f0 illt honum ber a\u00f0 \u00feola vegna m\u00edns nafns.<a name=\"17\"><span class=\"versanumer\">17<\/span><\/a>\u00de\u00e1 f\u00f3r Anan\u00edas af sta\u00f0, kom \u00ed h\u00fasi\u00f0 og lag\u00f0i hendur yfir hann og m\u00e6lti: S\u00e1l, br\u00f3\u00f0ir! Drottinn sendi mig <span class='VideyAth'>(Jes\u00fa, sem \u00fe\u00e9r birtist \u00e1 vegi \u00feeim, er \u00fe\u00fa komst hinga\u00f0)<\/span>, svo \u00fe\u00fa fengir aftur sj\u00f3n \u00fe\u00edna og fylltist heil\u00f6gum Anda.<a name=\"18\"><span class=\"versanumer\">18<\/span><\/a>\u00de\u00e1 f\u00e9ll strax af augum hans eins og hreistur, og hann var\u00f0 heilskyggn.<a name=\"19\"><span class=\"versanumer\">19<\/span><\/a>S\u00ed\u00f0an st\u00f3\u00f0 hann upp og var sk\u00edr\u00f0ur, og er hann haf\u00f0i neytt f\u00e6\u00f0u, styrktist hann.<br \/>S\u00e1l dvaldi nokkra daga hj\u00e1 l\u00e6risveinunum \u00ed Damaskus,<a name=\"20\"><span class=\"versanumer\">20<\/span><\/a>og kenndi strax \u00ed samkunduh\u00fasunum, a\u00f0 Jes\u00fas v\u00e6ri Gu\u00f0s Sonur.<a name=\"21\"><span class=\"versanumer\">21<\/span><\/a>Allir \u00feeir, sem heyr\u00f0u \u00fea\u00f0, undru\u00f0ust st\u00f3rum og s\u00f6g\u00f0u: er \u00feessi ekki s\u00e1, sem \u00ed Jer\u00fasalem eyddi \u00feeim, er \u00feetta nafn \u00e1k\u00f6llu\u00f0u, og kom hinga\u00f0 til a\u00f0 flytja \u00fe\u00e1 bundna til prestah\u00f6f\u00f0ingjanna?<a name=\"22\"><span class=\"versanumer\">22<\/span><\/a>En S\u00e1l efldist meir og meir, og hnekkti \u00feeim Gy\u00f0ingum, sem bjuggu \u00ed Damaskus, og sanna\u00f0i a\u00f0 Jes\u00fas v\u00e6ri Kristur.<a name=\"23\"><span class=\"versanumer\">23<\/span><\/a>R\u00famum t\u00edma \u00fear eftir t\u00f3ku Gy\u00f0ingar r\u00e1\u00f0 s\u00edn saman a\u00f0 drepa hann,<a name=\"24\"><span class=\"versanumer\">24<\/span><\/a>en S\u00e1l f\u00e9kk vitneskju um \u00feeirra r\u00e1\u00f0agj\u00f6r\u00f0.<a name=\"25\"><span class=\"versanumer\">25<\/span><\/a>\u00deeir g\u00e6ttu portanna n\u00f3tt og dag, svo \u00feeir g\u00e6tu r\u00e1\u00f0i\u00f0 hann af d\u00f6gum, en l\u00e6risveinarnir t\u00f3ku hann um n\u00f3tt og l\u00e9tu hann \u00ed k\u00f6rfu s\u00edga \u00fat fyrir m\u00farinn.<a name=\"26\"><span class=\"versanumer\">26<\/span><\/a>\u00de\u00e1 hann s\u00ed\u00f0an kom til Jer\u00fasalem, reyndi hann til a\u00f0 samlaga sig l\u00e6risveinunum, en \u00f6llum st\u00f3\u00f0 geigur af honum, og tr\u00fa\u00f0u \u00fev\u00ed ekki, a\u00f0 hann v\u00e6ri l\u00e6risveinn.<a name=\"27\"><span class=\"versanumer\">27<\/span><\/a>En Barnabas t\u00f3k hann a\u00f0 s\u00e9r, leiddi hann til postulanna, og sk\u00edr\u00f0i fr\u00e1, hv\u00f6rninn hann \u00e1 veginum hef\u00f0i s\u00e9\u00f0 Herrann og tala\u00f0 vi\u00f0 hann, og hv\u00f6rsu einar\u00f0lega hann hef\u00f0i flutt Jes\u00fa erindi \u00ed Damaskus.<a name=\"28\"><span class=\"versanumer\">28<\/span><\/a>Eftir \u00fea\u00f0 var hann handgenginn l\u00e6risveinunum \u00ed Jer\u00fasalem og rak sk\u00f6ruglega erindi Drottins Jes\u00fa.<a name=\"29\"><span class=\"versanumer\">29<\/span><\/a>S\u00e9r\u00edlagi \u00e1tti hann \u00fer\u00e6tur og or\u00f0asta\u00f0 vi\u00f0 Grikki, en \u00feeir \u00e1formu\u00f0u a\u00f0 r\u00e1\u00f0a hann af d\u00f6gum;<a name=\"30\"><span class=\"versanumer\">30<\/span><\/a>en er br\u00e6\u00f0urnir ur\u00f0u \u00feess v\u00edsir, fylgdu \u00feeir honum til Sesareu, og sendu hann \u00fea\u00f0an til Tarsus.<a name=\"31\"><span class=\"versanumer\">31<\/span><\/a>N\u00fa h\u00f6f\u00f0u s\u00f6fnu\u00f0irnir fri\u00f0 um allt J\u00fadaland og Gal\u00edleu og Samar\u00edu, efldust og gengu fram \u00ed \u00f3tta Drottins, fullir af huggun heilags Anda.<br \/><a name=\"32\"><span class=\"versanumer\">32<\/span><\/a>Svo bar til, \u00fe\u00e1 e\u00f0 P\u00e9tur fer\u00f0a\u00f0ist allssta\u00f0ar um kring, a\u00f0 hann kom einninn til \u00feeirra heil\u00f6gu, sem bjuggu \u00ed Lydda.<a name=\"33\"><span class=\"versanumer\">33<\/span><\/a>\u00dear fann hann mann, a\u00f0 nafni Eneas, er \u00ed \u00e1tta \u00e1r haf\u00f0i r\u00famfastur legi\u00f0 af visnunars\u00fdki.<a name=\"34\"><span class=\"versanumer\">34<\/span><\/a>P\u00e9tur sag\u00f0i vi\u00f0 hann: Eneas! l\u00e6kni \u00feig Jes\u00fas Kristur, statt\u00fa upp og b\u00fa\u00f0\u00fa um \u00feig sj\u00e1lfur! og strax st\u00f3\u00f0 hann upp.<a name=\"35\"><span class=\"versanumer\">35<\/span><\/a>\u00deenna mann s\u00e1 allt f\u00f3lk, sem heima \u00e1tti \u00ed Lydda og \u00ed Saron, og sneri s\u00e9r til Drottins.<a name=\"36\"><span class=\"versanumer\">36<\/span><\/a>Me\u00f0al l\u00e6risveinanna \u00ed Joppe var st\u00falka nokkur, sem h\u00e9t Tab\u00edta, \u00fea\u00f0 er: Dorkas <span class='VideyAth'>a)<\/span>, au\u00f0ug af g\u00f3\u00f0um verkum og \u00f6lmusugj\u00f6r\u00f0um.<a name=\"37\"><span class=\"versanumer\">37<\/span><\/a>H\u00fan var\u00f0 veik um s\u00f6mu mundir og d\u00f3. En \u00feegar b\u00fai\u00f0 var a\u00f0 \u00fevo l\u00edki\u00f0 var \u00fea\u00f0 lagt upp \u00e1 lofti\u00f0.<a name=\"38\"><span class=\"versanumer\">38<\/span><\/a>\u00dear e\u00f0 n\u00fa Lydda l\u00e1 skammt fr\u00e1 Joppe, fr\u00e9ttu l\u00e6risveinarnir, a\u00f0 P\u00e9tur v\u00e6ri \u00fear, og sendu tvo menn til hans me\u00f0 b\u00f3n, a\u00f0 hann ekki vildi skorast undan a\u00f0 koma til \u00feeirra.<a name=\"39\"><span class=\"versanumer\">39<\/span><\/a>P\u00e9tur fylgdi sendim\u00f6nnunum, og var strax, sem hann kom, leiddur upp \u00e1 lofti\u00f0, hvar allar ekkjurnar flykktust a\u00f0 honum gr\u00e1tandi, og s\u00fdndu honum kyrtla og yfirhafnir, sem Dorkas haf\u00f0i gj\u00f6rt, me\u00f0an h\u00fan var l\u00edfs.<a name=\"40\"><span class=\"versanumer\">40<\/span><\/a>P\u00e9tur bau\u00f0 \u00feeim \u00f6llum \u00fat a\u00f0 fara, beyg\u00f0i kn\u00e9 s\u00edn og ba\u00f0st fyrir, snerist svo a\u00f0 l\u00edkinu og sag\u00f0i: Tab\u00edta! statt\u00fa upp! h\u00fan lauk \u00fe\u00e1 upp augunum, s\u00e1 P\u00e9tur og settist upp.<a name=\"41\"><span class=\"versanumer\">41<\/span><\/a>Hann r\u00e9tti henni \u00fe\u00e1 h\u00f6nd s\u00edna og reisti hana \u00e1 f\u00e6tur, kalla\u00f0i s\u00ed\u00f0an \u00e1 \u00fe\u00e1 heil\u00f6gu og ekkjurnar, og afhenti \u00feeim hana lifandi.<a name=\"42\"><span class=\"versanumer\">42<\/span><\/a>En \u00feetta var\u00f0 hlj\u00f3\u00f0b\u00e6rt um alla Joppe, og margir tr\u00fa\u00f0u \u00e1 Herrann.<a name=\"43\"><span class=\"versanumer\">43<\/span><\/a>P\u00e9tur dvaldi langa t\u00ed\u00f0 \u00ed Joppe hj\u00e1 s\u00fatara nokkrum, er S\u00edmon h\u00e9t.<\/p>\n<div class=\"footnoteVidey\">V. 29. Um Grikki sj\u00e1 6,1 skgr.  V. 35. Saron, frj\u00f3vsamt sl\u00e9ttlendi milli Joppe og Sesareu.  V. 36. a. \u00dea\u00f0 er \u00e1 \u00edslensku: r\u00e1 e\u00f0a hind.<\/div>\n","protected":false},"excerpt":{"rendered":"<p>S\u00e1l sn\u00fdst til kristni, hann kennir, er ofs\u00f3ttur, kemur til Jer\u00fasalem, og ver\u00f0ur aftur a\u00f0 fl\u00fdja. S\u00f6fnu\u00f0urinn f\u00e6r r\u00f3; P\u00e9tur l\u00e6knar Eneas, uppvekur Tab\u00edtu. 1S\u00e1l linnti enn ekki \u00f3gnunum og manndr\u00e1pi vi\u00f0 l\u00e6risveina Drottins og n\u00fa gekk hann til prestah\u00f6f\u00f0ingjans,2og \u00f3ska\u00f0i af honum br\u00e9fa til samkundanna \u00ed Damaskus, svo a\u00f0 ef hann fyndi nokkra menn e\u00f0ur konur, sem teki\u00f0 hef\u00f0u \u00feessa tr\u00fa, \u00fe\u00e1 m\u00e6tti hann f\u00e6ra \u00fe\u00e1 bundna til Jer\u00fasalem.3\u00cd \u00feeirri fer\u00f0 bar svo til, \u00feegar hann n\u00e1lga\u00f0ist Damaskus, a\u00f0 um hann leiftra\u00f0i skyndilega lj\u00f3s af himni;4og sem hann datt til jar\u00f0ar, heyr\u00f0i hann r\u00f6dd segja vi\u00f0 sig: S\u00e1l! S\u00e1l! <a href=\"https:\/\/biblian.is\/videy\/postulasagan-9-kafli\/\"> [&#8230;]<\/a><\/p>\n","protected":false},"author":1,"featured_media":0,"parent":0,"menu_order":0,"comment_status":"open","ping_status":"open","template":"bibliukaflar.php","meta":{"footnotes":""},"class_list":["post-21876","page","type-page","status-publish","hentry"],"_links":{"self":[{"href":"https:\/\/biblian.is\/videy\/wp-json\/wp\/v2\/pages\/21876","targetHints":{"allow":["GET"]}}],"collection":[{"href":"https:\/\/biblian.is\/videy\/wp-json\/wp\/v2\/pages"}],"about":[{"href":"https:\/\/biblian.is\/videy\/wp-json\/wp\/v2\/types\/page"}],"author":[{"embeddable":true,"href":"https:\/\/biblian.is\/videy\/wp-json\/wp\/v2\/users\/1"}],"replies":[{"embeddable":true,"href":"https:\/\/biblian.is\/videy\/wp-json\/wp\/v2\/comments?post=21876"}],"version-history":[{"count":0,"href":"https:\/\/biblian.is\/videy\/wp-json\/wp\/v2\/pages\/21876\/revisions"}],"wp:attachment":[{"href":"https:\/\/biblian.is\/videy\/wp-json\/wp\/v2\/media?parent=21876"}],"curies":[{"name":"wp","href":"https:\/\/api.w.org\/{rel}","templated":true}]}}