{"id":21874,"date":"2018-01-02T01:04:35","date_gmt":"2018-01-02T01:04:35","guid":{"rendered":"http:\/\/biblian.is\/videy\/postulasagan-7-kafli\/"},"modified":"2018-01-02T01:04:35","modified_gmt":"2018-01-02T01:04:35","slug":"postulasagan-7-kafli","status":"publish","type":"page","link":"https:\/\/biblian.is\/videy\/postulasagan-7-kafli\/","title":{"rendered":"Postulasagan 7. kafli"},"content":{"rendered":"<div class=\"fyrirsognVidey\">Stef\u00e1n upptelur Gu\u00f0s velgj\u00f6rninga vi\u00f0 hi\u00f0 \u00f3\u00feakkl\u00e1ta Gy\u00f0ingaf\u00f3lk; \u00e1v\u00edtar Gy\u00f0inga fyrir framhald sinnar \u00feverm\u00f3\u00f0sku, og er gr\u00fdttur.<\/div>\n<p><a name=\"1\"><span class=\"versanumer\">1<\/span><\/a>\u00de\u00e1 spur\u00f0i prestah\u00f6f\u00f0inginn: er \u00feessu svo vari\u00f0? Stef\u00e1n m\u00e6lti:<a name=\"2\"><span class=\"versanumer\">2<\/span><\/a>G\u00f3\u00f0ir menn, br\u00e6\u00f0ur og fe\u00f0ur! hlusti\u00f0 til: Gu\u00f0 d\u00fdr\u00f0arinnar birtist f\u00f6\u00f0ur vorum Abraham, me\u00f0an hann var \u00ed Mes\u00f3p\u00f3tam\u00edu, \u00e1\u00f0ur en hann bj\u00f3 \u00ed Karran og sag\u00f0i til hans:<a name=\"3\"><span class=\"versanumer\">3<\/span><\/a>far burt \u00far landi \u00fe\u00ednu og fr\u00e1 fr\u00e6ndf\u00f3lki \u00fe\u00ednu, og kom \u00ed \u00fea\u00f0 land, er eg mun v\u00edsa \u00fe\u00e9r \u00e1.<a name=\"4\"><span class=\"versanumer\">4<\/span><\/a>\u00de\u00e1 f\u00f3r Abraham \u00far Kald\u00e6alandi og t\u00f3k s\u00e9r b\u00f3lfestu \u00ed Karran. En eftir \u00fea\u00f0 a\u00f0 fa\u00f0ir hans var l\u00e1tinn, flutti hann sig yfir til \u00feessa lands, \u00ed hv\u00f6rju \u00fe\u00e9r n\u00fa b\u00fai\u00f0.<a name=\"5\"><span class=\"versanumer\">5<\/span><\/a>\u00de\u00f3 gaf Gu\u00f0 honum enga landeign \u00fear \u00ed, ekki svo miki\u00f0, sem eitt f\u00f3tm\u00e1l, en h\u00e9t a\u00f0 gefa honum \u00fea\u00f0 til b\u00fasta\u00f0ar, og hans afsprengi eftir hans dag, jafnvel \u00fe\u00f3 hann ekkert barn \u00e6tti.<a name=\"6\"><span class=\"versanumer\">6<\/span><\/a>Gu\u00f0 sag\u00f0i vi\u00f0 hann, a\u00f0 ni\u00f0jar hans mundu b\u00faa sem \u00fatlendir \u00ed annarlegu landi, hvar menn mundu \u00fej\u00e1 \u00fe\u00e1 og fara illa me\u00f0 \u00ed fj\u00f6gur hundru\u00f0 \u00e1r;<a name=\"7\"><span class=\"versanumer\">7<\/span><\/a>en \u00fej\u00f3\u00f0 \u00fe\u00e1, hv\u00f6rri \u00feeir ver\u00f0a \u00e1nau\u00f0ugir, mun eg straffa, sag\u00f0i Gu\u00f0. En eftir \u00fea\u00f0 munu \u00feeir fara \u00fea\u00f0an og d\u00fdrka mig \u00ed \u00feessum sta\u00f0.<a name=\"8\"><span class=\"versanumer\">8<\/span><\/a>L\u00edka gaf hann honum s\u00e1ttm\u00e1la umskurnarinnar. <span class='VideyAth'>a)<\/span> Svo gat Abraham \u00cdsak og umskar hann \u00e1 \u00e1ttunda degi; en \u00cdsak gat Jakob, en Jakob \u00fe\u00e1 t\u00f3lf \u00e6ttfe\u00f0ur.<a name=\"9\"><span class=\"versanumer\">9<\/span><\/a>T\u00e9\u00f0ir \u00e6ttfe\u00f0ur l\u00f6g\u00f0u \u00f6fund \u00e1 J\u00f3sep og seldu hann til Egyptalands; en Gu\u00f0 var me\u00f0 honum<a name=\"10\"><span class=\"versanumer\">10<\/span><\/a>og frelsa\u00f0i hann \u00far \u00f6llum hans \u00ferengingum, og gaf honum hylli og visku fyrir augum fara\u00f3s Egyptalandskonungs, og setti hann til yfirmanns yfir Egyptaland og yfir allt h\u00fas konungsins.<a name=\"11\"><span class=\"versanumer\">11<\/span><\/a>N\u00fa kom hall\u00e6ri yfir gj\u00f6rvallt Egyptaland og Kanaansland, og megn hungurs ney\u00f0, svo fe\u00f0ur vorir fundu ekki atvinnu.<a name=\"12\"><span class=\"versanumer\">12<\/span><\/a>En \u00feegar Jakob heyr\u00f0i a\u00f0 korn v\u00e6ri a\u00f0 f\u00e1 \u00ed Egyptalandi, \u00fe\u00e1 sendi hann fe\u00f0ur vora \u00ed fyrsta sinni.<a name=\"13\"><span class=\"versanumer\">13<\/span><\/a>\u00cd \u00f6\u00f0ru sinni l\u00e9t J\u00f3sep br\u00e6\u00f0ur s\u00edna \u00feekkja sig, og fara\u00f3 var\u00f0 kunnug J\u00f3seps\u00e6tt.<a name=\"14\"><span class=\"versanumer\">14<\/span><\/a>S\u00ed\u00f0an sendi J\u00f3sep eftir f\u00f6\u00f0ur s\u00ednum Jakob og \u00f6llu fr\u00e6ndf\u00f3lki s\u00ednu, sj\u00f6t\u00edu og fimm alls.<a name=\"15\"><span class=\"versanumer\">15<\/span><\/a>Jakob f\u00f3r \u00fe\u00e1 ni\u00f0ur til Egyptalands, hvar hann d\u00f3 og fe\u00f0ur vorir,<a name=\"16\"><span class=\"versanumer\">16<\/span><\/a>og voru \u00feeir fluttir til Sikkem og lag\u00f0ir \u00ed \u00feann legsta\u00f0, er Abraham haf\u00f0i keypt fyrir silfur af sonum Emors, f\u00f6\u00f0ur Sikkems.<a name=\"17\"><span class=\"versanumer\">17<\/span><\/a>En er n\u00e1lga\u00f0ist t\u00edmi fyrirheitsins, hv\u00f6rt Gu\u00f0 haf\u00f0i svari\u00f0 Abraham, \u00f3x f\u00f3lki\u00f0 og margfalda\u00f0ist \u00ed Egyptalandi,<a name=\"18\"><span class=\"versanumer\">18<\/span><\/a>uns n\u00fdr konungur kom til r\u00edkis, s\u00e1 er ekki \u00feekkti til J\u00f3seps.<a name=\"19\"><span class=\"versanumer\">19<\/span><\/a>Hann beitti sl\u00e6g\u00f0 vi\u00f0 kyn vort og mis\u00feyrmdi fe\u00f0rum vorum, og l\u00e9t bera \u00fat ungb\u00f6rn \u00feeirra, svo \u00feau tort\u00fdndust.<a name=\"20\"><span class=\"versanumer\">20<\/span><\/a>Um \u00feetta bil f\u00e6ddist M\u00f3ses og var fr\u00e1b\u00e6rlega fr\u00ed\u00f0ur; hann \u00f3lst upp \u00ferj\u00e1 m\u00e1nu\u00f0i \u00ed f\u00f6\u00f0urh\u00fasum.<a name=\"21\"><span class=\"versanumer\">21<\/span><\/a>En er hann var \u00fatborinn, t\u00f3k d\u00f3ttir fara\u00f3s hann upp og \u00f3l s\u00e9r fyrir son.<a name=\"22\"><span class=\"versanumer\">22<\/span><\/a>Og M\u00f3ses var mennta\u00f0ur \u00ed allri speki egypskra manna og var\u00f0 m\u00e1ttugur \u00ed or\u00f0um og verkum.<a name=\"23\"><span class=\"versanumer\">23<\/span><\/a>En er hann haf\u00f0i n\u00e1\u00f0 fertugsaldri, kom honum \u00ed hug a\u00f0 vitja br\u00e6\u00f0ra sinna, \u00cdsraelsni\u00f0ja;<a name=\"24\"><span class=\"versanumer\">24<\/span><\/a>og \u00fe\u00e1 hann s\u00e9 einn ver\u00f0a fyrir \u00f3j\u00f6fnu\u00f0i, r\u00e9tti hann hluta hans, hefndi \u00feess, sem mis\u00feyrmt var, og drap \u00feann egypska.<a name=\"25\"><span class=\"versanumer\">25<\/span><\/a>En hann hugsa\u00f0i a\u00f0 br\u00e6\u00f0ur s\u00ednir mundu skynja a\u00f0 Gu\u00f0 \u00e6tla\u00f0i hann \u00feeim til frelsis, en \u00feeir skynju\u00f0u \u00fea\u00f0 ekki,<a name=\"26\"><span class=\"versanumer\">26<\/span><\/a>\u00fev\u00ed n\u00e6sta dag hitti hann tvo \u00ed illdeilu, og f\u00fdsti \u00fe\u00e1 til fri\u00f0ar me\u00f0 \u00feessum or\u00f0um: g\u00f3\u00f0ir menn! \u00fei\u00f0 eru\u00f0 br\u00e6\u00f0ur, \u00fev\u00ed beiti\u00f0 \u00fe\u00e9r \u00f3jafna\u00f0i hv\u00f6r vi\u00f0 annan?<a name=\"27\"><span class=\"versanumer\">27<\/span><\/a>En s\u00e1, sem \u00f3r\u00e9tt gj\u00f6r\u00f0i n\u00e1unga s\u00ednum, hratt M\u00f3se fr\u00e1 s\u00e9r, og sag\u00f0i: hv\u00f6r hefir sett \u00feig til h\u00f6f\u00f0ingja e\u00f0ur d\u00f3mara yfir okkur?<a name=\"28\"><span class=\"versanumer\">28<\/span><\/a>ellegar \u00e6tlar \u00fe\u00fa a\u00f0 drepa mig, eins og \u00fe\u00fa drapst Egyptarann \u00ed g\u00e6r?<a name=\"29\"><span class=\"versanumer\">29<\/span><\/a>S\u00f6kum \u00feessara umm\u00e6la fl\u00fa\u00f0i M\u00f3ses og var\u00f0 \u00fatlendur \u00ed Mad\u00edanslandi, hvar hann gat tvo syni.<a name=\"30\"><span class=\"versanumer\">30<\/span><\/a>A\u00f0 fj\u00f6rut\u00edu \u00e1rum li\u00f0num birtist honum \u00ed ey\u00f0im\u00f6rku S\u00edna\u00edfjalls, engill Drottins \u00ed eldsloga \u00e1 \u00feyrnirunni.<a name=\"31\"><span class=\"versanumer\">31<\/span><\/a>\u00deegar M\u00f3ses s\u00e1 s\u00fdnina, undra\u00f0ist hann; en er hann gekk n\u00e6r til a\u00f0 athuga betur, ske\u00f0i r\u00f6dd Drottins til hans:<a name=\"32\"><span class=\"versanumer\">32<\/span><\/a>eg em Gu\u00f0 fe\u00f0ra \u00feinna, Gu\u00f0 Abrahams, Gu\u00f0 \u00cdsaks og Gu\u00f0 Jakobs. N\u00fa var\u00f0 M\u00f3ses skelfdur og \u00feor\u00f0i ekki a\u00f0 hyggja a\u00f0.<a name=\"33\"><span class=\"versanumer\">33<\/span><\/a>\u00de\u00e1 sag\u00f0i Drottinn vi\u00f0 hann: leys af \u00fe\u00e9r sk\u00f3 \u00fe\u00edna, \u00fev\u00ed sta\u00f0urinn, sem \u00fe\u00fa stendur \u00e1, er heil\u00f6g j\u00f6r\u00f0.<a name=\"34\"><span class=\"versanumer\">34<\/span><\/a>Gl\u00f6gglega hefi eg s\u00e9\u00f0 \u00fej\u00e1ningu m\u00edns f\u00f3lks og heyrt \u00feeirra andvarpanir, og em n\u00fa ofan kominn til a\u00f0 frelsa \u00fe\u00e1; kom! eg vil senda \u00feig til Egyptalands.<a name=\"35\"><span class=\"versanumer\">35<\/span><\/a>\u00deenna M\u00f3ses, hvern \u00feeir afs\u00f6g\u00f0u svo segjandi: \u201ehver setti \u00feig til h\u00f6f\u00f0ingja og d\u00f3mara,\u201c \u00feann sama sendi Gu\u00f0, sem h\u00f6f\u00f0ingja og lausnara, fyrir millig\u00f6ngu engilsins, er honum birtist \u00ed \u00feyrnirunninum.<a name=\"36\"><span class=\"versanumer\">36<\/span><\/a>\u00deessi leiddi \u00fe\u00e1 \u00fat, gj\u00f6r\u00f0i t\u00e1kn og fur\u00f0uverk \u00e1 Egyptalandi og \u00ed Hafinu rau\u00f0a og \u00ed ey\u00f0im\u00f6rkinni um fj\u00f6rut\u00edu \u00e1r.<a name=\"37\"><span class=\"versanumer\">37<\/span><\/a>\u00deetta er s\u00e1 M\u00f3ses, sem sag\u00f0i \u00cdsraelsni\u00f0jum: \u201eSp\u00e1mann mun Drottinn Gu\u00f0 uppvekja y\u00f0ur af br\u00e6\u00f0rum y\u00f0ar, eins og mig, gegni\u00f0 honum.\u201c<a name=\"38\"><span class=\"versanumer\">38<\/span><\/a>\u00deessi er s\u00e1, sem \u00ed samkundunni \u00ed ey\u00f0im\u00f6rkinni gekk milli engilsins, er vi\u00f0 hann tala\u00f0i \u00e1 S\u00edna\u00ed, og fe\u00f0ra vorra, s\u00e1 e\u00f0 t\u00f3k vi\u00f0 \u00feeim l\u00edfkr\u00f6ftugu or\u00f0um til a\u00f0 gefa oss \u00feau;<a name=\"39\"><span class=\"versanumer\">39<\/span><\/a>hv\u00f6rjum fe\u00f0ur vorir vildu ekki hl\u00fd\u00f0nast, heldur burtsk\u00fafu\u00f0u honum og sneru huga s\u00ednum til Egyptalands, segjandi til Arons:<a name=\"40\"><span class=\"versanumer\">40<\/span><\/a>gj\u00f6r oss Gu\u00f0i, er s\u00e9u vorir lei\u00f0togar, \u00fev\u00ed v\u00e9r vitum ekki hva\u00f0 um \u00feenna M\u00f3ses er or\u00f0i\u00f0, sem \u00fatleiddi oss \u00far Egyptalandi.<a name=\"41\"><span class=\"versanumer\">41<\/span><\/a>\u00cd sama sinn l\u00e9tu \u00feeir sm\u00ed\u00f0a k\u00e1lf, f\u00e6r\u00f0u f\u00f3rnir go\u00f0inu og k\u00e6ttust yfir s\u00ednum handaverkum.<a name=\"42\"><span class=\"versanumer\">42<\/span><\/a>\u00de\u00e1 sneri Gu\u00f0 s\u00e9r fr\u00e1 \u00feeim og ofurgaf \u00fe\u00e1, svo a\u00f0 \u00feeir d\u00fdrku\u00f0u himinsins her, eins og skrifa\u00f0 er \u00ed sp\u00e1mannab\u00f3kinni: \u201eekki hafi\u00f0 \u00fe\u00e9r \u00cdsraels menn f\u00f3rna\u00f0 m\u00e9r sl\u00e1trunarf\u00e9 n\u00e9 \u00f6\u00f0rum f\u00f3rnum \u00ed \u00feau fj\u00f6rut\u00edu \u00e1r, sem \u00fe\u00e9r dv\u00f6ldu\u00f0 \u00ed ey\u00f0im\u00f6rkinni,<a name=\"43\"><span class=\"versanumer\">43<\/span><\/a>heldur b\u00e1ru\u00f0 \u00fe\u00e9r M\u00f3loks tjaldb\u00fa\u00f0 og stj\u00f6rnu Remsans y\u00f0ar Gu\u00f0s b\u00edl\u00e6ti, sem \u00fe\u00e9r h\u00f6f\u00f0u\u00f0 sm\u00ed\u00f0a\u00f0 til a\u00f0 tilbi\u00f0ja; hvar fyrir eg vil flytja y\u00f0ur \u00fat fyrir Babylon.\u201c<a name=\"44\"><span class=\"versanumer\">44<\/span><\/a>Vitnisbur\u00f0artjaldb\u00fa\u00f0in, sem fe\u00f0ur vorir h\u00f6f\u00f0u \u00ed ey\u00f0im\u00f6rkinni, var eins og s\u00e1 haf\u00f0i fyrirskipa\u00f0, er m\u00e6lti vi\u00f0 M\u00f3ses, a\u00f0 hann skyldi gj\u00f6ra hana eftir mynd \u00feeirri, sem hann s\u00e9\u00f0 hef\u00f0i.<a name=\"45\"><span class=\"versanumer\">45<\/span><\/a>Vi\u00f0 henni t\u00f3ku fe\u00f0ur vorir hv\u00f6r af \u00f6\u00f0rum, og undir J\u00f3s\u00faa f\u00e6r\u00f0u \u00feeir hana me\u00f0 s\u00e9r \u00e1 st\u00f6\u00f0var hei\u00f0ingjanna, sem Gu\u00f0 \u00fatrak fr\u00e1 augs\u00fdn fe\u00f0ra vorra, allt fram \u00e1 daga Dav\u00ed\u00f0s,<a name=\"46\"><span class=\"versanumer\">46<\/span><\/a>sem af \u00fev\u00ed hann fann n\u00e1\u00f0 hj\u00e1 Gu\u00f0i, beiddist a\u00f0 mega sj\u00e1 Jakobs Gu\u00f0i fyrir h\u00fasi,<a name=\"47\"><span class=\"versanumer\">47<\/span><\/a>en Sal\u00f3mon bygg\u00f0i honum \u00fea\u00f0.<a name=\"48\"><span class=\"versanumer\">48<\/span><\/a>En s\u00e1 hinn H\u00e6sti b\u00fdr ekki \u00ed <span class='VideyAth'>(musterum)<\/span>, sem mannahendur hafa gj\u00f6rt, eins og sp\u00e1ma\u00f0urinn segir:<a name=\"49\"><span class=\"versanumer\">49<\/span><\/a>\u201eHiminninn er mitt h\u00e1s\u00e6ti og j\u00f6r\u00f0in m\u00edn f\u00f3tsk\u00f6r, hva\u00f0a h\u00fas skyldu\u00f0 \u00fe\u00e9r byggja m\u00e9r\u2014segir Drottinn\u2014e\u00f0a hv\u00f6r er s\u00e1 sta\u00f0ur, hvar eg skyldi sta\u00f0ar nema?<a name=\"50\"><span class=\"versanumer\">50<\/span><\/a>hefir ekki m\u00edn h\u00f6nd gj\u00f6rt allt \u00feetta?<a name=\"51\"><span class=\"versanumer\">51<\/span><\/a>\u00de\u00e9r har\u00f0sv\u00edra\u00f0ir og \u00f3umskornir <span class='VideyAth'>a)<\/span> \u00ed hjarta og eyrum! s\u00edfellt \u00feverskallist \u00fe\u00e9r gegn heil\u00f6gum Anda, allt eins og fe\u00f0ur y\u00f0ar, eins \u00fe\u00e9r.<a name=\"52\"><span class=\"versanumer\">52<\/span><\/a>Hv\u00f6rn sp\u00e1mannanna hafa ekki fe\u00f0ur y\u00f0ar ofs\u00f3tt? \u00feeir l\u00edfl\u00e9tu \u00fe\u00e1, er fyrirfram bo\u00f0u\u00f0u tilkomu ens R\u00e9ttl\u00e1ta, hv\u00f6rn \u00fe\u00e9r ofurseldu\u00f0, og hv\u00f6rs mor\u00f0ingjar \u00fe\u00e9r eru\u00f0 n\u00fa or\u00f0nir;<a name=\"53\"><span class=\"versanumer\">53<\/span><\/a>\u00fe\u00e9r, sem me\u00f0teki\u00f0 hafi\u00f0 l\u00f6gm\u00e1li\u00f0 fyrir tilskipan englanna, en hafi\u00f0 ekki haldi\u00f0 \u00fea\u00f0.<br \/><a name=\"54\"><span class=\"versanumer\">54<\/span><\/a>\u00de\u00e1 \u00feeir heyr\u00f0u \u00feetta, sk\u00e1rust \u00feeir \u00ed hj\u00f6rtum s\u00ednum og gn\u00edstu t\u00f6nnum yfir honum;<a name=\"55\"><span class=\"versanumer\">55<\/span><\/a>en hann, fullur af heil\u00f6gum Anda, horf\u00f0i til himins og leit Gu\u00f0s d\u00fdr\u00f0 og Jes\u00fam standa vi\u00f0 Gu\u00f0s h\u00e6gri h\u00f6nd.<a name=\"56\"><span class=\"versanumer\">56<\/span><\/a>\u00de\u00e1 m\u00e6lti hann: sj\u00e1! eg s\u00e9 himnana opna og Mannsins Son standa til h\u00e6gri handar Gu\u00f0i.<a name=\"57\"><span class=\"versanumer\">57<\/span><\/a>Hinir hr\u00f3pu\u00f0u \u00fe\u00e1 upp h\u00e1hlj\u00f3\u00f0um, byrg\u00f0u fyrir eyru s\u00e9r og r\u00e9\u00f0ust \u00e1 hann samhuga, hnepptu hann \u00fat af borginni og gr\u00fdttu hann.<a name=\"58\"><span class=\"versanumer\">58<\/span><\/a>En vottarnir l\u00f6g\u00f0u skikkjur s\u00ednar til f\u00f3ta ungmennis, er S\u00e1l h\u00e9t <span class='VideyAth'>a)<\/span>,<a name=\"59\"><span class=\"versanumer\">59<\/span><\/a>og gr\u00fdttu Stef\u00e1n sem \u00e1kalla\u00f0i og sag\u00f0i: Herra Jes\u00fa! me\u00f0tak \u00fe\u00fa minn anda!<a name=\"60\"><span class=\"versanumer\">60<\/span><\/a>S\u00ed\u00f0an f\u00e9ll hann \u00e1 kn\u00e9 og hr\u00f3pa\u00f0i h\u00e1st\u00f6fum: Drottinn! l\u00e1t \u00fe\u00e1 ekki gjalda \u00feessarar syndar! og sem hann haf\u00f0i \u00feetta sagt, sofna\u00f0i hann.<\/p>\n<div class=\"footnoteVidey\">V. 3. 1 M\u00f3s. 12,1.  V. 6. 1 M\u00f3s. 15,13\u201314.  V. 8. 1 M\u00f3s. 17,10. fl. a. S\u00e1ttm\u00e1la umskurnarinnar, \u00fe. e. \u00feau bo\u00f0or\u00f0, a\u00f0 hann skyldi umskera allt karlkyns \u00ed s\u00ednu h\u00fasi. V. 10. 1 M\u00f3s. 41.  V. 16. 1 M\u00f3s. 33,19. 49,29. J\u00f3s. 24,32.  V. 19\u201320. 2 M\u00f3s. 1.2.  V. 30. 2 M\u00f3s. 3.  V. 35. Sbr. v. 31.  V. 37. 2 M\u00f3s. 18,15.  V. 38. 2 M\u00f3s. 19,26.  V. 41. 2 M\u00f3s. 32.  V. 42. Amos 5,25.26.  V. 44. 2 M\u00f3s. 25.  V. 49. Es. 66.  V. 51. a. \u00de. e. \u00f3hl\u00fd\u00f0nir, eins og hei\u00f0nir menn.  V. 58. a. til merkis um, a\u00f0 \u00feeir sam\u00feykktu me\u00f0 honum \u00feetta verk, kap. 22,3.20.<\/div>\n","protected":false},"excerpt":{"rendered":"<p>Stef\u00e1n upptelur Gu\u00f0s velgj\u00f6rninga vi\u00f0 hi\u00f0 \u00f3\u00feakkl\u00e1ta Gy\u00f0ingaf\u00f3lk; \u00e1v\u00edtar Gy\u00f0inga fyrir framhald sinnar \u00feverm\u00f3\u00f0sku, og er gr\u00fdttur. 1\u00de\u00e1 spur\u00f0i prestah\u00f6f\u00f0inginn: er \u00feessu svo vari\u00f0? Stef\u00e1n m\u00e6lti:2G\u00f3\u00f0ir menn, br\u00e6\u00f0ur og fe\u00f0ur! hlusti\u00f0 til: Gu\u00f0 d\u00fdr\u00f0arinnar birtist f\u00f6\u00f0ur vorum Abraham, me\u00f0an hann var \u00ed Mes\u00f3p\u00f3tam\u00edu, \u00e1\u00f0ur en hann bj\u00f3 \u00ed Karran og sag\u00f0i til hans:3far burt \u00far landi \u00fe\u00ednu og fr\u00e1 fr\u00e6ndf\u00f3lki \u00fe\u00ednu, og kom \u00ed \u00fea\u00f0 land, er eg mun v\u00edsa \u00fe\u00e9r \u00e1.4\u00de\u00e1 f\u00f3r Abraham \u00far Kald\u00e6alandi og t\u00f3k s\u00e9r b\u00f3lfestu \u00ed Karran. En eftir \u00fea\u00f0 a\u00f0 fa\u00f0ir hans var l\u00e1tinn, flutti hann sig yfir til \u00feessa lands, \u00ed hv\u00f6rju \u00fe\u00e9r <a href=\"https:\/\/biblian.is\/videy\/postulasagan-7-kafli\/\"> [&#8230;]<\/a><\/p>\n","protected":false},"author":1,"featured_media":0,"parent":0,"menu_order":0,"comment_status":"open","ping_status":"open","template":"bibliukaflar.php","meta":{"footnotes":""},"class_list":["post-21874","page","type-page","status-publish","hentry"],"_links":{"self":[{"href":"https:\/\/biblian.is\/videy\/wp-json\/wp\/v2\/pages\/21874","targetHints":{"allow":["GET"]}}],"collection":[{"href":"https:\/\/biblian.is\/videy\/wp-json\/wp\/v2\/pages"}],"about":[{"href":"https:\/\/biblian.is\/videy\/wp-json\/wp\/v2\/types\/page"}],"author":[{"embeddable":true,"href":"https:\/\/biblian.is\/videy\/wp-json\/wp\/v2\/users\/1"}],"replies":[{"embeddable":true,"href":"https:\/\/biblian.is\/videy\/wp-json\/wp\/v2\/comments?post=21874"}],"version-history":[{"count":0,"href":"https:\/\/biblian.is\/videy\/wp-json\/wp\/v2\/pages\/21874\/revisions"}],"wp:attachment":[{"href":"https:\/\/biblian.is\/videy\/wp-json\/wp\/v2\/media?parent=21874"}],"curies":[{"name":"wp","href":"https:\/\/api.w.org\/{rel}","templated":true}]}}