{"id":21873,"date":"2018-01-02T01:04:35","date_gmt":"2018-01-02T01:04:35","guid":{"rendered":"http:\/\/biblian.is\/videy\/postulasagan-6-kafli\/"},"modified":"2018-01-02T01:04:35","modified_gmt":"2018-01-02T01:04:35","slug":"postulasagan-6-kafli","status":"publish","type":"page","link":"https:\/\/biblian.is\/videy\/postulasagan-6-kafli\/","title":{"rendered":"Postulasagan 6. kafli"},"content":{"rendered":"<div class=\"fyrirsognVidey\">Tala kristinna fj\u00f6lgar, og sj\u00f6 me\u00f0hj\u00e1lparar veljast; Stephanus gj\u00f6rir fur\u00f0uverk; enginn getur m\u00f3tsta\u00f0i\u00f0 hans speki, en lj\u00fagvitni lei\u00f0ast gegn honum.<\/div>\n<p><a name=\"1\"><span class=\"versanumer\">1<\/span><\/a>Um \u00feessar mundir, \u00fe\u00e1 tala l\u00e6risveinanna \u00f3x, kom upp kurr hj\u00e1 \u00feeim gr\u00edsku m\u00f3ti enum hebresku <span class='VideyAth'>a)<\/span>, \u00fat af \u00fev\u00ed, a\u00f0 ekkjur \u00feeirra \u00f3virtust vi\u00f0 hv\u00f6rsdaglega \u00fej\u00f3nustu <span class='VideyAth'>b)<\/span>.<a name=\"2\"><span class=\"versanumer\">2<\/span><\/a>\u00deeir t\u00f3lf k\u00f6llu\u00f0u \u00fe\u00e1 alla l\u00e6risveinana saman og s\u00f6g\u00f0u: ekki er gott a\u00f0 v\u00e9r yfirgefum Gu\u00f0s or\u00f0 til a\u00f0 \u00fej\u00f3na fyrir bor\u00f0um.<a name=\"3\"><span class=\"versanumer\">3<\/span><\/a>Skyggnist \u00fev\u00ed, br\u00e6\u00f0ur! eftir sj\u00f6 m\u00f6nnum vel r\u00e6mdum y\u00f0ur \u00e1 me\u00f0al, sem fullir s\u00e9u af heil\u00f6gum Anda og v\u00edsd\u00f3mi, svo v\u00e9r getum fali\u00f0 \u00feeim \u00e1 hendur \u00feessa nau\u00f0syn;<a name=\"4\"><span class=\"versanumer\">4<\/span><\/a>en v\u00e9r viljum vera st\u00f6\u00f0ugir vi\u00f0 b\u00e6nahaldi\u00f0 og or\u00f0sins \u00fej\u00f3nustu.<a name=\"5\"><span class=\"versanumer\">5<\/span><\/a>\u00deessi umm\u00e6li f\u00e9llu vel \u00ed ge\u00f0 \u00f6llum s\u00f6fnu\u00f0inum, og \u00feeir \u00fatv\u00f6ldu Stef\u00e1n, mann fullan af tr\u00fa og heil\u00f6gum Anda; Filippus <span class='VideyAth'>c)<\/span>, Prok\u00f3rus, Nikanor, T\u00edmon, Parmenas og Nikol\u00e1s fr\u00e1 Ant\u00edok\u00edu, sem haf\u00f0i Gy\u00f0ingur gj\u00f6rst <span class='VideyAth'>d)<\/span>.<a name=\"6\"><span class=\"versanumer\">6<\/span><\/a>\u00deessa framleiddu \u00feeir fyrir postulana, sem b\u00e1\u00f0ust fyrir og l\u00f6g\u00f0u hendur yfir \u00fe\u00e1.<a name=\"7\"><span class=\"versanumer\">7<\/span><\/a>N\u00fa \u00fatbreiddist \u00f3\u00f0um Gu\u00f0s or\u00f0, tala l\u00e6risveinanna j\u00f3kst harla mj\u00f6g \u00ed Jer\u00fasalem, og jafnvel fj\u00f6ldi presta t\u00f3k tr\u00fa. <br \/><a name=\"8\"><span class=\"versanumer\">8<\/span><\/a>En Stef\u00e1n, fullur af n\u00e1\u00f0 og krafti, gj\u00f6r\u00f0i t\u00e1kn og st\u00f3rmerki me\u00f0al f\u00f3lksins.<a name=\"9\"><span class=\"versanumer\">9<\/span><\/a>\u00de\u00e1 t\u00f3ku sig til nokkrir af \u00feeirri svo nefndu leysingja <span class='VideyAth'>e)<\/span>samkundu, og \u00feeirra fr\u00e1 S\u00fdrene, og Alexandr\u00edu, Silis\u00edu og As\u00edu, og \u00fereyttu spurningar vi\u00f0 Stef\u00e1n.<a name=\"10\"><span class=\"versanumer\">10<\/span><\/a>En \u00feeir g\u00e1tu ekki sta\u00f0i\u00f0 gegn \u00feeirri visku og \u00feeirri andagift, sem hann tala\u00f0i af.<a name=\"11\"><span class=\"versanumer\">11<\/span><\/a>\u00de\u00e1 settu \u00feeir \u00fat menn, er s\u00f6g\u00f0u: v\u00e9r h\u00f6fum heyrt hann tala sm\u00e1naror\u00f0 m\u00f3ti M\u00f3si og Gu\u00f0i;<a name=\"12\"><span class=\"versanumer\">12<\/span><\/a>\u00e6stu svo upp alm\u00fagann, \u00f6ldungana og \u00fe\u00e1 skriftl\u00e6r\u00f0u, veittust a\u00f0 honum og gripu hann og leiddu fyrir r\u00e1\u00f0i\u00f0;<a name=\"13\"><span class=\"versanumer\">13<\/span><\/a>l\u00e9tu svo koma fram lj\u00fagvitni, er s\u00f6g\u00f0u: \u00feessi ma\u00f0ur l\u00e6tur ekki af a\u00f0 tala gu\u00f0laus or\u00f0 gegn \u00feessum heilaga sta\u00f0 og l\u00f6gm\u00e1linu, \u00fev\u00ed v\u00e9r h\u00f6fum heyrt hann segja:<a name=\"14\"><span class=\"versanumer\">14<\/span><\/a>a\u00f0 Jes\u00fas af Nasaret mundi ey\u00f0ileggja \u00feenna sta\u00f0 og umbreyta \u00feeim si\u00f0um, sem M\u00f3ses hefir oss fyrirlagt.<a name=\"15\"><span class=\"versanumer\">15<\/span><\/a>\u00d6llum, sem \u00ed r\u00e1\u00f0inu s\u00e1tu, var\u00f0 stars\u00fdnt \u00e1 Stef\u00e1n, og virtist \u00feeim hans \u00e1sj\u00e1na vera sem engils \u00e1sj\u00e1na.<\/p>\n<div class=\"footnoteVidey\">V. 1. a. Hebreskir eru \u00feeir, sem voru innlendir \u00ed Gy\u00f0ingalandi; en gr\u00edskir \u00feeir, sem voru annarrar \u00fej\u00f3\u00f0ar, e\u00f0ur ekki t\u00f6lu\u00f0u gy\u00f0ingam\u00e1l, \u00fe\u00f3 teki\u00f0 hef\u00f0u tr\u00fa \u00feeirra. H\u00e9r meinast \u00feeir af hv\u00f6rumtveggjum sem teki\u00f0 h\u00f6f\u00f0u kristni. b. Gr\u00edskir kv\u00f6rtu\u00f0u yfir, a\u00f0 ekkjur \u00feeirra hafi fari\u00f0 varhluta \u00ed daglegri a\u00f0hj\u00fakrun og annarri \u00f6lmusu veiting fremur \u00feeim \u00ed Gy\u00f0ingalandi inneldnu.  V. 2. A\u00f0 \u00fej\u00f3na fyrir bor\u00f0um, er a\u00f0 sj\u00e1 til, a\u00f0 f\u00e1t\u00e6kir og sj\u00fakir f\u00e6ri ei \u00e1 mis vi\u00f0 nau\u00f0synlegt vi\u00f0urv\u00e6ri og a\u00f0hj\u00fakrun.  V. 5. c. Hann haf\u00f0i fyrst veri\u00f0 hei\u00f0inn, teki\u00f0 svo Gy\u00f0inga tr\u00fa, og s\u00ed\u00f0ast kristni. d. Sj\u00e1 Kap. 8,5. 21,8.  V. 7. Sj\u00e1 Kap. 8,4.  V. 9. e. Leysingjar k\u00f6llu\u00f0ust \u00feeir, hv\u00f6rjir e\u00f0a hv\u00f6rra fe\u00f0ur \u00e1\u00f0ur h\u00f6f\u00f0u \u00fer\u00e6lar veri\u00f0 hj\u00e1 Gy\u00f0ingum e\u00f0a \u00f6\u00f0rum, og h\u00f6f\u00f0u teki\u00f0 gy\u00f0ingatr\u00fa, og h\u00f6f\u00f0u samkundu \u00ed Jer\u00fasalem.<\/div>\n","protected":false},"excerpt":{"rendered":"<p>Tala kristinna fj\u00f6lgar, og sj\u00f6 me\u00f0hj\u00e1lparar veljast; Stephanus gj\u00f6rir fur\u00f0uverk; enginn getur m\u00f3tsta\u00f0i\u00f0 hans speki, en lj\u00fagvitni lei\u00f0ast gegn honum. 1Um \u00feessar mundir, \u00fe\u00e1 tala l\u00e6risveinanna \u00f3x, kom upp kurr hj\u00e1 \u00feeim gr\u00edsku m\u00f3ti enum hebresku a), \u00fat af \u00fev\u00ed, a\u00f0 ekkjur \u00feeirra \u00f3virtust vi\u00f0 hv\u00f6rsdaglega \u00fej\u00f3nustu b).2\u00deeir t\u00f3lf k\u00f6llu\u00f0u \u00fe\u00e1 alla l\u00e6risveinana saman og s\u00f6g\u00f0u: ekki er gott a\u00f0 v\u00e9r yfirgefum Gu\u00f0s or\u00f0 til a\u00f0 \u00fej\u00f3na fyrir bor\u00f0um.3Skyggnist \u00fev\u00ed, br\u00e6\u00f0ur! eftir sj\u00f6 m\u00f6nnum vel r\u00e6mdum y\u00f0ur \u00e1 me\u00f0al, sem fullir s\u00e9u af heil\u00f6gum Anda og v\u00edsd\u00f3mi, svo v\u00e9r getum fali\u00f0 \u00feeim \u00e1 hendur \u00feessa nau\u00f0syn;4en v\u00e9r viljum vera st\u00f6\u00f0ugir <a href=\"https:\/\/biblian.is\/videy\/postulasagan-6-kafli\/\"> [&#8230;]<\/a><\/p>\n","protected":false},"author":1,"featured_media":0,"parent":0,"menu_order":0,"comment_status":"open","ping_status":"open","template":"bibliukaflar.php","meta":{"footnotes":""},"class_list":["post-21873","page","type-page","status-publish","hentry"],"_links":{"self":[{"href":"https:\/\/biblian.is\/videy\/wp-json\/wp\/v2\/pages\/21873","targetHints":{"allow":["GET"]}}],"collection":[{"href":"https:\/\/biblian.is\/videy\/wp-json\/wp\/v2\/pages"}],"about":[{"href":"https:\/\/biblian.is\/videy\/wp-json\/wp\/v2\/types\/page"}],"author":[{"embeddable":true,"href":"https:\/\/biblian.is\/videy\/wp-json\/wp\/v2\/users\/1"}],"replies":[{"embeddable":true,"href":"https:\/\/biblian.is\/videy\/wp-json\/wp\/v2\/comments?post=21873"}],"version-history":[{"count":0,"href":"https:\/\/biblian.is\/videy\/wp-json\/wp\/v2\/pages\/21873\/revisions"}],"wp:attachment":[{"href":"https:\/\/biblian.is\/videy\/wp-json\/wp\/v2\/media?parent=21873"}],"curies":[{"name":"wp","href":"https:\/\/api.w.org\/{rel}","templated":true}]}}