{"id":21872,"date":"2018-01-02T01:04:35","date_gmt":"2018-01-02T01:04:35","guid":{"rendered":"http:\/\/biblian.is\/videy\/postulasagan-5-kafli\/"},"modified":"2018-01-02T01:04:35","modified_gmt":"2018-01-02T01:04:35","slug":"postulasagan-5-kafli","status":"publish","type":"page","link":"https:\/\/biblian.is\/videy\/postulasagan-5-kafli\/","title":{"rendered":"Postulasagan 5. kafli"},"content":{"rendered":"<div class=\"fyrirsognVidey\">Svik og straff Anan\u00edasar og Saph\u00edru; kraftaverk postulanna; margir taka tr\u00fa; postular setjast \u00ed var\u00f0hald, en frelsast \u00fea\u00f0an af engli; eru leiddir fyrir r\u00e1\u00f0i\u00f0, sem vill r\u00e1\u00f0a \u00fe\u00e1 af d\u00f6gum; Gamal\u00edel afst\u00fdrir \u00fev\u00ed; \u00feeir eru h\u00fa\u00f0str\u00fdktir, l\u00e1tnir lausir, en halda samt \u00e1fram a\u00f0 kenna.<\/div>\n<p><a name=\"1\"><span class=\"versanumer\">1<\/span><\/a>En ma\u00f0ur nokkur a\u00f0 nafni Anan\u00edas hv\u00f6rs kona h\u00e9t Saff\u00edra, seldi fasteign,<a name=\"2\"><span class=\"versanumer\">2<\/span><\/a>og dr\u00f3 nokku\u00f0 undan af ver\u00f0inu, me\u00f0 vitund konu sinnar, en f\u00e6r\u00f0i postulunum nokku\u00f0 og seldi \u00feeim til umr\u00e1\u00f0a.<a name=\"3\"><span class=\"versanumer\">3<\/span><\/a>P\u00e9tur sag\u00f0i \u00fe\u00e1: Anan\u00edas! hv\u00ed l\u00e9stu Satan koma \u00fe\u00e9r til \u00feess a\u00f0 lj\u00faga a\u00f0 heil\u00f6gum Anda og draga af jar\u00f0arver\u00f0inu?<a name=\"4\"><span class=\"versanumer\">4<\/span><\/a>var h\u00fan ekki \u00fe\u00edn, \u00e1 me\u00f0an h\u00fan var \u00f3f\u00f6rgu\u00f0? og \u00e1ttir\u00f0\u00fa eins r\u00e1\u00f0 \u00e1 ver\u00f0i hennar eftir s\u00f6luna? Hv\u00f6rninn gast\u00fa \u00fe\u00e1 l\u00e1ti\u00f0 \u00fe\u00e9r hugkv\u00e6mast sl\u00edkt tilt\u00e6ki? ekki hefur \u00fe\u00fa logi\u00f0 a\u00f0 m\u00f6nnum, heldur a\u00f0 Gu\u00f0i.<a name=\"5\"><span class=\"versanumer\">5<\/span><\/a>Undir eins og Anan\u00edas heyr\u00f0i \u00feessi or\u00f0, datt hann ni\u00f0ur og gaf upp \u00f6ndina, og miklum \u00f3tta sl\u00f3 yfir alla, sem \u00feetta heyr\u00f0u;<a name=\"6\"><span class=\"versanumer\">6<\/span><\/a>en ungir menn bjuggu um l\u00edki\u00f0, b\u00e1ru \u00fea\u00f0 burt og j\u00f6r\u00f0u\u00f0u.<a name=\"7\"><span class=\"versanumer\">7<\/span><\/a>A\u00f0 li\u00f0num svo sem \u00ferem stundum bar svo til, a\u00f0 kona hans gekk \u00fear inn, \u00e1n \u00feess a\u00f0 vita hva\u00f0 ske\u00f0 var.<a name=\"8\"><span class=\"versanumer\">8<\/span><\/a>P\u00e9tur spur\u00f0i hana: seg\u00f0\u00fa m\u00e9r, seldu\u00f0 \u00fei\u00f0 akurinn fyrir \u00feetta ver\u00f0? h\u00fan svara\u00f0i: j\u00e1, fyrir \u00feetta ver\u00f0.<a name=\"9\"><span class=\"versanumer\">9<\/span><\/a>P\u00e9tur m\u00e6lti \u00fe\u00e1 til hennar: hv\u00ed ur\u00f0u\u00f0 \u00fei\u00f0 samr\u00e1\u00f0a \u00ed a\u00f0 freista Anda Drottins? sj\u00e1! f\u00e6tur \u00feeirra, sem greftru\u00f0u mann \u00feinn, eru vi\u00f0 dyrnar og munu \u00fatbera \u00feig.<a name=\"10\"><span class=\"versanumer\">10<\/span><\/a>En h\u00fan datt jafnskj\u00f3tt ni\u00f0ur fyrir f\u00e6tur honum, og gaf upp \u00f6ndina, svo \u00feegar hinir ungu menn komu inn, fundu \u00feeir hana dau\u00f0a, b\u00e1ru hana \u00fat og gr\u00f3fu hj\u00e1 manni s\u00ednum.<a name=\"11\"><span class=\"versanumer\">11<\/span><\/a>Og miklum \u00f3tta sl\u00f3 yfir allan s\u00f6fnu\u00f0inn, og yfir alla, sem \u00feetta heyr\u00f0u. <br \/><a name=\"12\"><span class=\"versanumer\">12<\/span><\/a>Framvegis ske\u00f0u fyrir hendur postulanna m\u00f6rg t\u00e1kn og st\u00f3rmerki me\u00f0al f\u00f3lksins; <span class='VideyAth'>(og allir a)<\/span> fylltu \u00feeir einn flokk og h\u00e9ldu til \u00ed Sal\u00f3mons st\u00f3lpagangi;<a name=\"13\"><span class=\"versanumer\">13<\/span><\/a>en \u00f6ngvir a\u00f0rir <span class='VideyAth'>b)<\/span> dirf\u00f0ust a\u00f0 samlagast \u00feeim, heldur mikla\u00f0i \u00fe\u00e1 l\u00fd\u00f0urinn;<a name=\"14\"><span class=\"versanumer\">14<\/span><\/a>og jafnan jukust fleiri vi\u00f0, sem t\u00f3ku tr\u00fa, mikill fj\u00f6ldi karla og kvenna,<a name=\"15\"><span class=\"versanumer\">15<\/span><\/a>svo a\u00f0 \u00feeir b\u00e1ru vanf\u00e6ra menn \u00fat \u00e1 str\u00e6tin og l\u00f6g\u00f0u \u00fe\u00e1 \u00e1 bedda og lausar\u00fam \u00feannig, a\u00f0 \u00feegar P\u00e9tur k\u00e6mi f\u00e9lli a\u00f0 minnsta kosti skuggi hans \u00e1 einhv\u00f6rn \u00feeirra.<a name=\"16\"><span class=\"versanumer\">16<\/span><\/a>Fj\u00f6ldi f\u00f3lks kom og \u00far kringumliggjandi borgum til Jer\u00fasalem, flytjandi sj\u00faka, og \u00fej\u00e1\u00f0a af \u00f3hreinum \u00f6ndum, sem allir ur\u00f0u heilbrig\u00f0ir. <br \/><a name=\"17\"><span class=\"versanumer\">17<\/span><\/a>N\u00fa t\u00f3k sig upp prestah\u00f6f\u00f0inginn og allir \u00feeir, sem me\u00f0 honum h\u00e9ldu, sem var flokkur sad\u00faseanna;<a name=\"18\"><span class=\"versanumer\">18<\/span><\/a>fylltust \u00feeir vandl\u00e6tingu, og l\u00f6g\u00f0u hendur \u00e1 postulana, og settu \u00fe\u00e1 \u00ed almennt fangah\u00fas.<a name=\"19\"><span class=\"versanumer\">19<\/span><\/a>En engill Drottins opna\u00f0i um n\u00f3tt dyr myrkvastofunnar, leiddi \u00fe\u00e1 \u00fat og sag\u00f0i:<a name=\"20\"><span class=\"versanumer\">20<\/span><\/a>fari\u00f0, gangi\u00f0 frj\u00e1lslega fram og tali\u00f0 \u00ed musterinu \u00f6ll \u00feessi l\u00edfsins or\u00f0 til f\u00f3lksins.<a name=\"21\"><span class=\"versanumer\">21<\/span><\/a>En sem \u00feeir heyr\u00f0u \u00feetta, gengu \u00feeir \u00ed birtingu upp \u00ed musteri\u00f0 og kenndu. En \u00fe\u00e1 prestah\u00f6f\u00f0inginn, og \u00feeir, sem \u00e1 hans m\u00e1li voru, voru saman komnir, k\u00f6llu\u00f0u \u00feeir saman r\u00e1\u00f0i\u00f0 og alla \u00f6ldunga \u00cdsraelsl\u00fd\u00f0s, og sendu til myrkvastofunnar til a\u00f0 s\u00e6kja \u00fe\u00e1.<a name=\"22\"><span class=\"versanumer\">22<\/span><\/a>En er \u00fej\u00f3narnir komu og fundu \u00fe\u00e1 ekki \u00ed d\u00fdflissunni, hvurfu \u00feeir aftur og kunngj\u00f6r\u00f0u \u00fea\u00f0, og m\u00e6ltu:<a name=\"23\"><span class=\"versanumer\">23<\/span><\/a>fangah\u00fasi\u00f0 fundum v\u00e9r a\u00f0 s\u00f6nnu vandlega l\u00e6st og var\u00f0mennina standa fyrir dyrunum, en \u00fe\u00e1 v\u00e9r lukum upp, fundum v\u00e9r engan inni.<a name=\"24\"><span class=\"versanumer\">24<\/span><\/a>\u00deegar \u00feeir heyr\u00f0u \u00feessa s\u00f6gu, prestah\u00f6f\u00f0inginn og foringi var\u00f0manna musterisins og h\u00f6fu\u00f0prestarnir, ur\u00f0u \u00feeir efablandnir, hva\u00f0 \u00far \u00feessu \u00e6tla\u00f0i a\u00f0 ver\u00f0a.<a name=\"25\"><span class=\"versanumer\">25<\/span><\/a>En \u00ed \u00fev\u00ed kom a\u00f0 ma\u00f0ur, sem kunngj\u00f6r\u00f0i \u00feeim: sj\u00e1! \u00feeir menn, sem \u00fe\u00e9r settu\u00f0 \u00ed d\u00fdflissu, standa \u00ed musterinu, og kenna \u00fear f\u00f3lkinu.<a name=\"26\"><span class=\"versanumer\">26<\/span><\/a>\u00de\u00e1 f\u00f3r var\u00f0mannaforinginn af sta\u00f0 me\u00f0 \u00fej\u00f3nunum, og s\u00f3tti \u00fe\u00e1, \u00fe\u00f3 \u00e1n ofbeldis, af hr\u00e6\u00f0slu vi\u00f0 f\u00f3lki\u00f0, a\u00f0 ekki yr\u00f0u \u00feeir gr\u00fdttir.<a name=\"27\"><span class=\"versanumer\">27<\/span><\/a>N\u00fa sem \u00feeir voru komnir me\u00f0 \u00fe\u00e1, leiddu \u00feeir \u00fe\u00e1 fram fyrir r\u00e1\u00f0i\u00f0. Prestah\u00f6f\u00f0inginn spur\u00f0i \u00fe\u00e1 postulana:<a name=\"28\"><span class=\"versanumer\">28<\/span><\/a>h\u00f6fum v\u00e9r ekki lagt r\u00edkt \u00e1 vi\u00f0 y\u00f0ur, a\u00f0 kenna ekki \u00ed \u00feessu nafni <span class='VideyAth'>c)<\/span>? og sj\u00e1! samt hafi\u00f0 \u00fei\u00f0 fyllt Jer\u00fasalem me\u00f0 ykkar kenningu, og vilji\u00f0 lei\u00f0a yfir oss \u00feessa manns bl\u00f3\u00f0.<a name=\"29\"><span class=\"versanumer\">29<\/span><\/a>\u00de\u00e1 svara\u00f0i P\u00e9tur og postularnir: framar ber a\u00f0 hl\u00fd\u00f0a Gu\u00f0i en m\u00f6nnum.<a name=\"30\"><span class=\"versanumer\">30<\/span><\/a>Gu\u00f0 fe\u00f0ra vorra hefir uppvaki\u00f0 Jes\u00fam, hv\u00f6rn \u00fe\u00e9r l\u00edfl\u00e9tu\u00f0 og upphengdu\u00f0 \u00e1 tr\u00e9.<a name=\"31\"><span class=\"versanumer\">31<\/span><\/a>\u00deenna Foringja og Frelsara hefir Gu\u00f0 upphafi\u00f0 <span class='VideyAth'>d)<\/span> me\u00f0 sinni h\u00e6gri hendi, svo hann veiti \u00cdsrael afturhvarf og syndanna fyrirgefningu;<a name=\"32\"><span class=\"versanumer\">32<\/span><\/a>og v\u00e9r erum hans vottar a\u00f0 \u00feessu og s\u00e1 heilagi Andi, hv\u00f6rn Gu\u00f0 gaf \u00feeim, er hl\u00fd\u00f0nu\u00f0ust honum.<a name=\"33\"><span class=\"versanumer\">33<\/span><\/a>\u00de\u00e1 \u00feeir heyr\u00f0u \u00feetta, sk\u00e1rust \u00feeir innvortis og voru \u00feegar alr\u00e1\u00f0nir \u00ed a\u00f0 l\u00edfl\u00e1ta \u00fe\u00e1. <br \/><a name=\"34\"><span class=\"versanumer\">34<\/span><\/a>En \u00ed r\u00e1\u00f0inu st\u00f3\u00f0 \u00fe\u00e1 upp ma\u00f0ur, far\u00edseari, a\u00f0 nafni Gamal\u00edel, einn l\u00f6gspekingur, velmetinn af \u00f6llu f\u00f3lki; hann bau\u00f0 a\u00f0 postularnir v\u00e6ri l\u00e1tnir v\u00edkja \u00fat sn\u00f6ggsinnis,<a name=\"35\"><span class=\"versanumer\">35<\/span><\/a>og sag\u00f0i: \u00fe\u00e9r \u00cdsraelsmenn! athugi\u00f0 vel, hva\u00f0 \u00fe\u00e9r gj\u00f6ri\u00f0 vi\u00f0 \u00feessa menn.<a name=\"36\"><span class=\"versanumer\">36<\/span><\/a>Fyrir stuttu reis upp Teudas, og l\u00e9t miki\u00f0 fyrir s\u00e9r. Til hans hylltust n\u00e6r fj\u00f6gur hundru\u00f0 manns; en hann var drepinn, og allir \u00feeir, sem hann \u00fe\u00fdddust, eru tv\u00edstra\u00f0ir og a\u00f0 engu or\u00f0nir.<a name=\"37\"><span class=\"versanumer\">37<\/span><\/a>Eftir hann reis upp J\u00fadas hinn galverski, skattatekju\u00e1ri\u00f0, og la\u00f0a\u00f0i til s\u00edn fj\u00f6lda f\u00f3lks. Hann fyrirf\u00f3rst l\u00edka, og allir \u00feeir, sem me\u00f0 honum h\u00e9ldu, sundurdreif\u00f0ust.<a name=\"38\"><span class=\"versanumer\">38<\/span><\/a>Og n\u00fa segi eg y\u00f0ur: h\u00e6tti\u00f0 vi\u00f0 \u00feessa menn, og l\u00e1ti\u00f0 \u00fe\u00e1 vera. \u00dev\u00ed ef \u00feetta \u00e1form, e\u00f0ur fyrirt\u00e6ki er af m\u00f6nnum, fellur \u00fea\u00f0 sj\u00e1lfkrafa;<a name=\"39\"><span class=\"versanumer\">39<\/span><\/a>en s\u00e9 \u00fea\u00f0 fr\u00e1 Gu\u00f0i, \u00fe\u00e1 megni\u00f0 \u00fe\u00e9r ekki a\u00f0 kefja \u00fea\u00f0; svo \u00fe\u00e9r ekki ver\u00f0i\u00f0 fundnir \u00ed a\u00f0 vilja str\u00ed\u00f0a gegn Gu\u00f0i.<a name=\"40\"><span class=\"versanumer\">40<\/span><\/a>\u00c1 \u00feetta f\u00e9llust \u00feeir, k\u00f6llu\u00f0u \u00e1 postulana, h\u00fa\u00f0str\u00fdktu \u00fe\u00e1, fyrirbu\u00f0u \u00feeim a\u00f0 tala \u00ed Jes\u00fa nafni og l\u00e9tu \u00fe\u00e1 svo lausa.<a name=\"41\"><span class=\"versanumer\">41<\/span><\/a>En \u00feeir gengu gla\u00f0ir burt fr\u00e1 r\u00e1\u00f0sins augs\u00fdn yfir \u00fev\u00ed, a\u00f0 \u00feeir, s\u00f6kum Jes\u00fa vi\u00f0urkenningar, hef\u00f0u veri\u00f0 virtir h\u00e1\u00f0ungar;<a name=\"42\"><span class=\"versanumer\">42<\/span><\/a>og h\u00e6ttu ekki a\u00f0 kenna hv\u00f6rn dag \u00ed musterinu, og a\u00f0 bo\u00f0a \u00ed hv\u00f6rju h\u00fasi, fagna\u00f0arl\u00e6rd\u00f3minn, a\u00f0 Jes\u00fas v\u00e6ri Kristur.<\/p>\n<div class=\"footnoteVidey\">V. 12. a. \u00de. e. Kristnir.  V. 13. b. \u00de. e. \u00feeir sem ei h\u00f6f\u00f0u teki\u00f0 kristni.  V. 28. c. Pr\u00e9dika \u00feann n\u00fdja l\u00e6rd\u00f3m, hv\u00f6rs h\u00f6fundur Jes\u00fas var.  V. 31. d. Sbr. 2,33.<\/div>\n","protected":false},"excerpt":{"rendered":"<p>Svik og straff Anan\u00edasar og Saph\u00edru; kraftaverk postulanna; margir taka tr\u00fa; postular setjast \u00ed var\u00f0hald, en frelsast \u00fea\u00f0an af engli; eru leiddir fyrir r\u00e1\u00f0i\u00f0, sem vill r\u00e1\u00f0a \u00fe\u00e1 af d\u00f6gum; Gamal\u00edel afst\u00fdrir \u00fev\u00ed; \u00feeir eru h\u00fa\u00f0str\u00fdktir, l\u00e1tnir lausir, en halda samt \u00e1fram a\u00f0 kenna. 1En ma\u00f0ur nokkur a\u00f0 nafni Anan\u00edas hv\u00f6rs kona h\u00e9t Saff\u00edra, seldi fasteign,2og dr\u00f3 nokku\u00f0 undan af ver\u00f0inu, me\u00f0 vitund konu sinnar, en f\u00e6r\u00f0i postulunum nokku\u00f0 og seldi \u00feeim til umr\u00e1\u00f0a.3P\u00e9tur sag\u00f0i \u00fe\u00e1: Anan\u00edas! hv\u00ed l\u00e9stu Satan koma \u00fe\u00e9r til \u00feess a\u00f0 lj\u00faga a\u00f0 heil\u00f6gum Anda og draga af jar\u00f0arver\u00f0inu?4var h\u00fan ekki \u00fe\u00edn, \u00e1 me\u00f0an h\u00fan var <a href=\"https:\/\/biblian.is\/videy\/postulasagan-5-kafli\/\"> [&#8230;]<\/a><\/p>\n","protected":false},"author":1,"featured_media":0,"parent":0,"menu_order":0,"comment_status":"open","ping_status":"open","template":"bibliukaflar.php","meta":{"footnotes":""},"class_list":["post-21872","page","type-page","status-publish","hentry"],"_links":{"self":[{"href":"https:\/\/biblian.is\/videy\/wp-json\/wp\/v2\/pages\/21872","targetHints":{"allow":["GET"]}}],"collection":[{"href":"https:\/\/biblian.is\/videy\/wp-json\/wp\/v2\/pages"}],"about":[{"href":"https:\/\/biblian.is\/videy\/wp-json\/wp\/v2\/types\/page"}],"author":[{"embeddable":true,"href":"https:\/\/biblian.is\/videy\/wp-json\/wp\/v2\/users\/1"}],"replies":[{"embeddable":true,"href":"https:\/\/biblian.is\/videy\/wp-json\/wp\/v2\/comments?post=21872"}],"version-history":[{"count":0,"href":"https:\/\/biblian.is\/videy\/wp-json\/wp\/v2\/pages\/21872\/revisions"}],"wp:attachment":[{"href":"https:\/\/biblian.is\/videy\/wp-json\/wp\/v2\/media?parent=21872"}],"curies":[{"name":"wp","href":"https:\/\/api.w.org\/{rel}","templated":true}]}}