{"id":21869,"date":"2018-01-02T01:04:30","date_gmt":"2018-01-02T01:04:30","guid":{"rendered":"http:\/\/biblian.is\/videy\/postulasagan-2-kafli\/"},"modified":"2018-01-02T01:04:30","modified_gmt":"2018-01-02T01:04:30","slug":"postulasagan-2-kafli","status":"publish","type":"page","link":"https:\/\/biblian.is\/videy\/postulasagan-2-kafli\/","title":{"rendered":"Postulasagan 2. kafli"},"content":{"rendered":"<div class=\"fyrirsognVidey\">Heilags Anda sending \u00e1 hv\u00edtasunnuh\u00e1t\u00ed\u00f0inni; r\u00e6\u00f0a P\u00e9turs um Krists p\u00ednu, upprisu, himnaf\u00f6r og sendingu heilags Anda; spurningar f\u00f3lksins, r\u00e1\u00f0 og upp\u00f6rvan P\u00e9turs; 3000 kristnast; innbyr\u00f0is umgengni hinna fyrstu kristnu.<\/div>\n<p><a name=\"1\"><span class=\"versanumer\">1<\/span><\/a>En er hv\u00edtasunnudagurinn kom, v\u00f3ru \u00feeir allir me\u00f0 einum huga til samans.<a name=\"2\"><span class=\"versanumer\">2<\/span><\/a>Og \u00fear var\u00f0 skyndilega \u00feytur fr\u00e1 himni, eins og a\u00f0dynjanda sterkvi\u00f0ris, og fyllti allt h\u00fasi\u00f0 \u00fear \u00feeir s\u00e1tu \u00ed.<a name=\"3\"><span class=\"versanumer\">3<\/span><\/a>Og \u00feeir s\u00e1u tungur, eins og af eldi v\u00e6ru, er kv\u00edslu\u00f0ust og settu sig yfir s\u00e9rhvern \u00feeirra;<a name=\"4\"><span class=\"versanumer\">4<\/span><\/a>og \u00feeir ur\u00f0u allir fullir af heil\u00f6gum Anda og t\u00f3ku a\u00f0 tala annarlegum tungum, eins og andinn gaf \u00feeim a\u00f0 tala.<a name=\"5\"><span class=\"versanumer\">5<\/span><\/a>En \u00ed Jer\u00fasalem bjuggu Gy\u00f0ingar; gu\u00f0r\u00e6knir menn af alls konar \u00fej\u00f3\u00f0um undir himninum.<a name=\"6\"><span class=\"versanumer\">6<\/span><\/a>\u00de\u00e1 n\u00fa \u00feessi hvinur var\u00f0, kom mannfj\u00f6ldinn til samans, og honum br\u00e1 mj\u00f6g vi\u00f0, er hver einn heyr\u00f0i \u00fe\u00e1 tala hans m\u00e1l;<a name=\"7\"><span class=\"versanumer\">7<\/span><\/a>ur\u00f0u \u00fe\u00e1 allir svo sem fr\u00e1 s\u00e9r og undru\u00f0ust, segjandi hver til annars: sj\u00e1! eru ekki allir \u00feessir, sem tala, \u00far Gal\u00edleu,<a name=\"8\"><span class=\"versanumer\">8<\/span><\/a>og hverninn heyrir \u00fe\u00e1 hver af oss sitt m\u00f3\u00f0urm\u00e1l?<a name=\"9\"><span class=\"versanumer\">9<\/span><\/a>Parthar, Medar, Elamitar, v\u00e9r sem heima eigum \u00ed Mesop\u00f3tam\u00edu, Judu, Kappados\u00edu, Pontus og As\u00edu,<a name=\"10\"><span class=\"versanumer\">10<\/span><\/a>\u00ed Fryg\u00edu og Pamfil\u00edu, Egyptalandi og Lyb\u00edubygg\u00f0um \u00ed n\u00e1nd vi\u00f0 Syrene, v\u00e9r R\u00f3mverjar h\u00e9r b\u00fasettir;<a name=\"11\"><span class=\"versanumer\">11<\/span><\/a>Gy\u00f0ingar, og v\u00e9r sem Gy\u00f0ingar h\u00f6fum gj\u00f6rst, Kretar og Arabar, v\u00e9r heyrum \u00fe\u00e1 tala \u00e1 vorar tungur um Gu\u00f0s st\u00f3rmerki?<a name=\"12\"><span class=\"versanumer\">12<\/span><\/a>Hver ma\u00f0ur var\u00f0 fr\u00e1 s\u00e9r numinn og efablandinn, og einn sag\u00f0i til annars: hva\u00f0 \u00e6tlar \u00far \u00feessu a\u00f0 ver\u00f0a?<a name=\"13\"><span class=\"versanumer\">13<\/span><\/a>en a\u00f0rir spottu\u00f0ust a\u00f0 \u00feessu, segjandi: \u00feeir eru fullir af s\u00e6tu v\u00edni. <br \/><a name=\"14\"><span class=\"versanumer\">14<\/span><\/a>\u00de\u00e1 gekk P\u00e9tur fram \u00e1samt \u00feeim ellefu, h\u00f3f upp s\u00edna raust og tala\u00f0i til \u00feeirra: \u00fe\u00e9r Gy\u00f0ingar, g\u00f3\u00f0ir menn, og \u00fe\u00e9r allir, sem \u00ed Jer\u00fasalem b\u00fai\u00f0! \u00fea\u00f0 s\u00e9 y\u00f0ur vitanlegt, og l\u00e1ti\u00f0 y\u00f0ur or\u00f0 m\u00edn \u00ed eyrum lo\u00f0a!<a name=\"15\"><span class=\"versanumer\">15<\/span><\/a>Ekki er \u00fea\u00f0 eins og \u00fe\u00e9r hugsi\u00f0, a\u00f0 \u00feessir s\u00e9u drukknir <span class='VideyAth'>b)<\/span>, \u00fev\u00ed a\u00f0 n\u00fa er \u00feri\u00f0ja stund dags;<a name=\"16\"><span class=\"versanumer\">16<\/span><\/a>heldur r\u00e6tist h\u00e9r hva\u00f0 sp\u00e1ma\u00f0urinn Joel sag\u00f0i:<a name=\"17\"><span class=\"versanumer\">17<\/span><\/a>\u201e\u00fea\u00f0 skal ske \u00e1 s\u00ed\u00f0ustu d\u00f6gum <span class='VideyAth'>a)<\/span>, segir Gu\u00f0, eg vil \u00fathella af m\u00ednum anda yfir allt hold; y\u00f0ar synir og d\u00e6tur skulu sp\u00e1, y\u00f0ar ungmenni sj\u00e1 sj\u00f3nir, og y\u00f0ar \u00f6ldungar f\u00e1 draumvitranir;<a name=\"18\"><span class=\"versanumer\">18<\/span><\/a>yfir \u00fej\u00f3na m\u00edna og amb\u00e1ttir m\u00ednar vil eg \u00e1 \u00feeim d\u00f6gum \u00fathella af m\u00ednum anda, og \u00feau skulu sp\u00e1.<a name=\"19\"><span class=\"versanumer\">19<\/span><\/a>Og eg mun l\u00e1ta t\u00e1kn ske \u00e1 himnum uppi, og fyrirbur\u00f0i \u00e1 j\u00f6r\u00f0u, bl\u00f3\u00f0, eld og reykjarsv\u00e6lu.<a name=\"20\"><span class=\"versanumer\">20<\/span><\/a>S\u00f3lin skal sn\u00faast \u00ed myrkur og tungli\u00f0 \u00ed bl\u00f3\u00f0, \u00e1\u00f0ur en kemur hinn mikli d\u00fdr\u00f0legi dagur Drottins;<a name=\"21\"><span class=\"versanumer\">21<\/span><\/a>en \u00fea\u00f0 skal ske, a\u00f0 hv\u00f6r, sem nafn Drottins \u00e1kallar, s\u00e1 mun ver\u00f0a h\u00f3lpinn.\u201c<a name=\"22\"><span class=\"versanumer\">22<\/span><\/a>\u00de\u00e9r \u00cdsraelsmenn, heyri\u00f0 \u00feessi or\u00f0: Jes\u00fam fr\u00e1 Nasaret, mann \u00feann er Gu\u00f0 au\u00f0kenndi fyrir y\u00f0ur me\u00f0 kraftaverkum, t\u00e1knum og st\u00f3rmerkjum, sem Gu\u00f0 l\u00e9t ske fyrir hans h\u00f6nd me\u00f0al y\u00f0ar, eins og \u00fe\u00e9r viti\u00f0;<a name=\"23\"><span class=\"versanumer\">23<\/span><\/a>hann hafi\u00f0 \u00fe\u00e9r eftir Gu\u00f0s r\u00e1\u00f0st\u00f6fun og fyrir\u00e6tlun ofurseldan, teki\u00f0 og me\u00f0 h\u00f6ndum \u00f3gu\u00f0legra krossfest og afl\u00edfa\u00f0.<a name=\"24\"><span class=\"versanumer\">24<\/span><\/a>En \u00feennan sama hefir Gu\u00f0 uppvaki\u00f0 og leyst \u00far dau\u00f0ans b\u00f6ndum, \u00fev\u00ed a\u00f0 ekki var \u00fea\u00f0 m\u00f6gulegt, a\u00f0 dau\u00f0inn g\u00e6ti haldi\u00f0 honum: \u00fev\u00ed Dav\u00ed\u00f0 segir um hann:<a name=\"25\"><span class=\"versanumer\">25<\/span><\/a>\u201e\u00e6t\u00ed\u00f0 hefi eg Drottin fyrir augum m\u00e9r, hann er m\u00e9r til h\u00e6gri hli\u00f0ar, svo eg skelfist ekki;<a name=\"26\"><span class=\"versanumer\">26<\/span><\/a>\u00fev\u00ed er mitt hjarta gla\u00f0v\u00e6rt og tunga m\u00edn fagnar. \u00dear fyrir skal og minn l\u00edkami hv\u00edla vongla\u00f0ur,<a name=\"27\"><span class=\"versanumer\">27<\/span><\/a>\u00fev\u00ed \u00fe\u00fa munt ekki eftirskilja m\u00edna \u00f6nd \u00ed r\u00edki enna dau\u00f0u, n\u00e9 leyfa a\u00f0 \u00feinn Heilagi sj\u00e1i rotnun.<a name=\"28\"><span class=\"versanumer\">28<\/span><\/a>Kunna gj\u00f6r\u00f0ir \u00fe\u00fa m\u00e9r l\u00edfsins vegu, \u00fe\u00fa munt mig me\u00f0 k\u00e6ti fylla fyrir \u00e1sj\u00f3nu \u00feinni.\u201c<a name=\"29\"><span class=\"versanumer\">29<\/span><\/a>G\u00f3\u00f0ir menn og br\u00e6\u00f0ur! leyft s\u00e9 m\u00e9 einar\u00f0lega a\u00f0 tala vi\u00f0 y\u00f0ur um forf\u00f6\u00f0urinn Dav\u00ed\u00f0: hann d\u00f3 og var grafinn, og hans lei\u00f0i er til hj\u00e1 oss enn \u00ed dag.<a name=\"30\"><span class=\"versanumer\">30<\/span><\/a>En af \u00fev\u00ed hann var sp\u00e1ma\u00f0ur, og vissi, a\u00f0 Gu\u00f0 haf\u00f0i svari\u00f0 honum, a\u00f0 einn hans afkomenda skyldi sitja \u00e1 hans konungsst\u00f3li,<a name=\"31\"><span class=\"versanumer\">31<\/span><\/a>tala\u00f0i hann af forsp\u00e1 um upprisu Krists; \u00fev\u00ed ekki var\u00f0 hans s\u00e1la \u00ed dau\u00f0ra r\u00edki eftirskilin og l\u00edkami hans s\u00e1 ekki heldur rotnun.<a name=\"32\"><span class=\"versanumer\">32<\/span><\/a>\u00deenna Jes\u00fam uppvakti Gu\u00f0 fr\u00e1 dau\u00f0um, \u00feess erum v\u00e9r allir vottar;<a name=\"33\"><span class=\"versanumer\">33<\/span><\/a>\u00fear fyrir \u00fe\u00e1 hann, me\u00f0 Gu\u00f0s h\u00e6gri h\u00f6nd var upphafinn, og haf\u00f0i fengi\u00f0 fyrirheiti af F\u00f6\u00f0urnum um heilagan Anda, \u00fathellti <span class='VideyAth'>b)<\/span> hann honum, eins og \u00fe\u00e9r sj\u00e1i\u00f0 og heyri\u00f0.<a name=\"34\"><span class=\"versanumer\">34<\/span><\/a>Dav\u00ed\u00f0 st\u00e9 ekki til himna, \u00fe\u00f3 segir hann: \u201eDrottinn sag\u00f0i m\u00ednum Drottni: sest\u00fa vi\u00f0 m\u00edna h\u00e6gri h\u00f6nd,<a name=\"35\"><span class=\"versanumer\">35<\/span><\/a>uns eg gj\u00f6ri \u00f3vini \u00fe\u00edna a\u00f0 f\u00f3task\u00f6r \u00feinni.\u201c<a name=\"36\"><span class=\"versanumer\">36<\/span><\/a>Me\u00f0 \u00f3brig\u00f0anlegri vissu viti \u00fe\u00e1 allur \u00cdsraelsl\u00fd\u00f0ur, a\u00f0 Gu\u00f0 hefir gj\u00f6rt a\u00f0 Drottni og a\u00f0 Kristi \u00feennan Jes\u00fam, hv\u00f6rn \u00fe\u00e9r krossfestu\u00f0. <br \/><a name=\"37\"><span class=\"versanumer\">37<\/span><\/a>En \u00fe\u00e1 \u00feeir heyr\u00f0u \u00feetta, sk\u00e1rust \u00feeir innvortis, og s\u00f6g\u00f0u vi\u00f0 P\u00e9tur og hina postulana: hva\u00f0 skulum v\u00e9r gj\u00f6ra?<a name=\"38\"><span class=\"versanumer\">38<\/span><\/a>g\u00f3\u00f0ir menn og br\u00e6\u00f0ur! P\u00e9tur sag\u00f0i \u00fe\u00e1 til \u00feeirra: taki\u00f0 sinnaskipti, og hv\u00f6r y\u00f0ar l\u00e1ti sk\u00edra sig til nafns Jes\u00fa Krists, til fyrirgefningar syndanna, \u00fe\u00e1 munu\u00f0 \u00fe\u00e9r \u00f6\u00f0last gj\u00f6f heilags Anda;<a name=\"39\"><span class=\"versanumer\">39<\/span><\/a>\u00fev\u00ed a\u00f0 y\u00f0ur tilheyrir fyrirheiti\u00f0 og b\u00f6rnum y\u00f0ar og \u00f6llum \u00feeim sem \u00ed fj\u00e6rl\u00e6g\u00f0 eru, hv\u00f6rja helst Drottinn Gu\u00f0 vor kallar h\u00e9r til.<a name=\"40\"><span class=\"versanumer\">40<\/span><\/a>Me\u00f0 \u00f6\u00f0rum fleiri or\u00f0um f\u00e6r\u00f0i hann \u00feeim heim sanninn og \u00e1minnti \u00fe\u00e1, svo segjandi: l\u00e1ti\u00f0 y\u00f0ur frelsa fr\u00e1 \u00feessari \u00feverbrotnu kynsl\u00f3\u00f0!<a name=\"41\"><span class=\"versanumer\">41<\/span><\/a>\u00deeir, sem n\u00fa f\u00faslega skipu\u00f0ust vi\u00f0 hans r\u00e6\u00f0u, l\u00e9tu sk\u00edrast, og \u00fear b\u00e6ttust vi\u00f0 \u00e1 \u00feeim degi n\u00e6r \u00ferj\u00e1r \u00fe\u00fasundir manna;<a name=\"42\"><span class=\"versanumer\">42<\/span><\/a>h\u00e9ldu \u00feeir s\u00e9r st\u00f6\u00f0uglega vi\u00f0 postulanna kenningu, \u00ed f\u00e9lagsskap, samnautn og b\u00e6nahaldi;<a name=\"43\"><span class=\"versanumer\">43<\/span><\/a>og \u00f3tta sl\u00f3 yfir alla, \u00fev\u00ed m\u00f6rg t\u00e1kn og st\u00f3rmerki gj\u00f6r\u00f0ust af postulunum. <br \/><a name=\"44\"><span class=\"versanumer\">44<\/span><\/a>En allir, sem tr\u00faa\u00f0ir ur\u00f0u, h\u00e9ldu saman og h\u00f6f\u00f0u allt sameiginlegt.<a name=\"45\"><span class=\"versanumer\">45<\/span><\/a>Eignir s\u00ednar og g\u00f3ss seldu \u00feeir, og \u00fathlutu\u00f0u \u00f6llum \u00fear af, eins og hv\u00f6r haf\u00f0i \u00fe\u00f6rf \u00e1.<a name=\"46\"><span class=\"versanumer\">46<\/span><\/a>Daglega h\u00e9ldu \u00feeir s\u00e9r samhuga \u00ed musterinu, brutu brau\u00f0 \u00ed heimah\u00fasum, og nutu sinnar f\u00e6\u00f0u me\u00f0 gla\u00f0v\u00e6r\u00f0 og hjartans einfaldleik,<a name=\"47\"><span class=\"versanumer\">47<\/span><\/a>lofu\u00f0u Gu\u00f0 og h\u00f6f\u00f0u vins\u00e6ld af \u00f6llum l\u00fd\u00f0. En Drottinn b\u00e6tti daglega vi\u00f0 s\u00f6fnu\u00f0inn \u00feeim, sem h\u00f3lpnir ur\u00f0u.<\/p>\n<div class=\"footnoteVidey\">V. 15. b. Um \u00feri\u00f0ju stundu dags (dagm\u00e1l) var b\u00e6nart\u00edmi Gy\u00f0inga, og \u00fe\u00e1 \u00f3leyfilegt nokkurs \u00e1\u00f0ur a\u00f0 neyta.  V. 16. J\u00f3el. 2,28\u201332.  V. 17. a. \u00de. e. \u00feegar Mess\u00ed\u00e6 r\u00edki hefst.  V. 24. S\u00e1lm. 18,6.  V. 25. S\u00e1lm. 16,8\u201311.  V. 29. 1 K\u00f3ng. 2,10.  V. 30. 1 K\u00f3ng. 8,20. 2 Sam. 7,12. S\u00e1lm. 89,4.5. 132,11.  V. 33. b. \u00de. e. veitti r\u00edkuglega, J\u00f3h. 15,26.  V. 34. S\u00e1lm. 110,1.<\/div>\n","protected":false},"excerpt":{"rendered":"<p>Heilags Anda sending \u00e1 hv\u00edtasunnuh\u00e1t\u00ed\u00f0inni; r\u00e6\u00f0a P\u00e9turs um Krists p\u00ednu, upprisu, himnaf\u00f6r og sendingu heilags Anda; spurningar f\u00f3lksins, r\u00e1\u00f0 og upp\u00f6rvan P\u00e9turs; 3000 kristnast; innbyr\u00f0is umgengni hinna fyrstu kristnu. 1En er hv\u00edtasunnudagurinn kom, v\u00f3ru \u00feeir allir me\u00f0 einum huga til samans.2Og \u00fear var\u00f0 skyndilega \u00feytur fr\u00e1 himni, eins og a\u00f0dynjanda sterkvi\u00f0ris, og fyllti allt h\u00fasi\u00f0 \u00fear \u00feeir s\u00e1tu \u00ed.3Og \u00feeir s\u00e1u tungur, eins og af eldi v\u00e6ru, er kv\u00edslu\u00f0ust og settu sig yfir s\u00e9rhvern \u00feeirra;4og \u00feeir ur\u00f0u allir fullir af heil\u00f6gum Anda og t\u00f3ku a\u00f0 tala annarlegum tungum, eins og andinn gaf \u00feeim a\u00f0 tala.5En \u00ed Jer\u00fasalem bjuggu Gy\u00f0ingar; gu\u00f0r\u00e6knir <a href=\"https:\/\/biblian.is\/videy\/postulasagan-2-kafli\/\"> [&#8230;]<\/a><\/p>\n","protected":false},"author":1,"featured_media":0,"parent":0,"menu_order":0,"comment_status":"open","ping_status":"open","template":"bibliukaflar.php","meta":{"footnotes":""},"class_list":["post-21869","page","type-page","status-publish","hentry"],"_links":{"self":[{"href":"https:\/\/biblian.is\/videy\/wp-json\/wp\/v2\/pages\/21869","targetHints":{"allow":["GET"]}}],"collection":[{"href":"https:\/\/biblian.is\/videy\/wp-json\/wp\/v2\/pages"}],"about":[{"href":"https:\/\/biblian.is\/videy\/wp-json\/wp\/v2\/types\/page"}],"author":[{"embeddable":true,"href":"https:\/\/biblian.is\/videy\/wp-json\/wp\/v2\/users\/1"}],"replies":[{"embeddable":true,"href":"https:\/\/biblian.is\/videy\/wp-json\/wp\/v2\/comments?post=21869"}],"version-history":[{"count":0,"href":"https:\/\/biblian.is\/videy\/wp-json\/wp\/v2\/pages\/21869\/revisions"}],"wp:attachment":[{"href":"https:\/\/biblian.is\/videy\/wp-json\/wp\/v2\/media?parent=21869"}],"curies":[{"name":"wp","href":"https:\/\/api.w.org\/{rel}","templated":true}]}}