{"id":21868,"date":"2018-01-02T01:04:30","date_gmt":"2018-01-02T01:04:30","guid":{"rendered":"http:\/\/biblian.is\/videy\/postulasagan-1-kafli\/"},"modified":"2018-01-02T01:04:30","modified_gmt":"2018-01-02T01:04:30","slug":"postulasagan-1-kafli","status":"publish","type":"page","link":"https:\/\/biblian.is\/videy\/postulasagan-1-kafli\/","title":{"rendered":"Postulasagan 1. kafli"},"content":{"rendered":"<div class=\"fyrirsognVidey\">Jes\u00fa himnaf\u00f6r; eindr\u00e6gni l\u00e6risveinanna; r\u00e6\u00f0a P\u00e9turs; Matt\u00edas valinn til postula.<\/div>\n<p><a name=\"1\"><span class=\"versanumer\">1<\/span><\/a>Fyrri fr\u00e1s\u00f6guna <span class='VideyAth'>a)<\/span> samda eg, k\u00e6ri Te\u00f3f\u00edlus! um allt hva\u00f0 Jes\u00fas gj\u00f6r\u00f0i og kenndi,<a name=\"2\"><span class=\"versanumer\">2<\/span><\/a>allt til \u00feess dags er hann var uppnuminn, eftir a\u00f0 hann haf\u00f0i fyrir heilagan Anda bo\u00f0or\u00f0 <span class='VideyAth'>g)<\/span> gefi\u00f0 postulunum, \u00feeim er hann \u00fatvali\u00f0 haf\u00f0i;<a name=\"3\"><span class=\"versanumer\">3<\/span><\/a>hv\u00f6rjum hann og birtist lifandi eftir p\u00edsl s\u00edna, me\u00f0 m\u00f6rgum \u00f3r\u00e6kum kennimerkjum, \u00fear e\u00f0 hann l\u00e9t \u00fe\u00e1 sj\u00e1 sig \u00ed fj\u00f6rut\u00edu daga og tala\u00f0i vi\u00f0 \u00fe\u00e1 um Gu\u00f0s r\u00edki.<a name=\"4\"><span class=\"versanumer\">4<\/span><\/a>N\u00fa \u00fe\u00e1 \u00feeir eitt sinn voru samankomnir, skipa\u00f0i hann \u00feeim a\u00f0 fara ekki burtu \u00far Jer\u00fasalem, heldur b\u00ed\u00f0a eftir fyrirheiti F\u00f6\u00f0ursins, hv\u00f6rs \u00fe\u00e9r\u2014sag\u00f0i hann\u2014hafi\u00f0 heyrt mig geta.<a name=\"5\"><span class=\"versanumer\">5<\/span><\/a>J\u00f3hannes sk\u00edr\u00f0i me\u00f0 vatni, en \u00fe\u00e9r skulu\u00f0 sk\u00edr\u00f0ir ver\u00f0a me\u00f0 heil\u00f6gum Anda, ekki m\u00f6rgum d\u00f6gum eftir \u00feenna.<a name=\"6\"><span class=\"versanumer\">6<\/span><\/a>\u00deegar \u00feeir voru n\u00fa \u00feannig saman komnir, spur\u00f0u \u00feeir: \u00e6tlar\u00f0\u00fa, herra! \u00e1 \u00feessum d\u00f6gum a\u00f0 endurreisa \u00cdsraelsr\u00edki?<a name=\"7\"><span class=\"versanumer\">7<\/span><\/a>Hann svara\u00f0i \u00feeim: \u00fea\u00f0 er ekki y\u00f0ar a\u00f0 vita t\u00ed\u00f0ir e\u00f0ur t\u00edma, hv\u00f6rja Fa\u00f0irinn hefur sett \u00ed sj\u00e1lfs s\u00edns vald;<a name=\"8\"><span class=\"versanumer\">8<\/span><\/a>en \u00fe\u00e9r skulu\u00f0 \u00f6\u00f0last kraft, \u00feegar heilagur Andi yfir y\u00f0ur kemur, og \u00fe\u00e9r skulu\u00f0 m\u00ednir vottar vera \u00ed Jer\u00fasalem og \u00ed \u00f6llu Gy\u00f0ingalandi og \u00ed Samar\u00edu og til jar\u00f0arinnar endimarka.<a name=\"9\"><span class=\"versanumer\">9<\/span><\/a>\u00cd \u00fev\u00ed hann sag\u00f0i \u00feetta, lyftist hann, a\u00f0 \u00feeim \u00e1sj\u00e1andi, \u00ed loft upp, og sk\u00fd nam hann fr\u00e1 augum \u00feeirra.<a name=\"10\"><span class=\"versanumer\">10<\/span><\/a>N\u00fa sem \u00feeir st\u00f6r\u00f0u til himins, \u00fe\u00e1 hann f\u00f3r fr\u00e1 \u00feeim, sj\u00e1! \u00fe\u00e1 st\u00f3\u00f0u tveir menn hj\u00e1 \u00feeim \u00ed hv\u00edtum kl\u00e6\u00f0na\u00f0i;<a name=\"11\"><span class=\"versanumer\">11<\/span><\/a>\u00feeir s\u00f6g\u00f0u: Gal\u00edleisku menn! hv\u00ed standi\u00f0 \u00fe\u00e9r, og horfi\u00f0 til himins? \u00feessi Jes\u00fas, sem uppnuminn er fr\u00e1 y\u00f0ur til himins, mun koma \u00e1 sama h\u00e1tt og \u00fe\u00e9r s\u00e1u\u00f0 hann fara til himins.<a name=\"12\"><span class=\"versanumer\">12<\/span><\/a>\u00deeir sneru \u00fe\u00e1 aftur til Jer\u00fasalem fr\u00e1 Vi\u00f0smj\u00f6rsvi\u00f0arfjallinu, er liggur \u00ed n\u00e1nd vi\u00f0 Jer\u00fasalem, eina helgidagslei\u00f0 \u00fea\u00f0an <span class='VideyAth'>c)<\/span>.<a name=\"13\"><span class=\"versanumer\">13<\/span><\/a>Og sem \u00feeir komu \u00ed borgina, f\u00f3ru \u00feeir upp \u00e1 loft eitt, hvar \u00feeir \u00e1ttu heima, P\u00e9tur og Jakob og J\u00f3hannes og Andr\u00e9s, og Th\u00f3mas, Bartol\u00f3meus og Matteus, Jakob Alfeusson og Simon Sel\u00f3tes og J\u00fadas, sonur Jakobs.<a name=\"14\"><span class=\"versanumer\">14<\/span><\/a>\u00deessir allir h\u00e9ldu saman me\u00f0 eindr\u00e6gni \u00ed b\u00e6n og andakt, \u00e1samt konunum og Mar\u00edu, m\u00f3\u00f0ur Jes\u00fa, og br\u00e6\u00f0rum hans.<br \/><a name=\"15\"><span class=\"versanumer\">15<\/span><\/a>Um \u00feessar mundir st\u00f3\u00f0 P\u00e9tur upp \u00e1 me\u00f0al l\u00e6risveinanna <span class='VideyAth'>(vi\u00f0staddir v\u00f3ru \u00fear hartn\u00e6r hundra\u00f0 og tuttugu manns)<\/span> og m\u00e6lti:<a name=\"16\"><span class=\"versanumer\">16<\/span><\/a>g\u00f3\u00f0ir menn og br\u00e6\u00f0ur! r\u00e6tast hlaut Ritning s\u00fa, er heilagur Andi haf\u00f0i fyrirsagt af Dav\u00ed\u00f0s munni um J\u00fadas, hver e\u00f0 gj\u00f6r\u00f0ist lei\u00f0togi \u00feeirra, er gripu Jes\u00fam.<a name=\"17\"><span class=\"versanumer\">17<\/span><\/a>Hann var talinn me\u00f0 oss, og haf\u00f0i hloti\u00f0 \u00feetta emb\u00e6tti.<a name=\"18\"><span class=\"versanumer\">18<\/span><\/a>\u00deessi afla\u00f0i <span class='VideyAth'>a)<\/span> <span class='VideyAth'>(greftrunar)<\/span>reits fyrir ver\u00f0laun \u00f3d\u00e1\u00f0averksins, steyptist \u00e1 h\u00f6fu\u00f0i\u00f0, og brast sundur \u00ed mi\u00f0ju, svo \u00f6ll innyflin f\u00e9llu \u00fat.<a name=\"19\"><span class=\"versanumer\">19<\/span><\/a>Og er \u00feetta kunnugt or\u00f0i\u00f0 \u00f6llum, sem b\u00faa \u00ed Jer\u00fasalem; svo a\u00f0 \u00feessi reitur er kalla\u00f0ur \u00e1 \u00feeirra tungu Akeldama, \u00fea\u00f0 er: Bl\u00f3\u00f0sreitur.<a name=\"20\"><span class=\"versanumer\">20<\/span><\/a>\u00dev\u00ed er svo skrifa\u00f0 \u00ed S\u00e1lmab\u00f3kinni: b\u00fasta\u00f0ur hans skal \u00ed ey\u00f0i ver\u00f0a og enginn \u00ed honum b\u00faa; og \u00e1 \u00f6\u00f0rum sta\u00f0: vi\u00f0 emb\u00e6tti hans taki annar.<a name=\"21\"><span class=\"versanumer\">21<\/span><\/a>\u00dev\u00ed h\u00e6fir, a\u00f0 einhver \u00feeirra sem alla t\u00ed\u00f0 hafa me\u00f0 oss veri\u00f0, fr\u00e1 \u00fev\u00ed a\u00f0 Drottinn Jes\u00fas t\u00f3k a\u00f0 ganga \u00fat og inn me\u00f0 oss,<a name=\"22\"><span class=\"versanumer\">22<\/span><\/a>allt fr\u00e1 sk\u00edrn J\u00f3hannesar, til \u00feess dags er hann var fr\u00e1 oss upp numinn, ver\u00f0i vottur hans upprisu me\u00f0ur oss.<a name=\"23\"><span class=\"versanumer\">23<\/span><\/a>Og \u00feeir t\u00f3ku tvo til, J\u00f3sep, kalla\u00f0an Barsabas, a\u00f0 auknafni R\u00e9ttv\u00eds, og Matt\u00edas,<a name=\"24\"><span class=\"versanumer\">24<\/span><\/a>b\u00e1\u00f0ust fyrir og s\u00f6g\u00f0u: Drottinn! \u00fe\u00fa, sem \u00feekkir hj\u00f6rtu allra, s\u00fdnd\u00fa hvern \u00feessara tveggja \u00fe\u00fa hefir vali\u00f0,<a name=\"25\"><span class=\"versanumer\">25<\/span><\/a>til a\u00f0 taka hlutdeild \u00feess emb\u00e6ttis og postulad\u00e6mis, \u00far hverju J\u00fadas gekk, a\u00f0 hann f\u00e6ri til s\u00edns sta\u00f0ar.<a name=\"26\"><span class=\"versanumer\">26<\/span><\/a>\u00deeir v\u00f6rpu\u00f0u \u00fe\u00e1 hlutum um, og hluturinn f\u00e9ll \u00e1 Matt\u00edas; og hann var sameiginlega kosinn til postula me\u00f0 \u00feeim ellefu.<\/p>\n<div class=\"footnoteVidey\">V. 1. a. \u00de. e. L\u00fakasargu\u00f0spjall.  V. 2. b. L\u00fak. 24,47\u201349. Matt. 28,19\u201320.  V. 9. Mark. 16,19. L\u00fak. 24,51.  V. 12. c. Helgidagslei\u00f0 var 2000 \u00e1lnir.  V. 13. Sel\u00f3tes, \u00fe. e. vandl\u00e6tari.  V. 16. S\u00e1lm. 41,10.  V. 18. a. Afla\u00f0i, nl. handa \u00fatlendum, sbr. Matt. 27.5\u20138.  V. 20. S\u00e1lm. 69,26. S\u00e1lm. 109,8.  V. 21. A\u00f0 ganga \u00fat og inn me\u00f0 einum, er a\u00f0 hafa daglega umgengni vi\u00f0 hann.  V. 25. Sta\u00f0ar, nl. straffsins.<\/div>\n","protected":false},"excerpt":{"rendered":"<p>Jes\u00fa himnaf\u00f6r; eindr\u00e6gni l\u00e6risveinanna; r\u00e6\u00f0a P\u00e9turs; Matt\u00edas valinn til postula. 1Fyrri fr\u00e1s\u00f6guna a) samda eg, k\u00e6ri Te\u00f3f\u00edlus! um allt hva\u00f0 Jes\u00fas gj\u00f6r\u00f0i og kenndi,2allt til \u00feess dags er hann var uppnuminn, eftir a\u00f0 hann haf\u00f0i fyrir heilagan Anda bo\u00f0or\u00f0 g) gefi\u00f0 postulunum, \u00feeim er hann \u00fatvali\u00f0 haf\u00f0i;3hv\u00f6rjum hann og birtist lifandi eftir p\u00edsl s\u00edna, me\u00f0 m\u00f6rgum \u00f3r\u00e6kum kennimerkjum, \u00fear e\u00f0 hann l\u00e9t \u00fe\u00e1 sj\u00e1 sig \u00ed fj\u00f6rut\u00edu daga og tala\u00f0i vi\u00f0 \u00fe\u00e1 um Gu\u00f0s r\u00edki.4N\u00fa \u00fe\u00e1 \u00feeir eitt sinn voru samankomnir, skipa\u00f0i hann \u00feeim a\u00f0 fara ekki burtu \u00far Jer\u00fasalem, heldur b\u00ed\u00f0a eftir fyrirheiti F\u00f6\u00f0ursins, hv\u00f6rs \u00fe\u00e9r\u2014sag\u00f0i hann\u2014hafi\u00f0 heyrt mig <a href=\"https:\/\/biblian.is\/videy\/postulasagan-1-kafli\/\"> [&#8230;]<\/a><\/p>\n","protected":false},"author":1,"featured_media":0,"parent":0,"menu_order":0,"comment_status":"open","ping_status":"open","template":"bibliukaflar.php","meta":{"footnotes":""},"class_list":["post-21868","page","type-page","status-publish","hentry"],"_links":{"self":[{"href":"https:\/\/biblian.is\/videy\/wp-json\/wp\/v2\/pages\/21868","targetHints":{"allow":["GET"]}}],"collection":[{"href":"https:\/\/biblian.is\/videy\/wp-json\/wp\/v2\/pages"}],"about":[{"href":"https:\/\/biblian.is\/videy\/wp-json\/wp\/v2\/types\/page"}],"author":[{"embeddable":true,"href":"https:\/\/biblian.is\/videy\/wp-json\/wp\/v2\/users\/1"}],"replies":[{"embeddable":true,"href":"https:\/\/biblian.is\/videy\/wp-json\/wp\/v2\/comments?post=21868"}],"version-history":[{"count":0,"href":"https:\/\/biblian.is\/videy\/wp-json\/wp\/v2\/pages\/21868\/revisions"}],"wp:attachment":[{"href":"https:\/\/biblian.is\/videy\/wp-json\/wp\/v2\/media?parent=21868"}],"curies":[{"name":"wp","href":"https:\/\/api.w.org\/{rel}","templated":true}]}}