{"id":21867,"date":"2018-01-02T01:04:30","date_gmt":"2018-01-02T01:04:30","guid":{"rendered":"http:\/\/biblian.is\/videy\/johannesargudspjall-21-kafli\/"},"modified":"2018-01-02T01:04:30","modified_gmt":"2018-01-02T01:04:30","slug":"johannesargudspjall-21-kafli","status":"publish","type":"page","link":"https:\/\/biblian.is\/videy\/johannesargudspjall-21-kafli\/","title":{"rendered":"J\u00f3hannesargu\u00f0spjall 21. kafli"},"content":{"rendered":"<div class=\"fyrirsognVidey\">Jes\u00fas birtist s\u00ednum l\u00e6risveinum \u00ed Gal\u00edleu; segir P\u00e9tri fyrir hans afdrif.<\/div>\n<p><a name=\"1\"><span class=\"versanumer\">1<\/span><\/a>Eftir \u00feetta birtist Jes\u00fas aftur s\u00ednum l\u00e6risveinum vi\u00f0 T\u00edber\u00edadisvatn. En \u00feannig birtist hann:<a name=\"2\"><span class=\"versanumer\">2<\/span><\/a>S\u00edmon P\u00e9tur og T\u00f3mas, sem \u00fe\u00fd\u00f0ir: Tv\u00edburi, og Natanael fr\u00e1 Kana \u00ed Gal\u00edleu og Sebedeusarsynir og tveir a\u00f0rir af hans l\u00e6risveinum voru \u00fear \u00e1samt.<a name=\"3\"><span class=\"versanumer\">3<\/span><\/a>S\u00edmon P\u00e9tur segir vi\u00f0 \u00fe\u00e1: eg vil fara a\u00f0 fiska. \u00deeir segja vi\u00f0 hann: v\u00e9r komum l\u00edka me\u00f0 \u00fe\u00e9r. \u00deeir gengu \u00fat og stigu strax \u00e1 skip; en \u00fe\u00e1 n\u00f3ttina fengu \u00feeir ekkert.<a name=\"4\"><span class=\"versanumer\">4<\/span><\/a>En er dagur var runninn, st\u00f3\u00f0 Jes\u00fas vi\u00f0 vatni\u00f0, samt vissu ekki l\u00e6risveinarnir a\u00f0 \u00fea\u00f0 var Jes\u00fas.<a name=\"5\"><span class=\"versanumer\">5<\/span><\/a>Jes\u00fas sag\u00f0i \u00fe\u00e1 til \u00feeirra: b\u00f6rn! hafi\u00f0 \u00fe\u00e9r nokku\u00f0 matarkyns? \u00feeir s\u00f6g\u00f0u: nei.<a name=\"6\"><span class=\"versanumer\">6<\/span><\/a>Hann sag\u00f0i \u00fe\u00e1 vi\u00f0 \u00fe\u00e1: kasti\u00f0 netinu h\u00e6gramegin vi\u00f0 skipi\u00f0, \u00fe\u00e1 munu\u00f0 \u00fe\u00e9r afla. \u00deeir k\u00f6stu\u00f0u \u00fev\u00ed n\u00fa og g\u00e1tu \u00fe\u00e1 ekki dregi\u00f0 \u00fea\u00f0 fyrir fiskimerg\u00f0.<a name=\"7\"><span class=\"versanumer\">7<\/span><\/a>\u00de\u00e1 segir s\u00e1 l\u00e6risveinn, sem Jes\u00fas elska\u00f0i, vi\u00f0 P\u00e9tur: \u00fea\u00f0 er Drottinn. En er S\u00edmon P\u00e9tur heyr\u00f0i a\u00f0 \u00fea\u00f0 v\u00e6ri Drottinn, batt hann a\u00f0 s\u00e9r sinn n\u00e6rkyrtil, \u00fev\u00ed hann var sn\u00f6ggkl\u00e6ddur og fleyg\u00f0i s\u00e9r \u00ed vatni\u00f0,<a name=\"8\"><span class=\"versanumer\">8<\/span><\/a>en hinir l\u00e6risveinarnir komu \u00e1 skipinu <span class='VideyAth'>(\u00fev\u00ed \u00feeir voru ekki langt fr\u00e1 landi, heldur svo sem tv\u00f6 hundru\u00f0 \u00e1lnir)<\/span> og dr\u00f3gu netin a\u00f0 landi, me\u00f0 fiskinum \u00ed.<a name=\"9\"><span class=\"versanumer\">9<\/span><\/a>En er \u00feeir voru gengnir \u00e1 land, sj\u00e1 \u00feeir gl\u00e6\u00f0ur og fisk lag\u00f0an \u00e1 \u00fe\u00e6r og brau\u00f0.<a name=\"10\"><span class=\"versanumer\">10<\/span><\/a>Jes\u00fas segir \u00fe\u00e1 til \u00feeirra: komi\u00f0 me\u00f0 nokku\u00f0 af fiskunum, sem \u00fe\u00e9r n\u00fa veiddu\u00f0.<a name=\"11\"><span class=\"versanumer\">11<\/span><\/a>S\u00edmon P\u00e9tur f\u00f3r til og dr\u00f3 neti\u00f0 \u00e1 land, fullt af st\u00f3rum fiskum, hundra\u00f0 fimmt\u00edu og \u00feremur: en \u00fe\u00f3 \u00feeir v\u00e6ru svo margir, rifna\u00f0i neti\u00f0 ekki.<a name=\"12\"><span class=\"versanumer\">12<\/span><\/a>Jes\u00fas segir vi\u00f0 \u00fe\u00e1: komi\u00f0 og taki\u00f0 dagver\u00f0. En enginn af l\u00e6risveinunum r\u00e9\u00f0ist til a\u00f0 spyrja hann: hv\u00f6r ert\u00fa? \u00fev\u00ed \u00feeir vissu a\u00f0 \u00fea\u00f0 var Drottinn.<a name=\"13\"><span class=\"versanumer\">13<\/span><\/a>\u00de\u00e1 kemur Jes\u00fas og tekur brau\u00f0i\u00f0 og gefur \u00feeim, s\u00f6mulei\u00f0is fiskinn.<a name=\"14\"><span class=\"versanumer\">14<\/span><\/a>\u00deetta var \u00ed \u00feri\u00f0ja sinni, sem Jes\u00fas birtist s\u00ednum l\u00e6risveinum, eftir a\u00f0 hann var upprisinn fr\u00e1 dau\u00f0um. <br \/><a name=\"15\"><span class=\"versanumer\">15<\/span><\/a>En er \u00feeir h\u00f6f\u00f0u matast, segir Jes\u00fas vi\u00f0 S\u00edmon P\u00e9tur: S\u00edmon J\u00f3nasson! elskar \u00fe\u00fa mig meir en \u00feessir? hann svara\u00f0i honum: j\u00e1, Herra! \u00fe\u00fa veist a\u00f0 eg elska \u00feig. Jes\u00fas segir til hans: g\u00e6t \u00fe\u00fa lamba minna.<a name=\"16\"><span class=\"versanumer\">16<\/span><\/a>Hann segir aftur \u00ed anna\u00f0 sinn til hans: S\u00edmon J\u00f3nasson! elskar \u00fe\u00fa mig? hann svara\u00f0i honum: j\u00e1, Herra! \u00fe\u00fa veist a\u00f0 eg elska \u00feig. Jes\u00fas segir \u00fe\u00e1 til hans: hir\u00f0 \u00fe\u00fa sau\u00f0i m\u00edna.<a name=\"17\"><span class=\"versanumer\">17<\/span><\/a>Hann segir \u00ed \u00feri\u00f0ja sinni til hans: S\u00edmon J\u00f3nasson! elskar \u00fe\u00fa mig? \u00fe\u00e1 angra\u00f0ist P\u00e9tur, af \u00fev\u00ed hann sag\u00f0i \u00ed \u00feri\u00f0ja sinni til hans: elskar \u00fe\u00fa mig? og hann sag\u00f0i til hans: Herra! \u00fe\u00fa veist allt, \u00fe\u00fa veist a\u00f0 eg elska \u00feig. Jes\u00fas segir til hans: geym \u00fe\u00fa minna sau\u00f0a.<a name=\"18\"><span class=\"versanumer\">18<\/span><\/a>Sannlega, sannlega segi eg \u00fe\u00e9r: \u00feegar \u00fe\u00fa varst yngri girtir \u00fe\u00fa \u00feig og gekkst hv\u00f6rt, sem \u00fe\u00fa vildir, en \u00feegar \u00fe\u00fa eldist, munt\u00fa \u00fatbrei\u00f0a hendur \u00fe\u00ednar og annar mun gir\u00f0a \u00feig og lei\u00f0a \u00feanga\u00f0, sem \u00fe\u00fa vilt ekki.<a name=\"19\"><span class=\"versanumer\">19<\/span><\/a>En \u00feetta sag\u00f0i Jes\u00fas til a\u00f0 gefa a\u00f0 skilja, me\u00f0 hv\u00f6rjum dau\u00f0daga hann skyldi vegsama Gu\u00f0. Og \u00fe\u00e1 hann haf\u00f0i \u00feetta tala\u00f0, sag\u00f0i hann vi\u00f0 P\u00e9tur: fylg \u00fe\u00fa m\u00e9r eftir.<a name=\"20\"><span class=\"versanumer\">20<\/span><\/a>P\u00e9tur leit vi\u00f0, s\u00e1 \u00feann l\u00e6risvein, sem Jes\u00fas elska\u00f0i, koma \u00e1 eftir, \u00feann sama, sem um kv\u00f6ldm\u00e1lt\u00ed\u00f0ina haf\u00f0i halla\u00f0 s\u00e9r upp a\u00f0 Jes\u00fa brj\u00f3sti og spurt: Herra! hv\u00f6r er s\u00e1, sem mun sv\u00edkja \u00feig?<a name=\"21\"><span class=\"versanumer\">21<\/span><\/a>\u00deegar P\u00e9tur s\u00e1 \u00feennan, segir hann til Jes\u00fa: Herra! hva\u00f0 ver\u00f0ur um \u00feennan?<a name=\"22\"><span class=\"versanumer\">22<\/span><\/a>Jes\u00fas svara\u00f0i honum: ef eg vil a\u00f0 hann b\u00ed\u00f0i \u00feanga\u00f0 til eg kem, hva\u00f0 kemur \u00fea\u00f0 vi\u00f0 \u00feig? fylg \u00fe\u00fa m\u00e9r eftir.<a name=\"23\"><span class=\"versanumer\">23<\/span><\/a>\u00dev\u00ed barst s\u00fa saga \u00fat me\u00f0al br\u00e6\u00f0ranna, a\u00f0 \u00feessi l\u00e6risveinn mundi ekki deyja.\u2014\u00de\u00f3 haf\u00f0i Jes\u00fas ekki sagt vi\u00f0 hann, a\u00f0 hann mundi ekki deyja, heldur: ef eg vil hann b\u00ed\u00f0i \u00feanga\u00f0 til eg kem, hva\u00f0 kemur \u00fea\u00f0 vi\u00f0 \u00feig?<a name=\"24\"><span class=\"versanumer\">24<\/span><\/a>\u00deessi er s\u00e1 l\u00e6risveinn, sem hefir vitna\u00f0 um \u00feetta og skrifa\u00f0 \u00feetta og v\u00e9r vitum a\u00f0 hans vitnisbur\u00f0ur er sannur.<a name=\"25\"><span class=\"versanumer\">25<\/span><\/a>Margt anna\u00f0 hefir Jes\u00fas gj\u00f6rt og ef \u00fea\u00f0 allt, eitt og s\u00e9rhva\u00f0 \u00e6tti a\u00f0 skr\u00e1setjast, hugsa eg a\u00f0 heimurinn jafnvel ekki mundi r\u00fama \u00fe\u00e6r b\u00e6kur, sem \u00fe\u00e1 yr\u00f0u skrifa\u00f0ar.<\/p>\n<div class=\"footnoteVidey\"><\/div>\n","protected":false},"excerpt":{"rendered":"<p>Jes\u00fas birtist s\u00ednum l\u00e6risveinum \u00ed Gal\u00edleu; segir P\u00e9tri fyrir hans afdrif. 1Eftir \u00feetta birtist Jes\u00fas aftur s\u00ednum l\u00e6risveinum vi\u00f0 T\u00edber\u00edadisvatn. En \u00feannig birtist hann:2S\u00edmon P\u00e9tur og T\u00f3mas, sem \u00fe\u00fd\u00f0ir: Tv\u00edburi, og Natanael fr\u00e1 Kana \u00ed Gal\u00edleu og Sebedeusarsynir og tveir a\u00f0rir af hans l\u00e6risveinum voru \u00fear \u00e1samt.3S\u00edmon P\u00e9tur segir vi\u00f0 \u00fe\u00e1: eg vil fara a\u00f0 fiska. \u00deeir segja vi\u00f0 hann: v\u00e9r komum l\u00edka me\u00f0 \u00fe\u00e9r. \u00deeir gengu \u00fat og stigu strax \u00e1 skip; en \u00fe\u00e1 n\u00f3ttina fengu \u00feeir ekkert.4En er dagur var runninn, st\u00f3\u00f0 Jes\u00fas vi\u00f0 vatni\u00f0, samt vissu ekki l\u00e6risveinarnir a\u00f0 \u00fea\u00f0 var Jes\u00fas.5Jes\u00fas sag\u00f0i \u00fe\u00e1 til \u00feeirra: b\u00f6rn! <a href=\"https:\/\/biblian.is\/videy\/johannesargudspjall-21-kafli\/\"> [&#8230;]<\/a><\/p>\n","protected":false},"author":1,"featured_media":0,"parent":0,"menu_order":0,"comment_status":"open","ping_status":"open","template":"bibliukaflar.php","meta":{"footnotes":""},"class_list":["post-21867","page","type-page","status-publish","hentry"],"_links":{"self":[{"href":"https:\/\/biblian.is\/videy\/wp-json\/wp\/v2\/pages\/21867","targetHints":{"allow":["GET"]}}],"collection":[{"href":"https:\/\/biblian.is\/videy\/wp-json\/wp\/v2\/pages"}],"about":[{"href":"https:\/\/biblian.is\/videy\/wp-json\/wp\/v2\/types\/page"}],"author":[{"embeddable":true,"href":"https:\/\/biblian.is\/videy\/wp-json\/wp\/v2\/users\/1"}],"replies":[{"embeddable":true,"href":"https:\/\/biblian.is\/videy\/wp-json\/wp\/v2\/comments?post=21867"}],"version-history":[{"count":0,"href":"https:\/\/biblian.is\/videy\/wp-json\/wp\/v2\/pages\/21867\/revisions"}],"wp:attachment":[{"href":"https:\/\/biblian.is\/videy\/wp-json\/wp\/v2\/media?parent=21867"}],"curies":[{"name":"wp","href":"https:\/\/api.w.org\/{rel}","templated":true}]}}