{"id":21866,"date":"2018-01-02T01:04:30","date_gmt":"2018-01-02T01:04:30","guid":{"rendered":"http:\/\/biblian.is\/videy\/johannesargudspjall-20-kafli\/"},"modified":"2018-01-02T01:04:30","modified_gmt":"2018-01-02T01:04:30","slug":"johannesargudspjall-20-kafli","status":"publish","type":"page","link":"https:\/\/biblian.is\/videy\/johannesargudspjall-20-kafli\/","title":{"rendered":"J\u00f3hannesargu\u00f0spjall 20. kafli"},"content":{"rendered":"<div class=\"fyrirsognVidey\">Jes\u00fa upprisa bo\u00f0u\u00f0; hann birtist sj\u00e1lfur Mar\u00edu og s\u00ed\u00f0an l\u00e6risveinunum.<\/div>\n<p><a name=\"1\"><span class=\"versanumer\">1<\/span><\/a>En snemma \u00e1 fyrsta degi vikunnar, \u00e1\u00f0ur en bjart var or\u00f0i\u00f0, kemur Mar\u00eda fr\u00e1 Magd\u00f6lum til grafarinnar og s\u00e9r a\u00f0 steinninn er tekinn fr\u00e1 gr\u00f6finni.<a name=\"2\"><span class=\"versanumer\">2<\/span><\/a>H\u00fan hleypur \u00fe\u00e1 til S\u00edmonar P\u00e9turs og \u00feess annars l\u00e6risveins, sem Jes\u00fas elska\u00f0i og segir vi\u00f0 \u00fe\u00e1: \u00fea\u00f0 er b\u00fai\u00f0 a\u00f0 taka burt Drottin \u00far gr\u00f6finni, og v\u00e9r vitum ekki hvar hann hefir veri\u00f0 lag\u00f0ur.<a name=\"3\"><span class=\"versanumer\">3<\/span><\/a>\u00de\u00e1 f\u00f3r P\u00e9tur \u00fat og hinn annar l\u00e6risveinn og \u00feeir komu til grafarinnar.<a name=\"4\"><span class=\"versanumer\">4<\/span><\/a>En \u00feeir tveir hlupu \u00e1samt og s\u00e1 annar l\u00e6risveinn hlj\u00f3p hra\u00f0ara en P\u00e9tur og kom fyrri a\u00f0 gr\u00f6finni;<a name=\"5\"><span class=\"versanumer\">5<\/span><\/a>og \u00fe\u00e1 hann g\u00e6g\u00f0ist inn \u00ed gr\u00f6fina, s\u00e1 hann l\u00ednd\u00fakana liggja \u00fear, en \u00fe\u00f3 gekk hann ekki inn.<a name=\"6\"><span class=\"versanumer\">6<\/span><\/a>\u00de\u00e1 kom S\u00edmon P\u00e9tur, sem seinni var\u00f0, og hann gekk inn \u00ed gr\u00f6fina og hann s\u00e1 l\u00edka l\u00ednd\u00fakana liggja \u00fear<a name=\"7\"><span class=\"versanumer\">7<\/span><\/a>og sveitad\u00fakinn, sem haf\u00f0i veri\u00f0 um hans h\u00f6fu\u00f0, ekki hj\u00e1 l\u00ednd\u00fakunum, heldur \u00fat af fyrir sig samanbrotinn \u00e1 \u00f6\u00f0rum sta\u00f0.<a name=\"8\"><span class=\"versanumer\">8<\/span><\/a>\u00de\u00e1 gekk og inn s\u00e1 annar l\u00e6risveinn, sem fyrr haf\u00f0i komi\u00f0 til grafarinnar og s\u00e1 og tr\u00fa\u00f0i <span class='VideyAth'>a)<\/span>;<a name=\"9\"><span class=\"versanumer\">9<\/span><\/a>\u00fev\u00ed enn \u00fe\u00e1 skildu \u00feeir ekki Ritninguna, a\u00f0 hann \u00e6tti a\u00f0 r\u00edsa fr\u00e1 dau\u00f0um. <br \/><a name=\"10\"><span class=\"versanumer\">10<\/span><\/a>Svo f\u00f3ru l\u00e6risveinarnir heim til s\u00edn aftur.<a name=\"11\"><span class=\"versanumer\">11<\/span><\/a>En Mar\u00eda st\u00f3\u00f0 hj\u00e1 gr\u00f6finni og gr\u00e9t; en sem h\u00fan gr\u00e9t,<a name=\"12\"><span class=\"versanumer\">12<\/span><\/a>g\u00e6g\u00f0ist h\u00fan inn \u00ed gr\u00f6fina og s\u00e9r tvo engla hv\u00edtkl\u00e6dda hvar \u00feeir sitja, annan til h\u00f6f\u00f0a, hinn til f\u00f3ta \u00fear, sem Jes\u00fas haf\u00f0i legi\u00f0.<a name=\"13\"><span class=\"versanumer\">13<\/span><\/a>Og \u00feeir s\u00f6g\u00f0u til hennar: kona! hv\u00ed gr\u00e6tur \u00fe\u00fa? h\u00fan svara\u00f0i \u00feeim: af \u00fev\u00ed a\u00f0 b\u00fai\u00f0 er a\u00f0 taka burt minn Drottin og eg veit ekki hvar hann hefir veri\u00f0 lag\u00f0ur.<a name=\"14\"><span class=\"versanumer\">14<\/span><\/a>\u00cd \u00fev\u00ed h\u00fan sag\u00f0i \u00feetta, var\u00f0 henni liti\u00f0 aftur fyrir sig og \u00fe\u00e1 s\u00e1 h\u00fan Jes\u00fam standa \u00fear, en h\u00fan vissi ekki a\u00f0 \u00fea\u00f0 var Jes\u00fas.<a name=\"15\"><span class=\"versanumer\">15<\/span><\/a>Jes\u00fas segir til hennar: kona! hva\u00f0 gr\u00e6tur \u00fe\u00fa? a\u00f0 hv\u00f6rjum leitar \u00fe\u00fa? h\u00fan, sem hugsa\u00f0i a\u00f0 \u00feetta v\u00e6ri grasgar\u00f0sv\u00f6r\u00f0urinn, sag\u00f0i til hans: Herra! hafir \u00fe\u00fa bori\u00f0 hann \u00ed burtu, \u00fe\u00e1 seg\u00f0u m\u00e9r hvar \u00fe\u00fa hefir lagt hann og mun eg s\u00e6kja hann.<a name=\"16\"><span class=\"versanumer\">16<\/span><\/a>Jes\u00fas sag\u00f0i til hennar: Mar\u00eda! h\u00fan sneri s\u00e9r vi\u00f0 og segir \u00e1 hebresku: Rabb\u00fan\u00ed! \u00fea\u00f0 er: L\u00e6rimeistari.<a name=\"17\"><span class=\"versanumer\">17<\/span><\/a>Jes\u00fas sag\u00f0i til hennar: snert\u00fa mig ekki, \u00fev\u00ed enn \u00fe\u00e1 er eg ekki uppstiginn til F\u00f6\u00f0ur m\u00edns; en far\u00f0\u00fa til br\u00e6\u00f0ra minna og seg\u00f0u \u00feeim: eg muni uppst\u00edga til m\u00edns F\u00f6\u00f0urs og y\u00f0ar F\u00f6\u00f0urs, til m\u00edns Gu\u00f0s og y\u00f0ar Gu\u00f0s.<a name=\"18\"><span class=\"versanumer\">18<\/span><\/a>Mar\u00eda fr\u00e1 Magd\u00f6lum kemur og segir l\u00e6risveinunum, a\u00f0 h\u00fan hafi s\u00e9\u00f0 Drottin og a\u00f0 hann hafi tala\u00f0 \u00feetta vi\u00f0 sig.<br \/><a name=\"19\"><span class=\"versanumer\">19<\/span><\/a>En a\u00f0 kv\u00f6ldi hins sama dags, sem var s\u00e1 fyrsti \u00ed vikunni, og eftir a\u00f0 b\u00fai\u00f0 var a\u00f0 l\u00e6sa dyrum \u00e1 \u00fev\u00ed h\u00fasi, hvar l\u00e6risveinarnir voru samansafna\u00f0ir af \u00f3tta fyrir Gy\u00f0ingum, kom Jes\u00fas og st\u00f3\u00f0 mitt \u00e1 me\u00f0al \u00feeirra og sag\u00f0i: fri\u00f0ur s\u00e9 me\u00f0 y\u00f0ur!<a name=\"20\"><span class=\"versanumer\">20<\/span><\/a>og \u00ed \u00fev\u00ed hann tala\u00f0i \u00feetta, s\u00fdndi hann \u00feeim s\u00ednar hendur og s\u00ed\u00f0u. \u00de\u00e1 ur\u00f0u l\u00e6risveinarnir gla\u00f0ir a\u00f0 \u00feeir s\u00e1u Drottin.<a name=\"21\"><span class=\"versanumer\">21<\/span><\/a>Jes\u00fas sag\u00f0i \u00fe\u00e1 aftur til \u00feeirra: fri\u00f0ur s\u00e9 me\u00f0 y\u00f0ur! eins og Fa\u00f0irinn hefir sent mig, svo sendi eg y\u00f0ur;<a name=\"22\"><span class=\"versanumer\">22<\/span><\/a>og \u00ed \u00fev\u00ed hann sag\u00f0i \u00feetta, bl\u00e9s hann \u00e1 \u00fe\u00e1 og sag\u00f0i: me\u00f0taki\u00f0 \u00fe\u00e9r heilagan Anda!<a name=\"23\"><span class=\"versanumer\">23<\/span><\/a>hv\u00f6rjum, sem \u00fe\u00e9r fyrirgefi\u00f0 syndirnar, \u00feeim eru \u00fe\u00e6r fyrirgefnar og hv\u00f6rjum sem \u00fe\u00e9r synji\u00f0 fyrirgefningar, \u00feeim ver\u00f0ur synja\u00f0 um fyrirgefningu.<a name=\"24\"><span class=\"versanumer\">24<\/span><\/a>En T\u00f3mas, \u00fea\u00f0 \u00fe\u00fd\u00f0ir: Tv\u00edburi, einn af \u00feeim t\u00f3lf, var ekki me\u00f0 \u00feeim, \u00feegar Jes\u00fas kom.<a name=\"25\"><span class=\"versanumer\">25<\/span><\/a>\u00dear fyrir s\u00f6g\u00f0u hinir l\u00e6risveinarnir honum fr\u00e1, a\u00f0 \u00feeir hef\u00f0u s\u00e9\u00f0 Drottin. En hann svara\u00f0i \u00feeim: sj\u00e1i eg ekki naglaf\u00f6rin \u00ed hans h\u00f6ndum og l\u00e1ti fingur m\u00edna \u00ed \u00feau og m\u00edna h\u00f6nd \u00ed hans s\u00ed\u00f0u, \u00fe\u00e1 tr\u00fai eg ekki.<a name=\"26\"><span class=\"versanumer\">26<\/span><\/a>Og eftir \u00e1tta daga voru hans l\u00e6risveinar aftur inni og T\u00f3mas me\u00f0 \u00feeim. \u00de\u00e1 kom Jes\u00fas \u00feegar b\u00fai\u00f0 var a\u00f0 l\u00e6sa dyrum og st\u00f3\u00f0 mitt \u00e1 me\u00f0al \u00feeirra og sag\u00f0i: fri\u00f0ur s\u00e9 me\u00f0 y\u00f0ur!<a name=\"27\"><span class=\"versanumer\">27<\/span><\/a>s\u00ed\u00f0an sag\u00f0i hann vi\u00f0 T\u00f3mas: kom \u00fe\u00fa hinga\u00f0 me\u00f0 \u00feinn fingur og sko\u00f0a m\u00edna hendur; kom \u00fe\u00fa me\u00f0 \u00fe\u00edna h\u00f6nd og legg \u00ed m\u00edna s\u00ed\u00f0u og vert\u00fa ekki vantr\u00faa\u00f0ur heldur tr\u00faa\u00f0ur.<a name=\"28\"><span class=\"versanumer\">28<\/span><\/a>T\u00f3mas svara\u00f0i og sag\u00f0i til hans: Drottinn minn og Gu\u00f0 minn!<a name=\"29\"><span class=\"versanumer\">29<\/span><\/a>Jes\u00fas svara\u00f0i: af \u00fev\u00ed \u00fe\u00fa s\u00e1st mig, T\u00f3mas! tr\u00fa\u00f0ir \u00fe\u00fa; en s\u00e6lir eru \u00feeir, sem tr\u00faa, \u00fe\u00f3tt \u00feeir ekki sj\u00e1i.<a name=\"30\"><span class=\"versanumer\">30<\/span><\/a>En h\u00e9r a\u00f0 auki gj\u00f6r\u00f0i Jes\u00fas m\u00f6rg \u00f6nnur teikn \u00ed augs\u00fdn sinna l\u00e6risveina, hv\u00f6rra ekki er geti\u00f0 \u00ed \u00feessari b\u00f3k.<a name=\"31\"><span class=\"versanumer\">31<\/span><\/a>En \u00feetta er skrifa\u00f0, svo a\u00f0 \u00fe\u00e9r try\u00f0u\u00f0, a\u00f0 Jes\u00fas er Kristur Sonur Gu\u00f0s og svo a\u00f0 \u00fe\u00e9r hafi\u00f0 l\u00edfi\u00f0, sem \u00e1 hans nafn tr\u00fai\u00f0.<\/p>\n<div class=\"footnoteVidey\">V. 8. a. A\u00f0 Jes\u00fas hef\u00f0i veri\u00f0 borinn \u00far gr\u00f6finni, eins og Mar\u00eda sag\u00f0i.  V. 29. 1 P\u00e9t. 1,8.<\/div>\n","protected":false},"excerpt":{"rendered":"<p>Jes\u00fa upprisa bo\u00f0u\u00f0; hann birtist sj\u00e1lfur Mar\u00edu og s\u00ed\u00f0an l\u00e6risveinunum. 1En snemma \u00e1 fyrsta degi vikunnar, \u00e1\u00f0ur en bjart var or\u00f0i\u00f0, kemur Mar\u00eda fr\u00e1 Magd\u00f6lum til grafarinnar og s\u00e9r a\u00f0 steinninn er tekinn fr\u00e1 gr\u00f6finni.2H\u00fan hleypur \u00fe\u00e1 til S\u00edmonar P\u00e9turs og \u00feess annars l\u00e6risveins, sem Jes\u00fas elska\u00f0i og segir vi\u00f0 \u00fe\u00e1: \u00fea\u00f0 er b\u00fai\u00f0 a\u00f0 taka burt Drottin \u00far gr\u00f6finni, og v\u00e9r vitum ekki hvar hann hefir veri\u00f0 lag\u00f0ur.3\u00de\u00e1 f\u00f3r P\u00e9tur \u00fat og hinn annar l\u00e6risveinn og \u00feeir komu til grafarinnar.4En \u00feeir tveir hlupu \u00e1samt og s\u00e1 annar l\u00e6risveinn hlj\u00f3p hra\u00f0ara en P\u00e9tur og kom fyrri a\u00f0 gr\u00f6finni;5og \u00fe\u00e1 hann <a href=\"https:\/\/biblian.is\/videy\/johannesargudspjall-20-kafli\/\"> [&#8230;]<\/a><\/p>\n","protected":false},"author":1,"featured_media":0,"parent":0,"menu_order":0,"comment_status":"open","ping_status":"open","template":"bibliukaflar.php","meta":{"footnotes":""},"class_list":["post-21866","page","type-page","status-publish","hentry"],"_links":{"self":[{"href":"https:\/\/biblian.is\/videy\/wp-json\/wp\/v2\/pages\/21866","targetHints":{"allow":["GET"]}}],"collection":[{"href":"https:\/\/biblian.is\/videy\/wp-json\/wp\/v2\/pages"}],"about":[{"href":"https:\/\/biblian.is\/videy\/wp-json\/wp\/v2\/types\/page"}],"author":[{"embeddable":true,"href":"https:\/\/biblian.is\/videy\/wp-json\/wp\/v2\/users\/1"}],"replies":[{"embeddable":true,"href":"https:\/\/biblian.is\/videy\/wp-json\/wp\/v2\/comments?post=21866"}],"version-history":[{"count":0,"href":"https:\/\/biblian.is\/videy\/wp-json\/wp\/v2\/pages\/21866\/revisions"}],"wp:attachment":[{"href":"https:\/\/biblian.is\/videy\/wp-json\/wp\/v2\/media?parent=21866"}],"curies":[{"name":"wp","href":"https:\/\/api.w.org\/{rel}","templated":true}]}}