{"id":21865,"date":"2018-01-02T01:04:30","date_gmt":"2018-01-02T01:04:30","guid":{"rendered":"http:\/\/biblian.is\/videy\/johannesargudspjall-19-kafli\/"},"modified":"2018-01-02T01:04:30","modified_gmt":"2018-01-02T01:04:30","slug":"johannesargudspjall-19-kafli","status":"publish","type":"page","link":"https:\/\/biblian.is\/videy\/johannesargudspjall-19-kafli\/","title":{"rendered":"J\u00f3hannesargu\u00f0spjall 19. kafli"},"content":{"rendered":"<div class=\"fyrirsognVidey\">Jes\u00fas krossfestur og lag\u00f0ur \u00ed gr\u00f6fina.<\/div>\n<p><a name=\"1\"><span class=\"versanumer\">1<\/span><\/a>\u00de\u00e1 t\u00f3k P\u00edlatus Jes\u00fam og h\u00fa\u00f0str\u00fdkti hann.<a name=\"2\"><span class=\"versanumer\">2<\/span><\/a>En str\u00ed\u00f0smennirnir fl\u00e9ttu\u00f0u k\u00f3r\u00f3nu af \u00feyrnum og settu \u00e1 hans h\u00f6fu\u00f0 og f\u00e6r\u00f0u hann \u00ed purpurak\u00e1pu og s\u00f6g\u00f0u:<a name=\"3\"><span class=\"versanumer\">3<\/span><\/a>heill s\u00e9rt \u00fe\u00fa, konungur Gy\u00f0inga! og \u00feeir g\u00e1fu honum p\u00fastra.<a name=\"4\"><span class=\"versanumer\">4<\/span><\/a>P\u00edlatus gekk \u00fe\u00e1 \u00fat aftur og sag\u00f0i til \u00feeirra: sj\u00e1! eg lei\u00f0i hann n\u00fa aftur til y\u00f0ar, svo a\u00f0 \u00fe\u00e9r viti\u00f0 a\u00f0 eg finn enga s\u00f6k hj\u00e1 honum.<a name=\"5\"><span class=\"versanumer\">5<\/span><\/a>Jes\u00fas gekk \u00fe\u00e1 \u00fat me\u00f0 \u00feyrnik\u00f3r\u00f3nu \u00e1 h\u00f6f\u00f0i og \u00ed purpurak\u00e1pu og P\u00edlatus sag\u00f0i til \u00feeirra: sj\u00e1i\u00f0 manninn!<a name=\"6\"><span class=\"versanumer\">6<\/span><\/a>En \u00feegar prestah\u00f6f\u00f0ingjarnir og \u00fe\u00e9nararnir s\u00e1u hann, \u00e6ptu \u00feeir og s\u00f6g\u00f0u: krossfest\u00fa! krossfest\u00fa hann! P\u00edlatus sag\u00f0i: taki\u00f0 \u00fe\u00e9r hann og krossfesti\u00f0, \u00fev\u00ed a\u00f0 eg finn enga s\u00f6k hj\u00e1 honum.<a name=\"7\"><span class=\"versanumer\">7<\/span><\/a>Gy\u00f0ingar sv\u00f6ru\u00f0u honum: v\u00e9r h\u00f6fum l\u00f6g og eftir vorum l\u00f6gum \u00e1 hann a\u00f0 deyja, \u00fev\u00ed hann hefir gj\u00f6rt sig sj\u00e1lfan a\u00f0 Gu\u00f0s Syni.<a name=\"8\"><span class=\"versanumer\">8<\/span><\/a>\u00deegar P\u00edlatus heyr\u00f0i \u00feetta, var\u00f0 hann enn hr\u00e6ddari,<a name=\"9\"><span class=\"versanumer\">9<\/span><\/a>gekk inn \u00ed h\u00f6llina aftur og sag\u00f0i vi\u00f0 Jes\u00fam: hva\u00f0an ert\u00fa? en Jes\u00fas ansa\u00f0i honum ekki.<a name=\"10\"><span class=\"versanumer\">10<\/span><\/a>P\u00edlatus sag\u00f0i \u00fe\u00e1 vi\u00f0 hann: talar \u00fe\u00fa ekki vi\u00f0 mig? veist\u00fa ekki a\u00f0 eg hefi vald til a\u00f0 krossfesta \u00feig og vald til a\u00f0 l\u00e1ta \u00feig lausan?<a name=\"11\"><span class=\"versanumer\">11<\/span><\/a>Jes\u00fas svara\u00f0i: ekki hef\u00f0ir \u00fe\u00fa vald yfir m\u00e9r, nema \u00fe\u00e9r v\u00e6ri gefi\u00f0 \u00fea\u00f0 ofan a\u00f0; \u00fev\u00ed er s\u00e1 enn sekari, sem ofurseldi mig \u00fe\u00e9r.<a name=\"12\"><span class=\"versanumer\">12<\/span><\/a>Upp fr\u00e1 \u00fev\u00ed leita\u00f0ist P\u00edlatus vi\u00f0, a\u00f0 l\u00e1ta hann lausan: en Gy\u00f0ingar k\u00f6llu\u00f0u og s\u00f6g\u00f0u: ef a\u00f0 \u00fe\u00fa sleppir honum, \u00fe\u00e1 ert\u00fa ekki vinur keisarans. Hv\u00f6r, sem gj\u00f6rir sig a\u00f0 konungi, hann r\u00eds \u00e1 m\u00f3ti keisaranum.<a name=\"13\"><span class=\"versanumer\">13<\/span><\/a>\u00deegar P\u00edlatus heyr\u00f0i \u00feetta, leiddi hann Jes\u00fam \u00fat og settist \u00e1 d\u00f3mst\u00f3linn, \u00e1 \u00feeim sta\u00f0, sem heitir hinn steinlag\u00f0i, en \u00e1 hebresku Gabbatha.<a name=\"14\"><span class=\"versanumer\">14<\/span><\/a>En \u00fe\u00e1 var a\u00f0fangadagur p\u00e1ska, h\u00e9r um bil um h\u00e1degi.<a name=\"15\"><span class=\"versanumer\">15<\/span><\/a>N\u00fa sag\u00f0i hann vi\u00f0 Gy\u00f0inga: \u00fear er y\u00f0ar konungur! \u00deeir hr\u00f3pu\u00f0u: burt! burt me\u00f0 hann! krossfest\u00fa hann! P\u00edlatus sag\u00f0i til \u00feeirra: \u00e1 eg a\u00f0 krossfesta y\u00f0ar konung? \u00de\u00e1 sv\u00f6ru\u00f0u \u00feeir \u00e6\u00f0stu prestar: v\u00e9r h\u00f6fum ekki konung nema keisarann.<a name=\"16\"><span class=\"versanumer\">16<\/span><\/a>\u00de\u00e1 f\u00e9kk hann \u00feeim Jes\u00fam a\u00f0 hann yr\u00f0i krossfestur; en \u00feeir t\u00f3ku vi\u00f0 Jes\u00fa og leiddu burt.<a name=\"17\"><span class=\"versanumer\">17<\/span><\/a>En hann bar sinn kross og gekk \u00fat til \u00feess sta\u00f0ar, sem heitir Hausaskeljasta\u00f0ur, \u00e1 hebresku Golgata;<a name=\"18\"><span class=\"versanumer\">18<\/span><\/a>\u00fear krossfestu \u00feeir hann, og me\u00f0 honum tvo a\u00f0ra, sinn til hv\u00f6rrar handar, en Jes\u00fam \u00ed mi\u00f0i\u00f0.<a name=\"19\"><span class=\"versanumer\">19<\/span><\/a>En P\u00edlatus skrifa\u00f0i l\u00edka yfirskrift og festi hana \u00e1 krossinn; en skrifa\u00f0 var: Jes\u00fas af Nasaret konungur Gy\u00f0inganna.<a name=\"20\"><span class=\"versanumer\">20<\/span><\/a>\u00deess yfirskrift l\u00e1su margir Gy\u00f0ingar, \u00fev\u00ed s\u00e1 sta\u00f0ur, hvar Jes\u00fas var krossfestur, hann var n\u00e6rri borginni; h\u00fan var og skrifu\u00f0 \u00e1 hebresku, gr\u00edsku og l\u00e1t\u00ednu.<a name=\"21\"><span class=\"versanumer\">21<\/span><\/a>\u00de\u00e1 s\u00f6g\u00f0u \u00e6\u00f0stu prestar Gy\u00f0inga vi\u00f0 P\u00edlatus: skrifa \u00fe\u00fa ekki: konungur Gy\u00f0inganna, heldur a\u00f0 hann hafi sagt: eg em konungur Gy\u00f0inga.<a name=\"22\"><span class=\"versanumer\">22<\/span><\/a>P\u00edlatus svara\u00f0i: \u00fea\u00f0, sem eg hefi skrifa\u00f0, \u00fea\u00f0 hefi eg skrifa\u00f0.<a name=\"23\"><span class=\"versanumer\">23<\/span><\/a>En er str\u00ed\u00f0smennirnir h\u00f6f\u00f0u krossfest Jes\u00fam, t\u00f3ku \u00feeir hans kl\u00e6\u00f0i og skiptu \u00ed fj\u00f3ra parta, hv\u00f6rjum str\u00ed\u00f0smanni part, l\u00edka kyrtilinn; en kyrtillinn var ekki sauma\u00f0ur, heldur fr\u00e1 ofanver\u00f0u ni\u00f0ur \u00far prj\u00f3na\u00f0ur,<a name=\"24\"><span class=\"versanumer\">24<\/span><\/a>\u00deeir s\u00f6g\u00f0u \u00fev\u00ed hv\u00f6r vi\u00f0 annan: skerum hann ekki \u00ed sundur, hlutumst heldur um hv\u00f6r hann skal hafa; svo a\u00f0 s\u00fa Ritning r\u00e6ttist, sem segir: \u201e\u00feeir skiptu me\u00f0 s\u00e9r m\u00ednum kl\u00e6\u00f0um og k\u00f6stu\u00f0u hlut um minn kyrtil.\u201c<a name=\"25\"><span class=\"versanumer\">25<\/span><\/a>\u00deetta gj\u00f6r\u00f0u n\u00fa str\u00ed\u00f0smennirnir. En hj\u00e1 krossinum st\u00f3\u00f0 Jes\u00fa m\u00f3\u00f0ir og m\u00f3\u00f0ursystir hans, Mar\u00eda kona Kle\u00f3fu og Mar\u00eda fr\u00e1 Magd\u00f6lum.<a name=\"26\"><span class=\"versanumer\">26<\/span><\/a>\u00deegar Jes\u00fas s\u00e1 n\u00fa m\u00f3\u00f0ur s\u00edna og \u00feann l\u00e6risvein, sem hann elska\u00f0i, standandi \u00fear hj\u00e1, sag\u00f0i hann til m\u00f3\u00f0ur sinnar: Kona! sj\u00e1! \u00fear er \u00feinn sonur! s\u00ed\u00f0an sag\u00f0i hann til l\u00e6risveinsins:<a name=\"27\"><span class=\"versanumer\">27<\/span><\/a>sj\u00e1! \u00fear er \u00fe\u00edn m\u00f3\u00f0ir! og fr\u00e1 \u00feeirri stundu t\u00f3k l\u00e6risveinninn hana heim til s\u00edn.<a name=\"28\"><span class=\"versanumer\">28<\/span><\/a>Eftir \u00feetta, \u00fear e\u00f0 Jes\u00fas vissi a\u00f0 allt var n\u00fa \u00feegar fullkomna\u00f0, svo a\u00f0 Ritningin skyldi r\u00e6tast, sag\u00f0i hann: \u201emig \u00feyrstir\u201c.<a name=\"29\"><span class=\"versanumer\">29<\/span><\/a>\u00dear var ker fullt af ediki; \u00feeir fylltu njar\u00f0arv\u00f6tt me\u00f0 edik, settu hann \u00e1 \u00eds\u00f3pslegg og b\u00e1ru Jes\u00fa a\u00f0 munni.<a name=\"30\"><span class=\"versanumer\">30<\/span><\/a>En er Jes\u00fas haf\u00f0i til s\u00edn teki\u00f0 ediki\u00f0, sag\u00f0i hann: \u00fea\u00f0 er fullkomna\u00f0; og hann l\u00e9t h\u00f6fu\u00f0i\u00f0 hn\u00edga og gaf upp andann. <br \/><a name=\"31\"><span class=\"versanumer\">31<\/span><\/a>En Gy\u00f0ingar beiddu P\u00edlatus: a\u00f0 l\u00edkamirnir v\u00e6ru ekki \u00e1 krossinum um sabbatsdaginn, \u00fear e\u00f0 a\u00f0fangadagur var, \u00fev\u00ed a\u00f0 s\u00e1 sabbatsdagur var mikill. \u00deeir beiddu P\u00edlatus a\u00f0 bein \u00feeirra v\u00e6ru brotin og ofantekin.<a name=\"32\"><span class=\"versanumer\">32<\/span><\/a>\u00dear fyrir komu str\u00ed\u00f0smennirnir og brutu f\u00f3tleggi hins fyrsta og svo hins annars, sem me\u00f0 honum h\u00f6f\u00f0u veri\u00f0 krossfestir.<a name=\"33\"><span class=\"versanumer\">33<\/span><\/a>En, sem \u00feeir komu a\u00f0 Jes\u00fa og s\u00e1u a\u00f0 hann var \u00feegar d\u00e1inn, brutu \u00feeir ekki hans f\u00f3tleggi;<a name=\"34\"><span class=\"versanumer\">34<\/span><\/a>en einn af str\u00ed\u00f0sm\u00f6nnunum stakk spj\u00f3ti \u00ed hans s\u00ed\u00f0u og strax kom \u00fat bl\u00f3\u00f0 og vatn;<a name=\"35\"><span class=\"versanumer\">35<\/span><\/a>og s\u00e1 hefir vitna\u00f0 \u00fea\u00f0, sem s\u00e1 og hans vitnisbur\u00f0ur er sannur og hann veit a\u00f0 hann segir satt, svo a\u00f0 \u00fe\u00e9r einnig tr\u00fai\u00f0.<a name=\"36\"><span class=\"versanumer\">36<\/span><\/a>\u00dev\u00ed \u00feetta er ske\u00f0 svo a\u00f0 Ritningin r\u00e6ttist: \u201ebein hans skulu ekki brj\u00f3tast.\u201c<a name=\"37\"><span class=\"versanumer\">37<\/span><\/a>Og \u00e1 \u00f6\u00f0rum sta\u00f0 segir \u00f6nnur Ritning: \u201e\u00feeir munu sj\u00e1 \u00feann, sem \u00feeir stungu.\u201c<br \/><a name=\"38\"><span class=\"versanumer\">38<\/span><\/a>En eftir \u00feetta ba\u00f0 J\u00f3sep af Aremat\u00eda P\u00edlatus, a\u00f0 hann m\u00e6tti ofan taka Jes\u00fa l\u00edkama: \u00fev\u00ed hann var Jes\u00fa l\u00e6risveinn, \u00fe\u00f3 heimuglegur, af \u00f3tta fyrir Gy\u00f0ingum; og P\u00edlatus leyf\u00f0i \u00fea\u00f0.<a name=\"39\"><span class=\"versanumer\">39<\/span><\/a>Hann f\u00f3r \u00fev\u00ed til og t\u00f3k Jes\u00fa l\u00edkama; en Nik\u00f3demus kom l\u00edka, s\u00e1, sem \u00e1\u00f0ur haf\u00f0i um n\u00f3tt komi\u00f0 til Jes\u00fa; hann haf\u00f0i me\u00f0 s\u00e9r h\u00e9r um bil hundra\u00f0 pund af myrrubl\u00f6ndu\u00f0u al\u00f3e.<a name=\"40\"><span class=\"versanumer\">40<\/span><\/a>\u00de\u00e1 t\u00f3ku \u00feeir Jes\u00fa l\u00edkama og sveipu\u00f0u hann \u00ed l\u00ednd\u00fak, me\u00f0 d\u00fdrum smyrslum, eins og Gy\u00f0inga si\u00f0ur er a\u00f0 b\u00faa l\u00edk til greftrunar.<a name=\"41\"><span class=\"versanumer\">41<\/span><\/a>En \u00fear, sem Jes\u00fas haf\u00f0i veri\u00f0 krossfestur, var grasgar\u00f0ur og \u00ed grasgar\u00f0inum n\u00fd gr\u00f6f, \u00ed hv\u00f6rja \u00feanga\u00f0 til enginn haf\u00f0i veri\u00f0 lag\u00f0ur.<a name=\"42\"><span class=\"versanumer\">42<\/span><\/a>\u00dear l\u00f6g\u00f0u \u00feeir Jes\u00fam vegna a\u00f0fangadags Gy\u00f0inga, \u00fev\u00ed gr\u00f6fin var n\u00e6rri.<\/p>\n<div class=\"footnoteVidey\">V. 24. S\u00e1lm. 22,19.  V. 28. S\u00e1lm. 69,22.  V. 36. 2 M\u00f3s. 12,46.  V. 37. Sakk. 12,10.<\/div>\n","protected":false},"excerpt":{"rendered":"<p>Jes\u00fas krossfestur og lag\u00f0ur \u00ed gr\u00f6fina. 1\u00de\u00e1 t\u00f3k P\u00edlatus Jes\u00fam og h\u00fa\u00f0str\u00fdkti hann.2En str\u00ed\u00f0smennirnir fl\u00e9ttu\u00f0u k\u00f3r\u00f3nu af \u00feyrnum og settu \u00e1 hans h\u00f6fu\u00f0 og f\u00e6r\u00f0u hann \u00ed purpurak\u00e1pu og s\u00f6g\u00f0u:3heill s\u00e9rt \u00fe\u00fa, konungur Gy\u00f0inga! og \u00feeir g\u00e1fu honum p\u00fastra.4P\u00edlatus gekk \u00fe\u00e1 \u00fat aftur og sag\u00f0i til \u00feeirra: sj\u00e1! eg lei\u00f0i hann n\u00fa aftur til y\u00f0ar, svo a\u00f0 \u00fe\u00e9r viti\u00f0 a\u00f0 eg finn enga s\u00f6k hj\u00e1 honum.5Jes\u00fas gekk \u00fe\u00e1 \u00fat me\u00f0 \u00feyrnik\u00f3r\u00f3nu \u00e1 h\u00f6f\u00f0i og \u00ed purpurak\u00e1pu og P\u00edlatus sag\u00f0i til \u00feeirra: sj\u00e1i\u00f0 manninn!6En \u00feegar prestah\u00f6f\u00f0ingjarnir og \u00fe\u00e9nararnir s\u00e1u hann, \u00e6ptu \u00feeir og s\u00f6g\u00f0u: krossfest\u00fa! krossfest\u00fa hann! P\u00edlatus sag\u00f0i: taki\u00f0 \u00fe\u00e9r <a href=\"https:\/\/biblian.is\/videy\/johannesargudspjall-19-kafli\/\"> [&#8230;]<\/a><\/p>\n","protected":false},"author":1,"featured_media":0,"parent":0,"menu_order":0,"comment_status":"open","ping_status":"open","template":"bibliukaflar.php","meta":{"footnotes":""},"class_list":["post-21865","page","type-page","status-publish","hentry"],"_links":{"self":[{"href":"https:\/\/biblian.is\/videy\/wp-json\/wp\/v2\/pages\/21865","targetHints":{"allow":["GET"]}}],"collection":[{"href":"https:\/\/biblian.is\/videy\/wp-json\/wp\/v2\/pages"}],"about":[{"href":"https:\/\/biblian.is\/videy\/wp-json\/wp\/v2\/types\/page"}],"author":[{"embeddable":true,"href":"https:\/\/biblian.is\/videy\/wp-json\/wp\/v2\/users\/1"}],"replies":[{"embeddable":true,"href":"https:\/\/biblian.is\/videy\/wp-json\/wp\/v2\/comments?post=21865"}],"version-history":[{"count":0,"href":"https:\/\/biblian.is\/videy\/wp-json\/wp\/v2\/pages\/21865\/revisions"}],"wp:attachment":[{"href":"https:\/\/biblian.is\/videy\/wp-json\/wp\/v2\/media?parent=21865"}],"curies":[{"name":"wp","href":"https:\/\/api.w.org\/{rel}","templated":true}]}}