{"id":21864,"date":"2018-01-02T01:04:30","date_gmt":"2018-01-02T01:04:30","guid":{"rendered":"http:\/\/biblian.is\/videy\/johannesargudspjall-18-kafli\/"},"modified":"2018-01-02T01:04:30","modified_gmt":"2018-01-02T01:04:30","slug":"johannesargudspjall-18-kafli","status":"publish","type":"page","link":"https:\/\/biblian.is\/videy\/johannesargudspjall-18-kafli\/","title":{"rendered":"J\u00f3hannesargu\u00f0spjall 18. kafli"},"content":{"rendered":"<div class=\"fyrirsognVidey\">Jes\u00fas er leiddur fyrir \u00feann andlega r\u00e9tt; fyrir \u00feann veraldlega r\u00e9tt.<\/div>\n<p><a name=\"1\"><span class=\"versanumer\">1<\/span><\/a>\u00deegar Jes\u00fas haf\u00f0i tala\u00f0 \u00feetta, gekk hann \u00fat me\u00f0 s\u00ednum l\u00e6risveinum yfir um l\u00e6kinn Kedron. \u00dear var grasgar\u00f0ur, \u00feanga\u00f0 gekk Jes\u00fas og hans l\u00e6risveinar.<a name=\"2\"><span class=\"versanumer\">2<\/span><\/a>En J\u00fadas, sem sveik hann, \u00feekkti og sta\u00f0inn, \u00fev\u00ed Jes\u00fas var vanur a\u00f0 koma \u00feanga\u00f0 me\u00f0 s\u00ednum l\u00e6risveinum.<a name=\"3\"><span class=\"versanumer\">3<\/span><\/a>\u00deegar n\u00fa J\u00fadas haf\u00f0i teki\u00f0 me\u00f0 s\u00e9r str\u00ed\u00f0smannaflokkinn og \u00fe\u00e9nara fr\u00e1 prestah\u00f6f\u00f0ingjunum og far\u00edseunum, kom hann \u00feanga\u00f0 me\u00f0 blysum, skri\u00f0byttum og vopnum.<a name=\"4\"><span class=\"versanumer\">4<\/span><\/a>En Jes\u00fas, sem vissi allt, er yfir hann mundi koma, gekk fram og sag\u00f0i: a\u00f0 hv\u00f6rjum leiti\u00f0 \u00fe\u00e9r?<a name=\"5\"><span class=\"versanumer\">5<\/span><\/a>\u00feeir sv\u00f6ru\u00f0u honum: a\u00f0 Jes\u00fa fr\u00e1 Nasaret. Jes\u00fas sag\u00f0i vi\u00f0 \u00fe\u00e1: eg em hann. En J\u00fadas, sem sveik hann, st\u00f3\u00f0 hj\u00e1 \u00feeim.<a name=\"6\"><span class=\"versanumer\">6<\/span><\/a>\u00deegar hann \u00fe\u00e1 sag\u00f0i til \u00feeirra: eg em hann, hopu\u00f0u \u00feeir \u00e1 h\u00e6l og f\u00e9llu til jar\u00f0ar.<a name=\"7\"><span class=\"versanumer\">7<\/span><\/a>Hann spur\u00f0i \u00fe\u00e1 \u00fear fyrir \u00ed anna\u00f0 sinn: a\u00f0 hv\u00f6rjum leiti\u00f0 \u00fe\u00e9r? en \u00feeir s\u00f6g\u00f0u: a\u00f0 Jes\u00fa fr\u00e1 Nasaret.<a name=\"8\"><span class=\"versanumer\">8<\/span><\/a>Jes\u00fas svara\u00f0i: eg sag\u00f0i y\u00f0ur a\u00f0 eg v\u00e6ri s\u00e1 hinn sami; ef a\u00f0 \u00fe\u00e9r \u00fe\u00e1 leiti\u00f0 m\u00edn, leyfi\u00f0 \u00feessum a\u00f0 fara;<a name=\"9\"><span class=\"versanumer\">9<\/span><\/a>svo \u00fea\u00f0 or\u00f0 r\u00e6ttist, sem Jes\u00fas haf\u00f0i tala\u00f0: engum glata\u00f0i eg af \u00feeim, sem \u00fe\u00fa gafst m\u00e9r.<a name=\"10\"><span class=\"versanumer\">10<\/span><\/a>En S\u00edmon P\u00e9tur, sem haf\u00f0i sver\u00f0, rykkti \u00fev\u00ed, hj\u00f3 \u00fej\u00f3n prestah\u00f6f\u00f0ingjans og snei\u00f0 af honum h\u00e6gra eyra\u00f0; en s\u00e1 \u00fej\u00f3n h\u00e9t Malkus.<a name=\"11\"><span class=\"versanumer\">11<\/span><\/a>Jes\u00fas sag\u00f0i \u00fe\u00e1 til P\u00e9turs: sl\u00ed\u00f0ra \u00fe\u00fa sver\u00f0 \u00feitt! skylda eg ekki drekka \u00feann kaleik, sem minn Fa\u00f0ir hefir m\u00e9r gefi\u00f0?<a name=\"12\"><span class=\"versanumer\">12<\/span><\/a>Flokkurinn, fyrirli\u00f0inn og \u00fej\u00f3nar Gy\u00f0inganna gripu n\u00fa Jes\u00fam og bundu hann.<a name=\"13\"><span class=\"versanumer\">13<\/span><\/a>Og leiddu hann fyrst til Hannas, \u00fev\u00ed hann var tengdafa\u00f0ir Ka\u00edfasar, sem \u00fea\u00f0 \u00e1ri\u00f0 var \u00e6\u00f0sti prestur.<a name=\"14\"><span class=\"versanumer\">14<\/span><\/a>En Ka\u00edfas var s\u00e1, sem gefi\u00f0 haf\u00f0i Gy\u00f0ingum \u00fea\u00f0 atkv\u00e6\u00f0i, a\u00f0 gagnlegt v\u00e6ri a\u00f0 einn ma\u00f0ur v\u00e6ri l\u00edfl\u00e1tinn fyrir \u00fej\u00f3\u00f0ina.<a name=\"15\"><span class=\"versanumer\">15<\/span><\/a>En S\u00edmon P\u00e9tur fylgdi Jes\u00fa og annar l\u00e6risveinn, en s\u00e1 l\u00e6risveinn var kunnugur \u00feeim \u00e6\u00f0sta presti og gekk inn me\u00f0 Jes\u00fa \u00ed h\u00fas prestah\u00f6f\u00f0ingjans, en P\u00e9tur st\u00f3\u00f0 fyrir utan dyrnar.<a name=\"16\"><span class=\"versanumer\">16<\/span><\/a>\u00de\u00e1 gekk \u00fat hinn annar l\u00e6risveinn, sem kunnugur var prestah\u00f6f\u00f0ingjanum, tala\u00f0i vi\u00f0 \u00fe\u00e1 \u00feernu, sem g\u00e6tti dyranna og leiddi P\u00e9tur inn.<a name=\"17\"><span class=\"versanumer\">17<\/span><\/a>\u00de\u00e1 sag\u00f0i \u00feernan sem g\u00e6tti dyranna, vi\u00f0 P\u00e9tur: ert\u00fa og einn af l\u00e6risveinum \u00feessa manns? hann svara\u00f0i: ekki em eg.<a name=\"18\"><span class=\"versanumer\">18<\/span><\/a>En \u00fear st\u00f3\u00f0u \u00fer\u00e6larnir og \u00fe\u00e9nararnir og vermdu sig, \u00fev\u00ed kalt var; en P\u00e9tur st\u00f3\u00f0 hj\u00e1 \u00feeim og vermdi sig.<a name=\"19\"><span class=\"versanumer\">19<\/span><\/a>\u00de\u00e1 spur\u00f0i prestah\u00f6f\u00f0inginn Jes\u00fam a\u00f0 hans l\u00e6risveinum og hans kenningu.<a name=\"20\"><span class=\"versanumer\">20<\/span><\/a>Jes\u00fas svara\u00f0i honum: eg hefi tala\u00f0 opinberlega fyrir heiminum; eg hefi \u00e6t\u00ed\u00f0 kennt \u00ed samkundunum og \u00ed musterinu, hvar allir Gy\u00f0ingar saman koma, og ekkert hefi eg tala\u00f0 \u00ed leyni, hv\u00ed spyr \u00fe\u00fa mig?<a name=\"21\"><span class=\"versanumer\">21<\/span><\/a>spyr \u00fe\u00fa \u00fe\u00e1, sem heyrt hafa hva\u00f0 eg hefi tala\u00f0 vi\u00f0 \u00fe\u00e1; sj\u00e1! \u00feessir vita hva\u00f0 eg hefi sagt.<a name=\"22\"><span class=\"versanumer\">22<\/span><\/a>En er Jes\u00fas tala\u00f0i \u00feetta, gaf einn af \u00fe\u00e9nurunum, sem hj\u00e1 st\u00f3\u00f0, Jes\u00fa kinnhest og sag\u00f0i: svarar \u00fe\u00fa svona prestah\u00f6f\u00f0ingjanum?<a name=\"23\"><span class=\"versanumer\">23<\/span><\/a>Jes\u00fas svara\u00f0i honum: hafi eg tala\u00f0 rangt, \u00fe\u00e1 sanna\u00f0u \u00fea\u00f0, en hafi eg tala\u00f0 r\u00e9tt, hv\u00ed sl\u00e6r \u00fe\u00fa mig?<a name=\"24\"><span class=\"versanumer\">24<\/span><\/a>Hannas sendi hann bundinn til prestah\u00f6f\u00f0ingjans Ka\u00edfasar. En S\u00edmon P\u00e9tur st\u00f3\u00f0 og vermdi sig.<a name=\"25\"><span class=\"versanumer\">25<\/span><\/a>\u00deeir s\u00f6g\u00f0u \u00fe\u00e1 vi\u00f0 \u00feann: ert \u00fe\u00fa og einn af hans l\u00e6risveinum? hann neita\u00f0i og sag\u00f0i: ekki em eg.<a name=\"26\"><span class=\"versanumer\">26<\/span><\/a>Einn af \u00fej\u00f3num prestah\u00f6f\u00f0ingjans, fr\u00e6ndi \u00feess, sem P\u00e9tur hj\u00f3 af eyra\u00f0, segir \u00fe\u00e1: s\u00e1 eg \u00feig ekki \u00ed grasgar\u00f0inum me\u00f0 honum?<a name=\"27\"><span class=\"versanumer\">27<\/span><\/a>\u00fe\u00e1 neita\u00f0i P\u00e9tur enn aftur og strax g\u00f3l haninn. <br \/><a name=\"28\"><span class=\"versanumer\">28<\/span><\/a>N\u00fa leiddu \u00feeir Jes\u00fam fr\u00e1 Ka\u00edfasi til hallar landsh\u00f6f\u00f0ingjans, en \u00fea\u00f0 var snemma morguns, og \u00feeir gengu ekki sj\u00e1lfir inn \u00ed h\u00f6llina, svo \u00feeir saurgu\u00f0ust ekki, heldur m\u00e6ttu neyta p\u00e1skalambsins.<a name=\"29\"><span class=\"versanumer\">29<\/span><\/a>P\u00edlatus gekk \u00fe\u00e1 \u00fat til \u00feeirra og sag\u00f0i: hv\u00f6rja \u00e1k\u00e6ru f\u00e6ri\u00f0 \u00fe\u00e9r gegn \u00feessum manni?<a name=\"30\"><span class=\"versanumer\">30<\/span><\/a>\u00deeir sv\u00f6ru\u00f0u og s\u00f6g\u00f0u: v\u00e6ri \u00feessi ekki illr\u00e6\u00f0isma\u00f0ur, \u00fe\u00e1 hef\u00f0um v\u00e9r ekki f\u00e6rt \u00fe\u00e9r hann.<a name=\"31\"><span class=\"versanumer\">31<\/span><\/a>P\u00edlatus sag\u00f0i \u00fe\u00e1 vi\u00f0 \u00fe\u00e1: taki\u00f0 \u00fe\u00e9r hann og d\u00e6mi\u00f0 hann eftir y\u00f0ar l\u00f6gum. \u00de\u00e1 s\u00f6g\u00f0u Gy\u00f0ingar til hans: oss leyfist ekki a\u00f0 l\u00edfl\u00e1ta nokkurn,<a name=\"32\"><span class=\"versanumer\">32<\/span><\/a>svo \u00fea\u00f0 r\u00e6ttist, sem Jes\u00fas haf\u00f0i fyrirfram sagt um \u00fea\u00f0, hva\u00f0a dau\u00f0daga hann mundi f\u00e1.<a name=\"33\"><span class=\"versanumer\">33<\/span><\/a>\u00de\u00e1 gekk P\u00edlatus aftur inn \u00ed h\u00f6llina, kalla\u00f0i Jes\u00fam til s\u00edn og sag\u00f0i: ert \u00fe\u00fa Gy\u00f0ingakonungurinn?<a name=\"34\"><span class=\"versanumer\">34<\/span><\/a>Jes\u00fas svara\u00f0i: talar \u00fe\u00fa \u00feetta af sj\u00e1lfum \u00fe\u00e9r, e\u00f0ur hafa a\u00f0rir sagt \u00fe\u00e9r \u00fea\u00f0 um mig?<a name=\"35\"><span class=\"versanumer\">35<\/span><\/a>P\u00edlatus svara\u00f0i: er eg \u00fe\u00e1 Gy\u00f0ingur? \u00fe\u00edn \u00fej\u00f3\u00f0 og kennimannah\u00f6f\u00f0ingjarnir f\u00e6r\u00f0u m\u00e9r \u00feig, hva\u00f0 hefir \u00fe\u00fa a\u00f0hafst?<a name=\"36\"><span class=\"versanumer\">36<\/span><\/a>Jes\u00fas svara\u00f0i: mitt r\u00edki er ekki af \u00feessum heimi; v\u00e6ri mitt r\u00edki af \u00feessum heimi, \u00fe\u00e1 hef\u00f0u m\u00ednir \u00fe\u00e9narar barist, svo eg k\u00e6mist ekki \u00e1 vald Gy\u00f0inga; en n\u00fa er mitt r\u00edki ekki \u00fea\u00f0an.<a name=\"37\"><span class=\"versanumer\">37<\/span><\/a>P\u00edlatus sag\u00f0i \u00fe\u00e1 vi\u00f0 hann: ert\u00fa \u00fe\u00e1 ekki konungur? Jes\u00fas svara\u00f0i: r\u00e9tt segir \u00fe\u00fa a\u00f0 eg s\u00e9 konungur; til \u00feess em eg f\u00e6ddur og til \u00feess kom eg \u00ed heiminn a\u00f0 eg beri vitni sannleikanum og hv\u00f6r, sem elskar sannleikann, s\u00e1 hl\u00fd\u00f0ir minni r\u00f6ddu.<a name=\"38\"><span class=\"versanumer\">38<\/span><\/a>P\u00edlatus svara\u00f0i honum: hva\u00f0 er sannleikur? og \u00ed \u00fev\u00ed hann sag\u00f0i \u00feetta, gekk hann \u00fat aftur til Gy\u00f0inga og segir vi\u00f0 \u00fe\u00e1: eg finn enga s\u00f6k hj\u00e1 honum;<a name=\"39\"><span class=\"versanumer\">39<\/span><\/a>en \u00fea\u00f0 er venja hj\u00e1 y\u00f0ur, a\u00f0 eg \u00e1 p\u00e1skum gefi y\u00f0ur einn lausan. Vilji\u00f0 \u00fe\u00e9r \u00fe\u00e1 ekki a\u00f0 eg gefi y\u00f0ur n\u00fa lausan Gy\u00f0ingakonunginn?<a name=\"40\"><span class=\"versanumer\">40<\/span><\/a>\u00deeir \u00e6ptu \u00fe\u00e1 allir \u00e1 m\u00f3ti og s\u00f6g\u00f0u: ekki \u00feennan, heldur Barabbas; en Barabbas var stigama\u00f0ur.<\/p>\n<div class=\"footnoteVidey\"><\/div>\n","protected":false},"excerpt":{"rendered":"<p>Jes\u00fas er leiddur fyrir \u00feann andlega r\u00e9tt; fyrir \u00feann veraldlega r\u00e9tt. 1\u00deegar Jes\u00fas haf\u00f0i tala\u00f0 \u00feetta, gekk hann \u00fat me\u00f0 s\u00ednum l\u00e6risveinum yfir um l\u00e6kinn Kedron. \u00dear var grasgar\u00f0ur, \u00feanga\u00f0 gekk Jes\u00fas og hans l\u00e6risveinar.2En J\u00fadas, sem sveik hann, \u00feekkti og sta\u00f0inn, \u00fev\u00ed Jes\u00fas var vanur a\u00f0 koma \u00feanga\u00f0 me\u00f0 s\u00ednum l\u00e6risveinum.3\u00deegar n\u00fa J\u00fadas haf\u00f0i teki\u00f0 me\u00f0 s\u00e9r str\u00ed\u00f0smannaflokkinn og \u00fe\u00e9nara fr\u00e1 prestah\u00f6f\u00f0ingjunum og far\u00edseunum, kom hann \u00feanga\u00f0 me\u00f0 blysum, skri\u00f0byttum og vopnum.4En Jes\u00fas, sem vissi allt, er yfir hann mundi koma, gekk fram og sag\u00f0i: a\u00f0 hv\u00f6rjum leiti\u00f0 \u00fe\u00e9r?5\u00feeir sv\u00f6ru\u00f0u honum: a\u00f0 Jes\u00fa fr\u00e1 Nasaret. Jes\u00fas sag\u00f0i vi\u00f0 \u00fe\u00e1: <a href=\"https:\/\/biblian.is\/videy\/johannesargudspjall-18-kafli\/\"> [&#8230;]<\/a><\/p>\n","protected":false},"author":1,"featured_media":0,"parent":0,"menu_order":0,"comment_status":"open","ping_status":"open","template":"bibliukaflar.php","meta":{"footnotes":""},"class_list":["post-21864","page","type-page","status-publish","hentry"],"_links":{"self":[{"href":"https:\/\/biblian.is\/videy\/wp-json\/wp\/v2\/pages\/21864","targetHints":{"allow":["GET"]}}],"collection":[{"href":"https:\/\/biblian.is\/videy\/wp-json\/wp\/v2\/pages"}],"about":[{"href":"https:\/\/biblian.is\/videy\/wp-json\/wp\/v2\/types\/page"}],"author":[{"embeddable":true,"href":"https:\/\/biblian.is\/videy\/wp-json\/wp\/v2\/users\/1"}],"replies":[{"embeddable":true,"href":"https:\/\/biblian.is\/videy\/wp-json\/wp\/v2\/comments?post=21864"}],"version-history":[{"count":0,"href":"https:\/\/biblian.is\/videy\/wp-json\/wp\/v2\/pages\/21864\/revisions"}],"wp:attachment":[{"href":"https:\/\/biblian.is\/videy\/wp-json\/wp\/v2\/media?parent=21864"}],"curies":[{"name":"wp","href":"https:\/\/api.w.org\/{rel}","templated":true}]}}