{"id":21863,"date":"2018-01-02T01:04:30","date_gmt":"2018-01-02T01:04:30","guid":{"rendered":"http:\/\/biblian.is\/videy\/johannesargudspjall-17-kafli\/"},"modified":"2018-01-02T01:04:30","modified_gmt":"2018-01-02T01:04:30","slug":"johannesargudspjall-17-kafli","status":"publish","type":"page","link":"https:\/\/biblian.is\/videy\/johannesargudspjall-17-kafli\/","title":{"rendered":"J\u00f3hannesargu\u00f0spjall 17. kafli"},"content":{"rendered":"<div class=\"fyrirsognVidey\">Jes\u00fa b\u00e6n til Gu\u00f0s.<\/div>\n<p><a name=\"1\"><span class=\"versanumer\">1<\/span><\/a>\u00deetta tala\u00f0i Jes\u00fas, h\u00f3f s\u00edn augu til himins og sag\u00f0i: Fa\u00f0ir! t\u00edminn er kominn; gj\u00f6r Son \u00feinn d\u00fdr\u00f0legan, svo a\u00f0 Sonurinn einnig gj\u00f6ri \u00feig d\u00fdr\u00f0legan,<a name=\"2\"><span class=\"versanumer\">2<\/span><\/a>eins og \u00fe\u00fa hefir gefi\u00f0 honum vald yfir \u00f6llu holdi, svo hann gefi eil\u00edft l\u00edf \u00f6llum \u00feeim, sem \u00fe\u00fa gafst honum.<a name=\"3\"><span class=\"versanumer\">3<\/span><\/a>En \u00fea\u00f0 er eil\u00edft l\u00edf, a\u00f0 \u00feeir \u00feekki \u00feig einan sannan Gu\u00f0 og \u00feann, sem \u00fe\u00fa sendir, Jes\u00fam Krist.<a name=\"4\"><span class=\"versanumer\">4<\/span><\/a>Eg hefi gj\u00f6rt \u00feig d\u00fdr\u00f0legan \u00e1 j\u00f6r\u00f0unni, eg hefi loki\u00f0 \u00fev\u00ed verki, sem \u00fe\u00fa f\u00e9kkst m\u00e9r a\u00f0 vinna;<a name=\"5\"><span class=\"versanumer\">5<\/span><\/a>gj\u00f6r mig n\u00fa vegsamlegan, Fa\u00f0ir! hj\u00e1 sj\u00e1lfum \u00fe\u00e9r me\u00f0 \u00feeirri d\u00fdr\u00f0, sem eg haf\u00f0i hj\u00e1 \u00fe\u00e9r \u00e1\u00f0ur en heimurinn var.<a name=\"6\"><span class=\"versanumer\">6<\/span><\/a>Eg hefi augl\u00fdst \u00feitt nafn, \u00feeim m\u00f6nnum, sem \u00fe\u00fa gafst m\u00e9r af heiminum; \u00feeir voru \u00fe\u00ednir og \u00fe\u00fa gafst m\u00e9r \u00fe\u00e1 og \u00feeir hafa var\u00f0veitt \u00feitt or\u00f0.<a name=\"7\"><span class=\"versanumer\">7<\/span><\/a>N\u00fa vita \u00feeir a\u00f0 allt \u00fea\u00f0, sem \u00fe\u00fa hefir m\u00e9r gefi\u00f0, er fr\u00e1 \u00fe\u00e9r,<a name=\"8\"><span class=\"versanumer\">8<\/span><\/a>\u00fev\u00ed a\u00f0 or\u00f0 \u00feau, er \u00fe\u00fa gafst m\u00e9r, hefi eg gefi\u00f0 \u00feeim; \u00feeir hafa teki\u00f0 vi\u00f0 \u00feeim og \u00feeir vita me\u00f0 sanni, a\u00f0 eg em kominn fr\u00e1 \u00fe\u00e9r og tr\u00faa a\u00f0 \u00fe\u00fa hafir sent mig.<a name=\"9\"><span class=\"versanumer\">9<\/span><\/a>Eg bi\u00f0 fyrir \u00feeim; ekki bi\u00f0 eg fyrir heiminum, heldur fyrir \u00feeim, sem \u00fe\u00fa gafst m\u00e9r, af \u00fev\u00ed a\u00f0 \u00feeir eru \u00fe\u00ednir;<a name=\"10\"><span class=\"versanumer\">10<\/span><\/a>og allt mitt er \u00feitt, og \u00fea\u00f0, sem \u00feitt er, \u00fea\u00f0 er mitt, og eg em fyrir \u00fea\u00f0 d\u00fdr\u00f0legur or\u00f0inn.<a name=\"11\"><span class=\"versanumer\">11<\/span><\/a>Eg ver\u00f0 ekki lengur \u00ed heiminum, \u00feessir ver\u00f0a \u00ed heiminum, en eg fer til \u00fe\u00edn. Heilagi Fa\u00f0ir! var\u00f0veit \u00fe\u00e1 \u00ed \u00fe\u00ednu nafni, er \u00fe\u00fa gafst m\u00e9r, svo \u00feeir s\u00e9u eitt sem vi\u00f0.<a name=\"12\"><span class=\"versanumer\">12<\/span><\/a>Me\u00f0an eg var hj\u00e1 \u00feeim \u00ed heiminum, var\u00f0veitti eg \u00fe\u00e1 \u00ed \u00fe\u00ednu nafni. Eg var\u00f0veitti \u00fe\u00e1, sem \u00fe\u00fa gafst m\u00e9r og enginn \u00feeirra t\u00fdndist, nema s\u00e1 gl\u00f6tunarsonur, svo a\u00f0 Ritningin r\u00e6ttist.<a name=\"13\"><span class=\"versanumer\">13<\/span><\/a>En n\u00fa fer eg til \u00fe\u00edn og \u00feetta tala eg \u00ed heiminum, svo \u00feeir hafi \u00ed sj\u00e1lfum s\u00e9r minn f\u00f6gnu\u00f0 fullkomlega.<a name=\"14\"><span class=\"versanumer\">14<\/span><\/a>Eg hefi gefi\u00f0 \u00feeim \u00feitt or\u00f0 og heimurinn hatar \u00fe\u00e1, \u00fev\u00ed \u00feeir eru ekki af heiminum, eins og eg er ekki af heiminum.<a name=\"15\"><span class=\"versanumer\">15<\/span><\/a>Ekki bi\u00f0 eg a\u00f0 \u00fe\u00fa takir \u00fe\u00e1 \u00far heiminum, heldur a\u00f0 \u00fe\u00fa geymir \u00feeirra vi\u00f0 illu.<a name=\"16\"><span class=\"versanumer\">16<\/span><\/a>\u00deeir eru ekki af heiminum eins og eg em ekki af heiminum.<a name=\"17\"><span class=\"versanumer\">17<\/span><\/a>Helga \u00fe\u00fa \u00fe\u00e1 me\u00f0 \u00fe\u00ednum sannleika, \u00feitt or\u00f0 er sannleikur.<a name=\"18\"><span class=\"versanumer\">18<\/span><\/a>Eins og \u00fe\u00fa sendir mig til heimsins, svo sendi eg \u00fe\u00e1 til heimsins,<a name=\"19\"><span class=\"versanumer\">19<\/span><\/a>og fyrir \u00fe\u00e1 helga eg sj\u00e1lfan mig, svo a\u00f0 \u00feeir s\u00e9u sannleikanum helga\u00f0ir.<a name=\"20\"><span class=\"versanumer\">20<\/span><\/a>En eg bi\u00f0 ekki einungis fyrir \u00feessum, heldur og fyrir \u00feeim, sem tr\u00faa munu \u00e1 mig fyrir \u00feeirra or\u00f0;<a name=\"21\"><span class=\"versanumer\">21<\/span><\/a>svo a\u00f0 allir s\u00e9u eitt, eins og \u00fe\u00fa, Fa\u00f0ir! ert \u00ed m\u00e9r og eg \u00ed \u00fe\u00e9r, a\u00f0 \u00feeir og s\u00e9u eitt \u00ed oss, svo a\u00f0 heimurinn tr\u00fai a\u00f0 \u00fe\u00fa hafir sent mig.<a name=\"22\"><span class=\"versanumer\">22<\/span><\/a>Og \u00feann hei\u00f0ur, sem \u00fe\u00fa gafst m\u00e9r, hefi eg gefi\u00f0 \u00feeim, svo \u00feeir s\u00e9u eitt, eins og vi\u00f0 erum eitt,<a name=\"23\"><span class=\"versanumer\">23<\/span><\/a>eg \u00ed \u00feeim og \u00fe\u00fa \u00ed m\u00e9r, svo \u00feeir s\u00e9u fullkomlega sameina\u00f0ir og heimurinn viti a\u00f0 \u00fe\u00fa sendir mig og elskir \u00fe\u00e1, eins og \u00fe\u00fa elskar mig.<a name=\"24\"><span class=\"versanumer\">24<\/span><\/a>Fa\u00f0ir! eg vil a\u00f0 \u00feeir, sem \u00fe\u00fa gafst m\u00e9r, \u00feeir s\u00e9u hj\u00e1 m\u00e9r \u00fear, sem eg er, svo \u00feeir sj\u00e1i m\u00edna d\u00fdr\u00f0, sem \u00fe\u00fa gafst m\u00e9r; \u00fev\u00ed \u00fe\u00fa elska\u00f0ir mig fyrr en ver\u00f6ldin var grundv\u00f6llu\u00f0.<a name=\"25\"><span class=\"versanumer\">25<\/span><\/a>R\u00e9ttl\u00e1ti Fa\u00f0ir! \u00fe\u00f3 a\u00f0 heimurinn \u00feekki \u00feig ekki, \u00fe\u00e1 \u00feekki eg \u00feig og \u00feessir vita a\u00f0 \u00fe\u00fa sendir mig.<a name=\"26\"><span class=\"versanumer\">26<\/span><\/a>Eg hefi augl\u00fdst \u00feeim \u00feitt nafn og mun augl\u00fdsa \u00fea\u00f0, svo a\u00f0 s\u00fa elska, me\u00f0 hv\u00f6rri \u00fe\u00fa elska\u00f0ir mig, s\u00e9 \u00ed \u00feeim og eg \u00ed \u00feeim.<\/p>\n<div class=\"footnoteVidey\"><\/div>\n","protected":false},"excerpt":{"rendered":"<p>Jes\u00fa b\u00e6n til Gu\u00f0s. 1\u00deetta tala\u00f0i Jes\u00fas, h\u00f3f s\u00edn augu til himins og sag\u00f0i: Fa\u00f0ir! t\u00edminn er kominn; gj\u00f6r Son \u00feinn d\u00fdr\u00f0legan, svo a\u00f0 Sonurinn einnig gj\u00f6ri \u00feig d\u00fdr\u00f0legan,2eins og \u00fe\u00fa hefir gefi\u00f0 honum vald yfir \u00f6llu holdi, svo hann gefi eil\u00edft l\u00edf \u00f6llum \u00feeim, sem \u00fe\u00fa gafst honum.3En \u00fea\u00f0 er eil\u00edft l\u00edf, a\u00f0 \u00feeir \u00feekki \u00feig einan sannan Gu\u00f0 og \u00feann, sem \u00fe\u00fa sendir, Jes\u00fam Krist.4Eg hefi gj\u00f6rt \u00feig d\u00fdr\u00f0legan \u00e1 j\u00f6r\u00f0unni, eg hefi loki\u00f0 \u00fev\u00ed verki, sem \u00fe\u00fa f\u00e9kkst m\u00e9r a\u00f0 vinna;5gj\u00f6r mig n\u00fa vegsamlegan, Fa\u00f0ir! hj\u00e1 sj\u00e1lfum \u00fe\u00e9r me\u00f0 \u00feeirri d\u00fdr\u00f0, sem eg haf\u00f0i hj\u00e1 \u00fe\u00e9r \u00e1\u00f0ur <a href=\"https:\/\/biblian.is\/videy\/johannesargudspjall-17-kafli\/\"> [&#8230;]<\/a><\/p>\n","protected":false},"author":1,"featured_media":0,"parent":0,"menu_order":0,"comment_status":"open","ping_status":"open","template":"bibliukaflar.php","meta":{"footnotes":""},"class_list":["post-21863","page","type-page","status-publish","hentry"],"_links":{"self":[{"href":"https:\/\/biblian.is\/videy\/wp-json\/wp\/v2\/pages\/21863","targetHints":{"allow":["GET"]}}],"collection":[{"href":"https:\/\/biblian.is\/videy\/wp-json\/wp\/v2\/pages"}],"about":[{"href":"https:\/\/biblian.is\/videy\/wp-json\/wp\/v2\/types\/page"}],"author":[{"embeddable":true,"href":"https:\/\/biblian.is\/videy\/wp-json\/wp\/v2\/users\/1"}],"replies":[{"embeddable":true,"href":"https:\/\/biblian.is\/videy\/wp-json\/wp\/v2\/comments?post=21863"}],"version-history":[{"count":0,"href":"https:\/\/biblian.is\/videy\/wp-json\/wp\/v2\/pages\/21863\/revisions"}],"wp:attachment":[{"href":"https:\/\/biblian.is\/videy\/wp-json\/wp\/v2\/media?parent=21863"}],"curies":[{"name":"wp","href":"https:\/\/api.w.org\/{rel}","templated":true}]}}