{"id":21862,"date":"2018-01-02T01:04:30","date_gmt":"2018-01-02T01:04:30","guid":{"rendered":"http:\/\/biblian.is\/videy\/johannesargudspjall-16-kafli\/"},"modified":"2018-01-02T01:04:30","modified_gmt":"2018-01-02T01:04:30","slug":"johannesargudspjall-16-kafli","status":"publish","type":"page","link":"https:\/\/biblian.is\/videy\/johannesargudspjall-16-kafli\/","title":{"rendered":"J\u00f3hannesargu\u00f0spjall 16. kafli"},"content":{"rendered":"<div class=\"fyrirsognVidey\"><\/div>\n<p><a name=\"1\"><span class=\"versanumer\">1<\/span><\/a>\u00deetta sag\u00f0i eg y\u00f0ur, svo a\u00f0 \u00fe\u00e9r hneykslu\u00f0ust ekki:<a name=\"2\"><span class=\"versanumer\">2<\/span><\/a>\u00feeir munu gj\u00f6ra y\u00f0ur samkundur\u00e6ka; j\u00e1, s\u00e1 t\u00edmi mun koma, a\u00f0 hv\u00f6r, sem l\u00edfl\u00e6tur y\u00f0ur,<a name=\"3\"><span class=\"versanumer\">3<\/span><\/a>mun \u00feykjast gj\u00f6ra Gu\u00f0i \u00fe\u00e6gt verk og \u00feetta munu \u00feeir gj\u00f6ra, af \u00fev\u00ed \u00feeir \u00feekkja hv\u00f6rki F\u00f6\u00f0urinn n\u00e9 mig.<a name=\"4\"><span class=\"versanumer\">4<\/span><\/a>En \u00feetta sag\u00f0i eg y\u00f0ur, svo a\u00f0 \u00fe\u00e9r minnist \u00feess, \u00feegar a\u00f0 \u00fev\u00ed kemur, a\u00f0 eg sag\u00f0i y\u00f0ur \u00fea\u00f0; en eg sag\u00f0i y\u00f0ur \u00fea\u00f0 ekki \u00ed upphafi, \u00fev\u00ed eg var me\u00f0 y\u00f0ur.<a name=\"5\"><span class=\"versanumer\">5<\/span><\/a>En n\u00fa fer eg til hans, sem mig sendi og enginn af y\u00f0ur spyr mig: hv\u00f6rt fer \u00fe\u00fa?<a name=\"6\"><span class=\"versanumer\">6<\/span><\/a>heldur hefir hrygg\u00f0 uppfyllt y\u00f0ar hjarta, af \u00fev\u00ed eg tala\u00f0i \u00feetta.<a name=\"7\"><span class=\"versanumer\">7<\/span><\/a>En eg segi y\u00f0ur sannleikann: \u00fea\u00f0 er y\u00f0ur til g\u00f3\u00f0s, a\u00f0 eg fari h\u00e9\u00f0an; \u00fev\u00ed fari eg ekki, mun Fr\u00e6\u00f0arinn ekki koma til y\u00f0ar, en \u00feegar eg er farinn mun eg senda hann til y\u00f0ar.<a name=\"8\"><span class=\"versanumer\">8<\/span><\/a>Og \u00feegar hann kemur, mun hann sannf\u00e6ra heiminn um synd og um r\u00e9ttl\u00e6ti og um d\u00f3m.<a name=\"9\"><span class=\"versanumer\">9<\/span><\/a>Um synd, af \u00fev\u00ed \u00feeir tr\u00faa ekki \u00e1 mig;<a name=\"10\"><span class=\"versanumer\">10<\/span><\/a>en um r\u00e9ttl\u00e6ti, af \u00fev\u00ed eg fer til F\u00f6\u00f0ursins og \u00fe\u00e9r sj\u00e1i\u00f0 mig ekki lengur;<a name=\"11\"><span class=\"versanumer\">11<\/span><\/a>en um d\u00f3m, af \u00fev\u00ed h\u00f6f\u00f0ingi \u00feessa heims er d\u00e6mdur.<a name=\"12\"><span class=\"versanumer\">12<\/span><\/a>Eg hefi enn margt a\u00f0 segja y\u00f0ur, en \u00fe\u00e9r eru\u00f0 ekki me\u00f0t\u00e6kilegir fyrir \u00fea\u00f0 a\u00f0 sinni;<a name=\"13\"><span class=\"versanumer\">13<\/span><\/a>en \u00feegar hann, s\u00e1 sannleiks Andi kemur, mun hann lei\u00f0a y\u00f0ur \u00ed allan sannleika, \u00fev\u00ed hann mun ekki tala af sj\u00e1lfum s\u00e9r, heldur mun hann tala \u00fea\u00f0, sem hann heyrir og kunngj\u00f6ra y\u00f0ur \u00fea\u00f0 \u00f3komna.<a name=\"14\"><span class=\"versanumer\">14<\/span><\/a>Hann mun vegsama mig, \u00fev\u00ed af m\u00ednu mun hann taka og kunngj\u00f6ra y\u00f0ur.<a name=\"15\"><span class=\"versanumer\">15<\/span><\/a>Allt \u00fea\u00f0, sem Fa\u00f0irinn hefir, \u00fea\u00f0 er mitt, \u00fev\u00ed sag\u00f0a eg, a\u00f0 hann mundi af m\u00ednu taka og kunngj\u00f6ra y\u00f0ur.<a name=\"16\"><span class=\"versanumer\">16<\/span><\/a>Stutta stund munu\u00f0 \u00fe\u00e9r ekki sj\u00e1 mig og stutta stund munu\u00f0 \u00fe\u00e9r sj\u00e1 mig aftur, \u00fev\u00ed eg fer til F\u00f6\u00f0ursins.<a name=\"17\"><span class=\"versanumer\">17<\/span><\/a>\u00de\u00e1 s\u00f6g\u00f0u nokkrir af hans l\u00e6risveinum hver vi\u00f0 annan: hva\u00f0 er \u00feetta, sem hann segir: stutta stund munu\u00f0 \u00fe\u00e9r ekki sj\u00e1 mig og svo munu\u00f0 \u00fe\u00e9r sj\u00e1 mig stutta sund aftur; og \u00feetta: eg fer til F\u00f6\u00f0ursins?<a name=\"18\"><span class=\"versanumer\">18<\/span><\/a>\u00deeir s\u00f6g\u00f0u \u00fev\u00ed: hva\u00f0 er \u00feetta, sem hann segir: stutta stund? v\u00e9r skiljum ekki \u00fea\u00f0, sem hann talar.<a name=\"19\"><span class=\"versanumer\">19<\/span><\/a>Jes\u00fas var\u00f0 \u00feess \u00fe\u00e1 var a\u00f0 \u00feeir vildu spyrja hann og sag\u00f0i til \u00feeirra: \u00fe\u00e9r spyrjist \u00e1 um \u00fea\u00f0, a\u00f0 eg sag\u00f0i: stutta stund munu\u00f0 \u00fe\u00e9r ekki sj\u00e1 mig og aftur munu\u00f0 \u00fe\u00e9r sj\u00e1 mig stutta stund.<a name=\"20\"><span class=\"versanumer\">20<\/span><\/a>Sannlega, sannlega segi eg y\u00f0ur: \u00fe\u00e9r munu\u00f0 s\u00fdta og gr\u00e1ta, en heimurinn mun fagna; \u00fe\u00e9r munu\u00f0 ver\u00f0a hryggvir, en y\u00f0ar hrygg\u00f0 mun sn\u00faast \u00ed f\u00f6gnu\u00f0.<a name=\"21\"><span class=\"versanumer\">21<\/span><\/a>Konan, \u00feegar h\u00fan f\u00e6\u00f0ir, \u00fe\u00e1 hefir h\u00fan hrygg\u00f0, \u00fev\u00ed hennar t\u00edmi er kominn; en \u00feegar h\u00fan hefir barni\u00f0 f\u00e6tt, minnist h\u00fan ekki framar harmkv\u00e6lisins fyrir fagna\u00f0arsakir, \u00fev\u00ed a\u00f0 ma\u00f0ur er \u00ed heiminn borinn;<a name=\"22\"><span class=\"versanumer\">22<\/span><\/a>eins hafi\u00f0 \u00fe\u00e9r n\u00fa a\u00f0 s\u00f6nnu hrygg\u00f0, en eg mun sj\u00e1 y\u00f0ur aftur og y\u00f0vart hjarta mun fagna og y\u00f0varn f\u00f6gnu\u00f0 skal enginn af y\u00f0ur taka.<a name=\"23\"><span class=\"versanumer\">23<\/span><\/a>Og \u00e1 \u00feeim degi munu\u00f0 \u00fe\u00e9r mig einkis spyrja. Sannlega, sannlega segi eg y\u00f0ur: hv\u00f6rs \u00fe\u00e9r bi\u00f0ji\u00f0 F\u00f6\u00f0urinn \u00ed m\u00ednu nafni, \u00fea\u00f0 mun hann veita y\u00f0ur.<a name=\"24\"><span class=\"versanumer\">24<\/span><\/a>Hinga\u00f0 til hafi\u00f0 \u00fe\u00e9r einkis be\u00f0i\u00f0 \u00ed m\u00ednu nafni; bi\u00f0ji\u00f0 og \u00fe\u00e9r munu\u00f0 \u00f6\u00f0last, svo a\u00f0 y\u00f0ur f\u00f6gnu\u00f0ur s\u00e9 fullkominn.<a name=\"25\"><span class=\"versanumer\">25<\/span><\/a>\u00deetta hefi eg tala\u00f0 til y\u00f0ar \u00ed or\u00f0skvi\u00f0um; s\u00e1 t\u00edmi kemur, a\u00f0 eg tala ekki lengur vi\u00f0 y\u00f0ur \u00ed or\u00f0skvi\u00f0um, heldur mun eg berlega segja y\u00f0ur af F\u00f6\u00f0urnum;<a name=\"26\"><span class=\"versanumer\">26<\/span><\/a>\u00e1 \u00feeim t\u00edma munu\u00f0 \u00fe\u00e9r bi\u00f0ja \u00ed m\u00ednu nafni og ekki segi eg y\u00f0ur, a\u00f0 eg muni bi\u00f0ja F\u00f6\u00f0urinn fyrir y\u00f0ur,<a name=\"27\"><span class=\"versanumer\">27<\/span><\/a>\u00fev\u00ed sj\u00e1lfur Fa\u00f0irinn elskar y\u00f0ur, af \u00fev\u00ed \u00fe\u00e9r hafi\u00f0 elska\u00f0 mig og hafi\u00f0 tr\u00faa\u00f0, a\u00f0 eg s\u00e9 kominn fr\u00e1 Gu\u00f0i.<a name=\"28\"><span class=\"versanumer\">28<\/span><\/a>Eg em \u00fatgenginn fr\u00e1 F\u00f6\u00f0urnum og kominn \u00ed heiminn; eg mun aftur yfirgefa heiminn og fara til F\u00f6\u00f0ursins.<a name=\"29\"><span class=\"versanumer\">29<\/span><\/a>Hans l\u00e6risveinar segja vi\u00f0 hann: sj\u00e1! n\u00fa talar \u00fe\u00fa berlega og m\u00e6lir engan or\u00f0skvi\u00f0.<a name=\"30\"><span class=\"versanumer\">30<\/span><\/a>N\u00fa vitum v\u00e9r a\u00f0 \u00fe\u00fa veist allt og \u00fearft \u00feess ekki a\u00f0 nokkur spyrji \u00feig; \u00feess vegna tr\u00faum v\u00e9r a\u00f0 \u00fe\u00fa s\u00e9rt fr\u00e1 Gu\u00f0i kominn.<a name=\"31\"><span class=\"versanumer\">31<\/span><\/a>Jes\u00fas svara\u00f0i \u00feeim: tr\u00fai\u00f0 \u00fe\u00e9r n\u00fa?<a name=\"32\"><span class=\"versanumer\">32<\/span><\/a>sj\u00e1! s\u00e1 t\u00edmi kemur og er n\u00fa \u00feegar kominn, a\u00f0 \u00fe\u00e9r tv\u00edstrist, hver heim til s\u00edn og l\u00e1ti\u00f0 mig einann, en eg samt ekki einn, \u00fev\u00ed Fa\u00f0irinn er me\u00f0 m\u00e9r.<a name=\"33\"><span class=\"versanumer\">33<\/span><\/a>\u00deetta hefi eg tala\u00f0 til y\u00f0ar, svo a\u00f0 \u00fe\u00e9r hef\u00f0u\u00f0 fri\u00f0 \u00ed m\u00e9r. \u00cd heiminum munu\u00f0 \u00fe\u00e9r hafa \u00ferenging, en, veri\u00f0 \u00f6ruggir! eg hefi sigra\u00f0 heiminn.<\/p>\n<div class=\"footnoteVidey\"><\/div>\n","protected":false},"excerpt":{"rendered":"<p>1\u00deetta sag\u00f0i eg y\u00f0ur, svo a\u00f0 \u00fe\u00e9r hneykslu\u00f0ust ekki:2\u00feeir munu gj\u00f6ra y\u00f0ur samkundur\u00e6ka; j\u00e1, s\u00e1 t\u00edmi mun koma, a\u00f0 hv\u00f6r, sem l\u00edfl\u00e6tur y\u00f0ur,3mun \u00feykjast gj\u00f6ra Gu\u00f0i \u00fe\u00e6gt verk og \u00feetta munu \u00feeir gj\u00f6ra, af \u00fev\u00ed \u00feeir \u00feekkja hv\u00f6rki F\u00f6\u00f0urinn n\u00e9 mig.4En \u00feetta sag\u00f0i eg y\u00f0ur, svo a\u00f0 \u00fe\u00e9r minnist \u00feess, \u00feegar a\u00f0 \u00fev\u00ed kemur, a\u00f0 eg sag\u00f0i y\u00f0ur \u00fea\u00f0; en eg sag\u00f0i y\u00f0ur \u00fea\u00f0 ekki \u00ed upphafi, \u00fev\u00ed eg var me\u00f0 y\u00f0ur.5En n\u00fa fer eg til hans, sem mig sendi og enginn af y\u00f0ur spyr mig: hv\u00f6rt fer \u00fe\u00fa?6heldur hefir hrygg\u00f0 uppfyllt y\u00f0ar hjarta, af \u00fev\u00ed eg tala\u00f0i \u00feetta.7En eg <a href=\"https:\/\/biblian.is\/videy\/johannesargudspjall-16-kafli\/\"> [&#8230;]<\/a><\/p>\n","protected":false},"author":1,"featured_media":0,"parent":0,"menu_order":0,"comment_status":"open","ping_status":"open","template":"bibliukaflar.php","meta":{"footnotes":""},"class_list":["post-21862","page","type-page","status-publish","hentry"],"_links":{"self":[{"href":"https:\/\/biblian.is\/videy\/wp-json\/wp\/v2\/pages\/21862","targetHints":{"allow":["GET"]}}],"collection":[{"href":"https:\/\/biblian.is\/videy\/wp-json\/wp\/v2\/pages"}],"about":[{"href":"https:\/\/biblian.is\/videy\/wp-json\/wp\/v2\/types\/page"}],"author":[{"embeddable":true,"href":"https:\/\/biblian.is\/videy\/wp-json\/wp\/v2\/users\/1"}],"replies":[{"embeddable":true,"href":"https:\/\/biblian.is\/videy\/wp-json\/wp\/v2\/comments?post=21862"}],"version-history":[{"count":0,"href":"https:\/\/biblian.is\/videy\/wp-json\/wp\/v2\/pages\/21862\/revisions"}],"wp:attachment":[{"href":"https:\/\/biblian.is\/videy\/wp-json\/wp\/v2\/media?parent=21862"}],"curies":[{"name":"wp","href":"https:\/\/api.w.org\/{rel}","templated":true}]}}