{"id":21859,"date":"2018-01-02T01:04:30","date_gmt":"2018-01-02T01:04:30","guid":{"rendered":"http:\/\/biblian.is\/videy\/johannesargudspjall-13-kafli\/"},"modified":"2018-01-02T01:04:30","modified_gmt":"2018-01-02T01:04:30","slug":"johannesargudspjall-13-kafli","status":"publish","type":"page","link":"https:\/\/biblian.is\/videy\/johannesargudspjall-13-kafli\/","title":{"rendered":"J\u00f3hannesargu\u00f0spjall 13. kafli"},"content":{"rendered":"<div class=\"fyrirsognVidey\">Jes\u00fas \u00fev\u00e6r f\u00e6tur l\u00e6risveinanna; talar um au\u00f0m\u00fdkt og \u00feann, sem mundi sv\u00edkja sig; um innbyr\u00f0is k\u00e6rleika; P\u00e9turs afneitun.<\/div>\n<p><a name=\"1\"><span class=\"versanumer\">1<\/span><\/a>En fyrir p\u00e1skah\u00e1t\u00ed\u00f0ina, \u00fear e\u00f0 Jes\u00fas vissi a\u00f0 hans stund var komin, a\u00f0 hann f\u00e6ri \u00far heiminum til F\u00f6\u00f0ursins; og af \u00fev\u00ed hann haf\u00f0i elska\u00f0 s\u00edna sem v\u00f3ru \u00ed heiminum, elska\u00f0i hann \u00fe\u00e1 til enda.<a name=\"2\"><span class=\"versanumer\">2<\/span><\/a>Og er kv\u00f6ldm\u00e1lt\u00ed\u00f0in var byrju\u00f0 og dj\u00f6fullinn haf\u00f0i n\u00fa \u00feegar skoti\u00f0 \u00ed hjarta J\u00fadasar S\u00edmonssonar fr\u00e1 Kar\u00edot, a\u00f0 sv\u00edkja hann,<a name=\"3\"><span class=\"versanumer\">3<\/span><\/a>og \u00fe\u00f3 Jes\u00fas vissi, a\u00f0 fa\u00f0irinn hef\u00f0i gefi\u00f0 s\u00e9r allt \u00ed hendur og a\u00f0 hann v\u00e6ri kominn fr\u00e1 Gu\u00f0i og f\u00e6ri til Gu\u00f0s,<a name=\"4\"><span class=\"versanumer\">4<\/span><\/a>st\u00f3\u00f0 hann upp fr\u00e1 kv\u00f6ldm\u00e1lt\u00ed\u00f0inni, lag\u00f0i af s\u00e9r kl\u00e6\u00f0in, t\u00f3k l\u00ednd\u00fak og girtist honum.<a name=\"5\"><span class=\"versanumer\">5<\/span><\/a>Eftir \u00fea\u00f0 hellti hann vatni \u00ed mundlaug og t\u00f3k a\u00f0 \u00fevo f\u00e6tur l\u00e6risveinanna og \u00feerra me\u00f0 l\u00ednd\u00fak \u00feeim, hverjum hann var girtur.<a name=\"6\"><span class=\"versanumer\">6<\/span><\/a>\u00de\u00e1 hann kom a\u00f0 S\u00edmoni P\u00e9tri, sag\u00f0i \u00feessi til hans: skyldir \u00fe\u00fa, Herra! \u00fevo m\u00ednar f\u00e6tur?<a name=\"7\"><span class=\"versanumer\">7<\/span><\/a>Jes\u00fas svara\u00f0i og sag\u00f0i: \u00fe\u00fa skilur ekki n\u00fa \u00fea\u00f0, sem eg gj\u00f6ri, en \u00fe\u00fa munt vita \u00fea\u00f0 h\u00e9r eftir.<a name=\"8\"><span class=\"versanumer\">8<\/span><\/a>P\u00e9tur svara\u00f0i: aldrei til eil\u00edf\u00f0ar skalt\u00fa \u00fevo m\u00edna f\u00e6tur. Jes\u00fas svara\u00f0i: ef eg f\u00e6 ekki a\u00f0 \u00fevo \u00feig, erum vi\u00f0 skildir a\u00f0 skiptum. S\u00edmon P\u00e9tur sag\u00f0i \u00fe\u00e1 til hans:<a name=\"9\"><span class=\"versanumer\">9<\/span><\/a>Herra! ekki einungis f\u00e6turna, heldur einnig hendur og h\u00f6fu\u00f0.<a name=\"10\"><span class=\"versanumer\">10<\/span><\/a>Jes\u00fas sag\u00f0i til hans: s\u00e1, sem \u00feveginn er, \u00fearf ekki a\u00f0 \u00fevost nema \u00e1 f\u00f3tum, \u00fev\u00ed hann er allur hreinn annars sta\u00f0ar<a name=\"11\"><span class=\"versanumer\">11<\/span><\/a>og \u00fe\u00e9r eru\u00f0 hreinir, en ekki allir; \u00fev\u00ed hann \u00feekkti \u00feann, sem s\u00ed\u00f0an sveik hann, \u00fear fyrir sag\u00f0i hann: \u00fe\u00e9r eru\u00f0 ekki allir hreinir. <br \/><a name=\"12\"><span class=\"versanumer\">12<\/span><\/a>\u00deegar hann n\u00fa var b\u00fainn a\u00f0 \u00fevo \u00feeirra f\u00e6tur og haf\u00f0i teki\u00f0 kl\u00e6\u00f0i s\u00edn, settist hann aftur til bor\u00f0s og sag\u00f0i vi\u00f0 \u00fe\u00e1: skilji\u00f0 \u00fe\u00e9r hva\u00f0 eg hefi gj\u00f6rt vi\u00f0 y\u00f0ur?<a name=\"13\"><span class=\"versanumer\">13<\/span><\/a>\u00de\u00e9r kalli\u00f0 mig Meistara og Herra og \u00fea\u00f0 er r\u00e9tt, \u00fev\u00ed eg em \u00fea\u00f0.<a name=\"14\"><span class=\"versanumer\">14<\/span><\/a>Ef a\u00f0 eg \u00fe\u00e1, Meistarinn og Herrann hefi \u00fevegi\u00f0 y\u00f0ar f\u00e6tur, eigi\u00f0 \u00fe\u00e9r og a\u00f0 \u00fevo hver annars f\u00e6tur;<a name=\"15\"><span class=\"versanumer\">15<\/span><\/a>\u00fev\u00ed eg gaf y\u00f0ur eftird\u00e6mi, svo \u00fe\u00e9r breyti\u00f0, eins og eg breytti vi\u00f0 y\u00f0ur.<a name=\"16\"><span class=\"versanumer\">16<\/span><\/a>Eg segi y\u00f0ur \u00fea\u00f0 satt: a\u00f0 \u00fej\u00f3ninn er ekki meiri en h\u00fassb\u00f3ndinn; s\u00e1, sem sendur er, hann er ekki meiri en s\u00e1, sem sendi hann.<a name=\"17\"><span class=\"versanumer\">17<\/span><\/a>Ef \u00fe\u00e9r skilji\u00f0 \u00feetta, \u00fe\u00e1 eru\u00f0 \u00fe\u00e9r s\u00e6lir, ef \u00fe\u00e9r breyti\u00f0 svo.<a name=\"18\"><span class=\"versanumer\">18<\/span><\/a>Eg tala ekki um y\u00f0ur alla, eg \u00feekki \u00fe\u00e1, sem eg hefi \u00fatvali\u00f0, en Ritningin ver\u00f0ur a\u00f0 r\u00e6tast: s\u00e1, sem etur brau\u00f0 me\u00f0 m\u00e9r, hefir lyft upp h\u00e6lnum \u00e1 m\u00f3ti m\u00e9r.<a name=\"19\"><span class=\"versanumer\">19<\/span><\/a>H\u00e9\u00f0an af segi eg y\u00f0ur \u00fea\u00f0, \u00e1\u00f0ur en \u00fea\u00f0 ske\u00f0ur, svo \u00feegar \u00fea\u00f0 er framkomi\u00f0, a\u00f0 \u00fe\u00e9r \u00fe\u00e1 tr\u00fai\u00f0 a\u00f0 eg em <span class='VideyAth'>a)<\/span>.<a name=\"20\"><span class=\"versanumer\">20<\/span><\/a>Sannlega segi eg y\u00f0ur: hv\u00f6r, sem me\u00f0tekur \u00feann, sem eg sendi, s\u00e1 me\u00f0tekur mig, en s\u00e1, sem me\u00f0tekur mig, hann me\u00f0tekur \u00feann, sem sendi mig.<a name=\"21\"><span class=\"versanumer\">21<\/span><\/a>\u00deegar Jes\u00fas tala\u00f0i \u00feetta, komst hann mj\u00f6g vi\u00f0 og sag\u00f0i: sannlega segi eg y\u00f0ur, einn af y\u00f0ur mun sv\u00edkja mig.<a name=\"22\"><span class=\"versanumer\">22<\/span><\/a>\u00de\u00e1 litu l\u00e6risveinarnir hv\u00f6r upp \u00e1 og vissu ekki um hv\u00f6rn hann tala\u00f0i.<a name=\"23\"><span class=\"versanumer\">23<\/span><\/a>En \u00fear var einn af hans l\u00e6risveinum, sem sat til bor\u00f0s n\u00e6st Jes\u00fa, s\u00e1, sem Jes\u00fas elska\u00f0i.<a name=\"24\"><span class=\"versanumer\">24<\/span><\/a>S\u00edmon P\u00e9tur benti \u00feessum, a\u00f0 hann skyldi spyrja a\u00f0, hv\u00f6r s\u00e1 v\u00e6ri, er Jes\u00fas tala\u00f0i um.<a name=\"25\"><span class=\"versanumer\">25<\/span><\/a>Hann halla\u00f0i s\u00e9r upp a\u00f0 Jes\u00fa brj\u00f3sti og sag\u00f0i vi\u00f0 hann:<a name=\"26\"><span class=\"versanumer\">26<\/span><\/a>Herra! hv\u00f6r er \u00fea\u00f0? Jes\u00fas svara\u00f0i: s\u00e1 er \u00fea\u00f0, er eg mun gefa \u00feann bita, er eg n\u00fa d\u00fdfi \u00ed; \u00fe\u00e1 d\u00fdf\u00f0i hann \u00ed bitanum og r\u00e9tti a\u00f0 J\u00fadasi S\u00edmonarsyni fr\u00e1 Kar\u00edot.<a name=\"27\"><span class=\"versanumer\">27<\/span><\/a>Og eftir \u00feann bita f\u00f3r Satan \u00ed hann. \u00de\u00e1 sag\u00f0i Jes\u00fas til hans: hva\u00f0 \u00fe\u00fa gj\u00f6rir, \u00fea\u00f0 gj\u00f6r \u00fe\u00fa skj\u00f3tt.<a name=\"28\"><span class=\"versanumer\">28<\/span><\/a>En enginn af \u00feeim, sem til bor\u00f0sins s\u00e1tu, vissi \u00ed hv\u00f6rju skyni hann sag\u00f0i \u00feetta;<a name=\"29\"><span class=\"versanumer\">29<\/span><\/a>\u00fev\u00ed sumir h\u00e9ldu, af \u00fev\u00ed J\u00fadas haf\u00f0i pyngjuna, a\u00f0 Jes\u00fas hef\u00f0i sagt honum: kaup \u00fe\u00fa \u00fea\u00f0, sem vi\u00f0 \u00feurfum til h\u00e1t\u00ed\u00f0arinnar, ellegar, a\u00f0 hann skyldi gefa eitthva\u00f0 f\u00e1t\u00e6kum.<a name=\"30\"><span class=\"versanumer\">30<\/span><\/a>\u00deegar J\u00fadas haf\u00f0i me\u00f0teki\u00f0 bitann, gekk hann strax \u00fat, en \u00fe\u00e1 var n\u00f3tt.<a name=\"31\"><span class=\"versanumer\">31<\/span><\/a>\u00deegar hann var genginn \u00fat, sag\u00f0i Jes\u00fas: n\u00fa er Mannsins Sonur d\u00fdr\u00f0legur or\u00f0inn, og Gu\u00f0 er fyrir hann d\u00fdr\u00f0legur or\u00f0inn.<a name=\"32\"><span class=\"versanumer\">32<\/span><\/a>Ef a\u00f0 Gu\u00f0 ver\u00f0ur d\u00fdr\u00f0legur fyrir hann, mun Gu\u00f0 sj\u00e1lfur gj\u00f6ra hann d\u00fdr\u00f0legan, og n\u00fa strax mun hann kunngj\u00f6ra hann d\u00fdr\u00f0legan.<a name=\"33\"><span class=\"versanumer\">33<\/span><\/a>K\u00e6ru b\u00f6rn! eg ver\u00f0 n\u00fa h\u00e9\u00f0an af skamma stund hj\u00e1 y\u00f0ur; \u00fe\u00e9r munu\u00f0 leita m\u00edn og eins og eg sag\u00f0i Gy\u00f0ingunum, segi eg y\u00f0ur n\u00fa: \u00fe\u00e9r geti\u00f0 ekki komist \u00feanga\u00f0, sem eg fer.<a name=\"34\"><span class=\"versanumer\">34<\/span><\/a>Eg gef y\u00f0ur n\u00fdtt bo\u00f0or\u00f0, a\u00f0 \u00fe\u00e9r elski\u00f0 hv\u00f6r annan; eins og eg elska\u00f0i y\u00f0ur, a\u00f0 \u00fe\u00e9r elski\u00f0 hv\u00f6r annan.<a name=\"35\"><span class=\"versanumer\">35<\/span><\/a>Af \u00fev\u00ed munu allir sj\u00e1, a\u00f0 \u00fe\u00e9r eru\u00f0 m\u00ednir l\u00e6risveinar, ef a\u00f0 \u00fe\u00e9r elskist innbyr\u00f0is.<a name=\"36\"><span class=\"versanumer\">36<\/span><\/a>S\u00edmon P\u00e9tur ansa\u00f0i honum: Herra! hv\u00f6rt \u00e6tlar \u00fe\u00fa a\u00f0 fara? Jes\u00fas svara\u00f0i honum: \u00feanga\u00f0, sem eg fer, getur \u00fe\u00fa ekki fylgt m\u00e9r n\u00fa; en seinna meir munt\u00fa fylgja m\u00e9r.<a name=\"37\"><span class=\"versanumer\">37<\/span><\/a>P\u00e9tur sag\u00f0i til hans: Herra! hv\u00f6rs vegna get eg ekki fylgt \u00fe\u00e9r n\u00fa strax? eg vil voga l\u00edfi m\u00ednu fyrir \u00feig.<a name=\"38\"><span class=\"versanumer\">38<\/span><\/a>Jes\u00fas svara\u00f0i honum: munt\u00fa \u00fe\u00e1 voga l\u00edfi \u00fe\u00ednu fyrir mig? sannlega, sannlega segi eg \u00fe\u00e9r: haninn mun ekki gala fyrri enn \u00fe\u00fa ver\u00f0ur b\u00fainn a\u00f0 afneita m\u00e9r \u00ferisvar.<\/p>\n<div class=\"footnoteVidey\">V. 18. S\u00e1lm. 41,10.  V. 19. a. S\u00e1 fyrirheitni.  V. 33. Kap. 7,34. Kap. 8,21.<\/div>\n","protected":false},"excerpt":{"rendered":"<p>Jes\u00fas \u00fev\u00e6r f\u00e6tur l\u00e6risveinanna; talar um au\u00f0m\u00fdkt og \u00feann, sem mundi sv\u00edkja sig; um innbyr\u00f0is k\u00e6rleika; P\u00e9turs afneitun. 1En fyrir p\u00e1skah\u00e1t\u00ed\u00f0ina, \u00fear e\u00f0 Jes\u00fas vissi a\u00f0 hans stund var komin, a\u00f0 hann f\u00e6ri \u00far heiminum til F\u00f6\u00f0ursins; og af \u00fev\u00ed hann haf\u00f0i elska\u00f0 s\u00edna sem v\u00f3ru \u00ed heiminum, elska\u00f0i hann \u00fe\u00e1 til enda.2Og er kv\u00f6ldm\u00e1lt\u00ed\u00f0in var byrju\u00f0 og dj\u00f6fullinn haf\u00f0i n\u00fa \u00feegar skoti\u00f0 \u00ed hjarta J\u00fadasar S\u00edmonssonar fr\u00e1 Kar\u00edot, a\u00f0 sv\u00edkja hann,3og \u00fe\u00f3 Jes\u00fas vissi, a\u00f0 fa\u00f0irinn hef\u00f0i gefi\u00f0 s\u00e9r allt \u00ed hendur og a\u00f0 hann v\u00e6ri kominn fr\u00e1 Gu\u00f0i og f\u00e6ri til Gu\u00f0s,4st\u00f3\u00f0 hann upp fr\u00e1 kv\u00f6ldm\u00e1lt\u00ed\u00f0inni, lag\u00f0i af <a href=\"https:\/\/biblian.is\/videy\/johannesargudspjall-13-kafli\/\"> [&#8230;]<\/a><\/p>\n","protected":false},"author":1,"featured_media":0,"parent":0,"menu_order":0,"comment_status":"open","ping_status":"open","template":"bibliukaflar.php","meta":{"footnotes":""},"class_list":["post-21859","page","type-page","status-publish","hentry"],"_links":{"self":[{"href":"https:\/\/biblian.is\/videy\/wp-json\/wp\/v2\/pages\/21859","targetHints":{"allow":["GET"]}}],"collection":[{"href":"https:\/\/biblian.is\/videy\/wp-json\/wp\/v2\/pages"}],"about":[{"href":"https:\/\/biblian.is\/videy\/wp-json\/wp\/v2\/types\/page"}],"author":[{"embeddable":true,"href":"https:\/\/biblian.is\/videy\/wp-json\/wp\/v2\/users\/1"}],"replies":[{"embeddable":true,"href":"https:\/\/biblian.is\/videy\/wp-json\/wp\/v2\/comments?post=21859"}],"version-history":[{"count":0,"href":"https:\/\/biblian.is\/videy\/wp-json\/wp\/v2\/pages\/21859\/revisions"}],"wp:attachment":[{"href":"https:\/\/biblian.is\/videy\/wp-json\/wp\/v2\/media?parent=21859"}],"curies":[{"name":"wp","href":"https:\/\/api.w.org\/{rel}","templated":true}]}}