{"id":21857,"date":"2018-01-02T01:04:30","date_gmt":"2018-01-02T01:04:30","guid":{"rendered":"http:\/\/biblian.is\/videy\/johannesargudspjall-11-kafli\/"},"modified":"2018-01-02T01:04:30","modified_gmt":"2018-01-02T01:04:30","slug":"johannesargudspjall-11-kafli","status":"publish","type":"page","link":"https:\/\/biblian.is\/videy\/johannesargudspjall-11-kafli\/","title":{"rendered":"J\u00f3hannesargu\u00f0spjall 11. kafli"},"content":{"rendered":"<div class=\"fyrirsognVidey\">Jes\u00fas uppvekur Lasarus; Ka\u00edfas r\u00e6\u00f0ur til a\u00f0 dey\u00f0a hann; Jes\u00fas for\u00f0ar s\u00e9r.<\/div>\n<p><a name=\"1\"><span class=\"versanumer\">1<\/span><\/a>Ma\u00f0ur nokkur, a\u00f0 nafni Lasarus, l\u00e1 veikur, hann var fr\u00e1 Bethan\u00edu, \u00far \u00feorpi Mar\u00edu og M\u00f6rtu systur hennar.<a name=\"2\"><span class=\"versanumer\">2<\/span><\/a><span class='VideyAth'>(En Mar\u00eda var s\u00fa, sem smur\u00f0i Drottinn me\u00f0 smyrslum og \u00feerra\u00f0i f\u00e6tur hans me\u00f0 h\u00e1rlokkum s\u00ednum)<\/span>.<a name=\"3\"><span class=\"versanumer\">3<\/span><\/a>Hennar br\u00f3\u00f0ir Lasarus var veikur. \u00de\u00e1 sendu \u00fe\u00e6r systur til hans og l\u00e9tu segja honum: Herra! s\u00e1, sem \u00fe\u00fa elskar, hann er veikur.<a name=\"4\"><span class=\"versanumer\">4<\/span><\/a>En er Jes\u00fas heyr\u00f0i \u00fea\u00f0, sag\u00f0i hann: \u00feessi s\u00f3tt er ekki til dau\u00f0a, heldur Gu\u00f0i til d\u00fdr\u00f0ar, svo a\u00f0 Gu\u00f0s Sonur vegsamist fyrir hana.<a name=\"5\"><span class=\"versanumer\">5<\/span><\/a>En Jes\u00fas elska\u00f0i M\u00f6rtu og systur hennar og Lasarus.<a name=\"6\"><span class=\"versanumer\">6<\/span><\/a>\u00deegar hann heyr\u00f0i a\u00f0 Lasarus v\u00e6ri sj\u00fakur, var hann a\u00f0 s\u00f6nnu kyrr \u00ed tvo daga \u00e1 \u00feeim sta\u00f0 hvar hann dvaldi;<a name=\"7\"><span class=\"versanumer\">7<\/span><\/a>en eftir \u00fea\u00f0 sag\u00f0i hann til sinna l\u00e6risveina: v\u00e9r skulum fara aftur \u00ed J\u00fadeu.<a name=\"8\"><span class=\"versanumer\">8<\/span><\/a>L\u00e6risveinarnir s\u00f6g\u00f0u til hans: n\u00fdlega \u00e6tlu\u00f0u J\u00fa\u00f0arnir a\u00f0 gr\u00fdta \u00feig, \u00e6tlar \u00fe\u00fa n\u00fa a\u00f0 fara \u00feanga\u00f0 aftur?<a name=\"9\"><span class=\"versanumer\">9<\/span><\/a>Jes\u00fas svara\u00f0i: eru ekki t\u00f3lf stundir \u00ed deginum? gangi ma\u00f0ur \u00e1 degi rasar hann ekki, \u00fev\u00ed hann s\u00e9r lj\u00f3s \u00feessa heims;<a name=\"10\"><span class=\"versanumer\">10<\/span><\/a>en ef hann gengur \u00e1 n\u00f3ttu, \u00fe\u00e1 rasar hann, \u00fev\u00ed lj\u00f3si\u00f0 vantar.<a name=\"11\"><span class=\"versanumer\">11<\/span><\/a>\u00deetta tala\u00f0i hann og eftir \u00fea\u00f0 sag\u00f0i hann vi\u00f0 \u00fe\u00e1: Lasarus vinur vor er sofna\u00f0ur, en eg fer n\u00fa til a\u00f0 vekja hann.<a name=\"12\"><span class=\"versanumer\">12<\/span><\/a>\u00de\u00e1 s\u00f6g\u00f0u hans l\u00e6risveinar: Herra! ef hann er sofna\u00f0ur, \u00fe\u00e1 mun honum batna.<a name=\"13\"><span class=\"versanumer\">13<\/span><\/a>En Jes\u00fas tala\u00f0i um hans dau\u00f0a, \u00feeir \u00fear \u00e1 m\u00f3ti h\u00e9ldu a\u00f0 hann tala\u00f0i um n\u00e1tt\u00farulegan svefn;<a name=\"14\"><span class=\"versanumer\">14<\/span><\/a>\u00fev\u00ed sag\u00f0i Jes\u00fas \u00feeim \u00fe\u00e1 berlega:<a name=\"15\"><span class=\"versanumer\">15<\/span><\/a>Lasarus er d\u00e1inn og \u00fea\u00f0 gle\u00f0ur mig y\u00f0ar vegna, a\u00f0 v\u00e9r ekki vorum \u00fear, svo a\u00f0 \u00fe\u00e9r tr\u00fai\u00f0! en\u2014f\u00f6rum n\u00fa til hans.<a name=\"16\"><span class=\"versanumer\">16<\/span><\/a>\u00de\u00e1 sag\u00f0i T\u00f3m\u00e1s <span class='VideyAth'>(\u00fea\u00f0 \u00fe\u00fd\u00f0ir: Tv\u00edburi)<\/span> vi\u00f0 s\u00edna me\u00f0l\u00e6risveina: v\u00e9r skulum fara l\u00edka, svo a\u00f0 v\u00e9r deyjum me\u00f0 honum.<a name=\"17\"><span class=\"versanumer\">17<\/span><\/a>En er Jes\u00fas kom, haf\u00f0i Lasarus \u00feegar legi\u00f0 fj\u00f3ra daga \u00ed gr\u00f6finni.<a name=\"18\"><span class=\"versanumer\">18<\/span><\/a><span class='VideyAth'>(En Betan\u00eda var n\u00e1l\u00e6gt Jer\u00fasalem, h\u00e9r um bil 15 skei\u00f0r\u00fama a) \u00fea\u00f0an)<\/span><a name=\"19\"><span class=\"versanumer\">19<\/span><\/a>og margir Gy\u00f0ingar voru komnir til M\u00f6rtu og Mar\u00edu til a\u00f0 hugga \u00fe\u00e6r eftir br\u00f3\u00f0ur \u00feeirra.<a name=\"20\"><span class=\"versanumer\">20<\/span><\/a>\u00deegar Marta heyr\u00f0i n\u00fa a\u00f0 Jes\u00fa k\u00e6mi, f\u00f3r h\u00fan m\u00f3ti honum, en Mar\u00eda sat heima \u00ed h\u00fasinu.<a name=\"21\"><span class=\"versanumer\">21<\/span><\/a>\u00de\u00e1 sag\u00f0i Marta vi\u00f0 Jes\u00fam: Herra! hef\u00f0ir \u00fe\u00fa veri\u00f0 h\u00e9r, v\u00e6ri br\u00f3\u00f0ir minn ekki d\u00e1inn.<a name=\"22\"><span class=\"versanumer\">22<\/span><\/a>En eg veit l\u00edka n\u00fa, a\u00f0 Gu\u00f0 muni veita \u00fe\u00e9r hva\u00f0 sem \u00fe\u00fa bi\u00f0ur hann um.<a name=\"23\"><span class=\"versanumer\">23<\/span><\/a>Jes\u00fas sag\u00f0i til hennar: br\u00f3\u00f0ir \u00feinn mun uppr\u00edsa.<a name=\"24\"><span class=\"versanumer\">24<\/span><\/a>Marta segir til hans: eg veit a\u00f0 hann skal uppr\u00edsa \u00ed upprisunni \u00e1 efsta degi.<a name=\"25\"><span class=\"versanumer\">25<\/span><\/a>Jes\u00fas sag\u00f0i til hennar: eg em upprisan og l\u00edfi\u00f0, hv\u00f6r, sem tr\u00fair \u00e1 mig, hann mun lifa, \u00fe\u00f3tt hann deyi<a name=\"26\"><span class=\"versanumer\">26<\/span><\/a>og hv\u00f6r s\u00e1, sem lifir og tr\u00fair \u00e1 mig, hann skal aldrei a\u00f0 eil\u00edfu deyja.<a name=\"27\"><span class=\"versanumer\">27<\/span><\/a>Tr\u00fair \u00fe\u00fa \u00feessu? H\u00fan sag\u00f0i: j\u00e1, Herra! eg hefi tr\u00faa\u00f0 a\u00f0 \u00fe\u00fa s\u00e9rt Kristur, s\u00e1 Gu\u00f0s Sonur, sem \u00ed heiminn \u00e1 a\u00f0 koma;<a name=\"28\"><span class=\"versanumer\">28<\/span><\/a>og \u00ed \u00fev\u00ed h\u00fan haf\u00f0i tala\u00f0 \u00feetta, f\u00f3r h\u00fan burt og kalla\u00f0i hlj\u00f3\u00f0lega \u00e1 systur s\u00edna Mar\u00edu og sag\u00f0i: Meistarinn er h\u00e9r og vill finna \u00feig.<a name=\"29\"><span class=\"versanumer\">29<\/span><\/a>\u00deegar Mar\u00eda heyr\u00f0i \u00feetta, st\u00f3\u00f0 h\u00fan upp me\u00f0 skyndi og kom til hans.<a name=\"30\"><span class=\"versanumer\">30<\/span><\/a><span class='VideyAth'>(En Jes\u00fas var enn ekki kominn til \u00feorpsins, heldur var \u00fear, sem Marta haf\u00f0i m\u00e6tt honum)<\/span>.<a name=\"31\"><span class=\"versanumer\">31<\/span><\/a>\u00deegar n\u00fa J\u00fa\u00f0arnir, sem voru hj\u00e1 Mar\u00edu \u00ed h\u00fasinu og huggu\u00f0u hana, s\u00e1u a\u00f0 h\u00fan gekk \u00fat \u00ed skyndi, f\u00f3ru \u00feeir eftir henni og s\u00f6g\u00f0u: h\u00fan fer \u00fat a\u00f0 gr\u00f6finni til a\u00f0 gr\u00e1ta \u00fear.<a name=\"32\"><span class=\"versanumer\">32<\/span><\/a>En er Mar\u00eda kom n\u00fa \u00feanga\u00f0, sem Jes\u00fas var og s\u00e1 hann, f\u00e9ll h\u00fan honum til f\u00f3ta og sag\u00f0i vi\u00f0 hann: Herra! hef\u00f0ir \u00fe\u00fa veri\u00f0 h\u00e9r, v\u00e6ri br\u00f3\u00f0ir minn ekki d\u00e1inn.<a name=\"33\"><span class=\"versanumer\">33<\/span><\/a>\u00deegar Jes\u00fas s\u00e1 hana n\u00fa gr\u00e1ta og \u00fe\u00e1 J\u00fa\u00f0a, sem me\u00f0 henni h\u00f6f\u00f0u komi\u00f0 l\u00edka, komst hann vi\u00f0 \u00e1kaflega og hrygg\u00f0ist og sag\u00f0i:<a name=\"34\"><span class=\"versanumer\">34<\/span><\/a>hvar hafi\u00f0 \u00fe\u00e9r lagt hann?<a name=\"35\"><span class=\"versanumer\">35<\/span><\/a>\u00deeir s\u00f6g\u00f0u til hans: Herra! kom \u00fe\u00fa og sj\u00e1! Jes\u00fas gr\u00e9t.<a name=\"36\"><span class=\"versanumer\">36<\/span><\/a>\u00de\u00e1 s\u00f6g\u00f0u J\u00fa\u00f0arnir: sj\u00e1! hv\u00f6rsu hefir hann elska\u00f0 hann!<a name=\"37\"><span class=\"versanumer\">37<\/span><\/a>En nokkrir af \u00feeim s\u00f6g\u00f0u: mundi ekki s\u00e1, sem opna\u00f0i augu hins blinda, hafa geta\u00f0 gj\u00f6rt \u00fea\u00f0, a\u00f0 \u00feessi hef\u00f0i ekki d\u00e1i\u00f0?<a name=\"38\"><span class=\"versanumer\">38<\/span><\/a>\u00de\u00e1 komst Jes\u00fas aftur innilega vi\u00f0 og kom til grafarinnar; en h\u00fan var hellir og steinn fyrir framan.<a name=\"39\"><span class=\"versanumer\">39<\/span><\/a>Jes\u00fas sag\u00f0i: taki\u00f0 steininn fr\u00e1! Marta, systir ens framli\u00f0na, segir til hans: Herra! \u00fea\u00f0 er n\u00fa \u00feegar n\u00e1lykt af honum, \u00fev\u00ed hann er fj\u00f6gra n\u00e1tta.<a name=\"40\"><span class=\"versanumer\">40<\/span><\/a>Jes\u00fas sag\u00f0i til hennar: sag\u00f0i eg \u00fe\u00e9r ekki: a\u00f0 ef \u00fe\u00fa try\u00f0ir, mundir \u00fe\u00fa sj\u00e1 Gu\u00f0s d\u00fdr\u00f0.<a name=\"41\"><span class=\"versanumer\">41<\/span><\/a>\u00deeir t\u00f3ku \u00fe\u00e1 steininn burt, en Jes\u00fas h\u00f3f upp s\u00edn augu og sag\u00f0i: Fa\u00f0ir! eg \u00feakka \u00fe\u00e9r, a\u00f0 \u00fe\u00fa hefir b\u00e6nheyrt mig.<a name=\"42\"><span class=\"versanumer\">42<\/span><\/a>Eg vissi a\u00f0 s\u00f6nnu a\u00f0 \u00fe\u00fa \u00e1vallt heyrir mig, en vegna mannfj\u00f6ldans, sem h\u00e9r er samankominn, tala\u00f0i eg, svo \u00feeir skyldu tr\u00faa \u00fev\u00ed, a\u00f0 \u00fe\u00fa hafir sent mig.<a name=\"43\"><span class=\"versanumer\">43<\/span><\/a>Og \u00feegar hann haf\u00f0i \u00feetta sagt, kalla\u00f0i hann h\u00e1rri r\u00f6ddu:<a name=\"44\"><span class=\"versanumer\">44<\/span><\/a>Lasarus! kom \u00fe\u00fa \u00fat! og s\u00e1 dau\u00f0i kom \u00fat vafinn l\u00edkbl\u00e6jum \u00e1 h\u00f6ndum og f\u00f3tum, og um andlit hans var sveitad\u00fakurinn. Jes\u00fas sag\u00f0i til \u00feeirra: leysi\u00f0 hann og l\u00e1ti\u00f0 hann fara.<a name=\"45\"><span class=\"versanumer\">45<\/span><\/a>Vegna \u00feessa tr\u00fa\u00f0u margir \u00e1 hann af Gy\u00f0ingunum, sem komnir voru til Mar\u00edu og s\u00e9\u00f0 h\u00f6f\u00f0u \u00fea\u00f0, sem Jes\u00fas gj\u00f6r\u00f0i,<a name=\"46\"><span class=\"versanumer\">46<\/span><\/a>en nokkrir af \u00feeim gengu til far\u00edseanna og s\u00f6g\u00f0u \u00feeim hva\u00f0 Jes\u00fas hef\u00f0i gj\u00f6rt. <br \/><a name=\"47\"><span class=\"versanumer\">47<\/span><\/a>\u00dev\u00ed s\u00f6fnu\u00f0u \u00feeir \u00e6\u00f0stu prestar og far\u00edsear r\u00e1\u00f0inu og s\u00f6g\u00f0u: hva\u00f0 eigum v\u00e9r a\u00f0 gj\u00f6ra? \u00fev\u00ed \u00feessi ma\u00f0ur gj\u00f6rir m\u00f6rg jarteikn.<a name=\"48\"><span class=\"versanumer\">48<\/span><\/a>Ef v\u00e9r sleppum honum svona, munu allir tr\u00faa \u00e1 hann og svo koma R\u00f3mverjar og taka vort land og borg.<a name=\"49\"><span class=\"versanumer\">49<\/span><\/a>En einn af \u00feeim, Ka\u00edfas, \u00feess \u00e1rs \u00e6\u00f0sti prestur, sag\u00f0i \u00feeim:<a name=\"50\"><span class=\"versanumer\">50<\/span><\/a>\u00fe\u00e9r viti\u00f0 ekkert og huglei\u00f0i\u00f0 ekki, a\u00f0 \u00fea\u00f0 er betra a\u00f0 einn ma\u00f0ur deyi fyrir f\u00f3lki\u00f0, svo ekki fyrirfarist \u00f6ll \u00fej\u00f3\u00f0in.<a name=\"51\"><span class=\"versanumer\">51<\/span><\/a>En \u00feetta tala\u00f0i hann ekki af sj\u00e1lfum s\u00e9r, heldur sp\u00e1\u00f0i hann, af \u00fev\u00ed hann var \u00e6\u00f0sti prestur \u00fea\u00f0 \u00e1ri\u00f0, a\u00f0 Jes\u00fas mundi deyja fyrir \u00fej\u00f3\u00f0ina, og ekki einungis fyrir \u00fej\u00f3\u00f0ina,<a name=\"52\"><span class=\"versanumer\">52<\/span><\/a>heldur og til \u00feess, a\u00f0 hann safna\u00f0i \u00ed eitt \u00feeim sundurtv\u00edstru\u00f0u b\u00f6rnum Gu\u00f0s.<a name=\"53\"><span class=\"versanumer\">53<\/span><\/a>Upp fr\u00e1 \u00feessum degi r\u00e1\u00f0gu\u00f0ust \u00feeir \u00fev\u00ed um, a\u00f0 l\u00edfl\u00e1ta hann.<a name=\"54\"><span class=\"versanumer\">54<\/span><\/a>\u00deess vegna gekk Jes\u00fas ekki framar um berlega me\u00f0al Gy\u00f0inga, heldur f\u00f3r hann \u00fea\u00f0an \u00ed \u00fea\u00f0 h\u00e9ra\u00f0, sem liggur \u00ed n\u00e1nd vi\u00f0 ey\u00f0im\u00f6rkina, til \u00feeirrar borgar, sem heitir Efraim og var \u00fear nokkurn t\u00edma me\u00f0 s\u00ednum l\u00e6risveinum.<a name=\"55\"><span class=\"versanumer\">55<\/span><\/a>En n\u00e1l\u00e6gir voru p\u00e1skar Gy\u00f0inga, og margir f\u00f3ru \u00far h\u00e9ra\u00f0inu til Jer\u00fasalem fyrir p\u00e1skana a\u00f0 hreinsa sig.<a name=\"56\"><span class=\"versanumer\">56<\/span><\/a>\u00de\u00e1 leitu\u00f0u \u00feeir a\u00f0 Jes\u00fa og s\u00f6g\u00f0u hv\u00f6r vi\u00f0 annan \u00fear, sem \u00feeir st\u00f3\u00f0u \u00ed musterinu: hva\u00f0 s\u00fdnist y\u00f0ur, a\u00f0 hann kemur ekki til h\u00e1t\u00ed\u00f0arinnar?<a name=\"57\"><span class=\"versanumer\">57<\/span><\/a>En h\u00f6fu\u00f0prestarnir og far\u00edsearnir h\u00f6f\u00f0u gefi\u00f0 \u00fea\u00f0 bo\u00f0or\u00f0: a\u00f0 ef nokkur vissi hvar hann v\u00e6ri, skyldi hann segja til, svo \u00feeir g\u00e6tu handteki\u00f0 hann.<\/p>\n<div class=\"footnoteVidey\">V. 10. Kap. 9,4.  V. 18. a. Skei\u00f0r\u00fam 625 fet, 15 skei\u00f0r\u00fam 9,375 fet.<\/div>\n","protected":false},"excerpt":{"rendered":"<p>Jes\u00fas uppvekur Lasarus; Ka\u00edfas r\u00e6\u00f0ur til a\u00f0 dey\u00f0a hann; Jes\u00fas for\u00f0ar s\u00e9r. 1Ma\u00f0ur nokkur, a\u00f0 nafni Lasarus, l\u00e1 veikur, hann var fr\u00e1 Bethan\u00edu, \u00far \u00feorpi Mar\u00edu og M\u00f6rtu systur hennar.2(En Mar\u00eda var s\u00fa, sem smur\u00f0i Drottinn me\u00f0 smyrslum og \u00feerra\u00f0i f\u00e6tur hans me\u00f0 h\u00e1rlokkum s\u00ednum).3Hennar br\u00f3\u00f0ir Lasarus var veikur. \u00de\u00e1 sendu \u00fe\u00e6r systur til hans og l\u00e9tu segja honum: Herra! s\u00e1, sem \u00fe\u00fa elskar, hann er veikur.4En er Jes\u00fas heyr\u00f0i \u00fea\u00f0, sag\u00f0i hann: \u00feessi s\u00f3tt er ekki til dau\u00f0a, heldur Gu\u00f0i til d\u00fdr\u00f0ar, svo a\u00f0 Gu\u00f0s Sonur vegsamist fyrir hana.5En Jes\u00fas elska\u00f0i M\u00f6rtu og systur hennar og Lasarus.6\u00deegar hann heyr\u00f0i <a href=\"https:\/\/biblian.is\/videy\/johannesargudspjall-11-kafli\/\"> [&#8230;]<\/a><\/p>\n","protected":false},"author":1,"featured_media":0,"parent":0,"menu_order":0,"comment_status":"open","ping_status":"open","template":"bibliukaflar.php","meta":{"footnotes":""},"class_list":["post-21857","page","type-page","status-publish","hentry"],"_links":{"self":[{"href":"https:\/\/biblian.is\/videy\/wp-json\/wp\/v2\/pages\/21857","targetHints":{"allow":["GET"]}}],"collection":[{"href":"https:\/\/biblian.is\/videy\/wp-json\/wp\/v2\/pages"}],"about":[{"href":"https:\/\/biblian.is\/videy\/wp-json\/wp\/v2\/types\/page"}],"author":[{"embeddable":true,"href":"https:\/\/biblian.is\/videy\/wp-json\/wp\/v2\/users\/1"}],"replies":[{"embeddable":true,"href":"https:\/\/biblian.is\/videy\/wp-json\/wp\/v2\/comments?post=21857"}],"version-history":[{"count":0,"href":"https:\/\/biblian.is\/videy\/wp-json\/wp\/v2\/pages\/21857\/revisions"}],"wp:attachment":[{"href":"https:\/\/biblian.is\/videy\/wp-json\/wp\/v2\/media?parent=21857"}],"curies":[{"name":"wp","href":"https:\/\/api.w.org\/{rel}","templated":true}]}}