{"id":21856,"date":"2018-01-02T01:04:30","date_gmt":"2018-01-02T01:04:30","guid":{"rendered":"http:\/\/biblian.is\/videy\/johannesargudspjall-10-kafli\/"},"modified":"2018-01-02T01:04:30","modified_gmt":"2018-01-02T01:04:30","slug":"johannesargudspjall-10-kafli","status":"publish","type":"page","link":"https:\/\/biblian.is\/videy\/johannesargudspjall-10-kafli\/","title":{"rendered":"J\u00f3hannesargu\u00f0spjall 10. kafli"},"content":{"rendered":"<div class=\"fyrirsognVidey\">Jes\u00fas kallar sig dyr \u00e1 sau\u00f0ah\u00fasi og hir\u00f0ir; \u00e1 tal vi\u00f0 Gy\u00f0inga \u00e1 v\u00edgsluh\u00e1t\u00ed\u00f0inni.<\/div>\n<p><a name=\"1\"><span class=\"versanumer\">1<\/span><\/a>Sannlega, sannlega segi eg y\u00f0ur: hver, sem ekki gengur um dyrnar inn \u00ed sau\u00f0ah\u00fasi\u00f0, heldur fer inn annars sta\u00f0ar, s\u00e1 er \u00fej\u00f3fur og r\u00e6ningi.<a name=\"2\"><span class=\"versanumer\">2<\/span><\/a>En s\u00e1, sem gengur inn um dyrnar, s\u00e1 er hir\u00f0ir sau\u00f0anna;<a name=\"3\"><span class=\"versanumer\">3<\/span><\/a>dyrav\u00f6r\u00f0urinn l\u00fdkur upp fyrir honum og sau\u00f0irnir \u00feekkja hans raust og hann kallar s\u00edna sau\u00f0i me\u00f0 nafni og fer \u00fat me\u00f0 \u00fe\u00e1.<a name=\"4\"><span class=\"versanumer\">4<\/span><\/a>Og eftir a\u00f0 hann hefir l\u00e1ti\u00f0 \u00fat s\u00edna sau\u00f0i, gengur hann fyrir \u00feeim og sau\u00f0irnir fylgja honum, af \u00fev\u00ed \u00feeir \u00feekkja hans raust; en \u00f3kunnugum fylgja \u00feeir ekki,<a name=\"5\"><span class=\"versanumer\">5<\/span><\/a>heldur hlaupa fr\u00e1 honum, af \u00fev\u00ed \u00feeir \u00feekkja ekki \u00f3kunnugra raust.<a name=\"6\"><span class=\"versanumer\">6<\/span><\/a>\u00deessa eftirl\u00edkingu sag\u00f0i Jes\u00fas til \u00feeirra, en \u00feeir skildu ekki hva\u00f0 \u00fea\u00f0 var, sem hann tala\u00f0i til \u00feeirra.<a name=\"7\"><span class=\"versanumer\">7<\/span><\/a>\u00deess vegna sag\u00f0i Jes\u00fas aftur til \u00feeirra: sannlega, sannlega segi eg y\u00f0ur: eg em dyr sau\u00f0anna.<a name=\"8\"><span class=\"versanumer\">8<\/span><\/a>Allir, sem komu \u00e1 undan m\u00e9r eru \u00fej\u00f3far og r\u00e6ningjar, en sau\u00f0irnir gegndu \u00feeim ekki.<a name=\"9\"><span class=\"versanumer\">9<\/span><\/a>Eg em dyrnar, ef nokkur gengur inn um mig, s\u00e1 mun frelsast og hann mun ganga inn og ganga \u00fat og f\u00e1 f\u00f3\u00f0ur.<a name=\"10\"><span class=\"versanumer\">10<\/span><\/a>\u00dej\u00f3furinn kemur ekki til annars en a\u00f0 stela, drepa og skemma. Eg em kominn til \u00feess, a\u00f0 \u00feeir hafi l\u00edf og n\u00e6gtir.<a name=\"11\"><span class=\"versanumer\">11<\/span><\/a>Eg em g\u00f3\u00f0i hir\u00f0irinn; s\u00e1 g\u00f3\u00f0i hir\u00f0ir gefur l\u00edf sitt \u00fat fyri sau\u00f0ina;<a name=\"12\"><span class=\"versanumer\">12<\/span><\/a>en leiguli\u00f0inn og s\u00e1, sem ekki er hir\u00f0ir og \u00e1 ekki sau\u00f0ina, hann s\u00e9r \u00falfinn koma og yfirgefur sau\u00f0ina og fl\u00fdr og \u00falfurinn gr\u00edpur \u00fe\u00e1 og tv\u00edstrar sau\u00f0unum,<a name=\"13\"><span class=\"versanumer\">13<\/span><\/a>en leiguli\u00f0inn fl\u00fdr, af \u00fev\u00ed hann er leiguli\u00f0i og hir\u00f0ir ekki um sau\u00f0ina.<a name=\"14\"><span class=\"versanumer\">14<\/span><\/a>Eg em g\u00f3\u00f0i hir\u00f0irinn, eg \u00feekki m\u00edna og m\u00ednir \u00feekkja mig, eins og eg \u00feekki F\u00f6\u00f0urinn og Fa\u00f0irinn \u00feekkir mig;<a name=\"15\"><span class=\"versanumer\">15<\/span><\/a>og eg gef \u00fat l\u00edfi\u00f0 fyrir sau\u00f0ina.<a name=\"16\"><span class=\"versanumer\">16<\/span><\/a>Eg hefi a\u00f0ra sau\u00f0i, sem ekki eru af \u00feessu sau\u00f0ah\u00fasi, \u00fe\u00e1 byrjar m\u00e9r og a\u00f0 lei\u00f0a <span class='VideyAth'>a)<\/span> og \u00feeir munu heyra m\u00edna raust og \u00fear mun ver\u00f0a ein hj\u00f6r\u00f0 og einn hir\u00f0ir.<a name=\"17\"><span class=\"versanumer\">17<\/span><\/a>\u00deess vegna elskar Fa\u00f0irinn mig a\u00f0 eg l\u00e6t mitt l\u00edf, svo a\u00f0 eg taki \u00fea\u00f0 aftur.<a name=\"18\"><span class=\"versanumer\">18<\/span><\/a>Enginn tekur \u00fea\u00f0 af m\u00e9r, heldur l\u00e6t eg \u00fea\u00f0 sj\u00e1lfviljuglega. Eg hefi vald til a\u00f0 l\u00e1ta \u00fea\u00f0 og vald til a\u00f0 taka \u00fea\u00f0 aftur. \u00deetta bo\u00f0or\u00f0 hefi eg me\u00f0teki\u00f0 af m\u00ednum F\u00f6\u00f0ur.<a name=\"19\"><span class=\"versanumer\">19<\/span><\/a>Af \u00feessum or\u00f0um var\u00f0 aftur \u00e1greiningur millum Gy\u00f0inga.<a name=\"20\"><span class=\"versanumer\">20<\/span><\/a>Margir af \u00feeim s\u00f6g\u00f0u: hann hefir dj\u00f6ful og er \u00f3\u00f0ur, hv\u00ed hl\u00fd\u00f0i\u00f0 \u00fe\u00e9r \u00e1 hann?<a name=\"21\"><span class=\"versanumer\">21<\/span><\/a>a\u00f0rir s\u00f6g\u00f0u: \u00feessi or\u00f0 eru ekki dj\u00f6ful\u00f3\u00f0s manns or\u00f0, mun dj\u00f6full geta opna\u00f0 augu blindra? <br \/><a name=\"22\"><span class=\"versanumer\">22<\/span><\/a>En musterisv\u00edgsluh\u00e1t\u00ed\u00f0in var haldin \u00ed Jer\u00fasalem og \u00fe\u00e1 var vetur.<a name=\"23\"><span class=\"versanumer\">23<\/span><\/a>Og Jes\u00fas var \u00e1 gangi \u00ed musterinu \u00ed forbyrgi Sal\u00f3mons.<a name=\"24\"><span class=\"versanumer\">24<\/span><\/a>\u00de\u00e1 flykktust Gy\u00f0ingar a\u00f0 honum og s\u00f6g\u00f0u: hversu lengi \u00e6tlar \u00fe\u00fa a\u00f0 halda s\u00e1lu vorri \u00ed efa? ef \u00fe\u00fa ert Kristur, \u00fe\u00e1 seg\u00f0\u00fa oss \u00fea\u00f0 einar\u00f0lega.<a name=\"25\"><span class=\"versanumer\">25<\/span><\/a>Jes\u00fas svara\u00f0i \u00feeim: eg hefi sagt y\u00f0ur \u00fea\u00f0, en \u00fe\u00e9r tr\u00fai\u00f0 ekki. \u00deau verk, sem eg gj\u00f6ri \u00ed m\u00edns F\u00f6\u00f0urs nafni, \u00feau vitna um mig:<a name=\"26\"><span class=\"versanumer\">26<\/span><\/a>en \u00fe\u00e9r tr\u00fai\u00f0 ekki, \u00fev\u00ed \u00fe\u00e9r eru\u00f0 ekki af m\u00ednum sau\u00f0um.<a name=\"27\"><span class=\"versanumer\">27<\/span><\/a>Eins og eg sag\u00f0a y\u00f0ur, \u00feekkja m\u00ednir sau\u00f0ir m\u00edna raust og eg \u00feekki \u00fe\u00e1 og \u00feeir fylgja m\u00e9r,<a name=\"28\"><span class=\"versanumer\">28<\/span><\/a>og eg gef \u00feeim eil\u00edft l\u00edf og \u00feeir skulu aldrei a\u00f0 eil\u00edfu t\u00fdnast, enginn skal sl\u00edta \u00fe\u00e1 \u00far minni hendi.<a name=\"29\"><span class=\"versanumer\">29<\/span><\/a>Fa\u00f0ir minn, sem hefir gefi\u00f0 m\u00e9r \u00fe\u00e1, er meiri en allir og enginn getur sliti\u00f0 \u00fe\u00e1 \u00far hendi m\u00edns F\u00f6\u00f0urs.<a name=\"30\"><span class=\"versanumer\">30<\/span><\/a>Eg og Fa\u00f0irinn erum eitt.<a name=\"31\"><span class=\"versanumer\">31<\/span><\/a>Gy\u00f0ingar t\u00f3ku \u00fe\u00e1 upp aftur steina til a\u00f0 gr\u00fdta hann.<a name=\"32\"><span class=\"versanumer\">32<\/span><\/a>Jes\u00fas sag\u00f0i vi\u00f0 \u00fe\u00e1: m\u00f6rg g\u00f3\u00f0verk s\u00fdnda eg y\u00f0ur fr\u00e1 m\u00ednum F\u00f6\u00f0ur, fyrir hvert af \u00feessum verkum gr\u00fdti\u00f0 \u00fe\u00e9r mig?<a name=\"33\"><span class=\"versanumer\">33<\/span><\/a>Gy\u00f0ingar sv\u00f6ru\u00f0u honum og s\u00f6g\u00f0u: v\u00e9r gr\u00fdtum \u00feig ekki fyrir gott verk, heldur fyrir gu\u00f0last og fyrir \u00fea\u00f0 a\u00f0 \u00fe\u00fa, sem ert ma\u00f0ur, gj\u00f6rir sj\u00e1lfan \u00feig a\u00f0 Gu\u00f0i.<a name=\"34\"><span class=\"versanumer\">34<\/span><\/a>Jes\u00fas svara\u00f0i \u00feeim: er ekki skrifa\u00f0 \u00ed y\u00f0ar l\u00f6gum <span class='VideyAth'>a)<\/span>: \u201eeg hefi sagt: \u00fe\u00e9r eru\u00f0 Gu\u00f0ir\u201c.<a name=\"35\"><span class=\"versanumer\">35<\/span><\/a>Ef <span class='VideyAth'>(Ritningin)<\/span> kallar \u00fe\u00e1 Gu\u00f0i, til hverra Gu\u00f0s or\u00f0 ske\u00f0i <span class='VideyAth'>b)<\/span> og Ritningin getur ekki raskast,<a name=\"36\"><span class=\"versanumer\">36<\/span><\/a>megi\u00f0 \u00fe\u00e9r \u00fe\u00e1 segja vi\u00f0 \u00feann, sem Fa\u00f0irinn v\u00edg\u00f0i og sendi \u00ed heiminn: \u201e\u00fe\u00fa gu\u00f0lastar\u201c af \u00fev\u00ed eg sag\u00f0i: eg em Sonur Gu\u00f0s.<a name=\"37\"><span class=\"versanumer\">37<\/span><\/a>Ef eg gj\u00f6ri ekki verk m\u00edns F\u00f6\u00f0urs, \u00fe\u00e1 tr\u00fai\u00f0 m\u00e9r ekki.<a name=\"38\"><span class=\"versanumer\">38<\/span><\/a>En ef eg gj\u00f6ri \u00feau, \u00fe\u00f3 \u00fe\u00e9r ekki vilji\u00f0 tr\u00faa m\u00e9r, \u00fe\u00e1 tr\u00fai\u00f0 samt verkunum, svo \u00fe\u00e9r \u00feekki\u00f0 og sannf\u00e6rist um, a\u00f0 Fa\u00f0irinn er \u00ed m\u00e9r og eg \u00ed F\u00f6\u00f0urnum.<a name=\"39\"><span class=\"versanumer\">39<\/span><\/a>\u00de\u00e1 leitu\u00f0ust \u00feeir vi\u00f0 aftur a\u00f0 taka hann,<a name=\"40\"><span class=\"versanumer\">40<\/span><\/a>en hann gekk \u00feeim \u00far greipum og f\u00f3r aftur yfir um J\u00f3rdan, til \u00feess sta\u00f0ar hvar J\u00f3hannes fyrst sk\u00edr\u00f0i <span class='VideyAth'>c)<\/span> og var \u00fear.<a name=\"41\"><span class=\"versanumer\">41<\/span><\/a>Og margir komu til hans og s\u00f6g\u00f0u: J\u00f3hannes gj\u00f6r\u00f0i a\u00f0 s\u00f6nnu ekkert jarteikn, en allt hva\u00f0 J\u00f3hannes sag\u00f0i um \u00feennan, er satt.<a name=\"42\"><span class=\"versanumer\">42<\/span><\/a>Og margir tr\u00fa\u00f0u \u00fear \u00e1 hann.<\/p>\n<div class=\"footnoteVidey\">V. 8. Jer. 23,2.  V. 16. a. Sj\u00e1 4 v.  V. 22. 1 Makkab. 4,59.  V. 23. 1 K\u00f3ng. 6,3.  V. 31. Kap. 8,59.  V. 34. S\u00e1lm. 82,6. 2 M\u00f3s. 22,8.9. a. Allar b\u00e6kur Gamla testamentisins k\u00f6llu\u00f0u Gy\u00f0ingar l\u00f6g s\u00edn.  V. 35. b. Gu\u00f0s or\u00f0 ske\u00f0i til sp\u00e1mannanna, \u00feegar \u00feeir fengu k\u00f6llun a\u00f0 bo\u00f0a hans vilja e\u00f0a br\u00fdna fyrir Gy\u00f0ingum bo\u00f0or\u00f0 Gu\u00f0s \u00ed hans umbo\u00f0i.  V. 39. Kap. 8,59.  V. 40. c. Kap. 1,28.<\/div>\n","protected":false},"excerpt":{"rendered":"<p>Jes\u00fas kallar sig dyr \u00e1 sau\u00f0ah\u00fasi og hir\u00f0ir; \u00e1 tal vi\u00f0 Gy\u00f0inga \u00e1 v\u00edgsluh\u00e1t\u00ed\u00f0inni. 1Sannlega, sannlega segi eg y\u00f0ur: hver, sem ekki gengur um dyrnar inn \u00ed sau\u00f0ah\u00fasi\u00f0, heldur fer inn annars sta\u00f0ar, s\u00e1 er \u00fej\u00f3fur og r\u00e6ningi.2En s\u00e1, sem gengur inn um dyrnar, s\u00e1 er hir\u00f0ir sau\u00f0anna;3dyrav\u00f6r\u00f0urinn l\u00fdkur upp fyrir honum og sau\u00f0irnir \u00feekkja hans raust og hann kallar s\u00edna sau\u00f0i me\u00f0 nafni og fer \u00fat me\u00f0 \u00fe\u00e1.4Og eftir a\u00f0 hann hefir l\u00e1ti\u00f0 \u00fat s\u00edna sau\u00f0i, gengur hann fyrir \u00feeim og sau\u00f0irnir fylgja honum, af \u00fev\u00ed \u00feeir \u00feekkja hans raust; en \u00f3kunnugum fylgja \u00feeir ekki,5heldur hlaupa fr\u00e1 honum, af <a href=\"https:\/\/biblian.is\/videy\/johannesargudspjall-10-kafli\/\"> [&#8230;]<\/a><\/p>\n","protected":false},"author":1,"featured_media":0,"parent":0,"menu_order":0,"comment_status":"open","ping_status":"open","template":"bibliukaflar.php","meta":{"footnotes":""},"class_list":["post-21856","page","type-page","status-publish","hentry"],"_links":{"self":[{"href":"https:\/\/biblian.is\/videy\/wp-json\/wp\/v2\/pages\/21856","targetHints":{"allow":["GET"]}}],"collection":[{"href":"https:\/\/biblian.is\/videy\/wp-json\/wp\/v2\/pages"}],"about":[{"href":"https:\/\/biblian.is\/videy\/wp-json\/wp\/v2\/types\/page"}],"author":[{"embeddable":true,"href":"https:\/\/biblian.is\/videy\/wp-json\/wp\/v2\/users\/1"}],"replies":[{"embeddable":true,"href":"https:\/\/biblian.is\/videy\/wp-json\/wp\/v2\/comments?post=21856"}],"version-history":[{"count":0,"href":"https:\/\/biblian.is\/videy\/wp-json\/wp\/v2\/pages\/21856\/revisions"}],"wp:attachment":[{"href":"https:\/\/biblian.is\/videy\/wp-json\/wp\/v2\/media?parent=21856"}],"curies":[{"name":"wp","href":"https:\/\/api.w.org\/{rel}","templated":true}]}}