{"id":21853,"date":"2018-01-02T01:04:30","date_gmt":"2018-01-02T01:04:30","guid":{"rendered":"http:\/\/biblian.is\/videy\/johannesargudspjall-7-kafli\/"},"modified":"2018-01-02T01:04:30","modified_gmt":"2018-01-02T01:04:30","slug":"johannesargudspjall-7-kafli","status":"publish","type":"page","link":"https:\/\/biblian.is\/videy\/johannesargudspjall-7-kafli\/","title":{"rendered":"J\u00f3hannesargu\u00f0spjall 7. kafli"},"content":{"rendered":"<div class=\"fyrirsognVidey\">\u00dej\u00f3\u00f0in d\u00e6mir \u00fdmislega um Jes\u00fam \u00e1 laufsk\u00e1lah\u00e1t\u00ed\u00f0inni; Jes\u00fas kennir \u00ed musterinu og forsvarar l\u00e6kningu \u00e1 sabbatsdegi; \u00feeim, sem \u00e1ttu a\u00f0 taka hann, fallast hendur \u00feegar \u00feeir heyra hann tala. Nik\u00f3demus forsvarar Jes\u00fam.<\/div>\n<p><a name=\"1\"><span class=\"versanumer\">1<\/span><\/a>Eftir \u00feetta fer\u00f0a\u00f0ist Jes\u00fas um Gal\u00edleu, \u00fev\u00ed hann vildi ekki vera \u00ed J\u00fadeu, af \u00fev\u00ed Gy\u00f0ingar s\u00e1tu um l\u00edf hans.<a name=\"2\"><span class=\"versanumer\">2<\/span><\/a>En h\u00e1t\u00ed\u00f0 Gy\u00f0inga, sem kallast laufsk\u00e1lah\u00e1t\u00ed\u00f0, var \u00ed n\u00e1nd.<a name=\"3\"><span class=\"versanumer\">3<\/span><\/a>\u00de\u00e1 s\u00f6g\u00f0u br\u00e6\u00f0ur hans til hans: far \u00fe\u00fa n\u00fa h\u00e9\u00f0an til J\u00fadeu, svo a\u00f0 \u00fe\u00ednir l\u00e6risveinar, sem \u00fear eru, sj\u00e1i \u00feau verk, sem \u00fe\u00fa gj\u00f6rir;<a name=\"4\"><span class=\"versanumer\">4<\/span><\/a>\u00fev\u00ed enginn s\u00e1 gj\u00f6rir nokku\u00f0 leynilega, sem vill ver\u00f0a v\u00ed\u00f0fr\u00e6gur; s\u00e9 \u00fea\u00f0 \u00fe\u00edn \u00e6tlan, \u00fe\u00e1 s\u00fdndu \u00feig sj\u00e1lfan heiminum;<a name=\"5\"><span class=\"versanumer\">5<\/span><\/a>\u00fev\u00ed hans br\u00e6\u00f0ur tr\u00fa\u00f0u ekki heldur \u00e1 hann.<a name=\"6\"><span class=\"versanumer\">6<\/span><\/a>\u00de\u00e1 sag\u00f0i Jes\u00fas til \u00feeirra: minn t\u00edmi er enn ekki kominn, en y\u00f0ar t\u00edmi er jafnan.<a name=\"7\"><span class=\"versanumer\">7<\/span><\/a>Heimurinn hefir ekki ors\u00f6k til a\u00f0 hata y\u00f0ur, en mig hatar hann af \u00fev\u00ed eg vitna um hann, a\u00f0 hans verk s\u00e9u vond.<a name=\"8\"><span class=\"versanumer\">8<\/span><\/a>Fari\u00f0 \u00fe\u00e9r og s\u00e6ki\u00f0 \u00feessa h\u00e1t\u00ed\u00f0, \u00fev\u00ed minn t\u00edmi er ekki enn \u00fe\u00e1 kominn.<a name=\"9\"><span class=\"versanumer\">9<\/span><\/a>\u00deetta tala\u00f0i hann vi\u00f0 \u00fe\u00e1 og var kyrr \u00ed Gal\u00edleu.<a name=\"10\"><span class=\"versanumer\">10<\/span><\/a>En er br\u00e6\u00f0ur hans voru farnir, \u00fe\u00e1 f\u00f3r hann og sj\u00e1lfur til h\u00e1t\u00ed\u00f0arinnar, ekki opinberlega, heldur leynilega.<a name=\"11\"><span class=\"versanumer\">11<\/span><\/a>\u00dear fyrir leitu\u00f0u Gy\u00f0ingar hans \u00e1 h\u00e1t\u00ed\u00f0inni og s\u00f6g\u00f0u: hvar er hann?<a name=\"12\"><span class=\"versanumer\">12<\/span><\/a>Og kurr var mikill um hann me\u00f0al f\u00f3lksins; nokkrir s\u00f6g\u00f0u: hann er g\u00f3\u00f0ur ma\u00f0ur; a\u00f0rir s\u00f6g\u00f0u: nei! heldur t\u00e6lir hann f\u00f3lki\u00f0.<a name=\"13\"><span class=\"versanumer\">13<\/span><\/a>\u00de\u00f3 tala\u00f0i enginn berlega um hann af \u00f3tta fyrir Gy\u00f0ingum.<br \/><a name=\"14\"><span class=\"versanumer\">14<\/span><\/a>En er h\u00e1t\u00ed\u00f0in var h\u00e1lfnu\u00f0, gekk Jes\u00fas \u00ed musteri\u00f0 og kenndi.<a name=\"15\"><span class=\"versanumer\">15<\/span><\/a>Gy\u00f0inga fur\u00f0a\u00f0i \u00fea\u00f0 og \u00feeir s\u00f6g\u00f0u: hv\u00f6rnig veit \u00feessi Ritningarnar, hann, sem ekki hefir l\u00e6rt?<a name=\"16\"><span class=\"versanumer\">16<\/span><\/a>Jes\u00fas svara\u00f0i \u00feeim og sag\u00f0i: minn l\u00e6rd\u00f3mur er ekki minn, heldur \u00feess, sem mig sendi.<a name=\"17\"><span class=\"versanumer\">17<\/span><\/a>Ef s\u00e1 er nokkur, sem vill gj\u00f6ra hans vilja, hann mun komast a\u00f0 raun um, hva\u00f0 l\u00e6rd\u00f3minn \u00e1hr\u00e6rir, hv\u00f6rt hann er af Gu\u00f0i e\u00f0ur eg tala af sj\u00e1lfum m\u00e9r <span class='VideyAth'>a)<\/span>.<a name=\"18\"><span class=\"versanumer\">18<\/span><\/a>Hv\u00f6r, sem talar af sj\u00e1lfum s\u00e9r, s\u00e1 leitar eigin lofd\u00fdr\u00f0ar, en s\u00e1, sem leitar \u00feeim hei\u00f0urs, sem sendi hann, s\u00e1 er sannor\u00f0ur og prettalaus.<a name=\"19\"><span class=\"versanumer\">19<\/span><\/a>Gaf M\u00f3ses y\u00f0ur ekki l\u00f6gin? og enginn y\u00f0ar heldur \u00fe\u00f3 l\u00f6gin. Hv\u00ed leitist \u00fe\u00e9r vi\u00f0 a\u00f0 l\u00edfl\u00e1ta mig?<a name=\"20\"><span class=\"versanumer\">20<\/span><\/a>M\u00fagurinn ansa\u00f0i og sag\u00f0i: \u00fe\u00fa ert vitlaus! hv\u00f6r leitast vi\u00f0 a\u00f0 l\u00edfl\u00e1ta \u00feig?<a name=\"21\"><span class=\"versanumer\">21<\/span><\/a>Jes\u00fas svara\u00f0i og sag\u00f0i \u00feeim: eitt verk gj\u00f6r\u00f0a eg og y\u00f0ur alla fur\u00f0ar \u00e1 \u00fev\u00ed.<a name=\"22\"><span class=\"versanumer\">22<\/span><\/a>M\u00f3ses gaf y\u00f0ur umskurnina\u2014\u00fe\u00f3 er h\u00fan ekki fr\u00e1 M\u00f3si, heldur fr\u00e1 fe\u00f0runum\u2014og \u00fe\u00e9r umskeri\u00f0 manninn \u00e1 sabbatsdegi.<a name=\"23\"><span class=\"versanumer\">23<\/span><\/a>Ef a\u00f0 ma\u00f0urinn me\u00f0tekur umskurnina \u00e1 sabbatsdegi, \u00e1n \u00feess M\u00f3sisl\u00f6g ver\u00f0i yfirtro\u00f0in <span class='VideyAth'>b)<\/span>, hv\u00ed rei\u00f0ist \u00fe\u00e9r \u00fe\u00e1 m\u00e9r fyri \u00fea\u00f0, a\u00f0 eg gj\u00f6r\u00f0i allan manninn heilan \u00e1 sabbatsdegi?<a name=\"24\"><span class=\"versanumer\">24<\/span><\/a>D\u00e6mi\u00f0 ekki eftir \u00e1s\u00fdndum heldur d\u00e6mi\u00f0 r\u00e9ttan d\u00f3m.<a name=\"25\"><span class=\"versanumer\">25<\/span><\/a>\u00de\u00e1 s\u00f6g\u00f0u nokkrir af Jer\u00fasalemsm\u00f6nnum: er \u00feessi ekki s\u00e1, sem \u00feeir leitast vi\u00f0 a\u00f0 l\u00edfl\u00e1ta?<a name=\"26\"><span class=\"versanumer\">26<\/span><\/a>og sj\u00e1! hann talar einar\u00f0lega og \u00feeir segja ekkert vi\u00f0 hann. M\u00e1ske h\u00f6f\u00f0ingjarnir me\u00f0 sanni hafi fengi\u00f0 a\u00f0 vita a\u00f0 \u00feessi s\u00e9 Kristur.<a name=\"27\"><span class=\"versanumer\">27<\/span><\/a>V\u00e9r vitum \u00fe\u00f3 hva\u00f0an hann er, en \u00feegar Kristur kemur, veit enginn hva\u00f0an hann er.<a name=\"28\"><span class=\"versanumer\">28<\/span><\/a>\u00de\u00e1 kalla\u00f0i Jes\u00fas \u00fear, sem hann kenndi \u00ed musterinu og sag\u00f0i: \u00fe\u00e9r \u00feekki\u00f0 mig og viti\u00f0 hva\u00f0an eg em. Af sj\u00e1lfum m\u00e9r em eg ekki kominn, heldur sendi mig hinn sanni <span class='VideyAth'>(Gu\u00f0)<\/span>, hv\u00f6rn \u00fe\u00e9r \u00feekki\u00f0 ekki.<a name=\"29\"><span class=\"versanumer\">29<\/span><\/a>Eg \u00feekki hann, \u00fev\u00ed eg er fr\u00e1 honum og hann sendi mig.<a name=\"30\"><span class=\"versanumer\">30<\/span><\/a>Vegna \u00feessa leitu\u00f0ust \u00feeir vi\u00f0 a\u00f0 gr\u00edpa hann, \u00fe\u00f3 lag\u00f0i enginn \u00e1 hann h\u00f6nd, \u00fev\u00ed hans t\u00edmi var enn ekki kominn.<a name=\"31\"><span class=\"versanumer\">31<\/span><\/a>En margir af f\u00f3lkinu tr\u00fa\u00f0u \u00e1 hann og s\u00f6g\u00f0u: \u00feegar Kristur kemur, mun hann \u00fe\u00e1 gj\u00f6ra fleiri jarteikn enn \u00feessi hefir gj\u00f6rt?<br \/><a name=\"32\"><span class=\"versanumer\">32<\/span><\/a>\u00deegar far\u00edsearnir heyr\u00f0u a\u00f0 f\u00f3lki\u00f0 var \u00feannig a\u00f0 \u00fer\u00e6tast \u00e1 um hann, \u00fe\u00e1 sendu \u00feeir og \u00e6\u00f0stu prestarnir \u00fe\u00e9nara til a\u00f0 handtaka hann.<a name=\"33\"><span class=\"versanumer\">33<\/span><\/a>\u00dear fyrir sag\u00f0i Jes\u00fas til \u00feeirra: enn \u00fe\u00e1 er eg hj\u00e1 y\u00f0ur l\u00edtinn t\u00edma og fer svo til hans, er mig sendi.<a name=\"34\"><span class=\"versanumer\">34<\/span><\/a>\u00de\u00e9r munu\u00f0 leita m\u00edn og \u00fe\u00e9r munu\u00f0 ekki finna mig og \u00fe\u00e9r geti\u00f0 ekki komist \u00feanga\u00f0, sem eg er.<a name=\"35\"><span class=\"versanumer\">35<\/span><\/a>\u00de\u00e1 s\u00f6g\u00f0u Gy\u00f0ingar hv\u00f6r vi\u00f0 annan: hv\u00f6rt mun \u00feessi \u00e6tla a\u00f0 fara, a\u00f0 v\u00e9r ekki finnum hann? mun hann \u00e6tla til \u00feeirra, sem eru \u00fatdreif\u00f0ir me\u00f0al Grikkja og kenna Grikkjum <span class='VideyAth'>a)<\/span>?<a name=\"36\"><span class=\"versanumer\">36<\/span><\/a>hva\u00f0a tal er \u00feetta, sem hann segir? \u00fe\u00e9r munu\u00f0 leita m\u00edn og ekki finna: og \u00fe\u00e9r munu\u00f0 ekki geta komist \u00feanga\u00f0, sem eg er.<a name=\"37\"><span class=\"versanumer\">37<\/span><\/a>En \u00e1 hinum s\u00ed\u00f0asta, \u00feeim mikla degi h\u00e1t\u00ed\u00f0arinnar, gekk Jes\u00fas fram og kalla\u00f0i segjandi: ef nokkurn \u00feyrstir \u00fe\u00e1 komi s\u00e1 til m\u00edn og drekki.<a name=\"38\"><span class=\"versanumer\">38<\/span><\/a>S\u00e1, sem tr\u00fair \u00e1 mig, af hans kvi\u00f0i munu, eins og Ritningin segir, l\u00e6kir lifanda vatns flj\u00f3ta.<a name=\"39\"><span class=\"versanumer\">39<\/span><\/a>En \u00feetta sag\u00f0i hann um \u00feann anda, er \u00feeir mundu me\u00f0taka, sem \u00e1 hann tr\u00faa, \u00fev\u00ed enn \u00fe\u00e1 var heilagur Andi ekki, af \u00fev\u00ed Jes\u00fas var ekki enn \u00fe\u00e1 vegsamlegur or\u00f0inn.<a name=\"40\"><span class=\"versanumer\">40<\/span><\/a>\u00de\u00e1 s\u00f6g\u00f0u margir af f\u00f3lkinu, sem heyr\u00f0u \u00feessa r\u00e6\u00f0u: \u00feessi er sannarlega sp\u00e1ma\u00f0urinn.<a name=\"41\"><span class=\"versanumer\">41<\/span><\/a>A\u00f0rir s\u00f6g\u00f0u: \u00feessi er Kristur; en nokkrir s\u00f6g\u00f0u: mun Kristur \u00fe\u00e1 koma fr\u00e1 Gal\u00edleu?<a name=\"42\"><span class=\"versanumer\">42<\/span><\/a>Segir ekki Ritningin: a\u00f0 af Dav\u00ed\u00f0s s\u00e6\u00f0i og fr\u00e1 Betlehem, \u00feeirri borg hvar Dav\u00ed\u00f0 var, muni Kristur koma?<a name=\"43\"><span class=\"versanumer\">43<\/span><\/a>\u00deannig var\u00f0 \u00e1greiningur um hann me\u00f0al f\u00f3lksins.<a name=\"44\"><span class=\"versanumer\">44<\/span><\/a>En nokkrir af \u00feeim vildu gr\u00edpa hann og \u00fe\u00f3 lag\u00f0i enginn \u00e1 hann hendur.<a name=\"45\"><span class=\"versanumer\">45<\/span><\/a>\u00de\u00e1 komu \u00fe\u00e9nararnir til prestah\u00f6f\u00f0ingjanna og far\u00edseanna og \u00feessir s\u00f6g\u00f0u vi\u00f0 \u00fe\u00e1: \u00fev\u00ed komu\u00f0 \u00fe\u00e9r ekki me\u00f0 hann?<a name=\"46\"><span class=\"versanumer\">46<\/span><\/a>\u00de\u00e9nararnir sv\u00f6ru\u00f0u: aldrei hefir nokkur ma\u00f0ur tala\u00f0, sem \u00feessi ma\u00f0ur.<a name=\"47\"><span class=\"versanumer\">47<\/span><\/a>\u00de\u00e1 \u00f6nsu\u00f0u farisearnir: eru\u00f0 \u00fe\u00e9r einnig afvegaleiddir?<a name=\"48\"><span class=\"versanumer\">48<\/span><\/a>tr\u00fair nokkur af h\u00f6f\u00f0ingjunum \u00e1 hann e\u00f0ur af far\u00edseum?<a name=\"49\"><span class=\"versanumer\">49<\/span><\/a>en \u00feessi m\u00fagur, sem ekki \u00feekkir l\u00f6gin, er bannsetjandi.<a name=\"50\"><span class=\"versanumer\">50<\/span><\/a>Nik\u00f3demus s\u00e1, sem kom til hans um n\u00f3tt og var einn af \u00feeim, segir:<a name=\"51\"><span class=\"versanumer\">51<\/span><\/a>munu l\u00f6g vor d\u00e6ma manninn, nema hann s\u00e9 \u00e1\u00f0ur yfirheyr\u00f0ur og rannsaka\u00f0 \u00fea\u00f0, sem hann gj\u00f6rir?<a name=\"52\"><span class=\"versanumer\">52<\/span><\/a>\u00deeir sv\u00f6ru\u00f0u og s\u00f6g\u00f0u honum: ert \u00fe\u00fa l\u00edka fr\u00e1 Gal\u00edleu? rannsaka\u00f0\u00fa og sj\u00e1\u00f0\u00fa, a\u00f0 sp\u00e1ma\u00f0ur hefir aldrei komi\u00f0 \u00ed lj\u00f3s \u00far Gal\u00edleu.<a name=\"53\"><span class=\"versanumer\">53<\/span><\/a>Og hv\u00f6r f\u00f3r heim til s\u00edn.<\/p>\n<div class=\"footnoteVidey\">V. 2. 3 M\u00f3s. 23,34.  V. 15. Matt. 13,54 og fl.  V. 17. a. Kenni eftir eigin hug\u00fe\u00f3tta.  V. 22. 1 M\u00f3s. 17,10. 3 M\u00f3s. 12,3.  V. 23. b. Nefnil. \u00feau l\u00f6g, a\u00f0 \u00e1 8da degi skyldi hv\u00f6r einn umskerast. \u00dear af flaut, a\u00f0 sum b\u00f6rn var\u00f0 a\u00f0 umskera \u00e1 laugardegi, sem var Gy\u00f0ingum helgur dagur.  V. 24. 5 M\u00f3s. 1,16.17.  V. 35. a. Grikkir k\u00f6llu\u00f0ust og \u00feeir Gy\u00f0ingar, sem bjuggu fyrir utan Gy\u00f0ingaland, og me\u00f0al Grikkja t\u00f6lu\u00f0u gr\u00edska tungu.  V. 37. Es. 48,11.12. Sakk. 14,8.  V. 38. Kap. 4,14.  V. 39. Kap. 16,7. 17,5.  V. 39. Helgur Andi var ei enn \u00fe\u00e1 farinn a\u00f0 au\u00f0s\u00fdna sig kr\u00f6ftugan \u00ed kristninni.  V. 40. Kap. 6,14.  V. 42. L\u00fak. 2,4.<\/div>\n","protected":false},"excerpt":{"rendered":"<p>\u00dej\u00f3\u00f0in d\u00e6mir \u00fdmislega um Jes\u00fam \u00e1 laufsk\u00e1lah\u00e1t\u00ed\u00f0inni; Jes\u00fas kennir \u00ed musterinu og forsvarar l\u00e6kningu \u00e1 sabbatsdegi; \u00feeim, sem \u00e1ttu a\u00f0 taka hann, fallast hendur \u00feegar \u00feeir heyra hann tala. Nik\u00f3demus forsvarar Jes\u00fam. 1Eftir \u00feetta fer\u00f0a\u00f0ist Jes\u00fas um Gal\u00edleu, \u00fev\u00ed hann vildi ekki vera \u00ed J\u00fadeu, af \u00fev\u00ed Gy\u00f0ingar s\u00e1tu um l\u00edf hans.2En h\u00e1t\u00ed\u00f0 Gy\u00f0inga, sem kallast laufsk\u00e1lah\u00e1t\u00ed\u00f0, var \u00ed n\u00e1nd.3\u00de\u00e1 s\u00f6g\u00f0u br\u00e6\u00f0ur hans til hans: far \u00fe\u00fa n\u00fa h\u00e9\u00f0an til J\u00fadeu, svo a\u00f0 \u00fe\u00ednir l\u00e6risveinar, sem \u00fear eru, sj\u00e1i \u00feau verk, sem \u00fe\u00fa gj\u00f6rir;4\u00fev\u00ed enginn s\u00e1 gj\u00f6rir nokku\u00f0 leynilega, sem vill ver\u00f0a v\u00ed\u00f0fr\u00e6gur; s\u00e9 \u00fea\u00f0 \u00fe\u00edn \u00e6tlan, \u00fe\u00e1 s\u00fdndu \u00feig <a href=\"https:\/\/biblian.is\/videy\/johannesargudspjall-7-kafli\/\"> [&#8230;]<\/a><\/p>\n","protected":false},"author":1,"featured_media":0,"parent":0,"menu_order":0,"comment_status":"open","ping_status":"open","template":"bibliukaflar.php","meta":{"footnotes":""},"class_list":["post-21853","page","type-page","status-publish","hentry"],"_links":{"self":[{"href":"https:\/\/biblian.is\/videy\/wp-json\/wp\/v2\/pages\/21853","targetHints":{"allow":["GET"]}}],"collection":[{"href":"https:\/\/biblian.is\/videy\/wp-json\/wp\/v2\/pages"}],"about":[{"href":"https:\/\/biblian.is\/videy\/wp-json\/wp\/v2\/types\/page"}],"author":[{"embeddable":true,"href":"https:\/\/biblian.is\/videy\/wp-json\/wp\/v2\/users\/1"}],"replies":[{"embeddable":true,"href":"https:\/\/biblian.is\/videy\/wp-json\/wp\/v2\/comments?post=21853"}],"version-history":[{"count":0,"href":"https:\/\/biblian.is\/videy\/wp-json\/wp\/v2\/pages\/21853\/revisions"}],"wp:attachment":[{"href":"https:\/\/biblian.is\/videy\/wp-json\/wp\/v2\/media?parent=21853"}],"curies":[{"name":"wp","href":"https:\/\/api.w.org\/{rel}","templated":true}]}}