{"id":21849,"date":"2018-01-02T01:04:22","date_gmt":"2018-01-02T01:04:22","guid":{"rendered":"http:\/\/biblian.is\/videy\/johannesargudspjall-3-kafli\/"},"modified":"2018-01-02T01:04:22","modified_gmt":"2018-01-02T01:04:22","slug":"johannesargudspjall-3-kafli","status":"publish","type":"page","link":"https:\/\/biblian.is\/videy\/johannesargudspjall-3-kafli\/","title":{"rendered":"J\u00f3hannesargu\u00f0spjall 3. kafli"},"content":{"rendered":"<div class=\"fyrirsognVidey\">Samtal vi\u00f0 Nik\u00f3demus um endurf\u00e6\u00f0ingu, tr\u00fa og g\u00f3\u00f0verk. Jes\u00fas sk\u00edrir og J\u00f3hannes. \u00deessi vitnar enn um Jes\u00fam.<\/div>\n<p><a name=\"1\"><span class=\"versanumer\">1<\/span><\/a>En \u00fear var ma\u00f0ur nokkur af flokki far\u00edseanna, er h\u00e9t Nik\u00f3demus, einn af h\u00f6f\u00f0ingjum Gy\u00f0inga.<a name=\"2\"><span class=\"versanumer\">2<\/span><\/a>Hann kom til Jes\u00fa um n\u00f3tt og sag\u00f0i til hans: Meistari! v\u00e9r vitum a\u00f0 \u00fe\u00fa ert l\u00e6rifa\u00f0ir kominn fr\u00e1 Gu\u00f0i, \u00fev\u00ed enginn getur gj\u00f6rt \u00feau jarteikn, sem \u00fe\u00fa gj\u00f6rir, nema Gu\u00f0 s\u00e9 me\u00f0 honum.<a name=\"3\"><span class=\"versanumer\">3<\/span><\/a>Jes\u00fas svara\u00f0i og sag\u00f0i til hans: sannlega, sannlega segi eg \u00fe\u00e9r: ma\u00f0urinn getur ekki noti\u00f0 Gu\u00f0s r\u00edkis nema hann endurf\u00e6\u00f0ist.<a name=\"4\"><span class=\"versanumer\">4<\/span><\/a>Nik\u00f3demus segir til hans: hv\u00f6rnig getur ma\u00f0urinn f\u00e6\u00f0st \u00fe\u00e1 hann er or\u00f0inn gamall? getur hann aftur komist \u00ed kvi\u00f0 m\u00f3\u00f0ur sinnar og f\u00e6\u00f0st?<a name=\"5\"><span class=\"versanumer\">5<\/span><\/a>Jes\u00fas svara\u00f0i: sannlega, sannlega segi eg \u00fe\u00e9r: ef ma\u00f0urinn f\u00e6\u00f0ist ekki af vatni <span class='VideyAth'>a)<\/span> og anda, getur hann ekki fengi\u00f0 inng\u00f6ngu \u00ed Gu\u00f0s r\u00edki.<a name=\"6\"><span class=\"versanumer\">6<\/span><\/a>\u00dea\u00f0, sem af holdi er f\u00e6tt, \u00fea\u00f0 er hold, og hva\u00f0, sem af andanum er f\u00e6tt, er andi.<a name=\"7\"><span class=\"versanumer\">7<\/span><\/a>Undrast \u00fe\u00fa ekki a\u00f0 eg sag\u00f0a \u00fe\u00e9r: y\u00f0ur byrjar a\u00f0 endurf\u00e6\u00f0ast.<a name=\"8\"><span class=\"versanumer\">8<\/span><\/a>Vindurinn bl\u00e6s hvar sem hann vill og \u00fe\u00fa heyrir hans \u00feyt, en ekki veist\u00fa hva\u00f0an hann kemur e\u00f0ur hv\u00f6rt hann fer; eins er \u00fev\u00ed vari\u00f0 me\u00f0 hv\u00f6rn, sem af andanum er f\u00e6ddur.<a name=\"9\"><span class=\"versanumer\">9<\/span><\/a>Nik\u00f3demus svara\u00f0i og sag\u00f0i til hans: hv\u00f6rnig m\u00e1 \u00feetta ske?<a name=\"10\"><span class=\"versanumer\">10<\/span><\/a>Jes\u00fas svara\u00f0i og sag\u00f0i til hans: ert\u00fa l\u00e6rimeistari Gy\u00f0inga og veist ekki \u00feetta?<a name=\"11\"><span class=\"versanumer\">11<\/span><\/a>sannlega, sannlega segi eg \u00fe\u00e9r: v\u00e9r t\u00f6lum \u00fea\u00f0 v\u00e9r vitum og vitnum \u00fea\u00f0 v\u00e9r s\u00e9\u00f0 h\u00f6fum og vorn vitnisbur\u00f0 me\u00f0taki\u00f0 \u00fe\u00e9r ekki.<a name=\"12\"><span class=\"versanumer\">12<\/span><\/a>Ef a\u00f0 \u00fe\u00e9r tr\u00fai\u00f0 m\u00e9r ekki \u00feegar eg segi y\u00f0ur jar\u00f0neska hluti, hv\u00f6rnig munu\u00f0 \u00fe\u00e9r \u00fe\u00e1 tr\u00faa, ef eg segi y\u00f0ur himneska hluti?<a name=\"13\"><span class=\"versanumer\">13<\/span><\/a>Enginn hefir stigi\u00f0 til himins nema s\u00e1, sem ni\u00f0urst\u00e9 af himni, Mannsins Sonur, sem er \u00e1 himni.<a name=\"14\"><span class=\"versanumer\">14<\/span><\/a>Og eins og M\u00f3ses upph\u00f3f h\u00f6ggorminn \u00e1 ey\u00f0im\u00f6rkinni, svo \u00e1 Mannsins Sonur a\u00f0 ver\u00f0a upphafinn,<a name=\"15\"><span class=\"versanumer\">15<\/span><\/a>til \u00feess a\u00f0 hv\u00f6r, sem \u00e1 hann tr\u00fair ekki tapist, heldur hafi eil\u00edft l\u00edf.<a name=\"16\"><span class=\"versanumer\">16<\/span><\/a>\u00dev\u00ed svo elska\u00f0i Gu\u00f0 heiminn, a\u00f0 hann gaf sinn eingetinn Son til \u00feess, a\u00f0 hv\u00f6r, sem \u00e1 hann tr\u00fair ekki tapist, heldur hafi eil\u00edft l\u00edf.<a name=\"17\"><span class=\"versanumer\">17<\/span><\/a>\u00dev\u00ed ekki sendi Gu\u00f0 sinn Son \u00ed heiminn til a\u00f0 d\u00e6ma heiminn, heldur til \u00feess a\u00f0 heimurinn frelsa\u00f0ist fyrir hann.<a name=\"18\"><span class=\"versanumer\">18<\/span><\/a>Hv\u00f6r \u00e1 hann tr\u00fair d\u00e6mist ekki, en hv\u00f6r hann tr\u00fair eigi, s\u00e1 er n\u00fa \u00feegar d\u00e6mdur, \u00fev\u00ed hann tr\u00fa\u00f0i ekki \u00e1 nafn Gu\u00f0s eingetins Sonar.<a name=\"19\"><span class=\"versanumer\">19<\/span><\/a>En \u00feessi er d\u00f3murinn: lj\u00f3si\u00f0 kom \u00ed heiminn og mennirnir elsku\u00f0u myrkri\u00f0 meir en lj\u00f3si\u00f0, \u00fev\u00ed \u00feeirra verk voru vond.<a name=\"20\"><span class=\"versanumer\">20<\/span><\/a>Hv\u00f6r, sem illt a\u00f0hefst, hatar lj\u00f3si\u00f0 og kemur ekki til lj\u00f3ssins, svo verk hans ver\u00f0i ekki uppv\u00eds.<a name=\"21\"><span class=\"versanumer\">21<\/span><\/a>En s\u00e1, sem sannleikanum hl\u00fd\u00f0ir, hann kemur til lj\u00f3ssins, svo verk hans ver\u00f0i opinber, \u00fev\u00ed \u00feau eru gj\u00f6r\u00f0 a\u00f0 Gu\u00f0s vilja. <br \/><a name=\"22\"><span class=\"versanumer\">22<\/span><\/a>Eftir \u00feetta kom Jes\u00fas og hans l\u00e6risveinar til J\u00fadeu;<a name=\"23\"><span class=\"versanumer\">23<\/span><\/a>\u00fear var hann me\u00f0 \u00feeim og sk\u00edr\u00f0i; en J\u00f3hannes sk\u00edr\u00f0i \u00ed Ainon n\u00e1l\u00e6gt Salem, \u00fev\u00ed \u00fear var vatn miki\u00f0. \u00deanga\u00f0 komu menn og l\u00e9tu sig sk\u00edra;<a name=\"24\"><span class=\"versanumer\">24<\/span><\/a>\u00fev\u00ed ekki var enn b\u00fai\u00f0 a\u00f0 kasta J\u00f3hannesi \u00ed myrkvastofu.<a name=\"25\"><span class=\"versanumer\">25<\/span><\/a>\u00de\u00e1 var\u00f0 \u00fer\u00e6ta milli J\u00f3hannesar l\u00e6risveina og Gy\u00f0ings nokkurs um hreinsunina.<a name=\"26\"><span class=\"versanumer\">26<\/span><\/a>Og \u00feeir komu til J\u00f3hannesar og s\u00f6g\u00f0u: Meistari! s\u00e1, sem var me\u00f0 \u00fe\u00e9r hinumegin J\u00f3rdanar, hverjum \u00fe\u00fa gafst vitnisbur\u00f0inn, sj\u00e1 \u00fe\u00fa! \u00feessi sk\u00edrir og allir koma til hans.<a name=\"27\"><span class=\"versanumer\">27<\/span><\/a>J\u00f3hannes svara\u00f0i: ma\u00f0urinn getur ekkert teki\u00f0, nema honum s\u00e9 gefi\u00f0 \u00fea\u00f0 af himni.<a name=\"28\"><span class=\"versanumer\">28<\/span><\/a>\u00de\u00e9r eru\u00f0 m\u00ednir vottar a\u00f0 eg sag\u00f0i: ekki em eg Kristur, en eg er sendur \u00e1 undan honum.<a name=\"29\"><span class=\"versanumer\">29<\/span><\/a>S\u00e1, sem br\u00fa\u00f0urina hefur, hann er br\u00fa\u00f0gumi, en br\u00fa\u00f0gumans vinur, sem stendur hj\u00e1 honum og heyrir hann, gle\u00f0st mj\u00f6g vi\u00f0 r\u00f6dd br\u00fa\u00f0gumans. \u00deessi m\u00edn gle\u00f0i er n\u00fa fullkomnu\u00f0.<a name=\"30\"><span class=\"versanumer\">30<\/span><\/a>Hann \u00e1 a\u00f0 vaxa en eg a\u00f0 minnka.<a name=\"31\"><span class=\"versanumer\">31<\/span><\/a>S\u00e1, sem er af j\u00f6r\u00f0u, hann er af j\u00f6r\u00f0u og talar af j\u00f6r\u00f0u. S\u00e1, sem kom af himni, er yfir \u00f6llum;<a name=\"32\"><span class=\"versanumer\">32<\/span><\/a>og \u00fea\u00f0, sem hann hefir heyrt og s\u00e9\u00f0, \u00fea\u00f0 vitnar hann og enginn me\u00f0tekur hans vitnisbur\u00f0.<a name=\"33\"><span class=\"versanumer\">33<\/span><\/a>En s\u00e1, sem me\u00f0tekur hans vitnisbur\u00f0, s\u00e1 kannast vi\u00f0 a\u00f0 Gu\u00f0 hafi efnt s\u00edn fyrirheit.<a name=\"34\"><span class=\"versanumer\">34<\/span><\/a>S\u00e1, sem Gu\u00f0 sendi, talar Gu\u00f0s or\u00f0, \u00fev\u00ed ekki gefur Gu\u00f0 andann af skornum skammti.<a name=\"35\"><span class=\"versanumer\">35<\/span><\/a>Fa\u00f0irinn elskar Soninn og hefir gefi\u00f0 alla hluti \u00ed hans h\u00f6nd.<a name=\"36\"><span class=\"versanumer\">36<\/span><\/a>Hverr, sem tr\u00fair \u00e1 Soninn, s\u00e1 hefir eil\u00edft l\u00edf, en hver, sem ekki hl\u00fd\u00f0nast Syninum, skal ekki sj\u00e1 l\u00edfi\u00f0, heldur varir Gu\u00f0s rei\u00f0i yfir honum.<\/p>\n<div class=\"footnoteVidey\">V. 5. a. Hreinsist af illu og l\u00edfgist til g\u00f3\u00f0s.  V. 6. R\u00f3m. 8,13.14. Eph. 2,3.  V. 12. Spek. b. 9,16.  V. 13. Kap. 6,62.  V. 14. 4 M\u00f3s. 21,8.9.  V. 23. Matt. 3,6. Mark. 1,5.  V. 24. Matt. 14,3.  V. 26. Matt. 3,15. 1,17.34.  V. 27. Kap. 19,11. Jak. 1,17.  V. 31. Kap. 8,23.  V. 33. 1 J\u00f3h. 5,10.  V. 36. v. 18.<\/div>\n","protected":false},"excerpt":{"rendered":"<p>Samtal vi\u00f0 Nik\u00f3demus um endurf\u00e6\u00f0ingu, tr\u00fa og g\u00f3\u00f0verk. Jes\u00fas sk\u00edrir og J\u00f3hannes. \u00deessi vitnar enn um Jes\u00fam. 1En \u00fear var ma\u00f0ur nokkur af flokki far\u00edseanna, er h\u00e9t Nik\u00f3demus, einn af h\u00f6f\u00f0ingjum Gy\u00f0inga.2Hann kom til Jes\u00fa um n\u00f3tt og sag\u00f0i til hans: Meistari! v\u00e9r vitum a\u00f0 \u00fe\u00fa ert l\u00e6rifa\u00f0ir kominn fr\u00e1 Gu\u00f0i, \u00fev\u00ed enginn getur gj\u00f6rt \u00feau jarteikn, sem \u00fe\u00fa gj\u00f6rir, nema Gu\u00f0 s\u00e9 me\u00f0 honum.3Jes\u00fas svara\u00f0i og sag\u00f0i til hans: sannlega, sannlega segi eg \u00fe\u00e9r: ma\u00f0urinn getur ekki noti\u00f0 Gu\u00f0s r\u00edkis nema hann endurf\u00e6\u00f0ist.4Nik\u00f3demus segir til hans: hv\u00f6rnig getur ma\u00f0urinn f\u00e6\u00f0st \u00fe\u00e1 hann er or\u00f0inn gamall? getur hann aftur komist <a href=\"https:\/\/biblian.is\/videy\/johannesargudspjall-3-kafli\/\"> [&#8230;]<\/a><\/p>\n","protected":false},"author":1,"featured_media":0,"parent":0,"menu_order":0,"comment_status":"open","ping_status":"open","template":"bibliukaflar.php","meta":{"footnotes":""},"class_list":["post-21849","page","type-page","status-publish","hentry"],"_links":{"self":[{"href":"https:\/\/biblian.is\/videy\/wp-json\/wp\/v2\/pages\/21849","targetHints":{"allow":["GET"]}}],"collection":[{"href":"https:\/\/biblian.is\/videy\/wp-json\/wp\/v2\/pages"}],"about":[{"href":"https:\/\/biblian.is\/videy\/wp-json\/wp\/v2\/types\/page"}],"author":[{"embeddable":true,"href":"https:\/\/biblian.is\/videy\/wp-json\/wp\/v2\/users\/1"}],"replies":[{"embeddable":true,"href":"https:\/\/biblian.is\/videy\/wp-json\/wp\/v2\/comments?post=21849"}],"version-history":[{"count":0,"href":"https:\/\/biblian.is\/videy\/wp-json\/wp\/v2\/pages\/21849\/revisions"}],"wp:attachment":[{"href":"https:\/\/biblian.is\/videy\/wp-json\/wp\/v2\/media?parent=21849"}],"curies":[{"name":"wp","href":"https:\/\/api.w.org\/{rel}","templated":true}]}}