{"id":21848,"date":"2018-01-02T01:04:22","date_gmt":"2018-01-02T01:04:22","guid":{"rendered":"http:\/\/biblian.is\/videy\/johannesargudspjall-2-kafli\/"},"modified":"2018-01-02T01:04:22","modified_gmt":"2018-01-02T01:04:22","slug":"johannesargudspjall-2-kafli","status":"publish","type":"page","link":"https:\/\/biblian.is\/videy\/johannesargudspjall-2-kafli\/","title":{"rendered":"J\u00f3hannesargu\u00f0spjall 2. kafli"},"content":{"rendered":"<div class=\"fyrirsognVidey\">Br\u00fa\u00f0kaupi\u00f0 \u00ed Kana; fyrsta fer\u00f0 Jes\u00fa til Jer\u00fasalem, og gj\u00f6r\u00f0ir \u00fear.<\/div>\n<p><a name=\"1\"><span class=\"versanumer\">1<\/span><\/a>Og \u00e1 \u00feri\u00f0ja degi <span class='VideyAth'>a)<\/span> var haldi\u00f0 br\u00fa\u00f0kaup \u00ed Kana \u00ed Gal\u00edleu.<a name=\"2\"><span class=\"versanumer\">2<\/span><\/a>\u00dear var Jes\u00fa m\u00f3\u00f0ir, en Jes\u00fa og hans l\u00e6risveinum var l\u00edka bo\u00f0i\u00f0 til br\u00fa\u00f0kaupsins.<a name=\"3\"><span class=\"versanumer\">3<\/span><\/a>Og er v\u00edn \u00feraut, sag\u00f0i m\u00f3\u00f0ir Jes\u00fa til hans: \u00feeir hafa ekki v\u00edn.<a name=\"4\"><span class=\"versanumer\">4<\/span><\/a>Jes\u00fas sag\u00f0i til hennar: M\u00f3\u00f0ir! hva\u00f0 kemur \u00fea\u00f0 vi\u00f0 \u00fe\u00e9r og m\u00e9r? minn t\u00edmi er enn ekki kominn.<a name=\"5\"><span class=\"versanumer\">5<\/span><\/a>M\u00f3\u00f0ir hans sag\u00f0i til \u00fe\u00e9naranna: hva\u00f0 helst hann segir y\u00f0ur, \u00fea\u00f0 gj\u00f6ri\u00f0.<a name=\"6\"><span class=\"versanumer\">6<\/span><\/a>En \u00fear voru sex vatnsker af steini, sett \u00feanga\u00f0 af \u00fev\u00ed Gy\u00f0ingar \u00fevo s\u00e9r oft, og t\u00f3k hv\u00f6rt \u00feeirra tvo e\u00f0ur \u00ferj\u00e1 m\u00e6lira.<a name=\"7\"><span class=\"versanumer\">7<\/span><\/a>Jes\u00fas sag\u00f0i til \u00feeirra: fylli\u00f0 n\u00fa kerin me\u00f0 vatni og \u00feeir fylltu \u00feau \u00e1 barma.<a name=\"8\"><span class=\"versanumer\">8<\/span><\/a>\u00de\u00e1 sag\u00f0i hann til \u00feeirra: ausi\u00f0 n\u00fa af og f\u00e6ri\u00f0 forst\u00f6\u00f0umanni veislunnar og \u00feeir gj\u00f6r\u00f0u svo.<a name=\"9\"><span class=\"versanumer\">9<\/span><\/a>En sem hann smakka\u00f0i vatni\u00f0, sem or\u00f0i\u00f0 var a\u00f0 v\u00edni og vissi ekki hva\u00f0an \u00fea\u00f0 var komi\u00f0, <span class='VideyAth'>(en \u00fe\u00e9nararnir, sem vatni\u00f0 jusu, vissu \u00fea\u00f0)<\/span>, kalla\u00f0i hann \u00e1 br\u00fa\u00f0gumann og sag\u00f0i:<a name=\"10\"><span class=\"versanumer\">10<\/span><\/a>allir menn veita fyrst g\u00f3\u00f0a v\u00edni\u00f0, en \u00feegar gestirnir taka \u00f6lva\u00f0ir a\u00f0 ver\u00f0a, \u00fe\u00e1 hi\u00f0 lakara; \u00fe\u00fa hefir geymt g\u00f3\u00f0a v\u00edni\u00f0 \u00feanga\u00f0 til n\u00fa.<a name=\"11\"><span class=\"versanumer\">11<\/span><\/a>\u00deetta, sem Jes\u00fas gj\u00f6r\u00f0i \u00ed Gal\u00edleu, var \u00fea\u00f0 fyrsta af jarteiknum hans. Og hann opinbera\u00f0i s\u00edna d\u00fdr\u00f0 og hans l\u00e6risveinar tr\u00fa\u00f0u \u00e1 hann.<br \/><a name=\"12\"><span class=\"versanumer\">12<\/span><\/a>Eftir \u00feetta f\u00f3r Jes\u00fas til Kapernaum, hann og m\u00f3\u00f0ir hans, br\u00e6\u00f0ur og l\u00e6risveinar, en voru \u00fear ekki marga daga, \u00fev\u00ed p\u00e1skah\u00e1t\u00ed\u00f0 Gy\u00f0inga f\u00f3r \u00ed h\u00f6nd.<a name=\"13\"><span class=\"versanumer\">13<\/span><\/a>\u00de\u00e1 fer\u00f0a\u00f0ist Jes\u00fas upp til Jer\u00fasalem.<a name=\"14\"><span class=\"versanumer\">14<\/span><\/a>\u00dear fann hann \u00ed musterinu \u00fe\u00e1, sem seldu naut, sau\u00f0i og d\u00fafur og \u00fe\u00e1 menn sitjandi, er h\u00f6f\u00f0u umskipti \u00e1 peningum.<a name=\"15\"><span class=\"versanumer\">15<\/span><\/a>Hann gj\u00f6r\u00f0i s\u00e9r \u00fe\u00e1 svipu \u00far k\u00f6\u00f0lum og rak alla \u00fat \u00far musterinu, b\u00e6\u00f0i sau\u00f0ina og nautin, steypti ni\u00f0ur peningum og hratt um bor\u00f0um \u00feeirra, sem skiptu um peninga,<a name=\"16\"><span class=\"versanumer\">16<\/span><\/a>en sag\u00f0i vi\u00f0 \u00fe\u00e1, sem d\u00fafurnar seldu: taki\u00f0 \u00feetta h\u00e9\u00f0an og gj\u00f6ri\u00f0 ekki h\u00fas m\u00edns F\u00f6\u00f0urs a\u00f0 verslunarb\u00fa\u00f0.<a name=\"17\"><span class=\"versanumer\">17<\/span><\/a>En l\u00e6risveinum hans kom \u00ed hug a\u00f0 skrifa\u00f0 haf\u00f0i veri\u00f0: vandl\u00e6ti vegna \u00fe\u00edns h\u00fass uppetur mig.<a name=\"18\"><span class=\"versanumer\">18<\/span><\/a>Gy\u00f0ingar t\u00f3ku \u00fe\u00e1 til or\u00f0a og s\u00f6g\u00f0u til hans: hv\u00f6rt jarteikn s\u00fdnir \u00fe\u00fa oss \u00fea\u00f0, a\u00f0 \u00feetta megir gj\u00f6ra?<a name=\"19\"><span class=\"versanumer\">19<\/span><\/a>Jes\u00fas svara\u00f0i \u00feeim og sag\u00f0i: ni\u00f0urbrj\u00f3ti\u00f0 \u00feetta musteri, en eg mun reisa \u00fea\u00f0 \u00e1 \u00ferim d\u00f6gum.<a name=\"20\"><span class=\"versanumer\">20<\/span><\/a>\u00de\u00e1 s\u00f6g\u00f0u Gy\u00f0ingar: musteri \u00feetta var veri\u00f0 a\u00f0 byggja \u00ed fj\u00f6rut\u00edu og sex \u00e1r og \u00fe\u00fa mundir reisa \u00fea\u00f0 \u00e1 \u00ferimur d\u00f6gum?<a name=\"21\"><span class=\"versanumer\">21<\/span><\/a>En hann tala\u00f0i um musteri s\u00edns l\u00edkama.<a name=\"22\"><span class=\"versanumer\">22<\/span><\/a>\u00dear fyrir kom hans l\u00e6risveinum \u00ed hug, \u00fe\u00e1 hann var risinn fr\u00e1 dau\u00f0um, a\u00f0 hann haf\u00f0i \u00feetta tala\u00f0 og tr\u00fa\u00f0u Ritningum og \u00fev\u00ed, sem Jes\u00fas haf\u00f0i tala\u00f0.<a name=\"23\"><span class=\"versanumer\">23<\/span><\/a>Me\u00f0an Jes\u00fas var \u00ed Jer\u00fasalem \u00e1 p\u00e1skah\u00e1t\u00ed\u00f0inni, tr\u00fa\u00f0u margir \u00e1 hann, af \u00fev\u00ed \u00feeir s\u00e1u \u00feau teikn, er hann gj\u00f6r\u00f0i.<a name=\"24\"><span class=\"versanumer\">24<\/span><\/a>En Jes\u00fas tr\u00fa\u00f0i \u00feeim ekki fyrir s\u00e9r,<a name=\"25\"><span class=\"versanumer\">25<\/span><\/a>\u00fev\u00ed hann \u00feekkti alla og \u00feurfti \u00feess ekki a\u00f0 nokkur vitna\u00f0i um manninn, \u00fev\u00ed hann vissi hva\u00f0 me\u00f0 manninum bj\u00f3.<\/p>\n<div class=\"footnoteVidey\">V. 1. a. Eftir a\u00f0 Jes\u00fas kom \u00ed Gal\u00edleu.  V. 6. Mark. 7,3.  V. 14. Matt. 21,12. L\u00fak. 19,45.  V. 18. S\u00e1lm. 69,10.  V. 19. Matt. 26,61.  V. 22. L\u00fak. 24,8.  V. 24, 6,64.<\/div>\n","protected":false},"excerpt":{"rendered":"<p>Br\u00fa\u00f0kaupi\u00f0 \u00ed Kana; fyrsta fer\u00f0 Jes\u00fa til Jer\u00fasalem, og gj\u00f6r\u00f0ir \u00fear. 1Og \u00e1 \u00feri\u00f0ja degi a) var haldi\u00f0 br\u00fa\u00f0kaup \u00ed Kana \u00ed Gal\u00edleu.2\u00dear var Jes\u00fa m\u00f3\u00f0ir, en Jes\u00fa og hans l\u00e6risveinum var l\u00edka bo\u00f0i\u00f0 til br\u00fa\u00f0kaupsins.3Og er v\u00edn \u00feraut, sag\u00f0i m\u00f3\u00f0ir Jes\u00fa til hans: \u00feeir hafa ekki v\u00edn.4Jes\u00fas sag\u00f0i til hennar: M\u00f3\u00f0ir! hva\u00f0 kemur \u00fea\u00f0 vi\u00f0 \u00fe\u00e9r og m\u00e9r? minn t\u00edmi er enn ekki kominn.5M\u00f3\u00f0ir hans sag\u00f0i til \u00fe\u00e9naranna: hva\u00f0 helst hann segir y\u00f0ur, \u00fea\u00f0 gj\u00f6ri\u00f0.6En \u00fear voru sex vatnsker af steini, sett \u00feanga\u00f0 af \u00fev\u00ed Gy\u00f0ingar \u00fevo s\u00e9r oft, og t\u00f3k hv\u00f6rt \u00feeirra tvo e\u00f0ur \u00ferj\u00e1 m\u00e6lira.7Jes\u00fas sag\u00f0i til <a href=\"https:\/\/biblian.is\/videy\/johannesargudspjall-2-kafli\/\"> [&#8230;]<\/a><\/p>\n","protected":false},"author":1,"featured_media":0,"parent":0,"menu_order":0,"comment_status":"open","ping_status":"open","template":"bibliukaflar.php","meta":{"footnotes":""},"class_list":["post-21848","page","type-page","status-publish","hentry"],"_links":{"self":[{"href":"https:\/\/biblian.is\/videy\/wp-json\/wp\/v2\/pages\/21848","targetHints":{"allow":["GET"]}}],"collection":[{"href":"https:\/\/biblian.is\/videy\/wp-json\/wp\/v2\/pages"}],"about":[{"href":"https:\/\/biblian.is\/videy\/wp-json\/wp\/v2\/types\/page"}],"author":[{"embeddable":true,"href":"https:\/\/biblian.is\/videy\/wp-json\/wp\/v2\/users\/1"}],"replies":[{"embeddable":true,"href":"https:\/\/biblian.is\/videy\/wp-json\/wp\/v2\/comments?post=21848"}],"version-history":[{"count":0,"href":"https:\/\/biblian.is\/videy\/wp-json\/wp\/v2\/pages\/21848\/revisions"}],"wp:attachment":[{"href":"https:\/\/biblian.is\/videy\/wp-json\/wp\/v2\/media?parent=21848"}],"curies":[{"name":"wp","href":"https:\/\/api.w.org\/{rel}","templated":true}]}}