{"id":21847,"date":"2018-01-02T01:04:22","date_gmt":"2018-01-02T01:04:22","guid":{"rendered":"http:\/\/biblian.is\/videy\/johannesargudspjall-1-kafli\/"},"modified":"2018-01-02T01:04:22","modified_gmt":"2018-01-02T01:04:22","slug":"johannesargudspjall-1-kafli","status":"publish","type":"page","link":"https:\/\/biblian.is\/videy\/johannesargudspjall-1-kafli\/","title":{"rendered":"J\u00f3hannesargu\u00f0spjall 1. kafli"},"content":{"rendered":"<div class=\"fyrirsognVidey\">Uppruni og holdgan Jes\u00fa Krists; vitnisbur\u00f0ur J\u00f3hannesar sk\u00edrara; Andr\u00e9s, Philippus, P\u00e9tur, Nathanael og enn \u00f3nefndur l\u00e6risveinn finna Jes\u00fam.<\/div>\n<p><a name=\"1\"><span class=\"versanumer\">1<\/span><\/a>\u00cd upphafi var Or\u00f0i\u00f0 <span class='VideyAth'>a)<\/span> og Or\u00f0i\u00f0 var hj\u00e1 Gu\u00f0i, og Or\u00f0i\u00f0 var Gu\u00f0.<a name=\"2\"><span class=\"versanumer\">2<\/span><\/a>\u00dea\u00f0 var \u00ed upphafi hj\u00e1 Gu\u00f0i.<a name=\"3\"><span class=\"versanumer\">3<\/span><\/a>Allir hlutir eru fyrir \u00fea\u00f0 gj\u00f6r\u00f0ir og \u00e1n \u00feess er ekkert til or\u00f0i\u00f0, sem til er.<a name=\"4\"><span class=\"versanumer\">4<\/span><\/a>\u00cd \u00fev\u00ed var l\u00edf og l\u00edfi\u00f0 var lj\u00f3s mannanna;<a name=\"5\"><span class=\"versanumer\">5<\/span><\/a>og lj\u00f3si\u00f0 skein \u00ed myrkrinu og myrkri\u00f0 me\u00f0t\u00f3k \u00fea\u00f0 ekki.\u2014<a name=\"6\"><span class=\"versanumer\">6<\/span><\/a>Ma\u00f0ur nokkur var sendur af Gu\u00f0i, hann h\u00e9t J\u00f3hannes.<a name=\"7\"><span class=\"versanumer\">7<\/span><\/a>\u00deessi kom til vitnisbur\u00f0ar, a\u00f0 hann vitna\u00f0i um lj\u00f3si\u00f0, svo allir try\u00f0u fyrir hans vitnisbur\u00f0.<a name=\"8\"><span class=\"versanumer\">8<\/span><\/a>Ekki var hann lj\u00f3si\u00f0 heldur \u00e1tti hann a\u00f0 vitna um lj\u00f3si\u00f0.<a name=\"9\"><span class=\"versanumer\">9<\/span><\/a>\u00dea\u00f0 var hi\u00f0 sanna lj\u00f3s, sem uppl\u00fdsir hv\u00f6rn mann, er kom \u00ed heiminn.<a name=\"10\"><span class=\"versanumer\">10<\/span><\/a>\u00dea\u00f0 var \u00ed heiminum og heimurinn var fyrir \u00fea\u00f0 gj\u00f6r\u00f0ur og \u00feekkti hann \u00fe\u00f3 ekki.<a name=\"11\"><span class=\"versanumer\">11<\/span><\/a>Hann kom til sinna og hans eigin me\u00f0t\u00f3ku hann ekki.<a name=\"12\"><span class=\"versanumer\">12<\/span><\/a>En svo m\u00f6rgum, sem hann me\u00f0t\u00f3ku og \u00e1 hann tr\u00fa\u00f0u, gj\u00f6r\u00f0i hann kost \u00e1 a\u00f0 ver\u00f0a Gu\u00f0s b\u00f6rn, <span class='VideyAth'>b)<\/span><a name=\"13\"><span class=\"versanumer\">13<\/span><\/a>ekki \u00feeim, sem f\u00e6ddir v\u00f3ru af bl\u00f3\u00f0inu, n\u00e9 holdsins vild, n\u00e9 mannsins vilja, heldur af Gu\u00f0i.<a name=\"14\"><span class=\"versanumer\">14<\/span><\/a>Og Or\u00f0i\u00f0 var\u00f0 ma\u00f0ur, sem bj\u00f3 me\u00f0 oss, fullur n\u00e1\u00f0ar og sannleika, og v\u00e9r s\u00e1um hans d\u00fdr\u00f0, d\u00fdr\u00f0 sem \u00feess eingetna F\u00f6\u00f0ursins.<a name=\"15\"><span class=\"versanumer\">15<\/span><\/a>Um \u00feennan vitna\u00f0i J\u00f3hannes berlega og sag\u00f0i: \u00feessi er s\u00e1 um hvern eg sag\u00f0i: eftir mig mun koma s\u00e1, sem var fyrri en eg, \u00fev\u00ed hann var \u00e1 undan m\u00e9r.<a name=\"16\"><span class=\"versanumer\">16<\/span><\/a>Af hans n\u00e6gtum h\u00f6fum v\u00e9r allir me\u00f0teki\u00f0 n\u00e1\u00f0 \u00e1 n\u00e1\u00f0 ofan.<a name=\"17\"><span class=\"versanumer\">17<\/span><\/a>L\u00f6gm\u00e1li\u00f0 var oss gefi\u00f0 fyrir h\u00f6nd M\u00f3sis, en n\u00e1\u00f0in og sannleikurinn veittist fyrir Jes\u00fam Krist.<a name=\"18\"><span class=\"versanumer\">18<\/span><\/a>Enginn hefir nokkurn t\u00edma s\u00e9\u00f0 Gu\u00f0, s\u00e1 eingetni Sonurinn, sem er \u00ed F\u00f6\u00f0ursins skauti, hann hefir sagt oss af honum. <br \/><a name=\"19\"><span class=\"versanumer\">19<\/span><\/a>Og \u00feessi er J\u00f3hannesar vitnisbur\u00f0ur, \u00feegar Gy\u00f0ingar sendu fr\u00e1 Jer\u00fasalem presta og Lev\u00edta til a\u00f0 spyrja hann a\u00f0, hver hann v\u00e6ri?<a name=\"20\"><span class=\"versanumer\">20<\/span><\/a>Hann j\u00e1tti og neita\u00f0i ekki og sag\u00f0i: ekki em eg Kristur.<a name=\"21\"><span class=\"versanumer\">21<\/span><\/a>\u00deeir spur\u00f0u \u00fe\u00e1: hva\u00f0 ert\u00fa \u00fe\u00e1? ert\u00fa \u00fe\u00e1 El\u00edas? hann svara\u00f0i: ekki em eg. Ert\u00fa \u00fe\u00e1 sp\u00e1ma\u00f0urinn? og hann svara\u00f0i: nei!<a name=\"22\"><span class=\"versanumer\">22<\/span><\/a>\u00de\u00e1 s\u00f6g\u00f0u \u00feeir vi\u00f0 hann: hver ert\u00fa? seg oss \u00fea\u00f0, svo v\u00e9r getum gefi\u00f0 svar \u00feeim, er oss sendu; hva\u00f0 segir \u00fe\u00fa af sj\u00e1lfum \u00fe\u00e9r?<a name=\"23\"><span class=\"versanumer\">23<\/span><\/a>Hann svara\u00f0i: eg er r\u00f6dd \u00feess, sem hr\u00f3par \u00ed ey\u00f0im\u00f6rku: gj\u00f6ri\u00f0 beinan veg Drottins, eins og Esajas sp\u00e1ma\u00f0ur hefir sagt.<a name=\"24\"><span class=\"versanumer\">24<\/span><\/a>En \u00feeir, sem sendir h\u00f6f\u00f0u veri\u00f0, voru far\u00edsear.<a name=\"25\"><span class=\"versanumer\">25<\/span><\/a>\u00deeir spur\u00f0u hann \u00fe\u00e1 og s\u00f6g\u00f0u: hv\u00ed sk\u00edrir \u00fe\u00fa, ef \u00fe\u00fa ert hverki Kristur, n\u00e9 El\u00edas, n\u00e9 sp\u00e1ma\u00f0urinn?<a name=\"26\"><span class=\"versanumer\">26<\/span><\/a>J\u00f3hannes svara\u00f0i \u00feeim og sag\u00f0i: eg sk\u00edri \u00ed vatni, en s\u00e1 er n\u00fa kominn me\u00f0al y\u00f0ar, sem \u00fe\u00e9r \u00feekki\u00f0 ekki, sem koma mun eftir mig,<a name=\"27\"><span class=\"versanumer\">27<\/span><\/a>hvers sk\u00f3\u00fevengi eg em ekki ver\u00f0ugur a\u00f0 leysa.<a name=\"28\"><span class=\"versanumer\">28<\/span><\/a>\u00deetta ske\u00f0i \u00ed Bethan\u00edu hinumegin vi\u00f0 \u00e1na J\u00f3rdan, \u00fear sem J\u00f3hannes sk\u00edr\u00f0i. <br \/><a name=\"29\"><span class=\"versanumer\">29<\/span><\/a>Daginn eftir s\u00e9r hann Jes\u00fam koma til s\u00edn og segir: sj\u00e1 \u00fea\u00f0 Gu\u00f0s lamb, sem burt ber heimsins synd.<a name=\"30\"><span class=\"versanumer\">30<\/span><\/a>Hann er s\u00e1, um hv\u00f6rn eg sag\u00f0i: eftir mig mun koma ma\u00f0ur, sem var \u00e1 undan m\u00e9r; \u00fev\u00ed hann var fyrri en eg.<a name=\"31\"><span class=\"versanumer\">31<\/span><\/a>En eg \u00feekkti hann ekki, en til \u00feess kom eg a\u00f0 sk\u00edra me\u00f0 vatni a\u00f0 Gy\u00f0ingar fengju hann a\u00f0 \u00feekkja..<a name=\"32\"><span class=\"versanumer\">32<\/span><\/a>J\u00f3hannes vitna\u00f0i og \u00feetta: eg s\u00e1 andann ni\u00f0urfara af himni sem d\u00fafu og nema sta\u00f0ar yfir honum.<a name=\"33\"><span class=\"versanumer\">33<\/span><\/a>Eg \u00feekkti hann ekki, en s\u00e1, sem sendi mig til a\u00f0 sk\u00edra me\u00f0 vatni, hann sag\u00f0i m\u00e9r: s\u00e1, sem \u00fe\u00fa s\u00e9r andann koma yfir og sta\u00f0n\u00e6mast yfir, hann er s\u00e1, sem sk\u00edrir me\u00f0 heil\u00f6gum Anda.<a name=\"34\"><span class=\"versanumer\">34<\/span><\/a>\u00deetta s\u00e1 eg og eg vitna, a\u00f0 \u00feessi s\u00e9 Sonur Gu\u00f0s. <br \/><a name=\"35\"><span class=\"versanumer\">35<\/span><\/a>Daginn eftir var J\u00f3hannes \u00fear aftur staddur og tveir af hans l\u00e6risveinum,<a name=\"36\"><span class=\"versanumer\">36<\/span><\/a>og er hann horf\u00f0i \u00e1 Jes\u00fam hvar hann gekk, sag\u00f0i hann: sj\u00e1 \u00fea\u00f0 Gu\u00f0s lamb!<a name=\"37\"><span class=\"versanumer\">37<\/span><\/a>\u00deessir tveir l\u00e6risveinar hans heyr\u00f0u hann tala \u00feetta og f\u00f3ru eftir Jes\u00fa.<a name=\"38\"><span class=\"versanumer\">38<\/span><\/a>En Jes\u00fas leit vi\u00f0, og \u00fe\u00e1 hann s\u00e1 \u00fe\u00e1 fara eftir s\u00e9r, sag\u00f0i hann: hv\u00f6rs leiti\u00f0 \u00fe\u00e9r?<a name=\"39\"><span class=\"versanumer\">39<\/span><\/a>\u00deeir s\u00f6g\u00f0u: Rabb\u00ed! <span class='VideyAth'>(\u00fea\u00f0 \u00fe\u00fd\u00f0ir l\u00e6rimeistari)<\/span> hvar \u00e1tt\u00fa heima? hann sag\u00f0i: komi\u00f0 og sj\u00e1i\u00f0!<a name=\"40\"><span class=\"versanumer\">40<\/span><\/a>\u00feeir komu og s\u00e1u og voru hj\u00e1 honum daginn \u00feann, en \u00feetta gj\u00f6r\u00f0ist a\u00f0 li\u00f0nu n\u00f3ni.<a name=\"41\"><span class=\"versanumer\">41<\/span><\/a>Annar af \u00feessum tveimur, sem heyr\u00f0u \u00feetta af J\u00f3hannesi og gengu eftir Jes\u00fa, var Andr\u00e9s br\u00f3\u00f0ir S\u00edmonar P\u00e9turs.<a name=\"42\"><span class=\"versanumer\">42<\/span><\/a>Hann finnur fyrst br\u00f3\u00f0ur sinn S\u00edmon og segir vi\u00f0 hann: vi\u00f0 h\u00f6fum fundi\u00f0 Mess\u00edas, \u00fea\u00f0 \u00fatleggst: s\u00e1 smur\u00f0i, og hann fylgdi honum til Jes\u00fa.<a name=\"43\"><span class=\"versanumer\">43<\/span><\/a>En er Jes\u00fas leit hann sag\u00f0i hann: \u00fe\u00fa ert S\u00edmon sonur J\u00f3nasar, \u00fe\u00fa skalt heita Kefas, \u00fea\u00f0 er: bjarg <span class='VideyAth'>(P\u00e9tur)<\/span>.<a name=\"44\"><span class=\"versanumer\">44<\/span><\/a>Daginn eftir \u00e6tla\u00f0i Jes\u00fas a\u00f0 fara til Gal\u00edleu, hann hitti \u00fe\u00e1 Filippus og sag\u00f0i til hans: fylg \u00fe\u00fa m\u00e9r!<a name=\"45\"><span class=\"versanumer\">45<\/span><\/a>en Filippus var fr\u00e1 Betsa\u00edda, borg \u00feeirra Andresar og P\u00e9turs.<a name=\"46\"><span class=\"versanumer\">46<\/span><\/a>Filippus fann Nathanael og sag\u00f0i til hans: v\u00e9r h\u00f6fum fundi\u00f0 \u00feann, sem M\u00f3ses skrifar um \u00ed l\u00f6gm\u00e1lsb\u00f3kinni og sp\u00e1mennirnir, Jes\u00fam son J\u00f3seps af Nasaret.<a name=\"47\"><span class=\"versanumer\">47<\/span><\/a>Nathanael svara\u00f0i: getur nokku\u00f0 gott komi\u00f0 fr\u00e1 Nasaret? Filippus svara\u00f0i: kom \u00fe\u00fa og sj\u00e1.<a name=\"48\"><span class=\"versanumer\">48<\/span><\/a>Jes\u00fas s\u00e1 Nathanael koma til s\u00edn og sag\u00f0i um hann: sj\u00e1! \u00feessi er sannur Gy\u00f0ingur, \u00ed hv\u00f6rjum engin svik eru.<a name=\"49\"><span class=\"versanumer\">49<\/span><\/a>Nathanael sag\u00f0i: hv\u00f6rnig \u00feekkir \u00fe\u00fa mig? Jes\u00fas svara\u00f0i og sag\u00f0i til hans: \u00e1\u00f0ur en Filippus kalla\u00f0i \u00feig, s\u00e1 eg \u00feig \u00fear, sem \u00fe\u00fa varst undir f\u00edkjutr\u00e9nu.<a name=\"50\"><span class=\"versanumer\">50<\/span><\/a>Nathanael svara\u00f0i og sag\u00f0i til hans: Rabb\u00ed! \u00fe\u00fa ert Sonur Gu\u00f0s, \u00fe\u00fa ert \u00cdsraelskonungurinn.<a name=\"51\"><span class=\"versanumer\">51<\/span><\/a>Jes\u00fas svara\u00f0i og sag\u00f0i til hans: \u00fe\u00fa tr\u00fair \u00fev\u00ed, af \u00fev\u00ed eg sag\u00f0i \u00fe\u00e9r: eg s\u00e1 \u00feig undir f\u00edkju tr\u00e9nu; anna\u00f0 \u00feessu meira munt\u00fa f\u00e1 a\u00f0 sj\u00e1.<a name=\"52\"><span class=\"versanumer\">52<\/span><\/a>Og hann sag\u00f0i til hans: sannlega, sannlega segi eg y\u00f0ur: h\u00e9r eftir munu\u00f0 \u00fe\u00e9r sj\u00e1 himininn opinn og engla Gu\u00f0s uppfara og ni\u00f0urst\u00edga til Mannsins Sonar.<\/p>\n<div class=\"footnoteVidey\">V. 1. a. S\u00e1 er heitir Or\u00f0, etc. 1 J\u00f3h. 1,1.2. 5,20.  V. 2. Or\u00f0skv. b. 8,22.  V. 4. 5,26.  V. 5. 8,12.  V. 9. Kap. 3,19.  V. 13. b. \u00deeir \u00e1ttu ekki \u00f6\u00f0rum framar kost \u00e1 Gu\u00f0s barnar\u00e9tti, sem komnir voru af Gy\u00f0inga\u00e6ttum, e\u00f0ur af Gy\u00f0ingum \u00e6ttleiddir, heldur \u00feeir, sem Gu\u00f0 kanna\u00f0ist vi\u00f0, sem s\u00edn b\u00f6rn, kap. 3,5. Jak. 3,18.  V. 15. Kap. 3,31.  V. 23. Es. 40,3.  V. 26. H\u00e9r b\u00e6ta sumar \u00fatg\u00e1fur vi\u00f0: sem er m\u00e9r fremri.  V. 29. 3 M\u00f3s. 16,21.22.  V. 40. H\u00e9r um bil um 10tu stund.  V. 46. 5 M\u00f3s. 18,18. Esaj. 7,14. 9,6. Dan. 9,25.26.  V. 52. 1 M\u00f3s. 28,12.<\/div>\n","protected":false},"excerpt":{"rendered":"<p>Uppruni og holdgan Jes\u00fa Krists; vitnisbur\u00f0ur J\u00f3hannesar sk\u00edrara; Andr\u00e9s, Philippus, P\u00e9tur, Nathanael og enn \u00f3nefndur l\u00e6risveinn finna Jes\u00fam. 1\u00cd upphafi var Or\u00f0i\u00f0 a) og Or\u00f0i\u00f0 var hj\u00e1 Gu\u00f0i, og Or\u00f0i\u00f0 var Gu\u00f0.2\u00dea\u00f0 var \u00ed upphafi hj\u00e1 Gu\u00f0i.3Allir hlutir eru fyrir \u00fea\u00f0 gj\u00f6r\u00f0ir og \u00e1n \u00feess er ekkert til or\u00f0i\u00f0, sem til er.4\u00cd \u00fev\u00ed var l\u00edf og l\u00edfi\u00f0 var lj\u00f3s mannanna;5og lj\u00f3si\u00f0 skein \u00ed myrkrinu og myrkri\u00f0 me\u00f0t\u00f3k \u00fea\u00f0 ekki.\u20146Ma\u00f0ur nokkur var sendur af Gu\u00f0i, hann h\u00e9t J\u00f3hannes.7\u00deessi kom til vitnisbur\u00f0ar, a\u00f0 hann vitna\u00f0i um lj\u00f3si\u00f0, svo allir try\u00f0u fyrir hans vitnisbur\u00f0.8Ekki var hann lj\u00f3si\u00f0 heldur \u00e1tti hann a\u00f0 vitna um <a href=\"https:\/\/biblian.is\/videy\/johannesargudspjall-1-kafli\/\"> [&#8230;]<\/a><\/p>\n","protected":false},"author":1,"featured_media":0,"parent":0,"menu_order":0,"comment_status":"open","ping_status":"open","template":"bibliukaflar.php","meta":{"footnotes":""},"class_list":["post-21847","page","type-page","status-publish","hentry"],"_links":{"self":[{"href":"https:\/\/biblian.is\/videy\/wp-json\/wp\/v2\/pages\/21847","targetHints":{"allow":["GET"]}}],"collection":[{"href":"https:\/\/biblian.is\/videy\/wp-json\/wp\/v2\/pages"}],"about":[{"href":"https:\/\/biblian.is\/videy\/wp-json\/wp\/v2\/types\/page"}],"author":[{"embeddable":true,"href":"https:\/\/biblian.is\/videy\/wp-json\/wp\/v2\/users\/1"}],"replies":[{"embeddable":true,"href":"https:\/\/biblian.is\/videy\/wp-json\/wp\/v2\/comments?post=21847"}],"version-history":[{"count":0,"href":"https:\/\/biblian.is\/videy\/wp-json\/wp\/v2\/pages\/21847\/revisions"}],"wp:attachment":[{"href":"https:\/\/biblian.is\/videy\/wp-json\/wp\/v2\/media?parent=21847"}],"curies":[{"name":"wp","href":"https:\/\/api.w.org\/{rel}","templated":true}]}}