{"id":21846,"date":"2018-01-02T01:04:22","date_gmt":"2018-01-02T01:04:22","guid":{"rendered":"http:\/\/biblian.is\/videy\/lukasargudspjall-24-kafli\/"},"modified":"2018-01-02T01:04:22","modified_gmt":"2018-01-02T01:04:22","slug":"lukasargudspjall-24-kafli","status":"publish","type":"page","link":"https:\/\/biblian.is\/videy\/lukasargudspjall-24-kafli\/","title":{"rendered":"L\u00fakasargu\u00f0spjall 24. kafli"},"content":{"rendered":"<div class=\"fyrirsognVidey\">Englar bo\u00f0a kvinnunum Jes\u00fa upprisu; Jes\u00fas birtist \u00feeim tveimur, sem gengu til Emaus, og \u00feeim t\u00edu; heimf\u00e6rir upp \u00e1 sig sp\u00e1d\u00f3mana og lofar l\u00e6risveinunum heil\u00f6gum anda; upp st\u00edgur til himna.<\/div>\n<p><a name=\"1\"><span class=\"versanumer\">1<\/span><\/a>\u00deann fyrsta dag vikunnar, strax er l\u00fdsti af degi, komu \u00fe\u00e6r til legsta\u00f0arins, og h\u00f6f\u00f0u me\u00f0 s\u00e9r smyrsl \u00feau, er \u00fe\u00e6r h\u00f6f\u00f0u tilb\u00fai\u00f0, og nokkrar a\u00f0rar konur me\u00f0 \u00feeim;<a name=\"2\"><span class=\"versanumer\">2<\/span><\/a>fundu \u00fe\u00e6r \u00fe\u00e1 steininn veltan fr\u00e1 legsta\u00f0armynninu,<a name=\"3\"><span class=\"versanumer\">3<\/span><\/a>gengu s\u00ed\u00f0an inn og fundu ekki l\u00edk Drottins Jes\u00fa,<a name=\"4\"><span class=\"versanumer\">4<\/span><\/a>en me\u00f0an \u00fe\u00e6r voru a\u00f0 undrast yfir \u00feessu, \u00fe\u00e1 sj\u00e1! tveir menn st\u00f3\u00f0u hj\u00e1 \u00feeim \u00ed sk\u00ednandi kl\u00e6\u00f0um.<a name=\"5\"><span class=\"versanumer\">5<\/span><\/a>Vi\u00f0 \u00feetta ur\u00f0u \u00fe\u00e6r hr\u00e6ddar, og hneig\u00f0u andlit s\u00edn til jar\u00f0ar; \u00fe\u00e1 s\u00f6g\u00f0u \u00feeir: hv\u00ed leiti\u00f0 \u00fe\u00e9r ens lifanda me\u00f0al dau\u00f0ra?<a name=\"6\"><span class=\"versanumer\">6<\/span><\/a>ekki er hann h\u00e9r, hann er upprisinn, minnist \u00feess, er hann sag\u00f0i y\u00f0ur, me\u00f0an hann var enn n\u00fa \u00ed Gal\u00edleu,<a name=\"7\"><span class=\"versanumer\">7<\/span><\/a>og kva\u00f0 svo a\u00f0 or\u00f0i: Mannsins Syni byrjar a\u00f0 ver\u00f0a seldur \u00ed h\u00f6ndur illra manna og krossfestast, en uppr\u00edsa \u00e1 \u00feri\u00f0ja degi.<a name=\"8\"><span class=\"versanumer\">8<\/span><\/a>Minntust \u00fe\u00e6r \u00fe\u00e1 \u00feessara or\u00f0a,<a name=\"9\"><span class=\"versanumer\">9<\/span><\/a>sneru heim fr\u00e1 legsta\u00f0num, og kunngj\u00f6r\u00f0u allt \u00feetta \u00feeim ellefu og hinum \u00f6\u00f0rum.<a name=\"10\"><span class=\"versanumer\">10<\/span><\/a>\u00deessar konur voru: Mar\u00eda fr\u00e1 Magd\u00f6lum, J\u00f3hanna og Mar\u00eda, m\u00f3\u00f0ir Jakobs, og a\u00f0rar me\u00f0 \u00feeim, er f\u00e6r\u00f0u postulunum \u00feessa fregn.<a name=\"11\"><span class=\"versanumer\">11<\/span><\/a>En \u00feeir h\u00e9ldu \u00feetta vera h\u00e9g\u00f3ma, og festu ekki tr\u00fa til \u00feess;<a name=\"12\"><span class=\"versanumer\">12<\/span><\/a>en P\u00e9tur st\u00f3\u00f0 \u00fe\u00f3 upp, hlj\u00f3p til legsta\u00f0arins, g\u00e6g\u00f0ist inn og s\u00e1 t\u00f3mar l\u00edkbl\u00e6jurnar liggja \u00fear; f\u00f3r hann s\u00ed\u00f0an heim og undra\u00f0ist \u00fea\u00f0, er ske\u00f0 var. <br \/><a name=\"13\"><span class=\"versanumer\">13<\/span><\/a>Svo bar vi\u00f0, a\u00f0 \u00feenna sama dag f\u00f3ru tveir af \u00feeim <span class='VideyAth'>a)<\/span> til \u00feorps nokkurs, sem heitir Emaus; \u00fea\u00f0 er h\u00e9r um h\u00e1lfa a\u00f0ra m\u00edlu fr\u00e1 Jer\u00fasalem;<a name=\"14\"><span class=\"versanumer\">14<\/span><\/a>voru \u00feeir \u00fe\u00e1 a\u00f0 tala s\u00edn \u00e1 milli um allt \u00fea\u00f0, er vi\u00f0 haf\u00f0i bori\u00f0.<a name=\"15\"><span class=\"versanumer\">15<\/span><\/a>Bar \u00fe\u00e1 svo vi\u00f0, er \u00feeir voru a\u00f0 tala um \u00feetta og spyrja hver annan, a\u00f0 sj\u00e1lfur Jes\u00fas n\u00e1l\u00e6g\u00f0ist \u00fe\u00e1 og kom \u00ed fer\u00f0ina,<a name=\"16\"><span class=\"versanumer\">16<\/span><\/a>en \u00feeirra augu voru svo haldin a\u00f0 \u00feeir \u00feekktu hann ekki.<a name=\"17\"><span class=\"versanumer\">17<\/span><\/a>\u00de\u00e1 sag\u00f0i hann: hva\u00f0 er \u00fea\u00f0, sem \u00fei\u00f0 eru\u00f0 a\u00f0 tala um ykkar \u00e1 milli \u00e1 lei\u00f0 ykkar, og eru\u00f0 svo hryggvir?<a name=\"18\"><span class=\"versanumer\">18<\/span><\/a>\u00de\u00e1 svara\u00f0i annar honum, sem Kle\u00f3fas h\u00e9t: ert \u00fe\u00fa s\u00e1 eini me\u00f0al a\u00f0komandi manna \u00ed Jer\u00fasalem, sem ekki veist, hva\u00f0 \u00fear \u00e1 \u00feessum d\u00f6gum hefir vi\u00f0bori\u00f0.<a name=\"19\"><span class=\"versanumer\">19<\/span><\/a>Jes\u00fas spur\u00f0i hva\u00f0 \u00fea\u00f0 v\u00e6ri? \u00deeir s\u00f6g\u00f0u: hverninn fari\u00f0 var me\u00f0 Jes\u00fas fr\u00e1 Nasaret, sem var sp\u00e1ma\u00f0ur og m\u00e1ttugur \u00ed or\u00f0um og verkum, a\u00f0 Gu\u00f0s og allra manna vitni;<a name=\"20\"><span class=\"versanumer\">20<\/span><\/a>hverninn enir \u00e6\u00f0stu kennimenn og fyrirli\u00f0ar f\u00f3lks vors framseldu hann til dau\u00f0a, og krossfestu hann.<a name=\"21\"><span class=\"versanumer\">21<\/span><\/a>En v\u00e9r hugsu\u00f0um a\u00f0 hann mundi vera s\u00e1, sem frelsa \u00e6tti \u00cdsrael; og ofan \u00e1 allt \u00feetta, er \u00ed dag s\u00e1 \u00feri\u00f0ji dagur, s\u00ed\u00f0an \u00feetta ske\u00f0i.<a name=\"22\"><span class=\"versanumer\">22<\/span><\/a>Auk \u00feessa hafa kvinnur nokkrar hr\u00e6tt oss, \u00fe\u00e6r er \u00e1rla voru vi\u00f0 legsta\u00f0 hans,<a name=\"23\"><span class=\"versanumer\">23<\/span><\/a>en fundu ekki l\u00edki\u00f0, og \u00fe\u00f3ttust hafa s\u00e9\u00f0 engla, sem h\u00f6f\u00f0u sagt, a\u00f0 hann v\u00e6ri lifandi;<a name=\"24\"><span class=\"versanumer\">24<\/span><\/a>s\u00ed\u00f0an f\u00f3ru nokkrir af \u00feeim, sem me\u00f0 oss v\u00f3ru, til legsta\u00f0arins, og fundu allt, eins og konurnar h\u00f6f\u00f0u sagt, en hann s\u00e1u \u00feeir ekki.<a name=\"25\"><span class=\"versanumer\">25<\/span><\/a>\u00de\u00e1 sag\u00f0i hann vi\u00f0 \u00fe\u00e1: en hva\u00f0 \u00fe\u00e9r eru\u00f0 heimskir, og tregir \u00e1 a\u00f0 tr\u00faa \u00fev\u00ed, sem sp\u00e1mennirnir hafa sagt!<a name=\"26\"><span class=\"versanumer\">26<\/span><\/a>\u00e1tti ekki Kristur a\u00f0 l\u00ed\u00f0a \u00feetta og innganga svo \u00ed s\u00edna d\u00fdr\u00f0?<a name=\"27\"><span class=\"versanumer\">27<\/span><\/a>byrja\u00f0i hann \u00fe\u00e1 \u00e1 M\u00f3ses og \u00f6llum sp\u00e1m\u00f6nnunum, og \u00fatlag\u00f0i fyrir \u00feeim allt \u00fea\u00f0 \u00ed ritningunum, er hl\u00fdddi upp \u00e1 hann.<a name=\"28\"><span class=\"versanumer\">28<\/span><\/a>N\u00fa t\u00f3ku \u00feeir a\u00f0 n\u00e1lgast \u00feorpi\u00f0, til hv\u00f6rs \u00feeir \u00e6tlu\u00f0u, l\u00e9t hann \u00fe\u00e1, sem \u00e6tla\u00f0i hann lengra a\u00f0 fara;<a name=\"29\"><span class=\"versanumer\">29<\/span><\/a>en \u00feeir b\u00e1\u00f0u hann innilega a\u00f0 vera hj\u00e1 \u00feeim, og s\u00f6g\u00f0u: vert\u00fa hj\u00e1 oss, \u00fev\u00ed a\u00f0 kv\u00f6ld er komi\u00f0 og dagur li\u00f0inn; f\u00f3r hann \u00fe\u00e1 inn \u00ed \u00feorpi\u00f0 og var me\u00f0 \u00feeim.<a name=\"30\"><span class=\"versanumer\">30<\/span><\/a>En svo bar vi\u00f0, \u00fe\u00e1 hann sat til bor\u00f0s me\u00f0 \u00feeim og hann t\u00f3k brau\u00f0i\u00f0, gj\u00f6r\u00f0i Gu\u00f0i \u00feakkir, braut \u00fea\u00f0 og deildi me\u00f0al \u00feeirra,<a name=\"31\"><span class=\"versanumer\">31<\/span><\/a>a\u00f0 \u00fe\u00e1 opnu\u00f0ust \u00feeirra augu, svo \u00feeir \u00feekktu hann, en \u00fe\u00e1 hvarf hann \u00feeim.<a name=\"32\"><span class=\"versanumer\">32<\/span><\/a>\u00de\u00e1 s\u00f6g\u00f0u \u00feeir hv\u00f6r vi\u00f0 annan: hitna\u00f0i okkur ekki um hjartar\u00e6tur, \u00fe\u00e1 hann tala\u00f0i vi\u00f0 okkur \u00e1 veginum og \u00fatlag\u00f0i fyrir okkur Ritningarnar?<a name=\"33\"><span class=\"versanumer\">33<\/span><\/a>St\u00f3\u00f0u \u00feeir \u00fe\u00e1 strax upp og f\u00f3ru aftur til Jer\u00fasalem; \u00fear fundu \u00feeir \u00fe\u00e1 ellefu samansafna\u00f0a, og \u00fe\u00e1, sem me\u00f0 \u00feeim voru,<a name=\"34\"><span class=\"versanumer\">34<\/span><\/a>sem s\u00f6g\u00f0u, a\u00f0 Drottinn v\u00e6ri sannarlega upprisinn og hef\u00f0i birst S\u00edmoni;<a name=\"35\"><span class=\"versanumer\">35<\/span><\/a>en hinir s\u00f6g\u00f0u fr\u00e1 \u00fev\u00ed, sem vi\u00f0 haf\u00f0i bori\u00f0 \u00e1 veginum, og hverninn \u00feeir hef\u00f0u \u00feekkt hann, \u00ed \u00fev\u00ed hann braut brau\u00f0i\u00f0.<br \/><a name=\"36\"><span class=\"versanumer\">36<\/span><\/a>\u00deegar \u00feeir v\u00f3ru a\u00f0 tala um \u00feetta, st\u00f3\u00f0 hann sj\u00e1lfur me\u00f0al \u00feeirra og sag\u00f0i: fri\u00f0ur s\u00e9 me\u00f0 y\u00f0ur!<a name=\"37\"><span class=\"versanumer\">37<\/span><\/a>vi\u00f0 \u00feetta ur\u00f0u \u00feeir n\u00e6sta hr\u00e6ddir, \u00fev\u00ed \u00feeir hugsu\u00f0u a\u00f0 \u00feeir s\u00e6ju anda; hann m\u00e6lti:<a name=\"38\"><span class=\"versanumer\">38<\/span><\/a>hva\u00f0 hr\u00e6\u00f0ist \u00fe\u00e9r, og hv\u00ed vakna hj\u00e1 y\u00f0ar sl\u00edkar hugrenningar?<a name=\"39\"><span class=\"versanumer\">39<\/span><\/a>sko\u00f0i\u00f0 hendur m\u00ednar og f\u00e6tur, a\u00f0 \u00fea\u00f0 er eg. \u00dereifi\u00f0 \u00e1 m\u00e9r, og g\u00e6ti\u00f0 a\u00f0; andi hefir hverki hold n\u00e9 bein, eins og \u00fe\u00e9r sj\u00e1i\u00f0 mig hafa;<a name=\"40\"><span class=\"versanumer\">40<\/span><\/a>og \u00feegar hann haf\u00f0i \u00feetta m\u00e6lt, s\u00fdndi hann \u00feeim hendur s\u00ednar og f\u00e6tur.<a name=\"41\"><span class=\"versanumer\">41<\/span><\/a>En er \u00feeir af f\u00f6gnu\u00f0i og undrun ekki vildu tr\u00faa \u00feessu, sag\u00f0i hann: hafi\u00f0 \u00fe\u00e9r h\u00e9r nokku\u00f0 til matar?<a name=\"42\"><span class=\"versanumer\">42<\/span><\/a>\u00deeir l\u00f6g\u00f0u \u00fe\u00e1 fyrir hann stykki af steiktum fiski og nokku\u00f0 af hunangsk\u00f6ku,<a name=\"43\"><span class=\"versanumer\">43<\/span><\/a>og neytti hann \u00feessa a\u00f0 \u00feeim \u00e1sj\u00e1andi.<br \/><a name=\"44\"><span class=\"versanumer\">44<\/span><\/a>Hann sag\u00f0i til \u00feeirra: \u00feetta er \u00fea\u00f0, sem eg sag\u00f0i y\u00f0ur, me\u00f0an eg var enn me\u00f0 y\u00f0ur, a\u00f0 \u00e1 m\u00e9r \u00e6tti a\u00f0 r\u00e6tast allt \u00fea\u00f0, sem rita\u00f0 er um mig \u00ed l\u00f6gb\u00f3k M\u00f3ses, sp\u00e1m\u00f6nnunum og s\u00e1lmunum.<a name=\"45\"><span class=\"versanumer\">45<\/span><\/a>Opna\u00f0i hann \u00fe\u00e1 hugskot \u00feeirra, svo \u00feeir skildu Ritningarnar,<a name=\"46\"><span class=\"versanumer\">46<\/span><\/a>og sag\u00f0i til \u00feeirra: svo er skrifa\u00f0, \u00feannig \u00e1tti Kristur a\u00f0 l\u00ed\u00f0a og uppr\u00edsa fr\u00e1 dau\u00f0um \u00e1 \u00feri\u00f0ja degi,<a name=\"47\"><span class=\"versanumer\">47<\/span><\/a>og l\u00e1ta \u00ed s\u00ednu umbo\u00f0i kunngj\u00f6ra \u00f6llum \u00fej\u00f3\u00f0um si\u00f0b\u00f3t og fyrirgefningu syndanna, og skyldi fyrst byrja \u00ed Jer\u00fasalem.<a name=\"48\"><span class=\"versanumer\">48<\/span><\/a>En \u00fe\u00e9r eru\u00f0 vottar alls \u00feessa.<a name=\"49\"><span class=\"versanumer\">49<\/span><\/a>Sj\u00e1i\u00f0, eg mun senda yfir y\u00f0ur \u00fea\u00f0, sem minn Fa\u00f0ir hefir heiti\u00f0 <span class='VideyAth'>a)<\/span>; en \u00fe\u00e9r skulu\u00f0 halda kyrru fyrir \u00ed borginni, \u00fear til \u00fe\u00e9r hafi\u00f0 \u00edkl\u00e6\u00f0st krafti fr\u00e1 h\u00e6\u00f0um.<br \/><a name=\"50\"><span class=\"versanumer\">50<\/span><\/a>S\u00ed\u00f0an f\u00f3r hann me\u00f0 \u00feeim \u00fat til Betan\u00edu, h\u00f3f upp hendur s\u00ednar og blessa\u00f0i \u00fe\u00e1;<a name=\"51\"><span class=\"versanumer\">51<\/span><\/a>en me\u00f0an hann var a\u00f0 blessa \u00fe\u00e1, skildist hann fr\u00e1 \u00feeim og var\u00f0 uppnuminn til himna.<a name=\"52\"><span class=\"versanumer\">52<\/span><\/a>En \u00feeir f\u00e9llu fram og tilb\u00e1\u00f0u hann. Sneru s\u00ed\u00f0an aftur til Jer\u00fasalem n\u00e6sta gla\u00f0ir,<a name=\"53\"><span class=\"versanumer\">53<\/span><\/a>og voru st\u00f6\u00f0uglega \u00ed musterinu, lofandi Gu\u00f0 og vegsamandi.<\/p>\n<div class=\"footnoteVidey\">V. 1\u201353. Matt. 28,1\u201326. Mark. 16,1\u201320. J\u00f3h. 20,1\u201325.  V. 13. a. \u00deeim, nfl. l\u00e6risveinum Jes\u00fa, sem h\u00f6f\u00f0u a\u00f0hyllst hans kenningu, en ekki voru hans postular.  V. 34. S\u00edm\u00f3ni, \u00fe. e. P\u00e9tri.  V. 49. \u00de. e. heilagan anda.<\/div>\n","protected":false},"excerpt":{"rendered":"<p>Englar bo\u00f0a kvinnunum Jes\u00fa upprisu; Jes\u00fas birtist \u00feeim tveimur, sem gengu til Emaus, og \u00feeim t\u00edu; heimf\u00e6rir upp \u00e1 sig sp\u00e1d\u00f3mana og lofar l\u00e6risveinunum heil\u00f6gum anda; upp st\u00edgur til himna. 1\u00deann fyrsta dag vikunnar, strax er l\u00fdsti af degi, komu \u00fe\u00e6r til legsta\u00f0arins, og h\u00f6f\u00f0u me\u00f0 s\u00e9r smyrsl \u00feau, er \u00fe\u00e6r h\u00f6f\u00f0u tilb\u00fai\u00f0, og nokkrar a\u00f0rar konur me\u00f0 \u00feeim;2fundu \u00fe\u00e6r \u00fe\u00e1 steininn veltan fr\u00e1 legsta\u00f0armynninu,3gengu s\u00ed\u00f0an inn og fundu ekki l\u00edk Drottins Jes\u00fa,4en me\u00f0an \u00fe\u00e6r voru a\u00f0 undrast yfir \u00feessu, \u00fe\u00e1 sj\u00e1! tveir menn st\u00f3\u00f0u hj\u00e1 \u00feeim \u00ed sk\u00ednandi kl\u00e6\u00f0um.5Vi\u00f0 \u00feetta ur\u00f0u \u00fe\u00e6r hr\u00e6ddar, og hneig\u00f0u andlit s\u00edn til jar\u00f0ar; <a href=\"https:\/\/biblian.is\/videy\/lukasargudspjall-24-kafli\/\"> [&#8230;]<\/a><\/p>\n","protected":false},"author":1,"featured_media":0,"parent":0,"menu_order":0,"comment_status":"open","ping_status":"open","template":"bibliukaflar.php","meta":{"footnotes":""},"class_list":["post-21846","page","type-page","status-publish","hentry"],"_links":{"self":[{"href":"https:\/\/biblian.is\/videy\/wp-json\/wp\/v2\/pages\/21846","targetHints":{"allow":["GET"]}}],"collection":[{"href":"https:\/\/biblian.is\/videy\/wp-json\/wp\/v2\/pages"}],"about":[{"href":"https:\/\/biblian.is\/videy\/wp-json\/wp\/v2\/types\/page"}],"author":[{"embeddable":true,"href":"https:\/\/biblian.is\/videy\/wp-json\/wp\/v2\/users\/1"}],"replies":[{"embeddable":true,"href":"https:\/\/biblian.is\/videy\/wp-json\/wp\/v2\/comments?post=21846"}],"version-history":[{"count":0,"href":"https:\/\/biblian.is\/videy\/wp-json\/wp\/v2\/pages\/21846\/revisions"}],"wp:attachment":[{"href":"https:\/\/biblian.is\/videy\/wp-json\/wp\/v2\/media?parent=21846"}],"curies":[{"name":"wp","href":"https:\/\/api.w.org\/{rel}","templated":true}]}}