{"id":21844,"date":"2018-01-02T01:04:22","date_gmt":"2018-01-02T01:04:22","guid":{"rendered":"http:\/\/biblian.is\/videy\/lukasargudspjall-22-kafli\/"},"modified":"2018-01-02T01:04:22","modified_gmt":"2018-01-02T01:04:22","slug":"lukasargudspjall-22-kafli","status":"publish","type":"page","link":"https:\/\/biblian.is\/videy\/lukasargudspjall-22-kafli\/","title":{"rendered":"L\u00fakasargu\u00f0spjall 22. kafli"},"content":{"rendered":"<div class=\"fyrirsognVidey\">Gy\u00f0ingar r\u00e1\u00f0gast um a\u00f0 fyrirkoma Jes\u00fa; J\u00fadas sv\u00edkur hann; Jes\u00fas etur p\u00e1skalambi\u00f0 og innsetur kv\u00f6ldm\u00e1lt\u00ed\u00f0ina; \u00e1minnir til au\u00f0m\u00fdktar og hughreystir l\u00e6risveinana; fyrirsegir P\u00e9turs hr\u00f6sun, og \u00fe\u00e6r freistingar sem l\u00e6risveinunum s\u00e9u b\u00fanar; Jes\u00fa s\u00e1larangist \u00ed grasgar\u00f0inum; hann er tekinn h\u00f6ndum; P\u00e9turs afneitan; Jes\u00fas er spotta\u00f0ur og sleginn; j\u00e1tar sig Krist a\u00f0 vera.<\/div>\n<p><a name=\"1\"><span class=\"versanumer\">1<\/span><\/a>N\u00fa n\u00e1lga\u00f0ist h\u00e1t\u00ed\u00f0in \u00f3s\u00fdr\u00f0u brau\u00f0anna, sem p\u00e1skar heita.<a name=\"2\"><span class=\"versanumer\">2<\/span><\/a>\u00de\u00e1 b\u00e1ru enir \u00e6\u00f0stu prestar og skriftl\u00e6r\u00f0ir r\u00e1\u00f0 s\u00edn saman um, hv\u00f6rninn \u00feeir skyldu r\u00e1\u00f0a hann af d\u00f6gum, \u00fev\u00ed \u00feeir voru hr\u00e6ddir vi\u00f0 al\u00fe\u00fd\u00f0una.<a name=\"3\"><span class=\"versanumer\">3<\/span><\/a>En \u00fe\u00e1 f\u00f3r Satan \u00ed J\u00fadas, er kenndur var vi\u00f0 Kar\u00edot, einn af \u00feeim t\u00f3lf;<a name=\"4\"><span class=\"versanumer\">4<\/span><\/a>hann f\u00f3r og kom a\u00f0 m\u00e1li vi\u00f0 \u00fe\u00e1 \u00e6\u00f0stu presta og var\u00f0manna foringjana um \u00fea\u00f0, hv\u00f6rninn hann skyldi koma honum \u00e1 vald \u00feeirra.<a name=\"5\"><span class=\"versanumer\">5<\/span><\/a>Vi\u00f0 \u00feetta gl\u00f6ddust \u00feeir, og s\u00f6mdu vi\u00f0 hann um a\u00f0 gefa honum f\u00e9 \u00fear til.<a name=\"6\"><span class=\"versanumer\">6<\/span><\/a>En hann gekkst undir \u00feetta, og s\u00e6tti t\u00e6kif\u00e6ri a\u00f0 koma honum \u00e1 vald \u00feeirra, \u00e1n \u00feess a\u00f0 upphlaup yr\u00f0i.<br \/><a name=\"7\"><span class=\"versanumer\">7<\/span><\/a>N\u00fa kom dagur enna \u00f3s\u00fdr\u00f0u brau\u00f0anna, \u00feegar p\u00e1skalambinu skyldi sl\u00e1tra.<a name=\"8\"><span class=\"versanumer\">8<\/span><\/a>\u00de\u00e1 sendi Jes\u00fas P\u00e9tur og J\u00f3hannes, og sag\u00f0i: fari\u00f0 \u00fe\u00e9r og matb\u00fai\u00f0 p\u00e1skalambi\u00f0 fyrir oss, svo v\u00e9r neytum \u00feess.<a name=\"9\"><span class=\"versanumer\">9<\/span><\/a>\u00deeir spur\u00f0u: hvar hann vildi l\u00e1ta matb\u00faa?<a name=\"10\"><span class=\"versanumer\">10<\/span><\/a>\u00deegar\u2014sag\u00f0i hann\u2014\u00fei\u00f0 komi\u00f0 \u00ed borgina, mun m\u00e6ta y\u00f0ur ma\u00f0ur, sem ber vatnskr\u00fas, fylgi\u00f0 honum til \u00feess h\u00fass, sem hann fer inn \u00ed,<a name=\"11\"><span class=\"versanumer\">11<\/span><\/a>og segi\u00f0 svo h\u00fassb\u00f3ndanum: Meistarinn spyr \u00feig, hvar \u00fea\u00f0 herbergi s\u00e9, hvar hann geti neytt p\u00e1skalambsins me\u00f0 l\u00e6risveinum s\u00ednum;<a name=\"12\"><span class=\"versanumer\">12<\/span><\/a>mun hann \u00fe\u00e1 s\u00fdna y\u00f0ur loftsal mikinn, vel uppb\u00fain; b\u00fai\u00f0 \u00fear til matar.<a name=\"13\"><span class=\"versanumer\">13<\/span><\/a>\u00deeir f\u00f3ru og fundu allt eins og hann haf\u00f0i fyrirsagt, og matreiddu \u00fear p\u00e1skalambi\u00f0.<a name=\"14\"><span class=\"versanumer\">14<\/span><\/a>N\u00fa er t\u00edmi var til, gekk hann undir bor\u00f0, og \u00feeir t\u00f3lf postular me\u00f0 honum.<a name=\"15\"><span class=\"versanumer\">15<\/span><\/a>\u00de\u00e1 sag\u00f0i hann: hjartanlega hefir mig langa\u00f0 eftir a\u00f0 neyta \u00feessarar p\u00e1skam\u00e1lt\u00ed\u00f0ar me\u00f0 y\u00f0ur, \u00e1\u00f0ur en eg l\u00ed\u00f0;<a name=\"16\"><span class=\"versanumer\">16<\/span><\/a>\u00fev\u00ed tr\u00fai\u00f0 m\u00e9r: eg mun ekki neyta hennar framar, til \u00feess eg f\u00e6 hana enn \u00fe\u00e1 fullkomnari \u00ed Gu\u00f0s r\u00edki.<a name=\"17\"><span class=\"versanumer\">17<\/span><\/a>\u00de\u00e1 t\u00f3k hann bikarinn, gj\u00f6r\u00f0i Gu\u00f0i \u00feakkir og m\u00e6lti: me\u00f0taki\u00f0 hann, og skipti\u00f0 honum me\u00f0al y\u00f0ar;<a name=\"18\"><span class=\"versanumer\">18<\/span><\/a>\u00fev\u00ed eg segi y\u00f0ur satt, a\u00f0 eg mun ekki v\u00edn drekka til \u00feess Gu\u00f0s r\u00edki kemur.<a name=\"19\"><span class=\"versanumer\">19<\/span><\/a>S\u00ed\u00f0an t\u00f3k hann brau\u00f0i\u00f0, gj\u00f6r\u00f0i Gu\u00f0i \u00feakkir, braut \u00fea\u00f0, gaf \u00feeim \u00fea\u00f0 og m\u00e6lti: \u00deetta er minn l\u00edkami, sem fyrir y\u00f0ur ver\u00f0ur gefinn, gj\u00f6ri\u00f0 \u00feetta \u00ed m\u00edna minningu.<a name=\"20\"><span class=\"versanumer\">20<\/span><\/a>S\u00f6mulei\u00f0is bikarinn a\u00f0 endu\u00f0um kv\u00f6ldver\u00f0i, og m\u00e6lti: \u00feessi bikar er s\u00e1 n\u00fdi s\u00e1ttm\u00e1li, <span class='VideyAth'>(sem sta\u00f0festist)<\/span> me\u00f0 m\u00ednu bl\u00f3\u00f0i, sem fyrir y\u00f0ur ver\u00f0ur \u00fathellt.<a name=\"21\"><span class=\"versanumer\">21<\/span><\/a>En sj\u00e1! s\u00e1, sem mig sv\u00edkur, situr til bor\u00f0s me\u00f0 m\u00e9r.<a name=\"22\"><span class=\"versanumer\">22<\/span><\/a>Um Mannsins Son mun a\u00f0 s\u00f6nnu fara eins og \u00e1lykta\u00f0 er, en vei \u00feeim manni, sem sv\u00edkur hann.<a name=\"23\"><span class=\"versanumer\">23<\/span><\/a>\u00de\u00e1 t\u00f3ku \u00feeir a\u00f0 spyrjast \u00e1, hv\u00f6r s\u00e1 v\u00e6ri af \u00feeim, er \u00feetta mundi fremja. <br \/><a name=\"24\"><span class=\"versanumer\">24<\/span><\/a>S\u00ed\u00f0an h\u00f3fst kappr\u00e6\u00f0a me\u00f0al \u00feeirra um \u00fea\u00f0, hv\u00f6r \u00feeirra v\u00e6ri mestur,<a name=\"25\"><span class=\"versanumer\">25<\/span><\/a>\u00fe\u00e1 sag\u00f0i hann vi\u00f0 \u00fe\u00e1: konunga, sem r\u00edkjum r\u00e1\u00f0a og maktarmenn, kalla menn n\u00e1\u00f0uga Herra;<a name=\"26\"><span class=\"versanumer\">26<\/span><\/a>en \u00feanninn skal \u00fea\u00f0 ekki vera me\u00f0al y\u00f0ar, heldur \u00e1 s\u00e1, sem mestur er y\u00f0ar \u00e1 milli, a\u00f0 heg\u00f0a s\u00e9r, sem v\u00e6ri hann minnstur, og s\u00e1, sem yfirr\u00e1\u00f0in hefir, eins og v\u00e6ri hann \u00fej\u00f3n hinna.<a name=\"27\"><span class=\"versanumer\">27<\/span><\/a>\u00dev\u00ed hv\u00f6r er meiri, s\u00e1, sem situr til bor\u00f0s, e\u00f0ur hinn, sem \u00fej\u00f3nar fyrir bor\u00f0i? er \u00fea\u00f0 ekki s\u00e1, sem til bor\u00f0s situr? en eg er me\u00f0al y\u00f0ar, sem \u00fej\u00f3nustuma\u00f0ur.<a name=\"28\"><span class=\"versanumer\">28<\/span><\/a>\u00de\u00e9r eru\u00f0 \u00feeir, sem st\u00f6\u00f0ugir hafi\u00f0 veri\u00f0 me\u00f0 m\u00e9r \u00ed freistingum m\u00ednum;<a name=\"29\"><span class=\"versanumer\">29<\/span><\/a>eg heiti y\u00f0ur og h\u00e9r me\u00f0 r\u00edki, eins og Fa\u00f0ir minn hefir heiti\u00f0 m\u00e9r,<a name=\"30\"><span class=\"versanumer\">30<\/span><\/a>svo a\u00f0 \u00fe\u00e9r skulu\u00f0 sitja til bor\u00f0s me\u00f0 m\u00e9r \u00ed r\u00edki m\u00ednu, l\u00edka skulu\u00f0 \u00fe\u00e9r sitja \u00ed h\u00e1s\u00e6tum og d\u00e6ma allar t\u00f3lf \u00cdsraels kynkv\u00edslir.<br \/><a name=\"31\"><span class=\"versanumer\">31<\/span><\/a>Ennframar sag\u00f0i Drottinn: S\u00edmon, S\u00edmon! g\u00e6t \u00fe\u00fa \u00feess, a\u00f0 Satan hefir leitast vi\u00f0 a\u00f0 s\u00e6lda y\u00f0ur sem hveiti,<a name=\"32\"><span class=\"versanumer\">32<\/span><\/a>en eg hefi be\u00f0i\u00f0 fyrir \u00fe\u00e9r, a\u00f0 \u00fe\u00edn tr\u00fa ekki skyldi \u00ferotna, og \u00feegar \u00fe\u00fa loksins s\u00e9r\u00f0 a\u00f0 \u00fe\u00e9r, \u00fe\u00e1 styrk \u00fe\u00fa tr\u00fa br\u00e6\u00f0ra \u00feinna.<a name=\"33\"><span class=\"versanumer\">33<\/span><\/a>P\u00e9tur m\u00e6lti: rei\u00f0ub\u00fainn er eg, Herra! a\u00f0 fylgja \u00fe\u00e9r jafnvel \u00ed fangelsi og dau\u00f0a.<a name=\"34\"><span class=\"versanumer\">34<\/span><\/a>Jes\u00fas m\u00e6lti: sannlega segi eg \u00fe\u00e9r \u00fea\u00f0, P\u00e9tur! a\u00f0 \u00fe\u00fa munt \u00ferisvar hafa neita\u00f0 \u00fev\u00ed, a\u00f0 \u00fe\u00fa \u00feekktir mig, \u00e1\u00f0ur en haninn gelur \u00ed dag.<a name=\"35\"><span class=\"versanumer\">35<\/span><\/a>S\u00ed\u00f0an spur\u00f0i hann \u00fe\u00e1: \u00feegar eg sendi y\u00f0ur \u00e1n pyngju, mals og sk\u00f3a, hv\u00f6rt brast y\u00f0ur \u00fe\u00e1 nokku\u00f0? ekkert, s\u00f6g\u00f0u \u00feeir.<a name=\"36\"><span class=\"versanumer\">36<\/span><\/a>\u00de\u00e1 sag\u00f0i hann: en hv\u00f6r y\u00f0ar, sem n\u00fa hefir pyngju e\u00f0ur mal, taki hann \u00fea\u00f0, og s\u00e9 s\u00e1 nokkur, sem ekki hefir, selji hann yfirh\u00f6fn s\u00edna, og kaupi sver\u00f0;<a name=\"37\"><span class=\"versanumer\">37<\/span><\/a>\u00fev\u00ed eg segi y\u00f0ur: a\u00f0 n\u00fa hl\u00fdtur \u00fea\u00f0 a\u00f0 koma fram \u00e1 m\u00e9r, sem skrifa\u00f0 er: \u201eme\u00f0al illvirkja er hann talinn,\u201c og \u00fea\u00f0 sem um mig er sp\u00e1\u00f0, mun n\u00fa r\u00e6tast.<a name=\"38\"><span class=\"versanumer\">38<\/span><\/a>\u00deeir m\u00e6ltu: v\u00e9r h\u00f6fum tv\u00f6 sver\u00f0. Hann kva\u00f0 \u00fea\u00f0 n\u00f3g vera.<br \/><a name=\"39\"><span class=\"versanumer\">39<\/span><\/a>S\u00ed\u00f0an gekk hann \u00fat \u00far borginni og f\u00f3r, sem hann var vanur, til Vi\u00f0smj\u00f6rsvi\u00f0arfjallsins, og fylgdu honum l\u00e6risveinar hans;<a name=\"40\"><span class=\"versanumer\">40<\/span><\/a>\u00feegar hann var \u00feanga\u00f0 kominn, \u00fe\u00e1 sag\u00f0i hann: bi\u00f0ji\u00f0, a\u00f0 \u00fe\u00e9r falli\u00f0 ekki \u00ed freistni.<a name=\"41\"><span class=\"versanumer\">41<\/span><\/a>Gekk hann \u00fe\u00e1 fr\u00e1 \u00feeim n\u00e6r einu steinsnari, f\u00e9ll \u00e1 kn\u00e9 og ba\u00f0 \u00e1 \u00feessa lei\u00f0:<a name=\"42\"><span class=\"versanumer\">42<\/span><\/a>Fa\u00f0ir! \u00f3 a\u00f0 \u00fe\u00fa vildir taka \u00feenna bikar fr\u00e1 m\u00e9r! en ver\u00f0i samt \u00feinn, en ekki minn vilji!<a name=\"43\"><span class=\"versanumer\">43<\/span><\/a>birtist honum \u00fe\u00e1 engill af himni, s\u00e1 e\u00f0 styrkti hann;<a name=\"44\"><span class=\"versanumer\">44<\/span><\/a>og er hann var staddur \u00ed dau\u00f0ans angist, t\u00f3k hann enn \u00e1kafar a\u00f0 bi\u00f0ja; en sveiti hans var sem bl\u00f3\u00f0dropar, er falla \u00e1 j\u00f6r\u00f0u.<a name=\"45\"><span class=\"versanumer\">45<\/span><\/a>S\u00ed\u00f0an st\u00f3\u00f0 hann upp fr\u00e1 b\u00e6n sinni, kom til l\u00e6risveina sinna, og hann fann \u00fe\u00e1 sofandi af hrygg\u00f0.<a name=\"46\"><span class=\"versanumer\">46<\/span><\/a>\u00de\u00e1 sag\u00f0i hann vi\u00f0 \u00fe\u00e1: hv\u00ed sofi\u00f0 \u00fe\u00e9r? r\u00edsi\u00f0 upp og bi\u00f0ji\u00f0, a\u00f0 \u00fe\u00e9r falli\u00f0 ekki \u00ed freistni.<br \/><a name=\"47\"><span class=\"versanumer\">47<\/span><\/a>Me\u00f0an hann var \u00feetta a\u00f0 m\u00e6la, \u00fe\u00e1 kom flokkur manna og fyrir honum s\u00e1 \u00e1minnsti J\u00fadas, einn af \u00feeim t\u00f3lf. Hann veik s\u00e9r a\u00f0 Jes\u00fa, og minntist vi\u00f0 hann.<a name=\"48\"><span class=\"versanumer\">48<\/span><\/a>Jes\u00fas m\u00e6lti: J\u00fadas! sv\u00edkur \u00fe\u00fa Mannsins Son me\u00f0 kossi?<a name=\"49\"><span class=\"versanumer\">49<\/span><\/a>en er \u00feeir, sem me\u00f0 honum voru, s\u00e1u hva\u00f0 ver\u00f0a mundi, s\u00f6g\u00f0u \u00feeir: Herra! eigum v\u00e9r ekki a\u00f0 breg\u00f0a sver\u00f0i?<a name=\"50\"><span class=\"versanumer\">50<\/span><\/a>Og einn af \u00feeim hj\u00f3 til \u00fej\u00f3ns ens \u00e6\u00f0sta prests, og snei\u00f0 af honum hans h\u00e6gra eyra.<a name=\"51\"><span class=\"versanumer\">51<\/span><\/a>Jes\u00fas m\u00e6lti: l\u00e1ti\u00f0 h\u00e9r vi\u00f0 sta\u00f0ar nema, hr\u00e6r\u00f0i vi\u00f0 eyra \u00fej\u00f3nsins og l\u00e6kna\u00f0i hann.<a name=\"52\"><span class=\"versanumer\">52<\/span><\/a>S\u00ed\u00f0an sag\u00f0i Jes\u00fas til \u00feeirra \u00e6\u00f0stu presta og fyrirli\u00f0a var\u00f0manna musterisins, samt \u00f6ldunganna: \u00fe\u00e9r hafi\u00f0 fari\u00f0 me\u00f0 sver\u00f0um og forkum til a\u00f0 h\u00f6ndla mig eins og r\u00e6ningja;<a name=\"53\"><span class=\"versanumer\">53<\/span><\/a>en \u00e1 hv\u00f6rjum degi hefi eg veri\u00f0 hj\u00e1 y\u00f0ur \u00ed musterinu, og \u00fe\u00e9r hafi\u00f0 eigi lagt hendur \u00e1 mig, en \u00feessi er y\u00f0ar t\u00edmi og myrkranna veldi.<br \/><a name=\"54\"><span class=\"versanumer\">54<\/span><\/a>N\u00fa er \u00feeir h\u00f6f\u00f0u handteki\u00f0 hann, f\u00e6r\u00f0u \u00feeir hann \u00ed h\u00fas ens \u00e6\u00f0sta prests; en P\u00e9tur fylgdi eftir \u00e1lengdar.<a name=\"55\"><span class=\"versanumer\">55<\/span><\/a>H\u00f6f\u00f0u menn kveiktan eld \u00ed mi\u00f0jum hallargar\u00f0inum, og sest vi\u00f0 hann; t\u00f3k P\u00e9tur s\u00e9r \u00fe\u00e1 s\u00e6ti vi\u00f0 hann me\u00f0al \u00feeirra.<a name=\"56\"><span class=\"versanumer\">56<\/span><\/a>En er amb\u00e1tt nokkur s\u00e1 hann vi\u00f0 eldinn, star\u00f0i h\u00fan \u00e1 hann og m\u00e6lti: \u00feessi ma\u00f0ur var me\u00f0 honum;<a name=\"57\"><span class=\"versanumer\">57<\/span><\/a>en hann neita\u00f0i \u00fev\u00ed og sag\u00f0i: kona! eg \u00feekki ekki \u00feann mann.<a name=\"58\"><span class=\"versanumer\">58<\/span><\/a>Litlu s\u00ed\u00f0ar s\u00e1 hann annar ma\u00f0ur og sag\u00f0i: \u00fe\u00fa ert og einn af \u00feeim; en P\u00e9tur kva\u00f0 nei vi\u00f0 \u00fev\u00ed.<a name=\"59\"><span class=\"versanumer\">59<\/span><\/a>N\u00fa er li\u00f0inn var h\u00e9r um bil einn t\u00edmi, styrkti annar ma\u00f0ur \u00feetta og sag\u00f0i: \u00ed sannleika var \u00feessi ma\u00f0ur me\u00f0 honum, \u00fev\u00ed hann er galverskur.<a name=\"60\"><span class=\"versanumer\">60<\/span><\/a>P\u00e9tur m\u00e6lti: eg skil ekki, ma\u00f0ur! hva\u00f0 \u00fe\u00fa segir, og strax, sem hann var \u00feetta a\u00f0 tala, g\u00f3l haninn;<a name=\"61\"><span class=\"versanumer\">61<\/span><\/a>En Drottinn sneri s\u00e9r vi\u00f0, og leit til P\u00e9turs, minntist \u00fe\u00e1 P\u00e9tur \u00feess, er Drottinn haf\u00f0i sagt, a\u00f0 \u00e1\u00f0ur en haninn gala\u00f0i, mundi hann \u00ferisvar hafa afneita\u00f0 s\u00e9r;<a name=\"62\"><span class=\"versanumer\">62<\/span><\/a>gekk hann \u00fe\u00e1 \u00fat og gr\u00e9t s\u00e1ran.<br \/><a name=\"63\"><span class=\"versanumer\">63<\/span><\/a>En \u00feeir menn, sem h\u00f6f\u00f0u Jes\u00fam \u00ed var\u00f0haldi, gj\u00f6r\u00f0u gys a\u00f0 honum, og b\u00f6r\u00f0u hann,<a name=\"64\"><span class=\"versanumer\">64<\/span><\/a>byrg\u00f0u fyrir augu hans og sl\u00f3gu \u00ed andlit honum og s\u00f6g\u00f0u: sp\u00e1 \u00fe\u00fa, hv\u00f6r var s\u00e1, sem bar\u00f0i \u00feig?<a name=\"65\"><span class=\"versanumer\">65<\/span><\/a>Og margt anna\u00f0 s\u00f6g\u00f0u \u00feeir h\u00e1\u00f0uglegt vi\u00f0 hann.<br \/><a name=\"66\"><span class=\"versanumer\">66<\/span><\/a>A\u00f0 morgni s\u00f6fnu\u00f0ust saman \u00f6ldungar l\u00fd\u00f0sins, enir \u00e6\u00f0stu prestar og skriftl\u00e6r\u00f0ir og f\u00e6r\u00f0u hann \u00ed r\u00e1\u00f0stofu \u00feeirra,<a name=\"67\"><span class=\"versanumer\">67<\/span><\/a>og kr\u00f6f\u00f0u hann a\u00f0 segja s\u00e9r, hv\u00f6rt hann v\u00e6ri Kristur. Hann m\u00e6lti: \u00fe\u00f3 eg segi y\u00f0ur \u00fea\u00f0, \u00fe\u00e1 tr\u00fai\u00f0 \u00fe\u00e9r \u00fev\u00ed ekki;<a name=\"68\"><span class=\"versanumer\">68<\/span><\/a>en spyrji eg y\u00f0ur nokkurs, \u00fe\u00e1 svari\u00f0 \u00fe\u00e9r m\u00e9r ekki, e\u00f0a l\u00e1ti\u00f0 mig lausan,<a name=\"69\"><span class=\"versanumer\">69<\/span><\/a>en fr\u00e1 \u00feessum t\u00edma mun Mannsins Sonur sitja til h\u00e6gri handar Gu\u00f0s kraftar.<a name=\"70\"><span class=\"versanumer\">70<\/span><\/a>\u00de\u00e1 spur\u00f0u \u00feeir allir: ert \u00fe\u00fa \u00fe\u00e1 Gu\u00f0s Sonur? hann m\u00e6lti: \u00fe\u00e9r segi\u00f0 satt, \u00fev\u00ed eg em \u00fea\u00f0.<a name=\"71\"><span class=\"versanumer\">71<\/span><\/a>\u00de\u00e1 s\u00f6g\u00f0u \u00feeir: hva\u00f0 \u00feurfum v\u00e9r n\u00fa framar vitna vi\u00f0, \u00fear v\u00e9r h\u00f6fum sj\u00e1lfir heyrt \u00fea\u00f0 af hans munni?<\/p>\n<div class=\"footnoteVidey\">V. 7\u201323. Matt. 26,17\u201329. Mark. 14,12\u201325.  V. 24. Matt. 18,1.  V. 25\u201327. Matt. 20,25\u201327. Mark. 10,42\u201345. Sbr. J\u00f3h. 13,13\u201317.  V. 28\u201330, sbr. Matt. 19,27\u201328.  V. 31. sbr. Job. 1,1\u201311.  V. 34. Mark. 14,27\u201331. Matt. 26,31\u201335.  V. 37. Esa. 53,12.  V. 39. Matt. 26,36\u201346. Mark. 14,32\u201342.  V. 47\u201353.69\u201375. Mark. 14,48\u201354.66\u201372. J\u00f3h. 18,3\u201311.  V. 54\u201362. J\u00f3h. 18,12\u201327. Matt. 26,57.69\u201375. Mark. 14,53.66\u201372.  V. 63\u201365. Matt. 26,67.68. Mark. 14,65.  V. 66. Matt. 26,63\u201366. Mark. 14,61\u201364.<\/div>\n","protected":false},"excerpt":{"rendered":"<p>Gy\u00f0ingar r\u00e1\u00f0gast um a\u00f0 fyrirkoma Jes\u00fa; J\u00fadas sv\u00edkur hann; Jes\u00fas etur p\u00e1skalambi\u00f0 og innsetur kv\u00f6ldm\u00e1lt\u00ed\u00f0ina; \u00e1minnir til au\u00f0m\u00fdktar og hughreystir l\u00e6risveinana; fyrirsegir P\u00e9turs hr\u00f6sun, og \u00fe\u00e6r freistingar sem l\u00e6risveinunum s\u00e9u b\u00fanar; Jes\u00fa s\u00e1larangist \u00ed grasgar\u00f0inum; hann er tekinn h\u00f6ndum; P\u00e9turs afneitan; Jes\u00fas er spotta\u00f0ur og sleginn; j\u00e1tar sig Krist a\u00f0 vera. 1N\u00fa n\u00e1lga\u00f0ist h\u00e1t\u00ed\u00f0in \u00f3s\u00fdr\u00f0u brau\u00f0anna, sem p\u00e1skar heita.2\u00de\u00e1 b\u00e1ru enir \u00e6\u00f0stu prestar og skriftl\u00e6r\u00f0ir r\u00e1\u00f0 s\u00edn saman um, hv\u00f6rninn \u00feeir skyldu r\u00e1\u00f0a hann af d\u00f6gum, \u00fev\u00ed \u00feeir voru hr\u00e6ddir vi\u00f0 al\u00fe\u00fd\u00f0una.3En \u00fe\u00e1 f\u00f3r Satan \u00ed J\u00fadas, er kenndur var vi\u00f0 Kar\u00edot, einn af \u00feeim t\u00f3lf;4hann f\u00f3r og kom a\u00f0 <a href=\"https:\/\/biblian.is\/videy\/lukasargudspjall-22-kafli\/\"> [&#8230;]<\/a><\/p>\n","protected":false},"author":1,"featured_media":0,"parent":0,"menu_order":0,"comment_status":"open","ping_status":"open","template":"bibliukaflar.php","meta":{"footnotes":""},"class_list":["post-21844","page","type-page","status-publish","hentry"],"_links":{"self":[{"href":"https:\/\/biblian.is\/videy\/wp-json\/wp\/v2\/pages\/21844","targetHints":{"allow":["GET"]}}],"collection":[{"href":"https:\/\/biblian.is\/videy\/wp-json\/wp\/v2\/pages"}],"about":[{"href":"https:\/\/biblian.is\/videy\/wp-json\/wp\/v2\/types\/page"}],"author":[{"embeddable":true,"href":"https:\/\/biblian.is\/videy\/wp-json\/wp\/v2\/users\/1"}],"replies":[{"embeddable":true,"href":"https:\/\/biblian.is\/videy\/wp-json\/wp\/v2\/comments?post=21844"}],"version-history":[{"count":0,"href":"https:\/\/biblian.is\/videy\/wp-json\/wp\/v2\/pages\/21844\/revisions"}],"wp:attachment":[{"href":"https:\/\/biblian.is\/videy\/wp-json\/wp\/v2\/media?parent=21844"}],"curies":[{"name":"wp","href":"https:\/\/api.w.org\/{rel}","templated":true}]}}