{"id":21843,"date":"2018-01-02T01:04:22","date_gmt":"2018-01-02T01:04:22","guid":{"rendered":"http:\/\/biblian.is\/videy\/lukasargudspjall-21-kafli\/"},"modified":"2018-01-02T01:04:22","modified_gmt":"2018-01-02T01:04:22","slug":"lukasargudspjall-21-kafli","status":"publish","type":"page","link":"https:\/\/biblian.is\/videy\/lukasargudspjall-21-kafli\/","title":{"rendered":"L\u00fakasargu\u00f0spjall 21. kafli"},"content":{"rendered":"<div class=\"fyrirsognVidey\">Jes\u00fas hr\u00f3sar gj\u00f6f ekkjunnar er lag\u00f0i \u00ed f\u00e9hirslu Gu\u00f0s; talar um musterisins og Jer\u00fasalems ey\u00f0ileggingu, og enda heimsins; kennir daglega \u00ed musterinu.<\/div>\n<p><a name=\"1\"><span class=\"versanumer\">1<\/span><\/a>\u00de\u00e1 leit hann upp, og s\u00e1 \u00fe\u00e1 enu r\u00edku, er l\u00f6g\u00f0u gjafir s\u00ednar \u00ed f\u00e9hirslu musterisins;<a name=\"2\"><span class=\"versanumer\">2<\/span><\/a>var\u00f0 honum \u00fe\u00e1 liti\u00f0 til einnar ekkju f\u00e1t\u00e6krar, er lag\u00f0i \u00fear inn tvo sm\u00e1peninga.<a name=\"3\"><span class=\"versanumer\">3<\/span><\/a>\u00de\u00e1 sag\u00f0i hann: tr\u00fai\u00f0 m\u00e9r! \u00feessi f\u00e1t\u00e6ka ekkja hefir meira lagt en nokkur annarra;<a name=\"4\"><span class=\"versanumer\">4<\/span><\/a>\u00fev\u00ed hinir allir hafa lagt \u00ed f\u00e9hirslu Gu\u00f0s af \u00fev\u00ed, sem \u00feeir h\u00f6f\u00f0u afgangs, en \u00feessi gaf af f\u00e1t\u00e6kt sinni aleigu s\u00edna. <br \/><a name=\"5\"><span class=\"versanumer\">5<\/span><\/a>\u00de\u00e1 nokkrir t\u00f6lu\u00f0u um a\u00f0 musteri\u00f0 v\u00e6ri pr\u00fdtt me\u00f0 f\u00f6grum steinum og heitgj\u00f6fum, ansa\u00f0i hann:<a name=\"6\"><span class=\"versanumer\">6<\/span><\/a>\u00feeir dagar munu koma, a\u00f0 af \u00feessu, sem \u00fe\u00e9r n\u00fa sj\u00e1i\u00f0, mun ekki steinn yfir steini standa, sem eigi ver\u00f0i ni\u00f0urrifinn.<a name=\"7\"><span class=\"versanumer\">7<\/span><\/a>N\u00e6r ver\u00f0ur \u00fea\u00f0? Meistari! spur\u00f0u \u00feeir, og hva\u00f0 skal til marks hafa um \u00fea\u00f0, hv\u00f6n\u00e6r sl\u00edkt eigi a\u00f0 ske?<a name=\"8\"><span class=\"versanumer\">8<\/span><\/a>Hann svara\u00f0i: gjaldi\u00f0 varhuga vi\u00f0, a\u00f0 \u00fe\u00e9r ver\u00f0i\u00f0 ekki fleka\u00f0ir, \u00fev\u00ed margir munu koma \u00ed m\u00ednu nafni og segja sig Krist a\u00f0 vera, og n\u00fa s\u00e9 t\u00edminn kominn, en fylli\u00f0 ekki flokk \u00feeirra.<a name=\"9\"><span class=\"versanumer\">9<\/span><\/a>N\u00e6r \u00fe\u00e9r heyri\u00f0 um str\u00ed\u00f0 og upphlaup, \u00fe\u00e1 skelfist ekki, \u00fev\u00ed \u00feetta mun \u00e1 undan fara, en endirinn er samt ekki strax kominn.<a name=\"10\"><span class=\"versanumer\">10<\/span><\/a>Framvegis sag\u00f0i hann vi\u00f0 \u00fe\u00e1: ein \u00fej\u00f3\u00f0 mun r\u00edsa upp gegn annarri og eitt r\u00edki gegn \u00f6\u00f0ru,<a name=\"11\"><span class=\"versanumer\">11<\/span><\/a>\u00fe\u00e1 munu \u00e1 \u00fdmsum st\u00f6\u00f0um ver\u00f0a landskj\u00e1lftar, hall\u00e6ri og dreps\u00f3ttir; \u00fe\u00e1 munu sj\u00e1st \u00f3gurlegir fyrirbur\u00f0ir og undur mikil \u00e1 himnum,<a name=\"12\"><span class=\"versanumer\">12<\/span><\/a>en \u00e1\u00f0ur en allt \u00feetta kemur fram, munu \u00feeir leggja h\u00f6ndur \u00e1 y\u00f0ur, ofs\u00e6kja y\u00f0ur, framselja y\u00f0ur \u00ed samkunduh\u00fas og fangelsi, og draga y\u00f0ur m\u00edn vegna fyrir konunga og Landstj\u00f3ra.<a name=\"13\"><span class=\"versanumer\">13<\/span><\/a>Og \u00feetta mun koma fram vi\u00f0 y\u00f0ur til vitnisbur\u00f0ar <span class='VideyAth'>a)<\/span>.<a name=\"14\"><span class=\"versanumer\">14<\/span><\/a>L\u00e1ti\u00f0 y\u00f0ur \u00fev\u00ed fast \u00ed huga vera, a\u00f0 \u00fe\u00e9r ekki fyrirfram b\u00fai\u00f0 y\u00f0ur undir m\u00e1lav\u00f6rn y\u00f0ar;<a name=\"15\"><span class=\"versanumer\">15<\/span><\/a>\u00fev\u00ed eg mun gefa y\u00f0ur m\u00e1lsnilli og visku, hv\u00f6rri allir m\u00f3tst\u00f6\u00f0umenn y\u00f0ar ekki munu megna a\u00f0 m\u00f3tm\u00e6la e\u00f0ur m\u00f3ti a\u00f0 standa.<a name=\"16\"><span class=\"versanumer\">16<\/span><\/a>\u00de\u00e9r munu\u00f0 jafnvel framseldir ver\u00f0a af foreldrum, systkinum, fr\u00e6ndum og vinum, og nokkra af y\u00f0ur munu \u00feeir l\u00edfl\u00e1ta,<a name=\"17\"><span class=\"versanumer\">17<\/span><\/a>og allir munu y\u00f0ur m\u00edn vegna a\u00f0 hatri hafa;<a name=\"18\"><span class=\"versanumer\">18<\/span><\/a>en ekkert h\u00e1r af y\u00f0ar h\u00f6f\u00f0i skal \u00fe\u00f3 farast.<a name=\"19\"><span class=\"versanumer\">19<\/span><\/a>L\u00e1ti\u00f0 st\u00f6\u00f0uglyndi vera v\u00f6rn s\u00e1lum y\u00f0ar.<a name=\"20\"><span class=\"versanumer\">20<\/span><\/a>En n\u00e6r \u00fe\u00e9r sj\u00e1i\u00f0 Jer\u00fasalem umkringda af herflokkum, \u00fe\u00e1 viti\u00f0 a\u00f0 ey\u00f0ilegging hennar er \u00ed n\u00e1nd;<a name=\"21\"><span class=\"versanumer\">21<\/span><\/a>s\u00e1, sem \u00fe\u00e1 er \u00ed J\u00fadeulandi, fl\u00fdi hann til fjalla, og hv\u00f6r, sem \u00ed borginni er, flytji hann \u00fea\u00f0an; en \u00feeir, sem \u00e1 landsbygg\u00f0inni eru, fari \u00feeir ekki inn \u00ed borgina,<a name=\"22\"><span class=\"versanumer\">22<\/span><\/a>\u00fev\u00ed a\u00f0 \u00feessir eru hennar str\u00f6ffunardagar, og mun \u00fe\u00e1 framkoma allt \u00fea\u00f0 h\u00e9r um er rita\u00f0.<a name=\"23\"><span class=\"versanumer\">23<\/span><\/a>\u00deung munu \u00fe\u00e1 ver\u00f0a kj\u00f6r \u00f3l\u00e9ttra kvenna, og \u00feeirra, sem b\u00f6rn hafa \u00e1 brj\u00f3sti, \u00fev\u00ed mikil harmkv\u00e6li munu \u00fe\u00e1 ver\u00f0a \u00ed landinu, og hegning yfir \u00feessum l\u00fd\u00f0;<a name=\"24\"><span class=\"versanumer\">24<\/span><\/a>menn munu falla fyrir sver\u00f0seggjum, og herleiddir ver\u00f0a me\u00f0al allra \u00fej\u00f3\u00f0a, og Jer\u00fasalem mun f\u00f3ttro\u00f0in ver\u00f0a af hei\u00f0num m\u00f6nnum, til \u00feess \u00feeirra t\u00ed\u00f0 er \u00e1 enda.<a name=\"25\"><span class=\"versanumer\">25<\/span><\/a>Fyrirbur\u00f0ir munu sj\u00e1st \u00e1 s\u00f3lu, tungli og stj\u00f6rnum, og \u00e1 j\u00f6r\u00f0u angist me\u00f0al \u00fej\u00f3\u00f0anna, og r\u00e1\u00f0leysa og \u00f6rvinglan manna \u00e1 milli.<a name=\"26\"><span class=\"versanumer\">26<\/span><\/a>Sj\u00f3r og haf munu \u00fe\u00e1 \u00fej\u00f3ta, menn munu \u00fe\u00e1 deyja af angistarfullri eftirv\u00e6ntingu \u00feess, er yfir allan heiminn mun koma, \u00fev\u00ed kraftar himnanna munu hr\u00e6rast,<a name=\"27\"><span class=\"versanumer\">27<\/span><\/a>og \u00fe\u00e1 munu menn sj\u00e1 Mannsins Son komanda \u00e1 sk\u00fdjunum me\u00f0 makt og mikilli d\u00fdr\u00f0.<a name=\"28\"><span class=\"versanumer\">28<\/span><\/a>\u00deegar \u00feetta tekur til a\u00f0 ske, \u00fe\u00e1 l\u00edti\u00f0 upp og upphefji\u00f0 y\u00f0ar h\u00f6fu\u00f0, \u00fev\u00ed a\u00f0 lausn y\u00f0ar er \u00ed n\u00e1nd.<a name=\"29\"><span class=\"versanumer\">29<\/span><\/a>H\u00e9r vi\u00f0 b\u00e6tti hann \u00feessu d\u00e6mi: g\u00e6ti\u00f0 a\u00f0 f\u00edkjutr\u00e9nu og \u00f6\u00f0rum trj\u00e1m,<a name=\"30\"><span class=\"versanumer\">30<\/span><\/a>\u00feegar aldini \u00feeirra taka \u00fat a\u00f0 springa, \u00fe\u00e1 sj\u00e1i\u00f0 \u00fe\u00e9r \u00e1 \u00feeim, a\u00f0 sumari\u00f0 er \u00ed n\u00e1nd.<a name=\"31\"><span class=\"versanumer\">31<\/span><\/a>S\u00f6mulei\u00f0is og \u00fe\u00e9r, n\u00e6r \u00fe\u00e9r sj\u00e1i\u00f0 \u00feetta framkoma, \u00fe\u00e1 viti\u00f0 a\u00f0 Gu\u00f0s r\u00edki er \u00ed n\u00e1nd.<a name=\"32\"><span class=\"versanumer\">32<\/span><\/a>Eg segi y\u00f0ur fyrir satt, a\u00f0 \u00feessi kynsl\u00f3\u00f0 mun ekki undir lok li\u00f0in, \u00e1\u00f0ur en allt \u00feetta framkemur.<a name=\"33\"><span class=\"versanumer\">33<\/span><\/a>Himinn og j\u00f6r\u00f0 munu farast, en m\u00edn or\u00f0 aldrei.<a name=\"34\"><span class=\"versanumer\">34<\/span><\/a>En g\u00e6ti\u00f0 y\u00f0ar, a\u00f0 hj\u00f6rtu y\u00f0ar ekki of\u00feyngist vi\u00f0 \u00f3h\u00f3f \u00ed mat e\u00f0ur drykk e\u00f0ur b\u00faksorg, a\u00f0 ekki komi \u00feessi dagur \u00e1 y\u00f0ur \u00f3vart,<a name=\"35\"><span class=\"versanumer\">35<\/span><\/a>\u00fev\u00ed eins mun hann koma og t\u00e1lsnara yfir alla \u00fe\u00e1, sem \u00e1 j\u00f6r\u00f0u b\u00faa.<a name=\"36\"><span class=\"versanumer\">36<\/span><\/a>Veri\u00f0 \u00fev\u00ed \u00e1vallt vakandi og st\u00f6\u00f0ugt \u00e1 b\u00e6num, svo \u00fe\u00e9r ver\u00f0i\u00f0 \u00e1litnir \u00feess ver\u00f0ugir, a\u00f0 umfl\u00fdja allt \u00feetta, sem fram mun koma, og m\u00e6ta frammi fyrir Mannsins Syni. <br \/><a name=\"37\"><span class=\"versanumer\">37<\/span><\/a>Um daga kenndi hann \u00ed musterinu, en um n\u00e6tur var hann utanborgar \u00e1 \u00fev\u00ed svo kalla\u00f0a Vi\u00f0smj\u00f6rsvi\u00f0arfjalli;<a name=\"38\"><span class=\"versanumer\">38<\/span><\/a>En f\u00f3lki\u00f0 flykktist hv\u00f6rn morgun \u00ed musteri\u00f0 a\u00f0 heyra hann.<\/p>\n<div class=\"footnoteVidey\">V. 1\u20134. Mark. 12,41\u201344.  V. 5\u201336. Mark. 13,1\u201337. Matt. 24,1\u201312.  V. 13. a. Til vitnisbur\u00f0ar, \u00fe. e. til \u00feess y\u00f0ur gefist t\u00e6kif\u00e6ri til a\u00f0 vitna um mig.  V. 22. sj\u00e1 Mark. 24,15.<\/div>\n","protected":false},"excerpt":{"rendered":"<p>Jes\u00fas hr\u00f3sar gj\u00f6f ekkjunnar er lag\u00f0i \u00ed f\u00e9hirslu Gu\u00f0s; talar um musterisins og Jer\u00fasalems ey\u00f0ileggingu, og enda heimsins; kennir daglega \u00ed musterinu. 1\u00de\u00e1 leit hann upp, og s\u00e1 \u00fe\u00e1 enu r\u00edku, er l\u00f6g\u00f0u gjafir s\u00ednar \u00ed f\u00e9hirslu musterisins;2var\u00f0 honum \u00fe\u00e1 liti\u00f0 til einnar ekkju f\u00e1t\u00e6krar, er lag\u00f0i \u00fear inn tvo sm\u00e1peninga.3\u00de\u00e1 sag\u00f0i hann: tr\u00fai\u00f0 m\u00e9r! \u00feessi f\u00e1t\u00e6ka ekkja hefir meira lagt en nokkur annarra;4\u00fev\u00ed hinir allir hafa lagt \u00ed f\u00e9hirslu Gu\u00f0s af \u00fev\u00ed, sem \u00feeir h\u00f6f\u00f0u afgangs, en \u00feessi gaf af f\u00e1t\u00e6kt sinni aleigu s\u00edna. 5\u00de\u00e1 nokkrir t\u00f6lu\u00f0u um a\u00f0 musteri\u00f0 v\u00e6ri pr\u00fdtt me\u00f0 f\u00f6grum steinum og heitgj\u00f6fum, ansa\u00f0i hann:6\u00feeir <a href=\"https:\/\/biblian.is\/videy\/lukasargudspjall-21-kafli\/\"> [&#8230;]<\/a><\/p>\n","protected":false},"author":1,"featured_media":0,"parent":0,"menu_order":0,"comment_status":"open","ping_status":"open","template":"bibliukaflar.php","meta":{"footnotes":""},"class_list":["post-21843","page","type-page","status-publish","hentry"],"_links":{"self":[{"href":"https:\/\/biblian.is\/videy\/wp-json\/wp\/v2\/pages\/21843","targetHints":{"allow":["GET"]}}],"collection":[{"href":"https:\/\/biblian.is\/videy\/wp-json\/wp\/v2\/pages"}],"about":[{"href":"https:\/\/biblian.is\/videy\/wp-json\/wp\/v2\/types\/page"}],"author":[{"embeddable":true,"href":"https:\/\/biblian.is\/videy\/wp-json\/wp\/v2\/users\/1"}],"replies":[{"embeddable":true,"href":"https:\/\/biblian.is\/videy\/wp-json\/wp\/v2\/comments?post=21843"}],"version-history":[{"count":0,"href":"https:\/\/biblian.is\/videy\/wp-json\/wp\/v2\/pages\/21843\/revisions"}],"wp:attachment":[{"href":"https:\/\/biblian.is\/videy\/wp-json\/wp\/v2\/media?parent=21843"}],"curies":[{"name":"wp","href":"https:\/\/api.w.org\/{rel}","templated":true}]}}