{"id":21842,"date":"2018-01-02T01:04:22","date_gmt":"2018-01-02T01:04:22","guid":{"rendered":"http:\/\/biblian.is\/videy\/lukasargudspjall-20-kafli\/"},"modified":"2018-01-02T01:04:22","modified_gmt":"2018-01-02T01:04:22","slug":"lukasargudspjall-20-kafli","status":"publish","type":"page","link":"https:\/\/biblian.is\/videy\/lukasargudspjall-20-kafli\/","title":{"rendered":"L\u00fakasargu\u00f0spjall 20. kafli"},"content":{"rendered":"<div class=\"fyrirsognVidey\">Jes\u00fas vill ekki segja \u00feeim skriftl\u00e6r\u00f0u, hva\u00f0an hann hef\u00f0i sinn myndugleika: framsetur d\u00e6mis\u00f6guna um v\u00edngar\u00f0smennina, leysir \u00far spurningum og \u00e1v\u00edtar \u00fe\u00e1 skriftl\u00e6r\u00f0u.<\/div>\n<p><a name=\"1\"><span class=\"versanumer\">1<\/span><\/a>Svo bar vi\u00f0 einhv\u00f6rn \u00feessara daga, er hann kenndi l\u00fd\u00f0num \u00ed musterinu og bo\u00f0a\u00f0i n\u00e1\u00f0arl\u00e6rd\u00f3minn, a\u00f0 enir \u00e6\u00f0stu prestar, \u00feeir skriftl\u00e6r\u00f0u og \u00f6ldungarnir gengu til hans,<a name=\"2\"><span class=\"versanumer\">2<\/span><\/a>og spur\u00f0u hann: me\u00f0 hva\u00f0a myndugleika gj\u00f6rir \u00fe\u00fa \u00feetta, e\u00f0ur hv\u00f6r hefir gefi\u00f0 \u00fe\u00e9r \u00feetta vald?<a name=\"3\"><span class=\"versanumer\">3<\/span><\/a>Jes\u00fas m\u00e6lti: eg vil og spyrja y\u00f0ur eins; segi\u00f0 m\u00e9r:<a name=\"4\"><span class=\"versanumer\">4<\/span><\/a>hv\u00f6rt var sk\u00edrn J\u00f3hannesar fr\u00e1 himni, e\u00f0ur fr\u00e1 m\u00f6nnum?<a name=\"5\"><span class=\"versanumer\">5<\/span><\/a>en \u00feeir hugsu\u00f0u: ef v\u00e9r segjum a\u00f0 hann hafi haft hana fr\u00e1 himni, mun hann spyrja: \u00fev\u00ed tr\u00fa\u00f0u\u00f0 \u00fe\u00e9r honum \u00fe\u00e1 ekki?<a name=\"6\"><span class=\"versanumer\">6<\/span><\/a>en ef v\u00e9r segjum: fr\u00e1 m\u00f6nnum, mun allur l\u00fd\u00f0urinn berja oss grj\u00f3ti; \u00fev\u00ed hann tr\u00fa\u00f0i, a\u00f0 J\u00f3hannes v\u00e6ri sp\u00e1ma\u00f0ur;<a name=\"7\"><span class=\"versanumer\">7<\/span><\/a>kv\u00e1\u00f0ust \u00feeir \u00fev\u00ed ekki vita \u00fea\u00f0.<a name=\"8\"><span class=\"versanumer\">8<\/span><\/a>Jes\u00fas m\u00e6lti: eg segi y\u00f0ur \u00fe\u00e1 ekki heldur me\u00f0 hv\u00f6rjum myndugleika eg gj\u00f6ri \u00feetta.<a name=\"9\"><span class=\"versanumer\">9<\/span><\/a>S\u00ed\u00f0an sag\u00f0i hann l\u00fd\u00f0num \u00feessa d\u00e6mis\u00f6gu: Ma\u00f0ur nokkur planta\u00f0i v\u00edngar\u00f0, og leig\u00f0i hann v\u00ednyrkjum\u00f6nnum, f\u00f3r s\u00ed\u00f0an og var erlendis \u00ed langan t\u00edma.<a name=\"10\"><span class=\"versanumer\">10<\/span><\/a>N\u00fa er t\u00edmi var kominn, sendi hann til v\u00ednyrkjumannanna \u00fej\u00f3n sinn, a\u00f0 \u00feeir gyldi honum \u00fea\u00f0 \u00e1kve\u00f0na af \u00e1vexti v\u00edngar\u00f0sins; en v\u00edngar\u00f0smennirnir t\u00f3ku hann og b\u00f6r\u00f0u, og sendu hann aftur t\u00f3mhentan;<a name=\"11\"><span class=\"versanumer\">11<\/span><\/a>s\u00ed\u00f0an sendi hann annan \u00fej\u00f3n, \u00feennan b\u00f6r\u00f0u \u00feeir einninn, l\u00f6g\u00f0u honum h\u00e1\u00f0ungar til og sendu hann aftur t\u00f3mhentan;<a name=\"12\"><span class=\"versanumer\">12<\/span><\/a>enn n\u00fa sendi hann hinn \u00feri\u00f0ja, \u00feenna lemstru\u00f0u \u00feeir s\u00e1rum og r\u00e1ku \u00ed burt;<a name=\"13\"><span class=\"versanumer\">13<\/span><\/a>\u00fe\u00e1 sag\u00f0i eigandi v\u00edngar\u00f0sins: hva\u00f0 skal eg n\u00fa til r\u00e1\u00f0s taka? eg vil senda einkason minn, m\u00e1ske \u00feeir, \u00fe\u00e1 \u00feeir sj\u00e1 hann, beri vir\u00f0ingu fyrir honum.<a name=\"14\"><span class=\"versanumer\">14<\/span><\/a>En er v\u00ednyrkjumennirnir s\u00e1u hann, b\u00e1ru \u00feeir r\u00e1\u00f0 s\u00edn saman og s\u00f6g\u00f0u: \u00feessi er erfinginn, l\u00e1tum oss koma og r\u00e1\u00f0a hann af d\u00f6gum, svo v\u00e9r n\u00e1um arfinum.<a name=\"15\"><span class=\"versanumer\">15<\/span><\/a>S\u00ed\u00f0an hr\u00f6ktu \u00feeir hann \u00fat \u00far v\u00edngar\u00f0inum, og dr\u00e1pu hann. Hv\u00f6rninn mun n\u00fa eigandi v\u00edngar\u00f0sins breyta vi\u00f0 \u00fe\u00e1?<a name=\"16\"><span class=\"versanumer\">16<\/span><\/a>Hann mun koma og r\u00e1\u00f0a \u00feessa v\u00ednyrkjumenn af d\u00f6gum, og leigja v\u00edngar\u00f0 sinn \u00f6\u00f0rum. En er \u00feeir heyr\u00f0u \u00feetta, s\u00f6g\u00f0u \u00feeir: ver\u00f0i \u00fea\u00f0 aldrei!<a name=\"17\"><span class=\"versanumer\">17<\/span><\/a>En hann leit til \u00feeirra og m\u00e6lti: hva\u00f0 \u00fe\u00fd\u00f0ir \u00fea\u00f0 \u00fe\u00e1, sem stendur \u00ed Ritningunni: \u201es\u00e1 steinn, hv\u00f6rjum h\u00fasasmi\u00f0ir burtk\u00f6stu\u00f0u, hann er n\u00fa hornsteinn or\u00f0inn;<a name=\"18\"><span class=\"versanumer\">18<\/span><\/a>hv\u00f6r, sem fellur um \u00feenna stein, mun sundurmolast, en \u00e1 hv\u00f6rn sem hann fellur, \u00feann mun hann merja\u201c.<a name=\"19\"><span class=\"versanumer\">19<\/span><\/a>\u00de\u00e1 leitu\u00f0ust \u00feeir \u00e6\u00f0stu prestar og enir skriftl\u00e6r\u00f0u vi\u00f0 a\u00f0 leggja h\u00f6ndur \u00e1 hann, en \u00feeir \u00feor\u00f0u \u00fea\u00f0 ekki fyrir f\u00f3lkinu, \u00fev\u00ed \u00feeir skildu a\u00f0 hann haf\u00f0i sagt \u00feessa d\u00e6mis\u00f6gu upp \u00e1 \u00fe\u00e1.<br \/><a name=\"20\"><span class=\"versanumer\">20<\/span><\/a>\u00deeir h\u00e9ldu n\u00fa v\u00f6r\u00f0 \u00e1 honum og settu \u00fat nj\u00f3snarmenn, er l\u00e1ta skyldu sem v\u00e6ru \u00feeir r\u00e1\u00f0vandir, a\u00f0 \u00feeir g\u00e6ti fengi\u00f0 \u00e1 or\u00f0um hans, og afhent hann yfirvaldinu og \u00e1 vald landstj\u00f3rnarans.<a name=\"21\"><span class=\"versanumer\">21<\/span><\/a>\u00deessir spur\u00f0u og m\u00e6ltu: v\u00e9r vitum, Meistari! a\u00f0 \u00fe\u00fa segir og kennir \u00fea\u00f0, sem r\u00e9tt er, og gj\u00f6rir \u00fe\u00e9r engan manna mun, heldur kennir \u00fe\u00fa sannan Gu\u00f0s veg.<a name=\"22\"><span class=\"versanumer\">22<\/span><\/a>Leyfist oss a\u00f0 gjalda keisaranum skatt, e\u00f0ur ekki?<a name=\"23\"><span class=\"versanumer\">23<\/span><\/a>En er hann merkti \u00feeirra fl\u00e1ttskap, sag\u00f0i hann: hva\u00f0 freisti\u00f0 \u00fe\u00e9r m\u00edn?<a name=\"24\"><span class=\"versanumer\">24<\/span><\/a>S\u00fdni\u00f0 m\u00e9r peninginn; hv\u00f6rs mynd er \u00e1 honum, og hv\u00f6rs yfirskrift hefir hann? \u00feeir s\u00f6g\u00f0u: Keisarans.<a name=\"25\"><span class=\"versanumer\">25<\/span><\/a>Hann m\u00e6lti: gjaldi\u00f0 \u00fe\u00e1 keisaranum, hva\u00f0 keisarans er, og \u00fea\u00f0 Gu\u00f0i, sem Gu\u00f0s er.<a name=\"26\"><span class=\"versanumer\">26<\/span><\/a>\u00deannig g\u00e1tu \u00feeir ekki fengi\u00f0 \u00e1 or\u00f0um hans \u00ed vi\u00f0urvist l\u00fd\u00f0sins, en undru\u00f0ust sv\u00f6r hans og \u00fe\u00f6g\u00f0u.<br \/><a name=\"27\"><span class=\"versanumer\">27<\/span><\/a>\u00de\u00e1 komu nokkrir af sadd\u00fakeum, sem neita \u00fev\u00ed, a\u00f0 framli\u00f0nir menn uppr\u00edsi, og spur\u00f0u hann \u00e1 \u00feessa lei\u00f0:<a name=\"28\"><span class=\"versanumer\">28<\/span><\/a>Meistari! M\u00f3ses hefir bo\u00f0i\u00f0 oss, a\u00f0 ef einhv\u00f6r missir br\u00f3\u00f0ur s\u00edns, \u00feess er kv\u00e6ntur var og d\u00f3 barnlaus, skuli br\u00f3\u00f0ir hins d\u00e1na taka konu hans til ekta og \u00feannig halda vi\u00f0 \u00e6ttlegg br\u00f3\u00f0ur s\u00edns.<a name=\"29\"><span class=\"versanumer\">29<\/span><\/a>N\u00fa v\u00f3ru sj\u00f6 br\u00e6\u00f0ur; s\u00e1 fyrsti kvonga\u00f0ist og dey\u00f0i barnlaus,<a name=\"30\"><span class=\"versanumer\">30<\/span><\/a>svo giftist h\u00fan \u00f6\u00f0rum, og \u00feessi dey\u00f0i einninn barnlaus,<a name=\"31\"><span class=\"versanumer\">31<\/span><\/a>s\u00ed\u00f0an \u00feeim \u00feri\u00f0ja, og svo framvegis, og engum \u00feeirra var\u00f0 barna au\u00f0i\u00f0, og svo d\u00f3u \u00feeir;<a name=\"32\"><span class=\"versanumer\">32<\/span><\/a>seinast allra \u00feeirra dey\u00f0i og konan.<a name=\"33\"><span class=\"versanumer\">33<\/span><\/a>N\u00fa er menn uppr\u00edsa, hv\u00f6rs \u00feessara eiginkona ver\u00f0ur h\u00fan \u00fe\u00e1, \u00fev\u00ed allir sj\u00f6 h\u00f6f\u00f0u \u00e1tt hana?<a name=\"34\"><span class=\"versanumer\">34<\/span><\/a>Jes\u00fas sag\u00f0i: h\u00e9r \u00ed heim kvongast menn og konur giftast,<a name=\"35\"><span class=\"versanumer\">35<\/span><\/a>en \u00feeir, sem ver\u00f0ir \u00e1l\u00edtast a\u00f0 \u00f6\u00f0last anna\u00f0 l\u00edf og uppr\u00edsa fr\u00e1 dau\u00f0um, munu hv\u00f6rki kvongast n\u00e9 giftast,<a name=\"36\"><span class=\"versanumer\">36<\/span><\/a>\u00fev\u00ed \u00far \u00fev\u00ed \u00feeir eru upprisnir, geta \u00feeir ekki framar d\u00e1i\u00f0, heldur eru \u00feeir englum l\u00edkir og Gu\u00f0s b\u00f6rn.<a name=\"37\"><span class=\"versanumer\">37<\/span><\/a>En a\u00f0 dau\u00f0ir uppr\u00edsi, \u00fea\u00f0 hefir og M\u00f3ses s\u00fdnt \u00ed greininni um \u00feyrnirunninn, hvar hann kallar Drottin Gu\u00f0 Abrahams, Gu\u00f0 \u00cdsaks og Gu\u00f0 Jakobs;<a name=\"38\"><span class=\"versanumer\">38<\/span><\/a>en Gu\u00f0 er ekki Gu\u00f0 dau\u00f0ra, heldur lifendra, \u00fev\u00ed fyrir Gu\u00f0s kraft lifa \u00feeir allir.<a name=\"39\"><span class=\"versanumer\">39<\/span><\/a>\u00de\u00e1 sv\u00f6ru\u00f0u nokkrir af \u00feeim skriftl\u00e6r\u00f0u og s\u00f6g\u00f0u: Meistari! \u00e1g\u00e6tlega svara\u00f0ir \u00fe\u00fa.<a name=\"40\"><span class=\"versanumer\">40<\/span><\/a>Og \u00feeir dirf\u00f0ust ekki framar a\u00f0 spyrja hann nokkurs;<a name=\"41\"><span class=\"versanumer\">41<\/span><\/a>en hann spur\u00f0i \u00fe\u00e1 \u00feannig: \u00fev\u00ed segja menn Krist vera son Dav\u00ed\u00f0s?<a name=\"42\"><span class=\"versanumer\">42<\/span><\/a>\u00dear sj\u00e1lfur Dav\u00ed\u00f0 segir \u00ed S\u00e1lmab\u00f3k sinni: \u201eDrottinn sag\u00f0i m\u00ednum Drottni:<a name=\"43\"><span class=\"versanumer\">43<\/span><\/a>sitt\u00fa m\u00e9r til h\u00e6gri handar, til \u00feess eg hefi gj\u00f6rt \u00f3vini \u00fe\u00edna a\u00f0 sk\u00f6r f\u00f3ta \u00feinna\u201c.<a name=\"44\"><span class=\"versanumer\">44<\/span><\/a>Hafi n\u00fa Dav\u00ed\u00f0 kalla\u00f0 hann Herra, hv\u00f6rninn kann hann \u00fe\u00e1 a\u00f0 heita hans sonur? <br \/><a name=\"45\"><span class=\"versanumer\">45<\/span><\/a>En \u00ed \u00e1heyrn alls l\u00fd\u00f0sins sag\u00f0i hann svo vi\u00f0 l\u00e6risveina s\u00edna:<a name=\"46\"><span class=\"versanumer\">46<\/span><\/a>vari\u00f0 y\u00f0ur vi\u00f0 hinum skriftl\u00e6r\u00f0u, sem \u00feykir \u00e1g\u00e6ti \u00ed a\u00f0 ganga \u00ed s\u00ed\u00f0um kl\u00e6\u00f0um og l\u00e1ta heilsa s\u00e9r \u00e1 mannam\u00f3tum, sitja \u00ed fyrirs\u00e6ti \u00ed samkunduh\u00fasum, og efstir til bor\u00f0s \u00ed veislum.<a name=\"47\"><span class=\"versanumer\">47<\/span><\/a>\u00deeir eru \u00fea\u00f0, sem \u00fatsj\u00faga h\u00fas ekkna og bi\u00f0ja langar b\u00e6nir af hr\u00e6sni. \u00deeir munu \u00feess \u00feyngra straffi m\u00e6ta.<\/p>\n<div class=\"footnoteVidey\">V. 1\u201319. Matt.  21,23\u201346. Mark. 11,27. 12,12.  V. 17. S\u00e1lm. 118,22.  V. 20\u201325. Matt. 22,15\u201322. Mark. 12,13\u201317.  V. 27\u201340. Matt. 22,23\u201333. Mark. 12,18\u201327.  V. 28. 5 M\u00f3s. 25,5.  V. 37. 2 M\u00f3s. 3,6.  V. 41\u201344. Matt. 22,41\u201346. Mark. 12,35\u201337.  V. 42. S\u00e1lm. 110,1.  V. 45\u201347. Matt. 23,5.6.7.14. Mark. 12,38\u201340.<\/div>\n","protected":false},"excerpt":{"rendered":"<p>Jes\u00fas vill ekki segja \u00feeim skriftl\u00e6r\u00f0u, hva\u00f0an hann hef\u00f0i sinn myndugleika: framsetur d\u00e6mis\u00f6guna um v\u00edngar\u00f0smennina, leysir \u00far spurningum og \u00e1v\u00edtar \u00fe\u00e1 skriftl\u00e6r\u00f0u. 1Svo bar vi\u00f0 einhv\u00f6rn \u00feessara daga, er hann kenndi l\u00fd\u00f0num \u00ed musterinu og bo\u00f0a\u00f0i n\u00e1\u00f0arl\u00e6rd\u00f3minn, a\u00f0 enir \u00e6\u00f0stu prestar, \u00feeir skriftl\u00e6r\u00f0u og \u00f6ldungarnir gengu til hans,2og spur\u00f0u hann: me\u00f0 hva\u00f0a myndugleika gj\u00f6rir \u00fe\u00fa \u00feetta, e\u00f0ur hv\u00f6r hefir gefi\u00f0 \u00fe\u00e9r \u00feetta vald?3Jes\u00fas m\u00e6lti: eg vil og spyrja y\u00f0ur eins; segi\u00f0 m\u00e9r:4hv\u00f6rt var sk\u00edrn J\u00f3hannesar fr\u00e1 himni, e\u00f0ur fr\u00e1 m\u00f6nnum?5en \u00feeir hugsu\u00f0u: ef v\u00e9r segjum a\u00f0 hann hafi haft hana fr\u00e1 himni, mun hann spyrja: \u00fev\u00ed tr\u00fa\u00f0u\u00f0 \u00fe\u00e9r honum \u00fe\u00e1 <a href=\"https:\/\/biblian.is\/videy\/lukasargudspjall-20-kafli\/\"> [&#8230;]<\/a><\/p>\n","protected":false},"author":1,"featured_media":0,"parent":0,"menu_order":0,"comment_status":"open","ping_status":"open","template":"bibliukaflar.php","meta":{"footnotes":""},"class_list":["post-21842","page","type-page","status-publish","hentry"],"_links":{"self":[{"href":"https:\/\/biblian.is\/videy\/wp-json\/wp\/v2\/pages\/21842","targetHints":{"allow":["GET"]}}],"collection":[{"href":"https:\/\/biblian.is\/videy\/wp-json\/wp\/v2\/pages"}],"about":[{"href":"https:\/\/biblian.is\/videy\/wp-json\/wp\/v2\/types\/page"}],"author":[{"embeddable":true,"href":"https:\/\/biblian.is\/videy\/wp-json\/wp\/v2\/users\/1"}],"replies":[{"embeddable":true,"href":"https:\/\/biblian.is\/videy\/wp-json\/wp\/v2\/comments?post=21842"}],"version-history":[{"count":0,"href":"https:\/\/biblian.is\/videy\/wp-json\/wp\/v2\/pages\/21842\/revisions"}],"wp:attachment":[{"href":"https:\/\/biblian.is\/videy\/wp-json\/wp\/v2\/media?parent=21842"}],"curies":[{"name":"wp","href":"https:\/\/api.w.org\/{rel}","templated":true}]}}