{"id":21841,"date":"2018-01-02T01:04:22","date_gmt":"2018-01-02T01:04:22","guid":{"rendered":"http:\/\/biblian.is\/videy\/lukasargudspjall-19-kafli\/"},"modified":"2018-01-02T01:04:22","modified_gmt":"2018-01-02T01:04:22","slug":"lukasargudspjall-19-kafli","status":"publish","type":"page","link":"https:\/\/biblian.is\/videy\/lukasargudspjall-19-kafli\/","title":{"rendered":"L\u00fakasargu\u00f0spjall 19. kafli"},"content":{"rendered":"<div class=\"fyrirsognVidey\">Sakeus me\u00f0tekur Jes\u00fam; Jes\u00fas framsetur d\u00e6mis\u00f6gu upp \u00e1 dygga og \u00f3dygga me\u00f0fer\u00f0 fengins fj\u00e1r: r\u00ed\u00f0ur inn \u00ed Jer\u00fasalem; hreinsar musteri\u00f0; kennir \u00fear, og menn leitast vi\u00f0 a\u00f0 fyrirkoma honum.<\/div>\n<p><a name=\"1\"><span class=\"versanumer\">1<\/span><\/a>\u00deegar hann fer\u00f0a\u00f0ist gegnum Jer\u00edk\u00f3, var \u00fear ma\u00f0ur nokkur, er Sakeus h\u00e9t,<a name=\"2\"><span class=\"versanumer\">2<\/span><\/a>hann var foringi tollheimtumanna og au\u00f0ugur a\u00f0 f\u00e9;<a name=\"3\"><span class=\"versanumer\">3<\/span><\/a>hann leita\u00f0i t\u00e6kif\u00e6ris a\u00f0 sj\u00e1 Jes\u00fam, en gat ekki fyrir mannfj\u00f6ldanum, \u00fev\u00ed ma\u00f0urinn var l\u00edtill vexti;<a name=\"4\"><span class=\"versanumer\">4<\/span><\/a>hlj\u00f3p hann \u00fe\u00e1 fyrir, og klifra\u00f0i upp \u00ed eitt m\u00f3rberjatr\u00e9, a\u00f0 hann fengi s\u00e9\u00f0 Jes\u00fam, \u00fev\u00ed lei\u00f0 hans l\u00e1 \u00fear framhj\u00e1.<a name=\"5\"><span class=\"versanumer\">5<\/span><\/a>\u00deegar n\u00fa Jes\u00fas kom \u00feanga\u00f0, var\u00f0 honum liti\u00f0 upp, s\u00e1 hann og sag\u00f0i: Sakeus! skunda \u00fe\u00fa ofan, \u00fev\u00ed a\u00f0 \u00ed dag ber m\u00e9r a\u00f0 dvelja \u00ed h\u00fasi \u00fe\u00ednu.<a name=\"6\"><span class=\"versanumer\">6<\/span><\/a>Hann f\u00f3r \u00fe\u00e1 ofan me\u00f0 fl\u00fdtir, og t\u00f3k vi\u00f0 honum n\u00e6sta gla\u00f0ur,<a name=\"7\"><span class=\"versanumer\">7<\/span><\/a>en allir, sem \u00feetta s\u00e1u, l\u00e9tu illa vi\u00f0 og s\u00f6g\u00f0u: hann tekur s\u00e9r gistingu hj\u00e1 bersyndugum.<a name=\"8\"><span class=\"versanumer\">8<\/span><\/a>Sakeus st\u00f3\u00f0 fyrir honum, og sag\u00f0i vi\u00f0 Jes\u00fam: helming fj\u00e1r m\u00edns gef eg f\u00e1t\u00e6kum, og hafi eg nokku\u00f0 ranglega af \u00f6\u00f0rum, gef eg honum ferfalt aftur.<a name=\"9\"><span class=\"versanumer\">9<\/span><\/a>Jes\u00fas sag\u00f0i \u00fe\u00e1 vi\u00f0 hann: \u00ed dag er heill sken h\u00fasi \u00feessu, \u00fev\u00ed a\u00f0 \u00feessi ma\u00f0ur er og af Abrahams\u00e6tt,<a name=\"10\"><span class=\"versanumer\">10<\/span><\/a>en Mannsins Sonur er kominn a\u00f0 leita a\u00f0 \u00fev\u00ed, sem tapa\u00f0 var, og frelsa \u00fea\u00f0. <br \/><a name=\"11\"><span class=\"versanumer\">11<\/span><\/a>S\u00ed\u00f0an b\u00e6tti hann vi\u00f0 \u00feessari d\u00e6mis\u00f6gu, \u00fev\u00ed n\u00fa var hann kominn \u00ed n\u00e1nd vi\u00f0 Jer\u00fasalem, en \u00feeir \u00e6tlu\u00f0u a\u00f0 Gu\u00f0s r\u00edki mundi n\u00fa strax birtast;<a name=\"12\"><span class=\"versanumer\">12<\/span><\/a>h\u00f3f hann \u00fear fyrir svo r\u00e6\u00f0u s\u00edna: ma\u00f0ur nokkur e\u00f0alborinn fer\u00f0a\u00f0ist \u00ed fjarl\u00e6gt land, a\u00f0 hann afla\u00f0i s\u00e9r r\u00edkis og k\u00e6mi s\u00ed\u00f0an heim aftur.<a name=\"13\"><span class=\"versanumer\">13<\/span><\/a>En \u00e1\u00f0ur kalla\u00f0i hann fyri sig t\u00edu af \u00fej\u00f3num s\u00ednum, og seldi \u00feeim \u00ed hendur t\u00edu merkur <span class='VideyAth'>a)<\/span> og m\u00e6lti svo fyrir, a\u00f0 \u00feeir skyldu kaupslaga me\u00f0 \u00fe\u00e6r \u00feanga\u00f0 til hann k\u00e6mi aftur.<a name=\"14\"><span class=\"versanumer\">14<\/span><\/a>En borgarm\u00f6nnum var illa til hans, og sendu menn \u00e1 eftir honum, er skyldu segja: a\u00f0 \u00feeir vildu ekki hafa hann fyrir konung yfir sig.<a name=\"15\"><span class=\"versanumer\">15<\/span><\/a>N\u00fa er hann kom til baka og haf\u00f0i teki\u00f0 vi\u00f0 k\u00f3ngsd\u00e6minu, bau\u00f0 hann a\u00f0 kalla til s\u00edn \u00fej\u00f3na \u00fe\u00e1, er hann haf\u00f0i selt silfri\u00f0 \u00ed hendur, svo a\u00f0 hann yr\u00f0i v\u00eds, hva\u00f0 hv\u00f6r \u00feeirra hef\u00f0i \u00e1batast.<a name=\"16\"><span class=\"versanumer\">16<\/span><\/a>Kom \u00fe\u00e1 s\u00e1 fyrsti og sag\u00f0i: m\u00f6rk \u00fe\u00edn, Herra! hefir \u00e1vaxtast um t\u00edu merkur.<a name=\"17\"><span class=\"versanumer\">17<\/span><\/a>Konungurinn m\u00e6lti: vel s\u00e9 \u00fe\u00e9r, \u00fe\u00fa g\u00f3\u00f0i \u00fej\u00f3n! \u00fe\u00fa varst tr\u00far yfir litlu, skalt\u00fa \u00fev\u00ed f\u00e1 yfirr\u00e1\u00f0 yfir t\u00edu borgum.<a name=\"18\"><span class=\"versanumer\">18<\/span><\/a>N\u00fa kom annar og sag\u00f0i: m\u00f6rk \u00fe\u00edn, Herra! hefir \u00e1vaxtast um fimm merkur.<a name=\"19\"><span class=\"versanumer\">19<\/span><\/a>Hann m\u00e6lti s\u00f6mulei\u00f0is vi\u00f0 \u00feenna: \u00fe\u00fa skalt og r\u00e1\u00f0a yfir fimm borgum.<a name=\"20\"><span class=\"versanumer\">20<\/span><\/a>En n\u00fa kom einn og sag\u00f0i: tak \u00fe\u00fa h\u00e9r, Herra! vi\u00f0 m\u00f6rk \u00feinni, hv\u00f6rja eg hefi geymt \u00ed sveitad\u00faki,<a name=\"21\"><span class=\"versanumer\">21<\/span><\/a>\u00fev\u00ed eg \u00f3ttu\u00f0umst \u00feig, \u00fev\u00ed \u00fe\u00fa ert ma\u00f0ur har\u00f0dr\u00e6gur; vilt taka \u00fea\u00f0, sem \u00fe\u00fa ekki ni\u00f0urlag\u00f0ir <span class='VideyAth'>a)<\/span> og uppskera hvar \u00fe\u00fa ekki hefir s\u00e1\u00f0.<a name=\"22\"><span class=\"versanumer\">22<\/span><\/a>Vi\u00f0 hann sag\u00f0i konungurinn: \u00fe\u00fa fellir \u00feig sj\u00e1lfur, \u00fe\u00fa illi \u00fer\u00e6ll! \u00fear \u00fe\u00fa vissir a\u00f0 eg er ma\u00f0ur har\u00f0ur, sem tek \u00fea\u00f0 sem eg ekki hefi ni\u00f0urlagt, og sker \u00fear upp, hvar eg ekki hefi s\u00e1\u00f0;<a name=\"23\"><span class=\"versanumer\">23<\/span><\/a>hv\u00ed gafst\u00fa \u00fe\u00e1 ekki f\u00e9 mitt \u00feeim \u00ed hendur, sem versla me\u00f0 peninga, svo eg g\u00e6ti fengi\u00f0 \u00fea\u00f0 aftur me\u00f0 \u00e1bata, \u00fe\u00e1 eg k\u00e6mi?<a name=\"24\"><span class=\"versanumer\">24<\/span><\/a>\u00fe\u00e1 sag\u00f0i hann vi\u00f0 \u00fe\u00e1, er n\u00e6r v\u00f3ru staddir: taki\u00f0 m\u00f6rkina fr\u00e1 honum, og gefi\u00f0 \u00feeim sem t\u00edu merkur hefir.<a name=\"25\"><span class=\"versanumer\">25<\/span><\/a>{\u00deeir m\u00e6ltu: Herra! hann hefir <span class='VideyAth'>(\u00e1\u00f0ur)<\/span> t\u00edu}.<a name=\"26\"><span class=\"versanumer\">26<\/span><\/a>Eg segi y\u00f0ur, a\u00f0 hv\u00f6rjum sem hefir, mun meira gefi\u00f0 ver\u00f0a, en fr\u00e1 hinum, sem ekkert hefir, mun jafnvel teki\u00f0 ver\u00f0a \u00fea\u00f0 hann hefir;<a name=\"27\"><span class=\"versanumer\">27<\/span><\/a>en \u00feessa \u00f3vildarmenn m\u00edna, sem ekki vildu hafa mig til konungs yfir s\u00e9r, f\u00e6ri\u00f0 \u00fe\u00e1 hinga\u00f0, og taki\u00f0 \u00fe\u00e1 af l\u00edfi fyrir augum m\u00e9r.<a name=\"28\"><span class=\"versanumer\">28<\/span><\/a>Og er Jes\u00fas haf\u00f0i \u00feetta sagt, h\u00e9lt hann fer\u00f0inni \u00e1fram upp til Jer\u00fasalem.<br \/><a name=\"29\"><span class=\"versanumer\">29<\/span><\/a>N\u00fa er hann kom \u00ed grennd vi\u00f0 Betfage og Betan\u00edu hj\u00e1 vi\u00f0smj\u00f6rsvi\u00f0ar fjallinu, \u00fe\u00e1 sendi hann tvo af s\u00ednum l\u00e6risveinum og m\u00e6lti:<a name=\"30\"><span class=\"versanumer\">30<\/span><\/a>fari\u00f0 \u00fei\u00f0 \u00ed \u00feorp \u00fea\u00f0, sem gagnvart ykkur er, og n\u00e6r \u00fei\u00f0 komi\u00f0 \u00fear, munu\u00f0 \u00fei\u00f0 finna fola bundinn, hv\u00f6rjum enginn hefir \u00e1\u00f0ur ri\u00f0i\u00f0, leysi\u00f0 hann og lei\u00f0i\u00f0 hinga\u00f0.<a name=\"31\"><span class=\"versanumer\">31<\/span><\/a>En spyrji einhv\u00f6r ykkur, hv\u00ed \u00fei\u00f0 leysi\u00f0 hann, \u00fe\u00e1 svari\u00f0 honum a\u00f0 Herrann \u00feurfi hans.<a name=\"32\"><span class=\"versanumer\">32<\/span><\/a>\u00deeir f\u00f3ru, sem sendir v\u00f3ru, og fundu eins og hann haf\u00f0i sagt \u00feeim;<a name=\"33\"><span class=\"versanumer\">33<\/span><\/a>en er \u00feeir leystu folann, spur\u00f0u eigendur hans, \u00fev\u00ed \u00feeir leystu hann?<a name=\"34\"><span class=\"versanumer\">34<\/span><\/a>\u00deeir m\u00e6ltu: Herrann \u00fearf hans vi\u00f0,<a name=\"35\"><span class=\"versanumer\">35<\/span><\/a>og f\u00e6r\u00f0u hann s\u00ed\u00f0an til Jes\u00fa. S\u00ed\u00f0an k\u00f6stu\u00f0u \u00feeir kl\u00e6\u00f0um s\u00ednum yfir folann, og settu hann \u00e1 bak.<a name=\"36\"><span class=\"versanumer\">36<\/span><\/a>En er hann f\u00f3r \u00e1 sta\u00f0, breiddu menn kl\u00e6\u00f0i s\u00edn \u00e1 veginn.<a name=\"37\"><span class=\"versanumer\">37<\/span><\/a>\u00deegar hann kom \u00feanga\u00f0, hvar fari\u00f0 er ofan af Vi\u00f0smj\u00f6rsvi\u00f0arfjallinu, t\u00f3k allur flokkur l\u00e6risveina hans a\u00f0 lofa Gu\u00f0 me\u00f0 h\u00e1rri gle\u00f0iraustu, fyrir \u00f6ll \u00feau kraftaverk, er \u00feeir h\u00f6f\u00f0u s\u00e9\u00f0, me\u00f0 \u00feessum or\u00f0um:<a name=\"38\"><span class=\"versanumer\">38<\/span><\/a>vegsama\u00f0ur veri konungur s\u00e1, er kemur \u00ed nafni Drottins. Fri\u00f0ur s\u00e9 \u00e1 himni og d\u00fdr\u00f0 \u00ed upph\u00e6\u00f0um!<a name=\"39\"><span class=\"versanumer\">39<\/span><\/a>Nokkrir af Far\u00edseum, sem v\u00f3ru \u00ed flokknum, s\u00f6g\u00f0u \u00fe\u00e1 vi\u00f0 hann: Meistari! hasta\u00f0u \u00e1 l\u00e6risveina \u00fe\u00edna.<a name=\"40\"><span class=\"versanumer\">40<\/span><\/a>Hann m\u00e6lti: \u00fea\u00f0 segi eg y\u00f0ur, ef a\u00f0 \u00feessir \u00feeg\u00f0u, \u00fe\u00e1 mundu steinarnir hr\u00f3pa.<a name=\"41\"><span class=\"versanumer\">41<\/span><\/a>N\u00fa er hann kom svo n\u00e6r, a\u00f0 hann s\u00e1 borgina, gr\u00e9t hann yfir henni og m\u00e6lti:<a name=\"42\"><span class=\"versanumer\">42<\/span><\/a>\u00e6! a\u00f0 \u00fe\u00fa minnsta kosti \u00e1 \u00feessum \u00fe\u00ednum degi vissir hva\u00f0 til \u00feinnar velfer\u00f0ar heyr\u00f0i, en n\u00fa er \u00fe\u00e9r \u00fea\u00f0 huli\u00f0;<a name=\"43\"><span class=\"versanumer\">43<\/span><\/a>\u00fev\u00ed a\u00f0 s\u00e1 t\u00edmi mun koma yfir \u00feig, a\u00f0 \u00f3vinir \u00fe\u00ednir munu gj\u00f6ra hervirki um \u00feig, setjast um \u00feig og \u00fer\u00f6ngva \u00fe\u00e9r \u00e1 alla vegu,<a name=\"44\"><span class=\"versanumer\">44<\/span><\/a>leggja \u00feig a\u00f0 velli, og b\u00f6rn \u00fe\u00edn, sem \u00ed \u00fe\u00e9r eru, og ekki l\u00e1ta stein yfir steini standa, vegna \u00feess a\u00f0 \u00fe\u00fa ekki gafst gaum a\u00f0 \u00fe\u00ednum vitjunar t\u00edma.<br \/><a name=\"45\"><span class=\"versanumer\">45<\/span><\/a>S\u00ed\u00f0an gekk hann inn \u00ed musteri\u00f0, rak \u00fe\u00e1 \u00fat, er seldu \u00fear og keyptu og m\u00e6lti:<a name=\"46\"><span class=\"versanumer\">46<\/span><\/a>svo er rita\u00f0, a\u00f0 mitt h\u00fas skuli vera b\u00e6nah\u00fas, en \u00fe\u00e9r hafi\u00f0 gj\u00f6rt \u00fea\u00f0 a\u00f0 r\u00e6ningjab\u00e6li.<a name=\"47\"><span class=\"versanumer\">47<\/span><\/a>Daglega kenndi hann \u00ed musterinu, en hinir \u00e6\u00f0stu prestar og skriftl\u00e6r\u00f0u, samt foringjar f\u00f3lksins, leitu\u00f0ust vi\u00f0 a\u00f0 r\u00e1\u00f0a hann af d\u00f6gum,<a name=\"48\"><span class=\"versanumer\">48<\/span><\/a>en \u00feeir vissu ekki, hv\u00f6rninn \u00feeir skyldu fara a\u00f0 \u00fev\u00ed, \u00fev\u00ed allur l\u00fd\u00f0urinn hn\u00e9 a\u00f0 honum og hl\u00fdddi \u00e1 kenningu hans.<\/p>\n<div class=\"footnoteVidey\">V. 10. sbr. Matt. 15,24. 18,11.  V. 11\u201328. Matt. 25,14\u201330.  V. 13. M\u00f6rk, 1\/60 af pundi, (sj\u00e1 skgr. Matt. 18,24).  V. 21. a. \u00de. e. vilt heimta meira, en \u00fe\u00fa f\u00e9kkst \u00f6\u00f0rum \u00ed hendur.  V. 29\u201348. Matt. 21,1\u201317.45.46. Mark. 11,1\u201310.15\u201319. J\u00f3h. 12,19.<\/div>\n","protected":false},"excerpt":{"rendered":"<p>Sakeus me\u00f0tekur Jes\u00fam; Jes\u00fas framsetur d\u00e6mis\u00f6gu upp \u00e1 dygga og \u00f3dygga me\u00f0fer\u00f0 fengins fj\u00e1r: r\u00ed\u00f0ur inn \u00ed Jer\u00fasalem; hreinsar musteri\u00f0; kennir \u00fear, og menn leitast vi\u00f0 a\u00f0 fyrirkoma honum. 1\u00deegar hann fer\u00f0a\u00f0ist gegnum Jer\u00edk\u00f3, var \u00fear ma\u00f0ur nokkur, er Sakeus h\u00e9t,2hann var foringi tollheimtumanna og au\u00f0ugur a\u00f0 f\u00e9;3hann leita\u00f0i t\u00e6kif\u00e6ris a\u00f0 sj\u00e1 Jes\u00fam, en gat ekki fyrir mannfj\u00f6ldanum, \u00fev\u00ed ma\u00f0urinn var l\u00edtill vexti;4hlj\u00f3p hann \u00fe\u00e1 fyrir, og klifra\u00f0i upp \u00ed eitt m\u00f3rberjatr\u00e9, a\u00f0 hann fengi s\u00e9\u00f0 Jes\u00fam, \u00fev\u00ed lei\u00f0 hans l\u00e1 \u00fear framhj\u00e1.5\u00deegar n\u00fa Jes\u00fas kom \u00feanga\u00f0, var\u00f0 honum liti\u00f0 upp, s\u00e1 hann og sag\u00f0i: Sakeus! skunda \u00fe\u00fa ofan, \u00fev\u00ed <a href=\"https:\/\/biblian.is\/videy\/lukasargudspjall-19-kafli\/\"> [&#8230;]<\/a><\/p>\n","protected":false},"author":1,"featured_media":0,"parent":0,"menu_order":0,"comment_status":"open","ping_status":"open","template":"bibliukaflar.php","meta":{"footnotes":""},"class_list":["post-21841","page","type-page","status-publish","hentry"],"_links":{"self":[{"href":"https:\/\/biblian.is\/videy\/wp-json\/wp\/v2\/pages\/21841","targetHints":{"allow":["GET"]}}],"collection":[{"href":"https:\/\/biblian.is\/videy\/wp-json\/wp\/v2\/pages"}],"about":[{"href":"https:\/\/biblian.is\/videy\/wp-json\/wp\/v2\/types\/page"}],"author":[{"embeddable":true,"href":"https:\/\/biblian.is\/videy\/wp-json\/wp\/v2\/users\/1"}],"replies":[{"embeddable":true,"href":"https:\/\/biblian.is\/videy\/wp-json\/wp\/v2\/comments?post=21841"}],"version-history":[{"count":0,"href":"https:\/\/biblian.is\/videy\/wp-json\/wp\/v2\/pages\/21841\/revisions"}],"wp:attachment":[{"href":"https:\/\/biblian.is\/videy\/wp-json\/wp\/v2\/media?parent=21841"}],"curies":[{"name":"wp","href":"https:\/\/api.w.org\/{rel}","templated":true}]}}