{"id":21840,"date":"2018-01-02T01:04:22","date_gmt":"2018-01-02T01:04:22","guid":{"rendered":"http:\/\/biblian.is\/videy\/lukasargudspjall-18-kafli\/"},"modified":"2018-01-02T01:04:22","modified_gmt":"2018-01-02T01:04:22","slug":"lukasargudspjall-18-kafli","status":"publish","type":"page","link":"https:\/\/biblian.is\/videy\/lukasargudspjall-18-kafli\/","title":{"rendered":"L\u00fakasargu\u00f0spjall 18. kafli"},"content":{"rendered":"<div class=\"fyrirsognVidey\">Jes\u00fas r\u00e6\u00f0ur til \u00f3\u00fereytanlegra b\u00e6na; framsetur fr\u00e1s\u00f6guna um far\u00edseann og tollheimtarann; talar um ungb\u00f6rn, um sj\u00e1lfsafneitun, a\u00f0 h\u00fan muni endurgoldin ver\u00f0a; talar um s\u00edna p\u00ednu. L\u00e6knar blindan.<\/div>\n<p><a name=\"1\"><span class=\"versanumer\">1<\/span><\/a>\u00de\u00e1 sag\u00f0i hann \u00feeim d\u00e6mis\u00f6gu upp \u00e1 \u00fea\u00f0, a\u00f0 menn \u00e6ttu st\u00f6\u00f0ugt a\u00f0 bi\u00f0ja og ekki \u00fereytast.<a name=\"2\"><span class=\"versanumer\">2<\/span><\/a>\u00cd borg nokkurri\u2014sag\u00f0i hann\u2014var d\u00f3mari, sem hv\u00f6rki \u00f3tta\u00f0ist Gu\u00f0 n\u00e9 blyg\u00f0a\u00f0ist fyrir m\u00f6nnum.<a name=\"3\"><span class=\"versanumer\">3<\/span><\/a>\u00cd s\u00f6mu borg var ekkja, sem kom til hans og m\u00e6lti: l\u00e1t \u00fe\u00fa mig n\u00e1 r\u00e9tti yfir m\u00ednum m\u00f3tst\u00f6\u00f0umanni;<a name=\"4\"><span class=\"versanumer\">4<\/span><\/a>en hann skeytti \u00fev\u00ed ekki um hr\u00ed\u00f0. Eftir \u00feetta hugsa\u00f0i hann: \u00fe\u00f3tt eg ekki \u00f3ttist Gu\u00f0 n\u00e9 skeyti um nokkurn mann,<a name=\"5\"><span class=\"versanumer\">5<\/span><\/a>\u00fe\u00e1 samt vegna \u00feess, a\u00f0 ekkja \u00feessi gj\u00f6rir m\u00e9r \u00f3n\u00e6\u00f0i, vil eg l\u00e1ta hana n\u00e1 r\u00e9tti s\u00ednum, a\u00f0 h\u00fan ekki \u00e1vallt komi til m\u00edn og nau\u00f0i \u00e1 m\u00e9r.<a name=\"6\"><span class=\"versanumer\">6<\/span><\/a>\u00de\u00e1 sag\u00f0i Drottinn: gef \u00fe\u00fa gaum a\u00f0, hva\u00f0 \u00feessi rangl\u00e1ti d\u00f3mari sag\u00f0i;<a name=\"7\"><span class=\"versanumer\">7<\/span><\/a>mundi \u00fe\u00e1 ekki Gu\u00f0 hj\u00e1lpa s\u00ednum \u00fatv\u00f6ldu, sem \u00e1kalla hann n\u00f3tt og dag, \u00fe\u00f3 hann fresti hj\u00e1lpinni.<a name=\"8\"><span class=\"versanumer\">8<\/span><\/a>Tr\u00fai\u00f0 m\u00e9r: hann mun snarlega hj\u00e1lpa \u00feeim. En \u00feegar Mannsins Sonur kemur, hv\u00f6rt mun hann \u00fe\u00e1 finna tr\u00fa \u00e1 j\u00f6r\u00f0u? <br \/><a name=\"9\"><span class=\"versanumer\">9<\/span><\/a>Einhv\u00f6rju sinni sag\u00f0i hann \u00feeim, er \u00fe\u00f3ttust \u00f6\u00f0rum betri og fyrirlitu a\u00f0ra, \u00feessa d\u00e6mis\u00f6gu:<a name=\"10\"><span class=\"versanumer\">10<\/span><\/a>tveir menn f\u00f3ru upp \u00ed musteri\u00f0 a\u00f0 bi\u00f0jast fyrir, s\u00e1 eini var far\u00edsei, hinn tollheimtuma\u00f0ur.<a name=\"11\"><span class=\"versanumer\">11<\/span><\/a>Far\u00edseinn st\u00f3\u00f0 og ba\u00f0st \u00feannig fyrir me\u00f0 sj\u00e1lfum s\u00e9r: Gu\u00f0! eg \u00feakka \u00fe\u00e9r, a\u00f0 eg ekki er, sem a\u00f0rir menn: r\u00e6ningjar, \u00f3r\u00e1\u00f0vandir, h\u00f3rkarlar, e\u00f0ur eins og \u00feessi tollheimtuma\u00f0ur.<a name=\"12\"><span class=\"versanumer\">12<\/span><\/a>Eg fasta tvisvar \u00ed viku, og geld t\u00edundir af \u00f6llu \u00fev\u00ed eg \u00e1.<a name=\"13\"><span class=\"versanumer\">13<\/span><\/a>En tollheimtuma\u00f0urinn st\u00f3\u00f0 langt fr\u00e1, og vildi ekki hefja augu s\u00edn til himins, heldur bar\u00f0i s\u00e9r \u00e1 brj\u00f3st og sag\u00f0i: Gu\u00f0! vert \u00fe\u00fa m\u00e9r syndugum l\u00edknsamur!<a name=\"14\"><span class=\"versanumer\">14<\/span><\/a>tr\u00fai\u00f0 m\u00e9r, a\u00f0 \u00feessi f\u00f3r Gu\u00f0i \u00feekkari en hinn heim \u00ed sitt h\u00fas; \u00fev\u00ed hv\u00f6r, sem upphefur sj\u00e1lfan sig, hann mun ni\u00f0url\u00e6gjast, en hv\u00f6r hann l\u00edtill\u00e6kkar sj\u00e1lfan sig, hann mun upphafinn ver\u00f0a.<br \/><a name=\"15\"><span class=\"versanumer\">15<\/span><\/a>Einhv\u00f6rju sinni f\u00e6r\u00f0u menn b\u00f6rn til hans, a\u00f0 hann snerti \u00feau. En er l\u00e6risveinarnir s\u00e1u \u00fea\u00f0, \u00e1v\u00edtu\u00f0u \u00feeir \u00fe\u00e1.<a name=\"16\"><span class=\"versanumer\">16<\/span><\/a>En Jes\u00fas kalla\u00f0i \u00feau til s\u00edn og m\u00e6lti: leyfi\u00f0 b\u00f6rnunum til m\u00edn a\u00f0 koma og banni\u00f0 \u00feeim \u00fea\u00f0 eigi, \u00fev\u00ed sl\u00edkra er Gu\u00f0s r\u00edki.<a name=\"17\"><span class=\"versanumer\">17<\/span><\/a>Tr\u00fai\u00f0 m\u00e9r! hv\u00f6r hann me\u00f0tekur ekki Gu\u00f0s r\u00edki eins og barn, mun ekki innkoma \u00ed \u00fea\u00f0. <br \/><a name=\"18\"><span class=\"versanumer\">18<\/span><\/a>\u00de\u00e1 spur\u00f0i h\u00f6f\u00f0ingi nokkur hann a\u00f0 og sag\u00f0i: g\u00f3\u00f0i Meistari! hv\u00f6rsu skal eg breyta svo eg \u00f6\u00f0list eil\u00edft l\u00edf?<a name=\"19\"><span class=\"versanumer\">19<\/span><\/a>Honum svara\u00f0i Jes\u00fas: hv\u00ed kallar \u00fe\u00fa mig g\u00f3\u00f0an? enginn er g\u00f3\u00f0ur nema Gu\u00f0 einn.<a name=\"20\"><span class=\"versanumer\">20<\/span><\/a>\u00de\u00fa kannt bo\u00f0or\u00f0in: \u00fe\u00fa skalt ekki h\u00f3rd\u00f3m dr\u00fdgja, ekki mann vega, ekki stela, ekki bera lj\u00fagvitni, hei\u00f0ra f\u00f6\u00f0ur \u00feinn og m\u00f3\u00f0ur \u00fe\u00edna.<a name=\"21\"><span class=\"versanumer\">21<\/span><\/a>Hann m\u00e6lti: alls \u00feessa hefi eg g\u00e6tt fr\u00e1 unga aldri.<a name=\"22\"><span class=\"versanumer\">22<\/span><\/a>N\u00e6r Jes\u00fas heyr\u00f0i \u00fea\u00f0, sag\u00f0i hann: enn er \u00fe\u00e9r nokkurs \u00e1vant: sel \u00fe\u00fa allt hva\u00f0 \u00fe\u00fa \u00e1tt, og skipt \u00fe\u00fa \u00fev\u00ed me\u00f0 f\u00e1t\u00e6kum, munt \u00fe\u00fa \u00fe\u00e1 fj\u00e1rsj\u00f3\u00f0 hafa \u00e1 himni; kom \u00fe\u00fa s\u00ed\u00f0an, og fylg m\u00e9r.<a name=\"23\"><span class=\"versanumer\">23<\/span><\/a>En er hann heyr\u00f0i \u00feetta, var\u00f0 hann mj\u00f6g hryggur, \u00fev\u00ed hann var au\u00f0ma\u00f0ur mikill.<a name=\"24\"><span class=\"versanumer\">24<\/span><\/a>En er Jes\u00fas s\u00e1 hann hryggjast, sag\u00f0i hann: hv\u00f6rsu torvelt er \u00fea\u00f0 fyrir \u00fe\u00e1, sem r\u00edkir eru, a\u00f0 komast \u00ed Gu\u00f0s r\u00edki?<a name=\"25\"><span class=\"versanumer\">25<\/span><\/a>H\u00e6gra er \u00falfaldanum a\u00f0 fara \u00ed gegnum n\u00e1larauga\u00f0, en r\u00edkum manni \u00ed Gu\u00f0s r\u00edki.<a name=\"26\"><span class=\"versanumer\">26<\/span><\/a>\u00de\u00e1 s\u00f6g\u00f0u \u00feeir, er \u00feetta heyr\u00f0u: hv\u00f6r mun \u00fe\u00e1 h\u00f3lpinn ver\u00f0a?<a name=\"27\"><span class=\"versanumer\">27<\/span><\/a>Hann m\u00e6lti: \u00fea\u00f0, sem m\u00f6nnum s\u00fdnist \u00f3m\u00f6gulegt er Gu\u00f0i m\u00f6gulegt. <br \/><a name=\"28\"><span class=\"versanumer\">28<\/span><\/a>\u00de\u00e1 sag\u00f0i P\u00e9tur: sj\u00e1! v\u00e9r yfirg\u00e1fum allt og g\u00e1fumst til fylgdar vi\u00f0 \u00feig.<a name=\"29\"><span class=\"versanumer\">29<\/span><\/a>Jes\u00fas m\u00e6lti: tr\u00fa \u00fe\u00fa m\u00e9r: a\u00f0 enginn er s\u00e1, sem yfirgefi\u00f0 hefir h\u00fas, e\u00f0ur foreldri, br\u00e6\u00f0ur, konu e\u00f0ur b\u00f6rn, Gu\u00f0s r\u00edkis vegna,<a name=\"30\"><span class=\"versanumer\">30<\/span><\/a>a\u00f0 hann ekki f\u00e1i \u00fea\u00f0 margfaldlega endurgoldi\u00f0 \u00ed \u00feessu l\u00edfi, og \u00e1 s\u00ed\u00f0an hi\u00f0 eil\u00edfa l\u00edf.<br \/><a name=\"31\"><span class=\"versanumer\">31<\/span><\/a>\u00dear eftir t\u00f3k hann \u00fe\u00e1 t\u00f3lf til s\u00edn og sag\u00f0i vi\u00f0 \u00fe\u00e1: n\u00fa f\u00f6rum v\u00e9r til Jer\u00fasalem, mun \u00fe\u00e1 framkoma allt \u00fea\u00f0, sem skrifa\u00f0 er af sp\u00e1m\u00f6nnunum um Mannsins Son.<a name=\"32\"><span class=\"versanumer\">32<\/span><\/a>Hann mun ofurseldur ver\u00f0a hei\u00f0ingjum, h\u00e6ddur, spotta\u00f0ur, og sp\u00fdtt \u00e1 hann;<a name=\"33\"><span class=\"versanumer\">33<\/span><\/a>\u00feeir munu og h\u00fa\u00f0str\u00fdkja hann og l\u00edfl\u00e1ta, en \u00e1 \u00feri\u00f0ja degi mun hann uppr\u00edsa.<a name=\"34\"><span class=\"versanumer\">34<\/span><\/a>En \u00feeir skildu ekkert af \u00feessu, \u00fea\u00f0 var \u00feeim huli\u00f0, og \u00feeir skynju\u00f0u ekki \u00fea\u00f0, sem hann sag\u00f0i \u00feeim.<br \/><a name=\"35\"><span class=\"versanumer\">35<\/span><\/a>\u00de\u00e1 \u00feeir n\u00e1lgu\u00f0ust Jer\u00edk\u00f3, sat blindur ma\u00f0ur vi\u00f0 veginn og beiddist \u00f6lmusu.<a name=\"36\"><span class=\"versanumer\">36<\/span><\/a>N\u00fa er hann heyr\u00f0i a\u00f0 mikill fj\u00f6ldi f\u00f3lks f\u00f3r framhj\u00e1, spur\u00f0i hann hva\u00f0 um v\u00e6ri?<a name=\"37\"><span class=\"versanumer\">37<\/span><\/a>Honum var sagt, a\u00f0 Jes\u00fas af Nasaret f\u00e6ri \u00fear hj\u00e1.<a name=\"38\"><span class=\"versanumer\">38<\/span><\/a>\u00de\u00e1 kalla\u00f0i hann og sag\u00f0i: Jes\u00fas, ni\u00f0ji Dav\u00ed\u00f0s! miskunna  \u00fe\u00fa m\u00e9r!<a name=\"39\"><span class=\"versanumer\">39<\/span><\/a>en \u00feeir, sem \u00e1 undan f\u00f3ru, h\u00f6stu\u00f0u \u00e1 hann, a\u00f0 hann \u00feeg\u00f0i; en hann kalla\u00f0i \u00feess \u00e1kafar og sag\u00f0i: ni\u00f0ji Dav\u00ed\u00f0s! miskunna \u00fe\u00fa m\u00e9r!<a name=\"40\"><span class=\"versanumer\">40<\/span><\/a>\u00de\u00e1 nam Jes\u00fas sta\u00f0ar og bau\u00f0 a\u00f0 lei\u00f0a hann til s\u00edn. \u00deegar hann n\u00e1lga\u00f0ist, spur\u00f0i Jes\u00fas hann,<a name=\"41\"><span class=\"versanumer\">41<\/span><\/a>hva\u00f0 hann vildi a\u00f0 hann gj\u00f6r\u00f0i vi\u00f0 hann? hann m\u00e6lti: \u00fea\u00f0, Herra! a\u00f0 eg f\u00e1i aftur sj\u00f3n m\u00edna.<a name=\"42\"><span class=\"versanumer\">42<\/span><\/a>Jes\u00fas m\u00e6lti: vert\u00fa skyggn! \u00fe\u00edn tr\u00fa hefir hj\u00e1lpa\u00f0 \u00fe\u00e9r,<a name=\"43\"><span class=\"versanumer\">43<\/span><\/a>og strax f\u00e9kk hann sj\u00f3n s\u00edna, og fylgdi honum, lofandi Gu\u00f0; og f\u00f3lki\u00f0 allt, er s\u00e1 \u00feetta, vegsama\u00f0i Gu\u00f0.<\/p>\n<div class=\"footnoteVidey\">V. 15\u201330. Matt. 19,13\u201330. Mark. 10,13\u201331.  V. 31\u201334. Matt. 20,17\u201319. Mark. 1,32\u201335. samanber Matt. 16,21. ff. 17,22. L\u00fak. 9,22.  V. 35\u201343. Matt. 20,30\u201334. Mark. 10,46\u201355.<\/div>\n","protected":false},"excerpt":{"rendered":"<p>Jes\u00fas r\u00e6\u00f0ur til \u00f3\u00fereytanlegra b\u00e6na; framsetur fr\u00e1s\u00f6guna um far\u00edseann og tollheimtarann; talar um ungb\u00f6rn, um sj\u00e1lfsafneitun, a\u00f0 h\u00fan muni endurgoldin ver\u00f0a; talar um s\u00edna p\u00ednu. L\u00e6knar blindan. 1\u00de\u00e1 sag\u00f0i hann \u00feeim d\u00e6mis\u00f6gu upp \u00e1 \u00fea\u00f0, a\u00f0 menn \u00e6ttu st\u00f6\u00f0ugt a\u00f0 bi\u00f0ja og ekki \u00fereytast.2\u00cd borg nokkurri\u2014sag\u00f0i hann\u2014var d\u00f3mari, sem hv\u00f6rki \u00f3tta\u00f0ist Gu\u00f0 n\u00e9 blyg\u00f0a\u00f0ist fyrir m\u00f6nnum.3\u00cd s\u00f6mu borg var ekkja, sem kom til hans og m\u00e6lti: l\u00e1t \u00fe\u00fa mig n\u00e1 r\u00e9tti yfir m\u00ednum m\u00f3tst\u00f6\u00f0umanni;4en hann skeytti \u00fev\u00ed ekki um hr\u00ed\u00f0. Eftir \u00feetta hugsa\u00f0i hann: \u00fe\u00f3tt eg ekki \u00f3ttist Gu\u00f0 n\u00e9 skeyti um nokkurn mann,5\u00fe\u00e1 samt vegna \u00feess, a\u00f0 ekkja \u00feessi <a href=\"https:\/\/biblian.is\/videy\/lukasargudspjall-18-kafli\/\"> [&#8230;]<\/a><\/p>\n","protected":false},"author":1,"featured_media":0,"parent":0,"menu_order":0,"comment_status":"open","ping_status":"open","template":"bibliukaflar.php","meta":{"footnotes":""},"class_list":["post-21840","page","type-page","status-publish","hentry"],"_links":{"self":[{"href":"https:\/\/biblian.is\/videy\/wp-json\/wp\/v2\/pages\/21840","targetHints":{"allow":["GET"]}}],"collection":[{"href":"https:\/\/biblian.is\/videy\/wp-json\/wp\/v2\/pages"}],"about":[{"href":"https:\/\/biblian.is\/videy\/wp-json\/wp\/v2\/types\/page"}],"author":[{"embeddable":true,"href":"https:\/\/biblian.is\/videy\/wp-json\/wp\/v2\/users\/1"}],"replies":[{"embeddable":true,"href":"https:\/\/biblian.is\/videy\/wp-json\/wp\/v2\/comments?post=21840"}],"version-history":[{"count":0,"href":"https:\/\/biblian.is\/videy\/wp-json\/wp\/v2\/pages\/21840\/revisions"}],"wp:attachment":[{"href":"https:\/\/biblian.is\/videy\/wp-json\/wp\/v2\/media?parent=21840"}],"curies":[{"name":"wp","href":"https:\/\/api.w.org\/{rel}","templated":true}]}}